{"id":732,"date":"2024-08-06T20:45:22","date_gmt":"2024-08-06T20:45:22","guid":{"rendered":"https:\/\/vigilantbiosciences.com\/?page_id=732"},"modified":"2025-11-05T18:19:28","modified_gmt":"2025-11-05T18:19:28","slug":"contact-updates","status":"publish","type":"page","link":"https:\/\/vigilantbiosciences.com\/tr\/iletisim-guncellemeleri\/","title":{"rendered":"\u0130leti\u015fim G\u00fcncellemeleri"},"content":{"rendered":"<p>[et_pb_section fb_built=\u201d1\u2033 custom_padding_last_edited=\u201dtelefonda|\u00fczerinde\u201d _builder_version=\u201d4.24.0\u2033 _module_preset=\u201dvarsay\u0131lan\u201d use_background_color_gradient=\u201dtelefonda\u201d background_color_gradient_stops=\u201drgba(0,142,168,0.45) 0%|rgba(0,142,168,0.45) 100%\u201d background_image=\u201dhttps:\/\/vigilantbiosciences.com\/wp-content\/uploads\/test-1.png\u201d custom_padding=\u201d100px||100px||true|false\u201d custom_padding_tablet=\u201d80px||80px||true|false\u201d custom_padding_phone=\u201d50px||50px||true|false\u201d global_colors_info=\u201d{}\u201d][et_pb_row _builder_version=\u201d4.20.0\u2033 _module_preset=\u201dvarsay\u0131lan\u201d global_colors_info=\u201d{}\u201d][et_pb_column type=\u201d4_4\u2033 _builder_version=\u201d4.20.0\u2033 _module_preset=\u201dvarsay\u0131lan\u201d global_colors_info=\u201d{}\u201d][et_pb_text _builder_version=\u201d4.20.4\u2033 _module_preset=\u201dvarsay\u0131lan\u201d header_font=\u201d|600|||||||\u201d header_letter_spacing=\u201d-3px\u201d text_orientation=\u201dcenter\u201d background_layout=\u201ddark\u201d global_colors_info=\u201d{}\u201d]<\/p>\n<h1>Bize Ula\u015f\u0131n<\/h1>\n<p>[\/et_pb_text][\/et_pb_column] width=\u201d100%\u201d max_width=\u201d100%\u201d inner_width=\u201d90%\u201d inner_max_width=\u201d90%\u201dcustom_padding=\u201d50px||50px||true|false\u201d global_colors_info=\u201d{}\u201d][et_pb_column type=\u201d1_2\u2033special_columns=\u201d 2\u2033 _builder_version=\u201d4,16\u2033custom_padding=\u201d|||\u201d global_colors_info=\u201d{}\u201dcustom_padding__hover=\u201d|||\u201d][et_pb_row_inner Column_structure=\u201d1_2,1_2\u2033 use_custom_gutter=\u201don\u201d gutter_width=\u201d1\u2033 make_equal=\u201don\u201d _builder_version=\u201d4.20.0\u2033 _module_preset=\u201ddefault\u201d width=\u201d100%\u201d max_width=\u201d100%\u201dcustom_margin=\u201d||||false|false\u201dcustom_padding=\u201d||10px||false|false\u201d global_colors_info=\u201d{}\u201d][et_pb_column_inner type=\u201d1_2\u2033 save_specialty_column_type=\u201d 1_2\u2033 module_class=\u201dwith-linear-gradient\u201d _builder_version=\u201d4.20.0\u2033 _module_preset=\u201ddefault\u201d border_color_bottom=\u201d#F05323\u2033 global_colors_info=\u201d{}\u201d][et_pb_blurb title=\u201dGenel Sorular\u201d use_icon=\u201don\u201d font_icon= \u201d\ue0f7||divi||400\u2033 icon_color=\u201d#F05323\u2033 image_icon_width=\u201d40px\u201d module_class=\u201dcontact\u201d _builder_version=\u201d4.20.2\u2033 _module_preset=\u201ddefault\u201dheader_level=\u201dh3\u2033header_text_align=\u201dcenter\u201dheader_font_size=\u201d22px \u201d body_font_size=\u201d15px\u201d text_orientation=\u201dcenter\u201d Animation=\u201doff\u201d link_option_url=\u201dtel:800-979-4870\u2033 global_colors_info=\u201d{}\u201d]&nbsp;<br \/>\n<a href=\"mailto:info@vigilantbiosciences.com\">info@vigilantbiosciences.com<\/a>[\/et_pb_blurb][\/et_pb_column_inner] Hizmet\u201d use_icon=\u201d on\u201d font_icon=\u201d\ue090||divi||400\u2033 icon_color=\u201d#F05323\u2033 image_icon_width=\u201d40px\u201d module_class=\u201dcontact\u201d _builder_version=\u201d4.22.2\u2033 _module_preset=\u201ddefault\u201d head_level=\u201dh3\u2033 head_text_align=\u201dcenter\u201d body_font_size=\u201d15px\u201d text_orientation=\u201dcenter\u201d Animation=\u201doff\u201d link_option_url=\u201dtel:800-979-4870\u2033 global_colors_info=\u201d{}\u201d]<\/p>\n<p><a href=\"tel: 1800-979-4870\">+1 800.979.4870<\/a><br \/><a href=\"mailto:customerservice@vigilantbiosciences.com\">m\u00fc\u015fteri hizmetleri@vigilantbiosciences.com<\/a><\/p>\n<p>[\/et_pb_blurb][\/et_pb_column_inner][\/et_pb_row_inner][et_pb_row_inner Column_structure=\u201d1_2,1_2\u2033custom_padding_last_edited=\u201don|tablet\u201d Disabled_on=\u201don|off|off\u201d _builder_version=\u201d4.20.0\u2033 _module_preset=\u201ddefault\u201dcustom_margin =\u201d||0px||yanl\u0131\u015f|yanl\u0131\u015f\u201d custom_padding=\u201d20px||0px||yanl\u0131\u015f|yanl\u0131\u015f\u201d \u00f6zel_padding_tablet=\u201d20px||0px||yanl\u0131\u015f|yanl\u0131\u015f\u201d custom_padding_phone=\u201d20px||0px||yanl\u0131\u015f|yanl\u0131\u015f\u201d global_colors_info=\u201d{}\u201d][et_pb_column_inner type=\u201d1_2\u2033 save_specialty_column_type=\u201d1_2\u2033 _builder_version=\u201d4.20.0\u2033 _module_preset=\u201ddefault\u201d global_colors_info=\u201d{}\u201d][et_pb_divider color=\u201d#707272\u2033 _build er_version=\u201d4.20. 0\u2033 _module_preset=\u201ddefault\u201dcustom_margin=\u201d||0px||false|false\u201dcustom_padding=\u201d||0px||false|false\u201d global_colors_info=\u201d{}\u201d][\/et_pb_divider][\/et_pb_column_inner][et_pb_column_inner type= \u201d1_2\u2033 save_specialty_column_type=\u201d1_2\u2033 _builder_version=\u201d4.20.0\u2033 _module_preset=\u201ddefault\u201d global_colors_info=\u201d{}\u201d][et_pb_divider color=\u201d#707272\u2033 _builder_version=\u201d4.20.0\u2033 _module_preset=\u201ddef ault\u201dcustom_margin=\u201d| |0px||false|false\u201dcustom_padding=\u201d||0px||false|false\u201d global_colors_info=\u201d{}\u201d][\/et_pb_divider][\/et_pb_column_inner][\/et_pb_row_inner][et_pb_row_inner s\u00fctun_yap\u0131s\u0131=\u201d1_2,1_2\u2033 use_custom_gutter= \u201don\u201d gutter_width=\u201d1\u2033 make_equal=\u201don\u201dcustom_padding_last_edited=\u201don|tablet\u201d _builder_version=\u201d4.20.0\u2033 _module_preset=\u201ddefault\u201dcustom_margin=\u201d0px||||false|false\u201dcustom_padding=\u201d10px|| ||false|false\u201dcustom_padding_tablet=\u201d0px||||false|false\u201dcustom_padding_phone=\u201d0px||||false|false\u201d global_colors_info=\u201d{}\u201d][et_pb_column_inner type=\u201d1_2\u2033 save_specialty_column_type=\u201d1_2\u2033 module_class =\u201dwith-linear-gradient\u201d _builder_version=\u201d4.20.0\u2033 _module_preset=\u201ddefault\u201d border_color_top=\u201d#707272\u2033 global_colors_info=\u201d{}\u201d][et_pb_blurb title=\u201dYat\u0131r\u0131mc\u0131 \u0130li\u015fkileri\u201d use_icon=\u201don\u201d font_icon=\u201d\uf201| |fa||900\u2033 icon_color=\u201d#F05323\u2033 image_icon_width=\u201d40px\u201d module_class=\u201dcontact\u201d _builder_version=\u201d4.22.2\u2033 _module_preset=\u201ddefault\u201d head_level=\u201dh3\u2033 head_text_align=\u201dcenter\u201d body_font_size=\u201d15px\u201d text_orientation= \u201dcenter\u201d Animation=\u201doff\u201d link_option_url=\u201dtel:954-487-1727\u2033 global_colors_info=\u201d{}\u201d]<\/p>\n<p>Robert T.Hamilton<br \/><a href=\"mailto:IR@vigilantbiosciences.com\">IR@vigilantbiosciences.com<\/a><\/p>\n<p>[\/et_pb_blurb][\/et_pb_column_inner][et_pb_column_inner type=\u201d1_2\u2033 save_specialty_column_type=\u201d1_2\u2033 _builder_version=\u201d4.20.0\u2033 _module_preset=\u201ddefault\u201d global_colors_info=\u201d{}\u201d][et_pb_blurb title=\u201dOfis Konumlar\u0131 \u201d use_icon=\u201d on\u201d font_icon=\u201d\uf1ad||fa||900\u2033 icon_color=\u201d#F05323\u2033 image_icon_background_color=\u201dRGBA(255,255,255,0)\u201d image_icon_width=\u201d40px\u201d module_class=\u201dcontact\u201d _builder_version=\u201d4.20.2\u2033 _module_preset=\u201ddefault\u201d head_level=\u201dh3\u2033 head_text_align=\u201dcenter\u201d body_font_size=\u201d15px\u201d text_orientation=\u201dcenter\u201d Animation=\u201doff\u201d link_option_url=\u201dtel:954-487-1740\u2033 global_colors_info=\u201d{}\u201d]<\/p>\n<p>1008 \u00c7iftlik Yolu 620 | S\u00fcit 204<br \/>Lakeway, Teksas 78734<\/p>\n<p>D\u00fcsseldorf, Almanya<\/p>\n<p>Coral Springs, Florida<\/p>\n<p>[\/et_pb_blurb][\/et_pb_column_inner][\/et_pb_row_inner][\/et_pb_column][et_pb_column type=\u201d1_2\u2033 _builder_version=\u201d4.16\u2033custom_padding=\u201d|||\u201d global_colors_info=\u201d{}\u201dcustom_padding__hover=\u201d|||\u201d][et_pb_text _builder_version=\u201d4.20.0\u2033 _module_preset=\u201ddefault\u201dcustom_margin=\u201d||20px||false|false\u201dcustom_padding=\u201d|||5px|false| false\u201d global_colors_info=\u201d{}\u201d]<\/p>\n<h2>\u0130leti\u015fime Ge\u00e7in<\/h2>\n<p>[\/et_pb_text][et_pb_code _builder_version=\u201d4.22.2\u2033 _module_preset=\u201ddefault\u201d global_colors_info=\u201d{}\u201d]<script charset=\"utf-8\" type=\"text\/javascript\" src=\"\/\/js.hsforms.net\/forms\/embed\/v2.js\"><\/script><!-- [et_pb_line_break_holder] --><script><!-- [et_pb_line_break_holder] -->  hbspt.forms.create({<!-- [et_pb_line_break_holder] -->    region: \"na1\",<!-- [et_pb_line_break_holder] -->    portalId: \"23572199\",<!-- [et_pb_line_break_holder] -->    formId: \"161b9c61-0f76-401f-b3d6-75749cb5445b\"<!-- [et_pb_line_break_holder] -->  });<!-- [et_pb_line_break_holder] --><\/script>[\/et_pb_code][\/et_pb_column][\/et_pb_section]<\/p>","protected":false},"excerpt":{"rendered":"<p>Bize Ula\u015f\u0131n info@vigilantbiosciences.com+1 800.979.4870customerservice@vigilantbiosciences.comRobert T. HamiltonIR@vigilantbiosciences.com1008 \u00c7iftlik Yolu 620 | Suite 204Lakeway, TX 78734 D\u00fcsseldorf, Almanya Coral Springs, Florida\u0130leti\u015fime Ge\u00e7in<\/p>","protected":false},"author":9,"featured_media":0,"parent":0,"menu_order":0,"comment_status":"closed","ping_status":"closed","template":"","meta":{"_et_pb_use_builder":"on","_et_pb_old_content":"","_et_gb_content_width":"","inline_featured_image":false,"footnotes":""},"class_list":["post-732","page","type-page","status-publish","hentry"],"yoast_head":"<!-- This site is optimized with the Yoast SEO plugin v22.1 - https:\/\/yoast.com\/wordpress\/plugins\/seo\/ -->\n<title>Contact Updates - Vigilant Biosciences\u00ae<\/title>\n<meta name=\"robots\" content=\"index, follow, max-snippet:-1, max-image-preview:large, max-video-preview:-1\" \/>\n<link rel=\"canonical\" href=\"https:\/\/vigilantbiosciences.com\/tr\/iletisim-guncellemeleri\/\" \/>\n<meta property=\"og:locale\" content=\"tr_TR\" \/>\n<meta property=\"og:type\" content=\"article\" \/>\n<meta property=\"og:title\" content=\"Contact Updates - Vigilant Biosciences\u00ae\" \/>\n<meta property=\"og:description\" content=\"Patient Resources Understanding the Risk of Oral CancerThe Impact of Oral Cancer In the US alone, oral cancer kills an average one person per hour, 24 hours per day.1Oral cancer is a global challenge with more than 657,000 cases and nearly 330,000 deaths each year1Worldwide 5-year survival rate is only 50% due to delayed intervention [&hellip;]\" \/>\n<meta property=\"og:url\" content=\"https:\/\/vigilantbiosciences.com\/tr\/iletisim-guncellemeleri\/\" \/>\n<meta property=\"og:site_name\" content=\"Vigilant Biosciences\u00ae\" \/>\n<meta property=\"article:publisher\" content=\"https:\/\/www.facebook.com\/VigilantBiosciences1\" \/>\n<meta property=\"article:modified_time\" content=\"2025-11-05T18:19:28+00:00\" \/>\n<meta name=\"twitter:card\" content=\"summary_large_image\" \/>\n<meta name=\"twitter:label1\" content=\"Tahmini okuma s\u00fcresi\" \/>\n\t<meta name=\"twitter:data1\" content=\"1 dakika\" \/>\n<script type=\"application\/ld+json\" class=\"yoast-schema-graph\">{\"@context\":\"https:\/\/schema.org\",\"@graph\":[{\"@type\":\"WebPage\",\"@id\":\"https:\/\/vigilantbiosciences.com\/contact-updates\/\",\"url\":\"https:\/\/vigilantbiosciences.com\/contact-updates\/\",\"name\":\"Contact Updates - Vigilant Biosciences\u00ae\",\"isPartOf\":{\"@id\":\"https:\/\/vigilantbiosciences.com\/#website\"},\"datePublished\":\"2024-08-06T20:45:22+00:00\",\"dateModified\":\"2025-11-05T18:19:28+00:00\",\"breadcrumb\":{\"@id\":\"https:\/\/vigilantbiosciences.com\/contact-updates\/#breadcrumb\"},\"inLanguage\":\"tr\",\"potentialAction\":[{\"@type\":\"ReadAction\",\"target\":[\"https:\/\/vigilantbiosciences.com\/contact-updates\/\"]}]},{\"@type\":\"BreadcrumbList\",\"@id\":\"https:\/\/vigilantbiosciences.com\/contact-updates\/#breadcrumb\",\"itemListElement\":[{\"@type\":\"ListItem\",\"position\":1,\"name\":\"Home\",\"item\":\"https:\/\/vigilantbiosciences.com\/\"},{\"@type\":\"ListItem\",\"position\":2,\"name\":\"Contact Updates\"}]},{\"@type\":\"WebSite\",\"@id\":\"https:\/\/vigilantbiosciences.com\/#website\",\"url\":\"https:\/\/vigilantbiosciences.com\/\",\"name\":\"Vigilant Biosciences\u00ae\",\"description\":\"\",\"publisher\":{\"@id\":\"https:\/\/vigilantbiosciences.com\/#organization\"},\"potentialAction\":[{\"@type\":\"SearchAction\",\"target\":{\"@type\":\"EntryPoint\",\"urlTemplate\":\"https:\/\/vigilantbiosciences.com\/?s={search_term_string}\"},\"query-input\":\"required name=search_term_string\"}],\"inLanguage\":\"tr\"},{\"@type\":\"Organization\",\"@id\":\"https:\/\/vigilantbiosciences.com\/#organization\",\"name\":\"Vigilant Biosciences\u00ae\",\"url\":\"https:\/\/vigilantbiosciences.com\/\",\"logo\":{\"@type\":\"ImageObject\",\"inLanguage\":\"tr\",\"@id\":\"https:\/\/vigilantbiosciences.com\/#\/schema\/logo\/image\/\",\"url\":\"https:\/\/vigilantbiosciences.com\/wp-content\/uploads\/vigilant-logo-horizontal.svg\",\"contentUrl\":\"https:\/\/vigilantbiosciences.com\/wp-content\/uploads\/vigilant-logo-horizontal.svg\",\"width\":\"1024\",\"height\":\"1024\",\"caption\":\"Vigilant Biosciences\u00ae\"},\"image\":{\"@id\":\"https:\/\/vigilantbiosciences.com\/#\/schema\/logo\/image\/\"},\"sameAs\":[\"https:\/\/www.facebook.com\/VigilantBiosciences1\",\"https:\/\/www.linkedin.com\/company\/vigilant-biosciences\/\"]}]}<\/script>\n<!-- \/ Yoast SEO plugin. -->","yoast_head_json":{"title":"Contact Updates - Vigilant Biosciences\u00ae","robots":{"index":"index","follow":"follow","max-snippet":"max-snippet:-1","max-image-preview":"max-image-preview:large","max-video-preview":"max-video-preview:-1"},"canonical":"https:\/\/vigilantbiosciences.com\/tr\/iletisim-guncellemeleri\/","og_locale":"tr_TR","og_type":"article","og_title":"Contact Updates - Vigilant Biosciences\u00ae","og_description":"Patient Resources Understanding the Risk of Oral CancerThe Impact of Oral Cancer In the US alone, oral cancer kills an average one person per hour, 24 hours per day.1Oral cancer is a global challenge with more than 657,000 cases and nearly 330,000 deaths each year1Worldwide 5-year survival rate is only 50% due to delayed intervention [&hellip;]","og_url":"https:\/\/vigilantbiosciences.com\/tr\/iletisim-guncellemeleri\/","og_site_name":"Vigilant Biosciences\u00ae","article_publisher":"https:\/\/www.facebook.com\/VigilantBiosciences1","article_modified_time":"2025-11-05T18:19:28+00:00","twitter_card":"summary_large_image","twitter_misc":{"Tahmini okuma s\u00fcresi":"1 dakika"},"schema":{"@context":"https:\/\/schema.org","@graph":[{"@type":"WebPage","@id":"https:\/\/vigilantbiosciences.com\/contact-updates\/","url":"https:\/\/vigilantbiosciences.com\/contact-updates\/","name":"Contact Updates - Vigilant Biosciences\u00ae","isPartOf":{"@id":"https:\/\/vigilantbiosciences.com\/#website"},"datePublished":"2024-08-06T20:45:22+00:00","dateModified":"2025-11-05T18:19:28+00:00","breadcrumb":{"@id":"https:\/\/vigilantbiosciences.com\/contact-updates\/#breadcrumb"},"inLanguage":"tr","potentialAction":[{"@type":"ReadAction","target":["https:\/\/vigilantbiosciences.com\/contact-updates\/"]}]},{"@type":"BreadcrumbList","@id":"https:\/\/vigilantbiosciences.com\/contact-updates\/#breadcrumb","itemListElement":[{"@type":"ListItem","position":1,"name":"Home","item":"https:\/\/vigilantbiosciences.com\/"},{"@type":"ListItem","position":2,"name":"Contact Updates"}]},{"@type":"WebSite","@id":"https:\/\/vigilantbiosciences.com\/#website","url":"https:\/\/vigilantbiosciences.com\/","name":"Vigilant Biosciences\u00ae","description":"","publisher":{"@id":"https:\/\/vigilantbiosciences.com\/#organization"},"potentialAction":[{"@type":"SearchAction","target":{"@type":"EntryPoint","urlTemplate":"https:\/\/vigilantbiosciences.com\/?s={search_term_string}"},"query-input":"required name=search_term_string"}],"inLanguage":"tr"},{"@type":"Organization","@id":"https:\/\/vigilantbiosciences.com\/#organization","name":"Vigilant Biosciences\u00ae","url":"https:\/\/vigilantbiosciences.com\/","logo":{"@type":"ImageObject","inLanguage":"tr","@id":"https:\/\/vigilantbiosciences.com\/#\/schema\/logo\/image\/","url":"https:\/\/vigilantbiosciences.com\/wp-content\/uploads\/vigilant-logo-horizontal.svg","contentUrl":"https:\/\/vigilantbiosciences.com\/wp-content\/uploads\/vigilant-logo-horizontal.svg","width":"1024","height":"1024","caption":"Vigilant Biosciences\u00ae"},"image":{"@id":"https:\/\/vigilantbiosciences.com\/#\/schema\/logo\/image\/"},"sameAs":["https:\/\/www.facebook.com\/VigilantBiosciences1","https:\/\/www.linkedin.com\/company\/vigilant-biosciences\/"]}]}},"_links":{"self":[{"href":"https:\/\/vigilantbiosciences.com\/tr\/wp-json\/wp\/v2\/pages\/732","targetHints":{"allow":["GET"]}}],"collection":[{"href":"https:\/\/vigilantbiosciences.com\/tr\/wp-json\/wp\/v2\/pages"}],"about":[{"href":"https:\/\/vigilantbiosciences.com\/tr\/wp-json\/wp\/v2\/types\/page"}],"author":[{"embeddable":true,"href":"https:\/\/vigilantbiosciences.com\/tr\/wp-json\/wp\/v2\/users\/9"}],"replies":[{"embeddable":true,"href":"https:\/\/vigilantbiosciences.com\/tr\/wp-json\/wp\/v2\/comments?post=732"}],"version-history":[{"count":0,"href":"https:\/\/vigilantbiosciences.com\/tr\/wp-json\/wp\/v2\/pages\/732\/revisions"}],"wp:attachment":[{"href":"https:\/\/vigilantbiosciences.com\/tr\/wp-json\/wp\/v2\/media?parent=732"}],"curies":[{"name":"wp","href":"https:\/\/api.w.org\/{rel}","templated":true}]}}