{"id":731,"date":"2024-08-06T20:43:40","date_gmt":"2024-08-06T20:43:40","guid":{"rendered":"https:\/\/vigilantbiosciences.com\/?page_id=731"},"modified":"2024-08-07T18:48:57","modified_gmt":"2024-08-07T18:48:57","slug":"distributor-updates","status":"publish","type":"page","link":"https:\/\/vigilantbiosciences.com\/tr\/distributor-guncellemeleri\/","title":{"rendered":"Distrib\u00fct\u00f6r G\u00fcncellemeleri"},"content":{"rendered":"<p>[et_pb_section fb_built=\u201d1\u2033 custom_padding_last_edited=\u201dtelefonda|\u00fczerinde\u201d _builder_version=\u201d4.24.0\u2033 _module_preset=\u201dvarsay\u0131lan\u201d use_background_color_gradient=\u201dtelefonda\u201d background_color_gradient_stops=\u201drgba(0,142,168,0.5) 0%|rgba(0,142,168,0.5) 100%\u201d background_image=\u201dhttps:\/\/vigilantbiosciences.com\/wp-content\/uploads\/test-1.png\u201d custom_padding=\u201d100px||100px||true|false\u201d custom_padding_tablet=\u201d80px||80px||true|false\u201d custom_padding_phone=\u201d50px||50px||true|false\u201d kilitli=\u201dkapal\u0131\u201d daralt\u0131lm\u0131\u015f=\u201da\u00e7\u0131k\u201d global_colors_info=\u201d{}\u201d][et_pb_row _builder_version=\u201d4.20.0\u2033 _module_preset=\u201dvarsay\u0131lan\u201d global_colors_info=\u201d{}\u201d][et_pb_column type=\u201d4_4\u2033 _builder_version=\u201d4.20.0\u2033 _module_preset=\u201dvarsay\u0131lan\u201d global_colors_info=\u201d{}\u201d][et_pb_text _builder_version=\u201d4.23.1\u2033 _module_preset=\u201dvarsay\u0131lan\u201d text_font_size=\u201d30px\u201d header_font=\u201d|600|||||||\u201d header_letter_spacing=\u201d-3px\u201d text_orientation=\u201dorta\u201d background_layout=\u201dkoyu\u201d global_colors_info=\u201d{}\u201d]<\/p>\n<h1>Distrib\u00fct\u00f6r Kaynaklar\u0131<\/h1>\n<p>[\/et_pb_text][\/et_pb_column][\/et_pb_row][\/et_pb_section][et_pb_section fb_built=\u201d1\u2033 custom_padding_last_edited=\u201da\u00e7\u0131k|tablet\u201d _builder_version=\u201d4.20.4\u2033 _module_preset=\u201dvarsay\u0131lan\u201d background_enable_color=\u201dkapal\u0131\u201d custom_margin=\u201d||||false|false\u201d custom_padding=\u201d80px||80px||true|false\u201d custom_padding_tablet=\u201d50px||50px||true|false\u201d custom_padding_phone=\u201d50px||50px||true|false\u201d kilitli=\u201dkapal\u0131\u201d collapsed=\u201da\u00e7\u0131k\u201d global_colors_info=\u201d{}\u201d][et_pb_row _builder_version=\u201d4.20.4\u2033 _module_preset=\u201dvarsay\u0131lan\u201d width_tablet=\u201d90%\u201d width_phone=\u201d90%\u201d width_last_edited=\u201dtablet \u00fczerinde|tablet\u201d custom_margin=\u201d||||false|false\u201d custom_padding=\u201d0px||0px||false|false\u201d global_colors_info=\u201d{}\u201d][et_pb_column type=\u201d4_4\u2033 _builder_version=\u201d4.20.0\u2033 _module_preset=\u201dvarsay\u0131lan\u201d global_colors_info=\u201d{}\u201d][et_pb_text module_class=\u201danlama\u201d _builder_version=\u201d4.23.1\u2033 _module_preset=\u201dvarsay\u0131lan\u201d header_2_text_color=\u201d#F05323\u2033 text_orientation=\u201dorta\u201d \u00f6zel_marj=\u201d0px||20px||false|false\u201d \u00f6zel_dolgu=\u201d||||false|false\u201d global_renkler_bilgisi=\u201d{}\u201d]<\/p>\n<h2>A\u011f\u0131z Kanseri Tespitinin Geli\u015ftirilmesinde \u00d6nc\u00fcl\u00fck Edin<\/h2>\n<p>[\/et_pb_text][et_pb_text _builder_version=\u201d4.23.1\u2033 _module_preset=\u201dvarsay\u0131lan\u201d text_font_size=\u201d20px\u201d text_orientation=\u201dorta\u201d \u00f6zel_kenar_bo\u015flu\u011fu=\u201d||0px||false|false\u201d \u00f6zel_dolgu=\u201d||0px||false|false\u201d global_colors_info=\u201d{}\u201d]<\/p>\n<p>Vigilant Biosciences\u00ae, da\u011f\u0131t\u0131m ortaklar\u0131m\u0131za olan g\u00fc\u00e7l\u00fc ba\u011fl\u0131l\u0131\u011f\u0131n\u0131 desteklemektedir. D\u00fcnya \u00e7ap\u0131ndaki muayenehanelere en son \u00e7\u00f6z\u00fcmleri sunmak, ortaklar\u0131m\u0131za m\u00fc\u015fteri ili\u015fkilerini geli\u015ftirmek ve yeni i\u015fler kazanmak i\u00e7in ihtiya\u00e7 duyduklar\u0131 ara\u00e7lar\u0131 sa\u011flamak i\u00e7in dental distrib\u00fct\u00f6rlerle yan yana \u00e7al\u0131\u015f\u0131yoruz. Bir distrib\u00fct\u00f6r olarak bu sayfa, ortakl\u0131\u011f\u0131m\u0131z boyunca kaynak ve bilgi merkezinizdir. \u00d6zel ileti\u015fim ve da\u011f\u0131t\u0131m ihtiya\u00e7lar\u0131 i\u00e7in l\u00fctfen a\u015fa\u011f\u0131daki distrib\u00fct\u00f6r portal\u0131 hesab\u0131n\u0131zda oturum a\u00e7\u0131n.<\/p>\n<p>[\/et_pb_text][\/et_pb_column][\/et_pb_row][\/et_pb_section][et_pb_section fb_built=\u201d1\u2033 custom_padding_last_edited=\u201da\u00e7\u0131k|tablet\u201d _builder_version=\u201d4.20.4\u2033 _module_preset=\u201dvarsay\u0131lan\u201d background_color=\u201drgba(0,142,168,0.1)\u201d width=\u201d100%\u201d max_width=\u201d100%\u201d custom_margin=\u201d||||false|false\u201d custom_padding=\u201d80px||80px||true|false\u201d custom_padding_tablet=\u201d50px||||false|false\u201d custom_padding_phone=\u201d50px||0px||false|false\u201d locked=\u201doff\u201d collapsed=\u201don\u201d global_colors_info=\u201d{}\u201d][et_pb_row custom_padding_last_edited=\u201dtablet \u00fczerinde|\u201d _builder_version=\u201d4.20.4\u2033 _module_preset=\u201dvarsay\u0131lan\u201d width_tablet=\u201d90%\u201d width_phone=\u201d90%\u201d width_last_edited=\u201dtablet \u00fczerinde|\u201d max_width_tablet=\u201d\u201d max_width_phone=\u201d\u201d max_width_last_edited=\u201dtablet \u00fczerinde|\u201d custom_padding=\u201d||50px||false|false\u201d custom_padding_tablet=\u201d0px||20px||false|false\u201d custom_padding_phone=\u201d0px||20px||false|false\u201d global_colors_info=\u201d{}\u201d][et_pb_column type=\u201d4_4\u2033 _builder_version=\u201d4.20.0\u2033 _module_preset=\u201dvarsay\u0131lan\u201d global_colors_info=\u201d{}\u201d][et_pb_text _builder_version=\u201d4.23.1\u2033 _module_preset=\u201dvarsay\u0131lan\u201d text_text_color=\u201d#008EA8\u2033 text_font_size=\u201d24px\u201d header_2_text_color=\u201d#008EA8\u2033 text_orientation=\u201dorta\u201d custom_margin=\u201d||0px||false|false\u201d global_colors_info=\u201d{}\u201d]<\/p>\n<h2>Vigilant Biosciences\u00ae Ortakl\u0131\u011f\u0131n\u0131n Faydalar\u0131<\/h2>\n<p>[\/et_pb_text][\/et_pb_column][\/et_pb_row][et_pb_row column_structure=\u201d1_3,1_3,1_3\u2033 _builder_version=\u201d4.23.1\u2033 _module_preset=\u201dvarsay\u0131lan\u201d width_tablet=\u201d90%\u201d width_phone=\u201d90%\u201d width_last_edited=\u201don|tablet\u201d global_colors_info=\u201d{}\u201d][et_pb_column type=\u201d1_3\u2033 _builder_version=\u201d4.23.1\u2033 _module_preset=\u201dvarsay\u0131lan\u201d global_colors_info=\u201d{}\u201d][et_pb_blurb title=\u201dSon Teknoloji \u00c7\u00f6z\u00fcmler\u201d image=\u201dhttps:\/\/vigilantbiosciences.com\/wp-content\/uploads\/vigilant-biosciences-icon.svg\u201d alt=\u201dVigilant Biosciences\u00ae Logo Simgesi\u201d image_icon_width=\u201d72px\u201d _builder_version=\u201d4.23.1\u2033 _module_preset=\u201ddefault\u201d header_level=\u201dh3\u2033 header_text_align=\u201dcenter\u201d header_text_color=\u201d#008EA8\u2033 body_text_align=\u201dcenter\u201d animation=\u201doff\u201d global_colors_info=\u201d{}\u201d]<\/p>\n<p>FDA taraf\u0131ndan belirlenen \u00e7\u0131\u011f\u0131r a\u00e7\u0131c\u0131 bir cihaz olan BeVigilant OraFusion Sistemi, a\u011f\u0131z kanseri yeniliklerinde \u00f6n s\u0131ralarda yer alma misyonumuzu temsil etmektedir. Vigilant Biosciences\u00ae ile ortakl\u0131k yapmak, i\u015fletmenize kanser tespit alan\u0131ndaki en ileri \u00e7\u00f6z\u00fcmlere \u00f6zel eri\u015fim sa\u011flar ve markan\u0131z\u0131 \u00e7\u0131\u011f\u0131r a\u00e7an teknolojinin en iyi distrib\u00fct\u00f6r\u00fc olarak konumland\u0131r\u0131r.<\/p>\n<p>[\/et_pb_blurb][\/et_pb_column][et_pb_column type=\u201d1_3\u2033 _builder_version=\u201d4.23.1\u2033 _module_preset=\u201ddefault\u201d global_colors_info=\u201d{}\u201d][et_pb_blurb title=\u201dM\u00fc\u015fteri Odakl\u0131 Yenilik\u201d image=\u201dhttps:\/\/vigilantbiosciences.com\/wp-content\/uploads\/vigilant-biosciences-icon.svg\u201d alt=\u201dVigilant Biosciences\u00ae Logo Simgesi\u201d image_icon_width=\u201d72px\u201d _builder_version=\u201d4.23.1\u2033 _module_preset=\u201ddefault\u201d header_level=\u201dh3\u2033 header_text_align=\u201dcenter\u201d header_text_color=\u201d#008EA8\u2033 body_text_align=\u201dcenter\u201d animasyon=\u201dkapal\u0131\u201d global_renkler_bilgisi=\u201d{}\u201d]<\/p>\n<p>Vigilant Biosciences\u00ae ekibi m\u00fc\u015fteri geri bildirimlerimize olduk\u00e7a de\u011fer veriyor. Temel misyonumuz m\u00fc\u015fteri taleplerini kar\u015f\u0131lamak ve tekliflerimizi geli\u015ftirmek i\u00e7in yenilik yapmakt\u0131r. Vigilant Biosciences\u00ae, distrib\u00fct\u00f6rlerin m\u00fc\u015fteri ihtiya\u00e7lar\u0131n\u0131 kar\u015f\u0131layan h\u0131zl\u0131 ve etkili ileti\u015fim yoluyla m\u00fc\u015fteri memnuniyetini s\u00fcrd\u00fcrmelerini sa\u011flar.<\/p>\n<p>[\/et_pb_blurb][\/et_pb_column][et_pb_column type=\u201d1_3\u2033 _builder_version=\u201d4.23.1\u2033 _module_preset=\u201ddefault\u201d global_colors_info=\u201d{}\u201d][et_pb_blurb title=\u201dGeni\u015fleyen \u00dcr\u00fcn Yelpazesi\u201d image=\u201dhttps:\/\/vigilantbiosciences.com\/wp-content\/uploads\/vigilant-biosciences-icon.svg\u201d alt=\u201dVigilant Biosciences\u00ae Logo Simgesi\u201d image_icon_width=\u201d72px\u201d _builder_version=\u201d4.23.1\u2033 _module_preset=\u201ddefault\u201d header_level=\u201dh3\u2033 header_text_align=\u201dcenter\u201d header_text_color=\u201d#008EA8\u2033 body_text_align=\u201dcenter\u201d animation=\u201doff\u201d k\u00fcresel_renkler_bilgisi=\u201d{}\u201d]<\/p>\n<p>Amiral gemisi \u00fcr\u00fcn\u00fcm\u00fcz olan BeVigilant OraFusion Sistemi, di\u015f hekimli\u011fi, onkoloji ve sa\u011fl\u0131k hizmetleri te\u015fhislerinde end\u00fcstri liderlerinden olu\u015fan ekibimiz taraf\u0131ndan geli\u015ftirilen ilk \u00e7\u00f6z\u00fcmd\u00fcr. Vigilant Biosciences\u00ae, kanser ve di\u011fer hastal\u0131klara y\u00f6nelik erken te\u015fhis \u00e7\u00f6z\u00fcmlerinde en son teknolojiyi kullanarak i\u015fletmenizin yeni m\u00fc\u015fteri tabanlar\u0131na geni\u015flemesine ve \u00e7\u0131\u011f\u0131r a\u00e7an \u00fcr\u00fcn teklifleriyle \u00f6ne \u00e7\u0131kmas\u0131na yard\u0131mc\u0131 olabilir.<\/p>\n<p>[\/et_pb_blurb][\/et_pb_column][\/et_pb_row][\/et_pb_section][et_pb_section fb_built=\u201d1\u2033 custom_padding_last_edited=\u201da\u00e7\u0131k|tablet\u201d _builder_version=\u201d4.23.1\u2033 _module_preset=\u201dvarsay\u0131lan\u201d background_enable_color=\u201dkapal\u0131\u201d width=\u201d100%\u201d max_width=\u201d100%\u201d custom_margin=\u201d||||false|false\u201d custom_padding=\u201d80px||80px||true|false\u201d custom_padding_tablet=\u201d50px||||false|false\u201d custom_padding_phone=\u201d50px||0px||false|false\u201d locked=\u201dkapal\u0131\u201d collapsed=\u201da\u00e7\u0131k\u201d global_colors_info=\u201d{}\u201d][et_pb_row custom_padding_last_edited=\u201dtablet \u00fczerinde|\u201d _builder_version=\u201d4.23.1\u2033 _module_preset=\u201dvarsay\u0131lan\u201d width_tablet=\u201d90%\u201d width_phone=\u201d90%\u201d width_last_edited=\u201dtablet \u00fczerinde|\u201d max_width_tablet=\u201d\u201d max_width_phone=\u201d\u201d max_width_last_edited=\u201dtablet \u00fczerinde|\u201d custom_padding=\u201d||0px||false|false\u201d custom_padding_tablet=\u201d0px||20px||false|false\u201d custom_padding_phone=\u201d0px||20px||false|false\u201d global_colors_info=\u201d{}\u201d][et_pb_column type=\u201d4_4\u2033 _builder_version=\u201d4.20.0\u2033 _module_preset=\u201dvarsay\u0131lan\u201d global_colors_info=\u201d{}\u201d][et_pb_text _builder_version=\u201d4.23.1\u2033 _module_preset=\u201dvarsay\u0131lan\u201d text_text_color=\u201d#008EA8\u2033 text_font_size=\u201d24px\u201d header_2_text_color=\u201d#F05323\u2033 text_orientation=\u201dorta\u201d custom_margin=\u201d||20px||false|false\u201d global_colors_info=\u201d{}\u201d]<\/p>\n<h2>Distrib\u00fct\u00f6r Portal\u0131m\u0131z Arac\u0131l\u0131\u011f\u0131yla G\u00fcvenli Ba\u011flant\u0131<\/h2>\n<p>[\/et_pb_text][et_pb_text _builder_version=\u201d4.23.1\u2033 _module_preset=\u201dvarsay\u0131lan\u201d text_font_size=\u201d20px\u201d text_orientation=\u201dorta\u201d \u00f6zel_kenar_bo\u015flu\u011fu=\u201d||0px||false|false\u201d \u00f6zel_dolgu=\u201d||0px||false|false\u201d global_colors_info=\u201d{}\u201d]<\/p>\n<p>Vigilant Biosciences\u00ae, hem potansiyel hem de onayl\u0131 distrib\u00fct\u00f6rler i\u00e7in birincil temas noktas\u0131 olarak son derece g\u00fcvenli, parola korumal\u0131 bir portal kullan\u0131r. Hesab\u0131n\u0131z\u0131n, t\u00fcm da\u011f\u0131t\u0131m bilgilerine ve lojisti\u011fe g\u00fcvenli ve kontroll\u00fc eri\u015fim sa\u011flayan benzersiz bir kullan\u0131c\u0131 ad\u0131 ve \u015fifresi olacakt\u0131r.<\/p>\n<p>Yeni bir distrib\u00fct\u00f6rseniz ve portala eri\u015fim talep etmeniz gerekiyorsa l\u00fctfen e-posta g\u00f6nderin <a href=\"mailto:customerservice@vigilantbiosciences.com\">m\u00fc\u015fteri hizmetleri@vigilantbiosciences.com<\/a> tam ad\u0131n\u0131z, \u015firket bilgileriniz ve ileti\u015fim bilgilerinizle birlikte. Alternatif olarak talebinizi iletmek i\u00e7in a\u015fa\u011f\u0131daki formu kullanabilirsiniz.<\/p>\n<p>[\/et_pb_text][et_pb_text _builder_version=\u201d4.23.1\u2033 _module_preset=\u201dvarsay\u0131lan\u201d header_4_text_align=\u201dorta\u201d \u00f6zel_kenar=\u201d30px||||false|false\u201d global_colors_info=\u201d{}\u201d]<\/p>\n<h4>Distrib\u00fct\u00f6r portal\u0131na eri\u015fmek i\u00e7in a\u015fa\u011f\u0131ya t\u0131klay\u0131n.<\/h4>\n<p>[\/et_pb_text][et_pb_button button_url=\u201dhttps:\/\/vigilantbiosciencescom.sharepoint.com\/sites\/Distributor-Portal\u201d url_new_window=\u201don\u201d button_text=\u201dEri\u015fim Portal\u0131\u201d button_alignment=\u201dcenter\u201d _builder_version=\u201d4.23.1\u2033 _module_preset=\u201ddefault\u201d custom_button=\u201don\u201d button_text_size=\u201d16px\u201d button_text_color=\u201d#008EA8\u2033 button_border_width=\u201d2px\u201d button_border_color=\u201d#008EA8\u2033 button_border_radius=\u201d50px\u201d button_letter_spacing=\u201d1px\u201d button_use_icon=\u201doff\u201d custom_margin=\u201d|||30px|false|false\u201d custom_margin_tablet=\u201d||10px|0px|false|false\u201d custom_margin_phone=\u201d|||0px|false|false\u201d custom_margin_last_edited=\u201dtablet \u00fczerinde\u201d custom_padding=\u201d8px|30px|8px|30px|true|true\u201d global_colors_info=\u201d{}\u201d button_text_color__hover=\u201d#FFFFFF\u201d button_text_color__hover_enabled=\u201d\u00fczerinde|gezgin\u201d button_bg_color__hover=\u201d#008EA8\u2033 button_bg_color__hover_enabled=\u201d\u00fczerinde|gezgin\u201d][\/et_pb_button][\/et_pb_column][\/et_pb_row][\/et_pb_section][et_pb_section fb_built=\u201d1\u2033 custom_padding_last_edited=\u201dtelefonda\u201d _builder_version=\u201d4.20.4\u2033 _module_preset=\u201dvarsay\u0131lan\u201d background_color=\u201drgba(0,142,168,0.1)\u201d custom_padding=\u201d70px||70px||true|false\u201d custom_padding_tablet=\u201d70px||70px||true|false\u201d custom_padding_phone=\u201d50px||50px||true|false\u201d collapsed=\u201dtelefonda\u201d global_colors_info=\u201d{}\u201d][et_pb_row custom_padding_last_edited=\u201dtelefonda\u201d _builder_version=\u201d4.20.4\u2033 _module_preset=\u201dvarsay\u0131lan\u201d width_tablet=\u201d90%\u201d width_phone=\u201d90%\u201d width_last_edited=\u201don|telefon\u201d custom_padding_tablet=\u201d0px||0px||true|false\u201d custom_padding_phone=\u201d0px||0px||true|false\u201d global_colors_info=\u201d{}\u201d][et_pb_column type=\u201d4_4\u2033 _builder_version=\u201d4.20.4\u2033 _module_preset=\u201dvarsay\u0131lan\u201d global_colors_info=\u201d{}\u201d][et_pb_text _builder_version=\u201d4.23.1\u2033 _module_preset=\u201dvarsay\u0131lan\u201d text_text_color=\u201d#008EA8\u2033 text_font_size=\u201d24px\u201d header_2_text_color=\u201d#008EA8\u2033 text_orientation=\u201dorta\u201d \u00f6zel_marj=\u201d||20px||false|false\u201d global_colors_info=\u201d{}\u201d]<\/p>\n<h2>\u00a0Vigilant Biosciences\u00ae Orta\u011f\u0131 Olun<\/h2>\n<p>[\/et_pb_text][et_pb_text _builder_version=\u201d4.23.1\u2033 _module_preset=\u201dvarsay\u0131lan\u201d text_font_size=\u201d20px\u201d text_orientation=\u201dorta\u201d \u00f6zel_kenar_bo\u015flu\u011fu=\u201d||50px||false|false\u201d \u00f6zel_dolgu=\u201d||0px||false|false\u201d global_colors_info=\u201d{}\u201d]<\/p>\n<p>Vigilant Biosciences\u00ae ile ortakl\u0131k hakk\u0131nda daha fazla bilgi edinin.<\/p>\n<p>[\/et_pb_text][\/et_pb_column][\/et_pb_row][et_pb_row _builder_version=\u201d4.20.0\u2033 _module_preset=\u201dvarsay\u0131lan\u201d width_tablet=\u201d90%\u201d width_phone=\u201d90%\u201d width_last_edited=\u201d\u00fczerinde|tablet\u201d max_width=\u201d700px\u201d max_width_tablet=\u201d700px\u201d max_width_phone=\u201d700px\u201d max_width_last_edited=\u201d\u00fczerinde|tablet\u201d kilitli=\u201dkapal\u0131\u201d global_colors_info=\u201d{}\u201d][et_pb_column type=\u201d4_4\u2033 _builder_version=\u201d4.20.0\u2033 _module_preset=\u201dvarsay\u0131lan\u201d global_colors_info=\u201d{}\u201d][et_pb_code _builder_version=\u201d4.23.1\u2033 _module_preset=\u201dvarsay\u0131lan\u201d global_colors_info=\u201d{}\u201d]<script charset=\"utf-8\" type=\"text\/javascript\" src=\"\/\/js.hsforms.net\/forms\/embed\/v2.js\"><\/script><!-- [et_pb_line_break_holder] --><script><!-- [et_pb_line_break_holder] -->  hbspt.forms.create({<!-- [et_pb_line_break_holder] -->    region: \"na1\",<!-- [et_pb_line_break_holder] -->    portalId: \"23572199\",<!-- [et_pb_line_break_holder] -->    formId: \"87e99d07-5a71-467c-b9ea-86ee3a08ae35\"<!-- [et_pb_line_break_holder] -->  });<!-- [et_pb_line_break_holder] --><\/script>[\/et_pb_code][\/et_pb_column][\/et_pb_row][\/et_pb_section]<\/p>","protected":false},"excerpt":{"rendered":"<p>Distrib\u00fct\u00f6r Kaynaklar\u0131 A\u011f\u0131z Kanseri Tespitinin Geli\u015ftirilmesinde Sorumlulu\u011fa Liderlik Edin Vigilant Biosciences\u00ae, da\u011f\u0131t\u0131m ortaklar\u0131m\u0131za olan g\u00fc\u00e7l\u00fc ba\u011fl\u0131l\u0131\u011f\u0131n\u0131 desteklemektedir. D\u00fcnya \u00e7ap\u0131ndaki muayenehanelere en son \u00e7\u00f6z\u00fcmleri sunmak, ortaklar\u0131m\u0131za m\u00fc\u015fteri ili\u015fkilerini geli\u015ftirmek ve yeni i\u015fler kazanmak i\u00e7in ihtiya\u00e7 duyduklar\u0131 ara\u00e7lar\u0131 sa\u011flamak i\u00e7in dental distrib\u00fct\u00f6rlerle yan yana \u00e7al\u0131\u015f\u0131yoruz. Bir distrib\u00fct\u00f6r olarak bu sayfa sizin merkezinizdir [\u2026]<\/p>","protected":false},"author":9,"featured_media":0,"parent":0,"menu_order":0,"comment_status":"closed","ping_status":"closed","template":"","meta":{"_et_pb_use_builder":"on","_et_pb_old_content":"","_et_gb_content_width":"","inline_featured_image":false,"footnotes":""},"class_list":["post-731","page","type-page","status-publish","hentry"],"yoast_head":"<!-- This site is optimized with the Yoast SEO plugin v22.1 - https:\/\/yoast.com\/wordpress\/plugins\/seo\/ -->\n<title>Distributor Updates - Vigilant Biosciences\u00ae<\/title>\n<meta name=\"robots\" content=\"index, follow, max-snippet:-1, max-image-preview:large, max-video-preview:-1\" \/>\n<link rel=\"canonical\" href=\"https:\/\/vigilantbiosciences.com\/tr\/distributor-guncellemeleri\/\" \/>\n<meta property=\"og:locale\" content=\"tr_TR\" \/>\n<meta property=\"og:type\" content=\"article\" \/>\n<meta property=\"og:title\" content=\"Distributor Updates - Vigilant Biosciences\u00ae\" \/>\n<meta property=\"og:description\" content=\"Patient Resources Understanding the Risk of Oral CancerThe Impact of Oral Cancer In the US alone, oral cancer kills an average one person per hour, 24 hours per day.1Oral cancer is a global challenge with more than 657,000 cases and nearly 330,000 deaths each year1Worldwide 5-year survival rate is only 50% due to delayed intervention [&hellip;]\" \/>\n<meta property=\"og:url\" content=\"https:\/\/vigilantbiosciences.com\/tr\/distributor-guncellemeleri\/\" \/>\n<meta property=\"og:site_name\" content=\"Vigilant Biosciences\u00ae\" \/>\n<meta property=\"article:publisher\" content=\"https:\/\/www.facebook.com\/VigilantBiosciences1\" \/>\n<meta property=\"article:modified_time\" content=\"2024-08-07T18:48:57+00:00\" \/>\n<meta name=\"twitter:card\" content=\"summary_large_image\" \/>\n<script type=\"application\/ld+json\" class=\"yoast-schema-graph\">{\"@context\":\"https:\/\/schema.org\",\"@graph\":[{\"@type\":\"WebPage\",\"@id\":\"https:\/\/vigilantbiosciences.com\/distributor-updates\/\",\"url\":\"https:\/\/vigilantbiosciences.com\/distributor-updates\/\",\"name\":\"Distributor Updates - Vigilant Biosciences\u00ae\",\"isPartOf\":{\"@id\":\"https:\/\/vigilantbiosciences.com\/#website\"},\"datePublished\":\"2024-08-06T20:43:40+00:00\",\"dateModified\":\"2024-08-07T18:48:57+00:00\",\"breadcrumb\":{\"@id\":\"https:\/\/vigilantbiosciences.com\/distributor-updates\/#breadcrumb\"},\"inLanguage\":\"tr\",\"potentialAction\":[{\"@type\":\"ReadAction\",\"target\":[\"https:\/\/vigilantbiosciences.com\/distributor-updates\/\"]}]},{\"@type\":\"BreadcrumbList\",\"@id\":\"https:\/\/vigilantbiosciences.com\/distributor-updates\/#breadcrumb\",\"itemListElement\":[{\"@type\":\"ListItem\",\"position\":1,\"name\":\"Home\",\"item\":\"https:\/\/vigilantbiosciences.com\/\"},{\"@type\":\"ListItem\",\"position\":2,\"name\":\"Distributor Updates\"}]},{\"@type\":\"WebSite\",\"@id\":\"https:\/\/vigilantbiosciences.com\/#website\",\"url\":\"https:\/\/vigilantbiosciences.com\/\",\"name\":\"Vigilant Biosciences\u00ae\",\"description\":\"\",\"publisher\":{\"@id\":\"https:\/\/vigilantbiosciences.com\/#organization\"},\"potentialAction\":[{\"@type\":\"SearchAction\",\"target\":{\"@type\":\"EntryPoint\",\"urlTemplate\":\"https:\/\/vigilantbiosciences.com\/?s={search_term_string}\"},\"query-input\":\"required name=search_term_string\"}],\"inLanguage\":\"tr\"},{\"@type\":\"Organization\",\"@id\":\"https:\/\/vigilantbiosciences.com\/#organization\",\"name\":\"Vigilant Biosciences\u00ae\",\"url\":\"https:\/\/vigilantbiosciences.com\/\",\"logo\":{\"@type\":\"ImageObject\",\"inLanguage\":\"tr\",\"@id\":\"https:\/\/vigilantbiosciences.com\/#\/schema\/logo\/image\/\",\"url\":\"https:\/\/vigilantbiosciences.com\/wp-content\/uploads\/vigilant-logo-horizontal.svg\",\"contentUrl\":\"https:\/\/vigilantbiosciences.com\/wp-content\/uploads\/vigilant-logo-horizontal.svg\",\"width\":\"1024\",\"height\":\"1024\",\"caption\":\"Vigilant Biosciences\u00ae\"},\"image\":{\"@id\":\"https:\/\/vigilantbiosciences.com\/#\/schema\/logo\/image\/\"},\"sameAs\":[\"https:\/\/www.facebook.com\/VigilantBiosciences1\",\"https:\/\/www.linkedin.com\/company\/vigilant-biosciences\/\"]}]}<\/script>\n<!-- \/ Yoast SEO plugin. -->","yoast_head_json":{"title":"Distributor Updates - Vigilant Biosciences\u00ae","robots":{"index":"index","follow":"follow","max-snippet":"max-snippet:-1","max-image-preview":"max-image-preview:large","max-video-preview":"max-video-preview:-1"},"canonical":"https:\/\/vigilantbiosciences.com\/tr\/distributor-guncellemeleri\/","og_locale":"tr_TR","og_type":"article","og_title":"Distributor Updates - Vigilant Biosciences\u00ae","og_description":"Patient Resources Understanding the Risk of Oral CancerThe Impact of Oral Cancer In the US alone, oral cancer kills an average one person per hour, 24 hours per day.1Oral cancer is a global challenge with more than 657,000 cases and nearly 330,000 deaths each year1Worldwide 5-year survival rate is only 50% due to delayed intervention [&hellip;]","og_url":"https:\/\/vigilantbiosciences.com\/tr\/distributor-guncellemeleri\/","og_site_name":"Vigilant Biosciences\u00ae","article_publisher":"https:\/\/www.facebook.com\/VigilantBiosciences1","article_modified_time":"2024-08-07T18:48:57+00:00","twitter_card":"summary_large_image","schema":{"@context":"https:\/\/schema.org","@graph":[{"@type":"WebPage","@id":"https:\/\/vigilantbiosciences.com\/distributor-updates\/","url":"https:\/\/vigilantbiosciences.com\/distributor-updates\/","name":"Distributor Updates - Vigilant Biosciences\u00ae","isPartOf":{"@id":"https:\/\/vigilantbiosciences.com\/#website"},"datePublished":"2024-08-06T20:43:40+00:00","dateModified":"2024-08-07T18:48:57+00:00","breadcrumb":{"@id":"https:\/\/vigilantbiosciences.com\/distributor-updates\/#breadcrumb"},"inLanguage":"tr","potentialAction":[{"@type":"ReadAction","target":["https:\/\/vigilantbiosciences.com\/distributor-updates\/"]}]},{"@type":"BreadcrumbList","@id":"https:\/\/vigilantbiosciences.com\/distributor-updates\/#breadcrumb","itemListElement":[{"@type":"ListItem","position":1,"name":"Home","item":"https:\/\/vigilantbiosciences.com\/"},{"@type":"ListItem","position":2,"name":"Distributor Updates"}]},{"@type":"WebSite","@id":"https:\/\/vigilantbiosciences.com\/#website","url":"https:\/\/vigilantbiosciences.com\/","name":"Vigilant Biosciences\u00ae","description":"","publisher":{"@id":"https:\/\/vigilantbiosciences.com\/#organization"},"potentialAction":[{"@type":"SearchAction","target":{"@type":"EntryPoint","urlTemplate":"https:\/\/vigilantbiosciences.com\/?s={search_term_string}"},"query-input":"required name=search_term_string"}],"inLanguage":"tr"},{"@type":"Organization","@id":"https:\/\/vigilantbiosciences.com\/#organization","name":"Vigilant Biosciences\u00ae","url":"https:\/\/vigilantbiosciences.com\/","logo":{"@type":"ImageObject","inLanguage":"tr","@id":"https:\/\/vigilantbiosciences.com\/#\/schema\/logo\/image\/","url":"https:\/\/vigilantbiosciences.com\/wp-content\/uploads\/vigilant-logo-horizontal.svg","contentUrl":"https:\/\/vigilantbiosciences.com\/wp-content\/uploads\/vigilant-logo-horizontal.svg","width":"1024","height":"1024","caption":"Vigilant Biosciences\u00ae"},"image":{"@id":"https:\/\/vigilantbiosciences.com\/#\/schema\/logo\/image\/"},"sameAs":["https:\/\/www.facebook.com\/VigilantBiosciences1","https:\/\/www.linkedin.com\/company\/vigilant-biosciences\/"]}]}},"_links":{"self":[{"href":"https:\/\/vigilantbiosciences.com\/tr\/wp-json\/wp\/v2\/pages\/731","targetHints":{"allow":["GET"]}}],"collection":[{"href":"https:\/\/vigilantbiosciences.com\/tr\/wp-json\/wp\/v2\/pages"}],"about":[{"href":"https:\/\/vigilantbiosciences.com\/tr\/wp-json\/wp\/v2\/types\/page"}],"author":[{"embeddable":true,"href":"https:\/\/vigilantbiosciences.com\/tr\/wp-json\/wp\/v2\/users\/9"}],"replies":[{"embeddable":true,"href":"https:\/\/vigilantbiosciences.com\/tr\/wp-json\/wp\/v2\/comments?post=731"}],"version-history":[{"count":0,"href":"https:\/\/vigilantbiosciences.com\/tr\/wp-json\/wp\/v2\/pages\/731\/revisions"}],"wp:attachment":[{"href":"https:\/\/vigilantbiosciences.com\/tr\/wp-json\/wp\/v2\/media?parent=731"}],"curies":[{"name":"wp","href":"https:\/\/api.w.org\/{rel}","templated":true}]}}