{"id":728,"date":"2024-08-06T20:40:31","date_gmt":"2024-08-06T20:40:31","guid":{"rendered":"https:\/\/vigilantbiosciences.com\/?page_id=728"},"modified":"2024-08-06T20:42:54","modified_gmt":"2024-08-06T20:42:54","slug":"news-updates","status":"publish","type":"page","link":"https:\/\/vigilantbiosciences.com\/tr\/yeni-guncellemeler\/","title":{"rendered":"Yeni G\u00fcncellemeler"},"content":{"rendered":"<p>[et_pb_section fb_built=\u201d1\u2033 custom_padding_last_edited=\u201dtelefonda|\u00fczerinde\u201d _builder_version=\u201d4.24.0\u2033 _module_preset=\u201dvarsay\u0131lan\u201d use_background_color_gradient=\u201dtelefonda\u201d background_color_gradient_stops=\u201drgba(0,142,168,0.5) 0%|rgba(0,142,168,0.5) 100%\u201d background_image=\u201dhttps:\/\/vigilantbiosciences.com\/wp-content\/uploads\/test-1.png\u201d custom_padding=\u201d100px||100px||true|false\u201d custom_padding_tablet=\u201d80px||80px||true|false\u201d custom_padding_phone=\u201d50px||50px||true|false\u201d \u00e7\u00f6kt\u00fc=\u201da\u00e7\u0131k\u201d global_colors_info=\u201d{}\u201d][et_pb_row _builder_version=\u201d4.20.0\u2033 _module_preset=\u201dvarsay\u0131lan\u201d global_colors_info=\u201d{}\u201d][et_pb_column type=\u201d4_4\u2033 _builder_version=\u201d4.20.0\u2033 _module_preset=\u201dvarsay\u0131lan\u201d global_colors_info=\u201d{}\u201d][et_pb_text _builder_version=\u201d4.20.4\u2033 _module_preset=\u201dvarsay\u0131lan\u201d header_font=\u201d|600|||||||\u201d header_letter_spacing=\u201d-3px\u201d text_orientation=\u201dorta\u201d background_layout=\u201dkoyu\u201d global_colors_info=\u201d{}\u201d]<\/p>\n<h1>Haberler ve Yay\u0131nlar<\/h1>\n<p>[\/et_pb_text][\/et_pb_column][\/et_pb_row][\/et_pb_section][et_pb_section fb_built=\u201d1\u2033custom_padding_last_edited=\u201don|desktop\u201d _builder_version=\u201d4.23.1\u2033 _module_preset=\u201ddefault\u201dcustom_margin=\u201d||0px|| false|false\u201d Custom_padding=\u201d80px||80px||true|false\u201d Custom_padding_tablet=\u201d50px||50px||true|false\u201d Custom_padding_phone=\u201d50px||50px||true|false\u201d kilitli=\u201doff\u201d daralt\u0131lm\u0131\u015f= \u201don\u201d global_colors_info=\u201d{}\u201d][et_pb_row _builder_version=\u201d4.20.0\u2033 _module_preset=\u201ddefault\u201d width=\u201d90%\u201dcustom_padding=\u201d||50px||false|false\u201d global_colors_info=\u201d{}\u201d][et_pb_column type=\u201d4_4\u2033 _builder_version=\u201d4.20.0\u2033 _module_preset=\u201ddefault\u201d global_colors_info=\u201d{}\u201d][et_pb_text _builder_version=\u201d4.20.0\u2033 _module_preset=\u201ddefault\u201d text_orientation=\u201dcenter\u201d global_colors_info=\u201d{}\u201d]<\/p>\n<h2>Haberler<\/h2>\n<p>[\/et_pb_text][\/et_pb_column][\/et_pb_row][et_pb_row use_custom_gutter=\u201don\u201d gutter_width=\u201d2\u2033 _builder_version=\u201d4.20.4\u2033 _module_preset=\u201ddefault\u201d max_width=\u201d1150px\u201dcustom_margin=\u201d||0px||false |false\u201dcustom_padding=\u201d||0px||false|false\u201d global_colors_info=\u201d{}\u201d][et_pb_column type=\u201d4_4\u2033 _builder_version=\u201d4.20.0\u2033 _module_preset=\u201ddefault\u201d global_colors_info=\u201d{}\u201d][et_pb_blog fullwidth=\u201doff\u201d include_categories=\u201d7,1\u2033 show_more=\u201da\u00e7\u0131k\u201d show_author=\u201doff\u201d show_categories=\u201doff\u201d show_excerpt=\u201doff\u201d show_pagination=\u201doff\u201d _builder_version=\u201d4.20.4\u2033 _module_preset=\u201ddefault\u201d head_level =\u201dh3\u2033 head_text_align=\u201dcenter\u201d head_text_color=\u201d#707272\u2033 head_font_size=\u201d18px\u201d meta_text_align=\u201dcenter\u201d meta_font_size=\u201d15px\u201d read_more_font=\u201d||||||||\u201d read_more_font_size=\u201d16px\u201d read_more_letter_spacing=\u201d1px\u201d text_orientation=\u201dcenter\u201dcustom_margin=\u201d||0px||false|false\u201dcustom_padding=\u201d||0px||false|false\u201d border_color_all_image=\u201dRGBA(255,255,255,0)\u201d box_shadow_style_image =\u201dpreset2\u2033 box_shadow_color_image=\u201drgba(0,0,0,0.05)\u201d global_colors_info=\u201d{}\u201d[\/et_pb_blog][\/et_pb_column][\/et_pb_row][\/et_pb_section][et_pb_section fb_built=\u201d1\u2033custom_padding_last_edited= \u201don|tablet\u201d devre d\u0131\u015f\u0131_on=\u201don|on|on\u201d _builder_version=\u201d4.23.1\u2033 _module_preset=\u201ddefault\u201d arka plan_color=\u201d#EBEBEB\u201dcustom_margin=\u201d||||false|false\u201dcustom_padding=\u201d80px||80px| |true|false\u201dcustom_padding_tablet=\u201d50px||50px||true|false\u201dcustom_padding_phone=\u201d50px||50px||true|false\u201d devre d\u0131\u015f\u0131=\u201da\u00e7\u0131k\u201d kilitli=\u201dkapal\u0131\u201d daralt\u0131lm\u0131\u015f=\u201don\u201d global_colors_info=\u201d{ }\u201d][et_pb_row _builder_version=\u201d4.20.0\u2033 _module_preset=\u201ddefault\u201d width=\u201d90%\u201dcustom_padding=\u201d||50px||false|false\u201d global_colors_info=\u201d{}\u201d][et_pb_column type=\u201d4_4\u2033 _builder_version= \u201d4.20.0\u2033 _module_preset=\u201ddefault\u201d global_colors_info=\u201d{}\u201d][et_pb_text _builder_version=\u201d4.20.0\u2033 _module_preset=\u201ddefault\u201d head_2_text_color=\u201d#008EA8\u2033 text_orientation=\u201dcenter\u201d global_colors_info=\u201d{}\u201d]<\/p>\n<h2>Yay\u0131nlar<\/h2>\n<p>[\/et_pb_text][et_pb_text _builder_version=\u201d4.20.2\u2033 _module_preset=\u201ddefault\u201d head_2_text_color=\u201d#008EA8\u2033 text_orientation=\u201dcenter\u201d global_colors_info=\u201d{}\u201d]<\/p>\n<p>Talep \u00fczerine Klinik Beyaz B\u00fclten mevcuttur.<\/p>\n<p>[\/et_pb_text][\/et_pb_column][\/et_pb_row][et_pb_row Column_structure=\u201d1_3,1_3,1_3\u2033 use_custom_gutter=\u201don\u201d gutter_width=\u201d2\u2033 devre d\u0131\u015f\u0131_on=\u201don|on|on\u201d _builder_version=\u201d4.20.2\u2033 _module_preset =\u201ddefault\u201d max_width=\u201d1150px\u201d devre d\u0131\u015f\u0131=\u201don\u201d global_colors_info=\u201d{}\u201d][et_pb_column type=\u201d1_3\u2033 _builder_version=\u201d4.20.0\u2033 _module_preset=\u201ddefault\u201d global_colors_info=\u201d{}\u201d][\/et_pb_column ][et_pb_column type=\u201d1_3\u2033 _builder_version=\u201d4.20.0\u2033 _module_preset=\u201ddefault\u201d global_colors_info=\u201d{}\u201d][et_pb_image src=\u201dhttps:\/\/vigilantbiosciences.com\/wp-content\/uploads\/Vigilant-November- White-Paper-Cover.jpg\u201d alt=\u201dDi\u015f Hekimli\u011fi Muayenehanesinde \u015e\u00fcpheli Oral Lezyon Risk De\u011ferlendirmesi i\u00e7in Yeni \u00c7\u0131\u011f\u0131r A\u00e7an OraFusion\u2122 Sistemi Teknik \u0130nceleme Kapa\u011f\u0131\u201d title_text=\u201dDi\u015f Hekimli\u011fi Muayenehanesinde \u015e\u00fcpheli Oral Lezyon Risk De\u011ferlendirmesi i\u00e7in Yeni \u00c7\u0131\u011f\u0131r A\u00e7an OraFusion\u2122 Sistemi Teknik \u0130ncelemesi Cover\u201d _builder_version=\u201d4.20.0\u2033 _module_preset=\u201ddefault\u201dcustom_padding=\u201d||20px||false|false\u201d border_width_all=\u201d1px\u201d border_color_all=\u201drgba(112,114,114,0.15)\u201d box_shadow_style=\u201dpreset2\u2033 box_shadow_color=\u201drgba (0,0,0,0.15)\u201d global_colors_info=\u201d{}\u201d][\/et_pb_image][et_pb_text _builder_version=\u201d4.20.0\u2033 _module_preset=\u201ddefault\u201dheader_2_text_align=\u201dcenter\u201dheader_4_text_color=\u201d#008EA8\u2033 text_orientation=\u201dcenter\u201d kilitli=\u201dkapal\u0131\u201d global_colors_info=\u201d{}\u201d]<\/p>\n<h4>Di\u015f Hekimli\u011finde \u015e\u00fcpheli Oral Lezyon Risk De\u011ferlendirmesi i\u00e7in Yeni \u00c7\u0131\u011f\u0131r A\u00e7an OraFusion\u2122 Sistemi<\/h4>\n<p>[\/et_pb_text][et_pb_button Button_url=\u201d@ET-DC@eyJkeW5hbWljIjp0cnVlLCJjb250ZW50IjoicG9zdF9saW5rX3VybF9wYWdlIiwic2V0dGluZ3MiOnsicG9zdF9pZCI6IjE2NyJ9fQ==@\u201d d\u00fc\u011fmesi _text=\u201d\u0130ndir\u201d butonu_alignment=\u201dcenter\u201d _builder_version=\u201d4.20.0\u2033 _dynamic_attributes=\u201dbutton_url\u201d _module_preset=\u201ddefault\u201dcustom_button=\u201don \u201d Button_text_size=\u201d16px\u201d Button_text_color=\u201d#008EA8\u2033 Button_border_color=\u201d#008EA8\u2033 Button_border_radius=\u201d50px\u201d Button_letter_spacing=\u201d1px\u201d Button_use_icon=\u201doff\u201d global_colors_info=\u201d{}\u201d Button_text_color__hover_enabled=\u201don|desktop\u201d Button_text _color__hover=\u201d#FFFFFF\u201d butonu_bg_color__hover_enabled =\u201don|desktop\u201d butonu_bg_color__hover=\u201d#008EA8\u2033 butonu_bg_enable_color__hover=\u201don\u201d Button_border_color__hover_enabled=\u201don|desktop\u201d Button_border_color__hover=\u201d#008EA8\u2033][\/et_pb_button][\/et_pb_column][et_pb_column type=\u201d 1_3\u2033 _builder_version=\u201d4.20.0 \u2033 _module_preset=\u201ddefault\u201d global_colors_info=\u201d{}\u201d][\/et_pb_column][\/et_pb_row][\/et_pb_section]<\/p>","protected":false},"excerpt":{"rendered":"<p>Haberler ve Yay\u0131nlarHaberlerYay\u0131nlarTalep \u00fczerine klinik teknik inceleme mevcuttur.Di\u015f Muayenehanesinde \u015e\u00fcpheli Oral Lezyon Risk De\u011ferlendirmesi i\u00e7in \u00c7\u0131\u011f\u0131r A\u00e7an Yeni OraFusion\u2122 Sistemi<\/p>","protected":false},"author":9,"featured_media":0,"parent":0,"menu_order":0,"comment_status":"closed","ping_status":"closed","template":"","meta":{"_et_pb_use_builder":"on","_et_pb_old_content":"","_et_gb_content_width":"","inline_featured_image":false,"footnotes":""},"class_list":["post-728","page","type-page","status-publish","hentry"],"yoast_head":"<!-- This site is optimized with the Yoast SEO plugin v22.1 - https:\/\/yoast.com\/wordpress\/plugins\/seo\/ -->\n<title>New Updates - Vigilant Biosciences\u00ae<\/title>\n<meta name=\"robots\" content=\"index, follow, max-snippet:-1, max-image-preview:large, max-video-preview:-1\" \/>\n<link rel=\"canonical\" href=\"https:\/\/vigilantbiosciences.com\/tr\/yeni-guncellemeler\/\" \/>\n<meta property=\"og:locale\" content=\"tr_TR\" \/>\n<meta property=\"og:type\" content=\"article\" \/>\n<meta property=\"og:title\" content=\"New Updates - Vigilant Biosciences\u00ae\" \/>\n<meta property=\"og:description\" content=\"Patient Resources Understanding the Risk of Oral CancerThe Impact of Oral Cancer In the US alone, oral cancer kills an average one person per hour, 24 hours per day.1Oral cancer is a global challenge with more than 657,000 cases and nearly 330,000 deaths each year1Worldwide 5-year survival rate is only 50% due to delayed intervention [&hellip;]\" \/>\n<meta property=\"og:url\" content=\"https:\/\/vigilantbiosciences.com\/tr\/yeni-guncellemeler\/\" \/>\n<meta property=\"og:site_name\" content=\"Vigilant Biosciences\u00ae\" \/>\n<meta property=\"article:publisher\" content=\"https:\/\/www.facebook.com\/VigilantBiosciences1\" \/>\n<meta property=\"article:modified_time\" content=\"2024-08-06T20:42:54+00:00\" \/>\n<meta name=\"twitter:card\" content=\"summary_large_image\" \/>\n<meta name=\"twitter:label1\" content=\"Tahmini okuma s\u00fcresi\" \/>\n\t<meta name=\"twitter:data1\" content=\"5 dakika\" \/>\n<script type=\"application\/ld+json\" class=\"yoast-schema-graph\">{\"@context\":\"https:\/\/schema.org\",\"@graph\":[{\"@type\":\"WebPage\",\"@id\":\"https:\/\/vigilantbiosciences.com\/news-updates\/\",\"url\":\"https:\/\/vigilantbiosciences.com\/news-updates\/\",\"name\":\"New Updates - Vigilant Biosciences\u00ae\",\"isPartOf\":{\"@id\":\"https:\/\/vigilantbiosciences.com\/#website\"},\"datePublished\":\"2024-08-06T20:40:31+00:00\",\"dateModified\":\"2024-08-06T20:42:54+00:00\",\"breadcrumb\":{\"@id\":\"https:\/\/vigilantbiosciences.com\/news-updates\/#breadcrumb\"},\"inLanguage\":\"tr\",\"potentialAction\":[{\"@type\":\"ReadAction\",\"target\":[\"https:\/\/vigilantbiosciences.com\/news-updates\/\"]}]},{\"@type\":\"BreadcrumbList\",\"@id\":\"https:\/\/vigilantbiosciences.com\/news-updates\/#breadcrumb\",\"itemListElement\":[{\"@type\":\"ListItem\",\"position\":1,\"name\":\"Home\",\"item\":\"https:\/\/vigilantbiosciences.com\/\"},{\"@type\":\"ListItem\",\"position\":2,\"name\":\"New Updates\"}]},{\"@type\":\"WebSite\",\"@id\":\"https:\/\/vigilantbiosciences.com\/#website\",\"url\":\"https:\/\/vigilantbiosciences.com\/\",\"name\":\"Vigilant Biosciences\u00ae\",\"description\":\"\",\"publisher\":{\"@id\":\"https:\/\/vigilantbiosciences.com\/#organization\"},\"potentialAction\":[{\"@type\":\"SearchAction\",\"target\":{\"@type\":\"EntryPoint\",\"urlTemplate\":\"https:\/\/vigilantbiosciences.com\/?s={search_term_string}\"},\"query-input\":\"required name=search_term_string\"}],\"inLanguage\":\"tr\"},{\"@type\":\"Organization\",\"@id\":\"https:\/\/vigilantbiosciences.com\/#organization\",\"name\":\"Vigilant Biosciences\u00ae\",\"url\":\"https:\/\/vigilantbiosciences.com\/\",\"logo\":{\"@type\":\"ImageObject\",\"inLanguage\":\"tr\",\"@id\":\"https:\/\/vigilantbiosciences.com\/#\/schema\/logo\/image\/\",\"url\":\"https:\/\/vigilantbiosciences.com\/wp-content\/uploads\/vigilant-logo-horizontal.svg\",\"contentUrl\":\"https:\/\/vigilantbiosciences.com\/wp-content\/uploads\/vigilant-logo-horizontal.svg\",\"width\":\"1024\",\"height\":\"1024\",\"caption\":\"Vigilant Biosciences\u00ae\"},\"image\":{\"@id\":\"https:\/\/vigilantbiosciences.com\/#\/schema\/logo\/image\/\"},\"sameAs\":[\"https:\/\/www.facebook.com\/VigilantBiosciences1\",\"https:\/\/www.linkedin.com\/company\/vigilant-biosciences\/\"]}]}<\/script>\n<!-- \/ Yoast SEO plugin. -->","yoast_head_json":{"title":"New Updates - Vigilant Biosciences\u00ae","robots":{"index":"index","follow":"follow","max-snippet":"max-snippet:-1","max-image-preview":"max-image-preview:large","max-video-preview":"max-video-preview:-1"},"canonical":"https:\/\/vigilantbiosciences.com\/tr\/yeni-guncellemeler\/","og_locale":"tr_TR","og_type":"article","og_title":"New Updates - Vigilant Biosciences\u00ae","og_description":"Patient Resources Understanding the Risk of Oral CancerThe Impact of Oral Cancer In the US alone, oral cancer kills an average one person per hour, 24 hours per day.1Oral cancer is a global challenge with more than 657,000 cases and nearly 330,000 deaths each year1Worldwide 5-year survival rate is only 50% due to delayed intervention [&hellip;]","og_url":"https:\/\/vigilantbiosciences.com\/tr\/yeni-guncellemeler\/","og_site_name":"Vigilant Biosciences\u00ae","article_publisher":"https:\/\/www.facebook.com\/VigilantBiosciences1","article_modified_time":"2024-08-06T20:42:54+00:00","twitter_card":"summary_large_image","twitter_misc":{"Tahmini okuma s\u00fcresi":"5 dakika"},"schema":{"@context":"https:\/\/schema.org","@graph":[{"@type":"WebPage","@id":"https:\/\/vigilantbiosciences.com\/news-updates\/","url":"https:\/\/vigilantbiosciences.com\/news-updates\/","name":"New Updates - Vigilant Biosciences\u00ae","isPartOf":{"@id":"https:\/\/vigilantbiosciences.com\/#website"},"datePublished":"2024-08-06T20:40:31+00:00","dateModified":"2024-08-06T20:42:54+00:00","breadcrumb":{"@id":"https:\/\/vigilantbiosciences.com\/news-updates\/#breadcrumb"},"inLanguage":"tr","potentialAction":[{"@type":"ReadAction","target":["https:\/\/vigilantbiosciences.com\/news-updates\/"]}]},{"@type":"BreadcrumbList","@id":"https:\/\/vigilantbiosciences.com\/news-updates\/#breadcrumb","itemListElement":[{"@type":"ListItem","position":1,"name":"Home","item":"https:\/\/vigilantbiosciences.com\/"},{"@type":"ListItem","position":2,"name":"New Updates"}]},{"@type":"WebSite","@id":"https:\/\/vigilantbiosciences.com\/#website","url":"https:\/\/vigilantbiosciences.com\/","name":"Vigilant Biosciences\u00ae","description":"","publisher":{"@id":"https:\/\/vigilantbiosciences.com\/#organization"},"potentialAction":[{"@type":"SearchAction","target":{"@type":"EntryPoint","urlTemplate":"https:\/\/vigilantbiosciences.com\/?s={search_term_string}"},"query-input":"required name=search_term_string"}],"inLanguage":"tr"},{"@type":"Organization","@id":"https:\/\/vigilantbiosciences.com\/#organization","name":"Vigilant Biosciences\u00ae","url":"https:\/\/vigilantbiosciences.com\/","logo":{"@type":"ImageObject","inLanguage":"tr","@id":"https:\/\/vigilantbiosciences.com\/#\/schema\/logo\/image\/","url":"https:\/\/vigilantbiosciences.com\/wp-content\/uploads\/vigilant-logo-horizontal.svg","contentUrl":"https:\/\/vigilantbiosciences.com\/wp-content\/uploads\/vigilant-logo-horizontal.svg","width":"1024","height":"1024","caption":"Vigilant Biosciences\u00ae"},"image":{"@id":"https:\/\/vigilantbiosciences.com\/#\/schema\/logo\/image\/"},"sameAs":["https:\/\/www.facebook.com\/VigilantBiosciences1","https:\/\/www.linkedin.com\/company\/vigilant-biosciences\/"]}]}},"_links":{"self":[{"href":"https:\/\/vigilantbiosciences.com\/tr\/wp-json\/wp\/v2\/pages\/728","targetHints":{"allow":["GET"]}}],"collection":[{"href":"https:\/\/vigilantbiosciences.com\/tr\/wp-json\/wp\/v2\/pages"}],"about":[{"href":"https:\/\/vigilantbiosciences.com\/tr\/wp-json\/wp\/v2\/types\/page"}],"author":[{"embeddable":true,"href":"https:\/\/vigilantbiosciences.com\/tr\/wp-json\/wp\/v2\/users\/9"}],"replies":[{"embeddable":true,"href":"https:\/\/vigilantbiosciences.com\/tr\/wp-json\/wp\/v2\/comments?post=728"}],"version-history":[{"count":0,"href":"https:\/\/vigilantbiosciences.com\/tr\/wp-json\/wp\/v2\/pages\/728\/revisions"}],"wp:attachment":[{"href":"https:\/\/vigilantbiosciences.com\/tr\/wp-json\/wp\/v2\/media?parent=728"}],"curies":[{"name":"wp","href":"https:\/\/api.w.org\/{rel}","templated":true}]}}