{"id":725,"date":"2024-08-06T20:34:29","date_gmt":"2024-08-06T20:34:29","guid":{"rendered":"https:\/\/vigilantbiosciences.com\/?page_id=725"},"modified":"2024-08-07T18:43:44","modified_gmt":"2024-08-07T18:43:44","slug":"about-leadership-updates","status":"publish","type":"page","link":"https:\/\/vigilantbiosciences.com\/tr\/liderlik-guncellemeleri-hakkinda\/","title":{"rendered":"Liderlik G\u00fcncellemeleri Hakk\u0131nda"},"content":{"rendered":"<p>[et_pb_section fb_built=\u201d1\u2033 custom_padding_last_edited=\u201dtelefonda|\u00fczerinde\u201d _builder_version=\u201d4.24.0\u2033 _module_preset=\u201dvarsay\u0131lan\u201d use_background_color_gradient=\u201dtelefonda\u201d background_color_gradient_stops=\u201drgba(0,142,168,0.5) 0%|rgba(0,142,168,0.5) 100%\u201d background_image=\u201dhttps:\/\/vigilantbiosciences.com\/wp-content\/uploads\/test-1.png\u201d custom_padding=\u201d100px||100px||true|false\u201d custom_padding_tablet=\u201d80px||80px||true|false\u201d custom_padding_phone=\u201d50px||50px||true|false\u201d global_colors_info=\u201d{}\u201d][et_pb_row _builder_version=\u201d4.20.0\u2033 _module_preset=\u201dvarsay\u0131lan\u201d width=\u201d90%\u201d global_colors_info=\u201d{}\u201d][et_pb_column type=\u201d4_4\u2033 _builder_version=\u201d4.20.0\u2033 _module_preset=\u201dvarsay\u0131lan\u201d global_colors_info=\u201d{}\u201d][et_pb_text _builder_version=\u201d4.20.4\u2033 _module_preset=\u201dvarsay\u0131lan\u201d header_font=\u201d|600|||||||\u201d header_letter_spacing=\u201d-3px\u201d text_orientation=\u201dcenter\u201d background_layout=\u201ddark\u201d global_colors_info=\u201d{}\u201d]<\/p>\n<h1>Hakk\u0131nda<\/h1>\n<p>[\/et_pb_text][\/et_pb_column][\/et_pb_row][\/et_pb_section][et_pb_section fb_built=\u201d1\u2033custom_padding_last_edited=\u201don|tablet\u201d _builder_version=\u201d4.20.0\u2033 _module_preset=\u201ddefault\u201dcustom_margin=\u201d||||false |false\u201d Custom_padding=\u201d80px||80px||true|false\u201d Custom_padding_tablet=\u201d50px||50px||true|false\u201d Custom_padding_phone=\u201d50px||50px||true|false\u201d global_colors_info=\u201d{}\u201d][ et_pb_row _builder_version=\u201d4.20.0\u2033 _module_preset=\u201ddefault\u201d width=\u201d90%\u201d global_colors_info=\u201d{}\u201d][et_pb_column type=\u201d4_4\u2033 _builder_version=\u201d4.20.0\u2033 _module_preset=\u201ddefault\u201d global_colors_info=\u201d{}\u201d ][et_pb_text _builder_version=\u201d4.20.4\u2033 _module_preset=\u201ddefault\u201d text_orientation=\u201dcenter\u201d global_colors_info=\u201d{}\u201d]<\/p>\n<h2 class=\" translation-block\">Alg\u0131laman\u0131n D\u00f6n\u00fc\u015ft\u00fcr\u00fclmesi. Ya\u015famlar\u0131 \u0130yile\u015ftirme.\u2122<\/h2>\n<p>[\/et_pb_text][\/et_pb_column][\/et_pb_row][\/et_pb_section][et_pb_section fb_built=\u201d1\u2033 admin_label=\u201dSection\u201d _builder_version=\u201d4.20.4\u2033 _module_preset=\u201ddefault\u201d width=\u201d100%\u201d max_width=\u201d100%\u201d Custom_margin=\u201d0px||0px||false|false\u201d Custom_padding=\u201d0px||0px||false|false\u201d locked=\u201doff\u201d global_colors_info=\u201d{}\u201d][et_pb_row Column_structure=\u201d1_2,1_2\u2033 use_custom_gutter=\u201d on\u201d gutter_width=\u201d1\u2033 make_equal=\u201don\u201dcustom_padding_last_edited=\u201don|tablet\u201d module_class=\u201dreverse\u201d _builder_version=\u201d4.20.0\u2033 _module_preset=\u201ddefault\u201d width=\u201d100%\u201d max_width=\u201d100%\u201d min_height=\u201d400px \u201d custom_padding=\u201d0px||0px||false|false\u201dcustom_padding_tablet=\u201d0px||0px||false|false\u201dcustom_padding_phone=\u201d0px||0px||false|false\u201d global_colors_info=\u201d{}\u201dcustom_css_main_element_last_edited=\u201don |phone\u201dcustom_css_main_element_tablet=\u201dekran: esnek;\u201d Custom_css_main_element_phone=\u201dekran: blok;\u201d][et_pb_column type=\u201d1_2\u2033 admin_label=\u201dColumn\u201d _builder_version=\u201d4.20.0\u2033 _module_preset=\u201ddefault\u201d arka plan_image=\u201dhttps:\/\/vigilantbiosciences.com\/wp-content\/uploads\/ iStock-1266812277-size.jpg\u201dcustom_padding=\u201d0px|0px|0px|0px|true|true\u201dcustom_padding_tablet=\u201d105px|80px|105px|80px|true|true\u201dcustom_padding_phone=\u201d80px|80px|80px|80px|true |true\u201dcustom_padding_last_edited=\u201don|tablet\u201d global_colors_info=\u201d{}\u201d][\/et_pb_column][et_pb_column type=\u201d1_2\u2033 _builder_version=\u201d4.20.0\u2033 _module_preset=\u201ddefault\u201dcustom_padding=\u201d80px|80px|80px|80px |true|true\u201dcustom_padding_tablet=\u201d50px|50px|50px|50px|true|true\u201dcustom_padding_phone=\u201d30px|30px|30px|30px|true|true\u201dcustom_padding_last_edited=\u201don|phone\u201dcustom_css_main_element=\u201ddisplay: flex;| |flex-direction: s\u00fctun;||justify-content: center;\u201d global_colors_info=\u201d{}\u201d][et_pb_text _builder_version=\u201d4.20.4\u2033 _module_preset=\u201ddefault\u201dcustom_margin=\u201d||10px||false|false\u201dcustom_padding=\u201d||0px||false|false\u201d global_colors_info=\u201d{} \u201d]<\/p>\n<h3 class=\" translation-block\">A\u011f\u0131z kanserinin olmad\u0131\u011f\u0131 bir d\u00fcnya yaratmak\nd\u00f6v\u00fc\u015fme \u015fans\u0131na sahip ol.\u2122<\/h3>\n<p>[\/et_pb_text][et_pb_text _builder_version=\u201d4.20.4\u2033 _module_preset=\u201ddefault\u201dcustom_margin=\u201d||30px||false|false\u201dcustom_padding=\u201d||0px||false|true\u201d global_colors_info=\u201d{}\u201d]<\/p>\n<p>Vigilant Biosciences\u00ae, a\u011f\u0131z kanseri tespitini h\u0131zland\u0131ran son teknoloji \u00e7\u00f6z\u00fcmler geli\u015ftirmede lider konumdad\u0131r. Bak\u0131m noktas\u0131 \u00e7\u00f6z\u00fcm\u00fcm\u00fcz basit, do\u011fru ve uygun maliyetlidir. Erken m\u00fcdahale yoluyla hasta sonu\u00e7lar\u0131n\u0131 iyile\u015ftirmek i\u00e7in \u00e7al\u0131\u015fan klinisyenlere g\u00fc\u00e7 veriyoruz.<\/p>\n<p>Yenilik\u00e7i BeVigilant OraFusion Sistemi, klinik olarak erken evre a\u011f\u0131z kanserleriyle ili\u015fkili oldu\u011fu g\u00f6sterilen spesifik protein belirte\u00e7lerini tespit eden patentli teknolojiyi kullan\u0131r. Teknolojimiz hakk\u0131nda daha fazla bilgi edinin:<\/p>\n<p>[\/et_pb_text][et_pb_button Button_url=\u201d@ET-DC@eyJkeW5hbWljIjp0cnVlLCJjb250ZW50IjoicG9zdF9saW5rX3VybF9wYWdlIiwic2V0dGluZ3MiOnsicG9zdF9pZCI6IjEzMCJ9fQ==@\u201d butonu_ text=\u201dKe\u015ffet\u201d _builder_version=\u201d4.20.0\u2033 _dynamic_attributes=\u201dbutton_url\u201d _module_preset=\u201ddefault\u201dcustom_button=\u201don\u201d butonu_text_size=\u201d16px \u201d Button_text_color=\u201d#008EA8\u2033 Button_border_width=\u201d2px\u201d Button_border_color=\u201d#008EA8\u2033 Button_border_radius=\u201d50px\u201d Button_letter_spacing=\u201d1px\u201d Button_use_icon=\u201doff\u201d Custom_margin=\u201d0px||0px||false|false\u201d Custom_padding=\u201d8px|30px |8px|30px|true|true\u201d global_colors_info=\u201d{}\u201d butonu_text_color__hover_enabled=\u201don|hover\u201d butonu_text_color__hover=\u201d#FFFFF\u201d butonu_bg_color__hover_enabled=\u201don|hover\u201d butonu_bg_color__hover=\u201d#008EA8\u2033 butonu_bg_enable_color__hover=\u201don\u201d ][\/et_pb_button][ \/et_pb_column][\/et_pb_row][\/et_pb_section][et_pb_section fb_built=\u201d1\u2033custom_padding_last_edited=\u201don|phone\u201d _builder_version=\u201d4.20.4\u2033 _module_preset=\u201ddefault\u201d arka plan_enable_image=\u201doff\u201d width=\u201d100%\u201d max_width=\u201d 100%\u201dcustom_padding=\u201d70px||70px||true|false\u201dcustom_padding_tablet=\u201d80px||80px||true|false\u201dcustom_padding_phone=\u201d50px||50px||true|false\u201d global_colors_info=\u201d{}\u201d][et_pb_row _builder_version=\u201d4.20.0\u2033 _module_preset=\u201ddefault\u201d width=\u201d90%\u201d global_colors_info=\u201d{}\u201d][et_pb_column type=\u201d4_4\u2033 _builder_version=\u201d4.20.0\u2033 _module_preset=\u201ddefault\u201d global_colors_info=\u201d{}\u201d] [et_pb_text module_class=\u201dcta\u201d _builder_version=\u201d4.20.4\u2033 _module_preset=\u201ddefault\u201d text_text_color=\u201d#FFFFFF\u201dheader_2_text_color=\u201d#707272\u2033header_2_font_size=\u201d60px\u201d text_orientation=\u201dcenter\u201dbackground_layout=\u201ddark\u201dheader_2_font_size_ tablet=\u201d48px\u201d head_2_font_size_phone =\u201d40px\u201d head_2_font_size_last_edited=\u201don|phone\u201d global_colors_info=\u201d{}\u201d]<\/p>\n<h2 class=\" translation-block\">A\u011f\u0131z kanserinin erken te\u015fhisini d\u00f6n\u00fc\u015ft\u00fcrmek i\u00e7in <strong>birlikte<\/strong> duruyoruz.<\/h2>\n<p>[\/et_pb_text][\/et_pb_column][\/et_pb_row][\/et_pb_section][et_pb_section fb_built=\u201d1\u2033 _builder_version=\u201d4.20.4\u2033 _module_preset=\u201ddefault\u201dcustom_margin=\u201d0px||0px||true|false\u201dcustom_padding= \u201d0px||0px||true|false\u201d global_colors_info=\u201d{}\u201d][et_pb_row Column_structure=\u201d1_2,1_2\u2033 use_custom_gutter=\u201don\u201d gutter_width=\u201d1\u2033 make_equal=\u201don\u201d _builder_version=\u201d4.20.4\u2033 _module_preset =\u201ddefault\u201d z_index=\u201d1\u2033 width=\u201d100%\u201d max_width=\u201d100%\u201dcustom_padding=\u201d0px||0px||true|false\u201d global_colors_info=\u201d{}\u201dcustom_css_main_element_last_edited=\u201don|phone\u201dcustom_css_main_element_tablet=\u201ddisplay: esnek;&quot; Custom_css_main_element_phone=\u201ddisplay: blok;\u201d][et_pb_column type=\u201d1_2\u2033 _builder_version=\u201d4.20.4\u2033 _module_preset=\u201ddefault\u201d arka plan_color=\u201drgba(0,142,168,0.1)\u201d konumland\u0131rma=\u201dnone\u201dcustom_padding=\u201d80px|30px| 80px|80px|true|false\u201dcustom_padding_tablet=\u201d50px|30px|50px|30px|true|true\u201d Custom_padding_phone=\u201d|||20px|true|false\u201d Custom_padding_last_edited=\u201don|tablet\u201d global_colors_info=\u201d{}\u201d Custom_css_main_element_last_edited= \u201don|phone\u201d][et_pb_text module_class=\u201dbdr-right\u201d _builder_version=\u201d4.20.4\u2033 _module_preset=\u201ddefault\u201dcustom_margin=\u201d||||false|false\u201dcustom_padding=\u201d||||false|false\u201d global_colors_info =\u201d{}\u201d]<\/p>\n<h2>Misyonumuz<\/h2>\n<p>[\/et_pb_text][et_pb_text _builder_version=\u201d4.20.4\u2033 _module_preset=\u201ddefault\u201d text_text_color=\u201d#707272\u2033 text_font_size=\u201d30px\u201dcustom_margin=\u201d||50px||false|false\u201dcustom_padding=\u201d||||false|false \u201dcustom_css_main_element=\u201dsat\u0131r y\u00fcksekli\u011fi: 1,2em;\u201d global_colors_info=\u201d{}\u201d]<\/p>\n<p class=\" translation-block\">Birinci s\u0131n\u0131f <em><span style=\"text-decoration: underline\">erken-sa\u011flayarak <em><span style=\"text-decoration: underline\">hayat kurtarmak<\/span><\/em> i\u00e7in kansere y\u00f6nelik tespit<\/span><\/em> \u00e7\u00f6z\u00fcmleri.<\/p>\n<p>[\/et_pb_text][et_pb_text _builder_version=\u201d4.20.4\u2033 _module_preset=\u201ddefault\u201d global_colors_info=\u201d{}\u201d]<\/p>\n<h3>\u0130lk erken kanser tespit \u00fcr\u00fcn\u00fcm\u00fcz:<\/h3>\n<p>[\/et_pb_text][et_pb_text _builder_version=\u201d4.24.2\u2033 _module_preset=\u201dvarsay\u0131lan\u201d text_text_color=\u201d#707272\u2033 text_font_size=\u201d20px\u201d hover_enabled=\u201d0\u2033 global_colors_info=\u201d{}\u201d sticky_enabled=\u201d0\u2033]<\/p>\n<p>The <strong>BeVigilant OraFusion Sistemi<\/strong>\u00a0Klinisyenlere a\u011f\u0131z kanseri riski ta\u015f\u0131yan hastalar\u0131n belirlenmesinde yard\u0131mc\u0131 olur.<\/p>\n<p>[\/et_pb_text][et_pb_image src=\u201dhttps:\/\/vigilantbiosciences.com\/wp-content\/uploads\/vigilant-logo-horizontal.svg\u201d alt=\u201dVigilant Biosciences\u00ae Logosu\u201d title_text=\u201dvigilant-logo-horizontal\u201d align_tablet= \u201dleft\u201d align_phone=\u201dcenter\u201d align_last_edited=\u201don|tablet\u201d _builder_version=\u201d4.20.4\u2033 _module_preset=\u201ddefault\u201d width=\u201d250px\u201d width_tablet=\u201d250px\u201d width_phone=\u201d300px\u201d width_last_edited=\u201don|phone\u201d height ); ||0px||false|false\u201dcustom_margin_last_edited=\u201don|phone\u201dcustom_padding=\u201d50px||0px||false|false\u201d global_colors_info=\u201d{}\u201d][\/et_pb_image][\/et_pb_column][et_pb_column type=\u201d1_2 \u2033 _builder_version=\u201d4.20.4\u2033 _module_preset=\u201ddefault\u201d arka plan_image=\u201dhttps:\/\/vigilantbiosciences.com\/wp-content\/uploads\/VigilantNewSiteImages.jpg\u201dpositioning=\u201dnone\u201d z_index=\u201d1\u2033 global_colors_info=\u201d{}\u201d Custom_css_main_element_last_edited=\u201don|phone\u201d][et_pb_divider show_divider=\u201doff\u201d devre d\u0131\u015f\u0131 b\u0131rak\u0131ld\u0131_on=\u201doff|on|on\u201d _builder_version=\u201d4.20.4\u2033 _module_preset=\u201ddefault\u201dcustom_padding=\u201d100px||100px||true|false\u201d global_colors_info =\u201d{}\u201d[\/et_pb_divider][\/et_pb_column][\/et_pb_row][\/et_pb_section][et_pb_section fb_built=\u201d1\u2033custom_padding_last_edited=\u201don|tablet\u201d module_id=\u201dleadership\u201d _builder_version=\u201d4.20.4\u2033 _module_preset= \u201ddefault\u201d arka plan_enable_color=\u201doff\u201d Custom_padding=\u201d80px||60px||false|false\u201d Custom_padding_tablet=\u201d70px||40px||false|false\u201d Custom_padding_phone=\u201d50px||30px||false|false\u201d kilitli=\u201d off\u201d global_colors_info=\u201d{}\u201d][et_pb_row _builder_version=\u201d4.20.4\u2033 _module_preset=\u201ddefault\u201d width_tablet=\u201d90%\u201d width_phone=\u201d90%\u201d width_last_edited=\u201don|tablet\u201dcustom_margin=\u201d||||false|false \u201d Custom_padding=\u201d0px||0px||true|false\u201d global_colors_info=\u201d{}\u201d width__hover_enabled=\u201doff|desktop\u201d][et_pb_column type=\u201d4_4\u2033 _builder_version=\u201d4.20.0\u2033 _module_preset=\u201ddefault\u201d global_colors_info=\u201d {}\u201d][et_pb_text _builder_version=\u201d4.20.4\u2033 _module_preset=\u201ddefault\u201d head_2_text_color=\u201d#F05323\u2033 text_orientation=\u201dcenter\u201d global_colors_info=\u201d{}\u201d]<\/p>\n<h2>Liderlik<\/h2>\n<p>[\/et_pb_text][et_pb_text _builder_version=\u201d4.20.0\u2033 _module_preset=\u201ddefault\u201d head_2_text_color=\u201d#008EA8\u2033 text_orientation=\u201dcenter\u201d global_colors_info=\u201d{}\u201d]<\/p>\n<p>Vigilant Biosciences\u00ae liderlik ekibi, sa\u011fl\u0131k hizmetleri te\u015fhisi ve onkoloji alan\u0131ndaki k\u00f6kl\u00fc klinik uzmanl\u0131\u011f\u0131 ve onlarca y\u0131ll\u0131k liderlik deneyimiyle, erken a\u011f\u0131z kanseri tespitini d\u00f6n\u00fc\u015ft\u00fcrmeye ve hasta sonu\u00e7lar\u0131n\u0131 iyile\u015ftirmeye kendini adam\u0131\u015ft\u0131r.<\/p>\n<p>[\/et_pb_text][dipl_team_grid post_order=\u201dASC\u201d include_categories=\u201d5\u2033 grid_bg_color=\u201d#EBEBEB\u201d show_short_desc=\u201doff\u201d show_social_icon=\u201doff\u201d image_size=\u201dlarge\u201d onclick_trigger=\u201dopen_popup\u201d display_in_popup=\u201don|on|off| on|off\u201d select_layout=\u201dlayout4\u2033 number_of_columns=\u201d3\u2033 Column_spacing=\u201d30px\u201d number_of_columns_tablet=\u201d2\u2033 number_of_columns_phone=\u201d1\u2033 number_of_columns_last_edited=\u201don|phone\u201d _builder_version=\u201d4.20.4\u2033 _module_preset=\u201ddef ault\u201d name_level= \u201dh3\u2033 name_text_align=\u201dcenter\u201d name_font_size=\u201d22px\u201d popup_name_level=\u201dh3\u2033 popup_name_text_color=\u201d#F05323\u2033 popup_name_font_size=\u201d21px\u201d designation_text_align=\u201dcenter\u201d designation_font_size=\u201d15px\u201d popup_designation_text_color=\u201d#707272\u2033 pop up_designation_font_size=\u201d16px\u201d popup_description_font_size= \u201d15px\u201d popup_description_line_height=\u201d1.5em\u201dcustom_margin=\u201d70px||0px||false|false\u201d global_colors_info=\u201d{}\u201d][\/dipl_team_grid][\/et_pb_column][\/et_pb_row][et_pb_row _builder_version=\u201d4.20.2\u2033 _module_preset=\u201ddefault\u201dcustom_margin=\u201d||0px||false|false\u201dcustom_padding=\u201d20px||0px||false|false\u201d locked=\u201doff\u201d global_colors_info=\u201d{}\u201d][et_pb_column type=\u201d4_4\u2033 _builder_version =\u201d4.20.2\u2033 _module_preset=\u201ddefault\u201d global_colors_info=\u201d{}\u201d][et_pb_text _builder_version=\u201d4.20.2\u2033 _module_preset=\u201ddefault\u201d text_font_size=\u201d15px\u201d text_orientation=\u201dcenter\u201d global_colors_info=\u201d{}\u201d]<\/p>\n<p>*Dosyadaki Klinik Veriler<\/p>\n<p>[\/et_pb_text][\/et_pb_column][\/et_pb_row][\/et_pb_section]<\/p>","protected":false},"excerpt":{"rendered":"<p>Tespiti D\u00f6n\u00fc\u015ft\u00fcrmek Hakk\u0131nda. Hayatlar\u0131 \u0130yile\u015ftirmek.\u2122A\u011f\u0131z kanserinin m\u00fccadele \u015fans\u0131n\u0131n olmad\u0131\u011f\u0131 bir d\u00fcnya yaratmak.\u2122Vigilant Biosciences\u00ae a\u011f\u0131z kanseri tespitini h\u0131zland\u0131ran son teknoloji \u00e7\u00f6z\u00fcmler geli\u015ftirmede \u00f6nc\u00fc rol oynuyor. Bak\u0131m noktas\u0131ndaki \u00e7\u00f6z\u00fcm\u00fcm\u00fcz basit, do\u011fru ve uygun maliyetlidir. Daha erken m\u00fcdahale yoluyla hasta sonu\u00e7lar\u0131n\u0131 iyile\u015ftirmek i\u00e7in \u00e7al\u0131\u015fan klinisyenlere g\u00fc\u00e7 veriyoruz. Yenilik\u00e7i BeVigilant OraFusion Sistemi patentli teknolojiyi kullan\u0131r [\u2026]<\/p>","protected":false},"author":9,"featured_media":0,"parent":0,"menu_order":0,"comment_status":"closed","ping_status":"closed","template":"","meta":{"_et_pb_use_builder":"on","_et_pb_old_content":"","_et_gb_content_width":"","inline_featured_image":false,"footnotes":""},"class_list":["post-725","page","type-page","status-publish","hentry"],"yoast_head":"<!-- This site is optimized with the Yoast SEO plugin v22.1 - https:\/\/yoast.com\/wordpress\/plugins\/seo\/ -->\n<title>About Leadership Updates - Vigilant Biosciences\u00ae<\/title>\n<meta name=\"robots\" content=\"index, follow, max-snippet:-1, max-image-preview:large, max-video-preview:-1\" \/>\n<link rel=\"canonical\" href=\"https:\/\/vigilantbiosciences.com\/tr\/liderlik-guncellemeleri-hakkinda\/\" \/>\n<meta property=\"og:locale\" content=\"tr_TR\" \/>\n<meta property=\"og:type\" content=\"article\" \/>\n<meta property=\"og:title\" content=\"About Leadership Updates - Vigilant Biosciences\u00ae\" \/>\n<meta property=\"og:description\" content=\"Patient Resources Understanding the Risk of Oral CancerThe Impact of Oral Cancer In the US alone, oral cancer kills an average one person per hour, 24 hours per day.1Oral cancer is a global challenge with more than 657,000 cases and nearly 330,000 deaths each year1Worldwide 5-year survival rate is only 50% due to delayed intervention [&hellip;]\" \/>\n<meta property=\"og:url\" content=\"https:\/\/vigilantbiosciences.com\/tr\/liderlik-guncellemeleri-hakkinda\/\" \/>\n<meta property=\"og:site_name\" content=\"Vigilant Biosciences\u00ae\" \/>\n<meta property=\"article:publisher\" content=\"https:\/\/www.facebook.com\/VigilantBiosciences1\" \/>\n<meta property=\"article:modified_time\" content=\"2024-08-07T18:43:44+00:00\" \/>\n<meta name=\"twitter:card\" content=\"summary_large_image\" \/>\n<script type=\"application\/ld+json\" class=\"yoast-schema-graph\">{\"@context\":\"https:\/\/schema.org\",\"@graph\":[{\"@type\":\"WebPage\",\"@id\":\"https:\/\/vigilantbiosciences.com\/about-leadership-updates\/\",\"url\":\"https:\/\/vigilantbiosciences.com\/about-leadership-updates\/\",\"name\":\"About Leadership Updates - Vigilant Biosciences\u00ae\",\"isPartOf\":{\"@id\":\"https:\/\/vigilantbiosciences.com\/#website\"},\"datePublished\":\"2024-08-06T20:34:29+00:00\",\"dateModified\":\"2024-08-07T18:43:44+00:00\",\"breadcrumb\":{\"@id\":\"https:\/\/vigilantbiosciences.com\/about-leadership-updates\/#breadcrumb\"},\"inLanguage\":\"tr\",\"potentialAction\":[{\"@type\":\"ReadAction\",\"target\":[\"https:\/\/vigilantbiosciences.com\/about-leadership-updates\/\"]}]},{\"@type\":\"BreadcrumbList\",\"@id\":\"https:\/\/vigilantbiosciences.com\/about-leadership-updates\/#breadcrumb\",\"itemListElement\":[{\"@type\":\"ListItem\",\"position\":1,\"name\":\"Home\",\"item\":\"https:\/\/vigilantbiosciences.com\/\"},{\"@type\":\"ListItem\",\"position\":2,\"name\":\"About Leadership Updates\"}]},{\"@type\":\"WebSite\",\"@id\":\"https:\/\/vigilantbiosciences.com\/#website\",\"url\":\"https:\/\/vigilantbiosciences.com\/\",\"name\":\"Vigilant Biosciences\u00ae\",\"description\":\"\",\"publisher\":{\"@id\":\"https:\/\/vigilantbiosciences.com\/#organization\"},\"potentialAction\":[{\"@type\":\"SearchAction\",\"target\":{\"@type\":\"EntryPoint\",\"urlTemplate\":\"https:\/\/vigilantbiosciences.com\/?s={search_term_string}\"},\"query-input\":\"required name=search_term_string\"}],\"inLanguage\":\"tr\"},{\"@type\":\"Organization\",\"@id\":\"https:\/\/vigilantbiosciences.com\/#organization\",\"name\":\"Vigilant Biosciences\u00ae\",\"url\":\"https:\/\/vigilantbiosciences.com\/\",\"logo\":{\"@type\":\"ImageObject\",\"inLanguage\":\"tr\",\"@id\":\"https:\/\/vigilantbiosciences.com\/#\/schema\/logo\/image\/\",\"url\":\"https:\/\/vigilantbiosciences.com\/wp-content\/uploads\/vigilant-logo-horizontal.svg\",\"contentUrl\":\"https:\/\/vigilantbiosciences.com\/wp-content\/uploads\/vigilant-logo-horizontal.svg\",\"width\":\"1024\",\"height\":\"1024\",\"caption\":\"Vigilant Biosciences\u00ae\"},\"image\":{\"@id\":\"https:\/\/vigilantbiosciences.com\/#\/schema\/logo\/image\/\"},\"sameAs\":[\"https:\/\/www.facebook.com\/VigilantBiosciences1\",\"https:\/\/www.linkedin.com\/company\/vigilant-biosciences\/\"]}]}<\/script>\n<!-- \/ Yoast SEO plugin. -->","yoast_head_json":{"title":"About Leadership Updates - Vigilant Biosciences\u00ae","robots":{"index":"index","follow":"follow","max-snippet":"max-snippet:-1","max-image-preview":"max-image-preview:large","max-video-preview":"max-video-preview:-1"},"canonical":"https:\/\/vigilantbiosciences.com\/tr\/liderlik-guncellemeleri-hakkinda\/","og_locale":"tr_TR","og_type":"article","og_title":"About Leadership Updates - Vigilant Biosciences\u00ae","og_description":"Patient Resources Understanding the Risk of Oral CancerThe Impact of Oral Cancer In the US alone, oral cancer kills an average one person per hour, 24 hours per day.1Oral cancer is a global challenge with more than 657,000 cases and nearly 330,000 deaths each year1Worldwide 5-year survival rate is only 50% due to delayed intervention [&hellip;]","og_url":"https:\/\/vigilantbiosciences.com\/tr\/liderlik-guncellemeleri-hakkinda\/","og_site_name":"Vigilant Biosciences\u00ae","article_publisher":"https:\/\/www.facebook.com\/VigilantBiosciences1","article_modified_time":"2024-08-07T18:43:44+00:00","twitter_card":"summary_large_image","schema":{"@context":"https:\/\/schema.org","@graph":[{"@type":"WebPage","@id":"https:\/\/vigilantbiosciences.com\/about-leadership-updates\/","url":"https:\/\/vigilantbiosciences.com\/about-leadership-updates\/","name":"About Leadership Updates - Vigilant Biosciences\u00ae","isPartOf":{"@id":"https:\/\/vigilantbiosciences.com\/#website"},"datePublished":"2024-08-06T20:34:29+00:00","dateModified":"2024-08-07T18:43:44+00:00","breadcrumb":{"@id":"https:\/\/vigilantbiosciences.com\/about-leadership-updates\/#breadcrumb"},"inLanguage":"tr","potentialAction":[{"@type":"ReadAction","target":["https:\/\/vigilantbiosciences.com\/about-leadership-updates\/"]}]},{"@type":"BreadcrumbList","@id":"https:\/\/vigilantbiosciences.com\/about-leadership-updates\/#breadcrumb","itemListElement":[{"@type":"ListItem","position":1,"name":"Home","item":"https:\/\/vigilantbiosciences.com\/"},{"@type":"ListItem","position":2,"name":"About Leadership Updates"}]},{"@type":"WebSite","@id":"https:\/\/vigilantbiosciences.com\/#website","url":"https:\/\/vigilantbiosciences.com\/","name":"Vigilant Biosciences\u00ae","description":"","publisher":{"@id":"https:\/\/vigilantbiosciences.com\/#organization"},"potentialAction":[{"@type":"SearchAction","target":{"@type":"EntryPoint","urlTemplate":"https:\/\/vigilantbiosciences.com\/?s={search_term_string}"},"query-input":"required name=search_term_string"}],"inLanguage":"tr"},{"@type":"Organization","@id":"https:\/\/vigilantbiosciences.com\/#organization","name":"Vigilant Biosciences\u00ae","url":"https:\/\/vigilantbiosciences.com\/","logo":{"@type":"ImageObject","inLanguage":"tr","@id":"https:\/\/vigilantbiosciences.com\/#\/schema\/logo\/image\/","url":"https:\/\/vigilantbiosciences.com\/wp-content\/uploads\/vigilant-logo-horizontal.svg","contentUrl":"https:\/\/vigilantbiosciences.com\/wp-content\/uploads\/vigilant-logo-horizontal.svg","width":"1024","height":"1024","caption":"Vigilant Biosciences\u00ae"},"image":{"@id":"https:\/\/vigilantbiosciences.com\/#\/schema\/logo\/image\/"},"sameAs":["https:\/\/www.facebook.com\/VigilantBiosciences1","https:\/\/www.linkedin.com\/company\/vigilant-biosciences\/"]}]}},"_links":{"self":[{"href":"https:\/\/vigilantbiosciences.com\/tr\/wp-json\/wp\/v2\/pages\/725","targetHints":{"allow":["GET"]}}],"collection":[{"href":"https:\/\/vigilantbiosciences.com\/tr\/wp-json\/wp\/v2\/pages"}],"about":[{"href":"https:\/\/vigilantbiosciences.com\/tr\/wp-json\/wp\/v2\/types\/page"}],"author":[{"embeddable":true,"href":"https:\/\/vigilantbiosciences.com\/tr\/wp-json\/wp\/v2\/users\/9"}],"replies":[{"embeddable":true,"href":"https:\/\/vigilantbiosciences.com\/tr\/wp-json\/wp\/v2\/comments?post=725"}],"version-history":[{"count":0,"href":"https:\/\/vigilantbiosciences.com\/tr\/wp-json\/wp\/v2\/pages\/725\/revisions"}],"wp:attachment":[{"href":"https:\/\/vigilantbiosciences.com\/tr\/wp-json\/wp\/v2\/media?parent=725"}],"curies":[{"name":"wp","href":"https:\/\/api.w.org\/{rel}","templated":true}]}}