{"id":253,"date":"2023-03-22T18:24:01","date_gmt":"2023-03-22T18:24:01","guid":{"rendered":"https:\/\/vigilantbio.wpengine.com\/?page_id=253"},"modified":"2023-12-20T20:39:09","modified_gmt":"2023-12-20T20:39:09","slug":"training","status":"publish","type":"page","link":"https:\/\/vigilantbiosciences.com\/tr\/egitim\/","title":{"rendered":"BeVigilant\u2122 OraFusion\u2122 Sistem E\u011fitimi"},"content":{"rendered":"<p>[et_pb_section fb_built=\u201d1\u2033custom_padding_last_edited=\u201don|phone\u201d _builder_version=\u201d4.21.0\u2033 _dynamic_attributes=\u201dbackground_image\u201d _module_preset=\u201ddefault\u201d use_background_color_gradient=\u201don\u201dbackground_color_gradient_stops=\u201drgba(0,142,168,0,59) 0%|rgba(0,142,168 ,0,5) 100%\u201d arka plan_color_gradient_overlays_image=\u201don\u201d arka plan_image=\u201d@ET-DC@eyJkeW5hbWljIjp0cnVlLCJjb250ZW50IjoicG9zdF9mZWF0dXJlZF9pbWFnZSIsInNldHRpbmdzIjp7fX0=@\u201d \u00f6zel_ padding=\u201d100px||100px||true|false\u201dcustom_padding_tablet=\u201d80px||80px||true|false\u201dcustom_padding_phone= \u201d50px||50px||true|false\u201d lock=\u201doff\u201d global_colors_info=\u201d{}\u201d][et_pb_row _builder_version=\u201d4.20.0\u2033 _module_preset=\u201ddefault\u201d global_colors_info=\u201d{}\u201d][et_pb_column type=\u201d4_4 \u2033 _builder_version=\u201d4.20.0\u2033 _module_preset=\u201ddefault\u201d global_colors_info=\u201d{}\u201d][et_pb_text _builder_version=\u201d4.20.4\u2033 _module_preset=\u201ddefault\u201d text_font_size=\u201d30px\u201d head_font=\u201d|600|||||| |\u201d head_letter_spacing=\u201d-3px\u201d text_orientation=\u201dcenter\u201d arka plan_layout=\u201ddark\u201d global_colors_info=\u201d{}\u201d]<\/p>\n<h1>BeVigilant\u2122 OraFusion\u2122 Sistem E\u011fitimi<\/h1>\n<p>[\/et_pb_text][\/et_pb_column][\/et_pb_row][\/et_pb_section][et_pb_section fb_built=\u201d1\u2033custom_padding_last_edited=\u201don|phone\u201d _builder_version=\u201d4.20.4\u2033 _module_preset=\u201ddefault\u201d arka plan_enable_color=\u201doff\u201dcustom_margin=\u201d ||||false|false\u201dcustom_padding=\u201d80px||80px||true|false\u201dcustom_padding_tablet=\u201d||||true|false\u201dcustom_padding_phone=\u201d50px||50px||true|false\u201d kilitli=\u201doff\u201d global_colors_info=\u201d{}\u201d][et_pb_row _builder_version=\u201d4.20.4\u2033 _module_preset=\u201ddefault\u201d width_tablet=\u201d90%\u201d width_phone=\u201d90%\u201d width_last_edited=\u201don|tablet\u201dcustom_margin=\u201d||80px||false|false\u201d Custom_padding=\u201d0px||0px||true|false\u201d kilitli=\u201doff\u201d global_colors_info=\u201d{}\u201d][et_pb_column type=\u201d4_4\u2033 _builder_version=\u201d4.20.4\u2033 _module_preset=\u201ddefault\u201d global_colors_info=\u201d{}\u201d ][et_pb_text _builder_version=\u201d4.20.4\u2033 _module_preset=\u201ddefault\u201d text_orientation=\u201dcenter\u201d global_colors_info=\u201d{}\u201d]<\/p>\n<h2 class=\" translation-block\">BeVigilant\u2122 OraFusion\u2122 Sistemi Kullan\u0131m Talimatlar\u0131<\/h2>\n<p>[\/et_pb_text][et_pb_blurb image=\u201dhttps:\/\/vigilantbiosciences.com\/wp-content\/uploads\/Ora-3D-IFU.jpg\u201d alt=\u201dOra-3D IFU\u201d icon_placement=\u201dleft\u201d image_icon_width=\u201d200%\u201d content_max_width =\u201d600px\u201d module_class=\u201difu\u201d _builder_version=\u201d4.23.1\u2033 _module_preset=\u201ddefault\u201d head_level=\u201dh3\u2033custom_margin=\u201d||60px||false|false\u201d animasyon=\u201doff\u201d global_colors_info=\u201d{}\u201d]<\/p>\n<h3>Ora-3D\u2122 Kullan\u0131m Talimatlar\u0131n\u0131 \u0130ndirin<\/h3>\n<p class=\" translation-block\">BeVigilant\u2122 Ora-3D teknolojisi ve sistemin nas\u0131l \u00e7al\u0131\u015ft\u0131r\u0131laca\u011f\u0131 hakk\u0131nda bilgi edinmek i\u00e7in kullan\u0131m talimatlar\u0131n\u0131 (IFU) okuyun.<\/p>\n<p><span><a href=\"https:\/\/vigilantbiosciences.com\/wp-content\/uploads\/11_9_23-ALL_VB162_3600006-Rev-G-Ora-3D-IFU-.pdf\" class=\"pa-blurb-button\" target=\"_blank\" rel=\"noopener\">\u0130ndirilenler<\/a><\/span><\/p>\n<p>[\/et_pb_blurb][et_pb_blurb image=\u201dhttps:\/\/vigilantbiosciences.com\/wp-content\/uploads\/Reader-IFU.jpg\u201d alt=\u201dOkuyucu Kullan\u0131m Talimatlar\u0131\u201d icon_placement=\u201dleft\u201d image_icon_width=\u201d200%\u201d content_max_width=\u201d600px\u201d module_class=\u201difu\u201d _builder_version=\u201d4.23.1\u2033 _module_preset=\u201ddefault\u201d head_level=\u201dh3\u2033 animasyon=\u201doff\u201d global_colors_info=\u201d{}\u201d]<\/p>\n<h3 class=\" translation-block\">BeVigilant\u2122 Reader Kullanma Talimat\u0131n\u0131 \u0130ndirin<\/h3>\n<p class=\" translation-block\">BeVigilant\u2122 Reader teknolojisi hakk\u0131nda bilgi edinmek ve en do\u011fru sonu\u00e7lar\u0131 almak i\u00e7in Kullan\u0131m Talimatlar\u0131n\u0131 okuyun.<\/p>\n<p><span><a href=\"https:\/\/vigilantbiosciences.com\/wp-content\/uploads\/11_9_23-ALL_VB161_3600002_Rev-J_-BeVigilant-RAPID-Reader-IFU_OUS.pdf\" class=\"pa-blurb-button\" target=\"_blank\" rel=\"noopener\">\u0130ndirilenler<\/a><\/span><\/p>\n<p>[\/et_pb_blurb][\/et_pb_column][\/et_pb_row][et_pb_row _builder_version=\u201d4.20.4\u2033 _module_preset=\u201ddefault\u201d width=\u201d900px\u201d width_tablet=\u201d90%\u201d width_phone=\u201d90%\u201d width_last_edited=\u201don|tablet\u201dcustom_padding= \u201d0px||0px||true|false\u201d global_colors_info=\u201d{}\u201d][et_pb_column type=\u201d4_4\u2033 _builder_version=\u201d4.20.0\u2033 _module_preset=\u201ddefault\u201d global_colors_info=\u201d{}\u201d][et_pb_text _builder_version=\u201d4.20 .4\u2033 _module_preset=\u201ddefault\u201d text_orientation=\u201dcenter\u201dcustom_margin=\u201d||20px||false|false\u201d global_colors_info=\u201d{}\u201d]<\/p>\n<h2 class=\" translation-block\">BeVigilant\u2122 OraFusion\u2122 Sistemi E\u011fitimi ve Sertifikasyonu<\/h2>\n<p>[\/et_pb_text][et_pb_text _builder_version=\u201d4.20.4\u2033 _module_preset=\u201ddefault\u201d text_orientation=\u201dcenter\u201dcustom_margin=\u201d||50px||false|false\u201d global_colors_info=\u201d{}\u201d]<\/p>\n<p>BeVigilant\u2122 OraFusion\u2122 Sistemini muayenehanenizde kullanmaya y\u00f6nelik temel \u00f6zellikler ve \u00f6nemli y\u00f6nergeler hakk\u0131nda daha fazla bilgi edinin. E\u011fitiminizi tamamlamak i\u00e7in kullan\u0131m talimatlar\u0131n\u0131 (IFU) okuduktan sonra bu videoyu izleyin.<\/p>\n<p>[\/et_pb_text][et_pb_video src=\u201dhttps:\/\/vimeo.com\/896352683?share=copy\u201d image_src=\u201dhttps:\/\/vigilantbiosciences.com\/wp-content\/uploads\/New-Front-Cover-For-video. png\u201d play_icon_color=\u201d#008EA8\u2033 k\u00fc\u00e7\u00fck resim_overlay_color=\u201drgba(0,0,0,0.3)\u201d _builder_version=\u201d4.23.1\u2033 _module_preset=\u201ddefault\u201dcustom_margin=\u201d||50px||false|false\u201d hover_enabled=\u201d0\u2033 border_color_all=\u201d#EBEBEB\u201d box_shadow_style=\u201dpreset2\u2033 box_shadow_color=\u201drgba(0,0,0,0.15)\u201d global_colors_info=\u201d{}\u201d title_text=\u201dVideo i\u00e7in Yeni \u00d6n Kapak\u201d sticky_enabled=\u201d0\u2033][\/et_pb_video][ et_pb_button Button_url=\u201d@ET-DC@eyJkeW5hbWljIjp0cnVlLCJjb250ZW50IjoicG9zdF9saW5rX3VybF9wYWdlIiwic2V0dGluZ3MiOnsicG9zdF9pZCI6IjQwNyJ9fQ==@\u201d butonu_text=\u201dSonraki Ad\u0131m\u201d butonu_ hizalama=\u201dcenter\u201d _builder_version=\u201d4.21.0\u2033 _dynamic_attributes=\u201dbutton_url\u201d _module_preset=\u201ddefault\u201dcustom_button=\u201don\u201d butonu_text_size=\u201d 16px\u201d Button_text_color=\u201d#008EA8\u2033 Button_border_width=\u201d2px\u201d Button_border_color=\u201d#008EA8\u2033 Button_border_radius=\u201d50px\u201d Button_letter_spacing=\u201d1px\u201d Button_use_icon=\u201doff\u201d Custom_margin=\u201d|||30px|false|false\u201d Custom_margin_tablet=\u201d||1 0 piksel |0px|false|false\u201d Custom_margin_phone=\u201d|||0px|false|false\u201d Custom_margin_last_edited=\u201don|tablet\u201d Custom_padding=\u201d8px|30px|8px|30px|true|true\u201d lock=\u201doff\u201d global_colors_info=\u201d{ }\u201d Button_text_color__hover_enabled=\u201don|hover\u201d Button_text_color__hover=\u201d#FFFFFF\u201d Button_bg_color__hover_enabled=\u201don|hover\u201d Button_bg_color__hover=\u201d#008EA8\u2033 Button_bg_enable_color__hover=\u201don\u201d][\/et_pb_button][\/et_pb_column][\/et_pb _row][\/et_pb_section]<\/p>","protected":false},"excerpt":{"rendered":"<p>BeVigilant\u2122 OraFusion\u2122 Sistem E\u011fitimiBeVigilant\u2122 OraFusion\u2122 Sistemi Kullan\u0131m Talimatlar\u0131Ora-3D\u2122 IFU&#039;yu \u0130ndirin BeVigilant\u2122 Ora-3D teknolojisi ve sistemin nas\u0131l \u00e7al\u0131\u015ft\u0131r\u0131laca\u011f\u0131 hakk\u0131nda bilgi edinmek i\u00e7in kullan\u0131m talimatlar\u0131n\u0131 (IFU) okuyun. \u0130ndirinBeVigilant\u2122 Reader Kullanma Talimat\u0131n\u0131 \u0130ndirin BeVigilant\u2122 Reader teknolojisi hakk\u0131nda bilgi edinmek ve en do\u011fru sonu\u00e7lar\u0131 almak i\u00e7in Kullanma Talimat\u0131n\u0131 okuyun. BeVigilant\u2122 OraFusion\u2122 Sistem E\u011fitimini \u0130ndirin ve [\u2026]<\/p>","protected":false},"author":1,"featured_media":324,"parent":0,"menu_order":3,"comment_status":"closed","ping_status":"closed","template":"","meta":{"_et_pb_use_builder":"on","_et_pb_old_content":"","_et_gb_content_width":"","inline_featured_image":false,"footnotes":""},"class_list":["post-253","page","type-page","status-publish","has-post-thumbnail","hentry"],"yoast_head":"<!-- This site is optimized with the Yoast SEO plugin v22.1 - https:\/\/yoast.com\/wordpress\/plugins\/seo\/ -->\n<title>BeVigilant\u2122 OraFusion\u2122 System Training - Vigilant Biosciences\u00ae<\/title>\n<meta name=\"description\" content=\"We describe key features and important guidelines for using the BeVigilant\u2122 OraFusion\u2122 System in dental practices.\" \/>\n<meta name=\"robots\" content=\"noindex, nofollow\" \/>\n<meta property=\"og:locale\" content=\"tr_TR\" \/>\n<meta property=\"og:type\" content=\"article\" \/>\n<meta property=\"og:title\" content=\"BeVigilant\u2122 OraFusion\u2122 System Training - Vigilant Biosciences\u00ae\" \/>\n<meta property=\"og:description\" content=\"We describe key features and important guidelines for using the BeVigilant\u2122 OraFusion\u2122 System in dental practices.\" \/>\n<meta property=\"og:url\" content=\"https:\/\/vigilantbiosciences.com\/tr\/egitim\/\" \/>\n<meta property=\"og:site_name\" content=\"Vigilant Biosciences\u00ae\" \/>\n<meta property=\"article:publisher\" content=\"https:\/\/www.facebook.com\/VigilantBiosciences1\" \/>\n<meta property=\"article:modified_time\" content=\"2023-12-20T20:39:09+00:00\" \/>\n<meta property=\"og:image\" content=\"https:\/\/vigilantbiosciences.com\/wp-content\/uploads\/patient-resource-banner.jpg\" \/>\n\t<meta property=\"og:image:width\" content=\"1920\" \/>\n\t<meta property=\"og:image:height\" content=\"396\" \/>\n\t<meta property=\"og:image:type\" content=\"image\/jpeg\" \/>\n<meta name=\"twitter:card\" content=\"summary_large_image\" \/>\n<meta name=\"twitter:label1\" content=\"Tahmini okuma s\u00fcresi\" \/>\n\t<meta name=\"twitter:data1\" content=\"2 dakika\" \/>\n<script type=\"application\/ld+json\" class=\"yoast-schema-graph\">{\"@context\":\"https:\/\/schema.org\",\"@graph\":[{\"@type\":\"WebPage\",\"@id\":\"https:\/\/vigilantbiosciences.com\/training\/\",\"url\":\"https:\/\/vigilantbiosciences.com\/training\/\",\"name\":\"BeVigilant\u2122 OraFusion\u2122 System Training - Vigilant Biosciences\u00ae\",\"isPartOf\":{\"@id\":\"https:\/\/vigilantbiosciences.com\/#website\"},\"datePublished\":\"2023-03-22T18:24:01+00:00\",\"dateModified\":\"2023-12-20T20:39:09+00:00\",\"description\":\"We describe key features and important guidelines for using the BeVigilant\u2122 OraFusion\u2122 System in dental practices.\",\"breadcrumb\":{\"@id\":\"https:\/\/vigilantbiosciences.com\/training\/#breadcrumb\"},\"inLanguage\":\"tr\",\"potentialAction\":[{\"@type\":\"ReadAction\",\"target\":[\"https:\/\/vigilantbiosciences.com\/training\/\"]}]},{\"@type\":\"BreadcrumbList\",\"@id\":\"https:\/\/vigilantbiosciences.com\/training\/#breadcrumb\",\"itemListElement\":[{\"@type\":\"ListItem\",\"position\":1,\"name\":\"Home\",\"item\":\"https:\/\/vigilantbiosciences.com\/\"},{\"@type\":\"ListItem\",\"position\":2,\"name\":\"BeVigilant\u2122 OraFusion\u2122 System Training\"}]},{\"@type\":\"WebSite\",\"@id\":\"https:\/\/vigilantbiosciences.com\/#website\",\"url\":\"https:\/\/vigilantbiosciences.com\/\",\"name\":\"Vigilant Biosciences\u00ae\",\"description\":\"\",\"publisher\":{\"@id\":\"https:\/\/vigilantbiosciences.com\/#organization\"},\"potentialAction\":[{\"@type\":\"SearchAction\",\"target\":{\"@type\":\"EntryPoint\",\"urlTemplate\":\"https:\/\/vigilantbiosciences.com\/?s={search_term_string}\"},\"query-input\":\"required name=search_term_string\"}],\"inLanguage\":\"tr\"},{\"@type\":\"Organization\",\"@id\":\"https:\/\/vigilantbiosciences.com\/#organization\",\"name\":\"Vigilant Biosciences\u00ae\",\"url\":\"https:\/\/vigilantbiosciences.com\/\",\"logo\":{\"@type\":\"ImageObject\",\"inLanguage\":\"tr\",\"@id\":\"https:\/\/vigilantbiosciences.com\/#\/schema\/logo\/image\/\",\"url\":\"https:\/\/vigilantbiosciences.com\/wp-content\/uploads\/vigilant-logo-horizontal.svg\",\"contentUrl\":\"https:\/\/vigilantbiosciences.com\/wp-content\/uploads\/vigilant-logo-horizontal.svg\",\"width\":\"1024\",\"height\":\"1024\",\"caption\":\"Vigilant Biosciences\u00ae\"},\"image\":{\"@id\":\"https:\/\/vigilantbiosciences.com\/#\/schema\/logo\/image\/\"},\"sameAs\":[\"https:\/\/www.facebook.com\/VigilantBiosciences1\",\"https:\/\/www.linkedin.com\/company\/vigilant-biosciences\/\"]}]}<\/script>\n<!-- \/ Yoast SEO plugin. -->","yoast_head_json":{"title":"BeVigilant\u2122 OraFusion\u2122 System Training - Vigilant Biosciences\u00ae","description":"We describe key features and important guidelines for using the BeVigilant\u2122 OraFusion\u2122 System in dental practices.","robots":{"index":"noindex","follow":"nofollow"},"og_locale":"tr_TR","og_type":"article","og_title":"BeVigilant\u2122 OraFusion\u2122 System Training - Vigilant Biosciences\u00ae","og_description":"We describe key features and important guidelines for using the BeVigilant\u2122 OraFusion\u2122 System in dental practices.","og_url":"https:\/\/vigilantbiosciences.com\/tr\/egitim\/","og_site_name":"Vigilant Biosciences\u00ae","article_publisher":"https:\/\/www.facebook.com\/VigilantBiosciences1","article_modified_time":"2023-12-20T20:39:09+00:00","og_image":[{"width":1920,"height":396,"url":"https:\/\/vigilantbiosciences.com\/wp-content\/uploads\/patient-resource-banner.jpg","type":"image\/jpeg"}],"twitter_card":"summary_large_image","twitter_misc":{"Tahmini okuma s\u00fcresi":"2 dakika"},"schema":{"@context":"https:\/\/schema.org","@graph":[{"@type":"WebPage","@id":"https:\/\/vigilantbiosciences.com\/training\/","url":"https:\/\/vigilantbiosciences.com\/training\/","name":"BeVigilant\u2122 OraFusion\u2122 System Training - Vigilant Biosciences\u00ae","isPartOf":{"@id":"https:\/\/vigilantbiosciences.com\/#website"},"datePublished":"2023-03-22T18:24:01+00:00","dateModified":"2023-12-20T20:39:09+00:00","description":"We describe key features and important guidelines for using the BeVigilant\u2122 OraFusion\u2122 System in dental practices.","breadcrumb":{"@id":"https:\/\/vigilantbiosciences.com\/training\/#breadcrumb"},"inLanguage":"tr","potentialAction":[{"@type":"ReadAction","target":["https:\/\/vigilantbiosciences.com\/training\/"]}]},{"@type":"BreadcrumbList","@id":"https:\/\/vigilantbiosciences.com\/training\/#breadcrumb","itemListElement":[{"@type":"ListItem","position":1,"name":"Home","item":"https:\/\/vigilantbiosciences.com\/"},{"@type":"ListItem","position":2,"name":"BeVigilant\u2122 OraFusion\u2122 System Training"}]},{"@type":"WebSite","@id":"https:\/\/vigilantbiosciences.com\/#website","url":"https:\/\/vigilantbiosciences.com\/","name":"Vigilant Biosciences\u00ae","description":"","publisher":{"@id":"https:\/\/vigilantbiosciences.com\/#organization"},"potentialAction":[{"@type":"SearchAction","target":{"@type":"EntryPoint","urlTemplate":"https:\/\/vigilantbiosciences.com\/?s={search_term_string}"},"query-input":"required name=search_term_string"}],"inLanguage":"tr"},{"@type":"Organization","@id":"https:\/\/vigilantbiosciences.com\/#organization","name":"Vigilant Biosciences\u00ae","url":"https:\/\/vigilantbiosciences.com\/","logo":{"@type":"ImageObject","inLanguage":"tr","@id":"https:\/\/vigilantbiosciences.com\/#\/schema\/logo\/image\/","url":"https:\/\/vigilantbiosciences.com\/wp-content\/uploads\/vigilant-logo-horizontal.svg","contentUrl":"https:\/\/vigilantbiosciences.com\/wp-content\/uploads\/vigilant-logo-horizontal.svg","width":"1024","height":"1024","caption":"Vigilant Biosciences\u00ae"},"image":{"@id":"https:\/\/vigilantbiosciences.com\/#\/schema\/logo\/image\/"},"sameAs":["https:\/\/www.facebook.com\/VigilantBiosciences1","https:\/\/www.linkedin.com\/company\/vigilant-biosciences\/"]}]}},"_links":{"self":[{"href":"https:\/\/vigilantbiosciences.com\/tr\/wp-json\/wp\/v2\/pages\/253","targetHints":{"allow":["GET"]}}],"collection":[{"href":"https:\/\/vigilantbiosciences.com\/tr\/wp-json\/wp\/v2\/pages"}],"about":[{"href":"https:\/\/vigilantbiosciences.com\/tr\/wp-json\/wp\/v2\/types\/page"}],"author":[{"embeddable":true,"href":"https:\/\/vigilantbiosciences.com\/tr\/wp-json\/wp\/v2\/users\/1"}],"replies":[{"embeddable":true,"href":"https:\/\/vigilantbiosciences.com\/tr\/wp-json\/wp\/v2\/comments?post=253"}],"version-history":[{"count":0,"href":"https:\/\/vigilantbiosciences.com\/tr\/wp-json\/wp\/v2\/pages\/253\/revisions"}],"wp:featuredmedia":[{"embeddable":true,"href":"https:\/\/vigilantbiosciences.com\/tr\/wp-json\/wp\/v2\/media\/324"}],"wp:attachment":[{"href":"https:\/\/vigilantbiosciences.com\/tr\/wp-json\/wp\/v2\/media?parent=253"}],"curies":[{"name":"wp","href":"https:\/\/api.w.org\/{rel}","templated":true}]}}