{"id":149,"date":"2023-03-01T14:19:41","date_gmt":"2023-03-01T14:19:41","guid":{"rendered":"https:\/\/vigilantbio.wpengine.com\/?page_id=149"},"modified":"2023-04-20T17:12:16","modified_gmt":"2023-04-20T17:12:16","slug":"contact-thank-you","status":"publish","type":"page","link":"https:\/\/vigilantbiosciences.com\/tr\/iletisime-gecin-tesekkur-ederim\/","title":{"rendered":"\u0130leti\u015fime Ge\u00e7in Te\u015fekk\u00fcr Ederiz"},"content":{"rendered":"<p>[et_pb_section fb_built=\u201d1\u2033 custom_padding_last_edited=\u201dtelefonda|\u00fczerinde\u201d _builder_version=\u201d4.20.4\u2033 _module_preset=\u201dvarsay\u0131lan\u201d use_background_color_gradient=\u201d\u00fczerinde\u201d background_color_gradient_stops=\u201drgba(0,142,168,0.5) 0%|rgba(0,142,168,0.5) 100%\u201d background_color_gradient_overlays_image=\u201d\u00fczerinde\u201d background_image=\u201dhttps:\/\/vigilantbiosciences.com\/wp-content\/uploads\/Cover.jpg\u201d background_position=\u201d\u00fcst_orta\u201d custom_padding=\u201d100px||100px||do\u011fru|yanl\u0131\u015f\u201d custom_padding_tablet=\u201d80px||80px||do\u011fru|yanl\u0131\u015f\u201d custom_padding_phone=\u201d50px||50px||true|false\u201d hover_enabled=\u201d0\u2033 global_colors_info=\u201d{}\u201d sticky_enabled=\u201d0\u2033][et_pb_row _builder_version=\u201d4.20.0\u2033 _module_preset=\u201dvarsay\u0131lan\u201d global_colors_info=\u201d{}\u201d][et_pb_column type=\u201d4_4\u2033 _builder_version=\u201d4.20.0\u2033 _module_preset=\u201dvarsay\u0131lan\u201d global_colors_info=\u201d{}\u201d][et_pb_text _builder_version=\u201d4.20.4\u2033 _module_preset=\u201dvarsay\u0131lan\u201d header_font=\u201d|600|||||||\u201d header_letter_spacing=\u201d-3px\u201d text_orientation=\u201dcenter\u201d background_layout=\u201ddark\u201d global_colors_info=\u201d{}\u201d]<\/p>\n<h1>Te\u015fekk\u00fcr ederim<\/h1>\n<p>[\/et_pb_text][\/et_pb_column][\/et_pb_row][\/et_pb_section][et_pb_section fb_built=\u201d1\u2033 custom_padding_last_edited=\u201d\u00fczerinde|telefon\u201d _builder_version=\u201d4.20.0\u2033 _module_preset=\u201dvarsay\u0131lan\u201d background_enable_color=\u201dkapal\u0131\u201d custom_margin=\u201d||||false|false\u201d custom_padding=\u201d80px||80px||true|false\u201d custom_padding_tablet=\u201d50px||10px||false|false\u201d custom_padding_phone=\u201d30px||0px||false|false\u201d locked=\u201dkapal\u0131\u201d global_colors_info=\u201d{}\u201d][et_pb_row _builder_version=\u201d4.20.0\u2033 _module_preset=\u201dvarsay\u0131lan\u201d geni\u015flik=\u201d90%\u201d global_colors_info=\u201d{}\u201d][et_pb_column type=\u201d4_4\u2033 _builder_version=\u201d4.20.0\u2033 _module_preset=\u201dvarsay\u0131lan\u201d global_colors_info=\u201d{}\u201d][et_pb_text _builder_version=\u201d4.20.0\u2033 _module_preset=\u201dvarsay\u0131lan\u201d header_2_text_color=\u201d#F05323\u2033 text_orientation=\u201dorta\u201d global_colors_info=\u201d{}\u201d]<\/p>\n<h2>Ekibimizin bir \u00fcyesi yak\u0131nda sizinle ileti\u015fime ge\u00e7ecek. Bu arada a\u015fa\u011f\u0131daki kaynaklar\u0131 ke\u015ffetmekten \u00e7ekinmeyin.<\/h2>\n<p>[\/et_pb_text][\/et_pb_column][\/et_pb_row][\/et_pb_section][et_pb_section fb_built=\u201d1\u2033 _builder_version=\u201d4.20.0\u2033 _module_preset=\u201dvarsay\u0131lan\u201d geni\u015flik=\u201d100%\u201d maksimum_geni\u015flik=\u201d100%\u201d \u00f6zel_marj=\u201d0px||0px||do\u011fru|yanl\u0131\u015f\u201d \u00f6zel_dolgu=\u201d0px||0px||yanl\u0131\u015f|yanl\u0131\u015f\u201d kilitli=\u201dkapal\u0131\u201d global_colors_info=\u201d{}\u201d][et_pb_row s\u00fctun_yap\u0131s\u0131=\u201d1_2,1_2\u2033 \u00f6zel_oluk_kullan=\u201da\u00e7\u0131k\u201d oluk_geni\u015fli\u011fi=\u201d1\u2033 e\u015fitle=\u201da\u00e7\u0131k\u201d mod\u00fcl_s\u0131n\u0131f\u0131=\u201dters\u201d _builder_version=\u201d4.20.2\u2033 _module_preset=\u201dvarsay\u0131lan\u201d width_tablet=\u201d90%\u201d width_phone=\u201d90%\u201d width_last_edited=\u201dtelefonda\u201d custom_paddding=\u201d0px||0px||false|false\u201d global_colors_info=\u201d{}\u201d custom_css_main_element_last_edited=\u201dtelefonda\u201d custom_css_main_element_tablet=\u201dekran: flex;\u201d custom_css_main_element_phone=\u201dg\u00f6r\u00fcnt\u00fcle: blok;\u201d][et_pb_column type=\u201d1_2\u2033 admin_label=\u201dS\u00fctun\u201d _builder_version=\u201d4.20.2\u2033 _module_preset=\u201dvarsay\u0131lan\u201d background_image=\u201dhttps:\/\/vigilantbiosciences.com\/wp-content\/uploads\/kanser-h\u00fccreleri-il\u00fcstrasyon.jpg\u201d custom_padding=\u201d0px|0px|0px|0px|true|true\u201d custom_padding_tablet=\u201d105px|80px|105px|80px|true|true\u201d custom_padding_phone=\u201d80px|80px|80px|80px|true|true\u201d custom_padding_last_edited=\u201d\u00fczerinde|tablet\u201d global_colors_info=\u201d{}\u201d][\/et_pb_column][et_pb_column type=\u201d1_2\u2033 _builder_version=\u201d4.20.0\u2033 _module_preset=\u201ddefault\u201d custom_paddding=\u201d80px|80px|80px|80px|true|true\u201d custom_padding_tablet=\u201d50px|50px|50px|50px|true|true\u201d custom_padding_phone=\u201d30px|30px|30px|30px|true|true\u201d custom_padding_last_edited=\u201don|telefon\u201d custom_css_main_element=\u201dg\u00f6r\u00fcnt\u00fcleme: esnek;||esnek-y\u00f6n: s\u00fctun;||i\u00e7eri\u011fi-do\u011frula: merkez;\u201d global_colors_info=\u201d{}\u201d][et_pb_text _builder_version=\u201d4.20.2\u2033 _module_preset=\u201dvarsay\u0131lan\u201d \u00f6zel_marj=\u201d||10px||false|false\u201d \u00f6zel_dolgu=\u201d||0px||false|false\u201d text_orientation_tablet=\u201d\u201d text_orientation_phone=\u201dorta\u201d text_orientation_last_edited=\u201dtelefonda|telefon\u201d global_colors_info=\u201d{}\u201d]<\/p>\n<h3>Tespiti D\u00f6n\u00fc\u015ft\u00fcr\u00fcyor, Ya\u015famlar\u0131 \u0130yile\u015ftiriyor<\/h3>\n<p>[\/et_pb_text][et_pb_text _builder_version=\u201d4.20.2\u2033 _module_preset=\u201dvarsay\u0131lan\u201d \u00f6zel_marj=\u201d||30px||false|false\u201d \u00f6zel_dolgu=\u201d||0px||false|false\u201d text_orientation_tablet=\u201d\u201d text_orientation_phone=\u201dorta\u201d text_orientation_last_edited=\u201dtelefonda|telefon\u201d global_colors_info=\u201d{}\u201d]<\/p>\n<p>Vigilant'\u0131n arkas\u0131ndaki hikaye: G\u00f6revimizin bizim i\u00e7in neden bu kadar \u00f6nemli oldu\u011funu \u00f6\u011frenin.<\/p>\n<p>[\/et_pb_text][et_pb_button button_url=\u201d@ET-DC@eyJkeW5hbWljIjp0cnVlLCJjb250ZW50IjoicG9zdF9saW5rX3VybF9wYWdlIiwic2V0dGluZ3MiOnsicG9zdF9pZCI6Ijc4In19@\u201d button_text=\u201dKe\u015ffet\u201d button_alignment_tablet=\u201d\u201d button_alignment_phone=\u201dorta\u201d button_alignment_last_edited=\u201da\u00e7\u0131k|telefon\u201d _builder_version=\u201d4.20.2\u2033 _dynamic_attributes=\u201dbutton_url\u201d _module_preset=\u201dvarsay\u0131lan\u201d custom_button=\u201da\u00e7\u0131k\u201d button_text_size=\u201d16px\u201d button_text_color=\u201d#008EA8\u2033 button_border_width=\u201d2px\u201d button_border_color=\u201d#008EA8\u2033 button_border_radius=\u201d50px\u201d button_letter_spacing=\u201d1px\u201d button_use_icon=\u201doff\u201d custom_margin=\u201d0px||0px||false|false\u201d custom_paddding=\u201d8px|30px|8px|30px|true|true\u201d global_colors_info=\u201d{}\u201d button_text_color__hover_enabled=\u201da\u00e7\u0131k|gezgin\u201d button_text_color__hover=\u201d#FFFFFF\u201d button_bg_color__hover_enabled=\u201da\u00e7\u0131k|gezgin\u201d button_bg_color__hover=\u201d#008EA8\u2033 button_bg_enable_color__hover=\u201da\u00e7\u0131k\u201d][\/et_pb_button][\/et_pb_column][\/et_pb_row][\/et_pb_section][et_pb_section fb_built=\u201d1\u2033 _builder_version=\u201d4.20.0\u2033 _module_preset=\u201dvarsay\u0131lan\u201d width=\u201d100%\u201d max_width=\u201d100%\u201d custom_margin=\u201d0px||0px||true|false\u201d custom_padding=\u201d0px||0px||false|false\u201d locked=\u201doff\u201d global_colors_info=\u201d{}\u201d][et_pb_row column_structure=\u201d1_2,1_2\u2033 use_custom_gutter=\u201da\u00e7\u0131k\u201d gutter_width=\u201d1\u2033 make_equal=\u201da\u00e7\u0131k\u201d custom_padding_last_edited=\u201dtelefonda\u201d module_class=\u201dters\u201d _builder_version=\u201d4.20.4\u2033 _module_preset=\u201dvarsay\u0131lan\u201d width_tablet=\u201d90%\u201d width_phone=\u201d90%\u201d width_last_edited=\u201dtablet \u00fczerinde\u201d custom_padding=\u201d0px||70px||false|false\u201d custom_padding_tablet=\u201d0px||50px||false|false\u201d custom_padding_phone=\u201d0px||||false|false\u201d hover_enabled=\u201d0\u2033 global_colors_info=\u201d{}\u201d custom_css_main_element_last_edited=\u201dtelefonda\u201d custom_css_main_element_tablet=\u201dekran: esnek;\u201d custom_css_main_element_phone=\u201dekran: blok;\u201d sticky_enabled=\u201d0\u2033][et_pb_column type=\u201d1_2\u2033 _builder_version=\u201d4.20.0\u2033 _module_preset=\u201ddefault\u201d custom_paddding=\u201d80px|80px|80px|80px|true|true\u201d custom_paddding_tablet=\u201d50px|50px|50px|50px|true|true\u201d custom_padding_phone=\u201d30px|30px|30px|30px|true|true\u201d custom_padding_last_edited=\u201don|phone\u201d custom_css_main_element=\u201ddisplay: flex;||flex-direction: column;||justify-content: center;\u201d global_colors_info=\u201d{}\u201d][et_pb_text _builder_version=\u201d4.20.2\u2033 _module_preset=\u201dvarsay\u0131lan\u201d text_orientation=\u201dsa\u011f\u201d custom_margin=\u201d||10px||false|false\u201d custom_paddding=\u201d||0px||false|false\u201d text_orientation_tablet=\u201dsa\u011f\u201d text_orientation_phone=\u201dorta\u201d text_orientation_last_edited=\u201dtelefonda|telefon\u201d global_colors_info=\u201d{}\u201d]<\/p>\n<h3>\u00d6nceki Bilimi Anlamak<\/h3>\n<p>[\/et_pb_text][et_pb_text _builder_version=\u201d4.20.2\u2033 _module_preset=\u201dvarsay\u0131lan\u201d text_orientation=\u201dsa\u011f\u201d custom_margin=\u201d||30px||false|false\u201d custom_dolgu=\u201d||0px||false|false\u201d text_orientation_tablet=\u201dsa\u011f\u201d text_orientation_phone=\u201dorta\u201d text_orientation_last_edited=\u201dtelefonda|telefon\u201d global_colors_info=\u201d{}\u201d]<\/p>\n<p>BeVigilant\u2122 OraFusion\u2122 Sisteminin arkas\u0131ndaki kaynaklar\u0131 ve teknolojiyi ke\u015ffedin.<\/p>\n<p>[\/et_pb_text][et_pb_button button_url=\u201d@ET-DC@eyJkeW5hbWljIjp0cnVlLCJjb250ZW50IjoicG9zdF9saW5rX3VybF9wYWdlIiwic2V0dGluZ3MiOnsicG9zdF9pZCI6IjEzMCJ9fQ==@\u201d button_text=\u201dDaha Fazla Bilgi Edinin\u201d button_alignment=\u201dsa\u011f\u201d button_alignment_tablet=\u201dsa\u011f\u201d button_alignment_phone=\u201dorta\u201d button_alignment_last_edited=\u201da\u00e7\u0131k|telefon\u201d _builder_version=\u201d4.20.2\u2033 _dynamic_attributes=\u201dbutton_url\u201d _module_preset=\u201dvarsay\u0131lan\u201d custom_button=\u201da\u00e7\u0131k\u201d button_text_size=\u201d16px\u201d button_text_color=\u201d#008EA8\u2033 button_border_width=\u201d2px\u201d button_border_color=\u201d#008EA8\u2033 button_border_radius=\u201d50px\u201d button_letter_spacing=\u201d1px\u201d button_use_icon=\u201doff\u201d custom_margin=\u201d0px||0px||false|false\u201d custom_paddding=\u201d8px|30px|8px|30px|true|true\u201d global_colors_info=\u201d{}\u201d button_text_color__hover_enabled=\u201da\u00e7\u0131k|gezgin\u201d button_text_color__hover=\u201d#FFFFFF\u201d button_bg_color__hover_enabled=\u201da\u00e7\u0131k|gezgin\u201d button_bg_color__hover=\u201d#008EA8\u2033 button_bg_enable_color__hover=\u201da\u00e7\u0131k\u201d][\/et_pb_button][\/et_pb_column][et_pb_column type=\u201d1_2\u2033 admin_label=\u201dS\u00fctun\u201d _builder_version=\u201d4.20.4\u2033 _module_preset=\u201dvarsay\u0131lan\u201d custom_padding=\u201d0px|0px|0px|0px|true|true\u201d custom_padding_tablet=\u201d80px|80px|80px|80px|true|true\u201d custom_padding_phone=\u201d80px|80px|80px|80px|true|true\u201d custom_padding_last_edited=\u201da\u00e7\u0131k|tablet\u201d hover_enabled=\u201d0\u2033 global_colors_info=\u201d{}\u201d background_enable_image=\u201dkapal\u0131\u201d sticky_enabled=\u201d0\u2033][et_pb_image src=\u201dhttps:\/\/vigilantbiosciences.com\/wp-content\/uploads\/Reader_5.jpg\u201d _builder_version=\u201d4.20.4\u2033 _module_preset=\u201ddefault\u201d alt=\u201dKaset A\u00e7\u0131k BeVigilant\u2122 OraFusion\u2122 Sistemi\u201d title_text=\u201dKaset A\u00e7\u0131k BeVigilant\u2122 OraFusion\u2122 Sistemi\u201d hover_enabled=\u201d0\u2033 sticky_enabled=\u201d0\u2033][\/et_pb_image][\/et_pb_column][\/et_pb_row][\/et_pb_section]<\/p>","protected":false},"excerpt":{"rendered":"<p>Te\u015fekk\u00fcrlerEkibimizden bir \u00fcye yak\u0131nda sizinle ileti\u015fime ge\u00e7ecek. Bu arada a\u015fa\u011f\u0131daki kaynaklar\u0131 ke\u015ffetmekten \u00e7ekinmeyin.Tespiti D\u00f6n\u00fc\u015ft\u00fcrmek, Hayatlar\u0131 \u0130yile\u015ftirmekVigilant&#039;\u0131n arkas\u0131ndaki hikaye: Misyonumuzun bizim i\u00e7in neden bu kadar \u00f6nemli oldu\u011funu \u00f6\u011frenin.Earlier&#039;\u0131n Bilimini AnlamakBeVigilant\u2122 OraFusion\u2122 Sisteminin arkas\u0131ndaki kaynaklar\u0131 ve teknolojiyi ke\u015ffedin.<\/p>","protected":false},"author":1,"featured_media":0,"parent":0,"menu_order":11,"comment_status":"closed","ping_status":"closed","template":"","meta":{"_et_pb_use_builder":"on","_et_pb_old_content":"","_et_gb_content_width":"","inline_featured_image":false,"footnotes":""},"class_list":["post-149","page","type-page","status-publish","hentry"],"yoast_head":"<!-- This site is optimized with the Yoast SEO plugin v22.1 - https:\/\/yoast.com\/wordpress\/plugins\/seo\/ -->\n<title>Contact Thank You - Vigilant Biosciences\u00ae<\/title>\n<meta name=\"robots\" content=\"index, follow, max-snippet:-1, max-image-preview:large, max-video-preview:-1\" \/>\n<link rel=\"canonical\" href=\"https:\/\/vigilantbiosciences.com\/tr\/iletisime-gecin-tesekkur-ederim\/\" \/>\n<meta property=\"og:locale\" content=\"tr_TR\" \/>\n<meta property=\"og:type\" content=\"article\" \/>\n<meta property=\"og:title\" content=\"Contact Thank You - Vigilant Biosciences\u00ae\" \/>\n<meta property=\"og:description\" content=\"Patient Resources Understanding the Risk of Oral CancerThe Impact of Oral Cancer In the US alone, oral cancer kills an average one person per hour, 24 hours per day.1Oral cancer is a global challenge with more than 657,000 cases and nearly 330,000 deaths each year1Worldwide 5-year survival rate is only 50% due to delayed intervention [&hellip;]\" \/>\n<meta property=\"og:url\" content=\"https:\/\/vigilantbiosciences.com\/tr\/iletisime-gecin-tesekkur-ederim\/\" \/>\n<meta property=\"og:site_name\" content=\"Vigilant Biosciences\u00ae\" \/>\n<meta property=\"article:publisher\" content=\"https:\/\/www.facebook.com\/VigilantBiosciences1\" \/>\n<meta property=\"article:modified_time\" content=\"2023-04-20T17:12:16+00:00\" \/>\n<meta name=\"twitter:card\" content=\"summary_large_image\" \/>\n<meta name=\"twitter:label1\" content=\"Tahmini okuma s\u00fcresi\" \/>\n\t<meta name=\"twitter:data1\" content=\"2 dakika\" \/>\n<script type=\"application\/ld+json\" class=\"yoast-schema-graph\">{\"@context\":\"https:\/\/schema.org\",\"@graph\":[{\"@type\":\"WebPage\",\"@id\":\"https:\/\/vigilantbiosciences.com\/contact-thank-you\/\",\"url\":\"https:\/\/vigilantbiosciences.com\/contact-thank-you\/\",\"name\":\"Contact Thank You - Vigilant Biosciences\u00ae\",\"isPartOf\":{\"@id\":\"https:\/\/vigilantbiosciences.com\/#website\"},\"datePublished\":\"2023-03-01T14:19:41+00:00\",\"dateModified\":\"2023-04-20T17:12:16+00:00\",\"breadcrumb\":{\"@id\":\"https:\/\/vigilantbiosciences.com\/contact-thank-you\/#breadcrumb\"},\"inLanguage\":\"tr\",\"potentialAction\":[{\"@type\":\"ReadAction\",\"target\":[\"https:\/\/vigilantbiosciences.com\/contact-thank-you\/\"]}]},{\"@type\":\"BreadcrumbList\",\"@id\":\"https:\/\/vigilantbiosciences.com\/contact-thank-you\/#breadcrumb\",\"itemListElement\":[{\"@type\":\"ListItem\",\"position\":1,\"name\":\"Home\",\"item\":\"https:\/\/vigilantbiosciences.com\/\"},{\"@type\":\"ListItem\",\"position\":2,\"name\":\"Contact Thank You\"}]},{\"@type\":\"WebSite\",\"@id\":\"https:\/\/vigilantbiosciences.com\/#website\",\"url\":\"https:\/\/vigilantbiosciences.com\/\",\"name\":\"Vigilant Biosciences\u00ae\",\"description\":\"\",\"publisher\":{\"@id\":\"https:\/\/vigilantbiosciences.com\/#organization\"},\"potentialAction\":[{\"@type\":\"SearchAction\",\"target\":{\"@type\":\"EntryPoint\",\"urlTemplate\":\"https:\/\/vigilantbiosciences.com\/?s={search_term_string}\"},\"query-input\":\"required name=search_term_string\"}],\"inLanguage\":\"tr\"},{\"@type\":\"Organization\",\"@id\":\"https:\/\/vigilantbiosciences.com\/#organization\",\"name\":\"Vigilant Biosciences\u00ae\",\"url\":\"https:\/\/vigilantbiosciences.com\/\",\"logo\":{\"@type\":\"ImageObject\",\"inLanguage\":\"tr\",\"@id\":\"https:\/\/vigilantbiosciences.com\/#\/schema\/logo\/image\/\",\"url\":\"https:\/\/vigilantbiosciences.com\/wp-content\/uploads\/vigilant-logo-horizontal.svg\",\"contentUrl\":\"https:\/\/vigilantbiosciences.com\/wp-content\/uploads\/vigilant-logo-horizontal.svg\",\"width\":\"1024\",\"height\":\"1024\",\"caption\":\"Vigilant Biosciences\u00ae\"},\"image\":{\"@id\":\"https:\/\/vigilantbiosciences.com\/#\/schema\/logo\/image\/\"},\"sameAs\":[\"https:\/\/www.facebook.com\/VigilantBiosciences1\",\"https:\/\/www.linkedin.com\/company\/vigilant-biosciences\/\"]}]}<\/script>\n<!-- \/ Yoast SEO plugin. -->","yoast_head_json":{"title":"Contact Thank You - Vigilant Biosciences\u00ae","robots":{"index":"index","follow":"follow","max-snippet":"max-snippet:-1","max-image-preview":"max-image-preview:large","max-video-preview":"max-video-preview:-1"},"canonical":"https:\/\/vigilantbiosciences.com\/tr\/iletisime-gecin-tesekkur-ederim\/","og_locale":"tr_TR","og_type":"article","og_title":"Contact Thank You - Vigilant Biosciences\u00ae","og_description":"Patient Resources Understanding the Risk of Oral CancerThe Impact of Oral Cancer In the US alone, oral cancer kills an average one person per hour, 24 hours per day.1Oral cancer is a global challenge with more than 657,000 cases and nearly 330,000 deaths each year1Worldwide 5-year survival rate is only 50% due to delayed intervention [&hellip;]","og_url":"https:\/\/vigilantbiosciences.com\/tr\/iletisime-gecin-tesekkur-ederim\/","og_site_name":"Vigilant Biosciences\u00ae","article_publisher":"https:\/\/www.facebook.com\/VigilantBiosciences1","article_modified_time":"2023-04-20T17:12:16+00:00","twitter_card":"summary_large_image","twitter_misc":{"Tahmini okuma s\u00fcresi":"2 dakika"},"schema":{"@context":"https:\/\/schema.org","@graph":[{"@type":"WebPage","@id":"https:\/\/vigilantbiosciences.com\/contact-thank-you\/","url":"https:\/\/vigilantbiosciences.com\/contact-thank-you\/","name":"Contact Thank You - Vigilant Biosciences\u00ae","isPartOf":{"@id":"https:\/\/vigilantbiosciences.com\/#website"},"datePublished":"2023-03-01T14:19:41+00:00","dateModified":"2023-04-20T17:12:16+00:00","breadcrumb":{"@id":"https:\/\/vigilantbiosciences.com\/contact-thank-you\/#breadcrumb"},"inLanguage":"tr","potentialAction":[{"@type":"ReadAction","target":["https:\/\/vigilantbiosciences.com\/contact-thank-you\/"]}]},{"@type":"BreadcrumbList","@id":"https:\/\/vigilantbiosciences.com\/contact-thank-you\/#breadcrumb","itemListElement":[{"@type":"ListItem","position":1,"name":"Home","item":"https:\/\/vigilantbiosciences.com\/"},{"@type":"ListItem","position":2,"name":"Contact Thank You"}]},{"@type":"WebSite","@id":"https:\/\/vigilantbiosciences.com\/#website","url":"https:\/\/vigilantbiosciences.com\/","name":"Vigilant Biosciences\u00ae","description":"","publisher":{"@id":"https:\/\/vigilantbiosciences.com\/#organization"},"potentialAction":[{"@type":"SearchAction","target":{"@type":"EntryPoint","urlTemplate":"https:\/\/vigilantbiosciences.com\/?s={search_term_string}"},"query-input":"required name=search_term_string"}],"inLanguage":"tr"},{"@type":"Organization","@id":"https:\/\/vigilantbiosciences.com\/#organization","name":"Vigilant Biosciences\u00ae","url":"https:\/\/vigilantbiosciences.com\/","logo":{"@type":"ImageObject","inLanguage":"tr","@id":"https:\/\/vigilantbiosciences.com\/#\/schema\/logo\/image\/","url":"https:\/\/vigilantbiosciences.com\/wp-content\/uploads\/vigilant-logo-horizontal.svg","contentUrl":"https:\/\/vigilantbiosciences.com\/wp-content\/uploads\/vigilant-logo-horizontal.svg","width":"1024","height":"1024","caption":"Vigilant Biosciences\u00ae"},"image":{"@id":"https:\/\/vigilantbiosciences.com\/#\/schema\/logo\/image\/"},"sameAs":["https:\/\/www.facebook.com\/VigilantBiosciences1","https:\/\/www.linkedin.com\/company\/vigilant-biosciences\/"]}]}},"_links":{"self":[{"href":"https:\/\/vigilantbiosciences.com\/tr\/wp-json\/wp\/v2\/pages\/149","targetHints":{"allow":["GET"]}}],"collection":[{"href":"https:\/\/vigilantbiosciences.com\/tr\/wp-json\/wp\/v2\/pages"}],"about":[{"href":"https:\/\/vigilantbiosciences.com\/tr\/wp-json\/wp\/v2\/types\/page"}],"author":[{"embeddable":true,"href":"https:\/\/vigilantbiosciences.com\/tr\/wp-json\/wp\/v2\/users\/1"}],"replies":[{"embeddable":true,"href":"https:\/\/vigilantbiosciences.com\/tr\/wp-json\/wp\/v2\/comments?post=149"}],"version-history":[{"count":0,"href":"https:\/\/vigilantbiosciences.com\/tr\/wp-json\/wp\/v2\/pages\/149\/revisions"}],"wp:attachment":[{"href":"https:\/\/vigilantbiosciences.com\/tr\/wp-json\/wp\/v2\/media?parent=149"}],"curies":[{"name":"wp","href":"https:\/\/api.w.org\/{rel}","templated":true}]}}