{"id":96,"date":"2023-02-28T17:35:36","date_gmt":"2023-02-28T17:35:36","guid":{"rendered":"https:\/\/vigilantbio.wpengine.com\/?page_id=96"},"modified":"2023-03-20T20:11:43","modified_gmt":"2023-03-20T20:11:43","slug":"investors","status":"publish","type":"page","link":"https:\/\/vigilantbiosciences.com\/pt\/investidores\/","title":{"rendered":"Investidores"},"content":{"rendered":"<p>[et_pb_section fb_built=\u201d1\u2033 custom_padding_last_edited=\u201don|phone\u201d _builder_version=\u201d4.20.0\u2033 _module_preset=\u201ddefault\u201d background_image=\u201dhttps:\/\/vigilantbiosciences.com\/wp-content\/uploads\/investor-header-image.jpg\u201d custom_padding=\u201d100px||100px||true|false\u201d custom_padding_tablet=\u201d80px||80px||true|false\u201d custom_padding_phone=\u201d50px||50px||true|false\u201d hover_enabled=\u201d0\u2033 global_colors_info=\u201d{}\u201d alt=\u201dClose da ilustra\u00e7\u00e3o de c\u00e9lulas cancer\u00edgenas\u201d title_text=\u201dClose da ilustra\u00e7\u00e3o de c\u00e9lulas cancer\u00edgenas\u201d sticky_enabled=\u201d0\u2033][et_pb_row _builder_version=\u201d4.20.0\u2033 _module_preset=\u201dpadr\u00e3o\u201d width=\u201d90%\u201d global_colors_info=\u201d{}\u201d][et_pb_column type=\u201d4_4\u2033 _builder_version=\u201d4.20.0\u2033 _module_preset=\u201dpadr\u00e3o\u201d global_colors_info=\u201d{}\u201d][et_pb_text _builder_version=\u201d4.20.0\u2033 _module_preset=\u201dpadr\u00e3o\u201d header_font=\u201d|700|||||||\u201d header_letter_spacing=\u201d-3px\u201d text_orientation=\u201dcenter\u201d background_layout=\u201ddark\u201d global_colors_info=\u201d{}\u201d]<\/p>\n<h1>Investidores<\/h1>\n<p>[\/et_pb_text][\/et_pb_column][\/et_pb_row][\/et_pb_section][et_pb_section fb_built=\u201d1\u2033 custom_padding_last_edited=\u201don|tablet\u201d _builder_version=\u201d4.20.0\u2033 _module_preset=\u201ddefault\u201d custom_margin=\u201d||||false|false\u201d custom_padding=\u201d80px||80px||true|false\u201d custom_padding_tablet=\u201d50px||20px||false|false\u201d custom_padding_phone=\u201d50px||0px||false|false\u201d global_colors_info=\u201d{}\u201d][et_pb_row _builder_version=\u201d4.20.0\u2033 _module_preset=\u201ddefault\u201d width=\u201d93%\u201d width_tablet=\u201d93%\u201d width_phone=\u201d93%\u201d width_last_edited=\u201dno|tablet\u201d max_width=\u201d1175px\u201d max_width_tablet=\u201d1175px\u201d max_width_phone=\u201d1175px\u201d max_width_last_edited=\u201dno|tablet\u201d global_colors_info=\u201d{}\u201d][et_pb_column type=\u201d4_4\u2033 _builder_version=\u201d4.20.0\u2033 _module_preset=\u201dpadr\u00e3o\u201d global_colors_info=\u201d{}\u201d][et_pb_text _builder_version=\u201d4.20.0\u2033 _module_preset=\u201dpadr\u00e3o\u201d header_2_text_color=\u201d#008EA8\u2033 text_orientation=\u201dcentro\u201d informa\u00e7\u00f5es_de_cores_globais=\u201d{}\u201d]<\/p>\n<h2>Bioci\u00eancias Vigilantes<sup style=\"font-size: 20px !important;\">\u00ae<\/sup> tem orgulho de fazer parceria com as equipes da Novalis Life Sciences, venVelo, White Owl Ventures e do Florida Institute for the Commercialization of Public Research.<\/h2>\n<p>[\/et_pb_text][\/et_pb_column][\/et_pb_row][\/et_pb_section][et_pb_section fb_built=\u201d1\u2033 custom_padding_last_edited=\u201doff|tablet\u201d _builder_version=\u201d4.20.0\u2033 _module_preset=\u201dpadr\u00e3o\u201d custom_padding=\u201d||80px||false|false\u201d custom_padding_tablet=\u201d80px||80px||true|false\u201d custom_padding_phone=\u201d50px||50px||true|false\u201d global_colors_info=\u201d{}\u201d][et_pb_row column_structure=\u201d1_4,3_4\u2033 make_equal=\u201don\u201d _builder_version=\u201d4.20.0\u2033 _module_preset=\u201dpadr\u00e3o\u201d width_tablet=\u201d90%\u201d width_phone=\u201d90%\u201d width_last_edited=\u201dno|tablet\u201d custom_margin=\u201d||100px||false|false\u201d custom_margin_tablet=\u201d||80px||false|false\u201d custom_margin_phone=\u201d||80px||false|false\u201d custom_margin_last_edited=\u201dno|tablet\u201d custom_padding=\u201d0px||0px||false|false\u201d custom_css_main_element=\u201dalign-items: center;\u201d global_colors_info=\u201d{}\u201d custom_css_main_element_last_edited=\u201dno|tablet\u201d custom_css_main_element_tablet=\u201dalign-items: center;||display: flex;||column-gap: 30px;\u201d custom_css_main_element_phone=\u201ddisplay: bloco;\u201d][et_pb_column tipo=\u201d1_4\u2033 _builder_version=\u201d4.20.0\u2033 _module_preset=\u201dpadr\u00e3o\u201d global_colors_info=\u201d{}\u201d custom_css_main_element_last_edited=\u201dno|tablet\u201d custom_css_main_element_tablet=\u201dlargura: 33.3%;||\u201d custom_css_main_element_phone=\u201dlargura: 33.3%;||\u201d][et_pb_image src=\u201dhttps:\/\/vigilantbiosciences.com\/wp-content\/uploads\/NovalisLogo4Web01.png\u201d alt=\u201dLogotipo da Novalis LifeSciences\u201d title_text=\u201dLogotipo da Novalis LifeSciences\u201d align_tablet=\u201d\u201d align_phone=\u201dcenter\u201d align_last_edited=\u201don|phone\u201d _builder_version=\u201d4.20.0\u2033 _module_preset=\u201ddefault\u201d max_width_tablet=\u201d\u201d max_width_phone=\u201d70%\u201d max_width_last_edited=\u201don|tablet\u201d global_colors_info=\u201d{}\u201d][\/et_pb_image][\/et_pb_column][et_pb_column type=\u201d3_4\u2033 _builder_version=\u201d4.20.0\u2033 _module_preset=\u201dpadr\u00e3o\u201d global_colors_info=\u201d{}\u201d][et_pb_text _builder_version=\u201d4.20.0\u2033 _module_preset=\u201dpadr\u00e3o\u201d text_orientation_tablet=\u201d\u201d text_orientation_phone=\u201dcentro\u201d text_orientation_last_edited=\u201dligado|telefone\u201d global_colors_info=\u201d{}\u201d]<\/p>\n<p>Novalis LifeSciences LLC \u00e9 uma empresa de investimento e consultoria para a ind\u00fastria de Ci\u00eancias Biol\u00f3gicas. A Novalis foi fundada em 2017 por Marijn E. Dekkers e investe em empresas inovadoras de ci\u00eancias da vida de pequeno e m\u00e9dio porte.<\/p>\n<p>[\/et_pb_text][et_pb_button button_url=\u201dhttps:\/\/www.novalislifesciences.com\/\u201d url_new_window=\u201don\u201d button_text=\u201dSaiba mais\u201d button_alignment_tablet=\u201d\u201d button_alignment_phone=\u201dcenter\u201d button_alignment_last_edited=\u201don|phone\u201d _builder_version=\u201d4.20.0\u2033 _module_preset=\u201ddefault\u201d custom_button=\u201don\u201d button_text_size=\u201d16px\u201d button_text_color=\u201d#008EA8\u2033 button_border_width=\u201d2px\u201d button_border_color=\u201d#008EA8\u2033 button_border_radius=\u201d50px\u201d button_letter_spacing=\u201d1px\u201d button_use_icon=\u201doff\u201d custom_margin=\u201d||0px||false|false\u201d custom_padding=\u201d8px|30px|8px|30px|true|true\u201d bloqueado=\u201ddesligado\u201d global_colors_info=\u201d{}\u201d button_text_color__hover_enabled=\u201dligado|flutuar\u201d button_text_color__hover=\u201d#FFFFFF\u201d button_bg_color__hover_enabled=\u201dligado|flutuar\u201d button_bg_color__hover=\u201d#008EA8\u2033 button_bg_enable_color__hover=\u201dligado\u201d][\/et_pb_button][\/et_pb_column][\/et_pb_row][et_pb_row column_structure=\u201d1_4,3_4\u2033 make_equal=\u201dligado\u201d _builder_version=\u201d4.20.0\u2033 _module_preset=\u201dpadr\u00e3o\u201d width_tablet=\u201d90%\u201d width_phone=\u201d90%\u201d width_last_edited=\u201dno|tablet\u201d custom_margin=\u201d||100px||false|false\u201d custom_margin_tablet=\u201d||80px||false|false\u201d custom_margin_phone=\u201d||80px||false|false\u201d custom_margin_last_edited=\u201dno|tablet\u201d custom_padding=\u201d0px||0px||false|false\u201d custom_css_main_element=\u201dalign-items: center;\u201d global_colors_info=\u201d{}\u201d custom_css_main_element_last_edited=\u201dno|tablet\u201d custom_css_main_element_tablet=\u201dalign-items: center;||display: flex;||column-gap: 30px;\u201d custom_css_main_element_phone=\u201ddisplay: block;\u201d][et_pb_column type=\u201d1_4\u2033 _builder_version=\u201d4.20.0\u2033 _module_preset=\u201ddefault\u201d global_colors_info=\u201d{}\u201d custom_css_main_element_last_edited=\u201dno|tablet\u201d custom_css_main_element_tablet=\u201dwidth: 33.3%;||\u201d custom_css_main_element_phone=\u201dlargura: 33,3%;||\u201d][et_pb_image src=\u201dhttps:\/\/vigilantbiosciences.com\/wp-content\/uploads\/venVelo-logo-1.png\u201d alt=\u201dLogotipo venVelo\u201d title_text=\u201dLogotipo venVelo\u201d align_tablet=\u201d\u201d align_phone=\u201dcenter\u201d align_last_edited=\u201dno|telefone\u201d _builder_version=\u201d4.20.0\u2033 _module_preset=\u201dpadr\u00e3o\u201d max_width_tablet=\u201d\u201d max_width_phone=\u201d70%\u201d max_width_last_edited=\u201dno|tablet\u201d global_colors_info=\u201d{}\u201d][\/et_pb_image][\/et_pb_column][et_pb_column type=\u201d3_4\u2033 _builder_version=\u201d4.20.0\u2033 _module_preset=\u201dpadr\u00e3o\u201d global_colors_info=\u201d{}\u201d][et_pb_text _builder_version=\u201d4.20.0\u2033 _module_preset=\u201dpadr\u00e3o\u201d text_orientation_tablet=\u201d\u201d text_orientation_phone=\u201dcentro\u201d text_orientation_last_edited=\u201dligado|telefone\u201d global_colors_info=\u201d{}\u201d]<\/p>\n<p>venVelo, o principal fundo de risco em est\u00e1gio inicial da Fl\u00f3rida para empresas inovadoras que buscam capital e orienta\u00e7\u00e3o, foi lan\u00e7ado em 2012 e rapidamente se estabeleceu como um dos fundos de risco mais ativos na regi\u00e3o central da Fl\u00f3rida. Foi nomeado o \u201cInvestidor em Tecnologia do Ano\u201d de 2014. Al\u00e9m de seus investimentos, os membros do conselho da venVelo t\u00eam sido palestrantes, palestrantes e ju\u00edzes de competi\u00e7\u00f5es de empreendimentos frequentes em todo o estado. A venVelo tamb\u00e9m doou dinheiro para diversas organiza\u00e7\u00f5es que trabalham para desenvolver o ecossistema empreendedor da Fl\u00f3rida central.<\/p>\n<p>[\/et_pb_text][et_pb_button button_url=\u201dhttps:\/\/venvelo.com\/\u201d url_new_window=\u201don\u201d button_text=\u201dSaiba mais\u201d button_alignment_tablet=\u201d\u201d button_alignment_phone=\u201dcenter\u201d button_alignment_last_edited=\u201don|phone\u201d _builder_version=\u201d4.20.0\u2033 _module_preset=\u201ddefault\u201d custom_button=\u201don\u201d button_text_size=\u201d16px\u201d button_text_color=\u201d#008EA8\u2033 button_border_width=\u201d2px\u201d button_border_color=\u201d#008EA8\u2033 button_border_radius=\u201d50px\u201d button_letter_spacing=\u201d1px\u201d button_use_icon=\u201doff\u201d custom_margin=\u201d||0px||false|false\u201d custom_padding=\u201d8px|30px|8px|30px|true|true\u201d bloqueado=\u201ddesligado\u201d global_colors_info=\u201d{}\u201d button_text_color__hover_enabled=\u201dligado|flutuar\u201d button_text_color__hover=\u201d#FFFFFF\u201d button_bg_color__hover_enabled=\u201dligado|flutuar\u201d button_bg_color__hover=\u201d#008EA8\u2033 button_bg_enable_color__hover=\u201dligado\u201d][\/et_pb_button][\/et_pb_column][\/et_pb_row][et_pb_row column_structure=\u201d1_4,3_4\u2033 make_equal=\u201dligado\u201d _builder_version=\u201d4.20.0\u2033 _module_preset=\u201dpadr\u00e3o\u201d width_tablet=\u201d90%\u201d width_phone=\u201d90%\u201d width_last_edited=\u201dno|tablet\u201d custom_margin=\u201d||100px||false|false\u201d custom_margin_tablet=\u201d||80px||false|false\u201d custom_margin_phone=\u201d||80px||false|false\u201d custom_margin_last_edited=\u201dno|tablet\u201d custom_padding=\u201d0px||0px||false|false\u201d custom_css_main_element=\u201dalign-items: center;\u201d global_colors_info=\u201d{}\u201d custom_css_main_element_last_edited=\u201dno|tablet\u201d custom_css_main_element_tablet=\u201dalign-items: center;||display: flex;||column-gap: 30px;\u201d custom_css_main_element_phone=\u201ddisplay: block;\u201d][et_pb_column type=\u201d1_4\u2033 _builder_version=\u201d4.20.0\u2033 _module_preset=\u201ddefault\u201d global_colors_info=\u201d{}\u201d custom_css_main_element_last_edited=\u201dno|tablet\u201d custom_css_main_element_tablet=\u201dwidth: 33.3%;||\u201d custom_css_main_element_phone=\u201dlargura: 33,3%;||\u201d][et_pb_image src=\u201dhttps:\/\/vigilantbiosciences.com\/wp-content\/uploads\/WhiteOwlLogo-square.png\u201d alt=\u201dLogotipo da White Owl Capital Partners\u201d title_text=\u201dLogotipo da White Owl Capital Partners\u201d align_tablet=\u201d\u201d align_phone=\u201dcenter\u201d align_last_edited=\u201don|phone\u201d _builder_version=\u201d4.20.0\u2033 _module_preset=\u201dpadr\u00e3o\u201d max_width_tablet=\u201d\u201d max_width_phone=\u201d70%\u201d max_width_last_edited=\u201don|tablet\u201d global_colors_info=\u201d{}\u201d][\/et_pb_image][\/et_pb_column][et_pb_column tipo=\u201d3_4\u2033 _builder_version=\u201d4.20.0\u2033 _module_preset=\u201dpadr\u00e3o\u201d global_colors_info=\u201d{}\u201d][et_pb_text _builder_version=\u201d4.20.0\u2033 _module_preset=\u201dpadr\u00e3o\u201d text_orientation_tablet=\u201d\u201d text_orientation_phone=\u201dcentro\u201d text_orientation_last_edited=\u201dligado|telefone\u201d global_colors_info=\u201d{}\u201d]<\/p>\n<p>A White Owl Capital Partners \u00e9 uma empresa de investimento privado com sede na cidade de Nova York, focada em encontrar empreendedores excepcionais e fornecer capital e consultoria para ajud\u00e1-los a construir grandes empresas. Os investimentos da White Owl abrangem v\u00e1rios setores (tecnologia, sa\u00fade, m\u00eddia, bancos, log\u00edstica e energia) e regi\u00f5es geogr\u00e1ficas (EUA, Canad\u00e1, Reino Unido, R\u00fassia, China).<\/p>\n<p>[\/et_pb_text][et_pb_button button_url=\u201dhttps:\/\/www.whiteowlcap.com\/\u201d url_new_window=\u201don\u201d button_text=\u201dSaiba mais\u201d button_alignment_tablet=\u201d\u201d button_alignment_phone=\u201dcenter\u201d button_alignment_last_edited=\u201don|phone\u201d _builder_version=\u201d4.20.0\u2033 _module_preset=\u201ddefault\u201d custom_button=\u201don\u201d button_text_size=\u201d16px\u201d button_text_color=\u201d#008EA8\u2033 button_border_width=\u201d2px\u201d button_border_color=\u201d#008EA8\u2033 button_border_radius=\u201d50px\u201d button_letter_spacing=\u201d1px\u201d button_use_icon=\u201doff\u201d custom_margin=\u201d||0px||false|false\u201d custom_padding=\u201d8px|30px|8px|30px|true|true\u201d bloqueado=\u201ddesligado\u201d global_colors_info=\u201d{}\u201d button_text_color__hover_enabled=\u201dligado|flutuar\u201d button_text_color__hover=\u201d#FFFFFF\u201d button_bg_color__hover_enabled=\u201dligado|flutuar\u201d button_bg_color__hover=\u201d#008EA8\u2033 button_bg_enable_color__hover=\u201dligado\u201d][\/et_pb_button][\/et_pb_column][\/et_pb_row][et_pb_row column_structure=\u201d1_4,3_4\u2033 make_equal=\u201dligado\u201d _builder_version=\u201d4.20.0\u2033 _module_preset=\u201dpadr\u00e3o\u201d width_tablet=\u201d90%\u201d width_phone=\u201d90%\u201d width_last_edited=\u201dno|tablet\u201d custom_margin=\u201d||100px||false|false\u201d custom_margin_tablet=\u201d||0px||false|false\u201d custom_margin_phone=\u201d||0px||false|false\u201d custom_margin_last_edited=\u201dno|tablet\u201d custom_padding=\u201d0px||0px||false|false\u201d custom_css_main_element=\u201dalign-items: center;\u201d global_colors_info=\u201d{}\u201d custom_css_main_element_last_edited=\u201dno|tablet\u201d custom_css_main_element_tablet=\u201dalign-items: center;||display: flex;||column-gap: 30px;\u201d custom_css_main_element_phone=\u201ddisplay: block;\u201d][et_pb_column type=\u201d1_4\u2033 _builder_version=\u201d4.20.0\u2033 _module_preset=\u201ddefault\u201d global_colors_info=\u201d{}\u201d custom_css_main_element_last_edited=\u201dno|tablet\u201d custom_css_main_element_tablet=\u201dwidth: 33.3%;||\u201d custom_css_main_element_phone=\u201dwidth: 33.3%;||\u201d][et_pb_image src=\u201dhttps:\/\/vigilantbiosciences.com\/wp-content\/uploads\/logo.png\u201d alt=\u201dLogotipo de Comercializa\u00e7\u00e3o de Tecnologia da Fl\u00f3rida do Instituto da Fl\u00f3rida\u201d title_text=\u201dLogotipo de Comercializa\u00e7\u00e3o de Tecnologia da Fl\u00f3rida do Instituto da Fl\u00f3rida\u201d align_tablet=\u201d\u201d align_phone=\u201dcenter\u201d align_last_edited=\u201don|phone\u201d _builder_version=\u201d4.20.0\u2033 _module_preset=\u201ddefault\u201d max_width_tablet=\u201d\u201d max_width_phone=\u201d70%\u201d max_width_last_edited=\u201don|tablet\u201d global_colors_info=\u201d{}\u201d][\/et_pb_image][\/et_pb_column][et_pb_column tipo=\u201d3_4\u2033 _builder_version=\u201d4.20.0\u2033 _module_preset=\u201dpadr\u00e3o\u201d global_colors_info=\u201d{}\u201d][et_pb_text _builder_version=\u201d4.20.0\u2033 _module_preset=\u201dpadr\u00e3o\u201d text_orientation_tablet=\u201d\u201d text_orientation_phone=\u201dcentro\u201d text_orientation_last_edited=\u201dligado|telefone\u201d global_colors_info=\u201d{}\u201d]<\/p>\n<p>Formado pelo Legislativo da Fl\u00f3rida em 2007, o Instituto para a Comercializa\u00e7\u00e3o de Pesquisa P\u00fablica da Fl\u00f3rida \u00e9 uma organiza\u00e7\u00e3o sem fins lucrativos que trabalha em colabora\u00e7\u00e3o com os escrit\u00f3rios de licenciamento e comercializa\u00e7\u00e3o de tecnologia das universidades estaduais e institui\u00e7\u00f5es de pesquisa privadas da Fl\u00f3rida. Juntas, estas entidades alavancam uma base de investiga\u00e7\u00e3o $2B+ e formam empresas pass\u00edveis de investimento que criam empregos limpos em novas ind\u00fastrias que impulsionam a economia global.<\/p>\n<p>[\/et_pb_text][et_pb_button button_url=\u201dhttps:\/\/www.florida-institute.com\/\u201d url_new_window=\u201don\u201d button_text=\u201dSaiba mais\u201d button_alignment_tablet=\u201d\u201d button_alignment_phone=\u201dcenter\u201d button_alignment_last_edited=\u201don|phone\u201d _builder_version=\u201d4.20.0\u2033 _module_preset=\u201ddefault\u201d custom_button=\u201don\u201d button_text_size=\u201d16px\u201d button_text_color=\u201d#008EA8\u2033 button_border_width=\u201d2px\u201d button_border_color=\u201d#008EA8\u2033 button_border_radius=\u201d50px\u201d button_letter_spacing=\u201d1px\u201d button_use_icon=\u201doff\u201d custom_margin=\u201d||0px||false|false\u201d custom_padding=\u201d8px|30px|8px|30px|true|true\u201d bloqueado=\u201ddesligado\u201d global_colors_info=\u201d{}\u201d button_text_color__hover_enabled=\u201dligado|flutuar\u201d button_text_color__hover=\u201d#FFFFFF\u201d button_bg_color__hover_enabled=\u201dligado|flutuar\u201d button_bg_color__hover=\u201d#008EA8\u2033 button_bg_enable_color__hover=\u201dligado\u201d][\/et_pb_button][\/et_pb_column][\/et_pb_row][\/et_pb_section]<\/p>","protected":false},"excerpt":{"rendered":"<p>Investidores: A Vigilant Biosciences\u00ae\u00ae tem orgulho de ser parceira das equipes da Novalis Life Sciences, venVelo, White Owl Ventures e do Instituto da Fl\u00f3rida para a Comercializa\u00e7\u00e3o de Pesquisa P\u00fablica. A Novalis LifeSciences LLC \u00e9 uma empresa de investimento e consultoria para o setor de Ci\u00eancias da Vida. Fundada em 2017 por Marijn E. Dekkers, a Novalis investe em empresas de pequeno e m\u00e9dio porte [\u2026]<\/p>","protected":false},"author":1,"featured_media":0,"parent":0,"menu_order":6,"comment_status":"closed","ping_status":"closed","template":"","meta":{"_et_pb_use_builder":"on","_et_pb_old_content":"","_et_gb_content_width":"","inline_featured_image":false,"footnotes":""},"class_list":["post-96","page","type-page","status-publish","hentry"],"yoast_head":"<!-- This site is optimized with the Yoast SEO plugin v22.1 - https:\/\/yoast.com\/wordpress\/plugins\/seo\/ -->\n<title>Investors - Vigilant Biosciences\u00ae<\/title>\n<meta name=\"robots\" content=\"index, follow, max-snippet:-1, max-image-preview:large, max-video-preview:-1\" \/>\n<link rel=\"canonical\" href=\"https:\/\/vigilantbiosciences.com\/pt\/investidores\/\" \/>\n<meta property=\"og:locale\" content=\"pt_PT\" \/>\n<meta property=\"og:type\" content=\"article\" \/>\n<meta property=\"og:title\" content=\"Investors - Vigilant Biosciences\u00ae\" \/>\n<meta property=\"og:description\" content=\"Patient Resources Understanding the Risk of Oral CancerThe Impact of Oral Cancer In the US alone, oral cancer kills an average one person per hour, 24 hours per day.1Oral cancer is a global challenge with more than 657,000 cases and nearly 330,000 deaths each year1Worldwide 5-year survival rate is only 50% due to delayed intervention [&hellip;]\" \/>\n<meta property=\"og:url\" content=\"https:\/\/vigilantbiosciences.com\/pt\/investidores\/\" \/>\n<meta property=\"og:site_name\" content=\"Vigilant Biosciences\u00ae\" \/>\n<meta property=\"article:publisher\" content=\"https:\/\/www.facebook.com\/VigilantBiosciences1\" \/>\n<meta property=\"article:modified_time\" content=\"2023-03-20T20:11:43+00:00\" \/>\n<meta name=\"twitter:card\" content=\"summary_large_image\" \/>\n<meta name=\"twitter:label1\" content=\"Tempo estimado de leitura\" \/>\n\t<meta name=\"twitter:data1\" content=\"3 minutos\" \/>\n<script type=\"application\/ld+json\" class=\"yoast-schema-graph\">{\"@context\":\"https:\/\/schema.org\",\"@graph\":[{\"@type\":\"WebPage\",\"@id\":\"https:\/\/vigilantbiosciences.com\/investors\/\",\"url\":\"https:\/\/vigilantbiosciences.com\/investors\/\",\"name\":\"Investors - Vigilant Biosciences\u00ae\",\"isPartOf\":{\"@id\":\"https:\/\/vigilantbiosciences.com\/#website\"},\"datePublished\":\"2023-02-28T17:35:36+00:00\",\"dateModified\":\"2023-03-20T20:11:43+00:00\",\"breadcrumb\":{\"@id\":\"https:\/\/vigilantbiosciences.com\/investors\/#breadcrumb\"},\"inLanguage\":\"pt-PT\",\"potentialAction\":[{\"@type\":\"ReadAction\",\"target\":[\"https:\/\/vigilantbiosciences.com\/investors\/\"]}]},{\"@type\":\"BreadcrumbList\",\"@id\":\"https:\/\/vigilantbiosciences.com\/investors\/#breadcrumb\",\"itemListElement\":[{\"@type\":\"ListItem\",\"position\":1,\"name\":\"Home\",\"item\":\"https:\/\/vigilantbiosciences.com\/\"},{\"@type\":\"ListItem\",\"position\":2,\"name\":\"Investors\"}]},{\"@type\":\"WebSite\",\"@id\":\"https:\/\/vigilantbiosciences.com\/#website\",\"url\":\"https:\/\/vigilantbiosciences.com\/\",\"name\":\"Vigilant Biosciences\u00ae\",\"description\":\"\",\"publisher\":{\"@id\":\"https:\/\/vigilantbiosciences.com\/#organization\"},\"potentialAction\":[{\"@type\":\"SearchAction\",\"target\":{\"@type\":\"EntryPoint\",\"urlTemplate\":\"https:\/\/vigilantbiosciences.com\/?s={search_term_string}\"},\"query-input\":\"required name=search_term_string\"}],\"inLanguage\":\"pt-PT\"},{\"@type\":\"Organization\",\"@id\":\"https:\/\/vigilantbiosciences.com\/#organization\",\"name\":\"Vigilant Biosciences\u00ae\",\"url\":\"https:\/\/vigilantbiosciences.com\/\",\"logo\":{\"@type\":\"ImageObject\",\"inLanguage\":\"pt-PT\",\"@id\":\"https:\/\/vigilantbiosciences.com\/#\/schema\/logo\/image\/\",\"url\":\"https:\/\/vigilantbiosciences.com\/wp-content\/uploads\/vigilant-logo-horizontal.svg\",\"contentUrl\":\"https:\/\/vigilantbiosciences.com\/wp-content\/uploads\/vigilant-logo-horizontal.svg\",\"width\":\"1024\",\"height\":\"1024\",\"caption\":\"Vigilant Biosciences\u00ae\"},\"image\":{\"@id\":\"https:\/\/vigilantbiosciences.com\/#\/schema\/logo\/image\/\"},\"sameAs\":[\"https:\/\/www.facebook.com\/VigilantBiosciences1\",\"https:\/\/www.linkedin.com\/company\/vigilant-biosciences\/\"]}]}<\/script>\n<!-- \/ Yoast SEO plugin. -->","yoast_head_json":{"title":"Investors - Vigilant Biosciences\u00ae","robots":{"index":"index","follow":"follow","max-snippet":"max-snippet:-1","max-image-preview":"max-image-preview:large","max-video-preview":"max-video-preview:-1"},"canonical":"https:\/\/vigilantbiosciences.com\/pt\/investidores\/","og_locale":"pt_PT","og_type":"article","og_title":"Investors - Vigilant Biosciences\u00ae","og_description":"Patient Resources Understanding the Risk of Oral CancerThe Impact of Oral Cancer In the US alone, oral cancer kills an average one person per hour, 24 hours per day.1Oral cancer is a global challenge with more than 657,000 cases and nearly 330,000 deaths each year1Worldwide 5-year survival rate is only 50% due to delayed intervention [&hellip;]","og_url":"https:\/\/vigilantbiosciences.com\/pt\/investidores\/","og_site_name":"Vigilant Biosciences\u00ae","article_publisher":"https:\/\/www.facebook.com\/VigilantBiosciences1","article_modified_time":"2023-03-20T20:11:43+00:00","twitter_card":"summary_large_image","twitter_misc":{"Tempo estimado de leitura":"3 minutos"},"schema":{"@context":"https:\/\/schema.org","@graph":[{"@type":"WebPage","@id":"https:\/\/vigilantbiosciences.com\/investors\/","url":"https:\/\/vigilantbiosciences.com\/investors\/","name":"Investors - Vigilant Biosciences\u00ae","isPartOf":{"@id":"https:\/\/vigilantbiosciences.com\/#website"},"datePublished":"2023-02-28T17:35:36+00:00","dateModified":"2023-03-20T20:11:43+00:00","breadcrumb":{"@id":"https:\/\/vigilantbiosciences.com\/investors\/#breadcrumb"},"inLanguage":"pt-PT","potentialAction":[{"@type":"ReadAction","target":["https:\/\/vigilantbiosciences.com\/investors\/"]}]},{"@type":"BreadcrumbList","@id":"https:\/\/vigilantbiosciences.com\/investors\/#breadcrumb","itemListElement":[{"@type":"ListItem","position":1,"name":"Home","item":"https:\/\/vigilantbiosciences.com\/"},{"@type":"ListItem","position":2,"name":"Investors"}]},{"@type":"WebSite","@id":"https:\/\/vigilantbiosciences.com\/#website","url":"https:\/\/vigilantbiosciences.com\/","name":"Vigilant Biosciences\u00ae","description":"","publisher":{"@id":"https:\/\/vigilantbiosciences.com\/#organization"},"potentialAction":[{"@type":"SearchAction","target":{"@type":"EntryPoint","urlTemplate":"https:\/\/vigilantbiosciences.com\/?s={search_term_string}"},"query-input":"required name=search_term_string"}],"inLanguage":"pt-PT"},{"@type":"Organization","@id":"https:\/\/vigilantbiosciences.com\/#organization","name":"Vigilant Biosciences\u00ae","url":"https:\/\/vigilantbiosciences.com\/","logo":{"@type":"ImageObject","inLanguage":"pt-PT","@id":"https:\/\/vigilantbiosciences.com\/#\/schema\/logo\/image\/","url":"https:\/\/vigilantbiosciences.com\/wp-content\/uploads\/vigilant-logo-horizontal.svg","contentUrl":"https:\/\/vigilantbiosciences.com\/wp-content\/uploads\/vigilant-logo-horizontal.svg","width":"1024","height":"1024","caption":"Vigilant Biosciences\u00ae"},"image":{"@id":"https:\/\/vigilantbiosciences.com\/#\/schema\/logo\/image\/"},"sameAs":["https:\/\/www.facebook.com\/VigilantBiosciences1","https:\/\/www.linkedin.com\/company\/vigilant-biosciences\/"]}]}},"_links":{"self":[{"href":"https:\/\/vigilantbiosciences.com\/pt\/wp-json\/wp\/v2\/pages\/96","targetHints":{"allow":["GET"]}}],"collection":[{"href":"https:\/\/vigilantbiosciences.com\/pt\/wp-json\/wp\/v2\/pages"}],"about":[{"href":"https:\/\/vigilantbiosciences.com\/pt\/wp-json\/wp\/v2\/types\/page"}],"author":[{"embeddable":true,"href":"https:\/\/vigilantbiosciences.com\/pt\/wp-json\/wp\/v2\/users\/1"}],"replies":[{"embeddable":true,"href":"https:\/\/vigilantbiosciences.com\/pt\/wp-json\/wp\/v2\/comments?post=96"}],"version-history":[{"count":0,"href":"https:\/\/vigilantbiosciences.com\/pt\/wp-json\/wp\/v2\/pages\/96\/revisions"}],"wp:attachment":[{"href":"https:\/\/vigilantbiosciences.com\/pt\/wp-json\/wp\/v2\/media?parent=96"}],"curies":[{"name":"wp","href":"https:\/\/api.w.org\/{rel}","templated":true}]}}