{"id":78,"date":"2023-02-28T15:12:03","date_gmt":"2023-02-28T15:12:03","guid":{"rendered":"https:\/\/vigilantbio.wpengine.com\/?page_id=78"},"modified":"2024-08-13T20:55:48","modified_gmt":"2024-08-13T20:55:48","slug":"about","status":"publish","type":"page","link":"https:\/\/vigilantbiosciences.com\/pt\/sobre\/","title":{"rendered":"Sobre"},"content":{"rendered":"<p>[et_pb_section fb_built=\u201d1\u2033 custom_padding_last_edited=\u201don|phone\u201d _builder_version=\u201d4.24.0\u2033 _module_preset=\u201ddefault\u201d use_background_color_gradient=\u201don\u201d background_color_gradient_stops=\u201drgba(0,142,168,0.5) 0%|rgba(0,142,168,0.5) 100%\u201d background_image=\u201dhttps:\/\/vigilantbiosciences.com\/wp-content\/uploads\/test-1.png\u201d custom_padding=\u201d100px||100px||true|false\u201d custom_padding_tablet=\u201d80px||80px||true|false\u201d custom_padding_phone=\u201d50px||50px||true|false\u201d global_colors_info=\u201d{}\u201d][et_pb_row _builder_version=\u201d4.20.0\u2033 _module_preset=\u201dpadr\u00e3o\u201d width=\u201d90%\u201d global_colors_info=\u201d{}\u201d][et_pb_column type=\u201d4_4\u2033 _builder_version=\u201d4.20.0\u2033 _module_preset=\u201dpadr\u00e3o\u201d global_colors_info=\u201d{}\u201d][et_pb_text _builder_version=\u201d4.20.4\u2033 _module_preset=\u201dpadr\u00e3o\u201d header_font=\u201d|600|||||||\u201d header_letter_spacing=\u201d-3px\u201d text_orientation=\u201dcenter\u201d background_layout=\u201ddark\u201d global_colors_info=\u201d{}\u201d]<\/p>\n<h1>Sobre<\/h1>\n<p>[\/et_pb_text][\/et_pb_column][\/et_pb_row][\/et_pb_section][et_pb_section fb_built=\u201d1\u2033 custom_padding_last_edited=\u201don|tablet\u201d _builder_version=\u201d4.20.0\u2033 _module_preset=\u201ddefault\u201d custom_margin=\u201d||||false |false\u201d custom_padding=\u201d80px||80px||true|false\u201d custom_padding_tablet=\u201d50px||50px||true|false\u201d custom_padding_phone=\u201d50px||50px||true|false\u201d global_colors_info=\u201d{}\u201d][ et_pb_row _builder_version=\u201d4.20.0\u2033 _module_preset=\u201ddefault\u201d width=\u201d90%\u201d global_colors_info=\u201d{}\u201d][et_pb_column type=\u201d4_4\u2033 _builder_version=\u201d4.20.0\u2033 _module_preset=\u201ddefault\u201d global_colors_info=\u201d{}\u201d ][et_pb_text _builder_version=\u201d4.20.4\u2033 _module_preset=\u201ddefault\u201d text_orientation=\u201dcenter\u201d global_colors_info=\u201d{}\u201d]<\/p>\n<h2 class=\" translation-block\">Detec\u00e7\u00e3o transformadora. Melhorando Vidas.\u2122<\/h2>\n<p>[\/et_pb_text][\/et_pb_column][\/et_pb_row][\/et_pb_section][et_pb_section fb_built=\u201d1\u2033 admin_label=\u201dSe\u00e7\u00e3o\u201d _builder_version=\u201d4.20.4\u2033 _module_preset=\u201dpadr\u00e3o\u201d largura=\u201d100%\u201d max_width=\u201d100%\u201d custom_margin=\u201d0px||0px||false|false\u201d custom_padding=\u201d0px||0px||false|false\u201d bloqueado=\u201doff\u201d global_colors_info=\u201d{}\u201d][et_pb_row column_structure=\u201d1_2,1_2\u2033 use_custom_gutter=\u201d em\u201d gutter_width=\u201d1\u2033 make_equal=\u201don\u201d custom_padding_last_edited=\u201don|tablet\u201d module_class=\u201dreverse\u201d _builder_version=\u201d4.20.0\u2033 _module_preset=\u201ddefault\u201d width=\u201d100%\u201d max_width=\u201d100%\u201d min_height=\u201d400px \u201d custom_padding=\u201d0px||0px||false|false\u201d custom_padding_tablet=\u201d0px||0px||false|false\u201d custom_padding_phone=\u201d0px||0px||false|false\u201d global_colors_info=\u201d{}\u201d custom_css_main_element_last_edited=\u201don |telefone\u201d custom_css_main_element_tablet=\u201ddisplay: flex;\u201d custom_css_main_element_phone=\u201ddisplay: block;\u201d][et_pb_column type=\u201d1_2\u2033 admin_label=\u201dColuna\u201d _builder_version=\u201d4.20.0\u2033 _module_preset=\u201ddefault\u201d background_image=\u201dhttps:\/\/vigilantbiosciences.com\/wp-content\/uploads\/ iStock-1266812277-sized.jpg\u201d custom_padding =\u201d 0px | |true\u201d custom_padding_last_edited=\u201don|tablet\u201d global_colors_info=\u201d{}\u201d][\/et_pb_column][et_pb_column type=\u201d1_2\u2033 _builder_version=\u201d4.20.0\u2033 _module_preset=\u201ddefault\u201d custom_padding=\u201d80px|80px|80px|80px |true|true\u201d custom_padding_tablet=\u201d50px|50px|50px|50px|true|true\u201d custom_padding_phone=\u201d30px|30px|30px|30px|true|true\u201d custom_padding_last_edited=\u201don|phone\u201d custom_css_main_element=\u201ddisplay: flex;| |dire\u00e7\u00e3o flex\u00edvel: coluna;||justificar conte\u00fado: centro;\u201d global_colors_info=\u201d{}\u201d][et_pb_text _builder_version=\u201d4.20.4\u2033 _module_preset=\u201ddefault\u201d custom_margin=\u201d||10px||false|false\u201d custom_padding=\u201d||0px||false|false\u201d global_colors_info=\u201d{} \u201d]<\/p>\n<h3 class=\" translation-block\">Criando um mundo onde o c\u00e2ncer bucal n\u00e3o tenha chance de lutar.\u2122<\/h3>\n<p>[\/et_pb_text][et_pb_text _builder_version=\u201d4.20.4\u2033 _module_preset=\u201ddefault\u201d custom_margin=\u201d||30px||false|false\u201d custom_padding=\u201d||0px||false|true\u201d global_colors_info=\u201d{}\u201d]<\/p>\n<p>A Vigilant Biosciences\u00ae est\u00e1 liderando o desenvolvimento de solu\u00e7\u00f5es de ponta que aceleram a detec\u00e7\u00e3o do c\u00e2ncer bucal. Nossa solu\u00e7\u00e3o no local de atendimento \u00e9 simples, precisa e econ\u00f4mica. Capacitamos os m\u00e9dicos que trabalham para melhorar os resultados dos pacientes por meio de interven\u00e7\u00e3o precoce.<\/p>\n<p>O inovador sistema BeVigilant OraFusion emprega tecnologia patenteada que detecta marcadores proteicos espec\u00edficos clinicamente demonstrados como associados a c\u00e2nceres orais em est\u00e1gio inicial.<\/p>\n<p>Saiba mais sobre nossa tecnologia:<\/p>\n<p>[\/et_pb_text][et_pb_button button_url=\u201d@ET-DC@eyJkeW5hbWljIjp0cnVlLCJjb250ZW50IjoicG9zdF9saW5rX3VybF9wYWdlIiwic2V0dGluZ3MiOnsicG9zdF9pZCI6IjEzMCJ9fQ==@\u201d bot\u00e3o_ text=\u201dDescobrir\u201d _builder_version=\u201d4.20.0\u2033 _dynamic_attributes=\u201dbutton_url\u201d _module_preset=\u201ddefault\u201d custom_button=\u201don\u201d button_text_size=\u201d16px \u201d button_text_color=\u201d#008EA8\u2033 button_border_width=\u201d2px\u201d button_border_color=\u201d#008EA8\u2033 button_border_radius=\u201d50px\u201d button_letter_spacing=\u201d1px\u201d button_use_icon=\u201doff\u201d custom_margin=\u201d0px||0px||false|false\u201d custom_padding=\u201d8px|30px |8px | _pb_button][ \/et_pb_column][\/et_pb_row][\/et_pb_section][et_pb_section fb_built=\u201d1\u2033 custom_padding_last_edited=\u201don|phone\u201d _builder_version=\u201d4.20.4\u2033 _module_preset=\u201ddefault\u201d background_enable_image=\u201doff\u201d width=\u201d100%\u201d max_width=\u201d 100%\u201d custom_padding=\u201d70px||70px||true|false\u201d custom_padding_tablet=\u201d80px||80px||true|false\u201d custom_padding_phone=\u201d50px||50px||true|false\u201d global_colors_info=\u201d{}\u201d][et_pb_row _builder_version=\u201d4.20.0\u2033 _module_preset=\u201ddefault\u201d width=\u201d90%\u201d global_colors_info=\u201d{}\u201d][et_pb_column type=\u201d4_4\u2033 _builder_version=\u201d4.20.0\u2033 _module_preset=\u201ddefault\u201d global_colors_info=\u201d{}\u201d] [et_pb_text module_class=\u201dcta\u201d _builder_version=\u201d4.20.4\u2033 _module_preset=\u201ddefault\u201d text_text_color=\u201d#FFFFFF\u201d header_2_text_color=\u201d#707272\u2033 header_2_font_size=\u201d60px\u201d text_orientation=\u201dcenter\u201d background_layout=\u201descuro\u201d header_2_font_size_tablet=\u201d48px \u201dheader_2_font_size_phone =\u201d40px\u201d header_2_font_size_last_edited=\u201dno|telefone\u201d global_colors_info=\u201d{}\u201d]<\/p>\n<h2 class=\" translation-block\"><strong>Juntos<\/strong> para transformar a detec\u00e7\u00e3o precoce do c\u00e2ncer bucal.<\/h2>\n<p>[\/et_pb_text][\/et_pb_column][\/et_pb_row][\/et_pb_section][et_pb_section fb_built=\u201d1\u2033 _builder_version=\u201d4.20.4\u2033 _module_preset=\u201ddefault\u201d custom_margin=\u201d0px||0px||true|false\u201d custom_padding= \u201d0px||0px||true|false\u201d global_colors_info=\u201d{}\u201d][et_pb_row column_structure=\u201d1_2,1_2\u2033 use_custom_gutter=\u201don\u201d gutter_width=\u201d1\u2033 make_equal=\u201don\u201d _builder_version=\u201d4.20.4\u2033 _module_preset =\u201dpadr\u00e3o\u201d z_index=\u201d1\u2033 largura=\u201d100%\u201d max_width=\u201d100%\u201d custom_padding=\u201d0px||0px||true|false\u201d global_colors_info=\u201d{}\u201d custom_css_main_element_last_edited=\u201don|phone\u201d custom_css_main_element_tablet=\u201ddisplay: flexionar;\u201d custom_css_main_element_phone=\u201ddisplay: block;\u201d][et_pb_column type=\u201d1_2\u2033 _builder_version=\u201d4.20.4\u2033 _module_preset=\u201ddefault\u201d background_color=\u201drgba(0,142,168,0.1)\u201d posicionamento=\u201dnenhum\u201d custom_padding=\u201d80px|30px| 80px | \u201don|phone\u201d][et_pb_text module_class=\u201dbdr-right\u201d _builder_version=\u201d4.20.4\u2033 _module_preset=\u201ddefault\u201d custom_margin=\u201d||||false|false\u201d custom_padding=\u201d||||false|false\u201d global_colors_info =\u201d{}\u201d]<\/p>\n<h2>Nossa miss\u00e3o<\/h2>\n<p>[\/et_pb_text][et_pb_text _builder_version=\u201d4.20.4\u2033 _module_preset=\u201ddefault\u201d text_text_color=\u201d#707272\u2033 text_font_size=\u201d30px\u201d custom_margin=\u201d||50px||false|false\u201d custom_padding=\u201d||||false|false \u201dcustom_css_main_element=\u201daltura da linha: 1,2em;\u201d global_colors_info=\u201d{}\u201d]<\/p>\n<p class=\" translation-block\"><em><span style=\"text-decoration: underline\">Salvar vidas<\/span><\/em> fornecendo solu\u00e7\u00f5es <em><span style=\"text-decoration: underline\">de detec\u00e7\u00e3o precoce<\/span><\/em> de c\u00e2ncer de classe mundial.<\/p>\n<p>[\/et_pb_text][et_pb_text _builder_version=\u201d4.20.4\u2033 _module_preset=\u201dpadr\u00e3o\u201d global_colors_info=\u201d{}\u201d]<\/p>\n<h3>Nosso primeiro produto de detec\u00e7\u00e3o precoce do c\u00e2ncer:<\/h3>\n<p>[\/et_pb_text][et_pb_text _builder_version=\u201d4.23.1\u2033 _module_preset=\u201ddefault\u201d text_text_color=\u201d#707272\u2033 text_font_size=\u201d20px\u201d global_colors_info=\u201d{}\u201d]<\/p>\n<p>O <strong>Sistema BeVigilant OraFusion<\/strong>\u00a0ajuda os m\u00e9dicos a identificar pacientes em risco de c\u00e2ncer bucal.<\/p>\n<p>[\/et_pb_text][et_pb_image src=\u201dhttps:\/\/vigilantbiosciences.com\/wp-content\/uploads\/vigilant-logo-horizontal.svg\u201d alt=\u201dLogotipo da Vigilant Biosciences\u00ae\u201d title_text=\u201dvigilant-logo-horizontal\u201d align_tablet= \u201desquerda\u201d align_phone=\u201dcenter\u201d align_last_edited=\u201don|tablet\u201d _builder_version=\u201d4.20.4\u2033 _module_preset=\u201ddefault\u201d width=\u201d250px\u201d width_tablet=\u201d250px\u201d width_phone=\u201d300px\u201d width_last_edited=\u201don|phone\u201d altura =\u201d57px\u201d height_tablet=\u201d57px\u201d height_phone=\u201d28px\u201d height_last_edited=\u201don|phone\u201d custom_margin=\u201d||||false|false\u201d custom_margin_tablet=\u201d-10px||0px||false|false\u201d custom_margin_phone=\u201d0px ||0px||false|false\u201d custom_margin_last_edited=\u201don|phone\u201d custom_padding=\u201d50px||0px||false|false\u201d global_colors_info=\u201d{}\u201d][\/et_pb_image][\/et_pb_column][et_pb_column type=\u201d1_2 \u2033 _builder_version=\u201d4.20.4\u2033 _module_preset=\u201ddefault\u201d background_image=\u201dhttps:\/\/vigilantbiosciences.com\/wp-content\/uploads\/VigilantNewSiteImages.jpg\u201d posicionamento=\u201dnone\u201d z_index=\u201d1\u2033 global_colors_info=\u201d{}\u201d custom_css_main_element_last_edited=\u201don|phone\u201d][et_pb_divider show_divider=\u201doff\u201d desativado_on=\u201doff|on|on\u201d _builder_version=\u201d4.20.4\u2033 _module_preset=\u201ddefault\u201d custom_padding=\u201d100px||100px||true|false\u201d global_colors_info =\u201d{}\u201d][\/et_pb_divider][\/et_pb_column][\/et_pb_row][\/et_pb_section][et_pb_section fb_built=\u201d1\u2033 custom_padding_last_edited=\u201don|tablet\u201d module_id=\u201dlideran\u00e7a\u201d _builder_version=\u201d4.20.4\u2033 _module_preset= \u201dpadr\u00e3o\u201d background_enable_color=\u201doff\u201d custom_padding=\u201d80px||60px||false|false\u201d custom_padding_tablet=\u201d70px||40px||false|false\u201d custom_padding_phone=\u201d50px||30px||false|false\u201d bloqueado=\u201d off\u201d global_colors_info=\u201d{}\u201d][et_pb_row _builder_version=\u201d4.20.4\u2033 _module_preset=\u201ddefault\u201d width_tablet=\u201d90%\u201d width_phone=\u201d90%\u201d width_last_edited=\u201don|tablet\u201d custom_margin=\u201d||||false|false \u201d custom_padding=\u201d0px||0px||true|false\u201d global_colors_info=\u201d{}\u201d width__hover_enabled=\u201doff|desktop\u201d][et_pb_column type=\u201d4_4\u2033 _builder_version=\u201d4.20.0\u2033 _module_preset=\u201ddefault\u201d global_colors_info=\u201d {}\u201d][et_pb_text _builder_version=\u201d4.20.4\u2033 _module_preset=\u201ddefault\u201d header_2_text_color=\u201d#F05323\u2033 text_orientation=\u201dcenter\u201d global_colors_info=\u201d{}\u201d]<\/p>\n<h2>Lideran\u00e7a<\/h2>\n<p>[\/et_pb_text][et_pb_text _builder_version=\u201d4.20.0\u2033 _module_preset=\u201ddefault\u201d header_2_text_color=\u201d#008EA8\u2033 text_orientation=\u201dcenter\u201d global_colors_info=\u201d{}\u201d]<\/p>\n<p>Com profundo conhecimento cl\u00ednico e d\u00e9cadas de experi\u00eancia em lideran\u00e7a em diagn\u00f3sticos de sa\u00fade e no espa\u00e7o oncol\u00f3gico, a equipe de lideran\u00e7a da Vigilant Biosciences\u00ae est\u00e1 comprometida em transformar a detec\u00e7\u00e3o precoce do c\u00e2ncer oral e melhorar os resultados dos pacientes.<\/p>\n<p>[\/et_pb_text][dipl_team_grid post_order=\u201dASC\u201d include_categories=\u201d5\u2033 grid_bg_color=\u201d#EBEBEB\u201d show_short_desc=\u201doff\u201d show_social_icon=\u201doff\u201d image_size=\u201dlarge\u201d onclick_trigger=\u201dopen_popup\u201d display_in_popup=\u201don|on|off| on|off\u201d select_layout=\u201dlayout4\u2033 number_of_columns=\u201d3\u2033 column_spacing=\u201d30px\u201d number_of_columns_tablet=\u201d2\u2033 number_of_columns_phone=\u201d1\u2033 number_of_columns_last_edited=\u201don|phone\u201d _builder_version=\u201d4.20.4\u2033 _module_preset=\u201ddefault\u201d name_level= \u201dh3\u2033 name_text_align=\u201dcenter\u201d name_font_size=\u201d22px\u201d popup_name_level=\u201dh3\u2033 popup_name_text_color=\u201d#F05323\u2033 popup_name_font_size=\u201d21px\u201d designation_text_align=\u201dcenter\u201d designation_font_size=\u201d15px\u201d popup_designation_text_color=\u201d#707272\u2033 popup_design ation_font_size=\u201d16px\u201d popup_description_font_size= \u201d15px\u201d popup_description_line_height=\u201d1.5em\u201d custom_margin=\u201d70px||0px||false|false\u201d global_colors_info=\u201d{}\u201d][\/dipl_team_grid][\/et_pb_column][\/et_pb_row][et_pb_row _builder_version=\u201d4.20.2\u2033 _module_preset=\u201dpadr\u00e3o\u201d custom_margin=\u201d||0px||false|false\u201d custom_padding=\u201d20px||0px||false|false\u201d bloqueado=\u201doff\u201d global_colors_info=\u201d{}\u201d][et_pb_column type=\u201d4_4\u2033 _builder_version =\u201d4.20.2\u2033 _module_preset=\u201dpadr\u00e3o\u201d global_colors_info=\u201d{}\u201d][et_pb_text _builder_version=\u201d4.20.2\u2033 _module_preset=\u201ddefault\u201d text_font_size=\u201d15px\u201d text_orientation=\u201dcenter\u201d global_colors_info=\u201d{}\u201d]<\/p>\n<p>*Dados cl\u00ednicos em arquivo<\/p>\n<p>[\/et_pb_text][\/et_pb_column][\/et_pb_row][\/et_pb_section]<\/p>","protected":false},"excerpt":{"rendered":"<p>SobreTransformando a detec\u00e7\u00e3o. Melhorando vidas.\u2122Criando um mundo onde o c\u00e2ncer oral n\u00e3o tem chance de lutar.\u2122A Vigilant Biosciences\u00ae est\u00e1 liderando o desenvolvimento de solu\u00e7\u00f5es de ponta que aceleram a detec\u00e7\u00e3o do c\u00e2ncer oral. Nossa solu\u00e7\u00e3o no ponto de atendimento \u00e9 simples, precisa e econ\u00f4mica. Capacitamos os m\u00e9dicos que trabalham para melhorar os resultados dos pacientes por meio de interven\u00e7\u00e3o precoce. O inovador BeVigilant OraFusion System emprega tecnologia patenteada [\u2026]<\/p>","protected":false},"author":1,"featured_media":0,"parent":0,"menu_order":5,"comment_status":"closed","ping_status":"closed","template":"","meta":{"_et_pb_use_builder":"on","_et_pb_old_content":"","_et_gb_content_width":"","inline_featured_image":false,"footnotes":""},"class_list":["post-78","page","type-page","status-publish","hentry"],"yoast_head":"<!-- This site is optimized with the Yoast SEO plugin v22.1 - https:\/\/yoast.com\/wordpress\/plugins\/seo\/ -->\n<title>About - Vigilant Biosciences\u00ae<\/title>\n<meta name=\"description\" content=\"Visit us to learn about Vigilant Biosciences\u00ae, our mission, and the oral cancer screening technologies we provide.\" \/>\n<meta name=\"robots\" content=\"index, follow, max-snippet:-1, max-image-preview:large, max-video-preview:-1\" \/>\n<link rel=\"canonical\" href=\"https:\/\/vigilantbiosciences.com\/pt\/sobre\/\" \/>\n<meta property=\"og:locale\" content=\"pt_PT\" \/>\n<meta property=\"og:type\" content=\"article\" \/>\n<meta property=\"og:title\" content=\"About - Vigilant Biosciences\u00ae\" \/>\n<meta property=\"og:description\" content=\"Visit us to learn about Vigilant Biosciences\u00ae, our mission, and the oral cancer screening technologies we provide.\" \/>\n<meta property=\"og:url\" content=\"https:\/\/vigilantbiosciences.com\/pt\/sobre\/\" \/>\n<meta property=\"og:site_name\" content=\"Vigilant Biosciences\u00ae\" \/>\n<meta property=\"article:publisher\" content=\"https:\/\/www.facebook.com\/VigilantBiosciences1\" \/>\n<meta property=\"article:modified_time\" content=\"2024-08-13T20:55:48+00:00\" \/>\n<meta name=\"twitter:card\" content=\"summary_large_image\" \/>\n<meta name=\"twitter:label1\" content=\"Tempo estimado de leitura\" \/>\n\t<meta name=\"twitter:data1\" content=\"3 minutos\" \/>\n<script type=\"application\/ld+json\" class=\"yoast-schema-graph\">{\"@context\":\"https:\/\/schema.org\",\"@graph\":[{\"@type\":\"WebPage\",\"@id\":\"https:\/\/vigilantbiosciences.com\/about\/\",\"url\":\"https:\/\/vigilantbiosciences.com\/about\/\",\"name\":\"About - Vigilant Biosciences\u00ae\",\"isPartOf\":{\"@id\":\"https:\/\/vigilantbiosciences.com\/#website\"},\"datePublished\":\"2023-02-28T15:12:03+00:00\",\"dateModified\":\"2024-08-13T20:55:48+00:00\",\"description\":\"Visit us to learn about Vigilant Biosciences\u00ae, our mission, and the oral cancer screening technologies we provide.\",\"breadcrumb\":{\"@id\":\"https:\/\/vigilantbiosciences.com\/about\/#breadcrumb\"},\"inLanguage\":\"pt-PT\",\"potentialAction\":[{\"@type\":\"ReadAction\",\"target\":[\"https:\/\/vigilantbiosciences.com\/about\/\"]}]},{\"@type\":\"BreadcrumbList\",\"@id\":\"https:\/\/vigilantbiosciences.com\/about\/#breadcrumb\",\"itemListElement\":[{\"@type\":\"ListItem\",\"position\":1,\"name\":\"Home\",\"item\":\"https:\/\/vigilantbiosciences.com\/\"},{\"@type\":\"ListItem\",\"position\":2,\"name\":\"About\"}]},{\"@type\":\"WebSite\",\"@id\":\"https:\/\/vigilantbiosciences.com\/#website\",\"url\":\"https:\/\/vigilantbiosciences.com\/\",\"name\":\"Vigilant Biosciences\u00ae\",\"description\":\"\",\"publisher\":{\"@id\":\"https:\/\/vigilantbiosciences.com\/#organization\"},\"potentialAction\":[{\"@type\":\"SearchAction\",\"target\":{\"@type\":\"EntryPoint\",\"urlTemplate\":\"https:\/\/vigilantbiosciences.com\/?s={search_term_string}\"},\"query-input\":\"required name=search_term_string\"}],\"inLanguage\":\"pt-PT\"},{\"@type\":\"Organization\",\"@id\":\"https:\/\/vigilantbiosciences.com\/#organization\",\"name\":\"Vigilant Biosciences\u00ae\",\"url\":\"https:\/\/vigilantbiosciences.com\/\",\"logo\":{\"@type\":\"ImageObject\",\"inLanguage\":\"pt-PT\",\"@id\":\"https:\/\/vigilantbiosciences.com\/#\/schema\/logo\/image\/\",\"url\":\"https:\/\/vigilantbiosciences.com\/wp-content\/uploads\/vigilant-logo-horizontal.svg\",\"contentUrl\":\"https:\/\/vigilantbiosciences.com\/wp-content\/uploads\/vigilant-logo-horizontal.svg\",\"width\":\"1024\",\"height\":\"1024\",\"caption\":\"Vigilant Biosciences\u00ae\"},\"image\":{\"@id\":\"https:\/\/vigilantbiosciences.com\/#\/schema\/logo\/image\/\"},\"sameAs\":[\"https:\/\/www.facebook.com\/VigilantBiosciences1\",\"https:\/\/www.linkedin.com\/company\/vigilant-biosciences\/\"]}]}<\/script>\n<!-- \/ Yoast SEO plugin. -->","yoast_head_json":{"title":"About - Vigilant Biosciences\u00ae","description":"Visit us to learn about Vigilant Biosciences\u00ae, our mission, and the oral cancer screening technologies we provide.","robots":{"index":"index","follow":"follow","max-snippet":"max-snippet:-1","max-image-preview":"max-image-preview:large","max-video-preview":"max-video-preview:-1"},"canonical":"https:\/\/vigilantbiosciences.com\/pt\/sobre\/","og_locale":"pt_PT","og_type":"article","og_title":"About - Vigilant Biosciences\u00ae","og_description":"Visit us to learn about Vigilant Biosciences\u00ae, our mission, and the oral cancer screening technologies we provide.","og_url":"https:\/\/vigilantbiosciences.com\/pt\/sobre\/","og_site_name":"Vigilant Biosciences\u00ae","article_publisher":"https:\/\/www.facebook.com\/VigilantBiosciences1","article_modified_time":"2024-08-13T20:55:48+00:00","twitter_card":"summary_large_image","twitter_misc":{"Tempo estimado de leitura":"3 minutos"},"schema":{"@context":"https:\/\/schema.org","@graph":[{"@type":"WebPage","@id":"https:\/\/vigilantbiosciences.com\/about\/","url":"https:\/\/vigilantbiosciences.com\/about\/","name":"About - Vigilant Biosciences\u00ae","isPartOf":{"@id":"https:\/\/vigilantbiosciences.com\/#website"},"datePublished":"2023-02-28T15:12:03+00:00","dateModified":"2024-08-13T20:55:48+00:00","description":"Visit us to learn about Vigilant Biosciences\u00ae, our mission, and the oral cancer screening technologies we provide.","breadcrumb":{"@id":"https:\/\/vigilantbiosciences.com\/about\/#breadcrumb"},"inLanguage":"pt-PT","potentialAction":[{"@type":"ReadAction","target":["https:\/\/vigilantbiosciences.com\/about\/"]}]},{"@type":"BreadcrumbList","@id":"https:\/\/vigilantbiosciences.com\/about\/#breadcrumb","itemListElement":[{"@type":"ListItem","position":1,"name":"Home","item":"https:\/\/vigilantbiosciences.com\/"},{"@type":"ListItem","position":2,"name":"About"}]},{"@type":"WebSite","@id":"https:\/\/vigilantbiosciences.com\/#website","url":"https:\/\/vigilantbiosciences.com\/","name":"Vigilant Biosciences\u00ae","description":"","publisher":{"@id":"https:\/\/vigilantbiosciences.com\/#organization"},"potentialAction":[{"@type":"SearchAction","target":{"@type":"EntryPoint","urlTemplate":"https:\/\/vigilantbiosciences.com\/?s={search_term_string}"},"query-input":"required name=search_term_string"}],"inLanguage":"pt-PT"},{"@type":"Organization","@id":"https:\/\/vigilantbiosciences.com\/#organization","name":"Vigilant Biosciences\u00ae","url":"https:\/\/vigilantbiosciences.com\/","logo":{"@type":"ImageObject","inLanguage":"pt-PT","@id":"https:\/\/vigilantbiosciences.com\/#\/schema\/logo\/image\/","url":"https:\/\/vigilantbiosciences.com\/wp-content\/uploads\/vigilant-logo-horizontal.svg","contentUrl":"https:\/\/vigilantbiosciences.com\/wp-content\/uploads\/vigilant-logo-horizontal.svg","width":"1024","height":"1024","caption":"Vigilant Biosciences\u00ae"},"image":{"@id":"https:\/\/vigilantbiosciences.com\/#\/schema\/logo\/image\/"},"sameAs":["https:\/\/www.facebook.com\/VigilantBiosciences1","https:\/\/www.linkedin.com\/company\/vigilant-biosciences\/"]}]}},"_links":{"self":[{"href":"https:\/\/vigilantbiosciences.com\/pt\/wp-json\/wp\/v2\/pages\/78","targetHints":{"allow":["GET"]}}],"collection":[{"href":"https:\/\/vigilantbiosciences.com\/pt\/wp-json\/wp\/v2\/pages"}],"about":[{"href":"https:\/\/vigilantbiosciences.com\/pt\/wp-json\/wp\/v2\/types\/page"}],"author":[{"embeddable":true,"href":"https:\/\/vigilantbiosciences.com\/pt\/wp-json\/wp\/v2\/users\/1"}],"replies":[{"embeddable":true,"href":"https:\/\/vigilantbiosciences.com\/pt\/wp-json\/wp\/v2\/comments?post=78"}],"version-history":[{"count":0,"href":"https:\/\/vigilantbiosciences.com\/pt\/wp-json\/wp\/v2\/pages\/78\/revisions"}],"wp:attachment":[{"href":"https:\/\/vigilantbiosciences.com\/pt\/wp-json\/wp\/v2\/media?parent=78"}],"curies":[{"name":"wp","href":"https:\/\/api.w.org\/{rel}","templated":true}]}}