{"id":731,"date":"2024-08-06T20:43:40","date_gmt":"2024-08-06T20:43:40","guid":{"rendered":"https:\/\/vigilantbiosciences.com\/?page_id=731"},"modified":"2024-08-07T18:48:57","modified_gmt":"2024-08-07T18:48:57","slug":"distributor-updates","status":"publish","type":"page","link":"https:\/\/vigilantbiosciences.com\/pt\/atualizacoes-do-distribuidor\/","title":{"rendered":"Atualiza\u00e7\u00f5es do Distribuidor"},"content":{"rendered":"<p>[et_pb_section fb_built=\u201d1\u2033 custom_padding_last_edited=\u201don|phone\u201d _builder_version=\u201d4.24.0\u2033 _module_preset=\u201ddefault\u201d use_background_color_gradient=\u201don\u201d background_color_gradient_stops=\u201drgba(0,142,168,0.5) 0%|rgba(0,142,168,0.5) 100%\u201d background_image=\u201dhttps:\/\/vigilantbiosciences.com\/wp-content\/uploads\/test-1.png\u201d custom_padding=\u201d100px||100px||true|false\u201d custom_padding_tablet=\u201d80px||80px||true|false\u201d custom_padding_phone=\u201d50px||50px||true|false\u201d bloqueado=\u201ddesligado\u201d recolhido=\u201dligado\u201d global_colors_info=\u201d{}\u201d][et_pb_row _builder_version=\u201d4.20.0\u2033 _module_preset=\u201dpadr\u00e3o\u201d global_colors_info=\u201d{}\u201d][et_pb_column type=\u201d4_4\u2033 _builder_version=\u201d4.20.0\u2033 _module_preset=\u201dpadr\u00e3o\u201d global_colors_info=\u201d{}\u201d][et_pb_text _builder_version=\u201d4.23.1\u2033 _module_preset=\u201dpadr\u00e3o\u201d text_font_size=\u201d30px\u201d header_font=\u201d|600|||||||\u201d espa\u00e7amento_das_letras_do_cabe\u00e7alho=\u201d-3px\u201d orienta\u00e7\u00e3o_do_texto=\u201dcentro\u201d layout_do_fundo=\u201descuro\u201d informa\u00e7\u00f5es_das_cores_globais=\u201d{}\u201d]<\/p>\n<h1>Recursos do Distribuidor<\/h1>\n<p>[\/et_pb_text][\/et_pb_column][\/et_pb_row][\/et_pb_section][et_pb_section fb_built=\u201d1\u2033 custom_padding_last_edited=\u201don|tablet\u201d _builder_version=\u201d4.20.4\u2033 _module_preset=\u201ddefault\u201d background_enable_color=\u201doff\u201d custom_margin=\u201d||||false|false\u201d custom_padding=\u201d80px||80px||true|false\u201d custom_padding_tablet=\u201d50px||50px||true|false\u201d custom_padding_phone=\u201d50px||50px||true|false\u201d locked=\u201doff\u201d collapsed=\u201don\u201d global_colors_info=\u201d{}\u201d][et_pb_row _builder_version=\u201d4.20.4\u2033 _module_preset=\u201dpadr\u00e3o\u201d width_tablet=\u201d90%\u201d width_phone=\u201d90%\u201d width_last_edited=\u201don|tablet\u201d custom_margin=\u201d||||false|false\u201d custom_padding=\u201d0px||0px||false|false\u201d global_colors_info=\u201d{}\u201d][et_pb_column type=\u201d4_4\u2033 _builder_version=\u201d4.20.0\u2033 _module_preset=\u201dpadr\u00e3o\u201d global_colors_info=\u201d{}\u201d][et_pb_text module_class=\u201dentendimento\u201d _builder_version=\u201d4.23.1\u2033 _module_preset=\u201dpadr\u00e3o\u201d header_2_text_color=\u201d#F05323\u2033 text_orientation=\u201dcentro\u201d margem_personalizada=\u201d0px||20px||falso|falso\u201d preenchimento_personalizado=\u201d||||falso|falso\u201d informa\u00e7\u00f5es_de_cores_global=\u201d{}\u201d]<\/p>\n<h2>Liderar o avan\u00e7o na detec\u00e7\u00e3o do c\u00e2ncer oral<\/h2>\n<p>[\/et_pb_text][et_pb_text _builder_version=\u201d4.23.1\u2033 _module_preset=\u201dpadr\u00e3o\u201d text_font_size=\u201d20px\u201d text_orientation=\u201dcentro\u201d custom_margin=\u201d||0px||false|false\u201d custom_padding=\u201d||0px||false|false\u201d global_colors_info=\u201d{}\u201d]<\/p>\n<p>A Vigilant Biosciences\u00ae mant\u00e9m um forte compromisso com nossos parceiros distribuidores. Trabalhamos lado a lado com distribuidores odontol\u00f3gicos para fornecer solu\u00e7\u00f5es de ponta para consult\u00f3rios em todo o mundo, fornecendo aos nossos parceiros as ferramentas necess\u00e1rias para aprimorar o relacionamento com os clientes e conquistar novos neg\u00f3cios. Como distribuidor, esta p\u00e1gina \u00e9 o seu centro central de recursos e informa\u00e7\u00f5es em toda a nossa parceria. Para necessidades espec\u00edficas de comunica\u00e7\u00e3o e distribui\u00e7\u00e3o, fa\u00e7a login na sua conta do portal do distribuidor abaixo.<\/p>\n<p>[\/et_pb_text][\/et_pb_column][\/et_pb_row][\/et_pb_section][et_pb_section fb_built=\u201d1\u2033 custom_padding_last_edited=\u201don|tablet\u201d _builder_version=\u201d4.20.4\u2033 _module_preset=\u201ddefault\u201d background_color=\u201drgba(0,142,168,0.1)\u201d width=\u201d100%\u201d max_width=\u201d100%\u201d custom_margin=\u201d||||false|false\u201d custom_padding=\u201d80px||80px||true|false\u201d custom_padding_tablet=\u201d50px||||false|false\u201d custom_padding_phone=\u201d50px||0px||false|false\u201d locked=\u201doff\u201d collapsed=\u201don\u201d global_colors_info=\u201d{}\u201d][et_pb_row custom_padding_last_edited=\u201dno|tablet\u201d _builder_version=\u201d4.20.4\u2033 _module_preset=\u201dpadr\u00e3o\u201d width_tablet=\u201d90%\u201d width_phone=\u201d90%\u201d width_last_edited=\u201dno|tablet\u201d max_width_tablet=\u201d\u201d max_width_phone=\u201d\u201d max_width_last_edited=\u201dno|tablet\u201d custom_padding_tablet=\u201d||50px||false|false\u201d custom_padding_tablet=\u201d0px||20px||false|false\u201d custom_padding_phone=\u201d0px||20px||false|false\u201d global_colors_info=\u201d{}\u201d][et_pb_column type=\u201d4_4\u2033 _builder_version=\u201d4.20.0\u2033 _module_preset=\u201dpadr\u00e3o\u201d global_colors_info=\u201d{}\u201d][et_pb_text _builder_version=\u201d4.23.1\u2033 _module_preset=\u201dpadr\u00e3o\u201d text_text_color=\u201d#008EA8\u2033 text_font_size=\u201d24px\u201d header_2_text_color=\u201d#008EA8\u2033 text_orientation=\u201dcentro\u201d custom_margin=\u201d||0px||false|false\u201d global_colors_info=\u201d{}\u201d]<\/p>\n<h2>Benef\u00edcios de uma parceria Vigilant Biosciences\u00ae<\/h2>\n<p>[\/et_pb_text][\/et_pb_column][\/et_pb_row][et_pb_row column_structure=\u201d1_3,1_3,1_3\u2033 _builder_version=\u201d4.23.1\u2033 _module_preset=\u201ddefault\u201d width_tablet=\u201d90%\u201d width_phone=\u201d90%\u201d width_last_edited=\u201don|tablet\u201d global_colors_info=\u201d{}\u201d][et_pb_column type=\u201d1_3\u2033 _builder_version=\u201d4.23.1\u2033 _module_preset=\u201ddefault\u201d global_colors_info=\u201d{}\u201d][et_pb_blurb title=\u201dSolu\u00e7\u00f5es de Ponta\u201d imagem=\u201dhttps:\/\/vigilantbiosciences.com\/wp-content\/uploads\/vigilant-biosciences-icon.svg\u201d alt=\u201d\u00cdcone do logotipo da Vigilant Biosciences\u00ae\u201d imagem_\u00edcone_width=\u201d72px\u201d _builder_version=\u201d4.23.1\u2033 _module_preset=\u201ddefault\u201d n\u00edvel_do_cabe\u00e7alho=\u201dh3\u2033 alinhamento_do_texto_do_cabe\u00e7alho=\u201dcentro\u201d cor_do_texto_do_cabe\u00e7alho=\u201d#008EA8\u2033 alinhamento_do_texto_do_corpo=\u201dcentro\u201d anima\u00e7\u00e3o=\u201ddesligado\u201d global_colors_info=\u201d{}\u201d]<\/p>\n<p>Como um dispositivo inovador designado pela FDA, o Sistema BeVigilant OraFusion representa nossa miss\u00e3o de permanecer na vanguarda da inova\u00e7\u00e3o no c\u00e2ncer oral. A parceria com a Vigilant Biosciences\u00ae d\u00e1 \u00e0 sua empresa acesso exclusivo a solu\u00e7\u00f5es de ponta no espa\u00e7o de detec\u00e7\u00e3o de c\u00e2ncer, posicionando sua marca como uma das principais distribuidoras de tecnologia inovadora.<\/p>\n<p>[\/et_pb_blurb][\/et_pb_column][et_pb_column type=\u201d1_3\u2033 _builder_version=\u201d4.23.1\u2033 _module_preset=\u201ddefault\u201d global_colors_info=\u201d{}\u201d][et_pb_blurb title=\u201dInova\u00e7\u00e3o com foco no cliente\u201d image=\u201dhttps:\/\/vigilantbiosciences.com\/wp-content\/uploads\/vigilant-biosciences-icon.svg\u201d alt=\u201d\u00cdcone do logotipo da Vigilant Biosciences\u00ae\u201d image_icon_width=\u201d72px\u201d _builder_version=\u201d4.23.1\u2033 _module_preset=\u201ddefault\u201d header_level=\u201dh3\u2033 header_text_align=\u201dcenter\u201d header_text_color=\u201d#008EA8\u2033 alinhamento_do_texto_do_corpo=\u201dcentro\u201d anima\u00e7\u00e3o=\u201ddesligado\u201d global_colors_info=\u201d{}\u201d]<\/p>\n<p>A equipe da Vigilant Biosciences\u00ae valoriza muito o feedback de nossos clientes. Nossa principal miss\u00e3o \u00e9 inovar para atender \u00e0s demandas dos clientes e melhorar nossas ofertas. A Vigilant Biosciences\u00ae garante que os distribuidores mantenham a satisfa\u00e7\u00e3o do cliente por meio de uma comunica\u00e7\u00e3o r\u00e1pida e eficaz que atenda \u00e0s necessidades do cliente.<\/p>\n<p>[\/et_pb_blurb][\/et_pb_column][et_pb_column type=\u201d1_3\u2033 _builder_version=\u201d4.23.1\u2033 _module_preset=\u201ddefault\u201d global_colors_info=\u201d{}\u201d][et_pb_blurb title=\u201dExpandindo a linha de produtos\u201d image=\u201dhttps:\/\/vigilantbiosciences.com\/wp-content\/uploads\/vigilant-biosciences-icon.svg\u201d alt=\u201d\u00cdcone do logotipo da Vigilant Biosciences\u00ae\u201d image_icon_width=\u201d72px\u201d _builder_version=\u201d4.23.1\u2033 _module_preset=\u201ddefault\u201d header_level=\u201dh3\u2033 header_text_align=\u201dcenter\u201d header_text_color=\u201d#008EA8\u2033 body_text_align=\u201dcenter\u201d anima\u00e7\u00e3o=\u201ddesligado\u201d global_colors_info=\u201d{}\u201d]<\/p>\n<p>Como nosso principal produto, o Sistema BeVigilant OraFusion \u00e9 apenas a primeira solu\u00e7\u00e3o desenvolvida por nossa equipe de l\u00edderes do setor em odontologia, oncologia e diagn\u00f3sticos de sa\u00fade. Ao permanecer na vanguarda das solu\u00e7\u00f5es de detec\u00e7\u00e3o precoce de c\u00e2ncer e outras doen\u00e7as, a Vigilant Biosciences\u00ae pode ajudar sua empresa a se expandir para novas bases de clientes e a se destacar com ofertas de produtos inovadores.<\/p>\n<p>[\/et_pb_blurb][\/et_pb_column][\/et_pb_row][\/et_pb_section][et_pb_section fb_built=\u201d1\u2033 custom_padding_last_edited=\u201don|tablet\u201d _builder_version=\u201d4.23.1\u2033 _module_preset=\u201ddefault\u201d background_enable_color=\u201doff\u201d width=\u201d100%\u201d max_width=\u201d100%\u201d custom_margin=\u201d||||false|false\u201d custom_padding=\u201d80px||80px||true|false\u201d custom_padding_tablet=\u201d50px||||false|false\u201d custom_padding_phone=\u201d50px||0px||false|false\u201d locked=\u201doff\u201d collapsed=\u201don\u201d global_colors_info=\u201d{}\u201d][et_pb_row custom_padding_last_edited=\u201dno|tablet\u201d _builder_version=\u201d4.23.1\u2033 _module_preset=\u201dpadr\u00e3o\u201d width_tablet=\u201d90%\u201d width_phone=\u201d90%\u201d width_last_edited=\u201dno|tablet\u201d max_width_tablet=\u201d\u201d max_width_phone=\u201d\u201d max_width_last_edited=\u201dno|tablet\u201d custom_padding_tablet=\u201d0px||20px||false|false\u201d custom_padding_phone=\u201d0px||20px||false|false\u201d global_colors_info=\u201d{}\u201d][et_pb_column type=\u201d4_4\u2033 _builder_version=\u201d4.20.0\u2033 _module_preset=\u201dpadr\u00e3o\u201d global_colors_info=\u201d{}\u201d][et_pb_text _builder_version=\u201d4.23.1\u2033 _module_preset=\u201dpadr\u00e3o\u201d text_text_color=\u201d#008EA8\u2033 text_font_size=\u201d24px\u201d header_2_text_color=\u201d#F05323\u2033 text_orientation=\u201dcentro\u201d custom_margin=\u201d||20px||false|false\u201d global_colors_info=\u201d{}\u201d]<\/p>\n<h2>Conex\u00e3o segura atrav\u00e9s do nosso portal de distribuidores<\/h2>\n<p>[\/et_pb_text][et_pb_text _builder_version=\u201d4.23.1\u2033 _module_preset=\u201dpadr\u00e3o\u201d text_font_size=\u201d20px\u201d text_orientation=\u201dcentro\u201d custom_margin=\u201d||0px||false|false\u201d custom_padding=\u201d||0px||false|false\u201d global_colors_info=\u201d{}\u201d]<\/p>\n<p>A Vigilant Biosciences\u00ae utiliza um portal altamente seguro e protegido por senha como ponto de contato principal para distribuidores potenciais e aprovados. Sua conta ter\u00e1 nome de usu\u00e1rio e senha exclusivos, garantindo acesso seguro e controlado a todas as informa\u00e7\u00f5es de distribui\u00e7\u00e3o e log\u00edstica.<\/p>\n<p>Se voc\u00ea \u00e9 um novo distribuidor e precisa solicitar acesso ao portal, envie um email para <a href=\"mailto:customerservice@vigilantbiosciences.com\">atendimentoaocliente@vigilantbiosciences.com<\/a> com seu nome completo, detalhes da empresa e informa\u00e7\u00f5es de contato. Alternativamente, voc\u00ea pode usar o formul\u00e1rio fornecido abaixo para enviar sua solicita\u00e7\u00e3o.<\/p>\n<p>[\/et_pb_text][et_pb_text _builder_version=\u201d4.23.1\u2033 _module_preset=\u201ddefault\u201d header_4_text_align=\u201dcenter\u201d custom_margin=\u201d30px||||false|false\u201d global_colors_info=\u201d{}\u201d]<\/p>\n<h4>Clique abaixo para acessar o portal do distribuidor.<\/h4>\n<p>[\/et_pb_text][et_pb_button button_url=\u201dhttps:\/\/vigilantbiosciencescom.sharepoint.com\/sites\/Distributor-Portal\u201d url_new_window=\u201don\u201d button_text=\u201dPortal de Acesso\u201d button_alignment=\u201dcenter\u201d _builder_version=\u201d4.23.1\u2033 _module_preset=\u201ddefault\u201d custom_button=\u201don\u201d button_text_size=\u201d16px\u201d button_text_color=\u201d#008EA8\u2033 button_border_width=\u201d2px\u201d button_border_color=\u201d#008EA8\u2033 button_border_radius=\u201d50px\u201d button_letter_spacing=\u201d1px\u201d button_use_icon=\u201doff\u201d custom_margin=\u201d|||30px|false|false\u201d custom_margin_tablet=\u201d||10px|0px|false|false\u201d custom_margin_phone=\u201d|||0px|false|false\u201d custom_margin_last_edited=\u201don|tablet\u201d custom_padding=\u201d8px|30px|8px|30px|true|true\u201d global_colors_info=\u201d{}\u201d button_text_color__hover=\u201d#FFFFFF\u201d button_text_color__hover_enabled=\u201don|hover\u201d button_bg_color__hover=\u201d#008EA8\u2033 button_bg_color__hover_enabled=\u201don|hover\u201d][\/et_pb_button][\/et_pb_column][\/et_pb_row][\/et_pb_section][et_pb_section fb_built=\u201d1\u2033 custom_padding_last_edited=\u201dligado|telefone\u201d _builder_version=\u201d4.20.4\u2033 _module_preset=\u201dpadr\u00e3o\u201d background_color=\u201drgba(0,142,168,0.1)\u201d custom_padding=\u201d70px||70px||true|false\u201d custom_padding_tablet=\u201d70px||70px||true|false\u201d custom_padding_phone=\u201d50px||50px||true|false\u201d collapsed=\u201dligado\u201d global_colors_info=\u201d{}\u201d][et_pb_row custom_padding_last_edited=\u201dligado|telefone\u201d _builder_version=\u201d4.20.4\u2033 _module_preset=\u201dpadr\u00e3o\u201d width_tablet=\u201d90%\u201d width_phone=\u201d90%\u201d width_last_edited=\u201don|phone\u201d custom_padding_tablet=\u201d0px||0px||true|false\u201d custom_padding_phone=\u201d0px||0px||true|false\u201d global_colors_info=\u201d{}\u201d][et_pb_column type=\u201d4_4\u2033 _builder_version=\u201d4.20.4\u2033 _module_preset=\u201ddefault\u201d global_colors_info=\u201d{}\u201d][et_pb_text _builder_version=\u201d4.23.1\u2033 _module_preset=\u201ddefault\u201d text_text_color=\u201d#008EA8\u2033 text_font_size=\u201d24px\u201d header_2_text_color=\u201d#008EA8\u2033 text_orientation=\u201dcenter\u201d custom_margin=\u201d||20px||false|false\u201d informa\u00e7\u00f5es_de_cores_globais=\u201d{}\u201d]<\/p>\n<h2>\u00a0Torne-se um parceiro da Vigilant Biosciences\u00ae<\/h2>\n<p>[\/et_pb_text][et_pb_text _builder_version=\u201d4.23.1\u2033 _module_preset=\u201dpadr\u00e3o\u201d text_font_size=\u201d20px\u201d text_orientation=\u201dcentro\u201d custom_margin=\u201d||50px||false|false\u201d custom_padding=\u201d||0px||false|false\u201d global_colors_info=\u201d{}\u201d]<\/p>\n<p>Saiba mais sobre a parceria com a Vigilant Biosciences\u00ae.<\/p>\n<p>[\/et_pb_text][\/et_pb_column][\/et_pb_row][et_pb_row _builder_version=\u201d4.20.0\u2033 _module_preset=\u201dpadr\u00e3o\u201d width_tablet=\u201d90%\u201d width_phone=\u201d90%\u201d width_last_edited=\u201dligado|tablet\u201d max_width=\u201d700px\u201d max_width_tablet=\u201d700px\u201d max_width_phone=\u201d700px\u201d max_width_last_edited=\u201dligado|tablet\u201d bloqueado=\u201ddesligado\u201d global_colors_info=\u201d{}\u201d][et_pb_column type=\u201d4_4\u2033 _builder_version=\u201d4.20.0\u2033 _module_preset=\u201dpadr\u00e3o\u201d global_colors_info=\u201d{}\u201d][et_pb_code _builder_version=\u201d4.23.1\u2033 _module_preset=\u201dpadr\u00e3o\u201d global_colors_info=\u201d{}\u201d]<script charset=\"utf-8\" type=\"text\/javascript\" src=\"\/\/js.hsforms.net\/forms\/embed\/v2.js\"><\/script><!-- [et_pb_line_break_holder] --><script><!-- [et_pb_line_break_holder] -->  hbspt.forms.create({<!-- [et_pb_line_break_holder] -->    region: \"na1\",<!-- [et_pb_line_break_holder] -->    portalId: \"23572199\",<!-- [et_pb_line_break_holder] -->    formId: \"87e99d07-5a71-467c-b9ea-86ee3a08ae35\"<!-- [et_pb_line_break_holder] -->  });<!-- [et_pb_line_break_holder] --><\/script>[\/et_pb_code][\/et_pb_column][\/et_pb_row][\/et_pb_section]<\/p>","protected":false},"excerpt":{"rendered":"<p>Recursos para DistribuidoresLiderar o avan\u00e7o na detec\u00e7\u00e3o do c\u00e2ncer oralA Vigilant Biosciences\u00ae mant\u00e9m um forte compromisso com nossos parceiros distribuidores. Trabalhamos lado a lado com distribuidores odontol\u00f3gicos para fornecer solu\u00e7\u00f5es de ponta para consult\u00f3rios em todo o mundo, fornecendo aos nossos parceiros as ferramentas necess\u00e1rias para aprimorar o relacionamento com os clientes e conquistar novos neg\u00f3cios. Como distribuidor, esta p\u00e1gina \u00e9 a sua central [...]<\/p>","protected":false},"author":9,"featured_media":0,"parent":0,"menu_order":0,"comment_status":"closed","ping_status":"closed","template":"","meta":{"_et_pb_use_builder":"on","_et_pb_old_content":"","_et_gb_content_width":"","inline_featured_image":false,"footnotes":""},"class_list":["post-731","page","type-page","status-publish","hentry"],"yoast_head":"<!-- This site is optimized with the Yoast SEO plugin v22.1 - https:\/\/yoast.com\/wordpress\/plugins\/seo\/ -->\n<title>Distributor Updates - Vigilant Biosciences\u00ae<\/title>\n<meta name=\"robots\" content=\"index, follow, max-snippet:-1, max-image-preview:large, max-video-preview:-1\" \/>\n<link rel=\"canonical\" href=\"https:\/\/vigilantbiosciences.com\/pt\/atualizacoes-do-distribuidor\/\" \/>\n<meta property=\"og:locale\" content=\"pt_PT\" \/>\n<meta property=\"og:type\" content=\"article\" \/>\n<meta property=\"og:title\" content=\"Distributor Updates - Vigilant Biosciences\u00ae\" \/>\n<meta property=\"og:description\" content=\"Patient Resources Understanding the Risk of Oral CancerThe Impact of Oral Cancer In the US alone, oral cancer kills an average one person per hour, 24 hours per day.1Oral cancer is a global challenge with more than 657,000 cases and nearly 330,000 deaths each year1Worldwide 5-year survival rate is only 50% due to delayed intervention [&hellip;]\" \/>\n<meta property=\"og:url\" content=\"https:\/\/vigilantbiosciences.com\/pt\/atualizacoes-do-distribuidor\/\" \/>\n<meta property=\"og:site_name\" content=\"Vigilant Biosciences\u00ae\" \/>\n<meta property=\"article:publisher\" content=\"https:\/\/www.facebook.com\/VigilantBiosciences1\" \/>\n<meta property=\"article:modified_time\" content=\"2024-08-07T18:48:57+00:00\" \/>\n<meta name=\"twitter:card\" content=\"summary_large_image\" \/>\n<script type=\"application\/ld+json\" class=\"yoast-schema-graph\">{\"@context\":\"https:\/\/schema.org\",\"@graph\":[{\"@type\":\"WebPage\",\"@id\":\"https:\/\/vigilantbiosciences.com\/distributor-updates\/\",\"url\":\"https:\/\/vigilantbiosciences.com\/distributor-updates\/\",\"name\":\"Distributor Updates - Vigilant Biosciences\u00ae\",\"isPartOf\":{\"@id\":\"https:\/\/vigilantbiosciences.com\/#website\"},\"datePublished\":\"2024-08-06T20:43:40+00:00\",\"dateModified\":\"2024-08-07T18:48:57+00:00\",\"breadcrumb\":{\"@id\":\"https:\/\/vigilantbiosciences.com\/distributor-updates\/#breadcrumb\"},\"inLanguage\":\"pt-PT\",\"potentialAction\":[{\"@type\":\"ReadAction\",\"target\":[\"https:\/\/vigilantbiosciences.com\/distributor-updates\/\"]}]},{\"@type\":\"BreadcrumbList\",\"@id\":\"https:\/\/vigilantbiosciences.com\/distributor-updates\/#breadcrumb\",\"itemListElement\":[{\"@type\":\"ListItem\",\"position\":1,\"name\":\"Home\",\"item\":\"https:\/\/vigilantbiosciences.com\/\"},{\"@type\":\"ListItem\",\"position\":2,\"name\":\"Distributor Updates\"}]},{\"@type\":\"WebSite\",\"@id\":\"https:\/\/vigilantbiosciences.com\/#website\",\"url\":\"https:\/\/vigilantbiosciences.com\/\",\"name\":\"Vigilant Biosciences\u00ae\",\"description\":\"\",\"publisher\":{\"@id\":\"https:\/\/vigilantbiosciences.com\/#organization\"},\"potentialAction\":[{\"@type\":\"SearchAction\",\"target\":{\"@type\":\"EntryPoint\",\"urlTemplate\":\"https:\/\/vigilantbiosciences.com\/?s={search_term_string}\"},\"query-input\":\"required name=search_term_string\"}],\"inLanguage\":\"pt-PT\"},{\"@type\":\"Organization\",\"@id\":\"https:\/\/vigilantbiosciences.com\/#organization\",\"name\":\"Vigilant Biosciences\u00ae\",\"url\":\"https:\/\/vigilantbiosciences.com\/\",\"logo\":{\"@type\":\"ImageObject\",\"inLanguage\":\"pt-PT\",\"@id\":\"https:\/\/vigilantbiosciences.com\/#\/schema\/logo\/image\/\",\"url\":\"https:\/\/vigilantbiosciences.com\/wp-content\/uploads\/vigilant-logo-horizontal.svg\",\"contentUrl\":\"https:\/\/vigilantbiosciences.com\/wp-content\/uploads\/vigilant-logo-horizontal.svg\",\"width\":\"1024\",\"height\":\"1024\",\"caption\":\"Vigilant Biosciences\u00ae\"},\"image\":{\"@id\":\"https:\/\/vigilantbiosciences.com\/#\/schema\/logo\/image\/\"},\"sameAs\":[\"https:\/\/www.facebook.com\/VigilantBiosciences1\",\"https:\/\/www.linkedin.com\/company\/vigilant-biosciences\/\"]}]}<\/script>\n<!-- \/ Yoast SEO plugin. -->","yoast_head_json":{"title":"Distributor Updates - Vigilant Biosciences\u00ae","robots":{"index":"index","follow":"follow","max-snippet":"max-snippet:-1","max-image-preview":"max-image-preview:large","max-video-preview":"max-video-preview:-1"},"canonical":"https:\/\/vigilantbiosciences.com\/pt\/atualizacoes-do-distribuidor\/","og_locale":"pt_PT","og_type":"article","og_title":"Distributor Updates - Vigilant Biosciences\u00ae","og_description":"Patient Resources Understanding the Risk of Oral CancerThe Impact of Oral Cancer In the US alone, oral cancer kills an average one person per hour, 24 hours per day.1Oral cancer is a global challenge with more than 657,000 cases and nearly 330,000 deaths each year1Worldwide 5-year survival rate is only 50% due to delayed intervention [&hellip;]","og_url":"https:\/\/vigilantbiosciences.com\/pt\/atualizacoes-do-distribuidor\/","og_site_name":"Vigilant Biosciences\u00ae","article_publisher":"https:\/\/www.facebook.com\/VigilantBiosciences1","article_modified_time":"2024-08-07T18:48:57+00:00","twitter_card":"summary_large_image","schema":{"@context":"https:\/\/schema.org","@graph":[{"@type":"WebPage","@id":"https:\/\/vigilantbiosciences.com\/distributor-updates\/","url":"https:\/\/vigilantbiosciences.com\/distributor-updates\/","name":"Distributor Updates - Vigilant Biosciences\u00ae","isPartOf":{"@id":"https:\/\/vigilantbiosciences.com\/#website"},"datePublished":"2024-08-06T20:43:40+00:00","dateModified":"2024-08-07T18:48:57+00:00","breadcrumb":{"@id":"https:\/\/vigilantbiosciences.com\/distributor-updates\/#breadcrumb"},"inLanguage":"pt-PT","potentialAction":[{"@type":"ReadAction","target":["https:\/\/vigilantbiosciences.com\/distributor-updates\/"]}]},{"@type":"BreadcrumbList","@id":"https:\/\/vigilantbiosciences.com\/distributor-updates\/#breadcrumb","itemListElement":[{"@type":"ListItem","position":1,"name":"Home","item":"https:\/\/vigilantbiosciences.com\/"},{"@type":"ListItem","position":2,"name":"Distributor Updates"}]},{"@type":"WebSite","@id":"https:\/\/vigilantbiosciences.com\/#website","url":"https:\/\/vigilantbiosciences.com\/","name":"Vigilant Biosciences\u00ae","description":"","publisher":{"@id":"https:\/\/vigilantbiosciences.com\/#organization"},"potentialAction":[{"@type":"SearchAction","target":{"@type":"EntryPoint","urlTemplate":"https:\/\/vigilantbiosciences.com\/?s={search_term_string}"},"query-input":"required name=search_term_string"}],"inLanguage":"pt-PT"},{"@type":"Organization","@id":"https:\/\/vigilantbiosciences.com\/#organization","name":"Vigilant Biosciences\u00ae","url":"https:\/\/vigilantbiosciences.com\/","logo":{"@type":"ImageObject","inLanguage":"pt-PT","@id":"https:\/\/vigilantbiosciences.com\/#\/schema\/logo\/image\/","url":"https:\/\/vigilantbiosciences.com\/wp-content\/uploads\/vigilant-logo-horizontal.svg","contentUrl":"https:\/\/vigilantbiosciences.com\/wp-content\/uploads\/vigilant-logo-horizontal.svg","width":"1024","height":"1024","caption":"Vigilant Biosciences\u00ae"},"image":{"@id":"https:\/\/vigilantbiosciences.com\/#\/schema\/logo\/image\/"},"sameAs":["https:\/\/www.facebook.com\/VigilantBiosciences1","https:\/\/www.linkedin.com\/company\/vigilant-biosciences\/"]}]}},"_links":{"self":[{"href":"https:\/\/vigilantbiosciences.com\/pt\/wp-json\/wp\/v2\/pages\/731","targetHints":{"allow":["GET"]}}],"collection":[{"href":"https:\/\/vigilantbiosciences.com\/pt\/wp-json\/wp\/v2\/pages"}],"about":[{"href":"https:\/\/vigilantbiosciences.com\/pt\/wp-json\/wp\/v2\/types\/page"}],"author":[{"embeddable":true,"href":"https:\/\/vigilantbiosciences.com\/pt\/wp-json\/wp\/v2\/users\/9"}],"replies":[{"embeddable":true,"href":"https:\/\/vigilantbiosciences.com\/pt\/wp-json\/wp\/v2\/comments?post=731"}],"version-history":[{"count":0,"href":"https:\/\/vigilantbiosciences.com\/pt\/wp-json\/wp\/v2\/pages\/731\/revisions"}],"wp:attachment":[{"href":"https:\/\/vigilantbiosciences.com\/pt\/wp-json\/wp\/v2\/media?parent=731"}],"curies":[{"name":"wp","href":"https:\/\/api.w.org\/{rel}","templated":true}]}}