{"id":728,"date":"2024-08-06T20:40:31","date_gmt":"2024-08-06T20:40:31","guid":{"rendered":"https:\/\/vigilantbiosciences.com\/?page_id=728"},"modified":"2024-08-06T20:42:54","modified_gmt":"2024-08-06T20:42:54","slug":"news-updates","status":"publish","type":"page","link":"https:\/\/vigilantbiosciences.com\/pt\/novas-atualizacoes\/","title":{"rendered":"Novas atualiza\u00e7\u00f5es"},"content":{"rendered":"<p>[et_pb_section fb_built=\u201d1\u2033 custom_padding_last_edited=\u201don|phone\u201d _builder_version=\u201d4.24.0\u2033 _module_preset=\u201ddefault\u201d use_background_color_gradient=\u201don\u201d background_color_gradient_stops=\u201drgba(0,142,168,0.5) 0%|rgba(0,142,168,0.5) 100%\u201d background_image=\u201dhttps:\/\/vigilantbiosciences.com\/wp-content\/uploads\/test-1.png\u201d custom_padding=\u201d100px||100px||true|false\u201d custom_padding_tablet=\u201d80px||80px||true|false\u201d custom_padding_phone=\u201d50px||50px||true|false\u201d collapsed=\u201don\u201d global_colors_info=\u201d{}\u201d][et_pb_row _builder_version=\u201d4.20.0\u2033 _module_preset=\u201dpadr\u00e3o\u201d global_colors_info=\u201d{}\u201d][et_pb_column type=\u201d4_4\u2033 _builder_version=\u201d4.20.0\u2033 _module_preset=\u201dpadr\u00e3o\u201d global_colors_info=\u201d{}\u201d][et_pb_text _builder_version=\u201d4.20.4\u2033 _module_preset=\u201dpadr\u00e3o\u201d header_font=\u201d|600|||||||\u201d header_letter_spacing=\u201d-3px\u201d text_orientation=\u201dcenter\u201d background_layout=\u201descuro\u201d global_colors_info=\u201d{}\u201d]<\/p>\n<h1>Not\u00edcias e Publica\u00e7\u00f5es<\/h1>\n<p>[\/et_pb_text][\/et_pb_column][\/et_pb_row][\/et_pb_section][et_pb_section fb_built=\u201d1\u2033 custom_padding_last_edited=\u201don|desktop\u201d _builder_version=\u201d4.23.1\u2033 _module_preset=\u201ddefault\u201d custom_margin=\u201d||0px|| falso|falso\u201d custom_padding=\u201d80px||80px||true|false\u201d custom_padding_tablet=\u201d50px||50px||true|false\u201d custom_padding_phone=\u201d50px||50px||true|false\u201d bloqueado=\u201ddesligado\u201d recolhido= \u201don\u201d global_colors_info=\u201d{}\u201d][et_pb_row _builder_version=\u201d4.20.0\u2033 _module_preset=\u201ddefault\u201d width=\u201d90%\u201d custom_padding=\u201d||50px||false|false\u201d global_colors_info=\u201d{}\u201d][et_pb_column type=\u201d4_4\u2033 _builder_version=\u201d4.20.0\u2033 _module_preset=\u201ddefault\u201d global_colors_info=\u201d{}\u201d][et_pb_text _builder_version=\u201d4.20.0\u2033 _module_preset=\u201ddefault\u201d text_orientation=\u201dcenter\u201d global_colors_info=\u201d{}\u201d]<\/p>\n<h2>Not\u00edcias<\/h2>\n<p>[\/et_pb_text][\/et_pb_column][\/et_pb_row][et_pb_row use_custom_gutter=\u201don\u201d gutter_width=\u201d2\u2033 _builder_version=\u201d4.20.4\u2033 _module_preset=\u201ddefault\u201d max_width=\u201d1150px\u201d custom_margin=\u201d||0px||false |false\u201d custom_padding=\u201d||0px||false|false\u201d global_colors_info=\u201d{}\u201d][et_pb_column type=\u201d4_4\u2033 _builder_version=\u201d4.20.0\u2033 _module_preset=\u201ddefault\u201d global_colors_info=\u201d{}\u201d][et_pb_blog fullwidth=\u201doff\u201d include_categories=\u201d7,1\u2033 show_more=\u201don\u201d show_author=\u201doff\u201d show_categories=\u201doff\u201d show_excerpt=\u201doff\u201d show_pagination=\u201doff\u201d _builder_version=\u201d4.20.4\u2033 _module_preset=\u201ddefault\u201d header_level =\u201dh3\u2033 header_text_align=\u201dcenter\u201d header_text_color=\u201d#707272\u2033 header_font_size=\u201d18px\u201d meta_text_align=\u201dcenter\u201d meta_font_size=\u201d15px\u201d read_more_font=\u201d||||||||\u201d read_more_font_size=\u201d16px\u201d read_more_letter_spacing=\u201d1px\u201d text_orientation=\u201dcenter\u201d custom_margin=\u201d||0px||false|false\u201d custom_padding=\u201d||0px||false|false\u201d border_color_all_image=\u201dRGBA(255,255,255,0)\u201d box_shadow_style_image =\u201dpreset2\u2033 box_shadow_color_image=\u201drgba(0,0,0,0.05)\u201d global_colors_info=\u201d{}\u201d][\/et_pb_blog][\/et_pb_column][\/et_pb_row][\/et_pb_section][et_pb_section fb_built=\u201d1\u2033 custom_padding_last_edited= \u201don | |true|false\u201d custom_padding_tablet=\u201d50px||50px||true|false\u201d custom_padding_phone=\u201d50px||50px||true|false\u201d desativado=\u201don\u201d bloqueado=\u201doff\u201d recolhido=\u201don\u201d global_colors_info=\u201d{ }\u201d][et_pb_row _builder_version=\u201d4.20.0\u2033 _module_preset=\u201ddefault\u201d width=\u201d90%\u201d custom_padding=\u201d||50px||false|false\u201d global_colors_info=\u201d{}\u201d][et_pb_column type=\u201d4_4\u2033 _builder_version= \u201d4.20.0\u2033 _module_preset=\u201dpadr\u00e3o\u201d global_colors_info=\u201d{}\u201d][et_pb_text _builder_version=\u201d4.20.0\u2033 _module_preset=\u201ddefault\u201d header_2_text_color=\u201d#008EA8\u2033 text_orientation=\u201dcenter\u201d global_colors_info=\u201d{}\u201d]<\/p>\n<h2>Publica\u00e7\u00f5es<\/h2>\n<p>[\/et_pb_text][et_pb_text _builder_version=\u201d4.20.2\u2033 _module_preset=\u201ddefault\u201d header_2_text_color=\u201d#008EA8\u2033 text_orientation=\u201dcenter\u201d global_colors_info=\u201d{}\u201d]<\/p>\n<p>Artigo cl\u00ednico cl\u00ednico dispon\u00edvel mediante solicita\u00e7\u00e3o.<\/p>\n<p>[\/et_pb_text][\/et_pb_column][\/et_pb_row][et_pb_row column_structure=\u201d1_3,1_3,1_3\u2033 use_custom_gutter=\u201don\u201d gutter_width=\u201d2\u2033 desativado_on=\u201don|on|on\u201d _builder_version=\u201d4.20.2\u2033 _module_preset =\u201dpadr\u00e3o\u201d max_width=\u201d1150px\u201d desabilitado=\u201don\u201d global_colors_info=\u201d{}\u201d][et_pb_column type=\u201d1_3\u2033 _builder_version=\u201d4.20.0\u2033 _module_preset=\u201ddefault\u201d global_colors_info=\u201d{}\u201d][\/et_pb_column ][et_pb_column type=\u201d1_3\u2033 _builder_version=\u201d4.20.0\u2033 _module_preset=\u201ddefault\u201d global_colors_info=\u201d{}\u201d][et_pb_image src=\u201dhttps:\/\/vigilantbiosciences.com\/wp-content\/uploads\/Vigilant-November- White-Paper-Cover.jpg\u201d alt=\u201dNovo sistema OraFusion\u2122 inovador para avalia\u00e7\u00e3o de risco de les\u00f5es orais suspeitas na pr\u00e1tica odontol\u00f3gica White Paper Cover\u201d title_text=\u201dNovo sistema OraFusion\u2122 inovador para avalia\u00e7\u00e3o de risco de les\u00f5es orais suspeitas na pr\u00e1tica odontol\u00f3gica White Paper Capa\u201d _builder_version=\u201d4.20.0\u2033 _module_preset=\u201ddefault\u201d custom_padding=\u201d||20px||false|false\u201d border_width_all=\u201d1px\u201d border_color_all=\u201drgba(112,114,114,0.15)\u201d box_shadow_style=\u201dpreset2\u2033 box_shadow_color=\u201drgba (0,0,0,0,15)\u201d global_colors_info=\u201d{}\u201d][\/et_pb_image][et_pb_text _builder_version=\u201d4.20.0\u2033 _module_preset=\u201ddefault\u201d header_2_text_align=\u201dcenter\u201d header_4_text_color=\u201d#008EA8\u2033 text_orientation=\u201dcenter\u201d bloqueado=\u201ddesligado\u201d global_colors_info=\u201d{}\u201d]<\/p>\n<h4>Novo sistema inovador OraFusion\u2122 para avalia\u00e7\u00e3o de risco de les\u00f5es orais suspeitas na pr\u00e1tica odontol\u00f3gica<\/h4>\n<p>[\/et_pb_text][et_pb_button button_url=\u201d@ET-DC@eyJkeW5hbWljIjp0cnVlLCJjb250ZW50IjoicG9zdF9saW5rX3VybF9wYWdlIiwic2V0dGluZ3MiOnsicG9zdF9pZCI6IjE2NyJ9fQ==@\u201d bot\u00e3o _text=\u201dBaixar\u201d button_alignment=\u201dcenter\u201d _builder_version=\u201d4.20.0\u2033 _dynamic_attributes=\u201dbutton_url\u201d _module_preset=\u201ddefault\u201d custom_button=\u201don \u201d button_text_size=\u201d16px\u201d button_text_color=\u201d#008EA8\u2033 button_border_color=\u201d#008EA8\u2033 button_border_radius=\u201d50px\u201d button_letter_spacing=\u201d1px\u201d button_use_icon=\u201doff\u201d global_colors_info=\u201d{}\u201d button_text_color__hover_enabled=\u201don|desktop\u201d button_text_color__hover =\u201d#FFFFF\u201d bot\u00e3o_bg_color__hover_enabled =\u201don|desktop\u201d button_bg_color__hover=\u201d#008EA8\u2033 button_bg_enable_color__hover=\u201don\u201d button_border_color__hover_enabled=\u201don|desktop\u201d button_border_color__hover=\u201d#008EA8\u2033][\/et_pb_button][\/et_pb_column][et_pb_column type=\u201d1_3\u2033 _builder_version=\u201d4.20.0 \u2033 _module_preset=\u201dpadr\u00e3o\u201d global_colors_info=\u201d{}\u201d][\/et_pb_column][\/et_pb_row][\/et_pb_section]<\/p>","protected":false},"excerpt":{"rendered":"<p>Not\u00edcias e publica\u00e7\u00f5esNot\u00edciasPublica\u00e7\u00f5esDocumento t\u00e9cnico cl\u00ednico dispon\u00edvel mediante solicita\u00e7\u00e3o.Novo sistema inovador OraFusion\u2122 para avalia\u00e7\u00e3o de risco de les\u00f5es orais suspeitas na pr\u00e1tica odontol\u00f3gica<\/p>","protected":false},"author":9,"featured_media":0,"parent":0,"menu_order":0,"comment_status":"closed","ping_status":"closed","template":"","meta":{"_et_pb_use_builder":"on","_et_pb_old_content":"","_et_gb_content_width":"","inline_featured_image":false,"footnotes":""},"class_list":["post-728","page","type-page","status-publish","hentry"],"yoast_head":"<!-- This site is optimized with the Yoast SEO plugin v22.1 - https:\/\/yoast.com\/wordpress\/plugins\/seo\/ -->\n<title>New Updates - Vigilant Biosciences\u00ae<\/title>\n<meta name=\"robots\" content=\"index, follow, max-snippet:-1, max-image-preview:large, max-video-preview:-1\" \/>\n<link rel=\"canonical\" href=\"https:\/\/vigilantbiosciences.com\/pt\/novas-atualizacoes\/\" \/>\n<meta property=\"og:locale\" content=\"pt_PT\" \/>\n<meta property=\"og:type\" content=\"article\" \/>\n<meta property=\"og:title\" content=\"New Updates - Vigilant Biosciences\u00ae\" \/>\n<meta property=\"og:description\" content=\"Patient Resources Understanding the Risk of Oral CancerThe Impact of Oral Cancer In the US alone, oral cancer kills an average one person per hour, 24 hours per day.1Oral cancer is a global challenge with more than 657,000 cases and nearly 330,000 deaths each year1Worldwide 5-year survival rate is only 50% due to delayed intervention [&hellip;]\" \/>\n<meta property=\"og:url\" content=\"https:\/\/vigilantbiosciences.com\/pt\/novas-atualizacoes\/\" \/>\n<meta property=\"og:site_name\" content=\"Vigilant Biosciences\u00ae\" \/>\n<meta property=\"article:publisher\" content=\"https:\/\/www.facebook.com\/VigilantBiosciences1\" \/>\n<meta property=\"article:modified_time\" content=\"2024-08-06T20:42:54+00:00\" \/>\n<meta name=\"twitter:card\" content=\"summary_large_image\" \/>\n<meta name=\"twitter:label1\" content=\"Tempo estimado de leitura\" \/>\n\t<meta name=\"twitter:data1\" content=\"5 minutos\" \/>\n<script type=\"application\/ld+json\" class=\"yoast-schema-graph\">{\"@context\":\"https:\/\/schema.org\",\"@graph\":[{\"@type\":\"WebPage\",\"@id\":\"https:\/\/vigilantbiosciences.com\/news-updates\/\",\"url\":\"https:\/\/vigilantbiosciences.com\/news-updates\/\",\"name\":\"New Updates - Vigilant Biosciences\u00ae\",\"isPartOf\":{\"@id\":\"https:\/\/vigilantbiosciences.com\/#website\"},\"datePublished\":\"2024-08-06T20:40:31+00:00\",\"dateModified\":\"2024-08-06T20:42:54+00:00\",\"breadcrumb\":{\"@id\":\"https:\/\/vigilantbiosciences.com\/news-updates\/#breadcrumb\"},\"inLanguage\":\"pt-PT\",\"potentialAction\":[{\"@type\":\"ReadAction\",\"target\":[\"https:\/\/vigilantbiosciences.com\/news-updates\/\"]}]},{\"@type\":\"BreadcrumbList\",\"@id\":\"https:\/\/vigilantbiosciences.com\/news-updates\/#breadcrumb\",\"itemListElement\":[{\"@type\":\"ListItem\",\"position\":1,\"name\":\"Home\",\"item\":\"https:\/\/vigilantbiosciences.com\/\"},{\"@type\":\"ListItem\",\"position\":2,\"name\":\"New Updates\"}]},{\"@type\":\"WebSite\",\"@id\":\"https:\/\/vigilantbiosciences.com\/#website\",\"url\":\"https:\/\/vigilantbiosciences.com\/\",\"name\":\"Vigilant Biosciences\u00ae\",\"description\":\"\",\"publisher\":{\"@id\":\"https:\/\/vigilantbiosciences.com\/#organization\"},\"potentialAction\":[{\"@type\":\"SearchAction\",\"target\":{\"@type\":\"EntryPoint\",\"urlTemplate\":\"https:\/\/vigilantbiosciences.com\/?s={search_term_string}\"},\"query-input\":\"required name=search_term_string\"}],\"inLanguage\":\"pt-PT\"},{\"@type\":\"Organization\",\"@id\":\"https:\/\/vigilantbiosciences.com\/#organization\",\"name\":\"Vigilant Biosciences\u00ae\",\"url\":\"https:\/\/vigilantbiosciences.com\/\",\"logo\":{\"@type\":\"ImageObject\",\"inLanguage\":\"pt-PT\",\"@id\":\"https:\/\/vigilantbiosciences.com\/#\/schema\/logo\/image\/\",\"url\":\"https:\/\/vigilantbiosciences.com\/wp-content\/uploads\/vigilant-logo-horizontal.svg\",\"contentUrl\":\"https:\/\/vigilantbiosciences.com\/wp-content\/uploads\/vigilant-logo-horizontal.svg\",\"width\":\"1024\",\"height\":\"1024\",\"caption\":\"Vigilant Biosciences\u00ae\"},\"image\":{\"@id\":\"https:\/\/vigilantbiosciences.com\/#\/schema\/logo\/image\/\"},\"sameAs\":[\"https:\/\/www.facebook.com\/VigilantBiosciences1\",\"https:\/\/www.linkedin.com\/company\/vigilant-biosciences\/\"]}]}<\/script>\n<!-- \/ Yoast SEO plugin. -->","yoast_head_json":{"title":"New Updates - Vigilant Biosciences\u00ae","robots":{"index":"index","follow":"follow","max-snippet":"max-snippet:-1","max-image-preview":"max-image-preview:large","max-video-preview":"max-video-preview:-1"},"canonical":"https:\/\/vigilantbiosciences.com\/pt\/novas-atualizacoes\/","og_locale":"pt_PT","og_type":"article","og_title":"New Updates - Vigilant Biosciences\u00ae","og_description":"Patient Resources Understanding the Risk of Oral CancerThe Impact of Oral Cancer In the US alone, oral cancer kills an average one person per hour, 24 hours per day.1Oral cancer is a global challenge with more than 657,000 cases and nearly 330,000 deaths each year1Worldwide 5-year survival rate is only 50% due to delayed intervention [&hellip;]","og_url":"https:\/\/vigilantbiosciences.com\/pt\/novas-atualizacoes\/","og_site_name":"Vigilant Biosciences\u00ae","article_publisher":"https:\/\/www.facebook.com\/VigilantBiosciences1","article_modified_time":"2024-08-06T20:42:54+00:00","twitter_card":"summary_large_image","twitter_misc":{"Tempo estimado de leitura":"5 minutos"},"schema":{"@context":"https:\/\/schema.org","@graph":[{"@type":"WebPage","@id":"https:\/\/vigilantbiosciences.com\/news-updates\/","url":"https:\/\/vigilantbiosciences.com\/news-updates\/","name":"New Updates - Vigilant Biosciences\u00ae","isPartOf":{"@id":"https:\/\/vigilantbiosciences.com\/#website"},"datePublished":"2024-08-06T20:40:31+00:00","dateModified":"2024-08-06T20:42:54+00:00","breadcrumb":{"@id":"https:\/\/vigilantbiosciences.com\/news-updates\/#breadcrumb"},"inLanguage":"pt-PT","potentialAction":[{"@type":"ReadAction","target":["https:\/\/vigilantbiosciences.com\/news-updates\/"]}]},{"@type":"BreadcrumbList","@id":"https:\/\/vigilantbiosciences.com\/news-updates\/#breadcrumb","itemListElement":[{"@type":"ListItem","position":1,"name":"Home","item":"https:\/\/vigilantbiosciences.com\/"},{"@type":"ListItem","position":2,"name":"New Updates"}]},{"@type":"WebSite","@id":"https:\/\/vigilantbiosciences.com\/#website","url":"https:\/\/vigilantbiosciences.com\/","name":"Vigilant Biosciences\u00ae","description":"","publisher":{"@id":"https:\/\/vigilantbiosciences.com\/#organization"},"potentialAction":[{"@type":"SearchAction","target":{"@type":"EntryPoint","urlTemplate":"https:\/\/vigilantbiosciences.com\/?s={search_term_string}"},"query-input":"required name=search_term_string"}],"inLanguage":"pt-PT"},{"@type":"Organization","@id":"https:\/\/vigilantbiosciences.com\/#organization","name":"Vigilant Biosciences\u00ae","url":"https:\/\/vigilantbiosciences.com\/","logo":{"@type":"ImageObject","inLanguage":"pt-PT","@id":"https:\/\/vigilantbiosciences.com\/#\/schema\/logo\/image\/","url":"https:\/\/vigilantbiosciences.com\/wp-content\/uploads\/vigilant-logo-horizontal.svg","contentUrl":"https:\/\/vigilantbiosciences.com\/wp-content\/uploads\/vigilant-logo-horizontal.svg","width":"1024","height":"1024","caption":"Vigilant Biosciences\u00ae"},"image":{"@id":"https:\/\/vigilantbiosciences.com\/#\/schema\/logo\/image\/"},"sameAs":["https:\/\/www.facebook.com\/VigilantBiosciences1","https:\/\/www.linkedin.com\/company\/vigilant-biosciences\/"]}]}},"_links":{"self":[{"href":"https:\/\/vigilantbiosciences.com\/pt\/wp-json\/wp\/v2\/pages\/728","targetHints":{"allow":["GET"]}}],"collection":[{"href":"https:\/\/vigilantbiosciences.com\/pt\/wp-json\/wp\/v2\/pages"}],"about":[{"href":"https:\/\/vigilantbiosciences.com\/pt\/wp-json\/wp\/v2\/types\/page"}],"author":[{"embeddable":true,"href":"https:\/\/vigilantbiosciences.com\/pt\/wp-json\/wp\/v2\/users\/9"}],"replies":[{"embeddable":true,"href":"https:\/\/vigilantbiosciences.com\/pt\/wp-json\/wp\/v2\/comments?post=728"}],"version-history":[{"count":0,"href":"https:\/\/vigilantbiosciences.com\/pt\/wp-json\/wp\/v2\/pages\/728\/revisions"}],"wp:attachment":[{"href":"https:\/\/vigilantbiosciences.com\/pt\/wp-json\/wp\/v2\/media?parent=728"}],"curies":[{"name":"wp","href":"https:\/\/api.w.org\/{rel}","templated":true}]}}