{"id":689,"date":"2024-04-02T19:29:50","date_gmt":"2024-04-02T19:29:50","guid":{"rendered":"https:\/\/vigilantbiosciences.com\/?page_id=689"},"modified":"2024-08-13T21:05:25","modified_gmt":"2024-08-13T21:05:25","slug":"signup","status":"publish","type":"page","link":"https:\/\/vigilantbiosciences.com\/pt\/pagina-de-destino-cellerant-2\/","title":{"rendered":"P\u00e1gina inicial da Cellerant"},"content":{"rendered":"<p>[et_pb_section fb_built=\u201d1\u2033 custom_padding_last_edited=\u201don|tablet\u201d _builder_version=\u201d4.20.0\u2033 _module_preset=\u201ddefault\u201d background_enable_color=\u201doff\u201d custom_margin=\u201d||||false|false\u201d custom_padding=\u201d1px|0px|50px ||false|false\u201d custom_padding_tablet=\u201d50px||50px||true|false\u201d custom_padding_phone=\u201d50px||20px||false|false\u201d bloqueado=\u201doff\u201d global_colors_info=\u201d{}\u201d][et_pb_row _builder_version=\u201d4.20 .0\u2033 _module_preset=\u201dpadr\u00e3o\u201d largura=\u201d90%\u201d custom_margin=\u201d26px|auto|-28px|auto||\u201d custom_padding=\u201d0px||10px||falso|\u201d global_colors_info=\u201d{}\u201d][et_pb_column type=\u201d4_4\u2033 _builder_version=\u201d4.20.0\u2033 _module_preset=\u201ddefault\u201d global_colors_info=\u201d{}\u201d][et_pb_image src=\u201dhttps:\/\/vigilantbiosciences.com\/wp-content\/ uploads\/BeVigilant-Orafusion-System-logo_color-1.png\u201d alt=\u201dLogotipo da Vigilant Biosciences\u00ae\u201d title_text=\u201dBeVigilant Orafusion System logo_color (1)\u201d align=\u201dcenter\u201d _builder_version=\u201d4.24.2\u2033 _module_preset=\u201ddefault\u201d largura=\u201d48%\u201d max_width=\u201d48%\u201d module_alignment=\u201dcenter\u201d custom_margin=\u201d||29px|||\u201d global_colors_info=\u201d{}\u201d][\/et_pb_image][et_pb_text _builder_version=\u201d4.21.0\u2033 _module_preset=\u201ddefault\u201d header_2_text_color=\u201d#F05323\u2033 text_orientation=\u201dcenter\u201d custom_margin=\u201d||22px||false|false\u201d custom_padding=\u201d 16px|||||\u201d global_colors_info=\u201d{}\u201d]<\/p>\n<h2>\u00a0Seja um dos primeiros a ser notificado quando dispon\u00edvel.\u00a0\u00a0<\/h2>\n<p>[\/et_pb_text][et_pb_button button_url=\u201d#schedule-demo-form\u201d button_text=\u201dInscreva-se agora\u201d button_alignment=\u201dcenter\u201d _builder_version=\u201d4.24.2\u2033 _module_preset=\u201ddefault\u201d custom_button=\u201don\u201d button_text_size=\u201d25px\u201d button_text_color =\u201d#FFFFF\u201d button_bg_color=\u201d#008EA8\u2033 button_border_radius=\u201d41px\u201d button_font=\u201d|600||||||||\u201d margem_personalizada=\u201d||37px|||\u201d global_colors_info=\u201d{}\u201d][\/et_pb_button][dipl_button _builder_version=\u201d4.24.2\u2033 _module_preset=\u201dpadr\u00e3o\u201d global_colors_info=\u201d{}\u201d][\/dipl_button][et_pb_divider _builder_version=\u201d4.24.2\u2033 _module_preset=\u201ddefault\u201d margem_personalizada=\u201d||16px|||\u201d custom_padding=\u201d||6px|||\u201d global_colors_info=\u201d{}\u201d][\/et_pb_divider][et_pb_text _builder_version=\u201d4.24.2\u2033 _module_preset=\u201ddefault\u201d header_2_text_color=\u201d#F05323\u2033 text_orientation=\u201dcenter\u201d custom_margin=\u201d-30px||44px||false|false\u201d custom_padding =\u201d19px|||||\u201d global_colors_info=\u201d{}\u201d]<\/p>\n<h3>\u00a0<span style=\"color: #707272;\">O primeiro e \u00fanico sistema de detec\u00e7\u00e3o precoce de c\u00e2ncer em tempo real. <\/span><\/h3>\n<h3><span style=\"color: #707272;\">Juntos, podemos salvar vidas!\u00a0\u00a0<\/span><\/h3>\n<p>[\/et_pb_text][\/et_pb_column][\/et_pb_row][\/et_pb_section][et_pb_section fb_built=\u201d1\u2033 custom_padding_last_edited=\u201don|tablet\u201d _builder_version=\u201d4.20.2\u2033 _module_preset=\u201ddefault\u201d custom_margin=\u201d-38px|||||\u201d custom_padding=\u201d3px||3px||verdadeiro|falso\u201d custom_padding_tablet=\u201d0px||0px||verdadeiro|falso\u201d custom_padding_phone=\u201d0px||0px||verdadeiro|falso\u201d global_colors_info=\u201d{}\u201d][et_pb_row column_structure=\u201d1_3,1_3,1_3\u2033 custom_padding_last_edited=\u201dem|tablet\u201d _builder_version=\u201d4.20.0\u2033 _module_preset=\u201dpadr\u00e3o\u201d width=\u201d90%\u201d custom_padding=\u201d||49px|||\u201d custom_padding_tablet=\u201d||0px||false|false\u201d custom_padding_phone=\u201d||0px||false|false\u201d global_colors_info=\u201d{}\u201d custom_css_main_element_last_edited=\u201don|phone\u201d custom_css_main_element_tablet=\u201ddisplay: flex;||column-gap: 30px;\u201d custom_css_main_element_phone=\u201ddisplay: block;\u201d][et_pb_column type=\u201d1_3\u2033 _builder_version=\u201d4.20.0\u2033 _module_preset=\u201ddefault\u201d global_colors_info=\u201d{}\u201d][et_pb_blurb title=\u201df\u00e1cil de usar\u201d image=\u201dhttps:\/\/vigilantbiosciences.com\/wp-content\/uploads\/2-2.png\u201d alt=\u201d\u00cdcone de marca de sele\u00e7\u00e3o\u201d image_icon_width=\u201d100px\u201d _builder_version=\u201d4.20.2\u2033 _module_preset=\u201ddefault\u201d header_level=\u201dh3\u2033 header_font=\u201dArial|700||on|||||\u201d header_text_color=\u201d#008EA8\u2033 header_font_size=\u201d22px\u201d text_orientation=\u201dcenter\u201d custom_padding=\u201d||0px|||\u201d animation=\u201doff\u201d global_colors_info=\u201d{}\u201d]<\/p>\n<p>Um teste de saliva simples e n\u00e3o invasivo elimina a necessidade de procedimentos invasivos, oferecendo facilidade e comodidade.<\/p>\n<p>[\/et_pb_blurb][\/et_pb_column][et_pb_column type=\u201d1_3\u2033 _builder_version=\u201d4.20.0\u2033 _module_preset=\u201ddefault\u201d global_colors_info=\u201d{}\u201d][et_pb_blurb title=\u201dresultados em tempo real\u201d imagem=\u201dhttps:\/ \/vigilantbiosciences.com\/wp-content\/uploads\/2-2.png\u201d alt=\u201d\u00cdcone de marca de verifica\u00e7\u00e3o\u201d image_icon_width=\u201d100px\u201d _builder_version=\u201d4.20.0\u2033 _module_preset=\u201ddefault\u201d header_level=\u201dh3\u2033 header_font=\u201dArial |700||ligado|||||\u201d header_text_color=\u201d#008EA8\u2033 header_font_size=\u201d22px\u201d text_orientation=\u201dcenter\u201d Animation=\u201doff\u201d global_colors_info=\u201d{}\u201d]<\/p>\n<p>Entregando resultados em apenas 15 minutos ou menos, agilizando as pr\u00f3ximas etapas e decis\u00f5es de tratamento.<\/p>\n<p>[\/et_pb_blurb][\/et_pb_column][et_pb_column type=\u201d1_3\u2033 _builder_version=\u201d4.20.0\u2033 _module_preset=\u201ddefault\u201d global_colors_info=\u201d{}\u201d][et_pb_blurb title=\u201daltamente preciso*\u201d imagem=\u201dhttps:\/\/ vigilantbiosciences.com\/wp-content\/uploads\/2-2.png\u201d alt=\u201d\u00cdcone de marca de verifica\u00e7\u00e3o\u201d image_icon_width=\u201d100px\u201d _builder_version=\u201d4.20.0\u2033 _module_preset=\u201ddefault\u201d header_level=\u201dh3\u2033 header_font=\u201dArial| 700||ligado|||||\u201d header_text_color=\u201d#008EA8\u2033 header_font_size=\u201d22px\u201d text_orientation=\u201dcenter\u201d Animation=\u201doff\u201d global_colors_info=\u201d{}\u201d]<\/p>\n<p>O uso de m\u00faltiplos biomarcadores em conjunto com fatores de risco cl\u00ednicos fornece uma avalia\u00e7\u00e3o de risco precisa.<\/p>\n<p>[\/et_pb_blurb][\/et_pb_column][\/et_pb_row][\/et_pb_section][et_pb_section fb_built=\u201d1\u2033 custom_padding_last_edited=\u201don|tablet\u201d module_id=\u201dcomo funciona\u201d _builder_version=\u201d4.20.4\u2033 _module_preset=\u201dpadr\u00e3o \u201d background_color=\u201drgba(0,142,168,0.1)\u201d custom_padding=\u201d41px||41px||true|false\u201d custom_padding_tablet=\u201d50px||50px||true|false\u201d custom_padding_phone=\u201d50px||50px||true|false\u201d global_colors_info=\u201d{}\u201d][et_pb_row _builder_version=\u201d4.20.0\u2033 _module_preset=\u201ddefault\u201d width=\u201d90%\u201d custom_margin=\u201d||50px||false|false\u201d custom_padding=\u201d||0px||false|false\u201d global_colors_info=\u201d{}\u201d][et_pb_column type=\u201d4_4\u2033 _builder_version=\u201d4.20.0\u2033 _module_preset=\u201ddefault\u201d global_colors_info=\u201d{}\u201d][et_pb_text _builder_version=\u201d4.20.4\u2033 _module_preset=\u201ddefault\u201d header_2_text_color=\u201d #008EA8\u2033 text_orientation=\u201dcenter\u201d custom_margin=\u201d||0px||false|false\u201d global_colors_info=\u201d{}\u201d]<\/p>\n<h2><span style=\"color: #f05323;\">Como funciona o sistema BeVigilant OraFusion<\/span><\/h2>\n<p>[\/et_pb_text][dipl_tabs _builder_version=\u201d4.20.0\u2033 _module_preset=\u201dpadr\u00e3o\u201d global_colors_info=\u201d{}\u201d][\/dipl_tabs][\/et_pb_column][\/et_pb_row][et_pb_row custom_padding_last_edited=\u201don|tablet\u201d _builder_version=\u201d4.20.0\u2033 _module_preset=\u201dpadr\u00e3o\u201d width=\u201d90%\u201d max_width=\u201d900px\u201d custom_margin=\u201d||0px||false|false\u201d custom_padding=\u201d||20px||false|false\u201d custom_padding_tablet=\u201d0px||||false|false\u201d custom_padding_phone=\u201d0px||||false|false\u201d global_colors_info=\u201d{}\u201d][et_pb_column type=\u201d4_4\u2033 _builder_version=\u201d4.20.0\u2033 _module_preset=\u201dpadr\u00e3o\u201d global_colors_info=\u201d{}\u201d][et_pb_text _builder_version=\u201d4.24.2\u2033 _module_preset=\u201dpadr\u00e3o\u201d text_orientation=\u201dcenter\u201d custom_margin=\u201d||0px||false|false\u201d hover_enabled=\u201d0\u2033 global_colors_info=\u201d{}\u201d sticky_enabled=\u201d0\u2033]<\/p>\n<p><strong>Sistema BeVigilant OraFusion <\/strong> <span>\u00e9 um sistema de ponto de atendimento preciso e f\u00e1cil de usar para cl\u00ednicos de sa\u00fade da linha de frente que avaliam pacientes potencialmente em risco de c\u00e2ncer oral.<\/span><\/p>\n<p>[\/et_pb_text][dipl_image_mask _builder_version=\u201d4.20.0\u2033 _module_preset=\u201dpadr\u00e3o\u201d global_colors_info=\u201d{}\u201d][\/dipl_image_mask][\/et_pb_column][\/et_pb_row][et_pb_row _builder_version=\u201d4.20.0\u2033 _module_preset=\u201dpadr\u00e3o\u201d width=\u201d90%\u201d max_width=\u201d900px\u201d custom_padding=\u201d||30px||false|false\u201d global_colors_info=\u201d{}\u201d][et_pb_column type=\u201d4_4\u2033 _builder_version=\u201d4.20.0\u2033 _module_preset=\u201dpadr\u00e3o\u201d global_colors_info=\u201d{}\u201d][et_pb_text _builder_version=\u201d4.24.2\u2033 _module_preset=\u201dpadr\u00e3o\u201d text_orientation=\u201dcenter\u201d hover_enabled=\u201d0\u2033 global_colors_info=\u201d{}\u201d sticky_enabled=\u201d0\u2033]<\/p>\n<p>O <strong>Leitor BeVigilant <\/strong>\u00e9 um leitor avan\u00e7ado de imunocromatografia que captura os dados do teste e fornece os resultados durante a consulta do paciente.<\/p>\n<p>[\/et_pb_text][\/et_pb_column][\/et_pb_row][\/et_pb_section][et_pb_section fb_built=\u201d1\u2033 custom_padding_last_edited=\u201don|phone\u201d _builder_version=\u201d4.20.4\u2033 _module_preset=\u201ddefault\u201d use_background_color_gradient=\u201don\u201d background_color_gradient_stops=\u201drgba(0,142,168,0.7) 0%|rgba(0,142,168,0.7) 100%\u201d background_color_gradient_overlays_image=\u201don\u201d background_image=\u201dhttps:\/\/vigilantbiosciences.com\/wp-content\/uploads\/Cells-BeVigilant\u2122-page.jpg\u201d width=\u201d100%\u201d max_width=\u201d100%\u201d custom_padding=\u201d80px||80px||true|false\u201d custom_padding_tablet=\u201d80px||80px||true|false\u201d custom_padding_phone=\u201d50px||50px||true|false\u201d bloqueado=\u201ddesligado\u201d global_colors_info=\u201d{}\u201d][et_pb_row _builder_version=\u201d4.20.0\u2033 _module_preset=\u201dpadr\u00e3o\u201d width=\u201d90%\u201d custom_margin=\u201d||0px||false|false\u201d custom_padding=\u201d||0px||false|false\u201d global_colors_info=\u201d{}\u201d][et_pb_column type=\u201d4_4\u2033 _builder_version=\u201d4.20.0\u2033 _module_preset=\u201dpadr\u00e3o\u201d global_colors_info=\u201d{}\u201d][et_pb_text _builder_version=\u201d4.20.4\u2033 _module_preset=\u201dpadr\u00e3o\u201d text_text_color=\u201d#FFFFFF\u201d header_2_font_size=\u201d60px\u201d text_orientation=\u201dcentro\u201d background_layout=\u201descuro\u201d header_2_font_size_tablet=\u201d48px\u201d header_2_font_size_phone=\u201d40px\u201d header_2_font_size_last_edited=\u201dno|telefone\u201d global_colors_info=\u201d{}\u201d]<\/p>\n<h2>O BeVigilant OraFusion System recebeu a designa\u00e7\u00e3o de Breakthrough Device da FDA. Em breve!\u00a0<\/h2>\n<p>[\/et_pb_text][\/et_pb_column][\/et_pb_row][\/et_pb_section][et_pb_section fb_built=\u201d1\u2033 module_id=\u201dschedule-demo-form\u201d _builder_version=\u201d4.20.4\u2033 _module_preset=\u201ddefault\u201d background_color=\u201drgba(0.142.168 ,0.1)\u201d custom_padding=\u201d50px||50px||true|false\u201d global_colors_info=\u201d{}\u201d][et_pb_row _builder_version=\u201d4.20.0\u2033 _module_preset=\u201ddefault\u201d width=\u201d90%\u201d global_colors_info=\u201d{}\u201d] [et_pb_column type=\u201d4_4\u2033 _builder_version=\u201d4.20.0\u2033 _module_preset=\u201ddefault\u201d global_colors_info=\u201d{}\u201d][et_pb_text _builder_version=\u201d4.20.4\u2033 _module_preset=\u201ddefault\u201d header_3_text_color=\u201d#008EA8\u2033 header_3_line_height=\u201d1.5em \u201dtext_orientation=\u201dcenter\u201d custom_padding=\u201d||70px||false|false\u201d global_colors_info=\u201d{}\u201d]<\/p>\n<h3><\/h3>\n<h2>Seja o primeiro a saber. Cadastre-se e fique informado.<\/h2>\n<p>[\/et_pb_text][\/et_pb_column][\/et_pb_row][et_pb_row _builder_version=\u201d4.20.0\u2033 _module_preset=\u201dpadr\u00e3o\u201d width_tablet=\u201d90%\u201d width_phone=\u201d90%\u201d width_last_edited=\u201don|tablet\u201d max_width=\u201d700px\u201d max_width_tablet= \u201d700px\u201d max_width_phone=\u201d700px\u201d max_width_last_edited=\u201don|tablet\u201d global_colors_info=\u201d{}\u201d][et_pb_column type=\u201d4_4\u2033 _builder_version=\u201d4.20.0\u2033 _module_preset=\u201ddefault\u201d global_colors_info=\u201d{}\u201d][et_pb_code _builder_version=\u201d4.24.2\u2033 _module_preset=\u201dpadr\u00e3o\u201d global_colors_info=\u201d{}\u201d]<script charset=\"utf-8\" type=\"text\/javascript\" src=\"\/\/js.hsforms.net\/forms\/embed\/v2.js\"><\/script><!-- [et_pb_line_break_holder] --><script><!-- [et_pb_line_break_holder] -->  hbspt.forms.create({<!-- [et_pb_line_break_holder] -->    region: \"na1\",<!-- [et_pb_line_break_holder] -->    portalId: \"23572199\",<!-- [et_pb_line_break_holder] -->    formId: \"5961f678-e105-4ce8-9ab1-79904355540f\"<!-- [et_pb_line_break_holder] -->  });<!-- [et_pb_line_break_holder] --><\/script>[\/et_pb_code][\/et_pb_column][\/et_pb_row][et_pb_row _builder_version=\u201d4.20.2\u2033 _module_preset=\u201ddefault\u201d custom_margin=\u201d||0px||false|false\u201d custom_padding=\u201d50px||0px||false|false \u201dglobal_colors_info=\u201d{}\u201d][et_pb_column type=\u201d4_4\u2033 _builder_version=\u201d4.20.2\u2033 _module_preset=\u201dpadr\u00e3o\u201d global_colors_info=\u201d{}\u201d][et_pb_text _builder_version=\u201d4.20.2\u2033 _module_preset=\u201ddefault\u201d text_font_size= \u201d15px\u201d text_orientation=\u201dcenter\u201d global_colors_info=\u201d{}\u201d]<\/p>\n<p>*Dados cl\u00ednicos em arquivo<\/p>\n<p>[\/et_pb_text][\/et_pb_column][\/et_pb_row][\/et_pb_section]<\/p>","protected":false},"excerpt":{"rendered":"<p>\u00a0Seja um dos primeiros a ser notificado quando dispon\u00edvel.\u00a0\u00a0<div class=\"et_pb_module dipl_button dipl_button_0\">\n\t\t\t\t\n\t\t\t\t\n\t\t\t\t\n\t\t\t\t\n\t\t\t\t\n\t\t\t\t\n\t\t\t\t<div class=\"et_pb_module_inner\">\n\t\t\t\t\t\n\t\t\t\t<\/div>\n\t\t\t<\/div>\u00a0O primeiro e \u00fanico sistema de detec\u00e7\u00e3o precoce de c\u00e2ncer em tempo real. Juntos, podemos salvar vidas! Um teste de saliva simples e n\u00e3o invasivo elimina a necessidade de procedimentos invasivos, oferecendo facilidade e conveni\u00eancia. Entregando resultados em apenas 15 minutos ou menos, agilizando as pr\u00f3ximas etapas e decis\u00f5es de tratamento. Usando v\u00e1rios biomarcadores em [\u2026]<\/p>","protected":false},"author":9,"featured_media":0,"parent":0,"menu_order":0,"comment_status":"closed","ping_status":"closed","template":"page-template-blank.php","meta":{"_et_pb_use_builder":"on","_et_pb_old_content":"","_et_gb_content_width":"","inline_featured_image":false,"footnotes":""},"class_list":["post-689","page","type-page","status-publish","hentry"],"yoast_head":"<!-- This site is optimized with the Yoast SEO plugin v22.1 - https:\/\/yoast.com\/wordpress\/plugins\/seo\/ -->\n<title>Cellerant Landing Page - Vigilant Biosciences\u00ae<\/title>\n<meta name=\"robots\" content=\"index, follow, max-snippet:-1, max-image-preview:large, max-video-preview:-1\" \/>\n<link rel=\"canonical\" href=\"https:\/\/vigilantbiosciences.com\/pt\/pagina-de-destino-cellerant-2\/\" \/>\n<meta property=\"og:locale\" content=\"pt_PT\" \/>\n<meta property=\"og:type\" content=\"article\" \/>\n<meta property=\"og:title\" content=\"Cellerant Landing Page - Vigilant Biosciences\u00ae\" \/>\n<meta property=\"og:description\" content=\"Patient Resources Understanding the Risk of Oral CancerThe Impact of Oral Cancer In the US alone, oral cancer kills an average one person per hour, 24 hours per day.1Oral cancer is a global challenge with more than 657,000 cases and nearly 330,000 deaths each year1Worldwide 5-year survival rate is only 50% due to delayed intervention [&hellip;]\" \/>\n<meta property=\"og:url\" content=\"https:\/\/vigilantbiosciences.com\/pt\/pagina-de-destino-cellerant-2\/\" \/>\n<meta property=\"og:site_name\" content=\"Vigilant Biosciences\u00ae\" \/>\n<meta property=\"article:publisher\" content=\"https:\/\/www.facebook.com\/VigilantBiosciences1\" \/>\n<meta property=\"article:modified_time\" content=\"2024-08-13T21:05:25+00:00\" \/>\n<meta name=\"twitter:card\" content=\"summary_large_image\" \/>\n<meta name=\"twitter:label1\" content=\"Tempo estimado de leitura\" \/>\n\t<meta name=\"twitter:data1\" content=\"3 minutos\" \/>\n<script type=\"application\/ld+json\" class=\"yoast-schema-graph\">{\"@context\":\"https:\/\/schema.org\",\"@graph\":[{\"@type\":\"WebPage\",\"@id\":\"https:\/\/vigilantbiosciences.com\/signup\/\",\"url\":\"https:\/\/vigilantbiosciences.com\/signup\/\",\"name\":\"Cellerant Landing Page - Vigilant Biosciences\u00ae\",\"isPartOf\":{\"@id\":\"https:\/\/vigilantbiosciences.com\/#website\"},\"datePublished\":\"2024-04-02T19:29:50+00:00\",\"dateModified\":\"2024-08-13T21:05:25+00:00\",\"breadcrumb\":{\"@id\":\"https:\/\/vigilantbiosciences.com\/signup\/#breadcrumb\"},\"inLanguage\":\"pt-PT\",\"potentialAction\":[{\"@type\":\"ReadAction\",\"target\":[\"https:\/\/vigilantbiosciences.com\/signup\/\"]}]},{\"@type\":\"BreadcrumbList\",\"@id\":\"https:\/\/vigilantbiosciences.com\/signup\/#breadcrumb\",\"itemListElement\":[{\"@type\":\"ListItem\",\"position\":1,\"name\":\"Home\",\"item\":\"https:\/\/vigilantbiosciences.com\/\"},{\"@type\":\"ListItem\",\"position\":2,\"name\":\"Cellerant Landing Page\"}]},{\"@type\":\"WebSite\",\"@id\":\"https:\/\/vigilantbiosciences.com\/#website\",\"url\":\"https:\/\/vigilantbiosciences.com\/\",\"name\":\"Vigilant Biosciences\u00ae\",\"description\":\"\",\"publisher\":{\"@id\":\"https:\/\/vigilantbiosciences.com\/#organization\"},\"potentialAction\":[{\"@type\":\"SearchAction\",\"target\":{\"@type\":\"EntryPoint\",\"urlTemplate\":\"https:\/\/vigilantbiosciences.com\/?s={search_term_string}\"},\"query-input\":\"required name=search_term_string\"}],\"inLanguage\":\"pt-PT\"},{\"@type\":\"Organization\",\"@id\":\"https:\/\/vigilantbiosciences.com\/#organization\",\"name\":\"Vigilant Biosciences\u00ae\",\"url\":\"https:\/\/vigilantbiosciences.com\/\",\"logo\":{\"@type\":\"ImageObject\",\"inLanguage\":\"pt-PT\",\"@id\":\"https:\/\/vigilantbiosciences.com\/#\/schema\/logo\/image\/\",\"url\":\"https:\/\/vigilantbiosciences.com\/wp-content\/uploads\/vigilant-logo-horizontal.svg\",\"contentUrl\":\"https:\/\/vigilantbiosciences.com\/wp-content\/uploads\/vigilant-logo-horizontal.svg\",\"width\":\"1024\",\"height\":\"1024\",\"caption\":\"Vigilant Biosciences\u00ae\"},\"image\":{\"@id\":\"https:\/\/vigilantbiosciences.com\/#\/schema\/logo\/image\/\"},\"sameAs\":[\"https:\/\/www.facebook.com\/VigilantBiosciences1\",\"https:\/\/www.linkedin.com\/company\/vigilant-biosciences\/\"]}]}<\/script>\n<!-- \/ Yoast SEO plugin. -->","yoast_head_json":{"title":"Cellerant Landing Page - Vigilant Biosciences\u00ae","robots":{"index":"index","follow":"follow","max-snippet":"max-snippet:-1","max-image-preview":"max-image-preview:large","max-video-preview":"max-video-preview:-1"},"canonical":"https:\/\/vigilantbiosciences.com\/pt\/pagina-de-destino-cellerant-2\/","og_locale":"pt_PT","og_type":"article","og_title":"Cellerant Landing Page - Vigilant Biosciences\u00ae","og_description":"Patient Resources Understanding the Risk of Oral CancerThe Impact of Oral Cancer In the US alone, oral cancer kills an average one person per hour, 24 hours per day.1Oral cancer is a global challenge with more than 657,000 cases and nearly 330,000 deaths each year1Worldwide 5-year survival rate is only 50% due to delayed intervention [&hellip;]","og_url":"https:\/\/vigilantbiosciences.com\/pt\/pagina-de-destino-cellerant-2\/","og_site_name":"Vigilant Biosciences\u00ae","article_publisher":"https:\/\/www.facebook.com\/VigilantBiosciences1","article_modified_time":"2024-08-13T21:05:25+00:00","twitter_card":"summary_large_image","twitter_misc":{"Tempo estimado de leitura":"3 minutos"},"schema":{"@context":"https:\/\/schema.org","@graph":[{"@type":"WebPage","@id":"https:\/\/vigilantbiosciences.com\/signup\/","url":"https:\/\/vigilantbiosciences.com\/signup\/","name":"Cellerant Landing Page - Vigilant Biosciences\u00ae","isPartOf":{"@id":"https:\/\/vigilantbiosciences.com\/#website"},"datePublished":"2024-04-02T19:29:50+00:00","dateModified":"2024-08-13T21:05:25+00:00","breadcrumb":{"@id":"https:\/\/vigilantbiosciences.com\/signup\/#breadcrumb"},"inLanguage":"pt-PT","potentialAction":[{"@type":"ReadAction","target":["https:\/\/vigilantbiosciences.com\/signup\/"]}]},{"@type":"BreadcrumbList","@id":"https:\/\/vigilantbiosciences.com\/signup\/#breadcrumb","itemListElement":[{"@type":"ListItem","position":1,"name":"Home","item":"https:\/\/vigilantbiosciences.com\/"},{"@type":"ListItem","position":2,"name":"Cellerant Landing Page"}]},{"@type":"WebSite","@id":"https:\/\/vigilantbiosciences.com\/#website","url":"https:\/\/vigilantbiosciences.com\/","name":"Vigilant Biosciences\u00ae","description":"","publisher":{"@id":"https:\/\/vigilantbiosciences.com\/#organization"},"potentialAction":[{"@type":"SearchAction","target":{"@type":"EntryPoint","urlTemplate":"https:\/\/vigilantbiosciences.com\/?s={search_term_string}"},"query-input":"required name=search_term_string"}],"inLanguage":"pt-PT"},{"@type":"Organization","@id":"https:\/\/vigilantbiosciences.com\/#organization","name":"Vigilant Biosciences\u00ae","url":"https:\/\/vigilantbiosciences.com\/","logo":{"@type":"ImageObject","inLanguage":"pt-PT","@id":"https:\/\/vigilantbiosciences.com\/#\/schema\/logo\/image\/","url":"https:\/\/vigilantbiosciences.com\/wp-content\/uploads\/vigilant-logo-horizontal.svg","contentUrl":"https:\/\/vigilantbiosciences.com\/wp-content\/uploads\/vigilant-logo-horizontal.svg","width":"1024","height":"1024","caption":"Vigilant Biosciences\u00ae"},"image":{"@id":"https:\/\/vigilantbiosciences.com\/#\/schema\/logo\/image\/"},"sameAs":["https:\/\/www.facebook.com\/VigilantBiosciences1","https:\/\/www.linkedin.com\/company\/vigilant-biosciences\/"]}]}},"_links":{"self":[{"href":"https:\/\/vigilantbiosciences.com\/pt\/wp-json\/wp\/v2\/pages\/689","targetHints":{"allow":["GET"]}}],"collection":[{"href":"https:\/\/vigilantbiosciences.com\/pt\/wp-json\/wp\/v2\/pages"}],"about":[{"href":"https:\/\/vigilantbiosciences.com\/pt\/wp-json\/wp\/v2\/types\/page"}],"author":[{"embeddable":true,"href":"https:\/\/vigilantbiosciences.com\/pt\/wp-json\/wp\/v2\/users\/9"}],"replies":[{"embeddable":true,"href":"https:\/\/vigilantbiosciences.com\/pt\/wp-json\/wp\/v2\/comments?post=689"}],"version-history":[{"count":0,"href":"https:\/\/vigilantbiosciences.com\/pt\/wp-json\/wp\/v2\/pages\/689\/revisions"}],"wp:attachment":[{"href":"https:\/\/vigilantbiosciences.com\/pt\/wp-json\/wp\/v2\/media?parent=689"}],"curies":[{"name":"wp","href":"https:\/\/api.w.org\/{rel}","templated":true}]}}