{"id":500,"date":"2023-09-21T20:32:48","date_gmt":"2023-09-21T20:32:48","guid":{"rendered":"https:\/\/vigilantbiosciences.com\/?page_id=500"},"modified":"2023-09-21T20:36:39","modified_gmt":"2023-09-21T20:36:39","slug":"privacy-policy","status":"publish","type":"page","link":"https:\/\/vigilantbiosciences.com\/pt\/politica-de-privacidade\/","title":{"rendered":"pol\u00edtica de Privacidade"},"content":{"rendered":"<p>[et_pb_section fb_built=\u201d1\u2033 custom_padding_last_edited=\u201don|phone\u201d _builder_version=\u201d4.22.1\u2033 _module_preset=\u201ddefault\u201d use_background_color_gradient=\u201don\u201d background_color_gradient_stops=\u201drgba(0,142,168,0.5) 0%|rgba(0,142,168,0. 5) 100%\u201d background_color_gradient_overlays_image=\u201don\u201d background_image=\u201d@ET-DC@eyJkeW5hbWljIjp0cnVlLCJjb250ZW50IjoicG9zdF9mZWF0dXJlZF9pbWFnZSIsInNldHRpbmdzIjp7fX0=@\u201d custom_padding=\u201d100px||100px||true| falso\u201d custom_padding_tablet=\u201d80px||80px||true|false\u201d custom_padding_phone=\u201d50px||50px ||true|false\u201d hover_enabled=\u201d0\u2033 recolhido=\u201don\u201d global_colors_info=\u201d{}\u201d _dynamic_attributes=\u201dbackground_image\u201d sticky_enabled=\u201d0\u2033][et_pb_row _builder_version=\u201d4.20.0\u2033 _module_preset=\u201ddefault\u201d global_colors_info=\u201d {}\u201d][et_pb_column type=\u201d4_4\u2033 _builder_version=\u201d4.20.0\u2033 _module_preset=\u201ddefault\u201d global_colors_info=\u201d{}\u201d][et_pb_text _builder_version=\u201d4.22.1\u2033 _module_preset=\u201ddefault\u201d header_font=\u201d|600| ||||||\u201d header_letter_spacing=\u201d-3px\u201d text_orientation=\u201dcenter\u201d background_layout=\u201ddark\u201d hover_enabled=\u201d0\u2033 global_colors_info=\u201d{}\u201d sticky_enabled=\u201d0\u2033]<\/p>\n<h1>pol\u00edtica de Privacidade<\/h1>\n<p>[\/et_pb_text][\/et_pb_column][\/et_pb_row][\/et_pb_section][et_pb_section fb_built=\u201d1\u2033 custom_padding_last_edited=\u201don|tablet\u201d _builder_version=\u201d4.20.0\u2033 _module_preset=\u201ddefault\u201d custom_margin=\u201d||0px|| falso|falso\u201d custom_padding=\u201d80px||20px||false|false\u201d custom_padding_tablet=\u201d50px||50px||true|false\u201d custom_padding_phone=\u201d50px||50px||true|false\u201d bloqueado=\u201ddesligado\u201d recolhido= \u201don\u201d global_colors_info=\u201d{}\u201d][et_pb_row _builder_version=\u201d4.20.0\u2033 _module_preset=\u201ddefault\u201d width=\u201d90%\u201d custom_padding=\u201d||50px||false|false\u201d global_colors_info=\u201d{}\u201d][et_pb_column type=\u201d4_4\u2033 _builder_version=\u201d4.20.0\u2033 _module_preset=\u201ddefault\u201d global_colors_info=\u201d{}\u201d][et_pb_text _builder_version=\u201d4.22.1\u2033 _module_preset=\u201ddefault\u201d header_2_text_align=\u201dcenter\u201d header_3_text_align=\u201dcenter\u201d hover_enabled= \u201d0\u2033 sticky_enabled=\u201d0\u2033]<\/p>\n<p>(\u201cVigilant\u201d, \u201cn\u00f3s\u201d ou \u201cnos\u201d) leva muito a s\u00e9rio a privacidade e a prote\u00e7\u00e3o de suas informa\u00e7\u00f5es pessoais. Visitando o site da Vigilant localizado em<span>\u00a0<\/span><a href=\"https:\/\/web.archive.org\/web\/20230615211218\/https:\/\/vigilantbiosciences.com\/\">https:\/\/vigilantbiosciences.com<\/a><span>\u00a0<\/span>(o \u201cSite\u201d), voc\u00ea reconhece que aceita as pr\u00e1ticas e pol\u00edticas descritas nesta Pol\u00edtica de Privacidade.<\/p>\n<h2>O que esta pol\u00edtica de privacidade cobre<\/h2>\n<p>Esta Pol\u00edtica de Privacidade descreve o uso que a Vigilant faz de Informa\u00e7\u00f5es Pessoais e Informa\u00e7\u00f5es An\u00f4nimas que a Vigilant coleta quando voc\u00ea visita e usa o Site. Esta Pol\u00edtica de Privacidade n\u00e3o se aplica ao uso de suas Informa\u00e7\u00f5es Pessoais por terceiros que a Vigilant n\u00e3o possui ou controla, ou a indiv\u00edduos que a Vigilant n\u00e3o controla ou gerencia.<\/p>\n<p>\u201cInforma\u00e7\u00f5es Pessoais\u201d s\u00e3o informa\u00e7\u00f5es sobre voc\u00ea que s\u00e3o pessoalmente identific\u00e1veis para voc\u00ea, como seu nome, endere\u00e7o, endere\u00e7o de e-mail ou n\u00famero de telefone, bem como outras informa\u00e7\u00f5es n\u00e3o p\u00fablicas associadas ao acima exposto.<\/p>\n<p>\u201cInforma\u00e7\u00f5es An\u00f4nimas\u201d s\u00e3o informa\u00e7\u00f5es que n\u00e3o est\u00e3o associadas ou vinculadas \u00e0s suas Informa\u00e7\u00f5es Pessoais. As Informa\u00e7\u00f5es An\u00f4nimas n\u00e3o permitem a identifica\u00e7\u00e3o de pessoas individuais.<\/p>\n<p>A Vigilant coleta e usa Informa\u00e7\u00f5es Pessoais e Informa\u00e7\u00f5es An\u00f4nimas, conforme descrito nesta Pol\u00edtica de Privacidade, dos visitantes do Site. A Vigilant \u00e9 propriet\u00e1ria de todas as informa\u00e7\u00f5es coletadas no Site.<\/p>\n<p>AO USAR O SITE OU ENVIAR INFORMA\u00c7\u00d5ES PESSOAIS ATRAV\u00c9S DO SITE, VOC\u00ca CONCORDA COM OS TERMOS DESTA POL\u00cdTICA DE PRIVACIDADE, CONSENTE EXPRESSAMENTE COM O PROCESSAMENTO DE SUAS INFORMA\u00c7\u00d5ES PESSOAIS DE ACORDO COM ESTA POL\u00cdTICA DE PRIVACIDADE E CONCORDA COM OS TERMOS DE USO AQUI LOCALIZADOS. SUAS INFORMA\u00c7\u00d5ES PESSOAIS PODEM SER PROCESSADAS PELA VIGILANT NO PA\u00cdS ONDE FORAM COLETADAS, BEM COMO EM OUTROS PA\u00cdSES (INCLUINDO OS ESTADOS UNIDOS) ONDE AS LEIS RELATIVAS AO PROCESSAMENTO DE INFORMA\u00c7\u00d5ES PESSOAIS PODEM SER MENOS RIGOROSAS DO QUE AS LEIS DO SEU PA\u00cdS.<\/p>\n<h2>Informa\u00e7\u00f5es pessoais coletadas pela Vigilant<\/h2>\n<p>As informa\u00e7\u00f5es pessoais que a Vigilant coleta de voc\u00ea ajudam a Vigilant a saber mais sobre os visitantes do site. A Vigilant coleta as seguintes informa\u00e7\u00f5es pessoais que voc\u00ea envia voluntariamente:<\/p>\n<p>Quando voc\u00ea solicita receber informa\u00e7\u00f5es sobre a Vigilant, a Vigilant coletar\u00e1 as informa\u00e7\u00f5es contidas em seu e-mail ou que voc\u00ea inserir no respectivo formul\u00e1rio de solicita\u00e7\u00e3o no Site e o fato de voc\u00ea estar interessado em receber informa\u00e7\u00f5es sobre a Vigilant.<br \/>Quando voc\u00ea entra em contato com a Vigilant enviando um e-mail, a Vigilant coletar\u00e1 todas as informa\u00e7\u00f5es contidas em seu e-mail, incluindo, sem limita\u00e7\u00e3o, quaisquer anexos que voc\u00ea enviar \u00e0 Vigilant.<\/p>\n<p>Quando voc\u00ea envia informa\u00e7\u00f5es \u00e0 Vigilant sobre seu hist\u00f3rico de emprego, listas de publica\u00e7\u00f5es ou outras informa\u00e7\u00f5es, incluindo informa\u00e7\u00f5es pessoais relacionadas \u00e0 candidatura a emprego na Vigilant, podemos usar essas informa\u00e7\u00f5es para determinar suas qualifica\u00e7\u00f5es e entrar em contato com terceiros para verificar sua validade.<\/p>\n<h2>Informa\u00e7\u00f5es pessoais coletadas por meio de tecnologia<\/h2>\n<p>Poderemos rastrear o n\u00famero total de visitantes do Site e o n\u00famero de visitantes de cada p\u00e1gina do Site. \u00c0 medida que voc\u00ea usa o Site, certas informa\u00e7\u00f5es tamb\u00e9m podem ser coletadas passivamente, incluindo seu endere\u00e7o de protocolo de Internet (IP), tipo de navegador e sistema operacional. O Site pode usar tecnologia de cookies para identificar usu\u00e1rios que o visitaram anteriormente, para que o usu\u00e1rio seja reconhecido no retorno, economizando assim tempo enquanto estiver em nosso Site. Um cookie \u00e9 um dado armazenado no disco r\u00edgido do usu\u00e1rio que cont\u00e9m informa\u00e7\u00f5es sobre o usu\u00e1rio. O uso de um cookie n\u00e3o est\u00e1 de forma alguma vinculado a qualquer informa\u00e7\u00e3o de identifica\u00e7\u00e3o pessoal enquanto estiver no Site. Assim que o usu\u00e1rio fecha o navegador, o cookie simplesmente termina. Se um usu\u00e1rio rejeitar o cookie, ele ainda poder\u00e1 usar o Site. Um cookie pode ser colocado pela Vigilant ou por fornecedores ou prestadores de servi\u00e7os que trabalham com a Vigilant ou com licenciados ou parceiros da Vigilant.<\/p>\n<h2>Informa\u00e7\u00f5es pessoais de outras fontes<\/h2>\n<p>A Vigilant pode receber informa\u00e7\u00f5es pessoais sobre voc\u00ea de terceiros. A Vigilant pode adicionar essas informa\u00e7\u00f5es \u00e0s informa\u00e7\u00f5es que j\u00e1 coletou de voc\u00ea por meio do Site.<\/p>\n<h2>Uso de outras informa\u00e7\u00f5es coletadas pela Vigilant<\/h2>\n<p>Em geral, as Informa\u00e7\u00f5es Pessoais que voc\u00ea envia \u00e0 Vigilant s\u00e3o usadas pela Vigilant para fornecer as informa\u00e7\u00f5es que voc\u00ea solicitou, informa\u00e7\u00f5es sobre produtos, para melhorar o Site e para adaptar melhor os recursos, o desempenho e o suporte do Site, e para lhe oferecer informa\u00e7\u00f5es adicionais informa\u00e7\u00f5es ou oportunidades. A Vigilant pode criar registros de Informa\u00e7\u00f5es An\u00f4nimas a partir de Informa\u00e7\u00f5es Pessoais, excluindo informa\u00e7\u00f5es (como seu nome) que tornem as informa\u00e7\u00f5es pessoalmente identific\u00e1veis para voc\u00ea. A Vigilant pode usar essas Informa\u00e7\u00f5es An\u00f4nimas para qualquer finalidade, inclusive para analisar padr\u00f5es de uso para que possam melhorar o Site. A Vigilant reserva-se o direito de usar e divulgar Informa\u00e7\u00f5es An\u00f4nimas a terceiros a seu crit\u00e9rio.<\/p>\n<h2>Opini\u00e3o<\/h2>\n<p>Se voc\u00ea fornecer algum feedback \u00e0 Vigilant, a Vigilant poder\u00e1 usar e divulgar esse feedback para qualquer finalidade; no entanto, a Vigilant n\u00e3o associar\u00e1 tal feedback \u00e0s suas informa\u00e7\u00f5es pessoais. A Vigilant coletar\u00e1 e ser\u00e1 propriet\u00e1ria de quaisquer informa\u00e7\u00f5es contidas em tais coment\u00e1rios, mas tratar\u00e1 as informa\u00e7\u00f5es pessoais contidas neles de acordo com esta Pol\u00edtica de Privacidade.<\/p>\n<h2>Divulga\u00e7\u00e3o de informa\u00e7\u00f5es pessoais<\/h2>\n<p>Salvo disposi\u00e7\u00e3o em contr\u00e1rio nesta Pol\u00edtica de Privacidade, a Vigilant n\u00e3o comercializa, aluga ou compartilha suas informa\u00e7\u00f5es pessoais com terceiros, a menos que voc\u00ea solicite ou autorize a Vigilant a faz\u00ea-lo.<\/p>\n<p>A Vigilant pode fornecer suas Informa\u00e7\u00f5es Pessoais a fornecedores terceirizados ou prestadores de servi\u00e7os que trabalham em nome ou com a Vigilant para fornecer alguns dos servi\u00e7os e recursos do Site e para ajudar a Vigilant a se comunicar com os visitantes do Site. No entanto, estes fornecedores e prestadores de servi\u00e7os n\u00e3o t\u00eam qualquer direito independente de partilhar estas informa\u00e7\u00f5es (exceto nos termos de um requisito legal, como uma intima\u00e7\u00e3o ou mandado).<\/p>\n<p>A Vigilant pode compartilhar algumas ou todas as suas Informa\u00e7\u00f5es Pessoais com quaisquer empresas atuais ou futuras que controlem, sejam controladas ou estejam sob controle comum da Vigilant, incluindo parceiros de joint venture.<\/p>\n<p>Se a Vigilant passar por uma transi\u00e7\u00e3o comercial, como uma fus\u00e3o, aquisi\u00e7\u00e3o por outra empresa ou venda de todos ou parte de seus ativos, suas Informa\u00e7\u00f5es Pessoais provavelmente estar\u00e3o entre os ativos transferidos. Voc\u00ea reconhece que tais transfer\u00eancias podem ocorrer e que qualquer adquirente da Vigilant ou de seus ativos poder\u00e1 continuar a usar suas Informa\u00e7\u00f5es Pessoais conforme estabelecido nesta Pol\u00edtica de Privacidade. Qualquer entidade sucessora ficar\u00e1 vinculada a esta Pol\u00edtica de Privacidade. Voc\u00ea consente que a Vigilant compartilhe suas informa\u00e7\u00f5es pessoais nas circunst\u00e2ncias acima.<\/p>\n<p>A Vigilant poder\u00e1 divulgar suas Informa\u00e7\u00f5es Pessoais se a Vigilant acreditar de boa f\u00e9 que tal divulga\u00e7\u00e3o \u00e9 necess\u00e1ria para cumprir leis e regulamentos ou autoridades governamentais (como relatar dados de seguran\u00e7a \u00e0 Administra\u00e7\u00e3o de Alimentos e Medicamentos dos Estados Unidos), para responder a intima\u00e7\u00f5es ou mandados entregues em Vigilant, ou para proteger e defender os direitos ou propriedade da Vigilant, dos visitantes do Site ou de outros terceiros.<\/p>\n<h2>Escolhas relativas \u00e0s informa\u00e7\u00f5es pessoais<\/h2>\n<p>A Vigilant pode enviar a voc\u00ea an\u00fancios relacionados a servi\u00e7os, como, entre outros, avisos de quaisquer atualiza\u00e7\u00f5es em seu site e servi\u00e7os, Termos de Uso ou Pol\u00edtica de Privacidade, quando necess\u00e1rio. Voc\u00ea n\u00e3o pode optar por n\u00e3o receber essas comunica\u00e7\u00f5es, que n\u00e3o s\u00e3o de natureza promocional, mas se n\u00e3o desejar receber esses an\u00fancios, voc\u00ea tem a op\u00e7\u00e3o de solicitar a exclus\u00e3o do seu endere\u00e7o de e-mail do banco de dados da Vigilant. Quando a Vigilant excluir essas informa\u00e7\u00f5es sobre voc\u00ea, elas ser\u00e3o exclu\u00eddas dos bancos de dados ativos, mas poder\u00e3o permanecer nos arquivos da Vigilant.<\/p>\n<p>Voc\u00ea pode revisar e corrigir qualquer informa\u00e7\u00e3o pessoal que tenha fornecido \u00e0 Vigilant, atualizando suas informa\u00e7\u00f5es de contato diretamente entrando em contato com a Vigilant em<span>\u00a0<\/span><a href=\"https:\/\/web.archive.org\/web\/20230615211218\/mailto:info@VigilantBiosciences.com\">info@VigilantBiosciences.com<\/a>.<\/p>\n<h2>Links para outros sites<\/h2>\n<p>O Site pode conter links para outros sites que n\u00e3o pertencem nem s\u00e3o controlados pela Vigilant. O fornecimento de tais links \u00e9 para sua conveni\u00eancia e n\u00e3o significa o endosso da Vigilant a tais sites ou locais ou ao seu conte\u00fado. A Vigilant n\u00e3o tem controle, n\u00e3o analisa e n\u00e3o \u00e9 respons\u00e1vel pelas pol\u00edticas de privacidade ou pelo conte\u00fado exibido nesses outros sites. Esteja ciente de que os termos desta Pol\u00edtica de Privacidade n\u00e3o se aplicam a nenhum outro site.<\/p>\n<h2>Privacidade de Menores<\/h2>\n<p>A Vigilant n\u00e3o coleta ou mant\u00e9m intencionalmente informa\u00e7\u00f5es de visitantes do Site que tenham menos de 18 anos de idade.<\/p>\n<h2>Seguran\u00e7a e Confidencialidade<\/h2>\n<p>A Vigilant implementou procedimentos f\u00edsicos, eletr\u00f4nicos e gerenciais comercialmente razo\u00e1veis e apropriados para salvaguardar e proteger as informa\u00e7\u00f5es que coleta on-line. No entanto, nenhuma empresa, incluindo a Vigilant, pode eliminar totalmente os riscos de seguran\u00e7a associados \u00e0s Informa\u00e7\u00f5es Pessoais.<\/p>\n<h2>Altera\u00e7\u00f5es nesta Pol\u00edtica de Privacidade<\/h2>\n<p>Esta Pol\u00edtica de Privacidade \u00e9 um documento vivo e a Vigilant reserva-se o direito de modific\u00e1-la a qualquer momento. A Vigilant publicar\u00e1 quaisquer altera\u00e7\u00f5es materiais que fizer nesta Pol\u00edtica de Privacidade, no Site e em outros locais que considerar apropriados para que voc\u00ea esteja ciente de quais Informa\u00e7\u00f5es Pessoais a Vigilant coleta, como a Vigilant as utiliza e sob quais circunst\u00e2ncias, se houver, a Vigilant as divulga . A Vigilant incentiva voc\u00ea a revisar esta Pol\u00edtica de Privacidade regularmente para verificar quaisquer altera\u00e7\u00f5es, e seu uso continuado do Site estar\u00e1 sujeito \u00e0 Pol\u00edtica de Privacidade vigente.<\/p>\n<h2>Contate Vigilante<\/h2>\n<p>Se voc\u00ea tiver alguma d\u00favida sobre esta Pol\u00edtica de Privacidade, entre em contato com a Vigilant em<span>\u00a0<\/span><a href=\"https:\/\/web.archive.org\/web\/20230615211218\/mailto:info@VigilantBiosciences.com\">info@VigilantBiosciences.com<\/a>.<\/p>\n<p>Esta Pol\u00edtica de Privacidade foi atualizada pela \u00faltima vez em 15 de abril de 2020.<\/p>\n<p>[\/et_pb_text][\/et_pb_column][\/et_pb_row][\/et_pb_section]<\/p>","protected":false},"excerpt":{"rendered":"<p>Pol\u00edtica de PrivacidadeVigilant Biosciences\u00ae, Inc. (\u201cVigilant\u201d, \u201cn\u00f3s\u201d ou \u201cnos\u201d) leva muito a s\u00e9rio a privacidade e a prote\u00e7\u00e3o de suas informa\u00e7\u00f5es pessoais. Ao visitar o site da Vigilant localizado em https:\/\/vigilantbiosciences.com (o \u201cSite\u201d), voc\u00ea reconhece que aceita as pr\u00e1ticas e pol\u00edticas descritas nesta Pol\u00edtica de Privacidade. O que esta pol\u00edtica de privacidade cobre Esta pol\u00edtica de privacidade descreve o uso de informa\u00e7\u00f5es pessoais pela Vigilant [...]<\/p>","protected":false},"author":1,"featured_media":248,"parent":0,"menu_order":30,"comment_status":"closed","ping_status":"closed","template":"","meta":{"_et_pb_use_builder":"on","_et_pb_old_content":"","_et_gb_content_width":"","inline_featured_image":false,"footnotes":""},"class_list":["post-500","page","type-page","status-publish","has-post-thumbnail","hentry"],"yoast_head":"<!-- This site is optimized with the Yoast SEO plugin v22.1 - https:\/\/yoast.com\/wordpress\/plugins\/seo\/ -->\n<title>News - Vigilant Biosciences\u00ae<\/title>\n<meta name=\"description\" content=\"News and updates about oral cancer screening, new technologies in oral cancer care, and other oral cancer developments.\" \/>\n<meta name=\"robots\" content=\"index, follow, max-snippet:-1, max-image-preview:large, max-video-preview:-1\" \/>\n<link rel=\"canonical\" href=\"https:\/\/vigilantbiosciences.com\/pt\/politica-de-privacidade\/\" \/>\n<meta property=\"og:locale\" content=\"pt_PT\" \/>\n<meta property=\"og:type\" content=\"article\" \/>\n<meta property=\"og:title\" content=\"News - Vigilant Biosciences\u00ae\" \/>\n<meta property=\"og:description\" content=\"News and updates about oral cancer screening, new technologies in oral cancer care, and other oral cancer developments.\" \/>\n<meta property=\"og:url\" content=\"https:\/\/vigilantbiosciences.com\/pt\/politica-de-privacidade\/\" \/>\n<meta property=\"og:site_name\" content=\"Vigilant Biosciences\u00ae\" \/>\n<meta property=\"article:publisher\" content=\"https:\/\/www.facebook.com\/VigilantBiosciences1\" \/>\n<meta property=\"article:modified_time\" content=\"2023-09-21T20:36:39+00:00\" \/>\n<meta property=\"og:image\" content=\"https:\/\/vigilantbiosciences.com\/wp-content\/uploads\/Solutions-Page-header-image.jpg\" \/>\n\t<meta property=\"og:image:width\" content=\"1923\" \/>\n\t<meta property=\"og:image:height\" content=\"397\" \/>\n\t<meta property=\"og:image:type\" content=\"image\/jpeg\" \/>\n<meta name=\"twitter:card\" content=\"summary_large_image\" \/>\n<meta name=\"twitter:label1\" content=\"Tempo estimado de leitura\" \/>\n\t<meta name=\"twitter:data1\" content=\"2 minutos\" \/>\n<script type=\"application\/ld+json\" class=\"yoast-schema-graph\">{\"@context\":\"https:\/\/schema.org\",\"@graph\":[{\"@type\":\"WebPage\",\"@id\":\"https:\/\/vigilantbiosciences.com\/privacy-policy\/\",\"url\":\"https:\/\/vigilantbiosciences.com\/privacy-policy\/\",\"name\":\"News - Vigilant Biosciences\u00ae\",\"isPartOf\":{\"@id\":\"https:\/\/vigilantbiosciences.com\/#website\"},\"datePublished\":\"2023-09-21T20:32:48+00:00\",\"dateModified\":\"2023-09-21T20:36:39+00:00\",\"description\":\"News and updates about oral cancer screening, new technologies in oral cancer care, and other oral cancer developments.\",\"breadcrumb\":{\"@id\":\"https:\/\/vigilantbiosciences.com\/privacy-policy\/#breadcrumb\"},\"inLanguage\":\"pt-PT\",\"potentialAction\":[{\"@type\":\"ReadAction\",\"target\":[\"https:\/\/vigilantbiosciences.com\/privacy-policy\/\"]}]},{\"@type\":\"BreadcrumbList\",\"@id\":\"https:\/\/vigilantbiosciences.com\/privacy-policy\/#breadcrumb\",\"itemListElement\":[{\"@type\":\"ListItem\",\"position\":1,\"name\":\"Home\",\"item\":\"https:\/\/vigilantbiosciences.com\/\"},{\"@type\":\"ListItem\",\"position\":2,\"name\":\"Privacy Policy\"}]},{\"@type\":\"WebSite\",\"@id\":\"https:\/\/vigilantbiosciences.com\/#website\",\"url\":\"https:\/\/vigilantbiosciences.com\/\",\"name\":\"Vigilant Biosciences\u00ae\",\"description\":\"\",\"publisher\":{\"@id\":\"https:\/\/vigilantbiosciences.com\/#organization\"},\"potentialAction\":[{\"@type\":\"SearchAction\",\"target\":{\"@type\":\"EntryPoint\",\"urlTemplate\":\"https:\/\/vigilantbiosciences.com\/?s={search_term_string}\"},\"query-input\":\"required name=search_term_string\"}],\"inLanguage\":\"pt-PT\"},{\"@type\":\"Organization\",\"@id\":\"https:\/\/vigilantbiosciences.com\/#organization\",\"name\":\"Vigilant Biosciences\u00ae\",\"url\":\"https:\/\/vigilantbiosciences.com\/\",\"logo\":{\"@type\":\"ImageObject\",\"inLanguage\":\"pt-PT\",\"@id\":\"https:\/\/vigilantbiosciences.com\/#\/schema\/logo\/image\/\",\"url\":\"https:\/\/vigilantbiosciences.com\/wp-content\/uploads\/vigilant-logo-horizontal.svg\",\"contentUrl\":\"https:\/\/vigilantbiosciences.com\/wp-content\/uploads\/vigilant-logo-horizontal.svg\",\"width\":\"1024\",\"height\":\"1024\",\"caption\":\"Vigilant Biosciences\u00ae\"},\"image\":{\"@id\":\"https:\/\/vigilantbiosciences.com\/#\/schema\/logo\/image\/\"},\"sameAs\":[\"https:\/\/www.facebook.com\/VigilantBiosciences1\",\"https:\/\/www.linkedin.com\/company\/vigilant-biosciences\/\"]}]}<\/script>\n<!-- \/ Yoast SEO plugin. -->","yoast_head_json":{"title":"News - Vigilant Biosciences\u00ae","description":"News and updates about oral cancer screening, new technologies in oral cancer care, and other oral cancer developments.","robots":{"index":"index","follow":"follow","max-snippet":"max-snippet:-1","max-image-preview":"max-image-preview:large","max-video-preview":"max-video-preview:-1"},"canonical":"https:\/\/vigilantbiosciences.com\/pt\/politica-de-privacidade\/","og_locale":"pt_PT","og_type":"article","og_title":"News - Vigilant Biosciences\u00ae","og_description":"News and updates about oral cancer screening, new technologies in oral cancer care, and other oral cancer developments.","og_url":"https:\/\/vigilantbiosciences.com\/pt\/politica-de-privacidade\/","og_site_name":"Vigilant Biosciences\u00ae","article_publisher":"https:\/\/www.facebook.com\/VigilantBiosciences1","article_modified_time":"2023-09-21T20:36:39+00:00","og_image":[{"width":1923,"height":397,"url":"https:\/\/vigilantbiosciences.com\/wp-content\/uploads\/Solutions-Page-header-image.jpg","type":"image\/jpeg"}],"twitter_card":"summary_large_image","twitter_misc":{"Tempo estimado de leitura":"2 minutos"},"schema":{"@context":"https:\/\/schema.org","@graph":[{"@type":"WebPage","@id":"https:\/\/vigilantbiosciences.com\/privacy-policy\/","url":"https:\/\/vigilantbiosciences.com\/privacy-policy\/","name":"News - Vigilant Biosciences\u00ae","isPartOf":{"@id":"https:\/\/vigilantbiosciences.com\/#website"},"datePublished":"2023-09-21T20:32:48+00:00","dateModified":"2023-09-21T20:36:39+00:00","description":"News and updates about oral cancer screening, new technologies in oral cancer care, and other oral cancer developments.","breadcrumb":{"@id":"https:\/\/vigilantbiosciences.com\/privacy-policy\/#breadcrumb"},"inLanguage":"pt-PT","potentialAction":[{"@type":"ReadAction","target":["https:\/\/vigilantbiosciences.com\/privacy-policy\/"]}]},{"@type":"BreadcrumbList","@id":"https:\/\/vigilantbiosciences.com\/privacy-policy\/#breadcrumb","itemListElement":[{"@type":"ListItem","position":1,"name":"Home","item":"https:\/\/vigilantbiosciences.com\/"},{"@type":"ListItem","position":2,"name":"Privacy Policy"}]},{"@type":"WebSite","@id":"https:\/\/vigilantbiosciences.com\/#website","url":"https:\/\/vigilantbiosciences.com\/","name":"Vigilant Biosciences\u00ae","description":"","publisher":{"@id":"https:\/\/vigilantbiosciences.com\/#organization"},"potentialAction":[{"@type":"SearchAction","target":{"@type":"EntryPoint","urlTemplate":"https:\/\/vigilantbiosciences.com\/?s={search_term_string}"},"query-input":"required name=search_term_string"}],"inLanguage":"pt-PT"},{"@type":"Organization","@id":"https:\/\/vigilantbiosciences.com\/#organization","name":"Vigilant Biosciences\u00ae","url":"https:\/\/vigilantbiosciences.com\/","logo":{"@type":"ImageObject","inLanguage":"pt-PT","@id":"https:\/\/vigilantbiosciences.com\/#\/schema\/logo\/image\/","url":"https:\/\/vigilantbiosciences.com\/wp-content\/uploads\/vigilant-logo-horizontal.svg","contentUrl":"https:\/\/vigilantbiosciences.com\/wp-content\/uploads\/vigilant-logo-horizontal.svg","width":"1024","height":"1024","caption":"Vigilant Biosciences\u00ae"},"image":{"@id":"https:\/\/vigilantbiosciences.com\/#\/schema\/logo\/image\/"},"sameAs":["https:\/\/www.facebook.com\/VigilantBiosciences1","https:\/\/www.linkedin.com\/company\/vigilant-biosciences\/"]}]}},"_links":{"self":[{"href":"https:\/\/vigilantbiosciences.com\/pt\/wp-json\/wp\/v2\/pages\/500","targetHints":{"allow":["GET"]}}],"collection":[{"href":"https:\/\/vigilantbiosciences.com\/pt\/wp-json\/wp\/v2\/pages"}],"about":[{"href":"https:\/\/vigilantbiosciences.com\/pt\/wp-json\/wp\/v2\/types\/page"}],"author":[{"embeddable":true,"href":"https:\/\/vigilantbiosciences.com\/pt\/wp-json\/wp\/v2\/users\/1"}],"replies":[{"embeddable":true,"href":"https:\/\/vigilantbiosciences.com\/pt\/wp-json\/wp\/v2\/comments?post=500"}],"version-history":[{"count":0,"href":"https:\/\/vigilantbiosciences.com\/pt\/wp-json\/wp\/v2\/pages\/500\/revisions"}],"wp:featuredmedia":[{"embeddable":true,"href":"https:\/\/vigilantbiosciences.com\/pt\/wp-json\/wp\/v2\/media\/248"}],"wp:attachment":[{"href":"https:\/\/vigilantbiosciences.com\/pt\/wp-json\/wp\/v2\/media?parent=500"}],"curies":[{"name":"wp","href":"https:\/\/api.w.org\/{rel}","templated":true}]}}