{"id":407,"date":"2023-06-16T15:47:09","date_gmt":"2023-06-16T15:47:09","guid":{"rendered":"https:\/\/vigilantbiosciences.com\/?page_id=407"},"modified":"2023-07-26T20:49:53","modified_gmt":"2023-07-26T20:49:53","slug":"certificate-verification","status":"publish","type":"page","link":"https:\/\/vigilantbiosciences.com\/pt\/verificacao-de-certificado\/","title":{"rendered":"Verifica\u00e7\u00e3o de certificado"},"content":{"rendered":"<p>[et_pb_section fb_built=\u201d1\u2033 custom_padding_last_edited=\u201don|phone\u201d _builder_version=\u201d4.21.0\u2033 _dynamic_attributes=\u201dbackground_image\u201d _module_preset=\u201ddefault\u201d use_background_color_gradient=\u201don\u201d background_color_gradient_stops=\u201drgba(0,142,168,0,59) 0%|r gba(0.142.168 ,0,5) 100%\u201d background_color_gradient_overlays_image=\u201don\u201d background_image=\u201d@ET-DC@eyJkeW5hbWljIjp0cnVlLCJjb250ZW50IjoicG9zdF9mZWF0dXJlZF9pbWFnZSIsInNldHRpbmdzIjp7fX0=@\u201d custom_padding=\u201d 100px||100px||true|false\u201d custom_padding_tablet=\u201d80px||80px||true|false\u201d custom_padding_phone= \u201d50px||50px||true|false\u201d bloqueado=\u201ddesativado\u201d global_colors_info=\u201d{}\u201d][et_pb_row _builder_version=\u201d4.20.0\u2033 _module_preset=\u201ddefault\u201d global_colors_info=\u201d{}\u201d][et_pb_column type=\u201d4_4 \u2033 _builder_version=\u201d4.20.0\u2033 _module_preset=\u201ddefault\u201d global_colors_info=\u201d{}\u201d][et_pb_text _builder_version=\u201d4.20.4\u2033 _module_preset=\u201ddefault\u201d text_font_size=\u201d30px\u201d header_font=\u201d|600|||||| |\u201d header_letter_spacing=\u201d-3px\u201d text_orientation=\u201dcenter\u201d background_layout=\u201descuro\u201d global_colors_info=\u201d{}\u201d]<\/p>\n<h1>Verifica\u00e7\u00e3o de certificado<\/h1>\n<p>[\/et_pb_text][\/et_pb_column][\/et_pb_row][\/et_pb_section][et_pb_section fb_built=\u201d1\u2033 custom_padding_last_edited=\u201don|phone\u201d _builder_version=\u201d4.20.4\u2033 _module_preset=\u201ddefault\u201d background_enable_color=\u201doff\u201d custom_margin=\u201d ||||false|false\u201d custom_padding=\u201d80px||80px||true|false\u201d custom_padding_tablet=\u201d||||true|false\u201d custom_padding_phone=\u201d50px||50px||true|false\u201d bloqueado=\u201ddesligado\u201d global_colors_info=\u201d{}\u201d][et_pb_row _builder_version=\u201d4.20.4\u2033 _module_preset=\u201ddefault\u201d width=\u201d900px\u201d width_tablet=\u201d90%\u201d width_phone=\u201d90%\u201d width_last_edited=\u201don|tablet\u201d custom_padding=\u201d0px||0px ||true|false\u201d global_colors_info=\u201d{}\u201d][et_pb_column type=\u201d4_4\u2033 _builder_version=\u201d4.20.0\u2033 _module_preset=\u201ddefault\u201d global_colors_info=\u201d{}\u201d][et_pb_text _builder_version=\u201d4.20.4\u2033 _module_preset= \u201dpadr\u00e3o\u201d text_orientation=\u201dcenter\u201d custom_margin=\u201d||20px||false|false\u201d global_colors_info=\u201d{}\u201d]<\/p>\n<h2>Sistema BeVigilant\u2122 OraFusion\u2122<\/h2>\n<h2>Formul\u00e1rio de Assinatura de Treinamento e Certifica\u00e7\u00e3o \/ Aceita\u00e7\u00e3o de Responsabilidade<\/h2>\n<p>[\/et_pb_text][et_pb_text _builder_version=\u201d4.20.4\u2033 _module_preset=\u201ddefault\u201d custom_margin=\u201d||50px||false|false\u201d global_colors_info=\u201d{}\u201d]Certifico que conclu\u00ed o treinamento necess\u00e1rio para o uso e manuten\u00e7\u00e3o do Sistema BeVigilant\u2122 OraFusion\u2122. Adquiri o conhecimento e as habilidades necess\u00e1rias para operar o dispositivo com seguran\u00e7a e efic\u00e1cia e compreendo a import\u00e2ncia de seguir as instru\u00e7\u00f5es e orienta\u00e7\u00f5es do fabricante.<\/p>\n<p>Al\u00e9m disso, assumo total responsabilidade pelo uso, manuten\u00e7\u00e3o e quaisquer consequ\u00eancias que possam surgir de qualquer uso ou uso indevido da(s) unidade(s) do Sistema BeVigilant\u2122 OraFusion\u2122 em minha posse. Usarei o dispositivo apenas para o fim a que se destina, de acordo com as instru\u00e7\u00f5es escritas do fabricante e dentro do \u00e2mbito da minha compet\u00eancia profissional. Certifico que qualquer equipe que usa ou mant\u00e9m o sistema BeVigilant\u2122 OraFusion\u2122 tamb\u00e9m concluiu o treinamento necess\u00e1rio.<\/p>\n<p>Entendo a import\u00e2ncia da documenta\u00e7\u00e3o e manuten\u00e7\u00e3o de registros adequados e garantirei que registros precisos sejam mantidos para o uso e manuten\u00e7\u00e3o do dispositivo.<\/p>\n<p>Reconhe\u00e7o que qualquer uso indevido, neglig\u00eancia ou falha no cumprimento das instru\u00e7\u00f5es do fabricante pode causar resultados imprecisos ou incompletos e, em \u00faltima an\u00e1lise, impactar negativamente o atendimento ao paciente. Tomarei todas as precau\u00e7\u00f5es razo\u00e1veis para evitar tais incidentes.[\/et_pb_text][et_pb_code _builder_version=\u201d4.20.4\u2033 _module_preset=\u201ddefault\u201d hover_enabled=\u201d0\u2033 global_colors_info=\u201d{}\u201d sticky_enabled=\u201d0\u2033]<!-- [et_pb_line_break_holder] -->    <iframe<!--___noise___ 1012--&gt; id=\u201dJotFormIFrame-231594890856168\u2033<!-- [et_pb_line_break_holder] -->      title=\u201dFormul\u00e1rio de verifica\u00e7\u00e3o de certificado vigilante\u201d<!-- [et_pb_line_break_holder] -->      permitirtranspar\u00eancia=\u201dverdadeiro\u201d<!-- [et_pb_line_break_holder] -->      permitir tela cheia=\u201dverdadeiro\u201d<!-- [et_pb_line_break_holder] -->      permitir=\u201dgeolocaliza\u00e7\u00e3o; microfone; C\u00e2mera&quot;<!-- [et_pb_line_break_holder] -->      src=\u201dhttps:\/\/form.jotform.com\/231594890856168\u2033<!-- [et_pb_line_break_holder] -->      borda do quadro=\u201d0\u2033<!-- [et_pb_line_break_holder] -->      estilo = \u201dlargura m\u00ednima: 100%; largura m\u00e1xima: 100%; altura: 539px; borda: nenhuma;\u201d<!-- [et_pb_line_break_holder] -->      rolagem=\u201dn\u00e3o\u201d<!-- [et_pb_line_break_holder] -->    ><!-- [et_pb_line_break_holder] -->    <\/iframe><!-- [et_pb_line_break_holder] -->    <script type=\"text\/javascript\"><!-- [et_pb_line_break_holder] -->    var ifr = document.getElementById(\"JotFormIFrame-231594890856168\");<!-- [et_pb_line_break_holder] -->    if (ifr) {<!-- [et_pb_line_break_holder] -->      var src = ifr.src;<!-- [et_pb_line_break_holder] -->      var iframeParams = [];<!-- [et_pb_line_break_holder] -->      if (window.location.href && window.location.href.indexOf(\"?\") > -1) {<!-- [et_pb_line_break_holder] -->        iframeParams = iframeParams.concat(window.location.href.substr(window.location.href.indexOf(\"?\") + 1).split('&'));<!-- [et_pb_line_break_holder] -->      }<!-- [et_pb_line_break_holder] -->      if (src && src.indexOf(\"?\") > -1) {<!-- [et_pb_line_break_holder] -->        iframeParams = iframeParams.concat(src.substr(src.indexOf(\"?\") + 1).split(\"&\"));<!-- [et_pb_line_break_holder] -->        src = src.substr(0, src.indexOf(\"?\"))<!-- [et_pb_line_break_holder] -->      }<!-- [et_pb_line_break_holder] -->      iframeParams.push(\"isIframeEmbed=1\");<!-- [et_pb_line_break_holder] -->      ifr.src = src + \"?\" + iframeParams.join('&');<!-- [et_pb_line_break_holder] -->    }<!-- [et_pb_line_break_holder] -->    window.handleIFrameMessage = function(e) {<!-- [et_pb_line_break_holder] -->      if (typeof e.data === 'object') { return; }<!-- [et_pb_line_break_holder] -->      var args = e.data.split(\":\");<!-- [et_pb_line_break_holder] -->      if (args.length > 2) { iframe = document.getElementById(\"JotFormIFrame-\" + args[(args.length - 1)]); } else { iframe = document.getElementById(\"JotFormIFrame\"); }<!-- [et_pb_line_break_holder] -->      if (!iframe) { return; }<!-- [et_pb_line_break_holder] -->      switch (args[0]) {<!-- [et_pb_line_break_holder] -->        case \"scrollIntoView\":<!-- [et_pb_line_break_holder] -->          iframe.scrollIntoView();<!-- [et_pb_line_break_holder] -->          break;<!-- [et_pb_line_break_holder] -->        case \"setHeight\":<!-- [et_pb_line_break_holder] -->          iframe.style.height = args[1] + \"px\";<!-- [et_pb_line_break_holder] -->          if (!isNaN(args[1]) && parseInt(iframe.style.minHeight) > parseInt(args[1])) {<!-- [et_pb_line_break_holder] -->            iframe.style.minHeight = args[1] + \"px\";<!-- [et_pb_line_break_holder] -->          }<!-- [et_pb_line_break_holder] -->          break;<!-- [et_pb_line_break_holder] -->        case \"collapseErrorPage\":<!-- [et_pb_line_break_holder] -->          if (iframe.clientHeight > window.innerHeight) {<!-- [et_pb_line_break_holder] -->            iframe.style.height = window.innerHeight + \"px\";<!-- [et_pb_line_break_holder] -->          }<!-- [et_pb_line_break_holder] -->          break;<!-- [et_pb_line_break_holder] -->        case \"reloadPage\":<!-- [et_pb_line_break_holder] -->          window.location.reload();<!-- [et_pb_line_break_holder] -->          break;<!-- [et_pb_line_break_holder] -->        case \"loadScript\":<!-- [et_pb_line_break_holder] -->          if( !window.isPermitted(e.origin, ['jotform.com', 'jotform.pro']) ) { break; }<!-- [et_pb_line_break_holder] -->          var src = args[1];<!-- [et_pb_line_break_holder] -->          if (args.length > 3) {<!-- [et_pb_line_break_holder] -->              src = args[1] + ':' + args[2];<!-- [et_pb_line_break_holder] -->          }<!-- [et_pb_line_break_holder] -->          var script = document.createElement('script');<!-- [et_pb_line_break_holder] -->          script.src = src;<!-- [et_pb_line_break_holder] -->          script.type = 'text\/javascript';<!-- [et_pb_line_break_holder] -->          document.body.appendChild(script);<!-- [et_pb_line_break_holder] -->          break;<!-- [et_pb_line_break_holder] -->        case \"exitFullscreen\":<!-- [et_pb_line_break_holder] -->          if      (window.document.exitFullscreen)        window.document.exitFullscreen();<!-- [et_pb_line_break_holder] -->          else if (window.document.mozCancelFullScreen)   window.document.mozCancelFullScreen();<!-- [et_pb_line_break_holder] -->          else if (window.document.mozCancelFullscreen)   window.document.mozCancelFullScreen();<!-- [et_pb_line_break_holder] -->          else if (window.document.webkitExitFullscreen)  window.document.webkitExitFullscreen();<!-- [et_pb_line_break_holder] -->          else if (window.document.msExitFullscreen)      window.document.msExitFullscreen();<!-- [et_pb_line_break_holder] -->          break;<!-- [et_pb_line_break_holder] -->      }<!-- [et_pb_line_break_holder] -->      var isJotForm = (e.origin.indexOf(\"jotform\") > -1) ? true : false;<!-- [et_pb_line_break_holder] -->      if(isJotForm && \"contentWindow\" in iframe && \"postMessage\" in iframe.contentWindow) {<!-- [et_pb_line_break_holder] -->        var urls = {\"docurl\":encodeURIComponent(document.URL),\"referrer\":encodeURIComponent(document.referrer)};<!-- [et_pb_line_break_holder] -->        iframe.contentWindow.postMessage(JSON.stringify({\"type\":\"urls\",\"value\":urls}), \"*\");<!-- [et_pb_line_break_holder] -->      }<!-- [et_pb_line_break_holder] -->    };<!-- [et_pb_line_break_holder] -->    window.isPermitted = function(originUrl, whitelisted_domains) {<!-- [et_pb_line_break_holder] -->      var url = document.createElement('a');<!-- [et_pb_line_break_holder] -->      url.href = originUrl;<!-- [et_pb_line_break_holder] -->      var hostname = url.hostname;<!-- [et_pb_line_break_holder] -->      var result = false;<!-- [et_pb_line_break_holder] -->      if( typeof hostname !== 'undefined' ) {<!-- [et_pb_line_break_holder] -->        whitelisted_domains.forEach(function(element) {<!-- [et_pb_line_break_holder] -->            if( hostname.slice((-1 * element.length - 1)) === '.'.concat(element) ||  hostname === element ) {<!-- [et_pb_line_break_holder] -->                result = true;<!-- [et_pb_line_break_holder] -->            }<!-- [et_pb_line_break_holder] -->        });<!-- [et_pb_line_break_holder] -->        return result;<!-- [et_pb_line_break_holder] -->      }<!-- [et_pb_line_break_holder] -->    };<!-- [et_pb_line_break_holder] -->    if (window.addEventListener) {<!-- [et_pb_line_break_holder] -->      window.addEventListener(\"message\", handleIFrameMessage, false);<!-- [et_pb_line_break_holder] -->    } else if (window.attachEvent) {<!-- [et_pb_line_break_holder] -->      window.attachEvent(\"onmessage\", handleIFrameMessage);<!-- [et_pb_line_break_holder] -->    }<!-- [et_pb_line_break_holder] -->    <\/script>[\/et_pb_code][\/et_pb_column][\/et_pb_row][\/et_pb_section]<\/p>","protected":false},"excerpt":{"rendered":"<p>Verifica\u00e7\u00e3o do certificado Treinamento e certifica\u00e7\u00e3o do sistema BeVigilant\u2122 OraFusion\u2122 \/ Formul\u00e1rio de assinatura de aceita\u00e7\u00e3o de responsabilidade Certifico que conclu\u00ed o treinamento necess\u00e1rio para o uso e manuten\u00e7\u00e3o do Sistema BeVigilant\u2122 OraFusion\u2122. Adquiri o conhecimento e as habilidades necess\u00e1rias para operar o dispositivo com seguran\u00e7a e efic\u00e1cia e entendo a import\u00e2ncia de seguir as [...]<\/p>","protected":false},"author":3,"featured_media":324,"parent":0,"menu_order":15,"comment_status":"closed","ping_status":"closed","template":"","meta":{"_et_pb_use_builder":"on","_et_pb_old_content":"","_et_gb_content_width":"","inline_featured_image":false,"footnotes":""},"class_list":["post-407","page","type-page","status-publish","has-post-thumbnail","hentry"],"yoast_head":"<!-- This site is optimized with the Yoast SEO plugin v22.1 - https:\/\/yoast.com\/wordpress\/plugins\/seo\/ -->\n<title>Certificate Verification - Vigilant Biosciences\u00ae<\/title>\n<meta name=\"robots\" content=\"noindex, nofollow\" \/>\n<meta property=\"og:locale\" content=\"pt_PT\" \/>\n<meta property=\"og:type\" content=\"article\" \/>\n<meta property=\"og:title\" content=\"Certificate Verification - Vigilant Biosciences\u00ae\" \/>\n<meta property=\"og:description\" content=\"Patient Resources Understanding the Risk of Oral CancerThe Impact of Oral Cancer In the US alone, oral cancer kills an average one person per hour, 24 hours per day.1Oral cancer is a global challenge with more than 657,000 cases and nearly 330,000 deaths each year1Worldwide 5-year survival rate is only 50% due to delayed intervention [&hellip;]\" \/>\n<meta property=\"og:url\" content=\"https:\/\/vigilantbiosciences.com\/pt\/verificacao-de-certificado\/\" \/>\n<meta property=\"og:site_name\" content=\"Vigilant Biosciences\u00ae\" \/>\n<meta property=\"article:publisher\" content=\"https:\/\/www.facebook.com\/VigilantBiosciences1\" \/>\n<meta property=\"article:modified_time\" content=\"2023-07-26T20:49:53+00:00\" \/>\n<meta property=\"og:image\" content=\"https:\/\/vigilantbiosciences.com\/wp-content\/uploads\/patient-resource-banner.jpg\" \/>\n\t<meta property=\"og:image:width\" content=\"1920\" \/>\n\t<meta property=\"og:image:height\" content=\"396\" \/>\n\t<meta property=\"og:image:type\" content=\"image\/jpeg\" \/>\n<meta name=\"twitter:card\" content=\"summary_large_image\" \/>\n<meta name=\"twitter:label1\" content=\"Tempo estimado de leitura\" \/>\n\t<meta name=\"twitter:data1\" content=\"3 minutos\" \/>\n<script type=\"application\/ld+json\" class=\"yoast-schema-graph\">{\"@context\":\"https:\/\/schema.org\",\"@graph\":[{\"@type\":\"WebPage\",\"@id\":\"https:\/\/vigilantbiosciences.com\/certificate-verification\/\",\"url\":\"https:\/\/vigilantbiosciences.com\/certificate-verification\/\",\"name\":\"Certificate Verification - Vigilant Biosciences\u00ae\",\"isPartOf\":{\"@id\":\"https:\/\/vigilantbiosciences.com\/#website\"},\"datePublished\":\"2023-06-16T15:47:09+00:00\",\"dateModified\":\"2023-07-26T20:49:53+00:00\",\"breadcrumb\":{\"@id\":\"https:\/\/vigilantbiosciences.com\/certificate-verification\/#breadcrumb\"},\"inLanguage\":\"pt-PT\",\"potentialAction\":[{\"@type\":\"ReadAction\",\"target\":[\"https:\/\/vigilantbiosciences.com\/certificate-verification\/\"]}]},{\"@type\":\"BreadcrumbList\",\"@id\":\"https:\/\/vigilantbiosciences.com\/certificate-verification\/#breadcrumb\",\"itemListElement\":[{\"@type\":\"ListItem\",\"position\":1,\"name\":\"Home\",\"item\":\"https:\/\/vigilantbiosciences.com\/\"},{\"@type\":\"ListItem\",\"position\":2,\"name\":\"Certificate Verification\"}]},{\"@type\":\"WebSite\",\"@id\":\"https:\/\/vigilantbiosciences.com\/#website\",\"url\":\"https:\/\/vigilantbiosciences.com\/\",\"name\":\"Vigilant Biosciences\u00ae\",\"description\":\"\",\"publisher\":{\"@id\":\"https:\/\/vigilantbiosciences.com\/#organization\"},\"potentialAction\":[{\"@type\":\"SearchAction\",\"target\":{\"@type\":\"EntryPoint\",\"urlTemplate\":\"https:\/\/vigilantbiosciences.com\/?s={search_term_string}\"},\"query-input\":\"required name=search_term_string\"}],\"inLanguage\":\"pt-PT\"},{\"@type\":\"Organization\",\"@id\":\"https:\/\/vigilantbiosciences.com\/#organization\",\"name\":\"Vigilant Biosciences\u00ae\",\"url\":\"https:\/\/vigilantbiosciences.com\/\",\"logo\":{\"@type\":\"ImageObject\",\"inLanguage\":\"pt-PT\",\"@id\":\"https:\/\/vigilantbiosciences.com\/#\/schema\/logo\/image\/\",\"url\":\"https:\/\/vigilantbiosciences.com\/wp-content\/uploads\/vigilant-logo-horizontal.svg\",\"contentUrl\":\"https:\/\/vigilantbiosciences.com\/wp-content\/uploads\/vigilant-logo-horizontal.svg\",\"width\":\"1024\",\"height\":\"1024\",\"caption\":\"Vigilant Biosciences\u00ae\"},\"image\":{\"@id\":\"https:\/\/vigilantbiosciences.com\/#\/schema\/logo\/image\/\"},\"sameAs\":[\"https:\/\/www.facebook.com\/VigilantBiosciences1\",\"https:\/\/www.linkedin.com\/company\/vigilant-biosciences\/\"]}]}<\/script>\n<!-- \/ Yoast SEO plugin. -->","yoast_head_json":{"title":"Certificate Verification - Vigilant Biosciences\u00ae","robots":{"index":"noindex","follow":"nofollow"},"og_locale":"pt_PT","og_type":"article","og_title":"Certificate Verification - Vigilant Biosciences\u00ae","og_description":"Patient Resources Understanding the Risk of Oral CancerThe Impact of Oral Cancer In the US alone, oral cancer kills an average one person per hour, 24 hours per day.1Oral cancer is a global challenge with more than 657,000 cases and nearly 330,000 deaths each year1Worldwide 5-year survival rate is only 50% due to delayed intervention [&hellip;]","og_url":"https:\/\/vigilantbiosciences.com\/pt\/verificacao-de-certificado\/","og_site_name":"Vigilant Biosciences\u00ae","article_publisher":"https:\/\/www.facebook.com\/VigilantBiosciences1","article_modified_time":"2023-07-26T20:49:53+00:00","og_image":[{"width":1920,"height":396,"url":"https:\/\/vigilantbiosciences.com\/wp-content\/uploads\/patient-resource-banner.jpg","type":"image\/jpeg"}],"twitter_card":"summary_large_image","twitter_misc":{"Tempo estimado de leitura":"3 minutos"},"schema":{"@context":"https:\/\/schema.org","@graph":[{"@type":"WebPage","@id":"https:\/\/vigilantbiosciences.com\/certificate-verification\/","url":"https:\/\/vigilantbiosciences.com\/certificate-verification\/","name":"Certificate Verification - Vigilant Biosciences\u00ae","isPartOf":{"@id":"https:\/\/vigilantbiosciences.com\/#website"},"datePublished":"2023-06-16T15:47:09+00:00","dateModified":"2023-07-26T20:49:53+00:00","breadcrumb":{"@id":"https:\/\/vigilantbiosciences.com\/certificate-verification\/#breadcrumb"},"inLanguage":"pt-PT","potentialAction":[{"@type":"ReadAction","target":["https:\/\/vigilantbiosciences.com\/certificate-verification\/"]}]},{"@type":"BreadcrumbList","@id":"https:\/\/vigilantbiosciences.com\/certificate-verification\/#breadcrumb","itemListElement":[{"@type":"ListItem","position":1,"name":"Home","item":"https:\/\/vigilantbiosciences.com\/"},{"@type":"ListItem","position":2,"name":"Certificate Verification"}]},{"@type":"WebSite","@id":"https:\/\/vigilantbiosciences.com\/#website","url":"https:\/\/vigilantbiosciences.com\/","name":"Vigilant Biosciences\u00ae","description":"","publisher":{"@id":"https:\/\/vigilantbiosciences.com\/#organization"},"potentialAction":[{"@type":"SearchAction","target":{"@type":"EntryPoint","urlTemplate":"https:\/\/vigilantbiosciences.com\/?s={search_term_string}"},"query-input":"required name=search_term_string"}],"inLanguage":"pt-PT"},{"@type":"Organization","@id":"https:\/\/vigilantbiosciences.com\/#organization","name":"Vigilant Biosciences\u00ae","url":"https:\/\/vigilantbiosciences.com\/","logo":{"@type":"ImageObject","inLanguage":"pt-PT","@id":"https:\/\/vigilantbiosciences.com\/#\/schema\/logo\/image\/","url":"https:\/\/vigilantbiosciences.com\/wp-content\/uploads\/vigilant-logo-horizontal.svg","contentUrl":"https:\/\/vigilantbiosciences.com\/wp-content\/uploads\/vigilant-logo-horizontal.svg","width":"1024","height":"1024","caption":"Vigilant Biosciences\u00ae"},"image":{"@id":"https:\/\/vigilantbiosciences.com\/#\/schema\/logo\/image\/"},"sameAs":["https:\/\/www.facebook.com\/VigilantBiosciences1","https:\/\/www.linkedin.com\/company\/vigilant-biosciences\/"]}]}},"_links":{"self":[{"href":"https:\/\/vigilantbiosciences.com\/pt\/wp-json\/wp\/v2\/pages\/407","targetHints":{"allow":["GET"]}}],"collection":[{"href":"https:\/\/vigilantbiosciences.com\/pt\/wp-json\/wp\/v2\/pages"}],"about":[{"href":"https:\/\/vigilantbiosciences.com\/pt\/wp-json\/wp\/v2\/types\/page"}],"author":[{"embeddable":true,"href":"https:\/\/vigilantbiosciences.com\/pt\/wp-json\/wp\/v2\/users\/3"}],"replies":[{"embeddable":true,"href":"https:\/\/vigilantbiosciences.com\/pt\/wp-json\/wp\/v2\/comments?post=407"}],"version-history":[{"count":0,"href":"https:\/\/vigilantbiosciences.com\/pt\/wp-json\/wp\/v2\/pages\/407\/revisions"}],"wp:featuredmedia":[{"embeddable":true,"href":"https:\/\/vigilantbiosciences.com\/pt\/wp-json\/wp\/v2\/media\/324"}],"wp:attachment":[{"href":"https:\/\/vigilantbiosciences.com\/pt\/wp-json\/wp\/v2\/media?parent=407"}],"curies":[{"name":"wp","href":"https:\/\/api.w.org\/{rel}","templated":true}]}}