{"id":96,"date":"2023-02-28T17:35:36","date_gmt":"2023-02-28T17:35:36","guid":{"rendered":"https:\/\/vigilantbio.wpengine.com\/?page_id=96"},"modified":"2023-03-20T20:11:43","modified_gmt":"2023-03-20T20:11:43","slug":"investors","status":"publish","type":"page","link":"https:\/\/vigilantbiosciences.com\/fr\/investisseurs\/","title":{"rendered":"Investisseurs"},"content":{"rendered":"<p>[et_pb_section fb_built=\u201d1\u2033 custom_padding_last_edited=\u201don|phone\u201d _builder_version=\u201d4.20.0\u2033 _module_preset=\u201ddefault\u201d background_image=\u201dhttps:\/\/vigilantbiosciences.com\/wp-content\/uploads\/investor-header-image.jpg\u201d custom_padding=\u201d100px||100px||true|false\u201d custom_padding_tablet=\u201d80px||80px||true|false\u201d custom_padding_phone=\u201d50px||50px||true|false\u201d hover_enabled=\u201d0\u2033 global_colors_info=\u201d{}\u201d alt=\u201dGros plan d\u2019une illustration de cellule canc\u00e9reuse\u201d title_text=\u201dGros plan d\u2019une illustration de cellule canc\u00e9reuse\u201d sticky_enabled=\u201d0\u2033][et_pb_row _builder_version=\u201d4.20.0\u2033 _module_preset=\u201ddefault\u201d width=\u201d90%\u201d global_colors_info=\u201d{}\u201d][et_pb_column type=\u201d4_4\u2033 _builder_version=\u201d4.20.0\u2033 _module_preset=\u201ddefault\u201d global_colors_info=\u201d{}\u201d][et_pb_text _builder_version=\u201d4.20.0\u2033 _module_preset=\u201ddefault\u201d header_font=\u201d|700|||||||\u201d header_letter_spacing=\u201d-3px\u201d text_orientation=\u201dcenter\u201d background_layout=\u201ddark\u201d global_colors_info=\u201d{}\u201d]<\/p>\n<h1>Investisseurs<\/h1>\n<p>[\/et_pb_text][\/et_pb_column][\/et_pb_row][\/et_pb_section][et_pb_section fb_built=\u201d1\u2033 custom_padding_last_edited=\u201don|tablet\u201d _builder_version=\u201d4.20.0\u2033 _module_preset=\u201ddefault\u201d custom_margin=\u201d||||false|false\u201d custom_padding=\u201d80px||80px||true|false\u201d custom_padding_tablet=\u201d50px||20px||false|false\u201d custom_padding_phone=\u201d50px||0px||false|false\u201d global_colors_info=\u201d{}\u201d][et_pb_row _builder_version=\u201d4.20.0\u2033 _module_preset=\u201ddefault\u201d width=\u201d93%\u201d width_tablet=\u201d93%\u201d width_phone=\u201d93%\u201d width_last_edited=\u201don|tablet\u201d max_width=\u201d1175px\u201d max_width_tablet=\u201d1175px\u201d max_width_phone=\u201d1175px\u201d max_width_last_edited=\u201don|tablet\u201d global_colors_info=\u201d{}\u201d][et_pb_column type=\u201d4_4\u2033 _builder_version=\u201d4.20.0\u2033 _module_preset=\u201ddefault\u201d global_colors_info=\u201d{}\u201d][et_pb_text _builder_version=\u201d4.20.0\u2033 _module_preset=\u201ddefault\u201d header_2_text_color=\u201d#008EA8\u2033 text_orientation=\u201dcenter\u201d global_colors_info=\u201d{}\u201d]<\/p>\n<h2>Biosciences vigilantes<sup style=\"font-size: 20px !important;\">\u00ae<\/sup> est fier de s&#039;associer aux \u00e9quipes de Novalis Life Sciences, venVelo, White Owl Ventures et du Florida Institute for the Commercialization of Public Research.<\/h2>\n<p>[\/et_pb_text][\/et_pb_column][\/et_pb_row][\/et_pb_section][et_pb_section fb_built=\u201d1\u2033 custom_padding_last_edited=\u201doff|tablet\u201d _builder_version=\u201d4.20.0\u2033 _module_preset=\u201ddefault\u201d custom_padding=\u201d||80px||false|false\u201d custom_padding_tablet=\u201d80px||80px||true|false\u201d custom_padding_phone=\u201d50px||50px||true|false\u201d global_colors_info=\u201d{}\u201d][et_pb_row column_structure=\u201d1_4,3_4\u2033 make_equal=\u201don\u201d _builder_version=\u201d4.20.0\u2033 _module_preset=\u201ddefault\u201d width_tablet=\u201d90%\u201d width_phone=\u201d90%\u201d width_last_edited=\u201don|tablet\u201d custom_margin=\u201d||100px||false|false\u201d custom_margin_tablet=\u201d||80px||false|false\u201d custom_margin_phone=\u201d||80px||false|false\u201d custom_margin_last_edited=\u201don|tablet\u201d custom_padding=\u201d0px||0px||false|false\u201d custom_css_main_element=\u201dalign-items: center;\u201d global_colors_info=\u201d{}\u201d custom_css_main_element_last_edited=\u201don|tablet\u201d custom_css_main_element_tablet=\u201dalign-items: center;||display: flex;||column-gap: 30px;\u201d custom_css_main_element_phone=\u201ddisplay: block;\u201d][et_pb_column type=\u201d1_4\u2033 _builder_version=\u201d4.20.0\u2033 _module_preset=\u201ddefault\u201d global_colors_info=\u201d{}\u201d custom_css_main_element_last_edited=\u201don|tablet\u201d custom_css_main_element_tablet=\u201dwidth: 33.3%;||\u201d custom_css_main_element_phone=\u201dwidth: 33.3%;||\u201d][et_pb_image src=\u201dhttps:\/\/vigilantbiosciences.com\/wp-content\/uploads\/NovalisLogo4Web01.png\u201d alt=\u201dLogo Novalis LifeSciences\u201d title_text=\u201dLogo Novalis LifeSciences\u201d align_tablet=\u201d\u201d align_phone=\u201dcenter\u201d align_last_edited=\u201don|phone\u201d _builder_version=\u201d4.20.0\u2033 _module_preset=\u201ddefault\u201d max_width_tablet=\u201d\u201d max_width_phone=\u201d70%\u201d max_width_last_edited=\u201don|tablet\u201d global_colors_info=\u201d{}\u201d][\/et_pb_image][\/et_pb_column][et_pb_column type=\u201d3_4\u2033 _builder_version=\u201d4.20.0\u2033 _module_preset=\u201ddefault\u201d global_colors_info=\u201d{}\u201d][et_pb_text _builder_version=\u201d4.20.0\u2033 _module_preset=\u201ddefault\u201d text_orientation_tablet=\u201d\u201d text_orientation_phone=\u201dcenter\u201d text_orientation_last_edited=\u201don|phone\u201d global_colors_info=\u201d{}\u201d]<\/p>\n<p>Novalis LifeSciences LLC est une soci\u00e9t\u00e9 d&#039;investissement et de conseil pour le secteur des sciences de la vie. Novalis a \u00e9t\u00e9 fond\u00e9e en 2017 par Marijn E. Dekkers et investit dans des entreprises innovantes de petite et moyenne taille dans le domaine des sciences de la vie.<\/p>\n<p>[\/et_pb_text][et_pb_button button_url=\u201dhttps:\/\/www.novalislifesciences.com\/\u201d url_new_window=\u201don\u201d button_text=\u201dEn savoir plus\u201d button_alignment_tablet=\u201d\u201d button_alignment_phone=\u201dcenter\u201d button_alignment_last_edited=\u201don|phone\u201d _builder_version=\u201d4.20.0\u2033 _module_preset=\u201ddefault\u201d custom_button=\u201don\u201d button_text_size=\u201d16px\u201d button_text_color=\u201d#008EA8\u2033 button_border_width=\u201d2px\u201d button_border_color=\u201d#008EA8\u2033 button_border_radius=\u201d50px\u201d button_letter_spacing=\u201d1px\u201d button_use_icon=\u201doff\u201d custom_margin=\u201d||0px||false|false\u201d custom_padding=\u201d8px|30px|8px|30px|true|true\u201d locked=\u201doff\u201d global_colors_info=\u201d{}\u201d button_text_color__hover_enabled=\u201don|hover\u201d button_text_color__hover=\u201d#FFFFFF\u201d button_bg_color__hover_enabled=\u201don|hover\u201d button_bg_color__hover=\u201d#008EA8\u2033 button_bg_enable_color__hover=\u201don\u201d][\/et_pb_button][\/et_pb_column][\/et_pb_row][et_pb_row column_structure=\u201d1_4,3_4\u2033 make_equal=\u201don\u201d _builder_version=\u201d4.20.0\u2033 _module_preset=\u201ddefault\u201d width_tablet=\u201d90%\u201d width_phone=\u201d90%\u201d width_last_edited=\u201dsur|tablette\u201d custom_margin=\u201d||100px||false|false\u201d custom_margin_tablet=\u201d||80px||false|false\u201d custom_margin_phone=\u201d||80px||false|false\u201d custom_margin_last_edited=\u201dsur|tablette\u201d custom_padding=\u201d0px||0px||false|false\u201d custom_css_main_element=\u201dalign-items: center;\u201d global_colors_info=\u201d{}\u201d custom_css_main_element_last_edited=\u201dsur|tablette\u201d custom_css_main_element_tablet=\u201dalign-items: center;||display: flex;||column-gap: 30px;\u201d custom_css_main_element_phone=\u201ddisplay: block;\u201d][et_pb_column type=\u201d1_4\u2033 _builder_version=\u201d4.20.0\u2033 _module_preset=\u201ddefault\u201d global_colors_info=\u201d{}\u201d custom_css_main_element_last_edited=\u201don|tablet\u201d custom_css_main_element_tablet=\u201dwidth: 33.3%;||\u201d custom_css_main_element_phone=\u201dwidth: 33.3%;||\u201d][et_pb_image src=\u201dhttps:\/\/vigilantbiosciences.com\/wp-content\/uploads\/venVelo-logo-1.png\u201d alt=\u201dLogo venVelo\u201d title_text=\u201dLogo venVelo\u201d align_tablet=\u201d\u201d align_phone=\u201dcenter\u201d align_last_edited=\u201don|phone\u201d _builder_version=\u201d4.20.0\u2033 _module_preset=\u201ddefault\u201d max_width_tablet=\u201d\u201d max_width_phone=\u201d70%\u201d max_width_last_edited=\u201don|tablet\u201d global_colors_info=\u201d{}\u201d][\/et_pb_image][\/et_pb_column][et_pb_column type=\u201d3_4\u2033 _builder_version=\u201d4.20.0\u2033 _module_preset=\u201ddefault\u201d global_colors_info=\u201d{}\u201d][et_pb_text _builder_version=\u201d4.20.0\u2033 _module_preset=\u201ddefault\u201d text_orientation_tablet=\u201d\u201d text_orientation_phone=\u201dcenter\u201d text_orientation_last_edited=\u201don|phone\u201d global_colors_info=\u201d{}\u201d]<\/p>\n<p>venVelo, le premier fonds de capital-risque de d\u00e9marrage en Floride destin\u00e9 aux entreprises innovantes \u00e0 la recherche de capital et de mentorat, a \u00e9t\u00e9 lanc\u00e9 en 2012 et s&#039;est rapidement impos\u00e9 comme l&#039;un des fonds de capital-risque les plus actifs du centre de la Floride. Il a \u00e9t\u00e9 nomm\u00e9 \u00ab\u00a0Investisseur technologique de l&#039;ann\u00e9e\u00a02014\u00a0\u00bb. En plus de ses investissements, les membres du conseil d&#039;administration de venVelo ont \u00e9t\u00e9 fr\u00e9quemment conf\u00e9renciers, pan\u00e9listes et juges de concours de capital-risque dans tout l&#039;\u00c9tat. venVelo a \u00e9galement donn\u00e9 de l&#039;argent \u00e0 diverses organisations travaillant au d\u00e9veloppement de l&#039;\u00e9cosyst\u00e8me entrepreneurial du centre de la Floride.<\/p>\n<p>[\/et_pb_text][et_pb_button button_url=\u201dhttps:\/\/venvelo.com\/\u201d url_new_window=\u201don\u201d button_text=\u201dEn savoir plus\u201d button_alignment_tablet=\u201d\u201d button_alignment_phone=\u201dcenter\u201d button_alignment_last_edited=\u201don|phone\u201d _builder_version=\u201d4.20.0\u2033 _module_preset=\u201ddefault\u201d custom_button=\u201don\u201d button_text_size=\u201d16px\u201d button_text_color=\u201d#008EA8\u2033 button_border_width=\u201d2px\u201d button_border_color=\u201d#008EA8\u2033 button_border_radius=\u201d50px\u201d button_letter_spacing=\u201d1px\u201d button_use_icon=\u201doff\u201d custom_margin=\u201d||0px||false|false\u201d custom_padding=\u201d8px|30px|8px|30px|true|true\u201d locked=\u201doff\u201d global_colors_info=\u201d{}\u201d button_text_color__hover_enabled=\u201don|hover\u201d button_text_color__hover=\u201d#FFFFFF\u201d button_bg_color__hover_enabled=\u201don|hover\u201d button_bg_color__hover=\u201d#008EA8\u2033 button_bg_enable_color__hover=\u201don\u201d][\/et_pb_button][\/et_pb_column][\/et_pb_row][et_pb_row column_structure=\u201d1_4,3_4\u2033 make_equal=\u201don\u201d _builder_version=\u201d4.20.0\u2033 _module_preset=\u201ddefault\u201d width_tablet=\u201d90%\u201d width_phone=\u201d90%\u201d width_last_edited=\u201dsur|tablette\u201d custom_margin=\u201d||100px||false|false\u201d custom_margin_tablet=\u201d||80px||false|false\u201d custom_margin_phone=\u201d||80px||false|false\u201d custom_margin_last_edited=\u201dsur|tablette\u201d custom_padding=\u201d0px||0px||false|false\u201d custom_css_main_element=\u201dalign-items: center;\u201d global_colors_info=\u201d{}\u201d custom_css_main_element_last_edited=\u201dsur|tablette\u201d custom_css_main_element_tablet=\u201dalign-items: center;||display: flex;||column-gap: 30px;\u201d custom_css_main_element_phone=\u201ddisplay: block;\u201d][et_pb_column type=\u201d1_4\u2033 _builder_version=\u201d4.20.0\u2033 _module_preset=\u201ddefault\u201d global_colors_info=\u201d{}\u201d custom_css_main_element_last_edited=\u201don|tablet\u201d custom_css_main_element_tablet=\u201dwidth: 33.3%;||\u201d custom_css_main_element_phone=\u201dwidth: 33.3%;||\u201d][et_pb_image src=\u201dhttps:\/\/vigilantbiosciences.com\/wp-content\/uploads\/WhiteOwlLogo-square.png\u201d alt=\u201dLogo de White Owl Capital Partners\u201d title_text=\u201dLogo de White Owl Capital Partners\u201d align_tablet=\u201d\u201d align_phone=\u201dcenter\u201d align_last_edited=\u201don|phone\u201d _builder_version=\u201d4.20.0\u2033 _module_preset=\u201ddefault\u201d max_width_tablet=\u201d\u201d max_width_phone=\u201d70%\u201d max_width_last_edited=\u201don|tablet\u201d global_colors_info=\u201d{}\u201d][\/et_pb_image][\/et_pb_column][et_pb_column type=\u201d3_4\u2033 _builder_version=\u201d4.20.0\u2033 _module_preset=\u201ddefault\u201d global_colors_info=\u201d{}\u201d][et_pb_text _builder_version=\u201d4.20.0\u2033 _module_preset=\u201ddefault\u201d text_orientation_tablet=\u201d\u201d text_orientation_phone=\u201dcenter\u201d text_orientation_last_edited=\u201don|phone\u201d global_colors_info=\u201d{}\u201d]<\/p>\n<p>White Owl Capital Partners est une soci\u00e9t\u00e9 d&#039;investissement priv\u00e9e bas\u00e9e \u00e0 New York qui se concentre sur la recherche d&#039;entrepreneurs exceptionnels et leur fournit le capital et les conseils n\u00e9cessaires pour les aider \u00e0 cr\u00e9er de grandes entreprises. Les investissements de White Owl couvrent plusieurs secteurs (technologie, sant\u00e9, m\u00e9dias, banque, logistique et \u00e9nergie) et r\u00e9gions g\u00e9ographiques (\u00c9tats-Unis, Canada, Royaume-Uni, Russie, Chine).<\/p>\n<p>[\/et_pb_text][et_pb_button button_url=\u201dhttps:\/\/www.whiteowlcap.com\/\u201d url_new_window=\u201don\u201d button_text=\u201dEn savoir plus\u201d button_alignment_tablet=\u201d\u201d button_alignment_phone=\u201dcenter\u201d button_alignment_last_edited=\u201don|phone\u201d _builder_version=\u201d4.20.0\u2033 _module_preset=\u201ddefault\u201d custom_button=\u201don\u201d button_text_size=\u201d16px\u201d button_text_color=\u201d#008EA8\u2033 button_border_width=\u201d2px\u201d button_border_color=\u201d#008EA8\u2033 button_border_radius=\u201d50px\u201d button_letter_spacing=\u201d1px\u201d button_use_icon=\u201doff\u201d custom_margin=\u201d||0px||false|false\u201d custom_padding=\u201d8px|30px|8px|30px|true|true\u201d locked=\u201doff\u201d global_colors_info=\u201d{}\u201d button_text_color__hover_enabled=\u201don|hover\u201d button_text_color__hover=\u201d#FFFFFF\u201d button_bg_color__hover_enabled=\u201don|hover\u201d button_bg_color__hover=\u201d#008EA8\u2033 button_bg_enable_color__hover=\u201don\u201d][\/et_pb_button][\/et_pb_column][\/et_pb_row][et_pb_row column_structure=\u201d1_4,3_4\u2033 make_equal=\u201don\u201d _builder_version=\u201d4.20.0\u2033 _module_preset=\u201ddefault\u201d width_tablet=\u201d90%\u201d width_phone=\u201d90%\u201d width_last_edited=\u201dsur|tablette\u201d custom_margin=\u201d||100px||false|false\u201d custom_margin_tablet=\u201d||0px||false|false\u201d custom_margin_phone=\u201d||0px||false|false\u201d custom_margin_last_edited=\u201dsur|tablette\u201d custom_padding=\u201d0px||0px||false|false\u201d custom_css_main_element=\u201dalign-items: center;\u201d global_colors_info=\u201d{}\u201d custom_css_main_element_last_edited=\u201dsur|tablette\u201d custom_css_main_element_tablet=\u201dalign-items: center;||display: flex;||column-gap: 30px;\u201d custom_css_main_element_phone=\u201ddisplay: block;\u201d][et_pb_column type=\u201d1_4\u2033 _builder_version=\u201d4.20.0\u2033 _module_preset=\u201ddefault\u201d global_colors_info=\u201d{}\u201d custom_css_main_element_last_edited=\u201don|tablet\u201d custom_css_main_element_tablet=\u201dwidth: 33.3%;||\u201d custom_css_main_element_phone=\u201dwidth: 33.3%;||\u201d][et_pb_image src=\u201dhttps:\/\/vigilantbiosciences.com\/wp-content\/uploads\/logo.png\u201d alt=\u201dLogo de l\u2019Institut de commercialisation des technologies de Floride\u201d title_text=\u201dLogo de l\u2019Institut de commercialisation des technologies de Floride\u201d align_tablet=\u201d\u201d align_phone=\u201dcenter\u201d align_last_edited=\u201don|phone\u201d _builder_version=\u201d4.20.0\u2033 _module_preset=\u201ddefault\u201d max_width_tablet=\u201d\u201d max_width_phone=\u201d70%\u201d max_width_last_edited=\u201don|tablet\u201d global_colors_info=\u201d{}\u201d][\/et_pb_image][\/et_pb_column][et_pb_column type=\u201d3_4\u2033 _builder_version=\u201d4.20.0\u2033 _module_preset=\u201ddefault\u201d global_colors_info=\u201d{}\u201d][et_pb_text _builder_version=\u201d4.20.0\u2033 _module_preset=\u201ddefault\u201d text_orientation_tablet=\u201d\u201d text_orientation_phone=\u201dcenter\u201d text_orientation_last_edited=\u201don|phone\u201d global_colors_info=\u201d{}\u201d]<\/p>\n<p>Cr\u00e9\u00e9 par la l\u00e9gislature de Floride en 2007, le Florida Institute for the Commercialization of Public Research est une organisation \u00e0 but non lucratif qui travaille en collaboration avec les bureaux de licences et de commercialisation des technologies des universit\u00e9s d&#039;\u00c9tat de Floride et des instituts de recherche priv\u00e9s. Ensemble, ces entit\u00e9s exploitent une base de recherche $2B+ et forment des entreprises dans lesquelles investir qui cr\u00e9ent des emplois propres dans de nouveaux secteurs qui stimulent l&#039;\u00e9conomie mondiale.<\/p>\n<p>[\/et_pb_text][et_pb_button button_url=\u201dhttps:\/\/www.florida-institute.com\/\u201d url_new_window=\u201don\u201d button_text=\u201dEn savoir plus\u201d button_alignment_tablet=\u201d\u201d button_alignment_phone=\u201dcenter\u201d button_alignment_last_edited=\u201don|phone\u201d _builder_version=\u201d4.20.0\u2033 _module_preset=\u201ddefault\u201d custom_button=\u201don\u201d button_text_size=\u201d16px\u201d button_text_color=\u201d#008EA8\u2033 button_border_width=\u201d2px\u201d button_border_color=\u201d#008EA8\u2033 button_border_radius=\u201d50px\u201d button_letter_spacing=\u201d1px\u201d button_use_icon=\u201doff\u201d custom_margin=\u201d||0px||false|false\u201d custom_padding=\u201d8px|30px|8px|30px|true|true\u201d locked=\u201doff\u201d global_colors_info=\u201d{}\u201d button_text_color__hover_enabled=\u201don|hover\u201d button_text_color__hover=\u201d#FFFFFFF\u201d button_bg_color__hover_enabled=\u201don|hover\u201d button_bg_color__hover=\u201d#008EA8\u2033 button_bg_enable_color__hover=\u201don\u201d][\/et_pb_button][\/et_pb_column][\/et_pb_row][\/et_pb_section]<\/p>","protected":false},"excerpt":{"rendered":"<p>Investisseurs\u00a0: Vigilant Biosciences\u00ae est fier de collaborer avec les \u00e9quipes de Novalis Life Sciences, venVelo, White Owl Ventures et le Florida Institute for the Commercialization of Public Research. Novalis LifeSciences LLC est une soci\u00e9t\u00e9 d&#039;investissement et de conseil sp\u00e9cialis\u00e9e dans le secteur des sciences de la vie. Fond\u00e9e en 2017 par Marijn E. Dekkers, Novalis investit dans les PME [\u2026]<\/p>","protected":false},"author":1,"featured_media":0,"parent":0,"menu_order":6,"comment_status":"closed","ping_status":"closed","template":"","meta":{"_et_pb_use_builder":"on","_et_pb_old_content":"","_et_gb_content_width":"","inline_featured_image":false,"footnotes":""},"class_list":["post-96","page","type-page","status-publish","hentry"],"yoast_head":"<!-- This site is optimized with the Yoast SEO plugin v22.1 - https:\/\/yoast.com\/wordpress\/plugins\/seo\/ -->\n<title>Investors - Vigilant Biosciences\u00ae<\/title>\n<meta name=\"robots\" content=\"index, follow, max-snippet:-1, max-image-preview:large, max-video-preview:-1\" \/>\n<link rel=\"canonical\" href=\"https:\/\/vigilantbiosciences.com\/fr\/investisseurs\/\" \/>\n<meta property=\"og:locale\" content=\"fr_FR\" \/>\n<meta property=\"og:type\" content=\"article\" \/>\n<meta property=\"og:title\" content=\"Investors - Vigilant Biosciences\u00ae\" \/>\n<meta property=\"og:description\" content=\"Patient Resources Understanding the Risk of Oral CancerThe Impact of Oral Cancer In the US alone, oral cancer kills an average one person per hour, 24 hours per day.1Oral cancer is a global challenge with more than 657,000 cases and nearly 330,000 deaths each year1Worldwide 5-year survival rate is only 50% due to delayed intervention [&hellip;]\" \/>\n<meta property=\"og:url\" content=\"https:\/\/vigilantbiosciences.com\/fr\/investisseurs\/\" \/>\n<meta property=\"og:site_name\" content=\"Vigilant Biosciences\u00ae\" \/>\n<meta property=\"article:publisher\" content=\"https:\/\/www.facebook.com\/VigilantBiosciences1\" \/>\n<meta property=\"article:modified_time\" content=\"2023-03-20T20:11:43+00:00\" \/>\n<meta name=\"twitter:card\" content=\"summary_large_image\" \/>\n<meta name=\"twitter:label1\" content=\"Dur\u00e9e de lecture estim\u00e9e\" \/>\n\t<meta name=\"twitter:data1\" content=\"3 minutes\" \/>\n<script type=\"application\/ld+json\" class=\"yoast-schema-graph\">{\"@context\":\"https:\/\/schema.org\",\"@graph\":[{\"@type\":\"WebPage\",\"@id\":\"https:\/\/vigilantbiosciences.com\/investors\/\",\"url\":\"https:\/\/vigilantbiosciences.com\/investors\/\",\"name\":\"Investors - Vigilant Biosciences\u00ae\",\"isPartOf\":{\"@id\":\"https:\/\/vigilantbiosciences.com\/#website\"},\"datePublished\":\"2023-02-28T17:35:36+00:00\",\"dateModified\":\"2023-03-20T20:11:43+00:00\",\"breadcrumb\":{\"@id\":\"https:\/\/vigilantbiosciences.com\/investors\/#breadcrumb\"},\"inLanguage\":\"fr-FR\",\"potentialAction\":[{\"@type\":\"ReadAction\",\"target\":[\"https:\/\/vigilantbiosciences.com\/investors\/\"]}]},{\"@type\":\"BreadcrumbList\",\"@id\":\"https:\/\/vigilantbiosciences.com\/investors\/#breadcrumb\",\"itemListElement\":[{\"@type\":\"ListItem\",\"position\":1,\"name\":\"Home\",\"item\":\"https:\/\/vigilantbiosciences.com\/\"},{\"@type\":\"ListItem\",\"position\":2,\"name\":\"Investors\"}]},{\"@type\":\"WebSite\",\"@id\":\"https:\/\/vigilantbiosciences.com\/#website\",\"url\":\"https:\/\/vigilantbiosciences.com\/\",\"name\":\"Vigilant Biosciences\u00ae\",\"description\":\"\",\"publisher\":{\"@id\":\"https:\/\/vigilantbiosciences.com\/#organization\"},\"potentialAction\":[{\"@type\":\"SearchAction\",\"target\":{\"@type\":\"EntryPoint\",\"urlTemplate\":\"https:\/\/vigilantbiosciences.com\/?s={search_term_string}\"},\"query-input\":\"required name=search_term_string\"}],\"inLanguage\":\"fr-FR\"},{\"@type\":\"Organization\",\"@id\":\"https:\/\/vigilantbiosciences.com\/#organization\",\"name\":\"Vigilant Biosciences\u00ae\",\"url\":\"https:\/\/vigilantbiosciences.com\/\",\"logo\":{\"@type\":\"ImageObject\",\"inLanguage\":\"fr-FR\",\"@id\":\"https:\/\/vigilantbiosciences.com\/#\/schema\/logo\/image\/\",\"url\":\"https:\/\/vigilantbiosciences.com\/wp-content\/uploads\/vigilant-logo-horizontal.svg\",\"contentUrl\":\"https:\/\/vigilantbiosciences.com\/wp-content\/uploads\/vigilant-logo-horizontal.svg\",\"width\":\"1024\",\"height\":\"1024\",\"caption\":\"Vigilant Biosciences\u00ae\"},\"image\":{\"@id\":\"https:\/\/vigilantbiosciences.com\/#\/schema\/logo\/image\/\"},\"sameAs\":[\"https:\/\/www.facebook.com\/VigilantBiosciences1\",\"https:\/\/www.linkedin.com\/company\/vigilant-biosciences\/\"]}]}<\/script>\n<!-- \/ Yoast SEO plugin. -->","yoast_head_json":{"title":"Investors - Vigilant Biosciences\u00ae","robots":{"index":"index","follow":"follow","max-snippet":"max-snippet:-1","max-image-preview":"max-image-preview:large","max-video-preview":"max-video-preview:-1"},"canonical":"https:\/\/vigilantbiosciences.com\/fr\/investisseurs\/","og_locale":"fr_FR","og_type":"article","og_title":"Investors - Vigilant Biosciences\u00ae","og_description":"Patient Resources Understanding the Risk of Oral CancerThe Impact of Oral Cancer In the US alone, oral cancer kills an average one person per hour, 24 hours per day.1Oral cancer is a global challenge with more than 657,000 cases and nearly 330,000 deaths each year1Worldwide 5-year survival rate is only 50% due to delayed intervention [&hellip;]","og_url":"https:\/\/vigilantbiosciences.com\/fr\/investisseurs\/","og_site_name":"Vigilant Biosciences\u00ae","article_publisher":"https:\/\/www.facebook.com\/VigilantBiosciences1","article_modified_time":"2023-03-20T20:11:43+00:00","twitter_card":"summary_large_image","twitter_misc":{"Dur\u00e9e de lecture estim\u00e9e":"3 minutes"},"schema":{"@context":"https:\/\/schema.org","@graph":[{"@type":"WebPage","@id":"https:\/\/vigilantbiosciences.com\/investors\/","url":"https:\/\/vigilantbiosciences.com\/investors\/","name":"Investors - Vigilant Biosciences\u00ae","isPartOf":{"@id":"https:\/\/vigilantbiosciences.com\/#website"},"datePublished":"2023-02-28T17:35:36+00:00","dateModified":"2023-03-20T20:11:43+00:00","breadcrumb":{"@id":"https:\/\/vigilantbiosciences.com\/investors\/#breadcrumb"},"inLanguage":"fr-FR","potentialAction":[{"@type":"ReadAction","target":["https:\/\/vigilantbiosciences.com\/investors\/"]}]},{"@type":"BreadcrumbList","@id":"https:\/\/vigilantbiosciences.com\/investors\/#breadcrumb","itemListElement":[{"@type":"ListItem","position":1,"name":"Home","item":"https:\/\/vigilantbiosciences.com\/"},{"@type":"ListItem","position":2,"name":"Investors"}]},{"@type":"WebSite","@id":"https:\/\/vigilantbiosciences.com\/#website","url":"https:\/\/vigilantbiosciences.com\/","name":"Vigilant Biosciences\u00ae","description":"","publisher":{"@id":"https:\/\/vigilantbiosciences.com\/#organization"},"potentialAction":[{"@type":"SearchAction","target":{"@type":"EntryPoint","urlTemplate":"https:\/\/vigilantbiosciences.com\/?s={search_term_string}"},"query-input":"required name=search_term_string"}],"inLanguage":"fr-FR"},{"@type":"Organization","@id":"https:\/\/vigilantbiosciences.com\/#organization","name":"Vigilant Biosciences\u00ae","url":"https:\/\/vigilantbiosciences.com\/","logo":{"@type":"ImageObject","inLanguage":"fr-FR","@id":"https:\/\/vigilantbiosciences.com\/#\/schema\/logo\/image\/","url":"https:\/\/vigilantbiosciences.com\/wp-content\/uploads\/vigilant-logo-horizontal.svg","contentUrl":"https:\/\/vigilantbiosciences.com\/wp-content\/uploads\/vigilant-logo-horizontal.svg","width":"1024","height":"1024","caption":"Vigilant Biosciences\u00ae"},"image":{"@id":"https:\/\/vigilantbiosciences.com\/#\/schema\/logo\/image\/"},"sameAs":["https:\/\/www.facebook.com\/VigilantBiosciences1","https:\/\/www.linkedin.com\/company\/vigilant-biosciences\/"]}]}},"_links":{"self":[{"href":"https:\/\/vigilantbiosciences.com\/fr\/wp-json\/wp\/v2\/pages\/96","targetHints":{"allow":["GET"]}}],"collection":[{"href":"https:\/\/vigilantbiosciences.com\/fr\/wp-json\/wp\/v2\/pages"}],"about":[{"href":"https:\/\/vigilantbiosciences.com\/fr\/wp-json\/wp\/v2\/types\/page"}],"author":[{"embeddable":true,"href":"https:\/\/vigilantbiosciences.com\/fr\/wp-json\/wp\/v2\/users\/1"}],"replies":[{"embeddable":true,"href":"https:\/\/vigilantbiosciences.com\/fr\/wp-json\/wp\/v2\/comments?post=96"}],"version-history":[{"count":0,"href":"https:\/\/vigilantbiosciences.com\/fr\/wp-json\/wp\/v2\/pages\/96\/revisions"}],"wp:attachment":[{"href":"https:\/\/vigilantbiosciences.com\/fr\/wp-json\/wp\/v2\/media?parent=96"}],"curies":[{"name":"wp","href":"https:\/\/api.w.org\/{rel}","templated":true}]}}