{"id":78,"date":"2023-02-28T15:12:03","date_gmt":"2023-02-28T15:12:03","guid":{"rendered":"https:\/\/vigilantbio.wpengine.com\/?page_id=78"},"modified":"2024-08-13T20:55:48","modified_gmt":"2024-08-13T20:55:48","slug":"about","status":"publish","type":"page","link":"https:\/\/vigilantbiosciences.com\/fr\/a-propos\/","title":{"rendered":"\u00c0 propos"},"content":{"rendered":"<p>[et_pb_section fb_built=\u201d1\u2033 custom_padding_last_edited=\u201don|phone\u201d _builder_version=\u201d4.24.0\u2033 _module_preset=\u201ddefault\u201d use_background_color_gradient=\u201don\u201d background_color_gradient_stops=\u201drgba(0,142,168,0.5) 0%|rgba(0,142,168,0.5) 100%\u201d background_image=\u201dhttps:\/\/vigilantbiosciences.com\/wp-content\/uploads\/test-1.png\u201d custom_padding=\u201d100px||100px||true|false\u201d custom_padding_tablet=\u201d80px||80px||true|false\u201d custom_padding_phone=\u201d50px||50px||true|false\u201d global_colors_info=\u201d{}\u201d][et_pb_row _builder_version=\u201d4.20.0\u2033 _module_preset=\u201dpar d\u00e9faut\u201d width=\u201d90%\u201d global_colors_info=\u201d{}\u201d][et_pb_column type=\u201d4_4\u2033 _builder_version=\u201d4.20.0\u2033 _module_preset=\u201dpar d\u00e9faut\u201d global_colors_info=\u201d{}\u201d][et_pb_text _builder_version=\u201d4.20.4\u2033 _module_preset=\u201dpar d\u00e9faut\u201d header_font=\u201d|600|||||||\u201d header_letter_spacing=\u201d-3px\u201d text_orientation=\u201dcentre\u201d background_layout=\u201dsombre\u201d global_colors_info=\u201d{}\u201d]<\/p>\n<h1>\u00c0 propos<\/h1>\n<p>[\/et_pb_text][\/et_pb_column][\/et_pb_row][\/et_pb_section][et_pb_section fb_built=\u201d1\u2033 custom_padding_last_edited=\u201don|tablet\u201d _builder_version=\u201d4.20.0\u2033 _module_preset=\u201ddefault\u201d custom_margin=\u201d||||false |false\u201d custom_padding=\u201d80px||80px||true|false\u201d custom_padding_tablet=\u201d50px||50px||true|false\u201d custom_padding_phone=\u201d50px||50px||true|false\u201d global_colors_info=\u201d{}\u201d][ et_pb_row _builder_version=\u201d4.20.0\u2033 _module_preset=\u201ddefault\u201d width=\u201d90%\u201d global_colors_info=\u201d{}\u201d][et_pb_column type=\u201d4_4\u2033 _builder_version=\u201d4.20.0\u2033 _module_preset=\u201ddefault\u201d global_colors_info=\u201d{}\u201d ][et_pb_text _builder_version=\u201d4.20.4\u2033 _module_preset=\u201ddefault\u201d text_orientation=\u201dcenter\u201d global_colors_info=\u201d{}\u201d]<\/p>\n<h2 class=\" translation-block\">Transformer la d\u00e9tection. Am\u00e9liorer des vies.\u2122<\/h2>\n<p>[\/et_pb_text][\/et_pb_column][\/et_pb_row][\/et_pb_section][et_pb_section fb_built=\u201d1\u2033 admin_label=\u201dSection\u201d _builder_version=\u201d4.20.4\u2033 _module_preset=\u201ddefault\u201d width=\u201d100%\u201d max_width=\u201d100%\u201d custom_margin=\u201d0px||0px||false|false\u201d custom_padding=\u201d0px||0px||false|false\u201d verrouill\u00e9=\u201doff\u201d global_colors_info=\u201d{}\u201d][et_pb_row column_structure=\u201d1_2,1_2\u2033 use_custom_gutter=\u201d on\u201d gutter_width=\u201d1\u2033 make_equal=\u201don\u201d custom_padding_last_edited=\u201don|tablet\u201d module_class=\u201dreverse\u201d _builder_version=\u201d4.20.0\u2033 _module_preset=\u201ddefault\u201d width=\u201d100%\u201d max_width=\u201d100%\u201d min_height=\u201d400px &quot; custom_padding = &quot; 0px | |phone&quot; custom_css_main_element_tablet=&quot;affichage\u00a0: flex\u00a0;&quot; custom_css_main_element_phone=\u201ddisplay: block;\u201d][et_pb_column type=\u201d1_2\u2033 admin_label=\u201dColumn\u201d _builder_version=\u201d4.20.0\u2033 _module_preset=\u201ddefault\u201d background_image=\u201dhttps:\/\/vigilantbiosciences.com\/wp-content\/uploads\/ iStock-1266812277-sized.jpg\u201d custom_padding=\u201d0px|0px|0px|0px|true|true\u201d custom_padding_tablet=\u201d105px|80px|105px|80px|true|true\u201d custom_padding_phone=\u201d80px|80px|80px|80px|true |true\u201d custom_padding_last_edited=\u201dsur|tablette\u201d global_colors_info=\u201d{}\u201d][\/et_pb_column][et_pb_column type=\u201d1_2\u2033 _builder_version=\u201d4.20.0\u2033 _module_preset=\u201ddefault\u201d custom_padding=\u201d80px|80px|80px|80px |true|true\u201d custom_padding_tablet=\u201d50px|50px|50px|50px|true|true\u201d custom_padding_phone=\u201d30px|30px|30px|30px|true|true\u201d custom_padding_last_edited=\u201dsur|t\u00e9l\u00e9phone\u201d custom_css_main_element=\u201daffichage\u00a0: flex;| |flex-direction: colonne;||justify-content: center;&quot; global_colors_info=\u201d{}\u201d][et_pb_text _builder_version=\u201d4.20.4\u2033 _module_preset=\u201ddefault\u201d custom_margin=\u201d||10px||false|false\u201d custom_padding=\u201d||0px||false|false\u201d global_colors_info=\u201d{} \u00bb]<\/p>\n<h3 class=\" translation-block\">Cr\u00e9er un monde o\u00f9 le cancer de la bouche n&#039;a aucune chance de se battre.\u2122<\/h3>\n<p>[\/et_pb_text][et_pb_text _builder_version=\u201d4.20.4\u2033 _module_preset=\u201ddefault\u201d custom_margin=\u201d||30px||false|false\u201d custom_padding=\u201d||0px||false|true\u201d global_colors_info=\u201d{}\u201d]<\/p>\n<p>Vigilant Biosciences\u00ae est \u00e0 la pointe du d\u00e9veloppement de solutions de pointe qui acc\u00e9l\u00e8rent la d\u00e9tection du cancer de la bouche. Notre solution au point de service est simple, pr\u00e9cise et rentable. Nous donnons aux cliniciens les moyens d\u2019am\u00e9liorer les r\u00e9sultats pour les patients gr\u00e2ce \u00e0 une intervention pr\u00e9coce.<\/p>\n<p>Le syst\u00e8me innovant BeVigilant OraFusion utilise une technologie brevet\u00e9e qui d\u00e9tecte des marqueurs prot\u00e9iques sp\u00e9cifiques cliniquement d\u00e9montr\u00e9s comme \u00e9tant associ\u00e9s aux cancers de la bouche \u00e0 un stade pr\u00e9coce.<\/p>\n<p>En savoir plus sur notre technologie :<\/p>\n<p>[\/et_pb_text][et_pb_button button_url=\u201d@ET-DC@eyJkeW5hbWljIjp0cnVlLCJjb250ZW50IjoicG9zdF9saW5rX3VybF9wYWdlIiwic2V0dGluZ3MiOnsicG9zdF9pZCI6IjEzMCJ9fQ==@\u201d bouton_ text=\u201dD\u00e9couvrir\u201d _builder_version=\u201d4.20.0\u2033 _dynamic_attributes=\u201dbutton_url\u201d _module_preset=\u201ddefault\u201d custom_button=\u201don\u201d button_text_size=\u201d16px &quot; button_text_color = &quot;#008EA8&quot; bouton_border_width = &quot;2px&quot; bouton_border_color = &quot;#008EA8&quot; bouton_border_radius = &quot;50px&quot; bouton_letter_spacing = &quot;1px&quot; bouton_use_icon = &quot;off&quot; custom_margin = &quot;0px||0px||false|false&quot; custom_padding=&quot;8px|30px |8px|30px|true|true\u201d global_colors_info=\u201d{}\u201d Button_text_color__hover_enabled=\u201don|hover\u201d Button_text_color__hover=\u201d#FFFFFF\u201d Button_bg_color__hover_enabled=\u201don|hover\u201d Button_bg_color__hover=\u201d#008EA8\u2033 Button_bg_enable_color__hover=\u201don\u201d][ \/et_pb_button][ \/et_pb_column][\/et_pb_row][\/et_pb_section][et_pb_section fb_built=\u201d1\u2033 custom_padding_last_edited=\u201don|phone\u201d _builder_version=\u201d4.20.4\u2033 _module_preset=\u201ddefault\u201d background_enable_image=\u201doff\u201d width=\u201d100%\u201d max_width=\u201d 100%\u201d custom_padding=\u201d70px||70px||true|false\u201d custom_padding_tablet=\u201d80px||80px||true|false\u201d custom_padding_phone=\u201d50px||50px||true|false\u201d global_colors_info=\u201d{}\u201d][et_pb_row _builder_version=\u201d4.20.0\u2033 _module_preset=\u201ddefault\u201d width=\u201d90%\u201d global_colors_info=\u201d{}\u201d][et_pb_column type=\u201d4_4\u2033 _builder_version=\u201d4.20.0\u2033 _module_preset=\u201ddefault\u201d global_colors_info=\u201d{}\u201d] [et_pb_text module_class=\u201dcta\u201d _builder_version=\u201d4.20.4\u2033 _module_preset=\u201ddefault\u201d text_text_color=\u201d#FFFFFF\u201d header_2_text_color=\u201d#707272\u2033 header_2_font_size=\u201d60px\u201d text_orientation=\u201dcenter\u201d background_layout=\u201ddark\u201d header_2_font_size_tablet = &quot;48px&quot; header_2_font_size_phone =\u201d40px\u201d header_2_font_size_last_edit=\u201dsur|t\u00e9l\u00e9phone\u201d global_colors_info=\u201d{}\u201d]<\/p>\n<h2 class=\" translation-block\"><strong>Ensemble,<\/strong> pour transformer la d\u00e9tection pr\u00e9coce du cancer de la bouche.<\/h2>\n<p>[\/et_pb_text][\/et_pb_column][\/et_pb_row][\/et_pb_section][et_pb_section fb_built=\u201d1\u2033 _builder_version=\u201d4.20.4\u2033 _module_preset=\u201ddefault\u201d custom_margin=\u201d0px||0px||true|false\u201d custom_padding= \u201d0px||0px||true|false\u201d global_colors_info=\u201d{}\u201d][et_pb_row column_structure=\u201d1_2,1_2\u2033 use_custom_gutter=\u201don\u201d gutter_width=\u201d1\u2033 make_equal=\u201don\u201d _builder_version=\u201d4.20.4\u2033 _module_preset =\u201ddefault\u201d z_index=\u201d1\u2033 width=\u201d100%\u201d max_width=\u201d100%\u201d custom_padding=\u201d0px||0px||true|false\u201d global_colors_info=\u201d{}\u201d custom_css_main_element_last_edited=\u201don|phone\u201d custom_css_main_element_tablet=\u201daffichage\u00a0: fl\u00e9chir;&quot; custom_css_main_element_phone=\u201ddisplay: block;\u201d][et_pb_column type=\u201d1_2\u2033 _builder_version=\u201d4.20.4\u2033 _module_preset=\u201ddefault\u201d background_color=\u201drgba(0,142,168,0.1)\u201d positionnement=\u201dnone\u201d custom_padding=\u201d80px|30px| 80px|80px|true|false\u201d custom_padding_tablet=\u201d50px|30px|50px|30px|true|true\u201d custom_padding_phone=\u201d|||20px|true|false\u201d custom_padding_last_edited=\u201dsur|tablette\u201d global_colors_info=\u201d{}\u201d custom_css_main_element_last_edited= \u201dsur|t\u00e9l\u00e9phone\u201d][et_pb_text module_class=\u201dbdr-right\u201d _builder_version=\u201d4.20.4\u2033 _module_preset=\u201ddefault\u201d custom_margin=\u201d||||false|false\u201d custom_padding=\u201d||||false|false\u201d global_colors_info =\u201d{}\u201d]<\/p>\n<h2>Notre mission<\/h2>\n<p>[\/et_pb_text][et_pb_text _builder_version=\u201d4.20.4\u2033 _module_preset=\u201ddefault\u201d text_text_color=\u201d#707272\u2033 text_font_size=\u201d30px\u201d custom_margin=\u201d||50px||false|false\u201d custom_padding=\u201d||||false|false &quot; custom_css_main_element = &quot; hauteur de ligne : 1,2 em ; &quot; global_colors_info=\u201d{}\u201d]<\/p>\n<p class=\" translation-block\"><em><span style=\"text-decoration: underline\">Sauver des vies<\/span><\/em> en fournissant des solutions <em><span style=\"text-decoration: underline\">de d\u00e9tection pr\u00e9coce<\/span><\/em> du cancer de classe mondiale.<\/p>\n<p>[\/et_pb_text][et_pb_text _builder_version=\u201d4.20.4\u2033 _module_preset=\u201ddefault\u201d global_colors_info=\u201d{}\u201d]<\/p>\n<h3>Notre premier produit de d\u00e9tection pr\u00e9coce du cancer\u00a0:<\/h3>\n<p>[\/et_pb_text][et_pb_text _builder_version=\u201d4.23.1\u2033 _module_preset=\u201ddefault\u201d text_text_color=\u201d#707272\u2033 text_font_size=\u201d20px\u201d global_colors_info=\u201d{}\u201d]<\/p>\n<p>Le <strong>Syst\u00e8me BeVigilant OraFusion<\/strong>\u00a0aide les cliniciens \u00e0 identifier les patients \u00e0 risque de cancer de la bouche.<\/p>\n<p>[\/et_pb_text][et_pb_image src=\u201dhttps:\/\/vigilantbiosciences.com\/wp-content\/uploads\/vigilant-logo-horizontal.svg\u201d alt=\u201dLogo Vigilant Biosciences\u00ae\u201d title_text=\u201dvigilant-logo-horizontal\u201d align_tablet= \u201dgauche\u201d align_phone=\u201dcenter\u201d align_last_edited=\u201don|tablet\u201d _builder_version=\u201d4.20.4\u2033 _module_preset=\u201ddefault\u201d width=\u201d250px\u201d width_tablet=\u201d250px\u201d width_phone=\u201d300px\u201d width_last_edited=\u201don|phone\u201d hauteur =\u201d57px\u201d height_tablet=\u201d57px\u201d height_phone=\u201d28px\u201d height_last_edited=\u201don|phone\u201d custom_margin=\u201d||||false|false\u201d custom_margin_tablet=\u201d-10px||0px||false|false\u201d custom_margin_phone=\u201d0px ||0px||false|false\u201d custom_margin_last_edited=\u201don|phone\u201d custom_padding=\u201d50px||0px||false|false\u201d global_colors_info=\u201d{}\u201d][\/et_pb_image][\/et_pb_column][et_pb_column type=\u201d1_2 \u2033 _builder_version=\u201d4.20.4\u2033 _module_preset=\u201ddefault\u201d background_image=\u201dhttps:\/\/vigilantbiosciences.com\/wp-content\/uploads\/VigilantNewSiteImages.jpg\u201d positionnement=\u201dnone\u201d z_index=\u201d1\u2033 global_colors_info=\u201d{}\u201d custom_css_main_element_last_edited=\u201don|phone\u201d][et_pb_divider show_divider=\u201doff\u201d Disabled_on=\u201doff|on|on\u201d _builder_version=\u201d4.20.4\u2033 _module_preset=\u201ddefault\u201d custom_padding=\u201d100px||100px||true|false\u201d global_colors_info =\u201d{}\u201d][\/et_pb_divider][\/et_pb_column][\/et_pb_row][\/et_pb_section][et_pb_section fb_built=\u201d1\u2033 custom_padding_last_edited=\u201dsur|tablette\u201d module_id=\u201dleadership\u201d _builder_version=\u201d4.20.4\u2033 _module_preset= \u201ddefault\u201d background_enable_color=\u201doff\u201d custom_padding=\u201d80px||60px||false|false\u201d custom_padding_tablet=\u201d70px||40px||false|false\u201d custom_padding_phone=\u201d50px||30px||false|false\u201d verrouill\u00e9 =\u201d off\u201d global_colors_info=\u201d{}\u201d][et_pb_row _builder_version=\u201d4.20.4\u2033 _module_preset=\u201ddefault\u201d width_tablet=\u201d90%\u201d width_phone=\u201d90%\u201d width_last_edited=\u201don|tablet\u201d custom_margin=\u201d||||false|false &quot; custom_padding = &quot; 0px | {}\u201d][et_pb_text _builder_version=\u201d4.20.4\u2033 _module_preset=\u201ddefault\u201d header_2_text_color=\u201d#F05323\u2033 text_orientation=\u201dcenter\u201d global_colors_info=\u201d{}\u201d]<\/p>\n<h2>Direction<\/h2>\n<p>[\/et_pb_text][et_pb_text _builder_version=\u201d4.20.0\u2033 _module_preset=\u201ddefault\u201d header_2_text_color=\u201d#008EA8\u2033 text_orientation=\u201dcenter\u201d global_colors_info=\u201d{}\u201d]<\/p>\n<p>Forte d&#039;une expertise clinique approfondie et de d\u00e9cennies d&#039;exp\u00e9rience en leadership dans le domaine du diagnostic des soins de sant\u00e9 et dans le domaine de l&#039;oncologie, l&#039;\u00e9quipe de direction de Vigilant Biosciences\u00ae s&#039;engage \u00e0 transformer la d\u00e9tection pr\u00e9coce du cancer de la bouche et \u00e0 am\u00e9liorer les r\u00e9sultats pour les patients.<\/p>\n<p>[\/et_pb_text][dipl_team_grid post_order=\u201dASC\u201d include_categories=\u201d5\u2033 grid_bg_color=\u201d#EBEBEB\u201d show_short_desc=\u201doff\u201d show_social_icon=\u201doff\u201d image_size=\u201dlarge\u201d onclick_trigger=\u201dopen_popup\u201d display_in_popup=\u201don|on|off| sur | off \u201dselect_layout =\u201d Layout4 \u2033 Number_Of_Columns = \u201d3 \u2033 Column_spacing =\u201d 30px \u201dNumber_of_Columns_Tablet =\u201d 2 \u2033 Number_of_Columns_Phone = \u201d1 \u2033 Number_of_Columns_Last_eDide niveau = \u201dh3\u2033 name_text_align=\u201dcenter\u201d name_font_size=\u201d22px\u201d popup_name_level=\u201dh3\u2033 popup_name_text_color=\u201d#F05323\u2033 popup_name_font_size=\u201d21px\u201d d\u00e9signation_text_align=\u201dcenter\u201d d\u00e9signation_font_size=\u201d15px\u201d popup_designation_text_color=\u201d#707272 \u2033 popup_designation_font_size=\u201d16px\u201d popup_description_font_size= \u201d15px\u201d popup_description_line_height=\u201d1.5em\u201d custom_margin=\u201d70px||0px||false|false\u201d global_colors_info=\u201d{}\u201d][\/dipl_team_grid][\/et_pb_column][\/et_pb_row][et_pb_row _builder_version=\u201d4.20.2\u2033 _module_preset=\u201ddefault\u201d custom_margin=\u201d||0px||false|false\u201d custom_padding=\u201d20px||0px||false|false\u201d verrouill\u00e9=\u201doff\u201d global_colors_info=\u201d{}\u201d][et_pb_column type=\u201d4_4\u2033 _builder_version =\u201d4.20.2\u2033 _module_preset=\u201ddefault\u201d global_colors_info=\u201d{}\u201d][et_pb_text _builder_version=\u201d4.20.2\u2033 _module_preset=\u201ddefault\u201d text_font_size=\u201d15px\u201d text_orientation=\u201dcenter\u201d global_colors_info=\u201d{}\u201d]<\/p>\n<p>*Donn\u00e9es cliniques au dossier<\/p>\n<p>[\/et_pb_text][\/et_pb_column][\/et_pb_row][\/et_pb_section]<\/p>","protected":false},"excerpt":{"rendered":"<p>\u00c0 propos deTransforming Detection. Improving Lives.\u2122Cr\u00e9er un monde o\u00f9 le cancer de la bouche n&#039;a aucune chance de se battre.\u2122Vigilant Biosciences\u00ae est \u00e0 la pointe du d\u00e9veloppement de solutions de pointe qui acc\u00e9l\u00e8rent la d\u00e9tection du cancer de la bouche. Notre solution au point de service est simple, pr\u00e9cise et rentable. Nous donnons aux cliniciens les moyens d&#039;am\u00e9liorer les r\u00e9sultats des patients gr\u00e2ce \u00e0 une intervention plus pr\u00e9coce. Le syst\u00e8me innovant BeVigilant OraFusion utilise une technologie brevet\u00e9e [\u2026]<\/p>","protected":false},"author":1,"featured_media":0,"parent":0,"menu_order":5,"comment_status":"closed","ping_status":"closed","template":"","meta":{"_et_pb_use_builder":"on","_et_pb_old_content":"","_et_gb_content_width":"","inline_featured_image":false,"footnotes":""},"class_list":["post-78","page","type-page","status-publish","hentry"],"yoast_head":"<!-- This site is optimized with the Yoast SEO plugin v22.1 - https:\/\/yoast.com\/wordpress\/plugins\/seo\/ -->\n<title>About - Vigilant Biosciences\u00ae<\/title>\n<meta name=\"description\" content=\"Visit us to learn about Vigilant Biosciences\u00ae, our mission, and the oral cancer screening technologies we provide.\" \/>\n<meta name=\"robots\" content=\"index, follow, max-snippet:-1, max-image-preview:large, max-video-preview:-1\" \/>\n<link rel=\"canonical\" href=\"https:\/\/vigilantbiosciences.com\/fr\/a-propos\/\" \/>\n<meta property=\"og:locale\" content=\"fr_FR\" \/>\n<meta property=\"og:type\" content=\"article\" \/>\n<meta property=\"og:title\" content=\"About - Vigilant Biosciences\u00ae\" \/>\n<meta property=\"og:description\" content=\"Visit us to learn about Vigilant Biosciences\u00ae, our mission, and the oral cancer screening technologies we provide.\" \/>\n<meta property=\"og:url\" content=\"https:\/\/vigilantbiosciences.com\/fr\/a-propos\/\" \/>\n<meta property=\"og:site_name\" content=\"Vigilant Biosciences\u00ae\" \/>\n<meta property=\"article:publisher\" content=\"https:\/\/www.facebook.com\/VigilantBiosciences1\" \/>\n<meta property=\"article:modified_time\" content=\"2024-08-13T20:55:48+00:00\" \/>\n<meta name=\"twitter:card\" content=\"summary_large_image\" \/>\n<meta name=\"twitter:label1\" content=\"Dur\u00e9e de lecture estim\u00e9e\" \/>\n\t<meta name=\"twitter:data1\" content=\"3 minutes\" \/>\n<script type=\"application\/ld+json\" class=\"yoast-schema-graph\">{\"@context\":\"https:\/\/schema.org\",\"@graph\":[{\"@type\":\"WebPage\",\"@id\":\"https:\/\/vigilantbiosciences.com\/about\/\",\"url\":\"https:\/\/vigilantbiosciences.com\/about\/\",\"name\":\"About - Vigilant Biosciences\u00ae\",\"isPartOf\":{\"@id\":\"https:\/\/vigilantbiosciences.com\/#website\"},\"datePublished\":\"2023-02-28T15:12:03+00:00\",\"dateModified\":\"2024-08-13T20:55:48+00:00\",\"description\":\"Visit us to learn about Vigilant Biosciences\u00ae, our mission, and the oral cancer screening technologies we provide.\",\"breadcrumb\":{\"@id\":\"https:\/\/vigilantbiosciences.com\/about\/#breadcrumb\"},\"inLanguage\":\"fr-FR\",\"potentialAction\":[{\"@type\":\"ReadAction\",\"target\":[\"https:\/\/vigilantbiosciences.com\/about\/\"]}]},{\"@type\":\"BreadcrumbList\",\"@id\":\"https:\/\/vigilantbiosciences.com\/about\/#breadcrumb\",\"itemListElement\":[{\"@type\":\"ListItem\",\"position\":1,\"name\":\"Home\",\"item\":\"https:\/\/vigilantbiosciences.com\/\"},{\"@type\":\"ListItem\",\"position\":2,\"name\":\"About\"}]},{\"@type\":\"WebSite\",\"@id\":\"https:\/\/vigilantbiosciences.com\/#website\",\"url\":\"https:\/\/vigilantbiosciences.com\/\",\"name\":\"Vigilant Biosciences\u00ae\",\"description\":\"\",\"publisher\":{\"@id\":\"https:\/\/vigilantbiosciences.com\/#organization\"},\"potentialAction\":[{\"@type\":\"SearchAction\",\"target\":{\"@type\":\"EntryPoint\",\"urlTemplate\":\"https:\/\/vigilantbiosciences.com\/?s={search_term_string}\"},\"query-input\":\"required name=search_term_string\"}],\"inLanguage\":\"fr-FR\"},{\"@type\":\"Organization\",\"@id\":\"https:\/\/vigilantbiosciences.com\/#organization\",\"name\":\"Vigilant Biosciences\u00ae\",\"url\":\"https:\/\/vigilantbiosciences.com\/\",\"logo\":{\"@type\":\"ImageObject\",\"inLanguage\":\"fr-FR\",\"@id\":\"https:\/\/vigilantbiosciences.com\/#\/schema\/logo\/image\/\",\"url\":\"https:\/\/vigilantbiosciences.com\/wp-content\/uploads\/vigilant-logo-horizontal.svg\",\"contentUrl\":\"https:\/\/vigilantbiosciences.com\/wp-content\/uploads\/vigilant-logo-horizontal.svg\",\"width\":\"1024\",\"height\":\"1024\",\"caption\":\"Vigilant Biosciences\u00ae\"},\"image\":{\"@id\":\"https:\/\/vigilantbiosciences.com\/#\/schema\/logo\/image\/\"},\"sameAs\":[\"https:\/\/www.facebook.com\/VigilantBiosciences1\",\"https:\/\/www.linkedin.com\/company\/vigilant-biosciences\/\"]}]}<\/script>\n<!-- \/ Yoast SEO plugin. -->","yoast_head_json":{"title":"About - Vigilant Biosciences\u00ae","description":"Visit us to learn about Vigilant Biosciences\u00ae, our mission, and the oral cancer screening technologies we provide.","robots":{"index":"index","follow":"follow","max-snippet":"max-snippet:-1","max-image-preview":"max-image-preview:large","max-video-preview":"max-video-preview:-1"},"canonical":"https:\/\/vigilantbiosciences.com\/fr\/a-propos\/","og_locale":"fr_FR","og_type":"article","og_title":"About - Vigilant Biosciences\u00ae","og_description":"Visit us to learn about Vigilant Biosciences\u00ae, our mission, and the oral cancer screening technologies we provide.","og_url":"https:\/\/vigilantbiosciences.com\/fr\/a-propos\/","og_site_name":"Vigilant Biosciences\u00ae","article_publisher":"https:\/\/www.facebook.com\/VigilantBiosciences1","article_modified_time":"2024-08-13T20:55:48+00:00","twitter_card":"summary_large_image","twitter_misc":{"Dur\u00e9e de lecture estim\u00e9e":"3 minutes"},"schema":{"@context":"https:\/\/schema.org","@graph":[{"@type":"WebPage","@id":"https:\/\/vigilantbiosciences.com\/about\/","url":"https:\/\/vigilantbiosciences.com\/about\/","name":"About - Vigilant Biosciences\u00ae","isPartOf":{"@id":"https:\/\/vigilantbiosciences.com\/#website"},"datePublished":"2023-02-28T15:12:03+00:00","dateModified":"2024-08-13T20:55:48+00:00","description":"Visit us to learn about Vigilant Biosciences\u00ae, our mission, and the oral cancer screening technologies we provide.","breadcrumb":{"@id":"https:\/\/vigilantbiosciences.com\/about\/#breadcrumb"},"inLanguage":"fr-FR","potentialAction":[{"@type":"ReadAction","target":["https:\/\/vigilantbiosciences.com\/about\/"]}]},{"@type":"BreadcrumbList","@id":"https:\/\/vigilantbiosciences.com\/about\/#breadcrumb","itemListElement":[{"@type":"ListItem","position":1,"name":"Home","item":"https:\/\/vigilantbiosciences.com\/"},{"@type":"ListItem","position":2,"name":"About"}]},{"@type":"WebSite","@id":"https:\/\/vigilantbiosciences.com\/#website","url":"https:\/\/vigilantbiosciences.com\/","name":"Vigilant Biosciences\u00ae","description":"","publisher":{"@id":"https:\/\/vigilantbiosciences.com\/#organization"},"potentialAction":[{"@type":"SearchAction","target":{"@type":"EntryPoint","urlTemplate":"https:\/\/vigilantbiosciences.com\/?s={search_term_string}"},"query-input":"required name=search_term_string"}],"inLanguage":"fr-FR"},{"@type":"Organization","@id":"https:\/\/vigilantbiosciences.com\/#organization","name":"Vigilant Biosciences\u00ae","url":"https:\/\/vigilantbiosciences.com\/","logo":{"@type":"ImageObject","inLanguage":"fr-FR","@id":"https:\/\/vigilantbiosciences.com\/#\/schema\/logo\/image\/","url":"https:\/\/vigilantbiosciences.com\/wp-content\/uploads\/vigilant-logo-horizontal.svg","contentUrl":"https:\/\/vigilantbiosciences.com\/wp-content\/uploads\/vigilant-logo-horizontal.svg","width":"1024","height":"1024","caption":"Vigilant Biosciences\u00ae"},"image":{"@id":"https:\/\/vigilantbiosciences.com\/#\/schema\/logo\/image\/"},"sameAs":["https:\/\/www.facebook.com\/VigilantBiosciences1","https:\/\/www.linkedin.com\/company\/vigilant-biosciences\/"]}]}},"_links":{"self":[{"href":"https:\/\/vigilantbiosciences.com\/fr\/wp-json\/wp\/v2\/pages\/78","targetHints":{"allow":["GET"]}}],"collection":[{"href":"https:\/\/vigilantbiosciences.com\/fr\/wp-json\/wp\/v2\/pages"}],"about":[{"href":"https:\/\/vigilantbiosciences.com\/fr\/wp-json\/wp\/v2\/types\/page"}],"author":[{"embeddable":true,"href":"https:\/\/vigilantbiosciences.com\/fr\/wp-json\/wp\/v2\/users\/1"}],"replies":[{"embeddable":true,"href":"https:\/\/vigilantbiosciences.com\/fr\/wp-json\/wp\/v2\/comments?post=78"}],"version-history":[{"count":0,"href":"https:\/\/vigilantbiosciences.com\/fr\/wp-json\/wp\/v2\/pages\/78\/revisions"}],"wp:attachment":[{"href":"https:\/\/vigilantbiosciences.com\/fr\/wp-json\/wp\/v2\/media?parent=78"}],"curies":[{"name":"wp","href":"https:\/\/api.w.org\/{rel}","templated":true}]}}