{"id":500,"date":"2023-09-21T20:32:48","date_gmt":"2023-09-21T20:32:48","guid":{"rendered":"https:\/\/vigilantbiosciences.com\/?page_id=500"},"modified":"2023-09-21T20:36:39","modified_gmt":"2023-09-21T20:36:39","slug":"privacy-policy","status":"publish","type":"page","link":"https:\/\/vigilantbiosciences.com\/fr\/politique-de-confidentialite\/","title":{"rendered":"politique de confidentialit\u00e9"},"content":{"rendered":"<p>[et_pb_section fb_built=\u201d1\u2033 custom_padding_last_edited=\u201don|phone\u201d _builder_version=\u201d4.22.1\u2033 _module_preset=\u201ddefault\u201d use_background_color_gradient=\u201don\u201d background_color_gradient_stops=\u201drgba(0,142,168,0.5) 0%|rgba(0,142,168, 0,5) 100%\u201d background_color_gradient_overlays_image=\u201don\u201d background_image=\u201d@ET-DC@eyJkeW5hbWljIjp0cnVlLCJjb250ZW50IjoicG9zdF9mZWF0dXJlZF9pbWFnZSIsInNldHRpbmdzIjp7fX0=@\u201d custom_padding=\u201d100px||100px||true| false \u00bb custom_padding_tablet = \u00bb80px||80px||true|false \u00bb custom_padding_phone= \u00bb50px||50px ||true|false\u201d hover_enabled=\u201d0\u2033 Colombod=\u201don\u201d global_colors_info=\u201d{}\u201d _dynamic_attributes=\u201dbackground_image\u201d sticky_enabled=\u201d0\u2033][et_pb_row _builder_version=\u201d4.20.0\u2033 _module_preset=\u201ddefault\u201d global_colors_info=\u201d {}\u201d][et_pb_column type=\u201d4_4\u2033 _builder_version=\u201d4.20.0\u2033 _module_preset=\u201ddefault\u201d global_colors_info=\u201d{}\u201d][et_pb_text _builder_version=\u201d4.22.1\u2033 _module_preset=\u201ddefault\u201d header_font=\u201d|600| ||||||\u201d header_letter_spacing=\u201d-3px\u201d text_orientation=\u201dcenter\u201d background_layout=\u201ddark\u201d hover_enabled=\u201d0\u2033 global_colors_info=\u201d{}\u201d sticky_enabled=\u201d0\u2033]<\/p>\n<h1>politique de confidentialit\u00e9<\/h1>\n<p>[\/et_pb_text][\/et_pb_column][\/et_pb_row][\/et_pb_section][et_pb_section fb_built=\u201d1\u2033 custom_padding_last_edited=\u201don|tablet\u201d _builder_version=\u201d4.20.0\u2033 _module_preset=\u201ddefault\u201d custom_margin=\u201d||0px|| false|false\u201d custom_padding=\u201d80px||20px||false|false\u201d custom_padding_tablet=\u201d50px||50px||true|false\u201d custom_padding_phone=\u201d50px||50px||true|false\u201d verrouill\u00e9=\u201doff\u201d collapsed= \u201don\u201d global_colors_info=\u201d{}\u201d][et_pb_row _builder_version=\u201d4.20.0\u2033 _module_preset=\u201ddefault\u201d width=\u201d90%\u201d custom_padding=\u201d||50px||false|false\u201d global_colors_info=\u201d{}\u201d][et_pb_column type=\u201d4_4\u2033 _builder_version=\u201d4.20.0\u2033 _module_preset=\u201ddefault\u201d global_colors_info=\u201d{}\u201d][et_pb_text _builder_version=\u201d4.22.1\u2033 _module_preset=\u201ddefault\u201d header_2_text_align=\u201dcenter\u201d header_3_text_align=\u201dcenter\u201d hover_enabled= \u201d0\u2033 sticky_enabled=\u201d0\u2033]<\/p>\n<p>Vigilant Biosciences\u00ae, Inc. (\u00ab Vigilant \u00bb, \u00ab nous \u00bb ou \u00ab nos \u00bb) prend tr\u00e8s au s\u00e9rieux la confidentialit\u00e9 et la protection de vos informations personnelles. En visitant le site Web Vigilant situ\u00e9 \u00e0<span>\u00a0<\/span><a href=\"https:\/\/web.archive.org\/web\/20230615211218\/https:\/\/vigilantbiosciences.com\/\">https:\/\/vigilantbiosciences.com<\/a><span>\u00a0<\/span>(le \u00ab Site Web \u00bb), vous reconnaissez que vous acceptez les pratiques et politiques d\u00e9crites dans la pr\u00e9sente Politique de confidentialit\u00e9.<\/p>\n<h2>Ce que couvre cette politique de confidentialit\u00e9<\/h2>\n<p>Cette politique de confidentialit\u00e9 d\u00e9crit l&#039;utilisation par Vigilant des informations personnelles et des informations anonymes que Vigilant collecte lorsque vous visitez et utilisez le site Web. Cette politique de confidentialit\u00e9 ne s&#039;applique pas \u00e0 l&#039;utilisation de vos informations personnelles par des tiers que Vigilant ne poss\u00e8de pas ou ne contr\u00f4le pas, ou \u00e0 des individus que Vigilant ne contr\u00f4le pas ou ne g\u00e8re pas.<\/p>\n<p>Les \u00ab\u00a0informations personnelles\u00a0\u00bb sont des informations vous concernant qui vous permettent de vous identifier personnellement, telles que votre nom, votre adresse, votre adresse e-mail ou votre num\u00e9ro de t\u00e9l\u00e9phone, ainsi que d&#039;autres informations non publiques associ\u00e9es \u00e0 ce qui pr\u00e9c\u00e8de.<\/p>\n<p>Les \u00ab informations anonymes \u00bb sont des informations qui ne sont pas associ\u00e9es ou li\u00e9es \u00e0 vos informations personnelles. Les informations anonymes ne permettent pas l\u2019identification de personnes individuelles.<\/p>\n<p>Vigilant collecte et utilise des informations personnelles et des informations anonymes comme d\u00e9crit dans la pr\u00e9sente politique de confidentialit\u00e9 aupr\u00e8s des visiteurs du site Web. Vigilant est propri\u00e9taire de toutes les informations collect\u00e9es sur le Site Internet.<\/p>\n<p>EN UTILISANT LE SITE WEB OU EN SOUMETTANT DES INFORMATIONS PERSONNELLES VIA LE SITE WEB, VOUS ACCEPTEZ LES TERMES DE CETTE POLITIQUE DE CONFIDENTIALIT\u00c9, VOUS CONSENTEZ EXPRESS\u00c9MENT AU TRAITEMENT DE VOS INFORMATIONS PERSONNELLES SELON CETTE POLITIQUE DE CONFIDENTIALIT\u00c9 ET VOUS ACCEPTEZ LES CONDITIONS D&#039;UTILISATION SITU\u00c9ES ICI. VOS INFORMATIONS PERSONNELLES PEUVENT \u00caTRE TRAIT\u00c9ES PAR VIGILANT DANS LE PAYS O\u00d9 ELLES ONT \u00c9T\u00c9 COLLECT\u00c9ES AINSI QUE DANS D&#039;AUTRES PAYS (Y COMPRIS LES \u00c9TATS-UNIS) O\u00d9 LES LOIS CONCERNANT LE TRAITEMENT DES INFORMATIONS PERSONNELLES PEUVENT \u00caTRE MOINS STRICTES QUE LES LOIS DE VOTRE PAYS.<\/p>\n<h2>Informations personnelles recueillies par Vigilant<\/h2>\n<p>Les informations personnelles que Vigilant recueille aupr\u00e8s de vous aident Vigilant \u00e0 en savoir plus sur les visiteurs du site Web. Vigilant collecte les informations personnelles suivantes que vous soumettez volontairement\u00a0:<\/p>\n<p>Lorsque vous demandez \u00e0 recevoir des informations sur Vigilant, Vigilant collectera les informations contenues dans votre e-mail ou que vous saisissez dans le formulaire de demande correspondant sur le site Web et le fait que vous \u00eates int\u00e9ress\u00e9 \u00e0 recevoir des informations sur Vigilant.<br \/>Lorsque vous contactez Vigilant en envoyant un e-mail, Vigilant collectera toutes les informations contenues dans votre e-mail, y compris, sans limitation, toutes les pi\u00e8ces jointes que vous envoyez \u00e0 Vigilant.<\/p>\n<p>Lorsque vous soumettez des informations \u00e0 Vigilant concernant vos ant\u00e9c\u00e9dents professionnels, vos listes de publications ou d&#039;autres informations, y compris des informations personnelles, dans le cadre d&#039;une candidature \u00e0 un emploi chez Vigilant, nous pouvons utiliser ces informations dans le but de d\u00e9terminer vos qualifications et pouvons contacter des tiers pour v\u00e9rifier leur validit\u00e9.<\/p>\n<h2>Informations personnelles collect\u00e9es via la technologie<\/h2>\n<p>Nous pouvons suivre le nombre total de visiteurs du site Web et le nombre de visiteurs de chaque page du site Web. Lorsque vous utilisez le site Web, certaines informations peuvent \u00e9galement \u00eatre collect\u00e9es de mani\u00e8re passive, notamment votre adresse de protocole Internet (IP), votre type de navigateur et votre syst\u00e8me d&#039;exploitation. Le site Web peut utiliser la technologie des cookies pour identifier les utilisateurs qui ont d\u00e9j\u00e0 visit\u00e9 notre site Web afin que l&#039;utilisateur soit reconnu \u00e0 son retour, lui permettant ainsi de gagner du temps lorsqu&#039;il visite notre site Web. Un cookie est une donn\u00e9e stock\u00e9e sur le disque dur de l&#039;utilisateur contenant des informations sur l&#039;utilisateur. L&#039;utilisation d&#039;un cookie n&#039;est en aucun cas li\u00e9e \u00e0 des informations personnelles identifiables sur le site Web. Une fois que l&#039;utilisateur ferme le navigateur, le cookie se termine simplement. Si un utilisateur refuse le cookie, il peut toujours utiliser le site Web. Un cookie peut \u00eatre plac\u00e9 par Vigilant, ou par des fournisseurs ou prestataires de services qui travaillent avec Vigilant ou les titulaires de licence ou partenaires de Vigilant.<\/p>\n<h2>Informations personnelles provenant d&#039;autres sources<\/h2>\n<p>Vigilant peut recevoir des informations personnelles vous concernant aupr\u00e8s de tiers. Vigilant peut ajouter ces informations aux informations qu&#039;il a d\u00e9j\u00e0 collect\u00e9es aupr\u00e8s de vous via le site Web.<\/p>\n<h2>Utilisation d\u2019autres informations recueillies par Vigilant<\/h2>\n<p>En g\u00e9n\u00e9ral, les informations personnelles que vous soumettez \u00e0 Vigilant sont utilis\u00e9es par Vigilant soit pour vous fournir les informations que vous avez demand\u00e9es, des informations sur les produits, pour am\u00e9liorer le site Web et pour mieux adapter les fonctionnalit\u00e9s, les performances et le support du site Web, et pour vous offrir des des informations ou des opportunit\u00e9s. Vigilant peut cr\u00e9er des enregistrements d&#039;informations anonymes \u00e0 partir d&#039;informations personnelles en excluant les informations (telles que votre nom) qui permettent de vous identifier personnellement. Vigilant peut utiliser ces informations anonymes \u00e0 toutes fins, y compris pour analyser les mod\u00e8les d&#039;utilisation afin d&#039;am\u00e9liorer le site Web. Vigilant se r\u00e9serve le droit d&#039;utiliser et de divulguer des informations anonymes \u00e0 des tiers \u00e0 sa discr\u00e9tion.<\/p>\n<h2>Retour<\/h2>\n<p>Si vous fournissez des commentaires \u00e0 Vigilant, Vigilant peut utiliser et divulguer ces commentaires \u00e0 quelque fin que ce soit\u00a0; cependant, Vigilant n&#039;associera pas ces commentaires \u00e0 vos informations personnelles. Vigilant collectera et poss\u00e9dera toutes les informations contenues dans ces commentaires, mais traitera les informations personnelles conform\u00e9ment \u00e0 la pr\u00e9sente politique de confidentialit\u00e9.<\/p>\n<h2>Divulgation de renseignements personnels<\/h2>\n<p>Sauf indication contraire dans la pr\u00e9sente Politique de confidentialit\u00e9, Vigilant n&#039;\u00e9change, ne loue ni ne partage vos informations personnelles avec des tiers, \u00e0 moins que vous ne demandiez ou n&#039;autorisiez Vigilant \u00e0 le faire.<\/p>\n<p>Vigilant peut fournir vos informations personnelles \u00e0 des fournisseurs ou prestataires de services tiers qui travaillent pour le compte ou avec Vigilant pour fournir certains services et fonctionnalit\u00e9s du site Web et pour aider Vigilant \u00e0 communiquer avec les visiteurs du site Web. Cependant, ces vendeurs et prestataires de services n&#039;ont aucun droit ind\u00e9pendant de partager ces informations (sauf en vertu d&#039;une exigence l\u00e9gale telle qu&#039;une assignation \u00e0 compara\u00eetre ou un mandat).<\/p>\n<p>Vigilant peut partager tout ou partie de vos informations personnelles avec toute soci\u00e9t\u00e9 actuelle ou future contr\u00f4lant, contr\u00f4l\u00e9e par ou sous contr\u00f4le commun avec Vigilant, y compris les partenaires de coentreprise.<\/p>\n<p>Si Vigilant traverse une transition commerciale telle qu&#039;une fusion, une acquisition par une autre soci\u00e9t\u00e9 ou la vente de tout ou partie de ses actifs, vos informations personnelles figureront probablement parmi les actifs transf\u00e9r\u00e9s. Vous reconnaissez que de tels transferts peuvent avoir lieu et que tout acqu\u00e9reur de Vigilant ou de ses actifs peut continuer \u00e0 utiliser vos informations personnelles comme indiqu\u00e9 dans la pr\u00e9sente politique de confidentialit\u00e9. Toute entit\u00e9 successeur sera li\u00e9e par cette politique de confidentialit\u00e9. Vous consentez par la pr\u00e9sente \u00e0 ce que Vigilant partage vos informations personnelles dans les circonstances ci-dessus.<\/p>\n<p>Vigilant peut divulguer vos informations personnelles si Vigilant estime de bonne foi qu&#039;une telle divulgation est n\u00e9cessaire pour se conformer aux lois et r\u00e9glementations ou aux autorit\u00e9s gouvernementales (telles que la communication de donn\u00e9es de s\u00e9curit\u00e9 \u00e0 la Food and Drug Administration des \u00c9tats-Unis), pour r\u00e9pondre aux assignations \u00e0 compara\u00eetre ou aux mandats signifi\u00e9s contre Vigilant, ou pour prot\u00e9ger et d\u00e9fendre les droits ou la propri\u00e9t\u00e9 de Vigilant, des visiteurs du site Web ou d&#039;autres tiers.<\/p>\n<h2>Choix concernant les informations personnelles<\/h2>\n<p>Vigilant peut vous envoyer des annonces li\u00e9es aux services, telles que, sans toutefois s&#039;y limiter, des notifications de toute mise \u00e0 jour de son site Web et de ses services, de ses conditions d&#039;utilisation ou de sa politique de confidentialit\u00e9, lorsque cela est n\u00e9cessaire. Vous ne pouvez pas vous d\u00e9sinscrire de ces communications, qui n&#039;ont pas de caract\u00e8re promotionnel, mais si vous ne souhaitez pas recevoir ces annonces, vous avez la possibilit\u00e9 de demander la suppression de votre adresse e-mail de la base de donn\u00e9es de Vigilant. Lorsque Vigilant supprime ces informations vous concernant, elles seront supprim\u00e9es des bases de donn\u00e9es actives mais pourront rester dans les archives de Vigilant.<\/p>\n<p>Vous pouvez consulter et corriger toutes les informations personnelles que vous avez fournies \u00e0 Vigilant en mettant \u00e0 jour vos coordonn\u00e9es directement en contactant Vigilant au<span>\u00a0<\/span><a href=\"https:\/\/web.archive.org\/web\/20230615211218\/mailto:info@VigilantBiosciences.com\">info@VigilantBiosciences.com<\/a>.<\/p>\n<h2>Liens vers d&#039;autres sites<\/h2>\n<p>Le site Web peut contenir des liens vers d&#039;autres sites Web qui n&#039;appartiennent pas ou ne sont pas contr\u00f4l\u00e9s par Vigilant. La fourniture de tels liens est pour votre commodit\u00e9 et ne signifie pas l&#039;approbation par Vigilant de ces sites ou emplacements Web ou de leur contenu. Vigilant n&#039;a aucun contr\u00f4le, ne v\u00e9rifie pas et n&#039;est pas responsable des politiques de confidentialit\u00e9 ou du contenu affich\u00e9 sur ces autres sites Web. Veuillez noter que les termes de cette politique de confidentialit\u00e9 ne s&#039;appliquent \u00e0 aucun autre site Web.<\/p>\n<h2>Confidentialit\u00e9 des mineurs<\/h2>\n<p>Vigilant ne collecte ni ne conserve intentionnellement les informations des visiteurs du site Web \u00e2g\u00e9s de moins de 18 ans.<\/p>\n<h2>S\u00e9curit\u00e9 et confidentialit\u00e9<\/h2>\n<p>Vigilant a mis en place des proc\u00e9dures physiques, \u00e9lectroniques et de gestion commercialement raisonnables et appropri\u00e9es pour sauvegarder et s\u00e9curiser les informations qu&#039;elle collecte en ligne. Cependant, aucune entreprise, y compris Vigilant, ne peut \u00e9liminer compl\u00e8tement les risques de s\u00e9curit\u00e9 associ\u00e9s aux informations personnelles.<\/p>\n<h2>Modifications de cette politique de confidentialit\u00e9<\/h2>\n<p>Cette politique de confidentialit\u00e9 est un document \u00e9volutif et Vigilant se r\u00e9serve le droit de la modifier \u00e0 tout moment. Vigilant publiera toutes les modifications importantes qu&#039;il apporte \u00e0 cette politique de confidentialit\u00e9, au site Web et \u00e0 d&#039;autres endroits qu&#039;il juge appropri\u00e9s afin que vous sachiez quelles informations personnelles Vigilant collecte, comment Vigilant les utilise et dans quelles circonstances, le cas \u00e9ch\u00e9ant, Vigilant les divulgue. . Vigilant vous encourage \u00e0 consulter r\u00e9guli\u00e8rement cette politique de confidentialit\u00e9 pour tout changement, et votre utilisation continue du site Web sera soumise \u00e0 la politique de confidentialit\u00e9 alors en vigueur.<\/p>\n<h2>Contacter Vigilant<\/h2>\n<p>Si vous avez des questions concernant cette politique de confidentialit\u00e9, veuillez contacter Vigilant \u00e0<span>\u00a0<\/span><a href=\"https:\/\/web.archive.org\/web\/20230615211218\/mailto:info@VigilantBiosciences.com\">info@VigilantBiosciences.com<\/a>.<\/p>\n<p>Cette politique de confidentialit\u00e9 a \u00e9t\u00e9 mise \u00e0 jour pour la derni\u00e8re fois le 15 avril 2020.<\/p>\n<p>[\/et_pb_text][\/et_pb_column][\/et_pb_row][\/et_pb_section]<\/p>","protected":false},"excerpt":{"rendered":"<p>Politique de confidentialit\u00e9Vigilant Biosciences\u00ae, Inc. (\u00ab Vigilant \u00bb, \u00ab nous \u00bb ou \u00ab notre \u00bb) prend tr\u00e8s au s\u00e9rieux la confidentialit\u00e9 et la protection de vos informations personnelles. En visitant le site Web Vigilant situ\u00e9 \u00e0 l&#039;adresse https:\/\/vigilantbiosciences.com (le \u00ab Site Web \u00bb), vous reconnaissez que vous acceptez les pratiques et politiques d\u00e9crites dans la pr\u00e9sente Politique de confidentialit\u00e9. Ce que couvre cette politique de confidentialit\u00e9 Cette politique de confidentialit\u00e9 d\u00e9crit l&#039;utilisation par Vigilant des informations personnelles [\u2026]<\/p>","protected":false},"author":1,"featured_media":248,"parent":0,"menu_order":30,"comment_status":"closed","ping_status":"closed","template":"","meta":{"_et_pb_use_builder":"on","_et_pb_old_content":"","_et_gb_content_width":"","inline_featured_image":false,"footnotes":""},"class_list":["post-500","page","type-page","status-publish","has-post-thumbnail","hentry"],"yoast_head":"<!-- This site is optimized with the Yoast SEO plugin v22.1 - https:\/\/yoast.com\/wordpress\/plugins\/seo\/ -->\n<title>News - Vigilant Biosciences\u00ae<\/title>\n<meta name=\"description\" content=\"News and updates about oral cancer screening, new technologies in oral cancer care, and other oral cancer developments.\" \/>\n<meta name=\"robots\" content=\"index, follow, max-snippet:-1, max-image-preview:large, max-video-preview:-1\" \/>\n<link rel=\"canonical\" href=\"https:\/\/vigilantbiosciences.com\/fr\/politique-de-confidentialite\/\" \/>\n<meta property=\"og:locale\" content=\"fr_FR\" \/>\n<meta property=\"og:type\" content=\"article\" \/>\n<meta property=\"og:title\" content=\"News - Vigilant Biosciences\u00ae\" \/>\n<meta property=\"og:description\" content=\"News and updates about oral cancer screening, new technologies in oral cancer care, and other oral cancer developments.\" \/>\n<meta property=\"og:url\" content=\"https:\/\/vigilantbiosciences.com\/fr\/politique-de-confidentialite\/\" \/>\n<meta property=\"og:site_name\" content=\"Vigilant Biosciences\u00ae\" \/>\n<meta property=\"article:publisher\" content=\"https:\/\/www.facebook.com\/VigilantBiosciences1\" \/>\n<meta property=\"article:modified_time\" content=\"2023-09-21T20:36:39+00:00\" \/>\n<meta property=\"og:image\" content=\"https:\/\/vigilantbiosciences.com\/wp-content\/uploads\/Solutions-Page-header-image.jpg\" \/>\n\t<meta property=\"og:image:width\" content=\"1923\" \/>\n\t<meta property=\"og:image:height\" content=\"397\" \/>\n\t<meta property=\"og:image:type\" content=\"image\/jpeg\" \/>\n<meta name=\"twitter:card\" content=\"summary_large_image\" \/>\n<meta name=\"twitter:label1\" content=\"Dur\u00e9e de lecture estim\u00e9e\" \/>\n\t<meta name=\"twitter:data1\" content=\"2 minutes\" \/>\n<script type=\"application\/ld+json\" class=\"yoast-schema-graph\">{\"@context\":\"https:\/\/schema.org\",\"@graph\":[{\"@type\":\"WebPage\",\"@id\":\"https:\/\/vigilantbiosciences.com\/privacy-policy\/\",\"url\":\"https:\/\/vigilantbiosciences.com\/privacy-policy\/\",\"name\":\"News - Vigilant Biosciences\u00ae\",\"isPartOf\":{\"@id\":\"https:\/\/vigilantbiosciences.com\/#website\"},\"datePublished\":\"2023-09-21T20:32:48+00:00\",\"dateModified\":\"2023-09-21T20:36:39+00:00\",\"description\":\"News and updates about oral cancer screening, new technologies in oral cancer care, and other oral cancer developments.\",\"breadcrumb\":{\"@id\":\"https:\/\/vigilantbiosciences.com\/privacy-policy\/#breadcrumb\"},\"inLanguage\":\"fr-FR\",\"potentialAction\":[{\"@type\":\"ReadAction\",\"target\":[\"https:\/\/vigilantbiosciences.com\/privacy-policy\/\"]}]},{\"@type\":\"BreadcrumbList\",\"@id\":\"https:\/\/vigilantbiosciences.com\/privacy-policy\/#breadcrumb\",\"itemListElement\":[{\"@type\":\"ListItem\",\"position\":1,\"name\":\"Home\",\"item\":\"https:\/\/vigilantbiosciences.com\/\"},{\"@type\":\"ListItem\",\"position\":2,\"name\":\"Privacy Policy\"}]},{\"@type\":\"WebSite\",\"@id\":\"https:\/\/vigilantbiosciences.com\/#website\",\"url\":\"https:\/\/vigilantbiosciences.com\/\",\"name\":\"Vigilant Biosciences\u00ae\",\"description\":\"\",\"publisher\":{\"@id\":\"https:\/\/vigilantbiosciences.com\/#organization\"},\"potentialAction\":[{\"@type\":\"SearchAction\",\"target\":{\"@type\":\"EntryPoint\",\"urlTemplate\":\"https:\/\/vigilantbiosciences.com\/?s={search_term_string}\"},\"query-input\":\"required name=search_term_string\"}],\"inLanguage\":\"fr-FR\"},{\"@type\":\"Organization\",\"@id\":\"https:\/\/vigilantbiosciences.com\/#organization\",\"name\":\"Vigilant Biosciences\u00ae\",\"url\":\"https:\/\/vigilantbiosciences.com\/\",\"logo\":{\"@type\":\"ImageObject\",\"inLanguage\":\"fr-FR\",\"@id\":\"https:\/\/vigilantbiosciences.com\/#\/schema\/logo\/image\/\",\"url\":\"https:\/\/vigilantbiosciences.com\/wp-content\/uploads\/vigilant-logo-horizontal.svg\",\"contentUrl\":\"https:\/\/vigilantbiosciences.com\/wp-content\/uploads\/vigilant-logo-horizontal.svg\",\"width\":\"1024\",\"height\":\"1024\",\"caption\":\"Vigilant Biosciences\u00ae\"},\"image\":{\"@id\":\"https:\/\/vigilantbiosciences.com\/#\/schema\/logo\/image\/\"},\"sameAs\":[\"https:\/\/www.facebook.com\/VigilantBiosciences1\",\"https:\/\/www.linkedin.com\/company\/vigilant-biosciences\/\"]}]}<\/script>\n<!-- \/ Yoast SEO plugin. -->","yoast_head_json":{"title":"News - Vigilant Biosciences\u00ae","description":"News and updates about oral cancer screening, new technologies in oral cancer care, and other oral cancer developments.","robots":{"index":"index","follow":"follow","max-snippet":"max-snippet:-1","max-image-preview":"max-image-preview:large","max-video-preview":"max-video-preview:-1"},"canonical":"https:\/\/vigilantbiosciences.com\/fr\/politique-de-confidentialite\/","og_locale":"fr_FR","og_type":"article","og_title":"News - Vigilant Biosciences\u00ae","og_description":"News and updates about oral cancer screening, new technologies in oral cancer care, and other oral cancer developments.","og_url":"https:\/\/vigilantbiosciences.com\/fr\/politique-de-confidentialite\/","og_site_name":"Vigilant Biosciences\u00ae","article_publisher":"https:\/\/www.facebook.com\/VigilantBiosciences1","article_modified_time":"2023-09-21T20:36:39+00:00","og_image":[{"width":1923,"height":397,"url":"https:\/\/vigilantbiosciences.com\/wp-content\/uploads\/Solutions-Page-header-image.jpg","type":"image\/jpeg"}],"twitter_card":"summary_large_image","twitter_misc":{"Dur\u00e9e de lecture estim\u00e9e":"2 minutes"},"schema":{"@context":"https:\/\/schema.org","@graph":[{"@type":"WebPage","@id":"https:\/\/vigilantbiosciences.com\/privacy-policy\/","url":"https:\/\/vigilantbiosciences.com\/privacy-policy\/","name":"News - Vigilant Biosciences\u00ae","isPartOf":{"@id":"https:\/\/vigilantbiosciences.com\/#website"},"datePublished":"2023-09-21T20:32:48+00:00","dateModified":"2023-09-21T20:36:39+00:00","description":"News and updates about oral cancer screening, new technologies in oral cancer care, and other oral cancer developments.","breadcrumb":{"@id":"https:\/\/vigilantbiosciences.com\/privacy-policy\/#breadcrumb"},"inLanguage":"fr-FR","potentialAction":[{"@type":"ReadAction","target":["https:\/\/vigilantbiosciences.com\/privacy-policy\/"]}]},{"@type":"BreadcrumbList","@id":"https:\/\/vigilantbiosciences.com\/privacy-policy\/#breadcrumb","itemListElement":[{"@type":"ListItem","position":1,"name":"Home","item":"https:\/\/vigilantbiosciences.com\/"},{"@type":"ListItem","position":2,"name":"Privacy Policy"}]},{"@type":"WebSite","@id":"https:\/\/vigilantbiosciences.com\/#website","url":"https:\/\/vigilantbiosciences.com\/","name":"Vigilant Biosciences\u00ae","description":"","publisher":{"@id":"https:\/\/vigilantbiosciences.com\/#organization"},"potentialAction":[{"@type":"SearchAction","target":{"@type":"EntryPoint","urlTemplate":"https:\/\/vigilantbiosciences.com\/?s={search_term_string}"},"query-input":"required name=search_term_string"}],"inLanguage":"fr-FR"},{"@type":"Organization","@id":"https:\/\/vigilantbiosciences.com\/#organization","name":"Vigilant Biosciences\u00ae","url":"https:\/\/vigilantbiosciences.com\/","logo":{"@type":"ImageObject","inLanguage":"fr-FR","@id":"https:\/\/vigilantbiosciences.com\/#\/schema\/logo\/image\/","url":"https:\/\/vigilantbiosciences.com\/wp-content\/uploads\/vigilant-logo-horizontal.svg","contentUrl":"https:\/\/vigilantbiosciences.com\/wp-content\/uploads\/vigilant-logo-horizontal.svg","width":"1024","height":"1024","caption":"Vigilant Biosciences\u00ae"},"image":{"@id":"https:\/\/vigilantbiosciences.com\/#\/schema\/logo\/image\/"},"sameAs":["https:\/\/www.facebook.com\/VigilantBiosciences1","https:\/\/www.linkedin.com\/company\/vigilant-biosciences\/"]}]}},"_links":{"self":[{"href":"https:\/\/vigilantbiosciences.com\/fr\/wp-json\/wp\/v2\/pages\/500","targetHints":{"allow":["GET"]}}],"collection":[{"href":"https:\/\/vigilantbiosciences.com\/fr\/wp-json\/wp\/v2\/pages"}],"about":[{"href":"https:\/\/vigilantbiosciences.com\/fr\/wp-json\/wp\/v2\/types\/page"}],"author":[{"embeddable":true,"href":"https:\/\/vigilantbiosciences.com\/fr\/wp-json\/wp\/v2\/users\/1"}],"replies":[{"embeddable":true,"href":"https:\/\/vigilantbiosciences.com\/fr\/wp-json\/wp\/v2\/comments?post=500"}],"version-history":[{"count":0,"href":"https:\/\/vigilantbiosciences.com\/fr\/wp-json\/wp\/v2\/pages\/500\/revisions"}],"wp:featuredmedia":[{"embeddable":true,"href":"https:\/\/vigilantbiosciences.com\/fr\/wp-json\/wp\/v2\/media\/248"}],"wp:attachment":[{"href":"https:\/\/vigilantbiosciences.com\/fr\/wp-json\/wp\/v2\/media?parent=500"}],"curies":[{"name":"wp","href":"https:\/\/api.w.org\/{rel}","templated":true}]}}