{"id":407,"date":"2023-06-16T15:47:09","date_gmt":"2023-06-16T15:47:09","guid":{"rendered":"https:\/\/vigilantbiosciences.com\/?page_id=407"},"modified":"2023-07-26T20:49:53","modified_gmt":"2023-07-26T20:49:53","slug":"certificate-verification","status":"publish","type":"page","link":"https:\/\/vigilantbiosciences.com\/fr\/verification-du-certificat\/","title":{"rendered":"V\u00e9rification du certificat"},"content":{"rendered":"<p>[et_pb_section fb_built=\u201d1\u2033 custom_padding_last_edited=\u201don|phone\u201d _builder_version=\u201d4.21.0\u2033 _dynamic_attributes=\u201dbackground_image\u201d _module_preset=\u201ddefault\u201d use_background_color_gradient=\u201don\u201d background_color_gradient_stops=\u201drgba(0,142,168,0.59) 0%| rgba(0,142,168 ,0.5) 100%\u201d background_color_gradient_overlays_image=\u201don\u201d background_image=\u201d@ET-DC@eyJkeW5hbWljIjp0cnVlLCJjb250ZW50IjoicG9zdF9mZWF0dXJlZF9pbWFnZSIsInNldHRpbmdzIjp7fX0=@\u201d custom_padding=\u201d 100px||100px||true|false\u201d custom_padding_tablet=\u201d80px||80px||true|false\u201d custom_padding_phone= \u201d50px||50px||true|false\u201d verrouill\u00e9=\u201doff\u201d global_colors_info=\u201d{}\u201d][et_pb_row _builder_version=\u201d4.20.0\u2033 _module_preset=\u201ddefault\u201d global_colors_info=\u201d{}\u201d][et_pb_column type=\u201d4_4 \u2033 _builder_version=\u201d4.20.0\u2033 _module_preset=\u201ddefault\u201d global_colors_info=\u201d{}\u201d][et_pb_text _builder_version=\u201d4.20.4\u2033 _module_preset=\u201ddefault\u201d text_font_size=\u201d30px\u201d header_font=\u201d|600|||||| |\u201d header_letter_spacing=\u201d-3px\u201d text_orientation=\u201dcenter\u201d background_layout=\u201ddark\u201d global_colors_info=\u201d{}\u201d]<\/p>\n<h1>V\u00e9rification du certificat<\/h1>\n<p>[\/et_pb_text][\/et_pb_column][\/et_pb_row][\/et_pb_section][et_pb_section fb_built=\u201d1\u2033 custom_padding_last_edited=\u201don|phone\u201d _builder_version=\u201d4.20.4\u2033 _module_preset=\u201ddefault\u201d background_enable_color=\u201doff\u201d custom_margin=\u201d ||||false|false\u201d custom_padding=\u201d80px||80px||true|false\u201d custom_padding_tablet=\u201d||||true|false\u201d custom_padding_phone=\u201d50px||50px||true|false\u201d verrouill\u00e9=\u201doff\u201d global_colors_info=\u201d{}\u201d][et_pb_row _builder_version=\u201d4.20.4\u2033 _module_preset=\u201ddefault\u201d width=\u201d900px\u201d width_tablet=\u201d90%\u201d width_phone=\u201d90%\u201d width_last_edited=\u201don|tablet\u201d custom_padding=\u201d0px||0px ||true|false\u201d global_colors_info=\u201d{}\u201d][et_pb_column type=\u201d4_4\u2033 _builder_version=\u201d4.20.0\u2033 _module_preset=\u201ddefault\u201d global_colors_info=\u201d{}\u201d][et_pb_text _builder_version=\u201d4.20.4\u2033 _module_preset= \u201ddefault\u201d text_orientation=\u201dcenter\u201d custom_margin=\u201d||20px||false|false\u201d global_colors_info=\u201d{}\u201d]<\/p>\n<h2 class=\" translation-block\">Syst\u00e8me BeVigilant\u2122 <sup>MC<\/sup> OraFusion <sup>MC<\/sup><\/h2>\n<h2>Formation et Certification \/ Formulaire de Signature d&#039;Acceptation de Responsabilit\u00e9<\/h2>\n<p>[\/et_pb_text][et_pb_text _builder_version=\u201d4.20.4\u2033 _module_preset=\u201ddefault\u201d custom_margin=\u201d||50px||false|false\u201d global_colors_info=\u201d{}\u201d]Je certifie par la pr\u00e9sente avoir suivi la formation requise pour l&#039;utilisation et la maintenance du syst\u00e8me BeVigilant\u2122 OraFusion\u2122. J&#039;ai acquis les connaissances et les comp\u00e9tences n\u00e9cessaires pour utiliser l&#039;appareil de mani\u00e8re s\u00fbre et efficace, et je comprends l&#039;importance de suivre les instructions et directives du fabricant.<\/p>\n<p>De plus, j&#039;accepte l&#039;enti\u00e8re responsabilit\u00e9 de l&#039;utilisation, de la maintenance et de toutes les cons\u00e9quences pouvant d\u00e9couler de toute utilisation ou mauvaise utilisation de la ou des unit\u00e9s du syst\u00e8me BeVigilant\u2122 OraFusion\u2122 en ma possession. J&#039;utiliserai l&#039;appareil uniquement aux fins pr\u00e9vues, conform\u00e9ment aux instructions \u00e9crites du fabricant et dans le cadre de mes comp\u00e9tences professionnelles. Je certifie que tout le personnel qui utilise ou entretient le syst\u00e8me BeVigilant\u2122 OraFusion\u2122 a \u00e9galement suivi la formation requise.<\/p>\n<p>Je comprends l&#039;importance d&#039;une documentation et d&#039;une tenue de registres appropri\u00e9es, et je veillerai \u00e0 ce que des registres pr\u00e9cis soient conserv\u00e9s pour l&#039;utilisation et la maintenance de l&#039;appareil.<\/p>\n<p>Je reconnais que toute mauvaise utilisation, n\u00e9gligence ou non-respect des instructions du fabricant peut entra\u00eener des r\u00e9sultats inexacts ou incomplets et \u00e9ventuellement avoir un impact n\u00e9gatif sur les soins aux patients. Je prendrai toutes les pr\u00e9cautions raisonnables pour \u00e9viter de tels incidents.[\/et_pb_text][et_pb_code _builder_version=\u201d4.20.4\u2033 _module_preset=\u201ddefault\u201d hover_enabled=\u201d0\u2033 global_colors_info=\u201d{}\u201d sticky_enabled=\u201d0\u2033]<!-- [et_pb_line_break_holder] -->    <iframe<!--___noise___ 1012 --&gt; id=\u201dJotFormIFrame-231594890856168\u2033<!-- [et_pb_line_break_holder] -->      title=\u201dFormulaire de v\u00e9rification du certificat de vigilance\u201d<!-- [et_pb_line_break_holder] -->      allowtransparency=\u201dtrue\u201d<!-- [et_pb_line_break_holder] -->      Allowfullscreen = &quot;vrai&quot;<!-- [et_pb_line_break_holder] -->      Allow=&quot;g\u00e9olocalisation\u00a0; microphone; cam\u00e9ra&quot;<!-- [et_pb_line_break_holder] -->      src=&quot;https:\/\/form.jotform.com\/231594890856168&quot;<!-- [et_pb_line_break_holder] -->      frameborder=\u201d0\u2033<!-- [et_pb_line_break_holder] -->      style=\u201dmin-width:100%;max-width:100%;height:539px;border:none;\u201d<!-- [et_pb_line_break_holder] -->      d\u00e9filement = &quot;non&quot;<!-- [et_pb_line_break_holder] -->    ><!-- [et_pb_line_break_holder] -->    <\/iframe><!-- [et_pb_line_break_holder] -->    <script type=\"text\/javascript\"><!-- [et_pb_line_break_holder] -->    var ifr = document.getElementById(\"JotFormIFrame-231594890856168\");<!-- [et_pb_line_break_holder] -->    if (ifr) {<!-- [et_pb_line_break_holder] -->      var src = ifr.src;<!-- [et_pb_line_break_holder] -->      var iframeParams = [];<!-- [et_pb_line_break_holder] -->      if (window.location.href && window.location.href.indexOf(\"?\") > -1) {<!-- [et_pb_line_break_holder] -->        iframeParams = iframeParams.concat(window.location.href.substr(window.location.href.indexOf(\"?\") + 1).split('&'));<!-- [et_pb_line_break_holder] -->      }<!-- [et_pb_line_break_holder] -->      if (src && src.indexOf(\"?\") > -1) {<!-- [et_pb_line_break_holder] -->        iframeParams = iframeParams.concat(src.substr(src.indexOf(\"?\") + 1).split(\"&\"));<!-- [et_pb_line_break_holder] -->        src = src.substr(0, src.indexOf(\"?\"))<!-- [et_pb_line_break_holder] -->      }<!-- [et_pb_line_break_holder] -->      iframeParams.push(\"isIframeEmbed=1\");<!-- [et_pb_line_break_holder] -->      ifr.src = src + \"?\" + iframeParams.join('&');<!-- [et_pb_line_break_holder] -->    }<!-- [et_pb_line_break_holder] -->    window.handleIFrameMessage = function(e) {<!-- [et_pb_line_break_holder] -->      if (typeof e.data === 'object') { return; }<!-- [et_pb_line_break_holder] -->      var args = e.data.split(\":\");<!-- [et_pb_line_break_holder] -->      if (args.length > 2) { iframe = document.getElementById(\"JotFormIFrame-\" + args[(args.length - 1)]); } else { iframe = document.getElementById(\"JotFormIFrame\"); }<!-- [et_pb_line_break_holder] -->      if (!iframe) { return; }<!-- [et_pb_line_break_holder] -->      switch (args[0]) {<!-- [et_pb_line_break_holder] -->        case \"scrollIntoView\":<!-- [et_pb_line_break_holder] -->          iframe.scrollIntoView();<!-- [et_pb_line_break_holder] -->          break;<!-- [et_pb_line_break_holder] -->        case \"setHeight\":<!-- [et_pb_line_break_holder] -->          iframe.style.height = args[1] + \"px\";<!-- [et_pb_line_break_holder] -->          if (!isNaN(args[1]) && parseInt(iframe.style.minHeight) > parseInt(args[1])) {<!-- [et_pb_line_break_holder] -->            iframe.style.minHeight = args[1] + \"px\";<!-- [et_pb_line_break_holder] -->          }<!-- [et_pb_line_break_holder] -->          break;<!-- [et_pb_line_break_holder] -->        case \"collapseErrorPage\":<!-- [et_pb_line_break_holder] -->          if (iframe.clientHeight > window.innerHeight) {<!-- [et_pb_line_break_holder] -->            iframe.style.height = window.innerHeight + \"px\";<!-- [et_pb_line_break_holder] -->          }<!-- [et_pb_line_break_holder] -->          break;<!-- [et_pb_line_break_holder] -->        case \"reloadPage\":<!-- [et_pb_line_break_holder] -->          window.location.reload();<!-- [et_pb_line_break_holder] -->          break;<!-- [et_pb_line_break_holder] -->        case \"loadScript\":<!-- [et_pb_line_break_holder] -->          if( !window.isPermitted(e.origin, ['jotform.com', 'jotform.pro']) ) { break; }<!-- [et_pb_line_break_holder] -->          var src = args[1];<!-- [et_pb_line_break_holder] -->          if (args.length > 3) {<!-- [et_pb_line_break_holder] -->              src = args[1] + ':' + args[2];<!-- [et_pb_line_break_holder] -->          }<!-- [et_pb_line_break_holder] -->          var script = document.createElement('script');<!-- [et_pb_line_break_holder] -->          script.src = src;<!-- [et_pb_line_break_holder] -->          script.type = 'text\/javascript';<!-- [et_pb_line_break_holder] -->          document.body.appendChild(script);<!-- [et_pb_line_break_holder] -->          break;<!-- [et_pb_line_break_holder] -->        case \"exitFullscreen\":<!-- [et_pb_line_break_holder] -->          if      (window.document.exitFullscreen)        window.document.exitFullscreen();<!-- [et_pb_line_break_holder] -->          else if (window.document.mozCancelFullScreen)   window.document.mozCancelFullScreen();<!-- [et_pb_line_break_holder] -->          else if (window.document.mozCancelFullscreen)   window.document.mozCancelFullScreen();<!-- [et_pb_line_break_holder] -->          else if (window.document.webkitExitFullscreen)  window.document.webkitExitFullscreen();<!-- [et_pb_line_break_holder] -->          else if (window.document.msExitFullscreen)      window.document.msExitFullscreen();<!-- [et_pb_line_break_holder] -->          break;<!-- [et_pb_line_break_holder] -->      }<!-- [et_pb_line_break_holder] -->      var isJotForm = (e.origin.indexOf(\"jotform\") > -1) ? true : false;<!-- [et_pb_line_break_holder] -->      if(isJotForm && \"contentWindow\" in iframe && \"postMessage\" in iframe.contentWindow) {<!-- [et_pb_line_break_holder] -->        var urls = {\"docurl\":encodeURIComponent(document.URL),\"referrer\":encodeURIComponent(document.referrer)};<!-- [et_pb_line_break_holder] -->        iframe.contentWindow.postMessage(JSON.stringify({\"type\":\"urls\",\"value\":urls}), \"*\");<!-- [et_pb_line_break_holder] -->      }<!-- [et_pb_line_break_holder] -->    };<!-- [et_pb_line_break_holder] -->    window.isPermitted = function(originUrl, whitelisted_domains) {<!-- [et_pb_line_break_holder] -->      var url = document.createElement('a');<!-- [et_pb_line_break_holder] -->      url.href = originUrl;<!-- [et_pb_line_break_holder] -->      var hostname = url.hostname;<!-- [et_pb_line_break_holder] -->      var result = false;<!-- [et_pb_line_break_holder] -->      if( typeof hostname !== 'undefined' ) {<!-- [et_pb_line_break_holder] -->        whitelisted_domains.forEach(function(element) {<!-- [et_pb_line_break_holder] -->            if( hostname.slice((-1 * element.length - 1)) === '.'.concat(element) ||  hostname === element ) {<!-- [et_pb_line_break_holder] -->                result = true;<!-- [et_pb_line_break_holder] -->            }<!-- [et_pb_line_break_holder] -->        });<!-- [et_pb_line_break_holder] -->        return result;<!-- [et_pb_line_break_holder] -->      }<!-- [et_pb_line_break_holder] -->    };<!-- [et_pb_line_break_holder] -->    if (window.addEventListener) {<!-- [et_pb_line_break_holder] -->      window.addEventListener(\"message\", handleIFrameMessage, false);<!-- [et_pb_line_break_holder] -->    } else if (window.attachEvent) {<!-- [et_pb_line_break_holder] -->      window.attachEvent(\"onmessage\", handleIFrameMessage);<!-- [et_pb_line_break_holder] -->    }<!-- [et_pb_line_break_holder] -->    <\/script>[\/et_pb_code][\/et_pb_column][\/et_pb_row][\/et_pb_section]<\/p>","protected":false},"excerpt":{"rendered":"<p>V\u00e9rification du certificatFormation et certification du syst\u00e8me BeVigilant\u2122 OraFusion\u2122 \/ Formulaire de signature d&#039;acceptation de responsabilit\u00e9Je certifie par la pr\u00e9sente que j&#039;ai suivi la formation requise pour l&#039;utilisation et la maintenance du syst\u00e8me BeVigilant\u2122 OraFusion\u2122. J&#039;ai acquis les connaissances et les comp\u00e9tences n\u00e9cessaires pour utiliser l&#039;appareil de mani\u00e8re s\u00fbre et efficace, et je comprends l&#039;importance de suivre les [\u2026]<\/p>","protected":false},"author":3,"featured_media":324,"parent":0,"menu_order":15,"comment_status":"closed","ping_status":"closed","template":"","meta":{"_et_pb_use_builder":"on","_et_pb_old_content":"","_et_gb_content_width":"","inline_featured_image":false,"footnotes":""},"class_list":["post-407","page","type-page","status-publish","has-post-thumbnail","hentry"],"yoast_head":"<!-- This site is optimized with the Yoast SEO plugin v22.1 - https:\/\/yoast.com\/wordpress\/plugins\/seo\/ -->\n<title>Certificate Verification - Vigilant Biosciences\u00ae<\/title>\n<meta name=\"robots\" content=\"noindex, nofollow\" \/>\n<meta property=\"og:locale\" content=\"fr_FR\" \/>\n<meta property=\"og:type\" content=\"article\" \/>\n<meta property=\"og:title\" content=\"Certificate Verification - Vigilant Biosciences\u00ae\" \/>\n<meta property=\"og:description\" content=\"Patient Resources Understanding the Risk of Oral CancerThe Impact of Oral Cancer In the US alone, oral cancer kills an average one person per hour, 24 hours per day.1Oral cancer is a global challenge with more than 657,000 cases and nearly 330,000 deaths each year1Worldwide 5-year survival rate is only 50% due to delayed intervention [&hellip;]\" \/>\n<meta property=\"og:url\" content=\"https:\/\/vigilantbiosciences.com\/fr\/verification-du-certificat\/\" \/>\n<meta property=\"og:site_name\" content=\"Vigilant Biosciences\u00ae\" \/>\n<meta property=\"article:publisher\" content=\"https:\/\/www.facebook.com\/VigilantBiosciences1\" \/>\n<meta property=\"article:modified_time\" content=\"2023-07-26T20:49:53+00:00\" \/>\n<meta property=\"og:image\" content=\"https:\/\/vigilantbiosciences.com\/wp-content\/uploads\/patient-resource-banner.jpg\" \/>\n\t<meta property=\"og:image:width\" content=\"1920\" \/>\n\t<meta property=\"og:image:height\" content=\"396\" \/>\n\t<meta property=\"og:image:type\" content=\"image\/jpeg\" \/>\n<meta name=\"twitter:card\" content=\"summary_large_image\" \/>\n<meta name=\"twitter:label1\" content=\"Dur\u00e9e de lecture estim\u00e9e\" \/>\n\t<meta name=\"twitter:data1\" content=\"3 minutes\" \/>\n<script type=\"application\/ld+json\" class=\"yoast-schema-graph\">{\"@context\":\"https:\/\/schema.org\",\"@graph\":[{\"@type\":\"WebPage\",\"@id\":\"https:\/\/vigilantbiosciences.com\/certificate-verification\/\",\"url\":\"https:\/\/vigilantbiosciences.com\/certificate-verification\/\",\"name\":\"Certificate Verification - Vigilant Biosciences\u00ae\",\"isPartOf\":{\"@id\":\"https:\/\/vigilantbiosciences.com\/#website\"},\"datePublished\":\"2023-06-16T15:47:09+00:00\",\"dateModified\":\"2023-07-26T20:49:53+00:00\",\"breadcrumb\":{\"@id\":\"https:\/\/vigilantbiosciences.com\/certificate-verification\/#breadcrumb\"},\"inLanguage\":\"fr-FR\",\"potentialAction\":[{\"@type\":\"ReadAction\",\"target\":[\"https:\/\/vigilantbiosciences.com\/certificate-verification\/\"]}]},{\"@type\":\"BreadcrumbList\",\"@id\":\"https:\/\/vigilantbiosciences.com\/certificate-verification\/#breadcrumb\",\"itemListElement\":[{\"@type\":\"ListItem\",\"position\":1,\"name\":\"Home\",\"item\":\"https:\/\/vigilantbiosciences.com\/\"},{\"@type\":\"ListItem\",\"position\":2,\"name\":\"Certificate Verification\"}]},{\"@type\":\"WebSite\",\"@id\":\"https:\/\/vigilantbiosciences.com\/#website\",\"url\":\"https:\/\/vigilantbiosciences.com\/\",\"name\":\"Vigilant Biosciences\u00ae\",\"description\":\"\",\"publisher\":{\"@id\":\"https:\/\/vigilantbiosciences.com\/#organization\"},\"potentialAction\":[{\"@type\":\"SearchAction\",\"target\":{\"@type\":\"EntryPoint\",\"urlTemplate\":\"https:\/\/vigilantbiosciences.com\/?s={search_term_string}\"},\"query-input\":\"required name=search_term_string\"}],\"inLanguage\":\"fr-FR\"},{\"@type\":\"Organization\",\"@id\":\"https:\/\/vigilantbiosciences.com\/#organization\",\"name\":\"Vigilant Biosciences\u00ae\",\"url\":\"https:\/\/vigilantbiosciences.com\/\",\"logo\":{\"@type\":\"ImageObject\",\"inLanguage\":\"fr-FR\",\"@id\":\"https:\/\/vigilantbiosciences.com\/#\/schema\/logo\/image\/\",\"url\":\"https:\/\/vigilantbiosciences.com\/wp-content\/uploads\/vigilant-logo-horizontal.svg\",\"contentUrl\":\"https:\/\/vigilantbiosciences.com\/wp-content\/uploads\/vigilant-logo-horizontal.svg\",\"width\":\"1024\",\"height\":\"1024\",\"caption\":\"Vigilant Biosciences\u00ae\"},\"image\":{\"@id\":\"https:\/\/vigilantbiosciences.com\/#\/schema\/logo\/image\/\"},\"sameAs\":[\"https:\/\/www.facebook.com\/VigilantBiosciences1\",\"https:\/\/www.linkedin.com\/company\/vigilant-biosciences\/\"]}]}<\/script>\n<!-- \/ Yoast SEO plugin. -->","yoast_head_json":{"title":"Certificate Verification - Vigilant Biosciences\u00ae","robots":{"index":"noindex","follow":"nofollow"},"og_locale":"fr_FR","og_type":"article","og_title":"Certificate Verification - Vigilant Biosciences\u00ae","og_description":"Patient Resources Understanding the Risk of Oral CancerThe Impact of Oral Cancer In the US alone, oral cancer kills an average one person per hour, 24 hours per day.1Oral cancer is a global challenge with more than 657,000 cases and nearly 330,000 deaths each year1Worldwide 5-year survival rate is only 50% due to delayed intervention [&hellip;]","og_url":"https:\/\/vigilantbiosciences.com\/fr\/verification-du-certificat\/","og_site_name":"Vigilant Biosciences\u00ae","article_publisher":"https:\/\/www.facebook.com\/VigilantBiosciences1","article_modified_time":"2023-07-26T20:49:53+00:00","og_image":[{"width":1920,"height":396,"url":"https:\/\/vigilantbiosciences.com\/wp-content\/uploads\/patient-resource-banner.jpg","type":"image\/jpeg"}],"twitter_card":"summary_large_image","twitter_misc":{"Dur\u00e9e de lecture estim\u00e9e":"3 minutes"},"schema":{"@context":"https:\/\/schema.org","@graph":[{"@type":"WebPage","@id":"https:\/\/vigilantbiosciences.com\/certificate-verification\/","url":"https:\/\/vigilantbiosciences.com\/certificate-verification\/","name":"Certificate Verification - Vigilant Biosciences\u00ae","isPartOf":{"@id":"https:\/\/vigilantbiosciences.com\/#website"},"datePublished":"2023-06-16T15:47:09+00:00","dateModified":"2023-07-26T20:49:53+00:00","breadcrumb":{"@id":"https:\/\/vigilantbiosciences.com\/certificate-verification\/#breadcrumb"},"inLanguage":"fr-FR","potentialAction":[{"@type":"ReadAction","target":["https:\/\/vigilantbiosciences.com\/certificate-verification\/"]}]},{"@type":"BreadcrumbList","@id":"https:\/\/vigilantbiosciences.com\/certificate-verification\/#breadcrumb","itemListElement":[{"@type":"ListItem","position":1,"name":"Home","item":"https:\/\/vigilantbiosciences.com\/"},{"@type":"ListItem","position":2,"name":"Certificate Verification"}]},{"@type":"WebSite","@id":"https:\/\/vigilantbiosciences.com\/#website","url":"https:\/\/vigilantbiosciences.com\/","name":"Vigilant Biosciences\u00ae","description":"","publisher":{"@id":"https:\/\/vigilantbiosciences.com\/#organization"},"potentialAction":[{"@type":"SearchAction","target":{"@type":"EntryPoint","urlTemplate":"https:\/\/vigilantbiosciences.com\/?s={search_term_string}"},"query-input":"required name=search_term_string"}],"inLanguage":"fr-FR"},{"@type":"Organization","@id":"https:\/\/vigilantbiosciences.com\/#organization","name":"Vigilant Biosciences\u00ae","url":"https:\/\/vigilantbiosciences.com\/","logo":{"@type":"ImageObject","inLanguage":"fr-FR","@id":"https:\/\/vigilantbiosciences.com\/#\/schema\/logo\/image\/","url":"https:\/\/vigilantbiosciences.com\/wp-content\/uploads\/vigilant-logo-horizontal.svg","contentUrl":"https:\/\/vigilantbiosciences.com\/wp-content\/uploads\/vigilant-logo-horizontal.svg","width":"1024","height":"1024","caption":"Vigilant Biosciences\u00ae"},"image":{"@id":"https:\/\/vigilantbiosciences.com\/#\/schema\/logo\/image\/"},"sameAs":["https:\/\/www.facebook.com\/VigilantBiosciences1","https:\/\/www.linkedin.com\/company\/vigilant-biosciences\/"]}]}},"_links":{"self":[{"href":"https:\/\/vigilantbiosciences.com\/fr\/wp-json\/wp\/v2\/pages\/407","targetHints":{"allow":["GET"]}}],"collection":[{"href":"https:\/\/vigilantbiosciences.com\/fr\/wp-json\/wp\/v2\/pages"}],"about":[{"href":"https:\/\/vigilantbiosciences.com\/fr\/wp-json\/wp\/v2\/types\/page"}],"author":[{"embeddable":true,"href":"https:\/\/vigilantbiosciences.com\/fr\/wp-json\/wp\/v2\/users\/3"}],"replies":[{"embeddable":true,"href":"https:\/\/vigilantbiosciences.com\/fr\/wp-json\/wp\/v2\/comments?post=407"}],"version-history":[{"count":0,"href":"https:\/\/vigilantbiosciences.com\/fr\/wp-json\/wp\/v2\/pages\/407\/revisions"}],"wp:featuredmedia":[{"embeddable":true,"href":"https:\/\/vigilantbiosciences.com\/fr\/wp-json\/wp\/v2\/media\/324"}],"wp:attachment":[{"href":"https:\/\/vigilantbiosciences.com\/fr\/wp-json\/wp\/v2\/media?parent=407"}],"curies":[{"name":"wp","href":"https:\/\/api.w.org\/{rel}","templated":true}]}}