{"id":96,"date":"2023-02-28T17:35:36","date_gmt":"2023-02-28T17:35:36","guid":{"rendered":"https:\/\/vigilantbio.wpengine.com\/?page_id=96"},"modified":"2023-03-20T20:11:43","modified_gmt":"2023-03-20T20:11:43","slug":"investors","status":"publish","type":"page","link":"https:\/\/vigilantbiosciences.com\/es\/inversores\/","title":{"rendered":"Inversores"},"content":{"rendered":"<p>[et_pb_section fb_built=\u201d1\u2033 custom_padding_last_edited=\u201don|phone\u201d _builder_version=\u201d4.20.0\u2033 _module_preset=\u201ddefault\u201d background_image=\u201dhttps:\/\/vigilantbiosciences.com\/wp-content\/uploads\/investor-header-image.jpg\u201d custom_padding=\u201d100px||100px||true|false\u201d custom_padding_tablet=\u201d80px||80px||true|false\u201d custom_padding_phone=\u201d50px||50px||true|false\u201d hover_enabled=\u201d0\u2033 global_colors_info=\u201d{}\u201d alt=\u201dPrimer plano de una ilustraci\u00f3n de una c\u00e9lula cancerosa\u201d title_text=\u201dPrimer plano de una ilustraci\u00f3n de una c\u00e9lula cancerosa\u201d sticky_enabled=\u201d0\u2033][et_pb_row Versi\u00f3n del constructor: 4.20.0. Preajuste predeterminado del m\u00f3dulo. Ancho: 90%. Informaci\u00f3n global de colores: {}.<\/p>\n<h1>Inversores<\/h1>\n<p>[\/et_pb_text][\/et_pb_column][\/et_pb_row][\/et_pb_section][et_pb_section fb_built=\u201d1\u2033 custom_padding_last_edited=\u201don|tablet\u201d _builder_version=\u201d4.20.0\u2033 _module_preset=\u201ddefault\u201d custom_margin=\u201d||||false|false\u201d custom_padding=\u201d80px||80px||true|false\u201d custom_padding_tablet=\u201d50px||20px||false|false\u201d custom_padding_phone=\u201d50px||0px||false|false\u201d global_colors_info=\u201d{}\u201d][et_pb_row _builder_version=\u201d4.20.0\u2033 _module_preset=\u201ddefault\u201d width=\u201d93%\u201d ancho_tableta=\u201d93%\u201d ancho_tel\u00e9fono=\u201d93%\u201d ancho_\u00faltima_edici\u00f3n=\u201den|tableta\u201d ancho_m\u00e1ximo=\u201d1175px\u201d ancho_m\u00e1ximo_tableta=\u201d1175px\u201d ancho_m\u00e1ximo_tel\u00e9fono=\u201d1175px\u201d ancho_m\u00e1ximo_\u00faltima_edici\u00f3n=\u201den|tableta\u201d informaci\u00f3n_global_colors=\u201d{}\u201d][et_pb_column type=\u201d4_4\u2033 _builder_version=\u201d4.20.0\u2033 _module_preset=\u201dpredeterminado\u201d informaci\u00f3n_global_colors=\u201d{}\u201d][et_pb_text _builder_version=\u201d4.20.0\u2033 _module_preset=\u201dpredeterminado\u201d color_texto_encabezado_2=\u201d#008EA8\u2033 orientaci\u00f3n_texto=\u201dcentro\u201d informaci\u00f3n_global_colors=\u201d{}\u201d]<\/p>\n<h2>Biociencias vigilantes<sup style=\"font-size: 20px !important;\">\u00ae<\/sup> se enorgullece de asociarse con los equipos de Novalis Life Sciences, venVelo, White Owl Ventures y el Instituto de Florida para la Comercializaci\u00f3n de la Investigaci\u00f3n P\u00fablica.<\/h2>\n<p>[\/et_pb_text][\/et_pb_column][\/et_pb_row][\/et_pb_section][et_pb_section fb_built=\u201d1\u2033 custom_padding_last_edited=\u201doff|tablet\u201d _builder_version=\u201d4.20.0\u2033 _module_preset=\u201ddefault\u201d custom_padding=\u201d||80px||false|false\u201d custom_padding_tablet=\u201d80px||80px||true|false\u201d custom_padding_phone=\u201d50px||50px||true|false\u201d global_colors_info=\u201d{}\u201d][et_pb_row column_structure=\u201d1_4,3_4\u2033 make_equal=\u201don\u201d _builder_version=\u201d4.20.0\u2033 _module_preset=\u201ddefault\u201d width_tablet=\u201d90%\u201d width_phone=\u201d90%\u201d width_last_edited=\u201den|tableta\u201d custom_margin=\u201d||100px||false|false\u201d custom_margin_tablet=\u201d||80px||false|false\u201d custom_margin_phone=\u201d||80px||false|false\u201d custom_margin_last_edited=\u201den|tableta\u201d custom_padding=\u201d0px||0px||false|false\u201d custom_css_main_element=\u201dalinear-elementos: centro;\u201d global_colors_info=\u201d{}\u201d custom_css_main_element_last_edited=\u201den|tableta\u201d custom_css_main_element_tablet=\u201dalinear-elementos: centro;||mostrar: flex;||espacio entre columnas: 30px;\u201d custom_css_main_element_phone=\u201ddisplay: block;\u201d][et_pb_column type=\u201d1_4\u2033 _builder_version=\u201d4.20.0\u2033 _module_preset=\u201ddefault\u201d global_colors_info=\u201d{}\u201d custom_css_main_element_last_edited=\u201don|tablet\u201d custom_css_main_element_tablet=\u201dwidth: 33.3%;||\u201d custom_css_main_element_phone=\u201dwidth: 33.3%;||\u201d][et_pb_image src=\u201dhttps:\/\/vigilantbiosciences.com\/wp-content\/uploads\/NovalisLogo4Web01.png\u201d alt=\u201dLogotipo de Novalis LifeSciences\u201d title_text=\u201dLogotipo de Novalis LifeSciences\u201d align_tablet=\u201d\u201d align_phone=\u201dcenter\u201d align_last_edited=\u201don|phone\u201d _builder_version=\u201d4.20.0\u2033 _module_preset=\u201ddefault\u201d max_width_tablet=\u201d\u201d max_width_phone=\u201d70%\u201d max_width_last_edited=\u201don|tablet\u201d global_colors_info=\u201d{}\u201d][\/et_pb_image][\/et_pb_column][et_pb_column tipo=\u201d3_4\u2033 _builder_version=\u201d4.20.0\u2033 _module_preset=\u201dpredeterminado\u201d informaci\u00f3n_global_colors=\u201d{}\u201d][et_pb_text _builder_version=\u201d4.20.0\u2033 _module_preset=\u201dpredeterminado\u201d orientaci\u00f3n_texto_tableta=\u201d\u201d orientaci\u00f3n_texto_tel\u00e9fono=\u201dcentro\u201d orientaci\u00f3n_texto_\u00faltima_edici\u00f3n=\u201don|phone\u201d informaci\u00f3n_global_colors=\u201d{}\u201d]<\/p>\n<p>Novalis LifeSciences LLC es una firma de inversi\u00f3n y asesor\u00eda para la industria de las ciencias biol\u00f3gicas. Novalis fue fundada en 2017 por Marijn E. Dekkers e invierte en empresas innovadoras de ciencias biol\u00f3gicas de tama\u00f1o peque\u00f1o y mediano.<\/p>\n<p>[\/et_pb_text][et_pb_button button_url=\u201dhttps:\/\/www.novalislifesciences.com\/\u201d url_new_window=\u201don\u201d button_text=\u201dM\u00e1s informaci\u00f3n\u201d button_alignment_tablet=\u201d\u201d button_alignment_phone=\u201dcenter\u201d button_alignment_last_edited=\u201don|phone\u201d _builder_version=\u201d4.20.0\u2033 _module_preset=\u201ddefault\u201d custom_button=\u201don\u201d button_text_size=\u201d16px\u201d button_text_color=\u201d#008EA8\u2033 button_border_width=\u201d2px\u201d button_border_color=\u201d#008EA8\u2033 button_border_radius=\u201d50px\u201d button_letter_spacing=\u201d1px\u201d button_use_icon=\u201doff\u201d margen_personalizado=\u201d||0px||falso|falso\u201d relleno_personalizado=\u201d8px|30px|8px|30px|verdadero|verdadero\u201d bloqueado=\u201ddesactivado\u201d informaci\u00f3n_de_colores_globales=\u201d{}\u201d color_texto_bot\u00f3n__hover_enabled=\u201dactivado|pasar el rat\u00f3n\u201d color_texto_bot\u00f3n__hover=\u201d#FFFFFF\u201d color_fondo_bot\u00f3n__hover_enabled=\u201dactivado|pasar el rat\u00f3n\u201d color_fondo_bot\u00f3n__hover=\u201d#008EA8\u2033 color_fondo_bot\u00f3n_habilitar_bot\u00f3n__hover=\u201dactivado\u201d][\/et_pb_bot\u00f3n][\/et_pb_columna][\/et_pb_fila][et_pb_fila estructura_columna=\u201d1_4,3_4\u2033 igualar=\u201dactivado\u201d _versi\u00f3n_compilador=\u201d4.20.0\u2033 _ajuste_predeterminado_m\u00f3dulo=\u201dpredeterminado\u201d width_tablet=\u201d90%\u201d width_phone=\u201d90%\u201d width_last_edited=\u201den|tableta\u201d custom_margin=\u201d||100px||false|false\u201d custom_margin_tablet=\u201d||80px||false|false\u201d custom_margin_phone=\u201d||80px||false|false\u201d custom_margin_last_edited=\u201den|tableta\u201d custom_padding=\u201d0px||0px||false|false\u201d custom_css_main_element=\u201dalinear-elementos: centro;\u201d global_colors_info=\u201d{}\u201d custom_css_main_element_last_edited=\u201den|tableta\u201d custom_css_main_element_tablet=\u201dalinear-elementos: centro;||mostrar: flex;||espacio entre columnas: 30px;\u201d custom_css_main_element_phone=\u201ddisplay: block;\u201d][et_pb_column type=\u201d1_4\u2033 _builder_version=\u201d4.20.0\u2033 _module_preset=\u201ddefault\u201d global_colors_info=\u201d{}\u201d custom_css_main_element_last_edited=\u201don|tablet\u201d custom_css_main_element_tablet=\u201dwidth: 33.3%;||\u201d Elemento principal de CSS personalizado para tel\u00e9fono = &quot;ancho: 33.3%;||&quot;][et_pb_image src = &quot;https:\/\/vigilantbiosciences.com\/wp-content\/uploads\/venVelo-logo-1.png&quot; alt = &quot;Logotipo de VenVelo&quot; title_text = &quot;Logotipo de VenVelo&quot; align_tablet = &quot;&quot; align_phone = &quot;centrar&quot; align_last_edited = &quot;on|phone&quot; _builder_version = &quot;4.20.0&quot; _module_preset = &quot;predeterminado&quot; max_width_tablet = &quot;&quot; max_width_phone = &quot;70%&quot; max_width_last_edited = &quot;on|tablet&quot; global_colors_info = &quot;{}&quot;][\/et_pb_image][\/et_pb_column][et_pb_column type = &quot;3_4&quot; _builder_version=\u201d4.20.0\u2033 _module_preset=\u201dpredeterminado\u201d global_colors_info=\u201d{}\u201d][et_pb_text _builder_version=\u201d4.20.0\u2033 _module_preset=\u201dpredeterminado\u201d text_orientation_tablet=\u201d\u201d text_orientation_phone=\u201dcenter\u201d text_orientation_last_edited=\u201don|phone\u201d global_colors_info=\u201d{}\u201d]<\/p>\n<p>venVelo, el principal fondo de riesgo en etapa inicial de Florida para empresas innovadoras que buscan capital y tutor\u00eda, se lanz\u00f3 en 2012 y r\u00e1pidamente se estableci\u00f3 como uno de los fondos de riesgo m\u00e1s activos en el centro de Florida. Fue nombrado &quot;Inversor tecnol\u00f3gico del a\u00f1o 2014&quot;. Adem\u00e1s de sus inversiones, los miembros de la junta directiva de venVelo han sido oradores, panelistas y jueces de competencias de riesgo frecuentes en todo el estado. venVelo tambi\u00e9n ha donado dinero a una variedad de organizaciones que trabajan para desarrollar el ecosistema empresarial del centro de Florida.<\/p>\n<p>[\/et_pb_text][et_pb_button button_url=\u201dhttps:\/\/venvelo.com\/\u201d url_new_window=\u201don\u201d button_text=\u201dM\u00e1s informaci\u00f3n\u201d button_alignment_tablet=\u201d\u201d button_alignment_phone=\u201dcenter\u201d button_alignment_last_edited=\u201don|phone\u201d _builder_version=\u201d4.20.0\u2033 _module_preset=\u201ddefault\u201d custom_button=\u201don\u201d button_text_size=\u201d16px\u201d button_text_color=\u201d#008EA8\u2033 button_border_width=\u201d2px\u201d button_border_color=\u201d#008EA8\u2033 button_border_radius=\u201d50px\u201d button_letter_spacing=\u201d1px\u201d button_use_icon=\u201doff\u201d custom_margin=\u201d||0px||false|false\u201d Relleno personalizado = 8 px | 30 px | 8 px | 30 px | verdadero | verdadero. Bloqueado = desactivado. Informaci\u00f3n global de colores = {}. Color del texto del bot\u00f3n __ habilitado al pasar el rat\u00f3n. Color del texto del bot\u00f3n __ habilitado al pasar el rat\u00f3n. #FFFFFF. Color del fondo del bot\u00f3n __ habilitado al pasar el rat\u00f3n. Color del fondo del bot\u00f3n __ habilitado al pasar el rat\u00f3n. #008EA8. Color de habilitar el fondo del bot\u00f3n __ habilitado al pasar el rat\u00f3n. ][\/et_pb_button][\/et_pb_column][\/et_pb_row][et_pb_row estructura de la columna = 1_4,3_4. Make_equal = activado. Versi\u00f3n del generador = 4.20.0. Preajuste del m\u00f3dulo = predeterminado. Ancho de la tabla = 90%. width_phone=\u201d90%\u201d width_last_edited=\u201den|tableta\u201d custom_margin=\u201d||100px||false|false\u201d custom_margin_tablet=\u201d||80px||false|false\u201d custom_margin_phone=\u201d||80px||false|false\u201d custom_margin_last_edited=\u201den|tableta\u201d custom_padding=\u201d0px||0px||false|false\u201d custom_css_main_element=\u201dalinear-elementos: centro;\u201d global_colors_info=\u201d{}\u201d custom_css_main_element_last_edited=\u201den|tableta\u201d custom_css_main_element_tablet=\u201dalinear-elementos: centro;||mostrar: flex;||espacio entre columnas: 30px;\u201d custom_css_main_element_phone=\u201ddisplay: block;\u201d][et_pb_column type=\u201d1_4\u2033 _builder_version=\u201d4.20.0\u2033 _module_preset=\u201ddefault\u201d global_colors_info=\u201d{}\u201d custom_css_main_element_last_edited=\u201don|tablet\u201d custom_css_main_element_tablet=\u201dwidth: 33.3%;||\u201d custom_css_main_element_phone=\u201dwidth: 33.3%;||\u201d][et_pb_image src=\u201dhttps:\/\/vigilantbiosciences.com\/wp-content\/uploads\/WhiteOwlLogo-square.png\u201d alt=\u201dLogotipo de White Owl Capital Partners\u201d title_text=\u201dLogotipo de White Owl Capital Partners\u201d align_tablet=\u201d\u201d align_phone=\u201dcenter\u201d align_last_edited=\u201don|phone\u201d _builder_version=\u201d4.20.0\u2033 _module_preset=\u201ddefault\u201d max_width_tablet=\u201d\u201d max_width_phone=\u201d70%\u201d max_width_last_edited=\u201don|tablet\u201d global_colors_info=\u201d{}\u201d][\/et_pb_image][\/et_pb_column][et_pb_column tipo=\u201d3_4\u2033 _builder_version=\u201d4.20.0\u2033 _module_preset=\u201dpredeterminado\u201d informaci\u00f3n_global_colors=\u201d{}\u201d][et_pb_text _builder_version=\u201d4.20.0\u2033 _module_preset=\u201dpredeterminado\u201d orientaci\u00f3n_texto_tableta=\u201d\u201d orientaci\u00f3n_texto_tel\u00e9fono=\u201dcentro\u201d orientaci\u00f3n_texto_\u00faltima_edici\u00f3n=\u201don|phone\u201d informaci\u00f3n_global_colors=\u201d{}\u201d]<\/p>\n<p>White Owl Capital Partners es una firma de inversi\u00f3n privada con sede en la ciudad de Nueva York que se enfoca en encontrar emprendedores excepcionales y brindarles el capital y el asesoramiento para ayudarlos a construir grandes empresas. Las inversiones de White Owl abarcan varias industrias (tecnolog\u00eda, atenci\u00f3n m\u00e9dica, medios, banca, log\u00edstica y energ\u00eda) y regiones geogr\u00e1ficas (EE. UU., Canad\u00e1, Reino Unido, Rusia, China).<\/p>\n<p>[\/et_pb_text][et_pb_button button_url=\u201dhttps:\/\/www.whiteowlcap.com\/\u201d url_new_window=\u201don\u201d button_text=\u201dM\u00e1s informaci\u00f3n\u201d button_alignment_tablet=\u201d\u201d button_alignment_phone=\u201dcenter\u201d button_alignment_last_edited=\u201don|phone\u201d _builder_version=\u201d4.20.0\u2033 _module_preset=\u201ddefault\u201d custom_button=\u201don\u201d button_text_size=\u201d16px\u201d button_text_color=\u201d#008EA8\u2033 button_border_width=\u201d2px\u201d button_border_color=\u201d#008EA8\u2033 button_border_radius=\u201d50px\u201d button_letter_spacing=\u201d1px\u201d button_use_icon=\u201doff\u201d custom_margin=\u201d||0px||false|false\u201d Relleno personalizado = 8 px | 30 px | 8 px | 30 px | verdadero | verdadero. Bloqueado = desactivado. Informaci\u00f3n global de colores = {}. Color del texto del bot\u00f3n __ habilitado al pasar el rat\u00f3n. Color del texto del bot\u00f3n __ habilitado al pasar el rat\u00f3n. #FFFFFF. Color del fondo del bot\u00f3n __ habilitado al pasar el rat\u00f3n. Color del fondo del bot\u00f3n __ habilitado al pasar el rat\u00f3n. #008EA8. Color de habilitar el fondo del bot\u00f3n __ habilitado al pasar el rat\u00f3n. ][\/et_pb_button][\/et_pb_column][\/et_pb_row][et_pb_row estructura de la columna = 1_4,3_4. Make_equal = activado. Versi\u00f3n del generador = 4.20.0. Preajuste del m\u00f3dulo = predeterminado. Ancho de la tabla = 90%. width_phone=\u201d90%\u201d width_last_edited=\u201den|tableta\u201d custom_margin=\u201d||100px||false|false\u201d custom_margin_tablet=\u201d||0px||false|false\u201d custom_margin_phone=\u201d||0px||false|false\u201d custom_margin_last_edited=\u201den|tableta\u201d custom_padding=\u201d0px||0px||false|false\u201d custom_css_main_element=\u201dalinear-elementos: centro;\u201d global_colors_info=\u201d{}\u201d custom_css_main_element_last_edited=\u201den|tableta\u201d custom_css_main_element_tablet=\u201dalinear-elementos: centro;||mostrar: flex;||espacio entre columnas: 30px;\u201d custom_css_main_element_phone=\u201ddisplay: block;\u201d][et_pb_column type=\u201d1_4\u2033 _builder_version=\u201d4.20.0\u2033 _module_preset=\u201ddefault\u201d global_colors_info=\u201d{}\u201d custom_css_main_element_last_edited=\u201don|tablet\u201d custom_css_main_element_tablet=\u201dwidth: 33.3%;||\u201d custom_css_main_element_phone=\u201dwidth: 33.3%;||\u201d][et_pb_image src=\u201dhttps:\/\/vigilantbiosciences.com\/wp-content\/uploads\/logo.png\u201d alt=\u201dLogotipo de Comercializaci\u00f3n de Florida Technology del Instituto de Florida\u201d title_text=\u201dLogotipo de Comercializaci\u00f3n de Florida Technology del Instituto de Florida\u201d align_tablet=\u201d\u201d align_phone=\u201dcenter\u201d align_last_edited=\u201don|phone\u201d _builder_version=\u201d4.20.0\u2033 _module_preset=\u201ddefault\u201d max_width_tablet=\u201d\u201d max_width_phone=\u201d70%\u201d max_width_last_edited=\u201don|tablet\u201d global_colors_info=\u201d{}\u201d][\/et_pb_image][\/et_pb_column][et_pb_column tipo=\u201d3_4\u2033 _builder_version=\u201d4.20.0\u2033 _module_preset=\u201dpredeterminado\u201d informaci\u00f3n_global_colors=\u201d{}\u201d][et_pb_text _builder_version=\u201d4.20.0\u2033 _module_preset=\u201dpredeterminado\u201d orientaci\u00f3n_texto_tableta=\u201d\u201d orientaci\u00f3n_texto_tel\u00e9fono=\u201dcentro\u201d orientaci\u00f3n_texto_\u00faltima_edici\u00f3n=\u201don|phone\u201d informaci\u00f3n_global_colors=\u201d{}\u201d]<\/p>\n<p>Formado por la Legislatura de Florida en 2007, el Instituto de Florida para la Comercializaci\u00f3n de la Investigaci\u00f3n P\u00fablica es una organizaci\u00f3n sin fines de lucro que trabaja en colaboraci\u00f3n con las oficinas de comercializaci\u00f3n y licencias de tecnolog\u00eda de las universidades estatales e instituciones de investigaci\u00f3n privadas de Florida. Juntas, estas entidades aprovechan una base de investigaci\u00f3n $2B+ y forman empresas en las que se puede invertir que crean empleos limpios en nuevas industrias que impulsan la econom\u00eda global.<\/p>\n<p>[\/et_pb_text][et_pb_button button_url=\u201dhttps:\/\/www.florida-institute.com\/\u201d url_new_window=\u201don\u201d button_text=\u201dM\u00e1s informaci\u00f3n\u201d button_alignment_tablet=\u201d\u201d button_alignment_phone=\u201dcenter\u201d button_alignment_last_edited=\u201don|phone\u201d _builder_version=\u201d4.20.0\u2033 _module_preset=\u201ddefault\u201d custom_button=\u201don\u201d button_text_size=\u201d16px\u201d button_text_color=\u201d#008EA8\u2033 button_border_width=\u201d2px\u201d button_border_color=\u201d#008EA8\u2033 button_border_radius=\u201d50px\u201d button_letter_spacing=\u201d1px\u201d button_use_icon=\u201doff\u201d margen_personalizado=\u201d||0px||falso|falso\u201d relleno_personalizado=\u201d8px|30px|8px|30px|verdadero|verdadero\u201d bloqueado=\u201ddesactivado\u201d informaci\u00f3n_de_colores_globales=\u201d{}\u201d color_texto_bot\u00f3n__hover_enabled=\u201dactivado|pasar el rat\u00f3n\u201d color_texto_bot\u00f3n__hover=\u201d#FFFFFF\u201d color_fondo_bot\u00f3n__hover_enabled=\u201dactivado|pasar el rat\u00f3n\u201d color_fondo_bot\u00f3n__hover=\u201d#008EA8\u2033 color_fondo_habilitado_bot\u00f3n__hover=\u201dactivado\u201d][\/et_pb_button][\/et_pb_column][\/et_pb_row][\/et_pb_section]<\/p>","protected":false},"excerpt":{"rendered":"<p>InvestorsVigilant Biosciences\u00ae\u00ae se enorgullece de colaborar con los equipos de Novalis Life Sciences, venVelo, White Owl Ventures y el Instituto de Florida para la Comercializaci\u00f3n de la Investigaci\u00f3n P\u00fablica. Novalis LifeSciences LLC es una firma de inversi\u00f3n y asesor\u00eda para la industria de las ciencias de la vida. Novalis fue fundada en 2017 por Marijn E. Dekkers e invierte en peque\u00f1as y medianas empresas [\u2026]<\/p>","protected":false},"author":1,"featured_media":0,"parent":0,"menu_order":6,"comment_status":"closed","ping_status":"closed","template":"","meta":{"_et_pb_use_builder":"on","_et_pb_old_content":"","_et_gb_content_width":"","inline_featured_image":false,"footnotes":""},"class_list":["post-96","page","type-page","status-publish","hentry"],"yoast_head":"<!-- This site is optimized with the Yoast SEO plugin v22.1 - https:\/\/yoast.com\/wordpress\/plugins\/seo\/ -->\n<title>Investors - Vigilant Biosciences\u00ae<\/title>\n<meta name=\"robots\" content=\"index, follow, max-snippet:-1, max-image-preview:large, max-video-preview:-1\" \/>\n<link rel=\"canonical\" href=\"https:\/\/vigilantbiosciences.com\/es\/inversores\/\" \/>\n<meta property=\"og:locale\" content=\"es_ES\" \/>\n<meta property=\"og:type\" content=\"article\" \/>\n<meta property=\"og:title\" content=\"Investors - Vigilant Biosciences\u00ae\" \/>\n<meta property=\"og:description\" content=\"Patient Resources Understanding the Risk of Oral CancerThe Impact of Oral Cancer In the US alone, oral cancer kills an average one person per hour, 24 hours per day.1Oral cancer is a global challenge with more than 657,000 cases and nearly 330,000 deaths each year1Worldwide 5-year survival rate is only 50% due to delayed intervention [&hellip;]\" \/>\n<meta property=\"og:url\" content=\"https:\/\/vigilantbiosciences.com\/es\/inversores\/\" \/>\n<meta property=\"og:site_name\" content=\"Vigilant Biosciences\u00ae\" \/>\n<meta property=\"article:publisher\" content=\"https:\/\/www.facebook.com\/VigilantBiosciences1\" \/>\n<meta property=\"article:modified_time\" content=\"2023-03-20T20:11:43+00:00\" \/>\n<meta name=\"twitter:card\" content=\"summary_large_image\" \/>\n<meta name=\"twitter:label1\" content=\"Tiempo de lectura\" \/>\n\t<meta name=\"twitter:data1\" content=\"3 minutos\" \/>\n<script type=\"application\/ld+json\" class=\"yoast-schema-graph\">{\"@context\":\"https:\/\/schema.org\",\"@graph\":[{\"@type\":\"WebPage\",\"@id\":\"https:\/\/vigilantbiosciences.com\/investors\/\",\"url\":\"https:\/\/vigilantbiosciences.com\/investors\/\",\"name\":\"Investors - Vigilant Biosciences\u00ae\",\"isPartOf\":{\"@id\":\"https:\/\/vigilantbiosciences.com\/#website\"},\"datePublished\":\"2023-02-28T17:35:36+00:00\",\"dateModified\":\"2023-03-20T20:11:43+00:00\",\"breadcrumb\":{\"@id\":\"https:\/\/vigilantbiosciences.com\/investors\/#breadcrumb\"},\"inLanguage\":\"es\",\"potentialAction\":[{\"@type\":\"ReadAction\",\"target\":[\"https:\/\/vigilantbiosciences.com\/investors\/\"]}]},{\"@type\":\"BreadcrumbList\",\"@id\":\"https:\/\/vigilantbiosciences.com\/investors\/#breadcrumb\",\"itemListElement\":[{\"@type\":\"ListItem\",\"position\":1,\"name\":\"Home\",\"item\":\"https:\/\/vigilantbiosciences.com\/\"},{\"@type\":\"ListItem\",\"position\":2,\"name\":\"Investors\"}]},{\"@type\":\"WebSite\",\"@id\":\"https:\/\/vigilantbiosciences.com\/#website\",\"url\":\"https:\/\/vigilantbiosciences.com\/\",\"name\":\"Vigilant Biosciences\u00ae\",\"description\":\"\",\"publisher\":{\"@id\":\"https:\/\/vigilantbiosciences.com\/#organization\"},\"potentialAction\":[{\"@type\":\"SearchAction\",\"target\":{\"@type\":\"EntryPoint\",\"urlTemplate\":\"https:\/\/vigilantbiosciences.com\/?s={search_term_string}\"},\"query-input\":\"required name=search_term_string\"}],\"inLanguage\":\"es\"},{\"@type\":\"Organization\",\"@id\":\"https:\/\/vigilantbiosciences.com\/#organization\",\"name\":\"Vigilant Biosciences\u00ae\",\"url\":\"https:\/\/vigilantbiosciences.com\/\",\"logo\":{\"@type\":\"ImageObject\",\"inLanguage\":\"es\",\"@id\":\"https:\/\/vigilantbiosciences.com\/#\/schema\/logo\/image\/\",\"url\":\"https:\/\/vigilantbiosciences.com\/wp-content\/uploads\/vigilant-logo-horizontal.svg\",\"contentUrl\":\"https:\/\/vigilantbiosciences.com\/wp-content\/uploads\/vigilant-logo-horizontal.svg\",\"width\":\"1024\",\"height\":\"1024\",\"caption\":\"Vigilant Biosciences\u00ae\"},\"image\":{\"@id\":\"https:\/\/vigilantbiosciences.com\/#\/schema\/logo\/image\/\"},\"sameAs\":[\"https:\/\/www.facebook.com\/VigilantBiosciences1\",\"https:\/\/www.linkedin.com\/company\/vigilant-biosciences\/\"]}]}<\/script>\n<!-- \/ Yoast SEO plugin. -->","yoast_head_json":{"title":"Investors - Vigilant Biosciences\u00ae","robots":{"index":"index","follow":"follow","max-snippet":"max-snippet:-1","max-image-preview":"max-image-preview:large","max-video-preview":"max-video-preview:-1"},"canonical":"https:\/\/vigilantbiosciences.com\/es\/inversores\/","og_locale":"es_ES","og_type":"article","og_title":"Investors - Vigilant Biosciences\u00ae","og_description":"Patient Resources Understanding the Risk of Oral CancerThe Impact of Oral Cancer In the US alone, oral cancer kills an average one person per hour, 24 hours per day.1Oral cancer is a global challenge with more than 657,000 cases and nearly 330,000 deaths each year1Worldwide 5-year survival rate is only 50% due to delayed intervention [&hellip;]","og_url":"https:\/\/vigilantbiosciences.com\/es\/inversores\/","og_site_name":"Vigilant Biosciences\u00ae","article_publisher":"https:\/\/www.facebook.com\/VigilantBiosciences1","article_modified_time":"2023-03-20T20:11:43+00:00","twitter_card":"summary_large_image","twitter_misc":{"Tiempo de lectura":"3 minutos"},"schema":{"@context":"https:\/\/schema.org","@graph":[{"@type":"WebPage","@id":"https:\/\/vigilantbiosciences.com\/investors\/","url":"https:\/\/vigilantbiosciences.com\/investors\/","name":"Investors - Vigilant Biosciences\u00ae","isPartOf":{"@id":"https:\/\/vigilantbiosciences.com\/#website"},"datePublished":"2023-02-28T17:35:36+00:00","dateModified":"2023-03-20T20:11:43+00:00","breadcrumb":{"@id":"https:\/\/vigilantbiosciences.com\/investors\/#breadcrumb"},"inLanguage":"es","potentialAction":[{"@type":"ReadAction","target":["https:\/\/vigilantbiosciences.com\/investors\/"]}]},{"@type":"BreadcrumbList","@id":"https:\/\/vigilantbiosciences.com\/investors\/#breadcrumb","itemListElement":[{"@type":"ListItem","position":1,"name":"Home","item":"https:\/\/vigilantbiosciences.com\/"},{"@type":"ListItem","position":2,"name":"Investors"}]},{"@type":"WebSite","@id":"https:\/\/vigilantbiosciences.com\/#website","url":"https:\/\/vigilantbiosciences.com\/","name":"Vigilant Biosciences\u00ae","description":"","publisher":{"@id":"https:\/\/vigilantbiosciences.com\/#organization"},"potentialAction":[{"@type":"SearchAction","target":{"@type":"EntryPoint","urlTemplate":"https:\/\/vigilantbiosciences.com\/?s={search_term_string}"},"query-input":"required name=search_term_string"}],"inLanguage":"es"},{"@type":"Organization","@id":"https:\/\/vigilantbiosciences.com\/#organization","name":"Vigilant Biosciences\u00ae","url":"https:\/\/vigilantbiosciences.com\/","logo":{"@type":"ImageObject","inLanguage":"es","@id":"https:\/\/vigilantbiosciences.com\/#\/schema\/logo\/image\/","url":"https:\/\/vigilantbiosciences.com\/wp-content\/uploads\/vigilant-logo-horizontal.svg","contentUrl":"https:\/\/vigilantbiosciences.com\/wp-content\/uploads\/vigilant-logo-horizontal.svg","width":"1024","height":"1024","caption":"Vigilant Biosciences\u00ae"},"image":{"@id":"https:\/\/vigilantbiosciences.com\/#\/schema\/logo\/image\/"},"sameAs":["https:\/\/www.facebook.com\/VigilantBiosciences1","https:\/\/www.linkedin.com\/company\/vigilant-biosciences\/"]}]}},"_links":{"self":[{"href":"https:\/\/vigilantbiosciences.com\/es\/wp-json\/wp\/v2\/pages\/96","targetHints":{"allow":["GET"]}}],"collection":[{"href":"https:\/\/vigilantbiosciences.com\/es\/wp-json\/wp\/v2\/pages"}],"about":[{"href":"https:\/\/vigilantbiosciences.com\/es\/wp-json\/wp\/v2\/types\/page"}],"author":[{"embeddable":true,"href":"https:\/\/vigilantbiosciences.com\/es\/wp-json\/wp\/v2\/users\/1"}],"replies":[{"embeddable":true,"href":"https:\/\/vigilantbiosciences.com\/es\/wp-json\/wp\/v2\/comments?post=96"}],"version-history":[{"count":0,"href":"https:\/\/vigilantbiosciences.com\/es\/wp-json\/wp\/v2\/pages\/96\/revisions"}],"wp:attachment":[{"href":"https:\/\/vigilantbiosciences.com\/es\/wp-json\/wp\/v2\/media?parent=96"}],"curies":[{"name":"wp","href":"https:\/\/api.w.org\/{rel}","templated":true}]}}