{"id":757,"date":"2024-11-01T21:54:51","date_gmt":"2024-11-01T21:54:51","guid":{"rendered":"https:\/\/vigilantbiosciences.com\/?page_id=757"},"modified":"2024-12-05T18:44:03","modified_gmt":"2024-12-05T18:44:03","slug":"partner-plan-order-form-eu","status":"publish","type":"page","link":"https:\/\/vigilantbiosciences.com\/es\/formulario-de-pedido-de-plan-de-socios\/","title":{"rendered":"Formulario de solicitud de suscripci\u00f3n al plan de socios (UE)"},"content":{"rendered":"<p>[et_pb_section fb_built=\u201d1\u2033 custom_padding_last_edited=\u201don|tablet\u201d _builder_version=\u201d4.20.0\u2033 _module_preset=\u201ddefault\u201d background_enable_color=\u201doff\u201d custom_margin=\u201d||||false|false\u201d custom_padding=\u201d1px|0px|19px||false|false\u201d custom_padding_tablet=\u201d50px||50px||true|false\u201d custom_padding_phone=\u201d50px||20px||false|false\u201d locking=\u201doff\u201d global_colors_info=\u201d{}\u201d][et_pb_row _builder_version=\u201d4.20.0\u2033 _module_preset=\u201ddefault\u201d width=\u201d90%\u201d custom_margin=\u201d26px|auto|-13px|auto||\u201d relleno_personalizado=\u201d0px||10px||falso|\u201d global_colors_info=\u201d{}\u201d][et_pb_column type=\u201d4_4\u2033 _builder_version=\u201d4.20.0\u2033 _module_preset=\u201ddefault\u201d global_colors_info=\u201d{}\u201d][et_pb_image src=\u201dhttps:\/\/vigilantbiosciences.com\/wp-content\/uploads\/BeVigilant-Orafusion-System-logo_color-1.png\u201d alt=\u201dLogotipo de Vigilant Biosciences\u00ae\u201d title_text=\u201dColor del logotipo de BeVigilant Orafusion System (1)\u201d align=\u201dcenter\u201d _builder_version=\u201d4.24.2\u2033 _module_preset=\u201ddefault\u201d width=\u201d40%\u201d max_width=\u201d40%\u201d module_alignment=\u201dcenter\u201d custom_margin=\u201d||29px|||\u201d global_colors_info=\u201d{}\u201d][\/et_pb_image][dipl_button _builder_version=\u201d4.24.2\u2033 _module_preset=\u201dpredeterminado\u201d global_colors_info=\u201d{}\u201d][\/dipl_button][\/et_pb_column][\/et_pb_row][\/et_pb_section][et_pb_section fb_built=\u201d1\u2033 _builder_version=\u201d4.24.2\u2033 _module_preset=\u201dpredeterminado\u201d min_height=\u201d63px\u201d custom_margin=\u201d-63px|||||\u201d global_colors_info=\u201d{}\u201d][\/et_pb_section][et_pb_section fb_built=\u201d1\u2033 module_id=\u201dschedule-demo-form\u201d _builder_version=\u201d4.24.2\u2033 _module_preset=\u201dpredeterminado\u201d background_color=\u201d#FFFFFF\u201d custom_margin=\u201d-63px|||||\u201d custom_padding=\u201d20px||20px||true|false\u201d global_colors_info=\u201d{}\u201d][et_pb_row _builder_version=\u201d4.20.0\u2033 _module_preset=\u201dpredeterminado\u201d width=\u201d90%\u201d min_height=\u201d125px\u201d custom_margin=\u201d-92px|auto||auto||\u201d custom_padding=\u201d64px||0px|||\u201d global_colors_info=\u201d{}\u201d][et_pb_column type=\u201d4_4\u2033 _builder_version=\u201d4.20.0\u2033 _module_preset=\u201dpredeterminado\u201d global_colors_info=\u201d{}\u201d][et_pb_text _builder_version=\u201d4.24.2\u2033 _module_preset=\u201dpredeterminado\u201d header_3_text_color=\u201d#008EA8\u2033 header_3_line_height=\u201d1.5em\u201d text_orientation=\u201dcenter\u201d min_height=\u201d109px\u201d custom_margin=\u201d4px|||||\u201d custom_padding=\u201d17px||26px||false|false\u201d global_colors_info=\u201d{}\u201d]<\/p>\n<h2><span style=\"color: #f05323;\">Plan de socios <\/span><\/h2>\n<h3><span style=\"color: #707272;\">Formulario de registro de suscripci\u00f3n<\/span>\u00a0<\/h3>\n<p>[\/et_pb_text][\/et_pb_column][\/et_pb_row][et_pb_row _builder_version=\u201d4.20.0\u2033 _module_preset=\u201ddefault\u201d width_tablet=\u201d90%\u201d width_phone=\u201d90%\u201d width_last_edited=\u201don|tablet\u201d max_width=\u201d700px\u201d max_width_tablet=\u201d700px\u201d max_width_phone=\u201d700px\u201d max_width_last_edited=\u201don|tablet\u201d custom_margin=\u201d-34px|auto||auto||\u201d Informaci\u00f3n global de colores = &quot;{}&quot;] [Tipo de columna et_pb = &quot;4_4&quot; _versi\u00f3n del constructor = &quot;4.20.0&quot; _ajuste predeterminado del m\u00f3dulo = &quot;predeterminado&quot; Informaci\u00f3n global de colores = &quot;{}&quot;] [C\u00f3digo et_pb _versi\u00f3n del constructor = &quot;4.24.2&quot; _ajuste predeterminado del m\u00f3dulo = &quot;predeterminado&quot; Margen personalizado = &quot;6px |||||&quot; Relleno personalizado = &quot;||46px |||&quot; Informaci\u00f3n global de colores = &quot;{}&quot;]<script type=\"text\/javascript\" src=\"https:\/\/form.jotform.com\/jsform\/243035111304034\"><\/script>[\/et_pb_code][\/et_pb_column][\/et_pb_row][\/et_pb_section]<\/p>","protected":false},"excerpt":{"rendered":"<p><div class=\"et_pb_module dipl_button dipl_button_0\">\n\t\t\t\t\n\t\t\t\t\n\t\t\t\t\n\t\t\t\t\n\t\t\t\t\n\t\t\t\t\n\t\t\t\t<div class=\"et_pb_module_inner\">\n\t\t\t\t\t\n\t\t\t\t<\/div>\n\t\t\t<\/div>Formulario de registro de suscripci\u00f3n al plan de socios\u00a0<\/p>","protected":false},"author":9,"featured_media":0,"parent":0,"menu_order":0,"comment_status":"closed","ping_status":"closed","template":"","meta":{"_et_pb_use_builder":"on","_et_pb_old_content":"","_et_gb_content_width":"","inline_featured_image":false,"footnotes":""},"class_list":["post-757","page","type-page","status-publish","hentry"],"yoast_head":"<!-- This site is optimized with the Yoast SEO plugin v22.1 - https:\/\/yoast.com\/wordpress\/plugins\/seo\/ -->\n<title>Partner Plan Subscription Order Form - EU - Vigilant Biosciences\u00ae<\/title>\n<meta name=\"robots\" content=\"index, follow, max-snippet:-1, max-image-preview:large, max-video-preview:-1\" \/>\n<link rel=\"canonical\" href=\"https:\/\/vigilantbiosciences.com\/es\/formulario-de-pedido-de-plan-de-socios\/\" \/>\n<meta property=\"og:locale\" content=\"es_ES\" \/>\n<meta property=\"og:type\" content=\"article\" \/>\n<meta property=\"og:title\" content=\"Partner Plan Subscription Order Form - EU - Vigilant Biosciences\u00ae\" \/>\n<meta property=\"og:description\" content=\"Patient Resources Understanding the Risk of Oral CancerThe Impact of Oral Cancer In the US alone, oral cancer kills an average one person per hour, 24 hours per day.1Oral cancer is a global challenge with more than 657,000 cases and nearly 330,000 deaths each year1Worldwide 5-year survival rate is only 50% due to delayed intervention [&hellip;]\" \/>\n<meta property=\"og:url\" content=\"https:\/\/vigilantbiosciences.com\/es\/formulario-de-pedido-de-plan-de-socios\/\" \/>\n<meta property=\"og:site_name\" content=\"Vigilant Biosciences\u00ae\" \/>\n<meta property=\"article:publisher\" content=\"https:\/\/www.facebook.com\/VigilantBiosciences1\" \/>\n<meta property=\"article:modified_time\" content=\"2024-12-05T18:44:03+00:00\" \/>\n<meta name=\"twitter:card\" content=\"summary_large_image\" \/>\n<meta name=\"twitter:label1\" content=\"Tiempo de lectura\" \/>\n\t<meta name=\"twitter:data1\" content=\"1 minuto\" \/>\n<script type=\"application\/ld+json\" class=\"yoast-schema-graph\">{\"@context\":\"https:\/\/schema.org\",\"@graph\":[{\"@type\":\"WebPage\",\"@id\":\"https:\/\/vigilantbiosciences.com\/partner-plan-order-form-eu\/\",\"url\":\"https:\/\/vigilantbiosciences.com\/partner-plan-order-form-eu\/\",\"name\":\"Partner Plan Subscription Order Form - EU - Vigilant Biosciences\u00ae\",\"isPartOf\":{\"@id\":\"https:\/\/vigilantbiosciences.com\/#website\"},\"datePublished\":\"2024-11-01T21:54:51+00:00\",\"dateModified\":\"2024-12-05T18:44:03+00:00\",\"breadcrumb\":{\"@id\":\"https:\/\/vigilantbiosciences.com\/partner-plan-order-form-eu\/#breadcrumb\"},\"inLanguage\":\"es\",\"potentialAction\":[{\"@type\":\"ReadAction\",\"target\":[\"https:\/\/vigilantbiosciences.com\/partner-plan-order-form-eu\/\"]}]},{\"@type\":\"BreadcrumbList\",\"@id\":\"https:\/\/vigilantbiosciences.com\/partner-plan-order-form-eu\/#breadcrumb\",\"itemListElement\":[{\"@type\":\"ListItem\",\"position\":1,\"name\":\"Home\",\"item\":\"https:\/\/vigilantbiosciences.com\/\"},{\"@type\":\"ListItem\",\"position\":2,\"name\":\"Partner Plan Subscription Order Form &#8211; EU\"}]},{\"@type\":\"WebSite\",\"@id\":\"https:\/\/vigilantbiosciences.com\/#website\",\"url\":\"https:\/\/vigilantbiosciences.com\/\",\"name\":\"Vigilant Biosciences\u00ae\",\"description\":\"\",\"publisher\":{\"@id\":\"https:\/\/vigilantbiosciences.com\/#organization\"},\"potentialAction\":[{\"@type\":\"SearchAction\",\"target\":{\"@type\":\"EntryPoint\",\"urlTemplate\":\"https:\/\/vigilantbiosciences.com\/?s={search_term_string}\"},\"query-input\":\"required name=search_term_string\"}],\"inLanguage\":\"es\"},{\"@type\":\"Organization\",\"@id\":\"https:\/\/vigilantbiosciences.com\/#organization\",\"name\":\"Vigilant Biosciences\u00ae\",\"url\":\"https:\/\/vigilantbiosciences.com\/\",\"logo\":{\"@type\":\"ImageObject\",\"inLanguage\":\"es\",\"@id\":\"https:\/\/vigilantbiosciences.com\/#\/schema\/logo\/image\/\",\"url\":\"https:\/\/vigilantbiosciences.com\/wp-content\/uploads\/vigilant-logo-horizontal.svg\",\"contentUrl\":\"https:\/\/vigilantbiosciences.com\/wp-content\/uploads\/vigilant-logo-horizontal.svg\",\"width\":\"1024\",\"height\":\"1024\",\"caption\":\"Vigilant Biosciences\u00ae\"},\"image\":{\"@id\":\"https:\/\/vigilantbiosciences.com\/#\/schema\/logo\/image\/\"},\"sameAs\":[\"https:\/\/www.facebook.com\/VigilantBiosciences1\",\"https:\/\/www.linkedin.com\/company\/vigilant-biosciences\/\"]}]}<\/script>\n<!-- \/ Yoast SEO plugin. -->","yoast_head_json":{"title":"Partner Plan Subscription Order Form - EU - Vigilant Biosciences\u00ae","robots":{"index":"index","follow":"follow","max-snippet":"max-snippet:-1","max-image-preview":"max-image-preview:large","max-video-preview":"max-video-preview:-1"},"canonical":"https:\/\/vigilantbiosciences.com\/es\/formulario-de-pedido-de-plan-de-socios\/","og_locale":"es_ES","og_type":"article","og_title":"Partner Plan Subscription Order Form - EU - Vigilant Biosciences\u00ae","og_description":"Patient Resources Understanding the Risk of Oral CancerThe Impact of Oral Cancer In the US alone, oral cancer kills an average one person per hour, 24 hours per day.1Oral cancer is a global challenge with more than 657,000 cases and nearly 330,000 deaths each year1Worldwide 5-year survival rate is only 50% due to delayed intervention [&hellip;]","og_url":"https:\/\/vigilantbiosciences.com\/es\/formulario-de-pedido-de-plan-de-socios\/","og_site_name":"Vigilant Biosciences\u00ae","article_publisher":"https:\/\/www.facebook.com\/VigilantBiosciences1","article_modified_time":"2024-12-05T18:44:03+00:00","twitter_card":"summary_large_image","twitter_misc":{"Tiempo de lectura":"1 minuto"},"schema":{"@context":"https:\/\/schema.org","@graph":[{"@type":"WebPage","@id":"https:\/\/vigilantbiosciences.com\/partner-plan-order-form-eu\/","url":"https:\/\/vigilantbiosciences.com\/partner-plan-order-form-eu\/","name":"Partner Plan Subscription Order Form - EU - Vigilant Biosciences\u00ae","isPartOf":{"@id":"https:\/\/vigilantbiosciences.com\/#website"},"datePublished":"2024-11-01T21:54:51+00:00","dateModified":"2024-12-05T18:44:03+00:00","breadcrumb":{"@id":"https:\/\/vigilantbiosciences.com\/partner-plan-order-form-eu\/#breadcrumb"},"inLanguage":"es","potentialAction":[{"@type":"ReadAction","target":["https:\/\/vigilantbiosciences.com\/partner-plan-order-form-eu\/"]}]},{"@type":"BreadcrumbList","@id":"https:\/\/vigilantbiosciences.com\/partner-plan-order-form-eu\/#breadcrumb","itemListElement":[{"@type":"ListItem","position":1,"name":"Home","item":"https:\/\/vigilantbiosciences.com\/"},{"@type":"ListItem","position":2,"name":"Partner Plan Subscription Order Form &#8211; EU"}]},{"@type":"WebSite","@id":"https:\/\/vigilantbiosciences.com\/#website","url":"https:\/\/vigilantbiosciences.com\/","name":"Vigilant Biosciences\u00ae","description":"","publisher":{"@id":"https:\/\/vigilantbiosciences.com\/#organization"},"potentialAction":[{"@type":"SearchAction","target":{"@type":"EntryPoint","urlTemplate":"https:\/\/vigilantbiosciences.com\/?s={search_term_string}"},"query-input":"required name=search_term_string"}],"inLanguage":"es"},{"@type":"Organization","@id":"https:\/\/vigilantbiosciences.com\/#organization","name":"Vigilant Biosciences\u00ae","url":"https:\/\/vigilantbiosciences.com\/","logo":{"@type":"ImageObject","inLanguage":"es","@id":"https:\/\/vigilantbiosciences.com\/#\/schema\/logo\/image\/","url":"https:\/\/vigilantbiosciences.com\/wp-content\/uploads\/vigilant-logo-horizontal.svg","contentUrl":"https:\/\/vigilantbiosciences.com\/wp-content\/uploads\/vigilant-logo-horizontal.svg","width":"1024","height":"1024","caption":"Vigilant Biosciences\u00ae"},"image":{"@id":"https:\/\/vigilantbiosciences.com\/#\/schema\/logo\/image\/"},"sameAs":["https:\/\/www.facebook.com\/VigilantBiosciences1","https:\/\/www.linkedin.com\/company\/vigilant-biosciences\/"]}]}},"_links":{"self":[{"href":"https:\/\/vigilantbiosciences.com\/es\/wp-json\/wp\/v2\/pages\/757","targetHints":{"allow":["GET"]}}],"collection":[{"href":"https:\/\/vigilantbiosciences.com\/es\/wp-json\/wp\/v2\/pages"}],"about":[{"href":"https:\/\/vigilantbiosciences.com\/es\/wp-json\/wp\/v2\/types\/page"}],"author":[{"embeddable":true,"href":"https:\/\/vigilantbiosciences.com\/es\/wp-json\/wp\/v2\/users\/9"}],"replies":[{"embeddable":true,"href":"https:\/\/vigilantbiosciences.com\/es\/wp-json\/wp\/v2\/comments?post=757"}],"version-history":[{"count":0,"href":"https:\/\/vigilantbiosciences.com\/es\/wp-json\/wp\/v2\/pages\/757\/revisions"}],"wp:attachment":[{"href":"https:\/\/vigilantbiosciences.com\/es\/wp-json\/wp\/v2\/media?parent=757"}],"curies":[{"name":"wp","href":"https:\/\/api.w.org\/{rel}","templated":true}]}}