{"id":731,"date":"2024-08-06T20:43:40","date_gmt":"2024-08-06T20:43:40","guid":{"rendered":"https:\/\/vigilantbiosciences.com\/?page_id=731"},"modified":"2024-08-07T18:48:57","modified_gmt":"2024-08-07T18:48:57","slug":"distributor-updates","status":"publish","type":"page","link":"https:\/\/vigilantbiosciences.com\/es\/actualizaciones-del-distribuidor\/","title":{"rendered":"Actualizaciones del distribuidor"},"content":{"rendered":"<p>[et_pb_section fb_built=\u201d1\u2033 custom_padding_last_edited=\u201don|phone\u201d _builder_version=\u201d4.24.0\u2033 _module_preset=\u201ddefault\u201d use_background_color_gradient=\u201don\u201d background_color_gradient_stops=\u201drgba(0,142,168,0.5) 0%|rgba(0,142,168,0.5) 100%\u201d background_image=\u201dhttps:\/\/vigilantbiosciences.com\/wp-content\/uploads\/test-1.png\u201d custom_padding=\u201d100px||100px||true|false\u201d custom_padding_tablet=\u201d80px||80px||true|false\u201d custom_padding_phone=\u201d50px||50px||true|false\u201d bloqueado=\u201ddesactivado\u201d contra\u00eddo=\u201dactivado\u201d informaci\u00f3n_global_colors=\u201d{}\u201d][et_pb_row _builder_version=\u201d4.20.0\u2033 _module_preset=\u201dpredeterminado\u201d informaci\u00f3n_global_colors=\u201d{}\u201d][et_pb_column type=\u201d4_4\u2033 _builder_version=\u201d4.20.0\u2033 _module_preset=\u201dpredeterminado\u201d informaci\u00f3n_global_colors=\u201d{}\u201d][et_pb_text _builder_version=\u201d4.23.1\u2033 _module_preset=\u201dpredeterminado\u201d tama\u00f1o_fuente_texto=\u201d30px\u201d fuente_encabezado=\u201d|600|||||||\u201d espaciado_letras_encabezado=\u201d-3px\u201d orientaci\u00f3n_texto=\u201dcentrado\u201d dise\u00f1o_fondo=\u201doscuro\u201d informaci\u00f3n_global_colors=\u201d{}\u201d]<\/p>\n<h1>Recursos para distribuidores<\/h1>\n<p>[\/et_pb_text][\/et_pb_column][\/et_pb_row][\/et_pb_section][et_pb_section fb_built=\u201d1\u2033 custom_padding_last_edited=\u201don|tablet\u201d _builder_version=\u201d4.20.4\u2033 _module_preset=\u201ddefault\u201d background_enable_color=\u201doff\u201d custom_margin=\u201d||||false|false\u201d custom_padding=\u201d80px||80px||true|false\u201d custom_padding_tablet=\u201d50px||50px||true|false\u201d custom_padding_phone=\u201d50px||50px||true|false\u201d locking=\u201doff\u201d tailed=\u201don\u201d global_colors_info=\u201d{}\u201d][et_pb_row _builder_version=\u201d4.20.4\u2033 _module_preset=\u201dpredeterminado\u201d width_tablet=\u201d90%\u201d width_phone=\u201d90%\u201d width_last_edited=\u201don|tablet\u201d custom_margin=\u201d||||false|false\u201d custom_padding=\u201d0px||0px||false|false\u201d global_colors_info=\u201d{}\u201d][et_pb_column type=\u201d4_4\u2033 _builder_version=\u201d4.20.0\u2033 _module_preset=\u201dpredeterminado\u201d global_colors_info=\u201d{}\u201d][et_pb_text module_class=\u201dunderstanding\u201d _builder_version=\u201d4.23.1\u2033 _module_preset=\u201dpredeterminado\u201d header_2_text_color=\u201d#F05323\u2033 text_orientation=\u201dcenter\u201d margen_personalizado=\u201d0px||20px||falso|falso\u201d relleno_personalizado=\u201d||||falso|falso\u201d informaci\u00f3n_de_colores_global=\u201d{}\u201d]<\/p>\n<h2>Liderar la carga para avanzar en la detecci\u00f3n del c\u00e1ncer oral<\/h2>\n<p>[\/et_pb_text][et_pb_text _builder_version=\u201d4.23.1\u2033 _module_preset=\u201ddefault\u201d text_font_size=\u201d20px\u201d text_orientation=\u201dcenter\u201d custom_margin=\u201d||0px||false|false\u201d custom_padding=\u201d||0px||false|false\u201d global_colors_info=\u201d{}\u201d]<\/p>\n<p>Vigilant Biosciences\u00ae mantiene un fuerte compromiso con nuestros socios distribuidores. Trabajamos codo con codo con distribuidores dentales para ofrecer soluciones de vanguardia a consultorios de todo el mundo, proporcionando a nuestros socios las herramientas que necesitan para mejorar las relaciones con los clientes y conseguir nuevos negocios. Como distribuidor, esta p\u00e1gina es su centro central de recursos e informaci\u00f3n a lo largo de nuestra asociaci\u00f3n. Para necesidades espec\u00edficas de comunicaci\u00f3n y distribuci\u00f3n, inicie sesi\u00f3n en su cuenta del portal de distribuidores a continuaci\u00f3n.<\/p>\n<p>[\/et_pb_text][\/et_pb_column][\/et_pb_row][\/et_pb_section][et_pb_section fb_built=\u201d1\u2033 custom_padding_last_edited=\u201don|tablet\u201d _builder_version=\u201d4.20.4\u2033 _module_preset=\u201ddefault\u201d background_color=\u201drgba(0,142,168,0.1)\u201d width=\u201d100%\u201d max_width=\u201d100%\u201d custom_margin=\u201d||||false|false\u201d custom_padding=\u201d80px||80px||true|false\u201d custom_padding_tablet=\u201d50px||||false|false\u201d custom_padding_phone=\u201d50px||0px||false|false\u201d locking=\u201doff\u201d collapsed=\u201don\u201d Informaci\u00f3n global de colores = &quot;{}&quot;][et_pb_row relleno personalizado \u00faltima edici\u00f3n = &quot;en tableta&quot; _builder_version = &quot;4.20.4&quot; _module_preset = &quot;predeterminado&quot; ancho tableta = &quot;90%&quot; ancho tel\u00e9fono = &quot;90%&quot; ancho \u00faltima edici\u00f3n = &quot;en tableta&quot; ancho m\u00e1ximo tableta = &quot;&quot; ancho m\u00e1ximo tel\u00e9fono = &quot;&quot; ancho m\u00e1ximo \u00faltima edici\u00f3n = &quot;en tableta&quot; relleno personalizado = &quot;||50px||falso|falso&quot; relleno personalizado tableta = &quot;0px||20px||falso|falso&quot; relleno personalizado tel\u00e9fono = &quot;0px||20px||falso|falso&quot; Informaci\u00f3n global de colores = &quot;{}&quot;][et_pb_column tipo = &quot;4_4&quot; Versi\u00f3n del constructor: 4.20.0. Ajuste preestablecido del m\u00f3dulo: predeterminado. Informaci\u00f3n global de colores: {}.<\/p>\n<h2>Beneficios de una asociaci\u00f3n con Vigilant Biosciences\u00ae<\/h2>\n<p>[\/et_pb_text][\/et_pb_column][\/et_pb_row][et_pb_row estructura_columna=\u201d1_3,1_3,1_3\u2033 _builder_version=\u201d4.23.1\u2033 _module_preset=\u201ddefault\u201d ancho_tableta=\u201d90%\u201d ancho_tel\u00e9fono=\u201d90%\u201d ancho_\u00faltima_edici\u00f3n=\u201don|tableta\u201d informaci\u00f3n_colores_globales=\u201d{}\u201d][et_pb_column tipo=\u201d1_3\u2033 _builder_version=\u201d4.23.1\u2033 _module_preset=\u201ddefault\u201d informaci\u00f3n_colores_globales=\u201d{}\u201d][et_pb_blurb t\u00edtulo=\u201dSoluciones de vanguardia\u201d imagen=\u201dhttps:\/\/vigilantbiosciences.com\/wp-content\/uploads\/vigilant-biosciences-icon.svg\u201d alt=\u201d\u00cdcono del logotipo de Vigilant Biosciences\u00ae\u201d image_icon_width=\u201d72px\u201d _builder_version=\u201d4.23.1\u2033 _module_preset=\u201ddefault\u201d header_level=\u201dh3\u2033 header_text_align=\u201dcenter\u201d header_text_color=\u201d#008EA8\u2033 body_text_align=\u201dcenter\u201d animation=\u201doff\u201d global_colors_info=\u201d{}\u201d]<\/p>\n<p>Como dispositivo innovador designado por la FDA, el sistema BeVigilant OraFusion representa nuestra misi\u00f3n de permanecer a la vanguardia de la innovaci\u00f3n en el c\u00e1ncer oral. Asociarse con Vigilant Biosciences\u00ae le brinda a su empresa acceso exclusivo a soluciones de vanguardia en el espacio de detecci\u00f3n del c\u00e1ncer, posicionando su marca como uno de los principales distribuidores de tecnolog\u00eda innovadora.<\/p>\n<p>[\/et_pb_blurb][\/et_pb_column][et_pb_column type=\u201d1_3\u2033 _builder_version=\u201d4.23.1\u2033 _module_preset=\u201ddefault\u201d global_colors_info=\u201d{}\u201d][et_pb_blurb title=\u201dInnovaci\u00f3n centrada en el cliente\u201d image=\u201dhttps:\/\/vigilantbiosciences.com\/wp-content\/uploads\/vigilant-biosciences-icon.svg\u201d alt=\u201d\u00cdcono del logotipo de Vigilant Biosciences\u00ae\u201d image_icon_width=\u201d72px\u201d _builder_version=\u201d4.23.1\u2033 _module_preset=\u201ddefault\u201d header_level=\u201dh3\u2033 header_text_align=\u201dcenter\u201d header_text_color=\u201d#008EA8\u2033 body_text_align=\u201dcenter\u201d animation=\u201doff\u201d informaci\u00f3n_global_colores=\u201d{}\u201d]<\/p>\n<p>El equipo de Vigilant Biosciences\u00ae valora mucho los comentarios de nuestros clientes. Nuestra misi\u00f3n principal es innovar para satisfacer las demandas de los clientes y mejorar nuestra oferta. Vigilant Biosciences\u00ae garantiza que los distribuidores mantengan la satisfacci\u00f3n del cliente a trav\u00e9s de una comunicaci\u00f3n r\u00e1pida y eficaz que aborde las necesidades del cliente.<\/p>\n<p>[\/et_pb_blurb][\/et_pb_column][et_pb_column type=\u201d1_3\u2033 _builder_version=\u201d4.23.1\u2033 _module_preset=\u201ddefault\u201d global_colors_info=\u201d{}\u201d][et_pb_blurb title=\u201dL\u00ednea de productos en expansi\u00f3n\u201d image=\u201dhttps:\/\/vigilantbiosciences.com\/wp-content\/uploads\/vigilant-biosciences-icon.svg\u201d alt=\u201d\u00cdcono del logotipo de Vigilant Biosciences\u00ae\u201d image_icon_width=\u201d72px\u201d _builder_version=\u201d4.23.1\u2033 _module_preset=\u201ddefault\u201d header_level=\u201dh3\u2033 header_text_align=\u201dcenter\u201d header_text_color=\u201d#008EA8\u2033 body_text_align=\u201dcenter\u201d animation=\u201doff\u201d informaci\u00f3n_global_colores=\u201d{}\u201d]<\/p>\n<p>Como nuestro producto estrella, el sistema BeVigilant OraFusion es solo la primera soluci\u00f3n desarrollada por nuestro equipo de l\u00edderes de la industria en odontolog\u00eda, oncolog\u00eda y diagn\u00f3stico de atenci\u00f3n m\u00e9dica. Al mantenerse a la vanguardia de las soluciones de detecci\u00f3n temprana del c\u00e1ncer y otras enfermedades, Vigilant Biosciences\u00ae puede ayudar a que su negocio se expanda a nuevas bases de clientes y se destaque con ofertas de productos innovadoras.<\/p>\n<p>[\/et_pb_blurb][\/et_pb_column][\/et_pb_row][\/et_pb_section][et_pb_section fb_built=\u201d1\u2033 custom_padding_last_edited=\u201don|tablet\u201d _builder_version=\u201d4.23.1\u2033 _module_preset=\u201ddefault\u201d background_enable_color=\u201doff\u201d width=\u201d100%\u201d max_width=\u201d100%\u201d custom_margin=\u201d||||false|false\u201d custom_padding=\u201d80px||80px||true|false\u201d custom_padding_tablet=\u201d50px||||false|false\u201d custom_padding_phone=\u201d50px||0px||false|false\u201d locking=\u201doff\u201d collapsed=\u201don\u201d Informaci\u00f3n global de colores = &quot;{}&quot;][et_pb_row relleno personalizado \u00faltima edici\u00f3n = &quot;en tableta&quot; _builder_version = &quot;4.23.1&quot; _module_preset = &quot;predeterminado&quot; ancho tableta = &quot;90%&quot; ancho tel\u00e9fono = &quot;90%&quot; ancho \u00faltima edici\u00f3n = &quot;en tableta&quot; ancho m\u00e1ximo tableta = &quot;&quot; ancho m\u00e1ximo tel\u00e9fono = &quot;&quot; ancho m\u00e1ximo \u00faltima edici\u00f3n = &quot;en tableta&quot; relleno personalizado = &quot;||0px||falso|falso&quot; relleno personalizado tableta = &quot;0px||20px||falso|falso&quot; relleno personalizado tel\u00e9fono = &quot;0px||20px||falso|falso&quot; Informaci\u00f3n global de colores = &quot;{}&quot;][et_pb_column tipo = &quot;4_4&quot; Versi\u00f3n del constructor: 4.20.0. Ajuste preestablecido del m\u00f3dulo: predeterminado. Informaci\u00f3n global de colores: {}.]<\/p>\n<h2>Conexi\u00f3n segura a trav\u00e9s de nuestro portal de distribuidores<\/h2>\n<p>[\/et_pb_text][et_pb_text _builder_version=\u201d4.23.1\u2033 _module_preset=\u201ddefault\u201d text_font_size=\u201d20px\u201d text_orientation=\u201dcenter\u201d custom_margin=\u201d||0px||false|false\u201d custom_padding=\u201d||0px||false|false\u201d global_colors_info=\u201d{}\u201d]<\/p>\n<p>Vigilant Biosciences\u00ae utiliza un portal altamente seguro protegido con contrase\u00f1a como punto de contacto principal para los distribuidores potenciales y aprobados. Su cuenta tendr\u00e1 un nombre de usuario y contrase\u00f1a \u00fanicos, lo que garantizar\u00e1 un acceso seguro y controlado a toda la informaci\u00f3n y log\u00edstica de distribuci\u00f3n.<\/p>\n<p>Si es un distribuidor nuevo y necesita solicitar acceso al portal, env\u00ede un correo electr\u00f3nico <a href=\"mailto:customerservice@vigilantbiosciences.com\">servicioalcliente@vigilantbiosciences.com<\/a> con su nombre completo, datos de la empresa e informaci\u00f3n de contacto. Alternativamente, puede utilizar el formulario que se proporciona a continuaci\u00f3n para enviar su solicitud.<\/p>\n<p>[\/et_pb_text][et_pb_text _builder_version=\u201d4.23.1\u2033 _module_preset=\u201ddefault\u201d header_4_text_align=\u201dcenter\u201d custom_margin=\u201d30px||||false|false\u201d global_colors_info=\u201d{}\u201d]<\/p>\n<h4>Haga clic a continuaci\u00f3n para acceder al portal del distribuidor.<\/h4>\n<p>[\/et_pb_text][et_pb_button URL del bot\u00f3n = &quot;https:\/\/vigilantbiosciencescom.sharepoint.com\/sites\/Distributor-Portal&quot; Nueva ventana de URL = &quot;activado&quot; Texto del bot\u00f3n = &quot;Portal de acceso&quot; Alineaci\u00f3n del bot\u00f3n = &quot;centrado&quot; Versi\u00f3n del generador = &quot;4.23.1&quot; Ajuste preestablecido del m\u00f3dulo = &quot;predeterminado&quot; Bot\u00f3n personalizado = &quot;activado&quot; Tama\u00f1o del texto del bot\u00f3n = &quot;16 px&quot; Color del texto del bot\u00f3n = &quot;#008EA8&quot; Ancho del borde del bot\u00f3n = &quot;2 px&quot; Color del borde del bot\u00f3n = &quot;#008EA8&quot; Radio del borde del bot\u00f3n = &quot;50 px&quot; Espaciado entre letras del bot\u00f3n = &quot;1 px&quot; Icono de uso del bot\u00f3n = &quot;desactivado&quot; Margen personalizado = &quot;|||30 px|falso|falso&quot; margen_personalizado_tableta=\u201d||10px|0px|falso|falso\u201d margen_personalizado_tel\u00e9fono=\u201d|||0px|falso|falso\u201d margen_personalizado_\u00faltima_edici\u00f3n=\u201den|tableta\u201d relleno_personalizado=\u201d8px|30px|8px|30px|verdadero|verdadero\u201d informaci\u00f3n_global_colores=\u201d{}\u201d color_texto_bot\u00f3n__hover=\u201d#FFFFFF\u201d color_texto_bot\u00f3n__hover_habilitado=\u201den|pasar el rat\u00f3n\u201d color_fondo_bot\u00f3n__hover=\u201d#008EA8\u2033 color_fondo_bot\u00f3n__hover_habilitado=\u201den|pasar el rat\u00f3n\u201d][\/et_pb_bot\u00f3n][\/et_pb_columna][\/et_pb_fila][\/et_pb_secci\u00f3n][et_pb_secci\u00f3n fb_construido=\u201d1\u2033 relleno_personalizado_\u00faltima_edici\u00f3n=\u201den|tel\u00e9fono\u201d Versi\u00f3n del constructor = 4.20.4. Preajuste del m\u00f3dulo = predeterminado. Color de fondo = rgba(0,142,168,0.1). Relleno personalizado = 70 px | 70 px | verdadero | falso. Relleno personalizado para tableta = 70 px | 70 px | verdadero | falso. Relleno personalizado para tel\u00e9fono = 50 px | 50 px | verdadero | falso. Contra\u00eddo = activado. Informaci\u00f3n global de colores = {}. [et_pb_row \u00daltima edici\u00f3n del relleno personalizado = activado | tel\u00e9fono]. Versi\u00f3n del constructor = 4.20.4. Preajuste del m\u00f3dulo = predeterminado. Ancho de la tableta = 90%. Ancho del tel\u00e9fono = 90%. \u00daltima edici\u00f3n del relleno personalizado = activado | tel\u00e9fono. Relleno_personalizado_tableta=\u201d0px||0px||verdadero|falso\u201d Relleno_personalizado_tel\u00e9fono=\u201d0px||0px||verdadero|falso\u201d Informaci\u00f3n_global_colores=\u201d{}\u201d][Tipo_columna_et_pb=\u201d4_4\u2033 Versi\u00f3n_compilador=\u201d4.20.4\u2033 Ajuste_predeterminado_m\u00f3dulo=\u201dpredeterminado\u201d Informaci\u00f3n_global_colores=\u201d{}\u201d][Texto_et_pb_versi\u00f3n_compilador=\u201d4.23.1\u2033 Ajuste_predeterminado_m\u00f3dulo=\u201dpredeterminado\u201d Color_texto=\u201d#008EA8\u2033 Tama\u00f1o_fuente=\u201d24px\u201d Color_texto_encabezado=\u201d#008EA8\u2033 Orientaci\u00f3n_texto=\u201dcentro\u201d Margen_personalizado=\u201d||20px||falso|falso\u201d Informaci\u00f3n_global_colores=\u201d{}\u201d]<\/p>\n<h2>\u00a0Convi\u00e9rtase en socio de Vigilant Biosciences\u00ae<\/h2>\n<p>[\/et_pb_text][et_pb_text _builder_version=\u201d4.23.1\u2033 _module_preset=\u201ddefault\u201d text_font_size=\u201d20px\u201d text_orientation=\u201dcenter\u201d custom_margin=\u201d||50px||false|false\u201d custom_padding=\u201d||0px||false|false\u201d global_colors_info=\u201d{}\u201d]<\/p>\n<p>Obtenga m\u00e1s informaci\u00f3n sobre c\u00f3mo asociarse con Vigilant Biosciences\u00ae.<\/p>\n<p>[\/et_pb_text][\/et_pb_column][\/et_pb_row][et_pb_row _builder_version=\u201d4.20.0\u2033 _module_preset=\u201dpredeterminado\u201d width_tablet=\u201d90%\u201d width_phone=\u201d90%\u201d width_last_edited=\u201don|tablet\u201d max_width=\u201d700px\u201d max_width_tablet=\u201d700px\u201d max_width_phone=\u201d700px\u201d max_width_last_edited=\u201don|tablet\u201d locking=\u201doff\u201d global_colors_info=\u201d{}\u201d][et_pb_column type=\u201d4_4\u2033 _builder_version=\u201d4.20.0\u2033 _module_preset=\u201dpredeterminado\u201d global_colors_info=\u201d{}\u201d][et_pb_code _builder_version=\u201d4.23.1\u2033 _module_preset=\u201dpredeterminado\u201d global_colors_info=\u201d{}\u201d]<script charset=\"utf-8\" type=\"text\/javascript\" src=\"\/\/js.hsforms.net\/forms\/embed\/v2.js\"><\/script><!-- [et_pb_line_break_holder] --><script><!-- [et_pb_line_break_holder] -->  hbspt.forms.create({<!-- [et_pb_line_break_holder] -->    region: \"na1\",<!-- [et_pb_line_break_holder] -->    portalId: \"23572199\",<!-- [et_pb_line_break_holder] -->    formId: \"87e99d07-5a71-467c-b9ea-86ee3a08ae35\"<!-- [et_pb_line_break_holder] -->  });<!-- [et_pb_line_break_holder] --><\/script>[\/et_pb_code][\/et_pb_column][\/et_pb_row][\/et_pb_section]<\/p>","protected":false},"excerpt":{"rendered":"<p>Recursos para distribuidores Liderar la carga en el avance de la detecci\u00f3n del c\u00e1ncer oral Vigilant Biosciences\u00ae mantiene un fuerte compromiso con nuestros socios distribuidores. Trabajamos codo con codo con distribuidores dentales para ofrecer soluciones de vanguardia a consultorios de todo el mundo, proporcionando a nuestros socios las herramientas que necesitan para mejorar las relaciones con los clientes y conseguir nuevos negocios. Como distribuidor, esta p\u00e1gina es tu central [\u2026]<\/p>","protected":false},"author":9,"featured_media":0,"parent":0,"menu_order":0,"comment_status":"closed","ping_status":"closed","template":"","meta":{"_et_pb_use_builder":"on","_et_pb_old_content":"","_et_gb_content_width":"","inline_featured_image":false,"footnotes":""},"class_list":["post-731","page","type-page","status-publish","hentry"],"yoast_head":"<!-- This site is optimized with the Yoast SEO plugin v22.1 - https:\/\/yoast.com\/wordpress\/plugins\/seo\/ -->\n<title>Distributor Updates - Vigilant Biosciences\u00ae<\/title>\n<meta name=\"robots\" content=\"index, follow, max-snippet:-1, max-image-preview:large, max-video-preview:-1\" \/>\n<link rel=\"canonical\" href=\"https:\/\/vigilantbiosciences.com\/es\/actualizaciones-del-distribuidor\/\" \/>\n<meta property=\"og:locale\" content=\"es_ES\" \/>\n<meta property=\"og:type\" content=\"article\" \/>\n<meta property=\"og:title\" content=\"Distributor Updates - Vigilant Biosciences\u00ae\" \/>\n<meta property=\"og:description\" content=\"Patient Resources Understanding the Risk of Oral CancerThe Impact of Oral Cancer In the US alone, oral cancer kills an average one person per hour, 24 hours per day.1Oral cancer is a global challenge with more than 657,000 cases and nearly 330,000 deaths each year1Worldwide 5-year survival rate is only 50% due to delayed intervention [&hellip;]\" \/>\n<meta property=\"og:url\" content=\"https:\/\/vigilantbiosciences.com\/es\/actualizaciones-del-distribuidor\/\" \/>\n<meta property=\"og:site_name\" content=\"Vigilant Biosciences\u00ae\" \/>\n<meta property=\"article:publisher\" content=\"https:\/\/www.facebook.com\/VigilantBiosciences1\" \/>\n<meta property=\"article:modified_time\" content=\"2024-08-07T18:48:57+00:00\" \/>\n<meta name=\"twitter:card\" content=\"summary_large_image\" \/>\n<script type=\"application\/ld+json\" class=\"yoast-schema-graph\">{\"@context\":\"https:\/\/schema.org\",\"@graph\":[{\"@type\":\"WebPage\",\"@id\":\"https:\/\/vigilantbiosciences.com\/distributor-updates\/\",\"url\":\"https:\/\/vigilantbiosciences.com\/distributor-updates\/\",\"name\":\"Distributor Updates - Vigilant Biosciences\u00ae\",\"isPartOf\":{\"@id\":\"https:\/\/vigilantbiosciences.com\/#website\"},\"datePublished\":\"2024-08-06T20:43:40+00:00\",\"dateModified\":\"2024-08-07T18:48:57+00:00\",\"breadcrumb\":{\"@id\":\"https:\/\/vigilantbiosciences.com\/distributor-updates\/#breadcrumb\"},\"inLanguage\":\"es\",\"potentialAction\":[{\"@type\":\"ReadAction\",\"target\":[\"https:\/\/vigilantbiosciences.com\/distributor-updates\/\"]}]},{\"@type\":\"BreadcrumbList\",\"@id\":\"https:\/\/vigilantbiosciences.com\/distributor-updates\/#breadcrumb\",\"itemListElement\":[{\"@type\":\"ListItem\",\"position\":1,\"name\":\"Home\",\"item\":\"https:\/\/vigilantbiosciences.com\/\"},{\"@type\":\"ListItem\",\"position\":2,\"name\":\"Distributor Updates\"}]},{\"@type\":\"WebSite\",\"@id\":\"https:\/\/vigilantbiosciences.com\/#website\",\"url\":\"https:\/\/vigilantbiosciences.com\/\",\"name\":\"Vigilant Biosciences\u00ae\",\"description\":\"\",\"publisher\":{\"@id\":\"https:\/\/vigilantbiosciences.com\/#organization\"},\"potentialAction\":[{\"@type\":\"SearchAction\",\"target\":{\"@type\":\"EntryPoint\",\"urlTemplate\":\"https:\/\/vigilantbiosciences.com\/?s={search_term_string}\"},\"query-input\":\"required name=search_term_string\"}],\"inLanguage\":\"es\"},{\"@type\":\"Organization\",\"@id\":\"https:\/\/vigilantbiosciences.com\/#organization\",\"name\":\"Vigilant Biosciences\u00ae\",\"url\":\"https:\/\/vigilantbiosciences.com\/\",\"logo\":{\"@type\":\"ImageObject\",\"inLanguage\":\"es\",\"@id\":\"https:\/\/vigilantbiosciences.com\/#\/schema\/logo\/image\/\",\"url\":\"https:\/\/vigilantbiosciences.com\/wp-content\/uploads\/vigilant-logo-horizontal.svg\",\"contentUrl\":\"https:\/\/vigilantbiosciences.com\/wp-content\/uploads\/vigilant-logo-horizontal.svg\",\"width\":\"1024\",\"height\":\"1024\",\"caption\":\"Vigilant Biosciences\u00ae\"},\"image\":{\"@id\":\"https:\/\/vigilantbiosciences.com\/#\/schema\/logo\/image\/\"},\"sameAs\":[\"https:\/\/www.facebook.com\/VigilantBiosciences1\",\"https:\/\/www.linkedin.com\/company\/vigilant-biosciences\/\"]}]}<\/script>\n<!-- \/ Yoast SEO plugin. -->","yoast_head_json":{"title":"Distributor Updates - Vigilant Biosciences\u00ae","robots":{"index":"index","follow":"follow","max-snippet":"max-snippet:-1","max-image-preview":"max-image-preview:large","max-video-preview":"max-video-preview:-1"},"canonical":"https:\/\/vigilantbiosciences.com\/es\/actualizaciones-del-distribuidor\/","og_locale":"es_ES","og_type":"article","og_title":"Distributor Updates - Vigilant Biosciences\u00ae","og_description":"Patient Resources Understanding the Risk of Oral CancerThe Impact of Oral Cancer In the US alone, oral cancer kills an average one person per hour, 24 hours per day.1Oral cancer is a global challenge with more than 657,000 cases and nearly 330,000 deaths each year1Worldwide 5-year survival rate is only 50% due to delayed intervention [&hellip;]","og_url":"https:\/\/vigilantbiosciences.com\/es\/actualizaciones-del-distribuidor\/","og_site_name":"Vigilant Biosciences\u00ae","article_publisher":"https:\/\/www.facebook.com\/VigilantBiosciences1","article_modified_time":"2024-08-07T18:48:57+00:00","twitter_card":"summary_large_image","schema":{"@context":"https:\/\/schema.org","@graph":[{"@type":"WebPage","@id":"https:\/\/vigilantbiosciences.com\/distributor-updates\/","url":"https:\/\/vigilantbiosciences.com\/distributor-updates\/","name":"Distributor Updates - Vigilant Biosciences\u00ae","isPartOf":{"@id":"https:\/\/vigilantbiosciences.com\/#website"},"datePublished":"2024-08-06T20:43:40+00:00","dateModified":"2024-08-07T18:48:57+00:00","breadcrumb":{"@id":"https:\/\/vigilantbiosciences.com\/distributor-updates\/#breadcrumb"},"inLanguage":"es","potentialAction":[{"@type":"ReadAction","target":["https:\/\/vigilantbiosciences.com\/distributor-updates\/"]}]},{"@type":"BreadcrumbList","@id":"https:\/\/vigilantbiosciences.com\/distributor-updates\/#breadcrumb","itemListElement":[{"@type":"ListItem","position":1,"name":"Home","item":"https:\/\/vigilantbiosciences.com\/"},{"@type":"ListItem","position":2,"name":"Distributor Updates"}]},{"@type":"WebSite","@id":"https:\/\/vigilantbiosciences.com\/#website","url":"https:\/\/vigilantbiosciences.com\/","name":"Vigilant Biosciences\u00ae","description":"","publisher":{"@id":"https:\/\/vigilantbiosciences.com\/#organization"},"potentialAction":[{"@type":"SearchAction","target":{"@type":"EntryPoint","urlTemplate":"https:\/\/vigilantbiosciences.com\/?s={search_term_string}"},"query-input":"required name=search_term_string"}],"inLanguage":"es"},{"@type":"Organization","@id":"https:\/\/vigilantbiosciences.com\/#organization","name":"Vigilant Biosciences\u00ae","url":"https:\/\/vigilantbiosciences.com\/","logo":{"@type":"ImageObject","inLanguage":"es","@id":"https:\/\/vigilantbiosciences.com\/#\/schema\/logo\/image\/","url":"https:\/\/vigilantbiosciences.com\/wp-content\/uploads\/vigilant-logo-horizontal.svg","contentUrl":"https:\/\/vigilantbiosciences.com\/wp-content\/uploads\/vigilant-logo-horizontal.svg","width":"1024","height":"1024","caption":"Vigilant Biosciences\u00ae"},"image":{"@id":"https:\/\/vigilantbiosciences.com\/#\/schema\/logo\/image\/"},"sameAs":["https:\/\/www.facebook.com\/VigilantBiosciences1","https:\/\/www.linkedin.com\/company\/vigilant-biosciences\/"]}]}},"_links":{"self":[{"href":"https:\/\/vigilantbiosciences.com\/es\/wp-json\/wp\/v2\/pages\/731","targetHints":{"allow":["GET"]}}],"collection":[{"href":"https:\/\/vigilantbiosciences.com\/es\/wp-json\/wp\/v2\/pages"}],"about":[{"href":"https:\/\/vigilantbiosciences.com\/es\/wp-json\/wp\/v2\/types\/page"}],"author":[{"embeddable":true,"href":"https:\/\/vigilantbiosciences.com\/es\/wp-json\/wp\/v2\/users\/9"}],"replies":[{"embeddable":true,"href":"https:\/\/vigilantbiosciences.com\/es\/wp-json\/wp\/v2\/comments?post=731"}],"version-history":[{"count":0,"href":"https:\/\/vigilantbiosciences.com\/es\/wp-json\/wp\/v2\/pages\/731\/revisions"}],"wp:attachment":[{"href":"https:\/\/vigilantbiosciences.com\/es\/wp-json\/wp\/v2\/media?parent=731"}],"curies":[{"name":"wp","href":"https:\/\/api.w.org\/{rel}","templated":true}]}}