{"id":721,"date":"2024-08-06T20:30:32","date_gmt":"2024-08-06T20:30:32","guid":{"rendered":"https:\/\/vigilantbiosciences.com\/?page_id=721"},"modified":"2024-08-07T18:41:14","modified_gmt":"2024-08-07T18:41:14","slug":"provider-resources-updates","status":"publish","type":"page","link":"https:\/\/vigilantbiosciences.com\/es\/actualizaciones-de-recursos-del-proveedor\/","title":{"rendered":"Actualizaciones de recursos para proveedores"},"content":{"rendered":"<p>[et_pb_section fb_built=\u201d1\u2033 custom_padding_last_edited=\u201don|phone\u201d _builder_version=\u201d4.24.0\u2033 _module_preset=\u201ddefault\u201d use_background_color_gradient=\u201don\u201d background_color_gradient_stops=\u201drgba(0,142,168,0.59) 0%|rgba(0,142,168,0.5) 100%\u201d background_image=\u201dhttps:\/\/vigilantbiosciences.com\/wp-content\/uploads\/test-1.png\u201d custom_padding=\u201d100px||100px||true|false\u201d custom_padding_tablet=\u201d80px||80px||true|false\u201d custom_padding_phone =\u201d50px||50px||true|false\u201d bloqueado=\u201doff\u201d global_colors_info=\u201d{}\u201d][et_pb_row _builder_version=\u201d4.20.0\u2033 _module_preset=\u201ddefault\u201d global_colors_info=\u201d{}\u201d][et_pb_column type=\u201d 4_4\u2033 _builder_version=\u201d4.20.0\u2033 _module_preset=\u201ddefault\u201d global_colors_info=\u201d{}\u201d][et_pb_text _builder_version=\u201d4.20.4\u2033 _module_preset=\u201ddefault\u201d text_font_size=\u201d30px\u201d header_font=\u201d|600||||| ||\u201d header_letter_spacing=\u201d-3px\u201d text_orientation=\u201dcenter\u201d background_layout=\u201ddark\u201d global_colors_info=\u201d{}\u201d]<\/p>\n<h1>Recursos para proveedores<\/h1>\n<p>[\/et_pb_text][\/et_pb_column][\/et_pb_row][\/et_pb_section][et_pb_section fb_built=\u201d1\u2033 _builder_version=\u201d4.20.2\u2033 _module_preset=\u201ddefault\u201d background_color=\u201d#EBEBEB\u201d custom_padding=\u201d30px||30px||true |false\u201d bloqueado=\u201doff\u201d global_colors_info=\u201d{}\u201d][et_pb_row _builder_version=\u201d4.20.2\u2033 _module_preset=\u201ddefault\u201d global_colors_info=\u201d{}\u201d][et_pb_column type=\u201d4_4\u2033 _builder_version=\u201d4.20.2\u2033 _module_preset=\u201ddefault\u201d global_colors_info=\u201d{}\u201d][et_pb_text _builder_version=\u201d4.20.4\u2033 _module_preset=\u201ddefault\u201d text_text_color=\u201d#707272\u2033 text_orientation=\u201dcenter\u201d global_colors_info=\u201d{}\u201d]<\/p>\n<p><span style=\"color: #f05323;\">Obtuvo la designaci\u00f3n de dispositivo innovador de la FDA<\/span><\/p>\n<p>El sistema BeVigilant\u2122 OraFusion\u2122** no est\u00e1 disponible para la venta en EE. UU.<\/p>\n<p>[\/et_pb_text][\/et_pb_column][\/et_pb_row][\/et_pb_section][et_pb_section fb_built=\u201d1\u2033 custom_padding_last_edited=\u201don|phone\u201d _builder_version=\u201d4.20.4\u2033 _module_preset=\u201ddefault\u201d custom_padding=\u201d70px||70px| |true|false\u201d custom_padding_tablet=\u201d70px||70px||true|false\u201d custom_padding_phone=\u201d50px||50px||true|false\u201d global_colors_info=\u201d{}\u201d][et_pb_row _builder_version=\u201d4.20.4\u2033 _module_preset=\u201d default\u201d width_tablet=\u201d90%\u201d width_phone=\u201d90%\u201d width_last_edited=\u201don|tablet\u201d custom_padding=\u201d0px||0px||true|false\u201d global_colors_info=\u201d{}\u201d][et_pb_column type=\u201d4_4\u2033 _builder_version=\u201d4.20 .4\u2033 _module_preset=\u201ddefault\u201d global_colors_info=\u201d{}\u201d][et_pb_text _builder_version=\u201d4.23.1\u2033 _module_preset=\u201ddefault\u201d text_orientation=\u201dcenter\u201d global_colors_info=\u201d{}\u201d]<\/p>\n<h2>Instrucciones de uso del sistema BeVigilant OraFusion<\/h2>\n<p>[\/et_pb_text][et_pb_blurb alt=\u201dOra-3D IFU\u201d icon_placement=\u201dleft\u201d image_icon_width=\u201d200%\u201d content_max_width=\u201d600px\u201d module_class=\u201difu\u201d _builder_version=\u201d4.24.2\u2033 _module_preset=\u201ddefault\u201d header_level=\u201dh3\u2033 custom_margin=\u201d||60px||false|false\u201d animation=\u201doff\u201d global_colors_info=\u201d{}\u201d]<\/p>\n<h3 style=\"text-align: center;\">Descargar las instrucciones de uso de Ora-3D\u2122<\/h3>\n<p style=\"text-align: center;\">Lea las instrucciones de uso (IFU) para conocer la tecnolog\u00eda BeVigilant Ora-3D y c\u00f3mo utilizar el sistema.<\/p>\n<p style=\"text-align: center;\"><span><a href=\"https:\/\/vigilantbiosciences.com\/wp-content\/uploads\/3600006-Rev-H-IFU-Ora-3D_nocrops.pdf\" class=\"pa-blurb-button\" target=\"_blank\" rel=\"noopener\">Descargar<\/a><\/span><\/p>\n<p>[\/et_pb_blurb][et_pb_blurb alt=\u201dIFU del lector\u201d icon_placement=\u201dleft\u201d image_icon_width=\u201d200%\u201d content_max_width=\u201d600px\u201d module_class=\u201difu\u201d _builder_version=\u201d4.24.2\u2033 _module_preset=\u201ddefault\u201d header_level=\u201dh3\u2033 animation=\u201doff\u201d global_colors_info=\u201d{}\u201d]<\/p>\n<h3 style=\"text-align: center;\">Descargar las instrucciones de uso de BeVigilant Reader<\/h3>\n<p style=\"text-align: center;\">Lea las instrucciones de uso para conocer la tecnolog\u00eda BeVigilant Reader y recibir los resultados m\u00e1s precisos.<\/p>\n<p style=\"text-align: center;\"><span><a href=\"https:\/\/vigilantbiosciences.com\/wp-content\/uploads\/3600002-Rev-K-IFU-BeVigilant-Reader_nocrops.pdf\" class=\"pa-blurb-button\" target=\"_blank\" rel=\"noopener\">Descargar<\/a><\/span><\/p>\n<p>[\/et_pb_blurb][et_pb_text _builder_version=\u201d4.24.2\u2033 _module_preset=\u201dpredeterminado\u201d text_orientation=\u201dcenter\u201d custom_margin=\u201d100px||||false|false\u201d hover_enabled=\u201d0\u2033 global_colors_info=\u201d{}\u201d sticky_enabled=\u201d0\u2033]<\/p>\n<h2>Formaci\u00f3n y certificaci\u00f3n del sistema BeVigilant OraFusion<\/h2>\n<p>[\/et_pb_text][et_pb_image src=\u201dhttps:\/\/vigilantbiosciences.com\/wp-content\/uploads\/Orafusion-System.png\u201d title_text=\u201dSistema Orafusion\u201d align=\u201dcenter\u201d _builder_version=\u201d4.24.0\u2033 _module_preset=\u201ddefault\u201d width=\u201d25%\u201d max_width=\u201d25%\u201d global_colors_info=\u201d{}\u201d][\/et_pb_image][et_pb_button URL del bot\u00f3n = &quot;@ET-DC@eyJkeW5hbWljIjp0cnVlLCJjb250ZW50IjoicG9zdF9saW5rX3VybF9wYWdlIiwic2V0dGluZ3MiOnsicG9zdF9pZCI6IjI1MyJ9fQ==@&quot; Texto del bot\u00f3n = &quot;Comenzar entrenamiento&quot; Alineaci\u00f3n del bot\u00f3n = &quot;Centrar&quot; _Builder_version = &quot;4.21.2&quot; _Atributos din\u00e1micos = &quot;URL del bot\u00f3n&quot; _M\u00f3dulo preestablecido = &quot;Predeterminado&quot; Bot\u00f3n personalizado = &quot;Activado&quot; Tama\u00f1o del texto del bot\u00f3n = &quot;16 px&quot; Color del texto del bot\u00f3n = &quot;#008EA8&quot; Ancho del borde del bot\u00f3n = &quot;2 px&quot; Color del borde del bot\u00f3n = &quot;#008EA8&quot; radio_borde_bot\u00f3n=\u201d50px\u201d espacio_letras_bot\u00f3n=\u201d1px\u201d icono_uso_bot\u00f3n=\u201ddesactivado\u201d margen_personalizado=\u201d0px||0px||falso|falso\u201d relleno_personalizado=\u201d8px|30px|8px|30px|verdadero|verdadero\u201d informaci\u00f3n_colores_globales=\u201d{}\u201d color_texto_bot\u00f3n__hover=\u201d#FFFFFF\u201d color_texto_bot\u00f3n__hover_habilitado=\u201dactivado|pasa el mouse\u201d color_fondo_bot\u00f3n__hover=\u201d#008EA8\u2033 color_fondo_bot\u00f3n__hover_habilitado=\u201dactivado|pasa el mouse\u201d][\/et_pb_button][\/et_pb_column][\/et_pb_row][\/et_pb_section][et_pb_section fb_built=\u201d1\u2033 relleno_personalizado_\u00faltima_edici\u00f3n=\u201dactivado|escritorio\u201d _builder_version=\u201d4.20.4\u2033 _module_preset=\u201dpredeterminado\u201d background_color=\u201drgba(0,142,168,0.1)\u201d custom_margin=\u201d||||falso|falso\u201d custom_padding=\u201d150px||150px||verdadero|falso\u201d custom_padding_tablet=\u201d150px||150px||verdadero|falso\u201d custom_padding_phone=\u201d100px||100px||verdadero|falso\u201d bloqueado=\u201ddesactivado\u201d global_colors_info=\u201d{}\u201d][et_pb_row _builder_version=\u201d4.20.0\u2033 _module_preset=\u201dpredeterminado\u201d width=\u201d90%\u201d custom_padding=\u201d0px||0px||verdadero|falso\u201d global_colors_info=\u201d{}\u201d][et_pb_column tipo=\u201d4_4\u2033 _builder_version=\u201d4.20.0\u2033 _module_preset=\u201dpredeterminado\u201d informaci\u00f3n_global_colors=\u201d{}\u201d][et_pb_text clase_m\u00f3dulo=\u201dpr\u00f3ximamente\u201d _builder_version=\u201d4.22.1\u2033 _module_preset=\u201dpredeterminado\u201d color_texto_encabezado_2=\u201d#008EA8\u2033 tama\u00f1o_fuente_encabezado_2=\u201d50px\u201d orientaci\u00f3n_texto=\u201dcentro\u201d informaci\u00f3n_global_colors=\u201d{}\u201d]<\/p>\n<h2>Descargue nuestros libros blancos<\/h2>\n<p>[\/et_pb_text][\/et_pb_column][\/et_pb_row][et_pb_row _builder_version=\u201d4.20.0\u2033 _module_preset=\u201ddefault\u201d width_tablet=\u201d90%\u201d width_phone=\u201d90%\u201d width_last_edited=\u201don|tablet\u201d max_width=\u201d700px\u201d max_width_tablet= \u201d700px\u201d max_width_phone=\u201d700px\u201d max_width_last_edited=\u201don|tablet\u201d lock=\u201doff\u201d global_colors_info=\u201d{}\u201d][et_pb_column type=\u201d4_4\u2033 _builder_version=\u201d4.20.0\u2033 _module_preset=\u201ddefault\u201d global_colors_info=\u201d{ }\u201d][et_pb_code _builder_version=\u201d4.21.0\u2033 _module_preset=\u201ddefault\u201d global_colors_info=\u201d{}\u201d]<!-- [et_pb_line_break_holder] -->    <iframe<!--___noise___ 1012--&gt; id=\u201dJotFormIFrame-230595135701149\u2033<!-- [et_pb_line_break_holder] -->      title=\u201dVigilante \u2013 Descargar documento t\u00e9cnico\u201d<!-- [et_pb_line_break_holder] -->      permitirtransparencia=\u201dverdadero\u201d<!-- [et_pb_line_break_holder] -->      enablefullscreen = &quot;verdadero&quot;<!-- [et_pb_line_break_holder] -->      permitir=\u201dgeolocalizaci\u00f3n; micr\u00f3fono; c\u00e1mara&quot;<!-- [et_pb_line_break_holder] -->      src=\u201dhttps:\/\/form.jotform.com\/230595135701149\u2033<!-- [et_pb_line_break_holder] -->      borde del marco = &quot;0&quot;<!-- [et_pb_line_break_holder] -->      estilo =\u201dancho m\u00ednimo:100%;ancho m\u00e1ximo:100%;alto:539px;borde:ninguno;\u201d<!-- [et_pb_line_break_holder] -->      desplazamiento = &quot;no&quot;<!-- [et_pb_line_break_holder] -->    ><!-- [et_pb_line_break_holder] -->    <\/iframe><!-- [et_pb_line_break_holder] -->    <script type=\"text\/javascript\"><!-- [et_pb_line_break_holder] -->    var ifr = document.getElementById(\"JotFormIFrame-230595135701149\");<!-- [et_pb_line_break_holder] -->    if (ifr) {<!-- [et_pb_line_break_holder] -->      var src = ifr.src;<!-- [et_pb_line_break_holder] -->      var iframeParams = [];<!-- [et_pb_line_break_holder] -->      if (window.location.href && window.location.href.indexOf(\"?\") > -1) {<!-- [et_pb_line_break_holder] -->        iframeParams = iframeParams.concat(window.location.href.substr(window.location.href.indexOf(\"?\") + 1).split('&'));<!-- [et_pb_line_break_holder] -->      }<!-- [et_pb_line_break_holder] -->      if (src && src.indexOf(\"?\") > -1) {<!-- [et_pb_line_break_holder] -->        iframeParams = iframeParams.concat(src.substr(src.indexOf(\"?\") + 1).split(\"&\"));<!-- [et_pb_line_break_holder] -->        src = src.substr(0, src.indexOf(\"?\"))<!-- [et_pb_line_break_holder] -->      }<!-- [et_pb_line_break_holder] -->      iframeParams.push(\"isIframeEmbed=1\");<!-- [et_pb_line_break_holder] -->      ifr.src = src + \"?\" + iframeParams.join('&');<!-- [et_pb_line_break_holder] -->    }<!-- [et_pb_line_break_holder] -->    window.handleIFrameMessage = function(e) {<!-- [et_pb_line_break_holder] -->      if (typeof e.data === 'object') { return; }<!-- [et_pb_line_break_holder] -->      var args = e.data.split(\":\");<!-- [et_pb_line_break_holder] -->      if (args.length > 2) { iframe = document.getElementById(\"JotFormIFrame-\" + args[(args.length - 1)]); } else { iframe = document.getElementById(\"JotFormIFrame\"); }<!-- [et_pb_line_break_holder] -->      if (!iframe) { return; }<!-- [et_pb_line_break_holder] -->      switch (args[0]) {<!-- [et_pb_line_break_holder] -->        case \"scrollIntoView\":<!-- [et_pb_line_break_holder] -->          iframe.scrollIntoView();<!-- [et_pb_line_break_holder] -->          break;<!-- [et_pb_line_break_holder] -->        case \"setHeight\":<!-- [et_pb_line_break_holder] -->          iframe.style.height = args[1] + \"px\";<!-- [et_pb_line_break_holder] -->          if (!isNaN(args[1]) && parseInt(iframe.style.minHeight) > parseInt(args[1])) {<!-- [et_pb_line_break_holder] -->            iframe.style.minHeight = args[1] + \"px\";<!-- [et_pb_line_break_holder] -->          }<!-- [et_pb_line_break_holder] -->          break;<!-- [et_pb_line_break_holder] -->        case \"collapseErrorPage\":<!-- [et_pb_line_break_holder] -->          if (iframe.clientHeight > window.innerHeight) {<!-- [et_pb_line_break_holder] -->            iframe.style.height = window.innerHeight + \"px\";<!-- [et_pb_line_break_holder] -->          }<!-- [et_pb_line_break_holder] -->          break;<!-- [et_pb_line_break_holder] -->        case \"reloadPage\":<!-- [et_pb_line_break_holder] -->          window.location.reload();<!-- [et_pb_line_break_holder] -->          break;<!-- [et_pb_line_break_holder] -->        case \"loadScript\":<!-- [et_pb_line_break_holder] -->          if( !window.isPermitted(e.origin, ['jotform.com', 'jotform.pro']) ) { break; }<!-- [et_pb_line_break_holder] -->          var src = args[1];<!-- [et_pb_line_break_holder] -->          if (args.length > 3) {<!-- [et_pb_line_break_holder] -->              src = args[1] + ':' + args[2];<!-- [et_pb_line_break_holder] -->          }<!-- [et_pb_line_break_holder] -->          var script = document.createElement('script');<!-- [et_pb_line_break_holder] -->          script.src = src;<!-- [et_pb_line_break_holder] -->          script.type = 'text\/javascript';<!-- [et_pb_line_break_holder] -->          document.body.appendChild(script);<!-- [et_pb_line_break_holder] -->          break;<!-- [et_pb_line_break_holder] -->        case \"exitFullscreen\":<!-- [et_pb_line_break_holder] -->          if      (window.document.exitFullscreen)        window.document.exitFullscreen();<!-- [et_pb_line_break_holder] -->          else if (window.document.mozCancelFullScreen)   window.document.mozCancelFullScreen();<!-- [et_pb_line_break_holder] -->          else if (window.document.mozCancelFullscreen)   window.document.mozCancelFullScreen();<!-- [et_pb_line_break_holder] -->          else if (window.document.webkitExitFullscreen)  window.document.webkitExitFullscreen();<!-- [et_pb_line_break_holder] -->          else if (window.document.msExitFullscreen)      window.document.msExitFullscreen();<!-- [et_pb_line_break_holder] -->          break;<!-- [et_pb_line_break_holder] -->      }<!-- [et_pb_line_break_holder] -->      var isJotForm = (e.origin.indexOf(\"jotform\") > -1) ? true : false;<!-- [et_pb_line_break_holder] -->      if(isJotForm && \"contentWindow\" in iframe && \"postMessage\" in iframe.contentWindow) {<!-- [et_pb_line_break_holder] -->        var urls = {\"docurl\":encodeURIComponent(document.URL),\"referrer\":encodeURIComponent(document.referrer)};<!-- [et_pb_line_break_holder] -->        iframe.contentWindow.postMessage(JSON.stringify({\"type\":\"urls\",\"value\":urls}), \"*\");<!-- [et_pb_line_break_holder] -->      }<!-- [et_pb_line_break_holder] -->    };<!-- [et_pb_line_break_holder] -->    window.isPermitted = function(originUrl, whitelisted_domains) {<!-- [et_pb_line_break_holder] -->      var url = document.createElement('a');<!-- [et_pb_line_break_holder] -->      url.href = originUrl;<!-- [et_pb_line_break_holder] -->      var hostname = url.hostname;<!-- [et_pb_line_break_holder] -->      var result = false;<!-- [et_pb_line_break_holder] -->      if( typeof hostname !== 'undefined' ) {<!-- [et_pb_line_break_holder] -->        whitelisted_domains.forEach(function(element) {<!-- [et_pb_line_break_holder] -->            if( hostname.slice((-1 * element.length - 1)) === '.'.concat(element) ||  hostname === element ) {<!-- [et_pb_line_break_holder] -->                result = true;<!-- [et_pb_line_break_holder] -->            }<!-- [et_pb_line_break_holder] -->        });<!-- [et_pb_line_break_holder] -->        return result;<!-- [et_pb_line_break_holder] -->      }<!-- [et_pb_line_break_holder] -->    };<!-- [et_pb_line_break_holder] -->    if (window.addEventListener) {<!-- [et_pb_line_break_holder] -->      window.addEventListener(\"message\", handleIFrameMessage, false);<!-- [et_pb_line_break_holder] -->    } else if (window.attachEvent) {<!-- [et_pb_line_break_holder] -->      window.attachEvent(\"onmessage\", handleIFrameMessage);<!-- [et_pb_line_break_holder] -->    }<!-- [et_pb_line_break_holder] -->    <\/script>[\/et_pb_code][\/et_pb_column][\/et_pb_row][\/et_pb_section]<\/p>","protected":false},"excerpt":{"rendered":"<p>Recursos para proveedores. Designaci\u00f3n de dispositivo innovador otorgada por la FDA. El sistema BeVigilant\u2122 OraFusion\u2122** no est\u00e1 disponible para la venta en el mercado estadounidense. Instrucciones de uso del sistema BeVigilant OraFusion. Descargar instrucciones de uso de Ora-3D\u2122. Lea las instrucciones de uso (IFU) para obtener m\u00e1s informaci\u00f3n sobre la tecnolog\u00eda BeVigilant Ora-3D y c\u00f3mo utilizar el sistema. Descargar. Descargar las instrucciones de uso de BeVigilant Reader. Lea las instrucciones de uso para obtener m\u00e1s informaci\u00f3n sobre [\u2026]<\/p>","protected":false},"author":9,"featured_media":0,"parent":0,"menu_order":0,"comment_status":"closed","ping_status":"closed","template":"","meta":{"_et_pb_use_builder":"on","_et_pb_old_content":"","_et_gb_content_width":"","inline_featured_image":false,"footnotes":""},"class_list":["post-721","page","type-page","status-publish","hentry"],"yoast_head":"<!-- This site is optimized with the Yoast SEO plugin v22.1 - https:\/\/yoast.com\/wordpress\/plugins\/seo\/ -->\n<title>Provider Resources Updates - Vigilant Biosciences\u00ae<\/title>\n<meta name=\"robots\" content=\"index, follow, max-snippet:-1, max-image-preview:large, max-video-preview:-1\" \/>\n<link rel=\"canonical\" href=\"https:\/\/vigilantbiosciences.com\/es\/actualizaciones-de-recursos-del-proveedor\/\" \/>\n<meta property=\"og:locale\" content=\"es_ES\" \/>\n<meta property=\"og:type\" content=\"article\" \/>\n<meta property=\"og:title\" content=\"Provider Resources Updates - Vigilant Biosciences\u00ae\" \/>\n<meta property=\"og:description\" content=\"Patient Resources Understanding the Risk of Oral CancerThe Impact of Oral Cancer In the US alone, oral cancer kills an average one person per hour, 24 hours per day.1Oral cancer is a global challenge with more than 657,000 cases and nearly 330,000 deaths each year1Worldwide 5-year survival rate is only 50% due to delayed intervention [&hellip;]\" \/>\n<meta property=\"og:url\" content=\"https:\/\/vigilantbiosciences.com\/es\/actualizaciones-de-recursos-del-proveedor\/\" \/>\n<meta property=\"og:site_name\" content=\"Vigilant Biosciences\u00ae\" \/>\n<meta property=\"article:publisher\" content=\"https:\/\/www.facebook.com\/VigilantBiosciences1\" \/>\n<meta property=\"article:modified_time\" content=\"2024-08-07T18:41:14+00:00\" \/>\n<meta name=\"twitter:card\" content=\"summary_large_image\" \/>\n<script type=\"application\/ld+json\" class=\"yoast-schema-graph\">{\"@context\":\"https:\/\/schema.org\",\"@graph\":[{\"@type\":\"WebPage\",\"@id\":\"https:\/\/vigilantbiosciences.com\/provider-resources-updates\/\",\"url\":\"https:\/\/vigilantbiosciences.com\/provider-resources-updates\/\",\"name\":\"Provider Resources Updates - Vigilant Biosciences\u00ae\",\"isPartOf\":{\"@id\":\"https:\/\/vigilantbiosciences.com\/#website\"},\"datePublished\":\"2024-08-06T20:30:32+00:00\",\"dateModified\":\"2024-08-07T18:41:14+00:00\",\"breadcrumb\":{\"@id\":\"https:\/\/vigilantbiosciences.com\/provider-resources-updates\/#breadcrumb\"},\"inLanguage\":\"es\",\"potentialAction\":[{\"@type\":\"ReadAction\",\"target\":[\"https:\/\/vigilantbiosciences.com\/provider-resources-updates\/\"]}]},{\"@type\":\"BreadcrumbList\",\"@id\":\"https:\/\/vigilantbiosciences.com\/provider-resources-updates\/#breadcrumb\",\"itemListElement\":[{\"@type\":\"ListItem\",\"position\":1,\"name\":\"Home\",\"item\":\"https:\/\/vigilantbiosciences.com\/\"},{\"@type\":\"ListItem\",\"position\":2,\"name\":\"Provider Resources Updates\"}]},{\"@type\":\"WebSite\",\"@id\":\"https:\/\/vigilantbiosciences.com\/#website\",\"url\":\"https:\/\/vigilantbiosciences.com\/\",\"name\":\"Vigilant Biosciences\u00ae\",\"description\":\"\",\"publisher\":{\"@id\":\"https:\/\/vigilantbiosciences.com\/#organization\"},\"potentialAction\":[{\"@type\":\"SearchAction\",\"target\":{\"@type\":\"EntryPoint\",\"urlTemplate\":\"https:\/\/vigilantbiosciences.com\/?s={search_term_string}\"},\"query-input\":\"required name=search_term_string\"}],\"inLanguage\":\"es\"},{\"@type\":\"Organization\",\"@id\":\"https:\/\/vigilantbiosciences.com\/#organization\",\"name\":\"Vigilant Biosciences\u00ae\",\"url\":\"https:\/\/vigilantbiosciences.com\/\",\"logo\":{\"@type\":\"ImageObject\",\"inLanguage\":\"es\",\"@id\":\"https:\/\/vigilantbiosciences.com\/#\/schema\/logo\/image\/\",\"url\":\"https:\/\/vigilantbiosciences.com\/wp-content\/uploads\/vigilant-logo-horizontal.svg\",\"contentUrl\":\"https:\/\/vigilantbiosciences.com\/wp-content\/uploads\/vigilant-logo-horizontal.svg\",\"width\":\"1024\",\"height\":\"1024\",\"caption\":\"Vigilant Biosciences\u00ae\"},\"image\":{\"@id\":\"https:\/\/vigilantbiosciences.com\/#\/schema\/logo\/image\/\"},\"sameAs\":[\"https:\/\/www.facebook.com\/VigilantBiosciences1\",\"https:\/\/www.linkedin.com\/company\/vigilant-biosciences\/\"]}]}<\/script>\n<!-- \/ Yoast SEO plugin. -->","yoast_head_json":{"title":"Provider Resources Updates - Vigilant Biosciences\u00ae","robots":{"index":"index","follow":"follow","max-snippet":"max-snippet:-1","max-image-preview":"max-image-preview:large","max-video-preview":"max-video-preview:-1"},"canonical":"https:\/\/vigilantbiosciences.com\/es\/actualizaciones-de-recursos-del-proveedor\/","og_locale":"es_ES","og_type":"article","og_title":"Provider Resources Updates - Vigilant Biosciences\u00ae","og_description":"Patient Resources Understanding the Risk of Oral CancerThe Impact of Oral Cancer In the US alone, oral cancer kills an average one person per hour, 24 hours per day.1Oral cancer is a global challenge with more than 657,000 cases and nearly 330,000 deaths each year1Worldwide 5-year survival rate is only 50% due to delayed intervention [&hellip;]","og_url":"https:\/\/vigilantbiosciences.com\/es\/actualizaciones-de-recursos-del-proveedor\/","og_site_name":"Vigilant Biosciences\u00ae","article_publisher":"https:\/\/www.facebook.com\/VigilantBiosciences1","article_modified_time":"2024-08-07T18:41:14+00:00","twitter_card":"summary_large_image","schema":{"@context":"https:\/\/schema.org","@graph":[{"@type":"WebPage","@id":"https:\/\/vigilantbiosciences.com\/provider-resources-updates\/","url":"https:\/\/vigilantbiosciences.com\/provider-resources-updates\/","name":"Provider Resources Updates - Vigilant Biosciences\u00ae","isPartOf":{"@id":"https:\/\/vigilantbiosciences.com\/#website"},"datePublished":"2024-08-06T20:30:32+00:00","dateModified":"2024-08-07T18:41:14+00:00","breadcrumb":{"@id":"https:\/\/vigilantbiosciences.com\/provider-resources-updates\/#breadcrumb"},"inLanguage":"es","potentialAction":[{"@type":"ReadAction","target":["https:\/\/vigilantbiosciences.com\/provider-resources-updates\/"]}]},{"@type":"BreadcrumbList","@id":"https:\/\/vigilantbiosciences.com\/provider-resources-updates\/#breadcrumb","itemListElement":[{"@type":"ListItem","position":1,"name":"Home","item":"https:\/\/vigilantbiosciences.com\/"},{"@type":"ListItem","position":2,"name":"Provider Resources Updates"}]},{"@type":"WebSite","@id":"https:\/\/vigilantbiosciences.com\/#website","url":"https:\/\/vigilantbiosciences.com\/","name":"Vigilant Biosciences\u00ae","description":"","publisher":{"@id":"https:\/\/vigilantbiosciences.com\/#organization"},"potentialAction":[{"@type":"SearchAction","target":{"@type":"EntryPoint","urlTemplate":"https:\/\/vigilantbiosciences.com\/?s={search_term_string}"},"query-input":"required name=search_term_string"}],"inLanguage":"es"},{"@type":"Organization","@id":"https:\/\/vigilantbiosciences.com\/#organization","name":"Vigilant Biosciences\u00ae","url":"https:\/\/vigilantbiosciences.com\/","logo":{"@type":"ImageObject","inLanguage":"es","@id":"https:\/\/vigilantbiosciences.com\/#\/schema\/logo\/image\/","url":"https:\/\/vigilantbiosciences.com\/wp-content\/uploads\/vigilant-logo-horizontal.svg","contentUrl":"https:\/\/vigilantbiosciences.com\/wp-content\/uploads\/vigilant-logo-horizontal.svg","width":"1024","height":"1024","caption":"Vigilant Biosciences\u00ae"},"image":{"@id":"https:\/\/vigilantbiosciences.com\/#\/schema\/logo\/image\/"},"sameAs":["https:\/\/www.facebook.com\/VigilantBiosciences1","https:\/\/www.linkedin.com\/company\/vigilant-biosciences\/"]}]}},"_links":{"self":[{"href":"https:\/\/vigilantbiosciences.com\/es\/wp-json\/wp\/v2\/pages\/721","targetHints":{"allow":["GET"]}}],"collection":[{"href":"https:\/\/vigilantbiosciences.com\/es\/wp-json\/wp\/v2\/pages"}],"about":[{"href":"https:\/\/vigilantbiosciences.com\/es\/wp-json\/wp\/v2\/types\/page"}],"author":[{"embeddable":true,"href":"https:\/\/vigilantbiosciences.com\/es\/wp-json\/wp\/v2\/users\/9"}],"replies":[{"embeddable":true,"href":"https:\/\/vigilantbiosciences.com\/es\/wp-json\/wp\/v2\/comments?post=721"}],"version-history":[{"count":0,"href":"https:\/\/vigilantbiosciences.com\/es\/wp-json\/wp\/v2\/pages\/721\/revisions"}],"wp:attachment":[{"href":"https:\/\/vigilantbiosciences.com\/es\/wp-json\/wp\/v2\/media?parent=721"}],"curies":[{"name":"wp","href":"https:\/\/api.w.org\/{rel}","templated":true}]}}