{"id":500,"date":"2023-09-21T20:32:48","date_gmt":"2023-09-21T20:32:48","guid":{"rendered":"https:\/\/vigilantbiosciences.com\/?page_id=500"},"modified":"2023-09-21T20:36:39","modified_gmt":"2023-09-21T20:36:39","slug":"privacy-policy","status":"publish","type":"page","link":"https:\/\/vigilantbiosciences.com\/es\/politica-de-privacidad\/","title":{"rendered":"pol\u00edtica de privacidad"},"content":{"rendered":"<p>[et_pb_section fb_built=\u201d1\u2033 custom_padding_last_edited=\u201don|phone\u201d _builder_version=\u201d4.22.1\u2033 _module_preset=\u201ddefault\u201d use_background_color_gradient=\u201don\u201d background_color_gradient_stops=\u201drgba(0,142,168,0.5) 0%|rgba(0,142,168,0.5 ) 100%\u201d background_color_gradient_overlays_image=\u201don\u201d background_image=\u201d@ET-DC@eyJkeW5hbWljIjp0cnVlLCJjb250ZW50IjoicG9zdF9mZWF0dXJlZF9pbWFnZSIsInNldHRpbmdzIjp7fX0=@\u201d custom_padding=\u201d100px||100px||true| falso\u201d custom_padding_tablet=\u201d80px||80px||verdadero|falso\u201d custom_padding_phone=\u201d50px||50px ||verdadero|falso\u201d hover_enabled=\u201d0\u2033 colapsado=\u201don\u201d global_colors_info=\u201d{}\u201d _dynamic_attributes=\u201dbackground_image\u201d sticky_enabled=\u201d0\u2033][et_pb_row _builder_version=\u201d4.20.0\u2033 _module_preset=\u201ddefault\u201d global_colors_info=\u201d {}\u201d][et_pb_column type=\u201d4_4\u2033 _builder_version=\u201d4.20.0\u2033 _module_preset=\u201ddefault\u201d global_colors_info=\u201d{}\u201d][et_pb_text _builder_version=\u201d4.22.1\u2033 _module_preset=\u201ddefault\u201d header_font=\u201d|600| ||||||\u201d header_letter_spacing=\u201d-3px\u201d text_orientation=\u201dcenter\u201d background_layout=\u201ddark\u201d hover_enabled=\u201d0\u2033 global_colors_info=\u201d{}\u201d sticky_enabled=\u201d0\u2033]<\/p>\n<h1>pol\u00edtica de privacidad<\/h1>\n<p>[\/et_pb_text][\/et_pb_column][\/et_pb_row][\/et_pb_section][et_pb_section fb_built=\u201d1\u2033 custom_padding_last_edited=\u201don|tablet\u201d _builder_version=\u201d4.20.0\u2033 _module_preset=\u201ddefault\u201d custom_margin=\u201d||0px|| false|false\u201d custom_padding=\u201d80px||20px||false|false\u201d custom_padding_tablet=\u201d50px||50px||true|false\u201d custom_padding_phone=\u201d50px||50px||true|false\u201d bloqueado=\u201doff\u201d colapsado= \u201don\u201d global_colors_info=\u201d{}\u201d][et_pb_row _builder_version=\u201d4.20.0\u2033 _module_preset=\u201ddefault\u201d width=\u201d90%\u201d custom_padding=\u201d||50px||false|false\u201d global_colors_info=\u201d{}\u201d][et_pb_column type=\u201d4_4\u2033 _builder_version=\u201d4.20.0\u2033 _module_preset=\u201ddefault\u201d global_colors_info=\u201d{}\u201d][et_pb_text _builder_version=\u201d4.22.1\u2033 _module_preset=\u201ddefault\u201d header_2_text_align=\u201dcenter\u201d header_3_text_align=\u201dcenter\u201d hover_enabled= \u201d0\u2033 sticky_enabled=\u201d0\u2033]<\/p>\n<p>Vigilant Biosciences\u00ae, Inc. (\u201cVigilant\u201d, \u201cnosotros\u201d o \u201cnos\u201d) se toma muy en serio la privacidad y protecci\u00f3n de su informaci\u00f3n personal. Visitando el sitio web de Vigilant ubicado en<span>\u00a0<\/span><a href=\"https:\/\/web.archive.org\/web\/20230615211218\/https:\/\/vigilantbiosciences.com\/\">https:\/\/vigilantbiosciences.com<\/a><span>\u00a0<\/span>(el \u201cSitio web\u201d), usted reconoce que acepta las pr\u00e1cticas y pol\u00edticas descritas en esta Pol\u00edtica de privacidad.<\/p>\n<h2>Qu\u00e9 cubre esta pol\u00edtica de privacidad<\/h2>\n<p>Esta Pol\u00edtica de privacidad describe el uso que hace Vigilant de la informaci\u00f3n personal y la informaci\u00f3n an\u00f3nima que Vigilant recopila cuando visita y utiliza el sitio web. Esta Pol\u00edtica de Privacidad no se aplica al uso de su Informaci\u00f3n Personal por parte de terceros que Vigilant no posee ni controla, ni a individuos que Vigilant no controla ni administra.<\/p>\n<p>\u201cInformaci\u00f3n personal\u201d es informaci\u00f3n sobre usted que le identifica personalmente, como su nombre, direcci\u00f3n, direcci\u00f3n de correo electr\u00f3nico o n\u00famero de tel\u00e9fono, as\u00ed como otra informaci\u00f3n no p\u00fablica asociada con lo anterior.<\/p>\n<p>\u201cInformaci\u00f3n an\u00f3nima\u201d es informaci\u00f3n que no est\u00e1 asociada ni vinculada a su informaci\u00f3n personal. La informaci\u00f3n an\u00f3nima no permite la identificaci\u00f3n de personas individuales.<\/p>\n<p>Vigilant recopila y utiliza informaci\u00f3n personal e informaci\u00f3n an\u00f3nima como se describe en esta Pol\u00edtica de privacidad de los visitantes del sitio web. Vigilant es el propietario de toda la informaci\u00f3n recopilada en el sitio web.<\/p>\n<p>AL UTILIZAR EL SITIO WEB O ENVIAR INFORMACI\u00d3N PERSONAL A TRAV\u00c9S DEL SITIO WEB, USTED ACEPTA LOS T\u00c9RMINOS DE ESTA POL\u00cdTICA DE PRIVACIDAD, USTED ACEPTA EXPRESAMENTE EL PROCESAMIENTO DE SU INFORMACI\u00d3N PERSONAL DE ACUERDO CON ESTA POL\u00cdTICA DE PRIVACIDAD Y ACEPTA LOS T\u00c9RMINOS DE USO UBICADOS AQU\u00cd. SU INFORMACI\u00d3N PERSONAL PUEDE SER PROCESADA POR VIGILANT EN EL PA\u00cdS DONDE FUE RECOPILADA AS\u00cd COMO EN OTROS PA\u00cdSES (INCLUYENDO LOS ESTADOS UNIDOS) DONDE LAS LEYES RELATIVAS AL PROCESAMIENTO DE INFORMACI\u00d3N PERSONAL PUEDEN SER MENOS ESTRICTAS QUE LAS LEYES DE SU PA\u00cdS.<\/p>\n<h2>Informaci\u00f3n personal que recopila Vigilant<\/h2>\n<p>La informaci\u00f3n personal que Vigilant recopila de usted ayuda a Vigilant a aprender m\u00e1s sobre los visitantes del sitio web. Vigilant recopila la siguiente informaci\u00f3n personal que usted env\u00eda voluntariamente:<\/p>\n<p>Cuando usted solicita recibir informaci\u00f3n sobre Vigilant, Vigilant recopilar\u00e1 la informaci\u00f3n que est\u00e1 contenida en su correo electr\u00f3nico o que ingresa en el formulario de solicitud respectivo en el Sitio Web y el hecho de que est\u00e1 interesado en recibir informaci\u00f3n sobre Vigilant.<br \/>Cuando se comunica con Vigilant mediante el env\u00edo de un correo electr\u00f3nico, Vigilant recopilar\u00e1 toda la informaci\u00f3n contenida en su correo electr\u00f3nico, incluidos, entre otros, los archivos adjuntos que env\u00ede a Vigilant.<\/p>\n<p>Cuando env\u00eda informaci\u00f3n a Vigilant sobre su historial laboral, listas de publicaciones u otra informaci\u00f3n, incluida informaci\u00f3n personal en relaci\u00f3n con la solicitud de empleo en Vigilant, podemos usar esta informaci\u00f3n para determinar sus calificaciones y podemos comunicarnos con terceros para verificar su validez.<\/p>\n<h2>Informaci\u00f3n personal recopilada a trav\u00e9s de tecnolog\u00eda<\/h2>\n<p>Podemos realizar un seguimiento del n\u00famero total de visitantes del sitio web y del n\u00famero de visitantes de cada p\u00e1gina del sitio web. A medida que utiliza el sitio web, tambi\u00e9n se puede recopilar cierta informaci\u00f3n de forma pasiva, incluida su direcci\u00f3n de protocolo de Internet (IP), tipo de navegador y sistema operativo. El sitio web puede utilizar tecnolog\u00eda de cookies para identificar a los usuarios que han visitado anteriormente para que el usuario sea reconocido al regresar, ahorr\u00e1ndoles as\u00ed tiempo mientras est\u00e1n en nuestro sitio web. Una cookie es un fragmento de datos almacenado en el disco duro del usuario que contiene informaci\u00f3n sobre el usuario. El uso de una cookie no est\u00e1 vinculado de ninguna manera a ninguna informaci\u00f3n de identificaci\u00f3n personal mientras se encuentre en el sitio web. Una vez que el usuario cierra el navegador, la cookie simplemente finaliza. Si un usuario rechaza la cookie, a\u00fan podr\u00e1 utilizar el sitio web. Vigilant o proveedores de servicios que trabajan con Vigilant o sus licenciatarios o socios pueden colocar una cookie.<\/p>\n<h2>Informaci\u00f3n personal de otras fuentes<\/h2>\n<p>Vigilant puede recibir informaci\u00f3n personal sobre usted de terceros. Vigilant puede agregar esta informaci\u00f3n a la informaci\u00f3n que ya ha recopilado de usted a trav\u00e9s del sitio web.<\/p>\n<h2>Uso de otra informaci\u00f3n que recopila Vigilant<\/h2>\n<p>En general, Vigilant utiliza la informaci\u00f3n personal que usted env\u00eda a Vigilant para proporcionarle la informaci\u00f3n que ha solicitado, informaci\u00f3n del producto, para mejorar el sitio web y adaptar mejor las caracter\u00edsticas, el rendimiento y el soporte del sitio web, y para ofrecerle servicios adicionales. informaci\u00f3n u oportunidades. Vigilant puede crear registros de informaci\u00f3n an\u00f3nima a partir de informaci\u00f3n personal excluyendo informaci\u00f3n (como su nombre) que hace que la informaci\u00f3n sea personalmente identificable para usted. Vigilant puede utilizar esta informaci\u00f3n an\u00f3nima para cualquier prop\u00f3sito, incluido analizar patrones de uso para mejorar el sitio web. Vigilant se reserva el derecho de utilizar y revelar informaci\u00f3n an\u00f3nima a terceros a su discreci\u00f3n.<\/p>\n<h2>Comentario<\/h2>\n<p>Si proporciona comentarios a Vigilant, Vigilant puede utilizar y divulgar dichos comentarios para cualquier prop\u00f3sito; sin embargo, Vigilant no asociar\u00e1 dichos comentarios con su informaci\u00f3n personal. Vigilant recopilar\u00e1 y ser\u00e1 propietario de cualquier informaci\u00f3n contenida en dichos comentarios, pero tratar\u00e1 la Informaci\u00f3n personal que contenga de acuerdo con esta Pol\u00edtica de privacidad.<\/p>\n<h2>Divulgaci\u00f3n de informaci\u00f3n personal<\/h2>\n<p>Salvo que se indique lo contrario en esta Pol\u00edtica de privacidad, Vigilant no comercializa, alquila ni comparte su informaci\u00f3n personal con terceros, a menos que usted lo solicite o autorice a Vigilant a hacerlo.<\/p>\n<p>Vigilant puede proporcionar su informaci\u00f3n personal a proveedores externos o proveedores de servicios que trabajan en nombre de Vigilant o con Vigilant para proporcionar algunos de los servicios y caracter\u00edsticas del sitio web y para ayudar a Vigilant a comunicarse con los visitantes del sitio web. Sin embargo, estos vendedores y proveedores de servicios no tienen ning\u00fan derecho independiente a compartir esta informaci\u00f3n (excepto de conformidad con un requisito legal como una citaci\u00f3n o orden judicial).<\/p>\n<p>Vigilant puede compartir parte o la totalidad de su informaci\u00f3n personal con cualquier empresa actual o futura que controle, controle o est\u00e9 bajo control com\u00fan de Vigilant, incluidos los socios de empresas conjuntas.<\/p>\n<p>Si Vigilant atraviesa una transici\u00f3n comercial, como una fusi\u00f3n, una adquisici\u00f3n por parte de otra empresa o la venta de todos o parte de sus activos, su informaci\u00f3n personal probablemente estar\u00e1 entre los activos transferidos. Usted reconoce que dichas transferencias pueden ocurrir y que cualquier adquirente de Vigilant o sus activos puede continuar usando su Informaci\u00f3n personal como se establece en esta Pol\u00edtica de privacidad. Cualquier entidad sucesora estar\u00e1 sujeta a esta Pol\u00edtica de Privacidad. Por la presente, usted acepta que Vigilant comparta su informaci\u00f3n personal en las circunstancias anteriores.<\/p>\n<p>Vigilant puede divulgar su informaci\u00f3n personal si cree de buena fe que dicha divulgaci\u00f3n es necesaria para cumplir con las leyes y regulaciones o autoridades gubernamentales (como informar datos de seguridad a la Administraci\u00f3n de Alimentos y Medicamentos de los Estados Unidos), para responder a citaciones o \u00f3rdenes emitidas en Vigilant, o para proteger y defender los derechos o la propiedad de Vigilant, los visitantes del sitio web u otros terceros.<\/p>\n<h2>Opciones con respecto a la informaci\u00f3n personal<\/h2>\n<p>Vigilant puede enviarle anuncios relacionados con el servicio, como, entre otros, avisos de actualizaciones de su sitio web y servicios, T\u00e9rminos de uso o Pol\u00edtica de privacidad, cuando sea necesario. No puede optar por no recibir estas comunicaciones, que no son de naturaleza promocional, pero si no desea recibir estos anuncios, tiene la opci\u00f3n de solicitar la eliminaci\u00f3n de su direcci\u00f3n de correo electr\u00f3nico de la base de datos de Vigilant. Cuando Vigilant elimine esta informaci\u00f3n sobre usted, se eliminar\u00e1 de las bases de datos activas, pero puede permanecer en los archivos de Vigilant.<\/p>\n<p>Puede revisar y corregir cualquier informaci\u00f3n personal que haya proporcionado a Vigilant actualizando su informaci\u00f3n de contacto directamente comunic\u00e1ndose con Vigilant al<span>\u00a0<\/span><a href=\"https:\/\/web.archive.org\/web\/20230615211218\/mailto:info@VigilantBiosciences.com\">info@VigilantBiosciences.com<\/a>.<\/p>\n<h2>Enlaces a otros sitios<\/h2>\n<p>El sitio web puede contener enlaces a otros sitios web que no son propiedad de Vigilant ni est\u00e1n controlados por ella. La provisi\u00f3n de dichos enlaces es para su comodidad y no implica el respaldo de Vigilant a dichos sitios web o ubicaciones ni a su contenido. Vigilant no tiene control, no revisa ni es responsable de las pol\u00edticas de privacidad ni del contenido mostrado en dichos otros sitios web. Tenga en cuenta que los t\u00e9rminos de esta Pol\u00edtica de privacidad no se aplican a ning\u00fan otro sitio web.<\/p>\n<h2>Privacidad de menores<\/h2>\n<p>Vigilant no recopila ni mantiene intencionalmente informaci\u00f3n de aquellos visitantes del sitio web que sean menores de 18 a\u00f1os.<\/p>\n<h2>Seguridad y confidencialidad<\/h2>\n<p>Vigilant ha implementado procedimientos f\u00edsicos, electr\u00f3nicos y administrativos apropiados y comercialmente razonables para salvaguardar y asegurar la informaci\u00f3n que recopila en l\u00ednea. Sin embargo, ninguna empresa, incluida Vigilant, puede eliminar por completo los riesgos de seguridad asociados con la informaci\u00f3n personal.<\/p>\n<h2>Cambios a esta Pol\u00edtica de Privacidad<\/h2>\n<p>Esta Pol\u00edtica de Privacidad es un documento vivo y Vigilant se reserva el derecho de modificarla en cualquier momento. Vigilant publicar\u00e1 cualquier cambio importante que realice en esta Pol\u00edtica de privacidad, el sitio web y otros lugares que considere apropiados para que usted sepa qu\u00e9 informaci\u00f3n personal recopila Vigilant, c\u00f3mo la utiliza y bajo qu\u00e9 circunstancias, si corresponde, la divulga. . Vigilant lo alienta a revisar esta Pol\u00edtica de privacidad peri\u00f3dicamente para detectar cualquier cambio, y su uso continuado del sitio web estar\u00e1 sujeto a la Pol\u00edtica de privacidad vigente en ese momento.<\/p>\n<h2>Contactar Vigilante<\/h2>\n<p>Si tiene alguna pregunta sobre esta Pol\u00edtica de Privacidad, comun\u00edquese con Vigilant al<span>\u00a0<\/span><a href=\"https:\/\/web.archive.org\/web\/20230615211218\/mailto:info@VigilantBiosciences.com\">info@VigilantBiosciences.com<\/a>.<\/p>\n<p>Esta Pol\u00edtica de Privacidad se actualiz\u00f3 por \u00faltima vez el 15 de abril de 2020.<\/p>\n<p>[\/et_pb_text][\/et_pb_column][\/et_pb_row][\/et_pb_section]<\/p>","protected":false},"excerpt":{"rendered":"<p>Pol\u00edtica de privacidad Vigilant Biosciences\u00ae, Inc. (\u201cVigilant\u201d, \u201cnosotros\u201d o \u201cnos\u201d) se toma muy en serio la privacidad y protecci\u00f3n de su informaci\u00f3n personal. Al visitar el sitio web de Vigilant ubicado en https:\/\/vigilantbiosciences.com (el &quot;Sitio web&quot;), usted reconoce que acepta las pr\u00e1cticas y pol\u00edticas descritas en esta Pol\u00edtica de privacidad. Qu\u00e9 cubre esta pol\u00edtica de privacidad Esta pol\u00edtica de privacidad describe el uso que hace Vigilant de la informaci\u00f3n personal [\u2026]<\/p>","protected":false},"author":1,"featured_media":248,"parent":0,"menu_order":30,"comment_status":"closed","ping_status":"closed","template":"","meta":{"_et_pb_use_builder":"on","_et_pb_old_content":"","_et_gb_content_width":"","inline_featured_image":false,"footnotes":""},"class_list":["post-500","page","type-page","status-publish","has-post-thumbnail","hentry"],"yoast_head":"<!-- This site is optimized with the Yoast SEO plugin v22.1 - https:\/\/yoast.com\/wordpress\/plugins\/seo\/ -->\n<title>News - Vigilant Biosciences\u00ae<\/title>\n<meta name=\"description\" content=\"News and updates about oral cancer screening, new technologies in oral cancer care, and other oral cancer developments.\" \/>\n<meta name=\"robots\" content=\"index, follow, max-snippet:-1, max-image-preview:large, max-video-preview:-1\" \/>\n<link rel=\"canonical\" href=\"https:\/\/vigilantbiosciences.com\/es\/politica-de-privacidad\/\" \/>\n<meta property=\"og:locale\" content=\"es_ES\" \/>\n<meta property=\"og:type\" content=\"article\" \/>\n<meta property=\"og:title\" content=\"News - Vigilant Biosciences\u00ae\" \/>\n<meta property=\"og:description\" content=\"News and updates about oral cancer screening, new technologies in oral cancer care, and other oral cancer developments.\" \/>\n<meta property=\"og:url\" content=\"https:\/\/vigilantbiosciences.com\/es\/politica-de-privacidad\/\" \/>\n<meta property=\"og:site_name\" content=\"Vigilant Biosciences\u00ae\" \/>\n<meta property=\"article:publisher\" content=\"https:\/\/www.facebook.com\/VigilantBiosciences1\" \/>\n<meta property=\"article:modified_time\" content=\"2023-09-21T20:36:39+00:00\" \/>\n<meta property=\"og:image\" content=\"https:\/\/vigilantbiosciences.com\/wp-content\/uploads\/Solutions-Page-header-image.jpg\" \/>\n\t<meta property=\"og:image:width\" content=\"1923\" \/>\n\t<meta property=\"og:image:height\" content=\"397\" \/>\n\t<meta property=\"og:image:type\" content=\"image\/jpeg\" \/>\n<meta name=\"twitter:card\" content=\"summary_large_image\" \/>\n<meta name=\"twitter:label1\" content=\"Tiempo de lectura\" \/>\n\t<meta name=\"twitter:data1\" content=\"2 minutos\" \/>\n<script type=\"application\/ld+json\" class=\"yoast-schema-graph\">{\"@context\":\"https:\/\/schema.org\",\"@graph\":[{\"@type\":\"WebPage\",\"@id\":\"https:\/\/vigilantbiosciences.com\/privacy-policy\/\",\"url\":\"https:\/\/vigilantbiosciences.com\/privacy-policy\/\",\"name\":\"News - Vigilant Biosciences\u00ae\",\"isPartOf\":{\"@id\":\"https:\/\/vigilantbiosciences.com\/#website\"},\"datePublished\":\"2023-09-21T20:32:48+00:00\",\"dateModified\":\"2023-09-21T20:36:39+00:00\",\"description\":\"News and updates about oral cancer screening, new technologies in oral cancer care, and other oral cancer developments.\",\"breadcrumb\":{\"@id\":\"https:\/\/vigilantbiosciences.com\/privacy-policy\/#breadcrumb\"},\"inLanguage\":\"es\",\"potentialAction\":[{\"@type\":\"ReadAction\",\"target\":[\"https:\/\/vigilantbiosciences.com\/privacy-policy\/\"]}]},{\"@type\":\"BreadcrumbList\",\"@id\":\"https:\/\/vigilantbiosciences.com\/privacy-policy\/#breadcrumb\",\"itemListElement\":[{\"@type\":\"ListItem\",\"position\":1,\"name\":\"Home\",\"item\":\"https:\/\/vigilantbiosciences.com\/\"},{\"@type\":\"ListItem\",\"position\":2,\"name\":\"Privacy Policy\"}]},{\"@type\":\"WebSite\",\"@id\":\"https:\/\/vigilantbiosciences.com\/#website\",\"url\":\"https:\/\/vigilantbiosciences.com\/\",\"name\":\"Vigilant Biosciences\u00ae\",\"description\":\"\",\"publisher\":{\"@id\":\"https:\/\/vigilantbiosciences.com\/#organization\"},\"potentialAction\":[{\"@type\":\"SearchAction\",\"target\":{\"@type\":\"EntryPoint\",\"urlTemplate\":\"https:\/\/vigilantbiosciences.com\/?s={search_term_string}\"},\"query-input\":\"required name=search_term_string\"}],\"inLanguage\":\"es\"},{\"@type\":\"Organization\",\"@id\":\"https:\/\/vigilantbiosciences.com\/#organization\",\"name\":\"Vigilant Biosciences\u00ae\",\"url\":\"https:\/\/vigilantbiosciences.com\/\",\"logo\":{\"@type\":\"ImageObject\",\"inLanguage\":\"es\",\"@id\":\"https:\/\/vigilantbiosciences.com\/#\/schema\/logo\/image\/\",\"url\":\"https:\/\/vigilantbiosciences.com\/wp-content\/uploads\/vigilant-logo-horizontal.svg\",\"contentUrl\":\"https:\/\/vigilantbiosciences.com\/wp-content\/uploads\/vigilant-logo-horizontal.svg\",\"width\":\"1024\",\"height\":\"1024\",\"caption\":\"Vigilant Biosciences\u00ae\"},\"image\":{\"@id\":\"https:\/\/vigilantbiosciences.com\/#\/schema\/logo\/image\/\"},\"sameAs\":[\"https:\/\/www.facebook.com\/VigilantBiosciences1\",\"https:\/\/www.linkedin.com\/company\/vigilant-biosciences\/\"]}]}<\/script>\n<!-- \/ Yoast SEO plugin. -->","yoast_head_json":{"title":"News - Vigilant Biosciences\u00ae","description":"News and updates about oral cancer screening, new technologies in oral cancer care, and other oral cancer developments.","robots":{"index":"index","follow":"follow","max-snippet":"max-snippet:-1","max-image-preview":"max-image-preview:large","max-video-preview":"max-video-preview:-1"},"canonical":"https:\/\/vigilantbiosciences.com\/es\/politica-de-privacidad\/","og_locale":"es_ES","og_type":"article","og_title":"News - Vigilant Biosciences\u00ae","og_description":"News and updates about oral cancer screening, new technologies in oral cancer care, and other oral cancer developments.","og_url":"https:\/\/vigilantbiosciences.com\/es\/politica-de-privacidad\/","og_site_name":"Vigilant Biosciences\u00ae","article_publisher":"https:\/\/www.facebook.com\/VigilantBiosciences1","article_modified_time":"2023-09-21T20:36:39+00:00","og_image":[{"width":1923,"height":397,"url":"https:\/\/vigilantbiosciences.com\/wp-content\/uploads\/Solutions-Page-header-image.jpg","type":"image\/jpeg"}],"twitter_card":"summary_large_image","twitter_misc":{"Tiempo de lectura":"2 minutos"},"schema":{"@context":"https:\/\/schema.org","@graph":[{"@type":"WebPage","@id":"https:\/\/vigilantbiosciences.com\/privacy-policy\/","url":"https:\/\/vigilantbiosciences.com\/privacy-policy\/","name":"News - Vigilant Biosciences\u00ae","isPartOf":{"@id":"https:\/\/vigilantbiosciences.com\/#website"},"datePublished":"2023-09-21T20:32:48+00:00","dateModified":"2023-09-21T20:36:39+00:00","description":"News and updates about oral cancer screening, new technologies in oral cancer care, and other oral cancer developments.","breadcrumb":{"@id":"https:\/\/vigilantbiosciences.com\/privacy-policy\/#breadcrumb"},"inLanguage":"es","potentialAction":[{"@type":"ReadAction","target":["https:\/\/vigilantbiosciences.com\/privacy-policy\/"]}]},{"@type":"BreadcrumbList","@id":"https:\/\/vigilantbiosciences.com\/privacy-policy\/#breadcrumb","itemListElement":[{"@type":"ListItem","position":1,"name":"Home","item":"https:\/\/vigilantbiosciences.com\/"},{"@type":"ListItem","position":2,"name":"Privacy Policy"}]},{"@type":"WebSite","@id":"https:\/\/vigilantbiosciences.com\/#website","url":"https:\/\/vigilantbiosciences.com\/","name":"Vigilant Biosciences\u00ae","description":"","publisher":{"@id":"https:\/\/vigilantbiosciences.com\/#organization"},"potentialAction":[{"@type":"SearchAction","target":{"@type":"EntryPoint","urlTemplate":"https:\/\/vigilantbiosciences.com\/?s={search_term_string}"},"query-input":"required name=search_term_string"}],"inLanguage":"es"},{"@type":"Organization","@id":"https:\/\/vigilantbiosciences.com\/#organization","name":"Vigilant Biosciences\u00ae","url":"https:\/\/vigilantbiosciences.com\/","logo":{"@type":"ImageObject","inLanguage":"es","@id":"https:\/\/vigilantbiosciences.com\/#\/schema\/logo\/image\/","url":"https:\/\/vigilantbiosciences.com\/wp-content\/uploads\/vigilant-logo-horizontal.svg","contentUrl":"https:\/\/vigilantbiosciences.com\/wp-content\/uploads\/vigilant-logo-horizontal.svg","width":"1024","height":"1024","caption":"Vigilant Biosciences\u00ae"},"image":{"@id":"https:\/\/vigilantbiosciences.com\/#\/schema\/logo\/image\/"},"sameAs":["https:\/\/www.facebook.com\/VigilantBiosciences1","https:\/\/www.linkedin.com\/company\/vigilant-biosciences\/"]}]}},"_links":{"self":[{"href":"https:\/\/vigilantbiosciences.com\/es\/wp-json\/wp\/v2\/pages\/500","targetHints":{"allow":["GET"]}}],"collection":[{"href":"https:\/\/vigilantbiosciences.com\/es\/wp-json\/wp\/v2\/pages"}],"about":[{"href":"https:\/\/vigilantbiosciences.com\/es\/wp-json\/wp\/v2\/types\/page"}],"author":[{"embeddable":true,"href":"https:\/\/vigilantbiosciences.com\/es\/wp-json\/wp\/v2\/users\/1"}],"replies":[{"embeddable":true,"href":"https:\/\/vigilantbiosciences.com\/es\/wp-json\/wp\/v2\/comments?post=500"}],"version-history":[{"count":0,"href":"https:\/\/vigilantbiosciences.com\/es\/wp-json\/wp\/v2\/pages\/500\/revisions"}],"wp:featuredmedia":[{"embeddable":true,"href":"https:\/\/vigilantbiosciences.com\/es\/wp-json\/wp\/v2\/media\/248"}],"wp:attachment":[{"href":"https:\/\/vigilantbiosciences.com\/es\/wp-json\/wp\/v2\/media?parent=500"}],"curies":[{"name":"wp","href":"https:\/\/api.w.org\/{rel}","templated":true}]}}