{"id":253,"date":"2023-03-22T18:24:01","date_gmt":"2023-03-22T18:24:01","guid":{"rendered":"https:\/\/vigilantbio.wpengine.com\/?page_id=253"},"modified":"2023-12-20T20:39:09","modified_gmt":"2023-12-20T20:39:09","slug":"training","status":"publish","type":"page","link":"https:\/\/vigilantbiosciences.com\/es\/capacitacion\/","title":{"rendered":"Capacitaci\u00f3n sobre el sistema BeVigilant\u2122 OraFusion\u2122"},"content":{"rendered":"<p>[et_pb_section fb_built=\u201d1\u2033 custom_padding_last_edited=\u201don|phone\u201d _builder_version=\u201d4.21.0\u2033 _dynamic_attributes=\u201dbackground_image\u201d _module_preset=\u201ddefault\u201d use_background_color_gradient=\u201don\u201d background_color_gradient_stops=\u201drgba(0,142,168,0.59) 0%|rgba( 0.142.168 ,0.5) 100%\u201d background_color_gradient_overlays_image=\u201don\u201d background_image=\u201d@ET-DC@eyJkeW5hbWljIjp0cnVlLCJjb250ZW50IjoicG9zdF9mZWF0dXJlZF9pbWFnZSIsInNldHRpbmdzIjp7fX0=@\u201d custom_padding=\u201d 100px||100px||verdadero|falso\u201d custom_padding_tablet=\u201d80px||80px||verdadero|falso\u201d custom_padding_phone= \u201d50px||50px||true|false\u201d bloqueado=\u201doff\u201d global_colors_info=\u201d{}\u201d][et_pb_row _builder_version=\u201d4.20.0\u2033 _module_preset=\u201ddefault\u201d global_colors_info=\u201d{}\u201d][et_pb_column type=\u201d4_4 \u2033 _builder_version=\u201d4.20.0\u2033 _module_preset=\u201ddefault\u201d global_colors_info=\u201d{}\u201d][et_pb_text _builder_version=\u201d4.20.4\u2033 _module_preset=\u201ddefault\u201d text_font_size=\u201d30px\u201d header_font=\u201d|600|||||| |\u201d header_letter_spacing=\u201d-3px\u201d text_orientation=\u201dcenter\u201d background_layout=\u201ddark\u201d global_colors_info=\u201d{}\u201d]<\/p>\n<h1>Capacitaci\u00f3n sobre el sistema BeVigilant\u2122 OraFusion\u2122<\/h1>\n<p>[\/et_pb_text][\/et_pb_column][\/et_pb_row][\/et_pb_section][et_pb_section fb_built=\u201d1\u2033 custom_padding_last_edited=\u201don|phone\u201d _builder_version=\u201d4.20.4\u2033 _module_preset=\u201ddefault\u201d background_enable_color=\u201doff\u201d custom_margin=\u201d ||||false|false\u201d custom_padding=\u201d80px||80px||true|false\u201d custom_padding_tablet=\u201d||||true|false\u201d custom_padding_phone=\u201d50px||50px||true|false\u201d bloqueado=\u201dapagado\u201d global_colors_info=\u201d{}\u201d][et_pb_row _builder_version=\u201d4.20.4\u2033 _module_preset=\u201ddefault\u201d width_tablet=\u201d90%\u201d width_phone=\u201d90%\u201d width_last_edited=\u201don|tablet\u201d custom_margin=\u201d||80px||false|false\u201d custom_padding=\u201d0px||0px||true|false\u201d lock=\u201doff\u201d global_colors_info=\u201d{}\u201d][et_pb_column type=\u201d4_4\u2033 _builder_version=\u201d4.20.4\u2033 _module_preset=\u201ddefault\u201d global_colors_info=\u201d{}\u201d ][et_pb_text _builder_version=\u201d4.20.4\u2033 _module_preset=\u201ddefault\u201d text_orientation=\u201dcenter\u201d global_colors_info=\u201d{}\u201d]<\/p>\n<h2 class=\" translation-block\">Instrucciones de uso del sistema BeVigilant\u2122 OraFusion\u2122<\/h2>\n<p>[\/et_pb_text][et_pb_blurb image=\u201dhttps:\/\/vigilantbiosciences.com\/wp-content\/uploads\/Ora-3D-IFU.jpg\u201d alt=\u201dOra-3D IFU\u201d icon_placement=\u201dleft\u201d image_icon_width=\u201d200%\u201d content_max_width =\u201d600px\u201d module_class=\u201difu\u201d _builder_version=\u201d4.23.1\u2033 _module_preset=\u201ddefault\u201d header_level=\u201dh3\u2033 custom_margin=\u201d||60px||false|false\u201d Animation=\u201doff\u201d global_colors_info=\u201d{}\u201d]<\/p>\n<h3>Descargar las instrucciones de uso de Ora-3D\u2122<\/h3>\n<p class=\" translation-block\">Lea las instrucciones de uso (IFU) para conocer la tecnolog\u00eda BeVigilant\u2122 Ora-3D y c\u00f3mo operar el sistema.<\/p>\n<p><span><a href=\"https:\/\/vigilantbiosciences.com\/wp-content\/uploads\/11_9_23-ALL_VB162_3600006-Rev-G-Ora-3D-IFU-.pdf\" class=\"pa-blurb-button\" target=\"_blank\" rel=\"noopener\">Descargar<\/a><\/span><\/p>\n<p>[\/et_pb_blurb][et_pb_blurb image=\u201dhttps:\/\/vigilantbiosciences.com\/wp-content\/uploads\/Reader-IFU.jpg\u201d alt=\u201dReader IFU\u201d icon_placement=\u201dleft\u201d image_icon_width=\u201d200%\u201d content_max_width=\u201d600px\u201d module_class=\u201difu\u201d _builder_version=\u201d4.23.1\u2033 _module_preset=\u201ddefault\u201d header_level=\u201dh3\u2033 Animation=\u201doff\u201d global_colors_info=\u201d{}\u201d]<\/p>\n<h3 class=\" translation-block\">Descargar las instrucciones de uso del lector BeVigilant\u2122<\/h3>\n<p class=\" translation-block\">Lea las instrucciones de uso para conocer la tecnolog\u00eda BeVigilant\u2122 Reader y recibir los resultados m\u00e1s precisos.<\/p>\n<p><span><a href=\"https:\/\/vigilantbiosciences.com\/wp-content\/uploads\/11_9_23-ALL_VB161_3600002_Rev-J_-BeVigilant-RAPID-Reader-IFU_OUS.pdf\" class=\"pa-blurb-button\" target=\"_blank\" rel=\"noopener\">Descargar<\/a><\/span><\/p>\n<p>[\/et_pb_blurb][\/et_pb_column][\/et_pb_row][et_pb_row _builder_version=\u201d4.20.4\u2033 _module_preset=\u201ddefault\u201d width=\u201d900px\u201d width_tablet=\u201d90%\u201d width_phone=\u201d90%\u201d width_last_edited=\u201don|tablet\u201d custom_padding= \u201d0px||0px||true|false\u201d global_colors_info=\u201d{}\u201d][et_pb_column type=\u201d4_4\u2033 _builder_version=\u201d4.20.0\u2033 _module_preset=\u201ddefault\u201d global_colors_info=\u201d{}\u201d][et_pb_text _builder_version=\u201d4.20 .4\u2033 _module_preset=\u201ddefault\u201d text_orientation=\u201dcenter\u201d custom_margin=\u201d||20px||false|false\u201d global_colors_info=\u201d{}\u201d]<\/p>\n<h2 class=\" translation-block\">Capacitaci\u00f3n y certificaci\u00f3n del sistema BeVigilant\u2122 OraFusion\u2122<\/h2>\n<p>[\/et_pb_text][et_pb_text _builder_version=\u201d4.20.4\u2033 _module_preset=\u201ddefault\u201d text_orientation=\u201dcenter\u201d custom_margin=\u201d||50px||false|false\u201d global_colors_info=\u201d{}\u201d]<\/p>\n<p>Obtenga m\u00e1s informaci\u00f3n sobre las funciones clave y las pautas importantes para utilizar el sistema BeVigilant\u2122 OraFusion\u2122 en su pr\u00e1ctica. Mire este v\u00eddeo despu\u00e9s de leer las instrucciones de uso (IFU) para completar su formaci\u00f3n.<\/p>\n<p>[\/et_pb_text][et_pb_video src=\u201dhttps:\/\/vimeo.com\/896352683?share=copy\u201d image_src=\u201dhttps:\/\/vigilantbiosciences.com\/wp-content\/uploads\/New-Front-Cover-For-video. png\u201d play_icon_color=\u201d#008EA8\u2033 thumbnail_overlay_color=\u201drgba(0,0,0,0.3)\u201d _builder_version=\u201d4.23.1\u2033 _module_preset=\u201ddefault\u201d custom_margin=\u201d||50px||false|false\u201d hover_enabled=\u201d0\u2033 border_color_all=\u201d#EBEBEB\u201d box_shadow_style=\u201dpreset2\u2033 box_shadow_color=\u201drgba(0,0,0,0.15)\u201d global_colors_info=\u201d{}\u201d title_text=\u201dNueva portada para video\u201d sticky_enabled=\u201d0\u2033][\/et_pb_video][ et_pb_button button_url=\u201d@ET-DC@eyJkeW5hbWljIjp0cnVlLCJjb250ZW50IjoicG9zdF9saW5rX3VybF9wYWdlIiwic2V0dGluZ3MiOnsicG9zdF9pZCI6IjQwNyJ9fQ==@\u201d button_text=\u201dSiguiente paso\u201d button_ alineaci\u00f3n=\u201dcentro\u201d _builder_version=\u201d4.21.0\u2033 _dynamic_attributes=\u201dbutton_url\u201d _module_preset=\u201ddefault\u201d custom_button=\u201don\u201d button_text_size=\u201d 16px\u201d button_text_color=\u201d#008EA8\u2033 button_border_width=\u201d2px\u201d button_border_color=\u201d#008EA8\u2033 button_border_radius=\u201d50px\u201d button_letter_spacing=\u201d1px\u201d button_use_icon=\u201doff\u201d custom_margin=\u201d|||30px|false|false\u201d custom_margin_tablet=\u201d||10px |0px|false|false\u201d custom_margin_phone=\u201d|||0px|false|false\u201d custom_margin_last_edited=\u201don|tablet\u201d custom_padding=\u201d8px|30px|8px|30px|true|true\u201d lock=\u201doff\u201d global_colors_info=\u201d{ }\u201d button_text_color__hover_enabled=\u201don|hover\u201d button_text_color__hover=\u201d#FFFFFF\u201d button_bg_color__hover_enabled=\u201don|hover\u201d button_bg_color__hover=\u201d#008EA8\u2033 button_bg_enable_color__hover=\u201don\u201d][\/et_pb_button][\/et_pb_column][\/et_pb_row ][\/et_pb_section]<\/p>","protected":false},"excerpt":{"rendered":"<p>Capacitaci\u00f3n del sistema BeVigilant\u2122 OraFusion\u2122Instrucciones de uso del sistema BeVigilant\u2122 OraFusion\u2122Descargar las instrucciones de uso de Ora-3D\u2122 Lea las instrucciones de uso (IFU) para conocer la tecnolog\u00eda BeVigilant\u2122 Ora-3D y c\u00f3mo operar el sistema. DescargarDescargar las instrucciones de uso de BeVigilant\u2122 Reader Lea las instrucciones de uso para conocer la tecnolog\u00eda de BeVigilant\u2122 Reader y recibir los resultados m\u00e1s precisos. DescargarCapacitaci\u00f3n sobre el sistema BeVigilant\u2122 OraFusion\u2122 y [\u2026]<\/p>","protected":false},"author":1,"featured_media":324,"parent":0,"menu_order":3,"comment_status":"closed","ping_status":"closed","template":"","meta":{"_et_pb_use_builder":"on","_et_pb_old_content":"","_et_gb_content_width":"","inline_featured_image":false,"footnotes":""},"class_list":["post-253","page","type-page","status-publish","has-post-thumbnail","hentry"],"yoast_head":"<!-- This site is optimized with the Yoast SEO plugin v22.1 - https:\/\/yoast.com\/wordpress\/plugins\/seo\/ -->\n<title>BeVigilant\u2122 OraFusion\u2122 System Training - Vigilant Biosciences\u00ae<\/title>\n<meta name=\"description\" content=\"We describe key features and important guidelines for using the BeVigilant\u2122 OraFusion\u2122 System in dental practices.\" \/>\n<meta name=\"robots\" content=\"noindex, nofollow\" \/>\n<meta property=\"og:locale\" content=\"es_ES\" \/>\n<meta property=\"og:type\" content=\"article\" \/>\n<meta property=\"og:title\" content=\"BeVigilant\u2122 OraFusion\u2122 System Training - Vigilant Biosciences\u00ae\" \/>\n<meta property=\"og:description\" content=\"We describe key features and important guidelines for using the BeVigilant\u2122 OraFusion\u2122 System in dental practices.\" \/>\n<meta property=\"og:url\" content=\"https:\/\/vigilantbiosciences.com\/es\/capacitacion\/\" \/>\n<meta property=\"og:site_name\" content=\"Vigilant Biosciences\u00ae\" \/>\n<meta property=\"article:publisher\" content=\"https:\/\/www.facebook.com\/VigilantBiosciences1\" \/>\n<meta property=\"article:modified_time\" content=\"2023-12-20T20:39:09+00:00\" \/>\n<meta property=\"og:image\" content=\"https:\/\/vigilantbiosciences.com\/wp-content\/uploads\/patient-resource-banner.jpg\" \/>\n\t<meta property=\"og:image:width\" content=\"1920\" \/>\n\t<meta property=\"og:image:height\" content=\"396\" \/>\n\t<meta property=\"og:image:type\" content=\"image\/jpeg\" \/>\n<meta name=\"twitter:card\" content=\"summary_large_image\" \/>\n<meta name=\"twitter:label1\" content=\"Tiempo de lectura\" \/>\n\t<meta name=\"twitter:data1\" content=\"2 minutos\" \/>\n<script type=\"application\/ld+json\" class=\"yoast-schema-graph\">{\"@context\":\"https:\/\/schema.org\",\"@graph\":[{\"@type\":\"WebPage\",\"@id\":\"https:\/\/vigilantbiosciences.com\/training\/\",\"url\":\"https:\/\/vigilantbiosciences.com\/training\/\",\"name\":\"BeVigilant\u2122 OraFusion\u2122 System Training - Vigilant Biosciences\u00ae\",\"isPartOf\":{\"@id\":\"https:\/\/vigilantbiosciences.com\/#website\"},\"datePublished\":\"2023-03-22T18:24:01+00:00\",\"dateModified\":\"2023-12-20T20:39:09+00:00\",\"description\":\"We describe key features and important guidelines for using the BeVigilant\u2122 OraFusion\u2122 System in dental practices.\",\"breadcrumb\":{\"@id\":\"https:\/\/vigilantbiosciences.com\/training\/#breadcrumb\"},\"inLanguage\":\"es\",\"potentialAction\":[{\"@type\":\"ReadAction\",\"target\":[\"https:\/\/vigilantbiosciences.com\/training\/\"]}]},{\"@type\":\"BreadcrumbList\",\"@id\":\"https:\/\/vigilantbiosciences.com\/training\/#breadcrumb\",\"itemListElement\":[{\"@type\":\"ListItem\",\"position\":1,\"name\":\"Home\",\"item\":\"https:\/\/vigilantbiosciences.com\/\"},{\"@type\":\"ListItem\",\"position\":2,\"name\":\"BeVigilant\u2122 OraFusion\u2122 System Training\"}]},{\"@type\":\"WebSite\",\"@id\":\"https:\/\/vigilantbiosciences.com\/#website\",\"url\":\"https:\/\/vigilantbiosciences.com\/\",\"name\":\"Vigilant Biosciences\u00ae\",\"description\":\"\",\"publisher\":{\"@id\":\"https:\/\/vigilantbiosciences.com\/#organization\"},\"potentialAction\":[{\"@type\":\"SearchAction\",\"target\":{\"@type\":\"EntryPoint\",\"urlTemplate\":\"https:\/\/vigilantbiosciences.com\/?s={search_term_string}\"},\"query-input\":\"required name=search_term_string\"}],\"inLanguage\":\"es\"},{\"@type\":\"Organization\",\"@id\":\"https:\/\/vigilantbiosciences.com\/#organization\",\"name\":\"Vigilant Biosciences\u00ae\",\"url\":\"https:\/\/vigilantbiosciences.com\/\",\"logo\":{\"@type\":\"ImageObject\",\"inLanguage\":\"es\",\"@id\":\"https:\/\/vigilantbiosciences.com\/#\/schema\/logo\/image\/\",\"url\":\"https:\/\/vigilantbiosciences.com\/wp-content\/uploads\/vigilant-logo-horizontal.svg\",\"contentUrl\":\"https:\/\/vigilantbiosciences.com\/wp-content\/uploads\/vigilant-logo-horizontal.svg\",\"width\":\"1024\",\"height\":\"1024\",\"caption\":\"Vigilant Biosciences\u00ae\"},\"image\":{\"@id\":\"https:\/\/vigilantbiosciences.com\/#\/schema\/logo\/image\/\"},\"sameAs\":[\"https:\/\/www.facebook.com\/VigilantBiosciences1\",\"https:\/\/www.linkedin.com\/company\/vigilant-biosciences\/\"]}]}<\/script>\n<!-- \/ Yoast SEO plugin. -->","yoast_head_json":{"title":"BeVigilant\u2122 OraFusion\u2122 System Training - Vigilant Biosciences\u00ae","description":"We describe key features and important guidelines for using the BeVigilant\u2122 OraFusion\u2122 System in dental practices.","robots":{"index":"noindex","follow":"nofollow"},"og_locale":"es_ES","og_type":"article","og_title":"BeVigilant\u2122 OraFusion\u2122 System Training - Vigilant Biosciences\u00ae","og_description":"We describe key features and important guidelines for using the BeVigilant\u2122 OraFusion\u2122 System in dental practices.","og_url":"https:\/\/vigilantbiosciences.com\/es\/capacitacion\/","og_site_name":"Vigilant Biosciences\u00ae","article_publisher":"https:\/\/www.facebook.com\/VigilantBiosciences1","article_modified_time":"2023-12-20T20:39:09+00:00","og_image":[{"width":1920,"height":396,"url":"https:\/\/vigilantbiosciences.com\/wp-content\/uploads\/patient-resource-banner.jpg","type":"image\/jpeg"}],"twitter_card":"summary_large_image","twitter_misc":{"Tiempo de lectura":"2 minutos"},"schema":{"@context":"https:\/\/schema.org","@graph":[{"@type":"WebPage","@id":"https:\/\/vigilantbiosciences.com\/training\/","url":"https:\/\/vigilantbiosciences.com\/training\/","name":"BeVigilant\u2122 OraFusion\u2122 System Training - Vigilant Biosciences\u00ae","isPartOf":{"@id":"https:\/\/vigilantbiosciences.com\/#website"},"datePublished":"2023-03-22T18:24:01+00:00","dateModified":"2023-12-20T20:39:09+00:00","description":"We describe key features and important guidelines for using the BeVigilant\u2122 OraFusion\u2122 System in dental practices.","breadcrumb":{"@id":"https:\/\/vigilantbiosciences.com\/training\/#breadcrumb"},"inLanguage":"es","potentialAction":[{"@type":"ReadAction","target":["https:\/\/vigilantbiosciences.com\/training\/"]}]},{"@type":"BreadcrumbList","@id":"https:\/\/vigilantbiosciences.com\/training\/#breadcrumb","itemListElement":[{"@type":"ListItem","position":1,"name":"Home","item":"https:\/\/vigilantbiosciences.com\/"},{"@type":"ListItem","position":2,"name":"BeVigilant\u2122 OraFusion\u2122 System Training"}]},{"@type":"WebSite","@id":"https:\/\/vigilantbiosciences.com\/#website","url":"https:\/\/vigilantbiosciences.com\/","name":"Vigilant Biosciences\u00ae","description":"","publisher":{"@id":"https:\/\/vigilantbiosciences.com\/#organization"},"potentialAction":[{"@type":"SearchAction","target":{"@type":"EntryPoint","urlTemplate":"https:\/\/vigilantbiosciences.com\/?s={search_term_string}"},"query-input":"required name=search_term_string"}],"inLanguage":"es"},{"@type":"Organization","@id":"https:\/\/vigilantbiosciences.com\/#organization","name":"Vigilant Biosciences\u00ae","url":"https:\/\/vigilantbiosciences.com\/","logo":{"@type":"ImageObject","inLanguage":"es","@id":"https:\/\/vigilantbiosciences.com\/#\/schema\/logo\/image\/","url":"https:\/\/vigilantbiosciences.com\/wp-content\/uploads\/vigilant-logo-horizontal.svg","contentUrl":"https:\/\/vigilantbiosciences.com\/wp-content\/uploads\/vigilant-logo-horizontal.svg","width":"1024","height":"1024","caption":"Vigilant Biosciences\u00ae"},"image":{"@id":"https:\/\/vigilantbiosciences.com\/#\/schema\/logo\/image\/"},"sameAs":["https:\/\/www.facebook.com\/VigilantBiosciences1","https:\/\/www.linkedin.com\/company\/vigilant-biosciences\/"]}]}},"_links":{"self":[{"href":"https:\/\/vigilantbiosciences.com\/es\/wp-json\/wp\/v2\/pages\/253","targetHints":{"allow":["GET"]}}],"collection":[{"href":"https:\/\/vigilantbiosciences.com\/es\/wp-json\/wp\/v2\/pages"}],"about":[{"href":"https:\/\/vigilantbiosciences.com\/es\/wp-json\/wp\/v2\/types\/page"}],"author":[{"embeddable":true,"href":"https:\/\/vigilantbiosciences.com\/es\/wp-json\/wp\/v2\/users\/1"}],"replies":[{"embeddable":true,"href":"https:\/\/vigilantbiosciences.com\/es\/wp-json\/wp\/v2\/comments?post=253"}],"version-history":[{"count":0,"href":"https:\/\/vigilantbiosciences.com\/es\/wp-json\/wp\/v2\/pages\/253\/revisions"}],"wp:featuredmedia":[{"embeddable":true,"href":"https:\/\/vigilantbiosciences.com\/es\/wp-json\/wp\/v2\/media\/324"}],"wp:attachment":[{"href":"https:\/\/vigilantbiosciences.com\/es\/wp-json\/wp\/v2\/media?parent=253"}],"curies":[{"name":"wp","href":"https:\/\/api.w.org\/{rel}","templated":true}]}}