{"id":149,"date":"2023-03-01T14:19:41","date_gmt":"2023-03-01T14:19:41","guid":{"rendered":"https:\/\/vigilantbio.wpengine.com\/?page_id=149"},"modified":"2023-04-20T17:12:16","modified_gmt":"2023-04-20T17:12:16","slug":"contact-thank-you","status":"publish","type":"page","link":"https:\/\/vigilantbiosciences.com\/es\/contacto-gracias\/","title":{"rendered":"contacto gracias"},"content":{"rendered":"<p>[et_pb_section fb_built=\u201d1\u2033 custom_padding_last_edited=\u201don|phone\u201d _builder_version=\u201d4.20.4\u2033 _module_preset=\u201ddefault\u201d use_background_color_gradient=\u201don\u201d background_color_gradient_stops=\u201drgba(0,142,168,0.5) 0%|rgba(0,142,168,0.5) 100%\u201d background_color_gradient_overlays_image=\u201don\u201d background_image=\u201dhttps:\/\/vigilantbiosciences.com\/wp-content\/uploads\/Cover.jpg\u201d background_position=\u201dtop_center\u201d custom_padding=\u201d100px||100px||true|false\u201d custom_padding_tablet=\u201d80px||80px||true|false\u201d Tel\u00e9fono de relleno personalizado = 50px | 50px | verdadero | falso. Activado por desplazamiento = 0. Informaci\u00f3n global de colores = {}. Activado por desplazamiento = 0. [Et_pb_row _builder_version = 4.20.0 _module_preset = predeterminado. Informaci\u00f3n global de colores = {}.] [Et_pb_column type = 4_4 _builder_version = 4.20.0 _module_preset = predeterminado. Informaci\u00f3n global de colores = {}.] [Et_pb_text _builder_version = 4.20.4 _module_preset = predeterminado. Fuente del encabezado = 600. espaciado_de_letras_del_encabezado=\u201d-3px\u201d orientaci\u00f3n_del_texto=\u201dcentro\u201d dise\u00f1o_de_fondo=\u201doscuro\u201d informaci\u00f3n_de_colores_globales=\u201d{}\u201d]<\/p>\n<h1>Gracias<\/h1>\n<p>[\/et_pb_text][\/et_pb_column][\/et_pb_row][\/et_pb_section][et_pb_section fb_built=\u201d1\u2033 custom_padding_last_edited=\u201don|phone\u201d _builder_version=\u201d4.20.0\u2033 _module_preset=\u201ddefault\u201d background_enable_color=\u201doff\u201d custom_margin=\u201d||||false|false\u201d custom_padding=\u201d80px||80px||true|false\u201d custom_padding_tablet=\u201d50px||10px||false|false\u201d custom_padding_phone=\u201d30px||0px||false|false\u201d locking=\u201doff\u201d global_colors_info=\u201d{}\u201d][et_pb_row _builder_version=\u201d4.20.0\u2033 _module_preset=\u201ddefault\u201d ancho=\u201d90%\u201d informaci\u00f3n_global_colors=\u201d{}\u201d][et_pb_column tipo=\u201d4_4\u2033 _builder_version=\u201d4.20.0\u2033 _module_preset=\u201ddefault\u201d informaci\u00f3n_global_colors=\u201d{}\u201d][et_pb_texto _builder_version=\u201d4.20.0\u2033 _module_preset=\u201ddefault\u201d color_texto_encabezado_2=\u201d#F05323\u2033 orientaci\u00f3n_texto=\u201dcenter\u201d informaci\u00f3n_global_colors=\u201d{}\u201d]<\/p>\n<h2>Un miembro de nuestro equipo se pondr\u00e1 en contacto pronto. Mientras tanto, si\u00e9ntete libre de explorar los recursos a continuaci\u00f3n.<\/h2>\n<p>[\/et_pb_text][\/et_pb_column][\/et_pb_row][\/et_pb_section][et_pb_section fb_built=\u201d1\u2033 _builder_version=\u201d4.20.0\u2033 _module_preset=\u201ddefault\u201d width=\u201d100%\u201d max_width=\u201d100%\u201d custom_margin=\u201d0px||0px||true|false\u201d custom_padding=\u201d0px||0px||false|false\u201d locking=\u201doff\u201d global_colors_info=\u201d{}\u201d][et_pb_row column_structure=\u201d1_2,1_2\u2033 use_custom_gutter=\u201don\u201d gutter_width=\u201d1\u2033 make_equal=\u201don\u201d module_class=\u201dreverse\u201d _builder_version=\u201d4.20.2\u2033 _module_preset=\u201dpredeterminado\u201d width_tablet=\u201d90%\u201d width_phone=\u201d90%\u201d width_last_edited=\u201don|phone\u201d custom_padding=\u201d0px||0px||false|false\u201d global_colors_info=\u201d{}\u201d custom_css_main_element_last_edited=\u201don|phone\u201d custom_css_main_element_tablet=\u201ddisplay: flex;\u201d custom_css_main_element_phone=\u201ddisplay: block;\u201d][et_pb_column type=\u201d1_2\u2033 admin_label=\u201dColumna\u201d _builder_version=\u201d4.20.2\u2033 _module_preset=\u201dpredeterminado\u201d background_image=\u201dhttps:\/\/vigilantbiosciences.com\/wp-content\/uploads\/cancer-cells-illustration.jpg\u201d custom_padding=\u201d0px|0px|0px|0px|true|true\u201d custom_padding_tablet=\u201d105px|80px|105px|80px|true|true\u201d custom_padding_phone=\u201d80px|80px|80px|80px|true|true\u201d custom_padding_last_edited=\u201don|tablet\u201d global_colors_info=\u201d{}\u201d][\/et_pb_column][et_pb_column tipo=\u201d1_2\u2033 _builder_version=\u201d4.20.0\u2033 _module_preset=\u201dpredeterminado\u201d relleno_personalizado=\u201d80px|80px|80px|80px|verdadero|verdadero\u201d relleno_personalizado_tableta=\u201d50px|50px|50px|50px|verdadero|verdadero\u201d relleno_personalizado_tel\u00e9fono=\u201d30px|30px|30px|30px|verdadero|verdadero\u201d relleno_personalizado_\u00faltima_edici\u00f3n=\u201den|tel\u00e9fono\u201d elemento_principal_css_personalizado=\u201dmostrar: flex;||direcci\u00f3n-flexible: columna;||justificar-contenido: centro;\u201d Informaci\u00f3n global de colores = &quot;{}&quot;] [et_pb_text _builder_version = &quot;4.20.2&quot; _module_preset = &quot;predeterminado&quot; margen personalizado = &quot;||10px||falso|falso&quot; relleno personalizado = &quot;||0px||falso|falso&quot; orientaci\u00f3n del texto en la tableta = &quot;orientaci\u00f3n del texto en el tel\u00e9fono = &quot;centro&quot; orientaci\u00f3n del texto en el tel\u00e9fono = &quot;\u00faltima edici\u00f3n&quot; informaci\u00f3n global de colores = &quot;{}&quot;]<\/p>\n<h3>Transformando la detecci\u00f3n, mejorando vidas<\/h3>\n<p>[\/et_pb_text][et_pb_text _builder_version=\u201d4.20.2\u2033 _module_preset=\u201ddefault\u201d custom_margin=\u201d||30px||false|false\u201d custom_padding=\u201d||0px||false|false\u201d text_orientation_tablet=\u201d\u201d text_orientation_phone=\u201dcenter\u201d text_orientation_last_edited=\u201don|phone\u201d global_colors_info=\u201d{}\u201d]<\/p>\n<p>La historia detr\u00e1s de Vigilant: descubra por qu\u00e9 nuestra misi\u00f3n es tan importante para nosotros.<\/p>\n<p>[\/et_pb_text][et_pb_button URL del bot\u00f3n=\u201d@ET-DC@eyJkeW5hbWljIjp0cnVlLCJjb250ZW50IjoicG9zdF9saW5rX3VybF9wYWdlIiwic2V0dGluZ3MiOnsicG9zdF9pZCI6Ijc4In19@\u201d Texto del bot\u00f3n=\u201dDescubrir\u201d Alineaci\u00f3n del bot\u00f3n en tableta=\u201d\u201d Alineaci\u00f3n del bot\u00f3n en tel\u00e9fono=\u201dCentrar\u201d Alineaci\u00f3n del bot\u00f3n en \u00faltima edici\u00f3n=\u201dOn|Phone\u201d _versi\u00f3n del generador=\u201d4.20.2\u2033 _atributos din\u00e1micos=\u201dURL del bot\u00f3n\u201d _ajuste preestablecido del m\u00f3dulo=\u201dPredeterminado\u201d Bot\u00f3n personalizado=\u201dOn\u201d Tama\u00f1o del texto del bot\u00f3n=\u201d16px\u201d Color del texto del bot\u00f3n=\u201d#008EA8\u2033 Ancho del borde del bot\u00f3n = 2 px. Color del borde del bot\u00f3n = #008EA8. Radio del borde del bot\u00f3n = 50 px. Espaciado entre letras del bot\u00f3n = 1 px. Icono de uso del bot\u00f3n = desactivado. Margen personalizado = 0 px. Relleno personalizado = 8 px. Informaci\u00f3n de colores globales = {}. Color del texto del bot\u00f3n __hover habilitado = activado al pasar el rat\u00f3n. Color del texto del bot\u00f3n __hover habilitado = #FFFFFF. Color del fondo del bot\u00f3n __hover habilitado = activado al pasar el rat\u00f3n. Color del fondo del bot\u00f3n __hover habilitado = #008EA8 button_bg_enable_color__hover=\u201don\u201d][\/et_pb_button][\/et_pb_column][\/et_pb_row][\/et_pb_section][et_pb_section fb_built=\u201d1\u2033 _builder_version=\u201d4.20.0\u2033 _module_preset=\u201ddefault\u201d width=\u201d100%\u201d max_width=\u201d100%\u201d custom_margin=\u201d0px||0px||true|false\u201d custom_padding=\u201d0px||0px||false|false\u201d locking=\u201doff\u201d global_colors_info=\u201d{}\u201d][et_pb_row column_structure=\u201d1_2,1_2\u2033 use_custom_gutter=\u201don\u201d gutter_width=\u201d1\u2033 make_equal=\u201don\u201d custom_padding_last_edited=\u201don|phone\u201d module_class=\u201dreverse\u201d _builder_version=\u201d4.20.4\u2033 _module_preset=\u201ddefault\u201d width_tablet=\u201d90%\u201d width_phone=\u201d90%\u201d width_last_edited=\u201don|tablet\u201d custom_padding=\u201d0px||70px||false|false\u201d custom_padding_tablet=\u201d0px||50px||false|false\u201d custom_padding_phone=\u201d0px||||false|false\u201d hover_enabled=\u201d0\u2033 global_colors_info=\u201d{}\u201d custom_css_main_element_last_edited=\u201don|phone\u201d custom_css_main_element_tablet=\u201ddisplay: flex;\u201d custom_css_main_element_phone=\u201ddisplay: block;\u201d sticky_enabled=\u201d0\u2033][et_pb_column type=\u201d1_2\u2033 _builder_version=\u201d4.20.0\u2033 _module_preset=\u201ddefault\u201d custom_padding=\u201d80px|80px|80px|80px|true|true\u201d custom_padding_tablet=\u201d50px|50px|50px|50px|true|true\u201d custom_padding_phone=\u201d30px|30px|30px|30px|true|true\u201d custom_padding_last_edited=\u201don|phone\u201d custom_css_main_element=\u201ddisplay: flex;||flex-direction: column;||justify-content: center;\u201d Informaci\u00f3n global de colores = &quot;{}&quot;] [et_pb_text _builder_version = &quot;4.20.2&quot; _module_preset = &quot;predeterminado&quot; Orientaci\u00f3n del texto = &quot;derecha&quot; Margen personalizado = &quot;||10px||falso|falso&quot; Relleno personalizado = &quot;||0px||falso|falso&quot; Orientaci\u00f3n del texto en tableta = &quot;derecha&quot; Orientaci\u00f3n del texto en tel\u00e9fono = &quot;centro&quot; \u00daltima edici\u00f3n de la orientaci\u00f3n del texto = &quot;en|tel\u00e9fono&quot; Informaci\u00f3n global de colores = &quot;{}&quot;]<\/p>\n<h3>Comprender la ciencia de antes<\/h3>\n<p>[\/et_pb_text][et_pb_text _builder_version=\u201d4.20.2\u2033 _module_preset=\u201ddefault\u201d text_orientation=\u201dright\u201d custom_margin=\u201d||30px||false|false\u201d custom_padding=\u201d||0px||false|false\u201d text_orientation_tablet=\u201dright\u201d text_orientation_phone=\u201dcenter\u201d text_orientation_last_edited=\u201don|phone\u201d global_colors_info=\u201d{}\u201d]<\/p>\n<p>Explore los recursos y la tecnolog\u00eda detr\u00e1s del sistema BeVigilant\u2122 OraFusion\u2122.<\/p>\n<p>[\/et_pb_text][et_pb_button URL del bot\u00f3n=\u201d@ET-DC@eyJkeW5hbWljIjp0cnVlLCJjb250ZW50IjoicG9zdF9saW5rX3VybF9wYWdlIiwic2V0dGluZ3MiOnsicG9zdF9pZCI6IjEzMCJ9fQ==@\u201d Texto del bot\u00f3n=\u201dM\u00e1s informaci\u00f3n\u201d Alineaci\u00f3n del bot\u00f3n=\u201dderecha\u201d Alineaci\u00f3n del bot\u00f3n_tableta=\u201dderecha\u201d Alineaci\u00f3n del bot\u00f3n_tel\u00e9fono=\u201dcentro\u201d Alineaci\u00f3n del bot\u00f3n_\u00faltima edici\u00f3n=\u201dactivado|tel\u00e9fono\u201d _versi\u00f3n del generador=\u201d4.20.2\u2033 _atributos din\u00e1micos=\u201dURL del bot\u00f3n\u201d _ajuste preestablecido del m\u00f3dulo=\u201dpredeterminado\u201d Bot\u00f3n personalizado=\u201dactivado\u201d Tama\u00f1o del texto del bot\u00f3n=\u201d16px\u201d color_del_texto_del_bot\u00f3n=\u201d#008EA8\u2033 ancho_del_borde_del_bot\u00f3n=\u201d2px\u201d color_del_borde_del_bot\u00f3n=\u201d#008EA8\u2033 radio_del_borde_del_bot\u00f3n=\u201d50px\u201d espaciado_de_letras_del_bot\u00f3n=\u201d1px\u201d icono_de_uso_del_bot\u00f3n=\u201ddesactivado\u201d margen_personalizado=\u201d0px||0px||falso|falso\u201d relleno_personalizado=\u201d8px|30px|8px|30px|verdadero|verdadero\u201d informaci\u00f3n_de_colores_globales=\u201d{}\u201d color_del_texto_del_bot\u00f3n__hover_enabled=\u201dactivado|pasar el rat\u00f3n\u201d color_del_texto_del_bot\u00f3n__hover=\u201d#FFFFFF\u201d color_del_fondo_del_bot\u00f3n__hover_enabled=\u201dactivado|pasar el rat\u00f3n\u201d color_del_fondo_del_bot\u00f3n__hover=\u201d#008EA8\u2033 button_bg_enable_color__hover=\u201don\u201d][\/et_pb_button][\/et_pb_column][et_pb_column type=\u201d1_2\u2033 admin_label=\u201dColumna\u201d _builder_version=\u201d4.20.4\u2033 _module_preset=\u201dpredeterminado\u201d custom_padding=\u201d0px|0px|0px|0px|true|true\u201d custom_padding_tablet=\u201d80px|80px|80px|80px|true|true\u201d custom_padding_phone=\u201d80px|80px|80px|80px|true|true\u201d custom_padding_last_edited=\u201don|tablet\u201d hover_enabled=\u201d0\u2033 global_colors_info=\u201d{}\u201d background_enable_image=\u201doff\u201d sticky_enabled=\u201d0\u2033][et_pb_image src=\u201dhttps:\/\/vigilantbiosciences.com\/wp-content\/uploads\/Reader_5.jpg\u201d _builder_version=\u201d4.20.4\u2033 _module_preset=\u201ddefault\u201d alt=\u201dSistema BeVigilant\u2122 OraFusion\u2122 con casete abierto\u201d title_text=\u201dSistema BeVigilant\u2122 OraFusion\u2122 con casete abierto\u201d hover_enabled=\u201d0\u2033 sticky_enabled=\u201d0\u2033][\/et_pb_image][\/et_pb_column][\/et_pb_row][\/et_pb_section]<\/p>","protected":false},"excerpt":{"rendered":"<p>Gracias. Un miembro de nuestro equipo se pondr\u00e1 en contacto contigo pronto. Mientras tanto, explora los recursos a continuaci\u00f3n. Transformando la detecci\u00f3n, mejorando vidas. La historia detr\u00e1s de Vigilant: Descubre por qu\u00e9 nuestra misi\u00f3n es tan importante para nosotros. Entendiendo la ciencia de lo anterior. Explora los recursos y la tecnolog\u00eda detr\u00e1s del sistema BeVigilant\u2122 OraFusion\u2122.<\/p>","protected":false},"author":1,"featured_media":0,"parent":0,"menu_order":11,"comment_status":"closed","ping_status":"closed","template":"","meta":{"_et_pb_use_builder":"on","_et_pb_old_content":"","_et_gb_content_width":"","inline_featured_image":false,"footnotes":""},"class_list":["post-149","page","type-page","status-publish","hentry"],"yoast_head":"<!-- This site is optimized with the Yoast SEO plugin v22.1 - https:\/\/yoast.com\/wordpress\/plugins\/seo\/ -->\n<title>Contact Thank You - Vigilant Biosciences\u00ae<\/title>\n<meta name=\"robots\" content=\"index, follow, max-snippet:-1, max-image-preview:large, max-video-preview:-1\" \/>\n<link rel=\"canonical\" href=\"https:\/\/vigilantbiosciences.com\/es\/contacto-gracias\/\" \/>\n<meta property=\"og:locale\" content=\"es_ES\" \/>\n<meta property=\"og:type\" content=\"article\" \/>\n<meta property=\"og:title\" content=\"Contact Thank You - Vigilant Biosciences\u00ae\" \/>\n<meta property=\"og:description\" content=\"Patient Resources Understanding the Risk of Oral CancerThe Impact of Oral Cancer In the US alone, oral cancer kills an average one person per hour, 24 hours per day.1Oral cancer is a global challenge with more than 657,000 cases and nearly 330,000 deaths each year1Worldwide 5-year survival rate is only 50% due to delayed intervention [&hellip;]\" \/>\n<meta property=\"og:url\" content=\"https:\/\/vigilantbiosciences.com\/es\/contacto-gracias\/\" \/>\n<meta property=\"og:site_name\" content=\"Vigilant Biosciences\u00ae\" \/>\n<meta property=\"article:publisher\" content=\"https:\/\/www.facebook.com\/VigilantBiosciences1\" \/>\n<meta property=\"article:modified_time\" content=\"2023-04-20T17:12:16+00:00\" \/>\n<meta name=\"twitter:card\" content=\"summary_large_image\" \/>\n<meta name=\"twitter:label1\" content=\"Tiempo de lectura\" \/>\n\t<meta name=\"twitter:data1\" content=\"2 minutos\" \/>\n<script type=\"application\/ld+json\" class=\"yoast-schema-graph\">{\"@context\":\"https:\/\/schema.org\",\"@graph\":[{\"@type\":\"WebPage\",\"@id\":\"https:\/\/vigilantbiosciences.com\/contact-thank-you\/\",\"url\":\"https:\/\/vigilantbiosciences.com\/contact-thank-you\/\",\"name\":\"Contact Thank You - Vigilant Biosciences\u00ae\",\"isPartOf\":{\"@id\":\"https:\/\/vigilantbiosciences.com\/#website\"},\"datePublished\":\"2023-03-01T14:19:41+00:00\",\"dateModified\":\"2023-04-20T17:12:16+00:00\",\"breadcrumb\":{\"@id\":\"https:\/\/vigilantbiosciences.com\/contact-thank-you\/#breadcrumb\"},\"inLanguage\":\"es\",\"potentialAction\":[{\"@type\":\"ReadAction\",\"target\":[\"https:\/\/vigilantbiosciences.com\/contact-thank-you\/\"]}]},{\"@type\":\"BreadcrumbList\",\"@id\":\"https:\/\/vigilantbiosciences.com\/contact-thank-you\/#breadcrumb\",\"itemListElement\":[{\"@type\":\"ListItem\",\"position\":1,\"name\":\"Home\",\"item\":\"https:\/\/vigilantbiosciences.com\/\"},{\"@type\":\"ListItem\",\"position\":2,\"name\":\"Contact Thank You\"}]},{\"@type\":\"WebSite\",\"@id\":\"https:\/\/vigilantbiosciences.com\/#website\",\"url\":\"https:\/\/vigilantbiosciences.com\/\",\"name\":\"Vigilant Biosciences\u00ae\",\"description\":\"\",\"publisher\":{\"@id\":\"https:\/\/vigilantbiosciences.com\/#organization\"},\"potentialAction\":[{\"@type\":\"SearchAction\",\"target\":{\"@type\":\"EntryPoint\",\"urlTemplate\":\"https:\/\/vigilantbiosciences.com\/?s={search_term_string}\"},\"query-input\":\"required name=search_term_string\"}],\"inLanguage\":\"es\"},{\"@type\":\"Organization\",\"@id\":\"https:\/\/vigilantbiosciences.com\/#organization\",\"name\":\"Vigilant Biosciences\u00ae\",\"url\":\"https:\/\/vigilantbiosciences.com\/\",\"logo\":{\"@type\":\"ImageObject\",\"inLanguage\":\"es\",\"@id\":\"https:\/\/vigilantbiosciences.com\/#\/schema\/logo\/image\/\",\"url\":\"https:\/\/vigilantbiosciences.com\/wp-content\/uploads\/vigilant-logo-horizontal.svg\",\"contentUrl\":\"https:\/\/vigilantbiosciences.com\/wp-content\/uploads\/vigilant-logo-horizontal.svg\",\"width\":\"1024\",\"height\":\"1024\",\"caption\":\"Vigilant Biosciences\u00ae\"},\"image\":{\"@id\":\"https:\/\/vigilantbiosciences.com\/#\/schema\/logo\/image\/\"},\"sameAs\":[\"https:\/\/www.facebook.com\/VigilantBiosciences1\",\"https:\/\/www.linkedin.com\/company\/vigilant-biosciences\/\"]}]}<\/script>\n<!-- \/ Yoast SEO plugin. -->","yoast_head_json":{"title":"Contact Thank You - Vigilant Biosciences\u00ae","robots":{"index":"index","follow":"follow","max-snippet":"max-snippet:-1","max-image-preview":"max-image-preview:large","max-video-preview":"max-video-preview:-1"},"canonical":"https:\/\/vigilantbiosciences.com\/es\/contacto-gracias\/","og_locale":"es_ES","og_type":"article","og_title":"Contact Thank You - Vigilant Biosciences\u00ae","og_description":"Patient Resources Understanding the Risk of Oral CancerThe Impact of Oral Cancer In the US alone, oral cancer kills an average one person per hour, 24 hours per day.1Oral cancer is a global challenge with more than 657,000 cases and nearly 330,000 deaths each year1Worldwide 5-year survival rate is only 50% due to delayed intervention [&hellip;]","og_url":"https:\/\/vigilantbiosciences.com\/es\/contacto-gracias\/","og_site_name":"Vigilant Biosciences\u00ae","article_publisher":"https:\/\/www.facebook.com\/VigilantBiosciences1","article_modified_time":"2023-04-20T17:12:16+00:00","twitter_card":"summary_large_image","twitter_misc":{"Tiempo de lectura":"2 minutos"},"schema":{"@context":"https:\/\/schema.org","@graph":[{"@type":"WebPage","@id":"https:\/\/vigilantbiosciences.com\/contact-thank-you\/","url":"https:\/\/vigilantbiosciences.com\/contact-thank-you\/","name":"Contact Thank You - Vigilant Biosciences\u00ae","isPartOf":{"@id":"https:\/\/vigilantbiosciences.com\/#website"},"datePublished":"2023-03-01T14:19:41+00:00","dateModified":"2023-04-20T17:12:16+00:00","breadcrumb":{"@id":"https:\/\/vigilantbiosciences.com\/contact-thank-you\/#breadcrumb"},"inLanguage":"es","potentialAction":[{"@type":"ReadAction","target":["https:\/\/vigilantbiosciences.com\/contact-thank-you\/"]}]},{"@type":"BreadcrumbList","@id":"https:\/\/vigilantbiosciences.com\/contact-thank-you\/#breadcrumb","itemListElement":[{"@type":"ListItem","position":1,"name":"Home","item":"https:\/\/vigilantbiosciences.com\/"},{"@type":"ListItem","position":2,"name":"Contact Thank You"}]},{"@type":"WebSite","@id":"https:\/\/vigilantbiosciences.com\/#website","url":"https:\/\/vigilantbiosciences.com\/","name":"Vigilant Biosciences\u00ae","description":"","publisher":{"@id":"https:\/\/vigilantbiosciences.com\/#organization"},"potentialAction":[{"@type":"SearchAction","target":{"@type":"EntryPoint","urlTemplate":"https:\/\/vigilantbiosciences.com\/?s={search_term_string}"},"query-input":"required name=search_term_string"}],"inLanguage":"es"},{"@type":"Organization","@id":"https:\/\/vigilantbiosciences.com\/#organization","name":"Vigilant Biosciences\u00ae","url":"https:\/\/vigilantbiosciences.com\/","logo":{"@type":"ImageObject","inLanguage":"es","@id":"https:\/\/vigilantbiosciences.com\/#\/schema\/logo\/image\/","url":"https:\/\/vigilantbiosciences.com\/wp-content\/uploads\/vigilant-logo-horizontal.svg","contentUrl":"https:\/\/vigilantbiosciences.com\/wp-content\/uploads\/vigilant-logo-horizontal.svg","width":"1024","height":"1024","caption":"Vigilant Biosciences\u00ae"},"image":{"@id":"https:\/\/vigilantbiosciences.com\/#\/schema\/logo\/image\/"},"sameAs":["https:\/\/www.facebook.com\/VigilantBiosciences1","https:\/\/www.linkedin.com\/company\/vigilant-biosciences\/"]}]}},"_links":{"self":[{"href":"https:\/\/vigilantbiosciences.com\/es\/wp-json\/wp\/v2\/pages\/149","targetHints":{"allow":["GET"]}}],"collection":[{"href":"https:\/\/vigilantbiosciences.com\/es\/wp-json\/wp\/v2\/pages"}],"about":[{"href":"https:\/\/vigilantbiosciences.com\/es\/wp-json\/wp\/v2\/types\/page"}],"author":[{"embeddable":true,"href":"https:\/\/vigilantbiosciences.com\/es\/wp-json\/wp\/v2\/users\/1"}],"replies":[{"embeddable":true,"href":"https:\/\/vigilantbiosciences.com\/es\/wp-json\/wp\/v2\/comments?post=149"}],"version-history":[{"count":0,"href":"https:\/\/vigilantbiosciences.com\/es\/wp-json\/wp\/v2\/pages\/149\/revisions"}],"wp:attachment":[{"href":"https:\/\/vigilantbiosciences.com\/es\/wp-json\/wp\/v2\/media?parent=149"}],"curies":[{"name":"wp","href":"https:\/\/api.w.org\/{rel}","templated":true}]}}