{"id":96,"date":"2023-02-28T17:35:36","date_gmt":"2023-02-28T17:35:36","guid":{"rendered":"https:\/\/vigilantbio.wpengine.com\/?page_id=96"},"modified":"2023-03-20T20:11:43","modified_gmt":"2023-03-20T20:11:43","slug":"investors","status":"publish","type":"page","link":"https:\/\/vigilantbiosciences.com\/de\/investoren\/","title":{"rendered":"Investoren"},"content":{"rendered":"<p>[et_pb_section fb_built=\u201d1\u2033 custom_padding_last_edited=\u201don|phone\u201d _builder_version=\u201d4.20.0\u2033 _module_preset=\u201ddefault\u201d background_image=\u201dhttps:\/\/vigilantbiosciences.com\/wp-content\/uploads\/investor-header-image.jpg\u201d custom_padding=\u201d100px||100px||true|false\u201d custom_padding_tablet=\u201d80px||80px||true|false\u201d custom_padding_phone=\u201d50px||50px||true|false\u201d hover_enabled=\u201d0\u2033 global_colors_info=\u201d{}\u201d alt=\u201dNahaufnahme einer Krebszellenillustration\u201d title_text=\u201dNahaufnahme einer Krebszellenillustration\u201d sticky_enabled=\u201d0\u2033][et_pb_row _builder_version=\u201d4.20.0\u2033 _module_preset=\u201ddefault\u201d width=\u201d90%\u201d global_colors_info=\u201d{}\u201d][et_pb_column type=\u201d4_4\u2033 _builder_version=\u201d4.20.0\u2033 _module_preset=\u201ddefault\u201d global_colors_info=\u201d{}\u201d][et_pb_text _builder_version=\u201d4.20.0\u2033 _module_preset=\u201ddefault\u201d header_font=\u201d|700|||||||\u201d header_letter_spacing=\u201d-3px\u201d text_orientation=\u201dcenter\u201d background_layout=\u201ddark\u201d global_colors_info=\u201d{}\u201d]<\/p>\n<h1>Investoren<\/h1>\n<p>[\/et_pb_text][\/et_pb_column][\/et_pb_row][\/et_pb_section][et_pb_section fb_built=\u201d1\u2033 custom_padding_last_edited=\u201don|tablet\u201d _builder_version=\u201d4.20.0\u2033 _module_preset=\u201ddefault\u201d custom_margin=\u201d||||false|false\u201d custom_padding=\u201d80px||80px||true|false\u201d custom_padding_tablet=\u201d50px||20px||false|false\u201d custom_padding_phone=\u201d50px||0px||false|false\u201d global_colors_info=\u201d{}\u201d][et_pb_row _builder_version=\u201d4.20.0\u2033 _module_preset=\u201ddefault\u201d width=\u201d93%\u201d width_tablet=\u201d93%\u201d width_phone=\u201d93%\u201d width_last_edited=\u201don|tablet\u201d max_width=\u201d1175px\u201d max_width_tablet=\u201d1175px\u201d max_width_phone=\u201d1175px\u201d max_width_last_edited=\u201don|tablet\u201d global_colors_info=\u201d{}\u201d][et_pb_column type=\u201d4_4\u2033 _builder_version=\u201d4.20.0\u2033 _module_preset=\u201ddefault\u201d global_colors_info=\u201d{}\u201d][et_pb_text _builder_version=\u201d4.20.0\u2033 _module_preset=\u201ddefault\u201d header_2_text_color=\u201d#008EA8\u2033 text_orientation=\u201dcenter\u201d global_colors_info=\u201d{}\u201d]<\/p>\n<h2>Wachsame Biowissenschaften<sup style=\"font-size: 20px !important;\">\u00ae<\/sup> ist stolz darauf, mit den Teams von Novalis Life Sciences, venVelo, White Owl Ventures und dem Florida Institute for the Commercialization of Public Research zusammenzuarbeiten.<\/h2>\n<p>[\/et_pb_text][\/et_pb_column][\/et_pb_row][\/et_pb_section][et_pb_section fb_built=\u201d1\u2033 custom_padding_last_edited=\u201doff|tablet\u201d _builder_version=\u201d4.20.0\u2033 _module_preset=\u201ddefault\u201d custom_padding=\u201d||80px||false|false\u201d custom_padding_tablet=\u201d80px||80px||true|false\u201d custom_padding_phone=\u201d50px||50px||true|false\u201d global_colors_info=\u201d{}\u201d][et_pb_row column_structure=\u201d1_4,3_4\u2033 make_equal=\u201don\u201d _builder_version=\u201d4.20.0\u2033 _module_preset=\u201ddefault\u201d width_tablet=\u201d90%\u201d width_phone=\u201d90%\u201d width_last_edited=\u201dauf|Tablet\u201d custom_margin=\u201d||100px||false|false\u201d custom_margin_tablet=\u201d||80px||false|false\u201d custom_margin_phone=\u201d||80px||false|false\u201d custom_margin_last_edited=\u201dauf|Tablet\u201d custom_padding=\u201d0px||0px||false|false\u201d custom_css_main_element=\u201dalign-items: center;\u201d global_colors_info=\u201d{}\u201d custom_css_main_element_last_edited=\u201dauf|Tablet\u201d custom_css_main_element_tablet=\u201dalign-items: center;||display: flex;||column-gap: 30px;\u201d custom_css_main_element_phone=\u201ddisplay: block;\u201d][et_pb_column type=\u201d1_4\u2033 _builder_version=\u201d4.20.0\u2033 _module_preset=\u201ddefault\u201d global_colors_info=\u201d{}\u201d custom_css_main_element_last_edited=\u201dauf|Tablet\u201d custom_css_main_element_tablet=\u201dwidth: 33.3%;||\u201d custom_css_main_element_phone=\u201dwidth: 33.3%;||\u201d][et_pb_image src=\u201dhttps:\/\/vigilantbiosciences.com\/wp-content\/uploads\/NovalisLogo4Web01.png\u201d alt=\u201dNovalis LifeSciences Logo\u201d title_text=\u201dNovalis LifeSciences Logo\u201d align_tablet=\u201d\u201d align_phone=\u201dcenter\u201d align_last_edited=\u201don|phone\u201d _builder_version=\u201d4.20.0\u2033 _module_preset=\u201ddefault\u201d max_width_tablet=\u201d\u201d max_width_phone=\u201d70%\u201d max_width_last_edited=\u201don|tablet\u201d global_colors_info=\u201d{}\u201d][\/et_pb_image][\/et_pb_column][et_pb_column type=\u201d3_4\u2033 _builder_version=\u201d4.20.0\u2033 _module_preset=\u201ddefault\u201d global_colors_info=\u201d{}\u201d][et_pb_text _builder_version=\u201d4.20.0\u2033 _module_preset=\u201ddefault\u201d text_orientation_tablet=\u201d\u201d text_orientation_phone=\u201dcenter\u201d text_orientation_last_edited=\u201don|phone\u201d global_colors_info=\u201d{}\u201d]<\/p>\n<p>Novalis LifeSciences LLC ist ein Investment- und Beratungsunternehmen f\u00fcr die Life-Science-Branche. Novalis wurde 2017 von Marijn E. Dekkers gegr\u00fcndet und investiert in kleine bis mittlere, innovative Life-Science-Unternehmen.<\/p>\n<p>[\/et_pb_text][et_pb_button button_url=\u201dhttps:\/\/www.novalislifesciences.com\/\u201d url_new_window=\u201don\u201d button_text=\u201dMehr erfahren\u201d button_alignment_tablet=\u201d\u201d button_alignment_phone=\u201dcenter\u201d button_alignment_last_edited=\u201don|phone\u201d _builder_version=\u201d4.20.0\u2033 _module_preset=\u201ddefault\u201d custom_button=\u201don\u201d button_text_size=\u201d16px\u201d button_text_color=\u201d#008EA8\u2033 button_border_width=\u201d2px\u201d button_border_color=\u201d#008EA8\u2033 button_border_radius=\u201d50px\u201d button_letter_spacing=\u201d1px\u201d button_use_icon=\u201doff\u201d custom_margin=\u201d||0px||false|false\u201d custom_padding=\u201d8px|30px|8px|30px|true|true\u201d locked=\u201doff\u201d global_colors_info=\u201d{}\u201d button_text_color__hover_enabled=\u201don|hover\u201d button_text_color__hover=\u201d#FFFFFF\u201d button_bg_color__hover_enabled=\u201don|hover\u201d button_bg_color__hover=\u201d#008EA8\u2033 button_bg_enable_color__hover=\u201don\u201d][\/et_pb_button][\/et_pb_column][\/et_pb_row][et_pb_row column_structure=\u201d1_4,3_4\u2033 make_equal=\u201don\u201d _builder_version=\u201d4.20.0\u2033 _module_preset=\u201dStandard\u201d width_tablet=\u201d90%\u201d width_phone=\u201d90%\u201d width_last_edited=\u201dauf|Tablet\u201d custom_margin=\u201d||100px||false|false\u201d custom_margin_tablet=\u201d||80px||false|false\u201d custom_margin_phone=\u201d||80px||false|false\u201d custom_margin_last_edited=\u201dauf|Tablet\u201d custom_padding=\u201d0px||0px||false|false\u201d custom_css_main_element=\u201dalign-items: center;\u201d global_colors_info=\u201d{}\u201d custom_css_main_element_last_edited=\u201dauf|Tablet\u201d custom_css_main_element_tablet=\u201dalign-items: center;||display: flex;||column-gap: 30px;\u201d custom_css_main_element_phone=\u201ddisplay: block;\u201d][et_pb_column type=\u201d1_4\u2033 _builder_version=\u201d4.20.0\u2033 _module_preset=\u201ddefault\u201d global_colors_info=\u201d{}\u201d custom_css_main_element_last_edited=\u201dauf|Tablet\u201d custom_css_main_element_tablet=\u201dwidth: 33.3%;||\u201d custom_css_main_element_phone=\u201dwidth: 33.3%;||\u201d][et_pb_image src=\u201dhttps:\/\/vigilantbiosciences.com\/wp-content\/uploads\/venVelo-logo-1.png\u201d alt=\u201dvenVelo Logo\u201d title_text=\u201dvenVelo Logo\u201d align_tablet=\u201d\u201d align_phone=\u201dcenter\u201d align_last_edited=\u201don|phone\u201d _builder_version=\u201d4.20.0\u2033 _module_preset=\u201ddefault\u201d max_width_tablet=\u201d\u201d max_width_phone=\u201d70%\u201d max_width_last_edited=\u201don|tablet\u201d global_colors_info=\u201d{}\u201d][\/et_pb_image][\/et_pb_column][et_pb_column type=\u201d3_4\u2033 _builder_version=\u201d4.20.0\u2033 _module_preset=\u201dStandard\u201d global_colors_info=\u201d{}\u201d][et_pb_text _builder_version=\u201d4.20.0\u2033 _module_preset=\u201dStandard\u201d text_orientation_tablet=\u201d\u201d text_orientation_phone=\u201dMitte\u201d text_orientation_last_edited=\u201dauf|Telefon\u201d global_colors_info=\u201d{}\u201d]<\/p>\n<p>venVelo, der f\u00fchrende Fr\u00fchphasen-Risikofonds in Florida f\u00fcr innovative Unternehmen auf der Suche nach Kapital und Mentoring, wurde 2012 gegr\u00fcndet und etablierte sich schnell als einer der aktivsten Risikofonds in Zentralflorida. Es wurde 2014 zum \u201eTech-Investor des Jahres\u201c gek\u00fcrt. Zus\u00e4tzlich zu seinen Investitionen waren die Vorstandsmitglieder von venVelo h\u00e4ufig Redner, Diskussionsteilnehmer und Juroren f\u00fcr Risikowettbewerbe im ganzen Bundesstaat. venVelo hat au\u00dferdem Geld an verschiedene Organisationen gespendet, die sich f\u00fcr die Entwicklung des unternehmerischen \u00d6kosystems in Zentralflorida einsetzen.<\/p>\n<p>[\/et_pb_text][et_pb_button button_url=\u201dhttps:\/\/venvelo.com\/\u201d url_new_window=\u201don\u201d button_text=\u201dMehr erfahren\u201d button_alignment_tablet=\u201d\u201d button_alignment_phone=\u201dcenter\u201d button_alignment_last_edited=\u201don|phone\u201d _builder_version=\u201d4.20.0\u2033 _module_preset=\u201ddefault\u201d custom_button=\u201don\u201d button_text_size=\u201d16px\u201d button_text_color=\u201d#008EA8\u2033 button_border_width=\u201d2px\u201d button_border_color=\u201d#008EA8\u2033 button_border_radius=\u201d50px\u201d button_letter_spacing=\u201d1px\u201d button_use_icon=\u201doff\u201d custom_margin=\u201d||0px||false|false\u201d custom_padding=\u201d8px|30px|8px|30px|true|true\u201d locked=\u201doff\u201d global_colors_info=\u201d{}\u201d button_text_color__hover_enabled=\u201don|hover\u201d button_text_color__hover=\u201d#FFFFFF\u201d button_bg_color__hover_enabled=\u201don|hover\u201d button_bg_color__hover=\u201d#008EA8\u2033 button_bg_enable_color__hover=\u201don\u201d][\/et_pb_button][\/et_pb_column][\/et_pb_row][et_pb_row column_structure=\u201d1_4,3_4\u2033 make_equal=\u201don\u201d _builder_version=\u201d4.20.0\u2033 _module_preset=\u201ddefault\u201d width_tablet=\u201d90%\u201d width_phone=\u201d90%\u201d width_last_edited=\u201dauf|Tablet\u201d custom_margin=\u201d||100px||false|false\u201d custom_margin_tablet=\u201d||80px||false|false\u201d custom_margin_phone=\u201d||80px||false|false\u201d custom_margin_last_edited=\u201dauf|Tablet\u201d custom_padding=\u201d0px||0px||false|false\u201d custom_css_main_element=\u201dalign-items: center;\u201d global_colors_info=\u201d{}\u201d custom_css_main_element_last_edited=\u201dauf|Tablet\u201d custom_css_main_element_tablet=\u201dalign-items: center;||display: flex;||column-gap: 30px;\u201d custom_css_main_element_phone=\u201dAnzeige: Block;\u201d][et_pb_column Typ=\u201d1_4\u2033 _Builder_Version=\u201d4.20.0\u2033 _Modul_Voreinstellung=\u201dStandard\u201d global_colors_info=\u201d{}\u201d custom_css_main_element_last_edited=\u201dauf|Tablet\u201d custom_css_main_element_tablet=\u201dBreite: 33.3%;||\u201d custom_css_main_element_phone=\u201dwidth: 33.3%;||\u201d][et_pb_image src=\u201dhttps:\/\/vigilantbiosciences.com\/wp-content\/uploads\/WhiteOwlLogo-square.png\u201d alt=\u201dWhite Owl Capital Partners Logo\u201d title_text=\u201dWhite Owl Capital Partners Logo\u201d align_tablet=\u201d\u201d align_phone=\u201dcenter\u201d align_last_edited=\u201don|phone\u201d _builder_version=\u201d4.20.0\u2033 _module_preset=\u201ddefault\u201d max_width_tablet=\u201d\u201d max_width_phone=\u201d70%\u201d max_width_last_edited=\u201don|tablet\u201d global_colors_info=\u201d{}\u201d][\/et_pb_image][\/et_pb_column][et_pb_column type=\u201d3_4\u2033 _builder_version=\u201d4.20.0\u2033 _module_preset=\u201dStandard\u201d global_colors_info=\u201d{}\u201d][et_pb_text _builder_version=\u201d4.20.0\u2033 _module_preset=\u201dStandard\u201d text_orientation_tablet=\u201d\u201d text_orientation_phone=\u201dMitte\u201d text_orientation_last_edited=\u201dauf|Telefon\u201d global_colors_info=\u201d{}\u201d]<\/p>\n<p>White Owl Capital Partners ist eine in New York City ans\u00e4ssige private Investmentfirma, die sich darauf konzentriert, au\u00dfergew\u00f6hnliche Unternehmer zu finden und ihnen das Kapital und die Beratung zur Verf\u00fcgung zu stellen, um sie beim Aufbau gro\u00dfartiger Unternehmen zu unterst\u00fctzen. Die Investitionen von White Owl erstrecken sich \u00fcber mehrere Branchen (Technologie, Gesundheitswesen, Medien, Banken, Logistik und Energie) und geografische Regionen (USA, Kanada, Gro\u00dfbritannien, Russland, China).<\/p>\n<p>[\/et_pb_text][et_pb_button button_url=\u201dhttps:\/\/www.whiteowlcap.com\/\u201d url_new_window=\u201don\u201d button_text=\u201dMehr erfahren\u201d button_alignment_tablet=\u201d\u201d button_alignment_phone=\u201dcenter\u201d button_alignment_last_edited=\u201don|phone\u201d _builder_version=\u201d4.20.0\u2033 _module_preset=\u201ddefault\u201d custom_button=\u201don\u201d button_text_size=\u201d16px\u201d button_text_color=\u201d#008EA8\u2033 button_border_width=\u201d2px\u201d button_border_color=\u201d#008EA8\u2033 button_border_radius=\u201d50px\u201d button_letter_spacing=\u201d1px\u201d button_use_icon=\u201doff\u201d custom_margin=\u201d||0px||false|false\u201d custom_padding=\u201d8px|30px|8px|30px|true|true\u201d locked=\u201doff\u201d global_colors_info=\u201d{}\u201d button_text_color__hover_enabled=\u201don|hover\u201d button_text_color__hover=\u201d#FFFFFF\u201d button_bg_color__hover_enabled=\u201don|hover\u201d button_bg_color__hover=\u201d#008EA8\u2033 button_bg_enable_color__hover=\u201don\u201d][\/et_pb_button][\/et_pb_column][\/et_pb_row][et_pb_row column_structure=\u201d1_4,3_4\u2033 make_equal=\u201don\u201d _builder_version=\u201d4.20.0\u2033 _module_preset=\u201dStandard\u201d width_tablet=\u201d90%\u201d width_phone=\u201d90%\u201d width_last_edited=\u201dauf|Tablet\u201d custom_margin=\u201d||100px||false|false\u201d custom_margin_tablet=\u201d||0px||false|false\u201d custom_margin_phone=\u201d||0px||false|false\u201d custom_margin_last_edited=\u201dauf|Tablet\u201d custom_padding=\u201d0px||0px||false|false\u201d custom_css_main_element=\u201dalign-items: center;\u201d global_colors_info=\u201d{}\u201d custom_css_main_element_last_edited=\u201dauf|Tablet\u201d custom_css_main_element_tablet=\u201dalign-items: center;||display: flex;||column-gap: 30px;\u201d custom_css_main_element_phone=\u201ddisplay: block;\u201d][et_pb_column type=\u201d1_4\u2033 _builder_version=\u201d4.20.0\u2033 _module_preset=\u201ddefault\u201d global_colors_info=\u201d{}\u201d custom_css_main_element_last_edited=\u201dauf|Tablet\u201d custom_css_main_element_tablet=\u201dwidth: 33.3%;||\u201d custom_css_main_element_phone=\u201dwidth: 33.3%;||\u201d][et_pb_image src=\u201dhttps:\/\/vigilantbiosciences.com\/wp-content\/uploads\/logo.png\u201d alt=\u201dLogo zur Kommerzialisierung der Technologie in Florida durch das Florida Institute\u201d title_text=\u201dLogo zur Kommerzialisierung der Technologie in Florida durch das Florida Institute\u201d align_tablet=\u201d\u201d align_phone=\u201dcenter\u201d align_last_edited=\u201don|phone\u201d _builder_version=\u201d4.20.0\u2033 _module_preset=\u201ddefault\u201d max_width_tablet=\u201d\u201d max_width_phone=\u201d70%\u201d max_width_last_edited=\u201don|tablet\u201d global_colors_info=\u201d{}\u201d][\/et_pb_image][\/et_pb_column][et_pb_column type=\u201d3_4\u2033 _builder_version=\u201d4.20.0\u2033 _module_preset=\u201ddefault\u201d global_colors_info=\u201d{}\u201d][et_pb_text _builder_version=\u201d4.20.0\u2033 _module_preset=\u201ddefault\u201d text_orientation_tablet=\u201d\u201d text_orientation_phone=\u201dcenter\u201d text_orientation_last_edited=\u201don|phone\u201d global_colors_info=\u201d{}\u201d]<\/p>\n<p>Das Florida Institute for the Commercialization of Public Research wurde 2007 von der Gesetzgebung Floridas gegr\u00fcndet und ist eine gemeinn\u00fctzige Organisation, die mit den Technologielizenzierungs- und Kommerzialisierungsb\u00fcros der staatlichen Universit\u00e4ten Floridas und privaten Forschungseinrichtungen zusammenarbeitet. Gemeinsam nutzen diese Unternehmen eine Forschungsbasis von $2B+ und bilden investierbare Unternehmen, die saubere Arbeitspl\u00e4tze in neuen Branchen schaffen, die die Weltwirtschaft vorantreiben.<\/p>\n<p>[\/et_pb_text][et_pb_button button_url=\u201dhttps:\/\/www.florida-institute.com\/\u201d url_new_window=\u201don\u201d button_text=\u201dMehr erfahren\u201d button_alignment_tablet=\u201d\u201d button_alignment_phone=\u201dcenter\u201d button_alignment_last_edited=\u201don|phone\u201d _builder_version=\u201d4.20.0\u2033 _module_preset=\u201ddefault\u201d custom_button=\u201don\u201d button_text_size=\u201d16px\u201d button_text_color=\u201d#008EA8\u2033 button_border_width=\u201d2px\u201d button_border_color=\u201d#008EA8\u2033 button_border_radius=\u201d50px\u201d button_letter_spacing=\u201d1px\u201d button_use_icon=\u201doff\u201d custom_margin=\u201d||0px||false|false\u201d custom_padding=\u201d8px|30px|8px|30px|true|true\u201d locked=\u201doff\u201d global_colors_info=\u201d{}\u201d button_text_color__hover_enabled=\u201don|hover\u201d button_text_color__hover=\u201d#FFFFFF\u201d button_bg_color__hover_enabled=\u201don|hover\u201d button_bg_color__hover=\u201d#008EA8\u2033 button_bg_enable_color__hover=\u201don\u201d][\/et_pb_button][\/et_pb_column][\/et_pb_row][\/et_pb_section]<\/p>","protected":false},"excerpt":{"rendered":"<p>InvestorenVigilant Biosciences\u00ae ist stolz auf die Partnerschaft mit den Teams von Novalis Life Sciences, venVelo, White Owl Ventures und dem Florida Institute for the Commercialization of Public Research. Novalis LifeSciences LLC ist eine Investment- und Beratungsfirma f\u00fcr die Life-Science-Branche. Novalis wurde 2017 von Marijn E. Dekkers gegr\u00fcndet und investiert in kleine und mittlere Unternehmen [\u2026]<\/p>","protected":false},"author":1,"featured_media":0,"parent":0,"menu_order":6,"comment_status":"closed","ping_status":"closed","template":"","meta":{"_et_pb_use_builder":"on","_et_pb_old_content":"","_et_gb_content_width":"","inline_featured_image":false,"footnotes":""},"class_list":["post-96","page","type-page","status-publish","hentry"],"yoast_head":"<!-- This site is optimized with the Yoast SEO plugin v22.1 - https:\/\/yoast.com\/wordpress\/plugins\/seo\/ -->\n<title>Investors - Vigilant Biosciences\u00ae<\/title>\n<meta name=\"robots\" content=\"index, follow, max-snippet:-1, max-image-preview:large, max-video-preview:-1\" \/>\n<link rel=\"canonical\" href=\"https:\/\/vigilantbiosciences.com\/de\/investoren\/\" \/>\n<meta property=\"og:locale\" content=\"de_DE\" \/>\n<meta property=\"og:type\" content=\"article\" \/>\n<meta property=\"og:title\" content=\"Investors - Vigilant Biosciences\u00ae\" \/>\n<meta property=\"og:description\" content=\"Patient Resources Understanding the Risk of Oral CancerThe Impact of Oral Cancer In the US alone, oral cancer kills an average one person per hour, 24 hours per day.1Oral cancer is a global challenge with more than 657,000 cases and nearly 330,000 deaths each year1Worldwide 5-year survival rate is only 50% due to delayed intervention [&hellip;]\" \/>\n<meta property=\"og:url\" content=\"https:\/\/vigilantbiosciences.com\/de\/investoren\/\" \/>\n<meta property=\"og:site_name\" content=\"Vigilant Biosciences\u00ae\" \/>\n<meta property=\"article:publisher\" content=\"https:\/\/www.facebook.com\/VigilantBiosciences1\" \/>\n<meta property=\"article:modified_time\" content=\"2023-03-20T20:11:43+00:00\" \/>\n<meta name=\"twitter:card\" content=\"summary_large_image\" \/>\n<meta name=\"twitter:label1\" content=\"Gesch\u00e4tzte Lesezeit\" \/>\n\t<meta name=\"twitter:data1\" content=\"3 Minuten\" \/>\n<script type=\"application\/ld+json\" class=\"yoast-schema-graph\">{\"@context\":\"https:\/\/schema.org\",\"@graph\":[{\"@type\":\"WebPage\",\"@id\":\"https:\/\/vigilantbiosciences.com\/investors\/\",\"url\":\"https:\/\/vigilantbiosciences.com\/investors\/\",\"name\":\"Investors - Vigilant Biosciences\u00ae\",\"isPartOf\":{\"@id\":\"https:\/\/vigilantbiosciences.com\/#website\"},\"datePublished\":\"2023-02-28T17:35:36+00:00\",\"dateModified\":\"2023-03-20T20:11:43+00:00\",\"breadcrumb\":{\"@id\":\"https:\/\/vigilantbiosciences.com\/investors\/#breadcrumb\"},\"inLanguage\":\"de-DE\",\"potentialAction\":[{\"@type\":\"ReadAction\",\"target\":[\"https:\/\/vigilantbiosciences.com\/investors\/\"]}]},{\"@type\":\"BreadcrumbList\",\"@id\":\"https:\/\/vigilantbiosciences.com\/investors\/#breadcrumb\",\"itemListElement\":[{\"@type\":\"ListItem\",\"position\":1,\"name\":\"Home\",\"item\":\"https:\/\/vigilantbiosciences.com\/\"},{\"@type\":\"ListItem\",\"position\":2,\"name\":\"Investors\"}]},{\"@type\":\"WebSite\",\"@id\":\"https:\/\/vigilantbiosciences.com\/#website\",\"url\":\"https:\/\/vigilantbiosciences.com\/\",\"name\":\"Vigilant Biosciences\u00ae\",\"description\":\"\",\"publisher\":{\"@id\":\"https:\/\/vigilantbiosciences.com\/#organization\"},\"potentialAction\":[{\"@type\":\"SearchAction\",\"target\":{\"@type\":\"EntryPoint\",\"urlTemplate\":\"https:\/\/vigilantbiosciences.com\/?s={search_term_string}\"},\"query-input\":\"required name=search_term_string\"}],\"inLanguage\":\"de-DE\"},{\"@type\":\"Organization\",\"@id\":\"https:\/\/vigilantbiosciences.com\/#organization\",\"name\":\"Vigilant Biosciences\u00ae\",\"url\":\"https:\/\/vigilantbiosciences.com\/\",\"logo\":{\"@type\":\"ImageObject\",\"inLanguage\":\"de-DE\",\"@id\":\"https:\/\/vigilantbiosciences.com\/#\/schema\/logo\/image\/\",\"url\":\"https:\/\/vigilantbiosciences.com\/wp-content\/uploads\/vigilant-logo-horizontal.svg\",\"contentUrl\":\"https:\/\/vigilantbiosciences.com\/wp-content\/uploads\/vigilant-logo-horizontal.svg\",\"width\":\"1024\",\"height\":\"1024\",\"caption\":\"Vigilant Biosciences\u00ae\"},\"image\":{\"@id\":\"https:\/\/vigilantbiosciences.com\/#\/schema\/logo\/image\/\"},\"sameAs\":[\"https:\/\/www.facebook.com\/VigilantBiosciences1\",\"https:\/\/www.linkedin.com\/company\/vigilant-biosciences\/\"]}]}<\/script>\n<!-- \/ Yoast SEO plugin. -->","yoast_head_json":{"title":"Investors - Vigilant Biosciences\u00ae","robots":{"index":"index","follow":"follow","max-snippet":"max-snippet:-1","max-image-preview":"max-image-preview:large","max-video-preview":"max-video-preview:-1"},"canonical":"https:\/\/vigilantbiosciences.com\/de\/investoren\/","og_locale":"de_DE","og_type":"article","og_title":"Investors - Vigilant Biosciences\u00ae","og_description":"Patient Resources Understanding the Risk of Oral CancerThe Impact of Oral Cancer In the US alone, oral cancer kills an average one person per hour, 24 hours per day.1Oral cancer is a global challenge with more than 657,000 cases and nearly 330,000 deaths each year1Worldwide 5-year survival rate is only 50% due to delayed intervention [&hellip;]","og_url":"https:\/\/vigilantbiosciences.com\/de\/investoren\/","og_site_name":"Vigilant Biosciences\u00ae","article_publisher":"https:\/\/www.facebook.com\/VigilantBiosciences1","article_modified_time":"2023-03-20T20:11:43+00:00","twitter_card":"summary_large_image","twitter_misc":{"Gesch\u00e4tzte Lesezeit":"3 Minuten"},"schema":{"@context":"https:\/\/schema.org","@graph":[{"@type":"WebPage","@id":"https:\/\/vigilantbiosciences.com\/investors\/","url":"https:\/\/vigilantbiosciences.com\/investors\/","name":"Investors - Vigilant Biosciences\u00ae","isPartOf":{"@id":"https:\/\/vigilantbiosciences.com\/#website"},"datePublished":"2023-02-28T17:35:36+00:00","dateModified":"2023-03-20T20:11:43+00:00","breadcrumb":{"@id":"https:\/\/vigilantbiosciences.com\/investors\/#breadcrumb"},"inLanguage":"de-DE","potentialAction":[{"@type":"ReadAction","target":["https:\/\/vigilantbiosciences.com\/investors\/"]}]},{"@type":"BreadcrumbList","@id":"https:\/\/vigilantbiosciences.com\/investors\/#breadcrumb","itemListElement":[{"@type":"ListItem","position":1,"name":"Home","item":"https:\/\/vigilantbiosciences.com\/"},{"@type":"ListItem","position":2,"name":"Investors"}]},{"@type":"WebSite","@id":"https:\/\/vigilantbiosciences.com\/#website","url":"https:\/\/vigilantbiosciences.com\/","name":"Vigilant Biosciences\u00ae","description":"","publisher":{"@id":"https:\/\/vigilantbiosciences.com\/#organization"},"potentialAction":[{"@type":"SearchAction","target":{"@type":"EntryPoint","urlTemplate":"https:\/\/vigilantbiosciences.com\/?s={search_term_string}"},"query-input":"required name=search_term_string"}],"inLanguage":"de-DE"},{"@type":"Organization","@id":"https:\/\/vigilantbiosciences.com\/#organization","name":"Vigilant Biosciences\u00ae","url":"https:\/\/vigilantbiosciences.com\/","logo":{"@type":"ImageObject","inLanguage":"de-DE","@id":"https:\/\/vigilantbiosciences.com\/#\/schema\/logo\/image\/","url":"https:\/\/vigilantbiosciences.com\/wp-content\/uploads\/vigilant-logo-horizontal.svg","contentUrl":"https:\/\/vigilantbiosciences.com\/wp-content\/uploads\/vigilant-logo-horizontal.svg","width":"1024","height":"1024","caption":"Vigilant Biosciences\u00ae"},"image":{"@id":"https:\/\/vigilantbiosciences.com\/#\/schema\/logo\/image\/"},"sameAs":["https:\/\/www.facebook.com\/VigilantBiosciences1","https:\/\/www.linkedin.com\/company\/vigilant-biosciences\/"]}]}},"_links":{"self":[{"href":"https:\/\/vigilantbiosciences.com\/de\/wp-json\/wp\/v2\/pages\/96","targetHints":{"allow":["GET"]}}],"collection":[{"href":"https:\/\/vigilantbiosciences.com\/de\/wp-json\/wp\/v2\/pages"}],"about":[{"href":"https:\/\/vigilantbiosciences.com\/de\/wp-json\/wp\/v2\/types\/page"}],"author":[{"embeddable":true,"href":"https:\/\/vigilantbiosciences.com\/de\/wp-json\/wp\/v2\/users\/1"}],"replies":[{"embeddable":true,"href":"https:\/\/vigilantbiosciences.com\/de\/wp-json\/wp\/v2\/comments?post=96"}],"version-history":[{"count":0,"href":"https:\/\/vigilantbiosciences.com\/de\/wp-json\/wp\/v2\/pages\/96\/revisions"}],"wp:attachment":[{"href":"https:\/\/vigilantbiosciences.com\/de\/wp-json\/wp\/v2\/media?parent=96"}],"curies":[{"name":"wp","href":"https:\/\/api.w.org\/{rel}","templated":true}]}}