{"id":815,"date":"2025-11-03T18:52:53","date_gmt":"2025-11-03T18:52:53","guid":{"rendered":"https:\/\/vigilantbiosciences.com\/?page_id=815"},"modified":"2025-11-03T18:52:57","modified_gmt":"2025-11-03T18:52:57","slug":"uk-distributor-event","status":"publish","type":"page","link":"https:\/\/vigilantbiosciences.com\/de\/veranstaltung-des-britischen-vertriebspartners\/","title":{"rendered":"Veranstaltung f\u00fcr britische Vertriebspartner"},"content":{"rendered":"<p>[et_pb_section fb_built=&#8221;1&#8243; custom_padding_last_edited=&#8221;on|tablet&#8221; _builder_version=&#8221;4.20.0&#8243; _module_preset=&#8221;default&#8221; background_enable_color=&#8221;off&#8221; custom_margin=&#8221;||||false|false&#8221; custom_padding=&#8221;1px|0px|19px||false|false&#8221; custom_padding_tablet=&#8221;50px||50px||true|false&#8221; custom_padding_phone=&#8221;50px||20px||false|false&#8221; locked=&#8221;off&#8221; global_colors_info=&#8221;{}&#8221;][et_pb_row _builder_version=&#8221;4.20.0&#8243; _module_preset=&#8221;default&#8221; width=&#8221;90%&#8221; custom_margin=&#8221;26px|auto|-13px|auto||&#8221; custom_padding=&#8221;0px||10px||false|&#8221; global_colors_info=&#8221;{}&#8221;][et_pb_column type=&#8221;4_4&#8243; _builder_version=&#8221;4.20.0&#8243; _module_preset=&#8221;default&#8221; global_colors_info=&#8221;{}&#8221;][et_pb_image src=&#8221;https:\/\/vigilantbiosciences.com\/wp-content\/uploads\/BeVigilant-Orafusion-System-logo_color-1.png&#8221; alt=&#8221;Vigilant Biosciences\u00ae Logo&#8221; title_text=&#8221;BeVigilant Orafusion System logo_color (1)&#8221; align=&#8221;center&#8221; _builder_version=&#8221;4.24.2&#8243; _module_preset=&#8221;default&#8221; width=&#8221;40%&#8221; max_width=&#8221;40%&#8221; module_alignment=&#8221;center&#8221; custom_margin=&#8221;||29px|||&#8221; global_colors_info=&#8221;{}&#8221;][\/et_pb_image][dipl_button _builder_version=&#8221;4.24.2&#8243; _module_preset=&#8221;default&#8221; global_colors_info=&#8221;{}&#8221;][\/dipl_button][\/et_pb_column][\/et_pb_row][\/et_pb_section][et_pb_section fb_built=&#8221;1&#8243; _builder_version=&#8221;4.24.2&#8243; _module_preset=&#8221;default&#8221; min_height=&#8221;63px&#8221; custom_margin=&#8221;-63px|||||&#8221; global_colors_info=&#8221;{}&#8221;][\/et_pb_section][et_pb_section fb_built=&#8221;1&#8243; module_id=&#8221;schedule-demo-form&#8221; _builder_version=&#8221;4.24.2&#8243; _module_preset=&#8221;default&#8221; background_color=&#8221;#FFFFFF&#8221; custom_margin=&#8221;-63px|||||&#8221; custom_padding=&#8221;20px||20px||true|false&#8221; global_colors_info=&#8221;{}&#8221;][et_pb_row _builder_version=&#8221;4.20.0&#8243; _module_preset=&#8221;default&#8221; width=&#8221;90%&#8221; min_height=&#8221;154px&#8221; custom_margin=&#8221;-92px|auto||auto||&#8221; custom_padding=&#8221;64px||0px|||&#8221; global_colors_info=&#8221;{}&#8221;][et_pb_column type=&#8221;4_4&#8243; _builder_version=&#8221;4.20.0&#8243; _module_preset=&#8221;default&#8221; global_colors_info=&#8221;{}&#8221;][et_pb_text _builder_version=&#8221;4.24.2&#8243; _module_preset=&#8221;default&#8221; header_3_text_color=&#8221;#008EA8&#8243; header_3_line_height=&#8221;1.5em&#8221; text_orientation=&#8221;center&#8221; min_height=&#8221;129px&#8221; custom_margin=&#8221;4px|||||&#8221; custom_padding=&#8221;1px||26px||false|false&#8221; global_colors_info=&#8221;{}&#8221;]<\/p>\n<h3><\/h3>\n<h3><span style=\"color: #f05323;\">Bitte nehmen Sie an einer kurzen 1-min\u00fctigen Umfrage teil, um die Fr\u00fcherkennung von Mundkrebs zu unterst\u00fctzen und Teil der L\u00f6sung zu sein!<\/span><\/h3>\n<p>[\/et_pb_text][\/et_pb_column][\/et_pb_row][et_pb_row _builder_version=\u201d4.20.0\u2033 _module_preset=\u201ddefault\u201d width_tablet=\u201d90%\u201d width_phone=\u201d90%\u201d width_last_edited=\u201don|tablet\u201d max_width=\u201d700px\u201d max_width_tablet=\u201d700px\u201d max_width_phone=\u201d700px\u201d max_width_last_edited=\u201don|tablet\u201d custom_margin=\u201d-34px|auto||auto||\u201d global_colors_info=\u201d{}\u201d][et_pb_column type=\u201d4_4\u2033 _builder_version=\u201d4.20.0\u2033 _module_preset=\u201ddefault\u201d global_colors_info=\u201d{}\u201d][et_pb_code _builder_version=\u201d4.24.2\u2033 _module_preset=\u201ddefault\u201d custom_margin=\u201d6px|||||\u201d custom_padding=\u201d||46px|||\u201d global_colors_info=\u201d{}\u201d]<script charset=\"utf-8\" type=\"text\/javascript\" src=\"\/\/js.hsforms.net\/forms\/embed\/v2.js\"><\/script><!-- [et_pb_line_break_holder] --><script><!-- [et_pb_line_break_holder] -->  hbspt.forms.create({<!-- [et_pb_line_break_holder] -->    region: \"na1\",<!-- [et_pb_line_break_holder] -->    portalId: \"23572199\",<!-- [et_pb_line_break_holder] -->    formId: \"6453d12f-1f8e-4776-a5b2-8030d448149b\"<!-- [et_pb_line_break_holder] -->  });<!-- [et_pb_line_break_holder] --><\/script>[\/et_pb_code][\/et_pb_column][\/et_pb_row][\/et_pb_section]<\/p>","protected":false},"excerpt":{"rendered":"<p><div class=\"et_pb_module dipl_button dipl_button_0\">\n\t\t\t\t\n\t\t\t\t\n\t\t\t\t\n\t\t\t\t\n\t\t\t\t\n\t\t\t\t\n\t\t\t\t<div class=\"et_pb_module_inner\">\n\t\t\t\t\t\n\t\t\t\t<\/div>\n\t\t\t<\/div> Bitte nehmen Sie an einer kurzen 1-min\u00fctigen Umfrage teil, um die Fr\u00fcherkennung von Mundkrebs zu unterst\u00fctzen und Teil der L\u00f6sung zu sein!<\/p>","protected":false},"author":9,"featured_media":0,"parent":0,"menu_order":0,"comment_status":"closed","ping_status":"closed","template":"","meta":{"_et_pb_use_builder":"on","_et_pb_old_content":"","_et_gb_content_width":"","inline_featured_image":false,"footnotes":""},"class_list":["post-815","page","type-page","status-publish","hentry"],"yoast_head":"<!-- This site is optimized with the Yoast SEO plugin v22.1 - https:\/\/yoast.com\/wordpress\/plugins\/seo\/ -->\n<title>UK Distributor Event - Vigilant Biosciences\u00ae<\/title>\n<meta name=\"robots\" content=\"index, follow, max-snippet:-1, max-image-preview:large, max-video-preview:-1\" \/>\n<link rel=\"canonical\" href=\"https:\/\/vigilantbiosciences.com\/de\/veranstaltung-des-britischen-vertriebspartners\/\" \/>\n<meta property=\"og:locale\" content=\"de_DE\" \/>\n<meta property=\"og:type\" content=\"article\" \/>\n<meta property=\"og:title\" content=\"UK Distributor Event - Vigilant Biosciences\u00ae\" \/>\n<meta property=\"og:description\" content=\"Patient Resources Understanding the Risk of Oral CancerThe Impact of Oral Cancer In the US alone, oral cancer kills an average one person per hour, 24 hours per day.1Oral cancer is a global challenge with more than 657,000 cases and nearly 330,000 deaths each year1Worldwide 5-year survival rate is only 50% due to delayed intervention [&hellip;]\" \/>\n<meta property=\"og:url\" content=\"https:\/\/vigilantbiosciences.com\/de\/veranstaltung-des-britischen-vertriebspartners\/\" \/>\n<meta property=\"og:site_name\" content=\"Vigilant Biosciences\u00ae\" \/>\n<meta property=\"article:publisher\" content=\"https:\/\/www.facebook.com\/VigilantBiosciences1\" \/>\n<meta property=\"article:modified_time\" content=\"2025-11-03T18:52:57+00:00\" \/>\n<meta name=\"twitter:card\" content=\"summary_large_image\" \/>\n<meta name=\"twitter:label1\" content=\"Gesch\u00e4tzte Lesezeit\" \/>\n\t<meta name=\"twitter:data1\" content=\"1 Minute\" \/>\n<script type=\"application\/ld+json\" class=\"yoast-schema-graph\">{\"@context\":\"https:\/\/schema.org\",\"@graph\":[{\"@type\":\"WebPage\",\"@id\":\"https:\/\/vigilantbiosciences.com\/uk-distributor-event\/\",\"url\":\"https:\/\/vigilantbiosciences.com\/uk-distributor-event\/\",\"name\":\"UK Distributor Event - Vigilant Biosciences\u00ae\",\"isPartOf\":{\"@id\":\"https:\/\/vigilantbiosciences.com\/#website\"},\"datePublished\":\"2025-11-03T18:52:53+00:00\",\"dateModified\":\"2025-11-03T18:52:57+00:00\",\"breadcrumb\":{\"@id\":\"https:\/\/vigilantbiosciences.com\/uk-distributor-event\/#breadcrumb\"},\"inLanguage\":\"de-DE\",\"potentialAction\":[{\"@type\":\"ReadAction\",\"target\":[\"https:\/\/vigilantbiosciences.com\/uk-distributor-event\/\"]}]},{\"@type\":\"BreadcrumbList\",\"@id\":\"https:\/\/vigilantbiosciences.com\/uk-distributor-event\/#breadcrumb\",\"itemListElement\":[{\"@type\":\"ListItem\",\"position\":1,\"name\":\"Home\",\"item\":\"https:\/\/vigilantbiosciences.com\/\"},{\"@type\":\"ListItem\",\"position\":2,\"name\":\"UK Distributor Event\"}]},{\"@type\":\"WebSite\",\"@id\":\"https:\/\/vigilantbiosciences.com\/#website\",\"url\":\"https:\/\/vigilantbiosciences.com\/\",\"name\":\"Vigilant Biosciences\u00ae\",\"description\":\"\",\"publisher\":{\"@id\":\"https:\/\/vigilantbiosciences.com\/#organization\"},\"potentialAction\":[{\"@type\":\"SearchAction\",\"target\":{\"@type\":\"EntryPoint\",\"urlTemplate\":\"https:\/\/vigilantbiosciences.com\/?s={search_term_string}\"},\"query-input\":\"required name=search_term_string\"}],\"inLanguage\":\"de-DE\"},{\"@type\":\"Organization\",\"@id\":\"https:\/\/vigilantbiosciences.com\/#organization\",\"name\":\"Vigilant Biosciences\u00ae\",\"url\":\"https:\/\/vigilantbiosciences.com\/\",\"logo\":{\"@type\":\"ImageObject\",\"inLanguage\":\"de-DE\",\"@id\":\"https:\/\/vigilantbiosciences.com\/#\/schema\/logo\/image\/\",\"url\":\"https:\/\/vigilantbiosciences.com\/wp-content\/uploads\/vigilant-logo-horizontal.svg\",\"contentUrl\":\"https:\/\/vigilantbiosciences.com\/wp-content\/uploads\/vigilant-logo-horizontal.svg\",\"width\":\"1024\",\"height\":\"1024\",\"caption\":\"Vigilant Biosciences\u00ae\"},\"image\":{\"@id\":\"https:\/\/vigilantbiosciences.com\/#\/schema\/logo\/image\/\"},\"sameAs\":[\"https:\/\/www.facebook.com\/VigilantBiosciences1\",\"https:\/\/www.linkedin.com\/company\/vigilant-biosciences\/\"]}]}<\/script>\n<!-- \/ Yoast SEO plugin. -->","yoast_head_json":{"title":"UK Distributor Event - Vigilant Biosciences\u00ae","robots":{"index":"index","follow":"follow","max-snippet":"max-snippet:-1","max-image-preview":"max-image-preview:large","max-video-preview":"max-video-preview:-1"},"canonical":"https:\/\/vigilantbiosciences.com\/de\/veranstaltung-des-britischen-vertriebspartners\/","og_locale":"de_DE","og_type":"article","og_title":"UK Distributor Event - Vigilant Biosciences\u00ae","og_description":"Patient Resources Understanding the Risk of Oral CancerThe Impact of Oral Cancer In the US alone, oral cancer kills an average one person per hour, 24 hours per day.1Oral cancer is a global challenge with more than 657,000 cases and nearly 330,000 deaths each year1Worldwide 5-year survival rate is only 50% due to delayed intervention [&hellip;]","og_url":"https:\/\/vigilantbiosciences.com\/de\/veranstaltung-des-britischen-vertriebspartners\/","og_site_name":"Vigilant Biosciences\u00ae","article_publisher":"https:\/\/www.facebook.com\/VigilantBiosciences1","article_modified_time":"2025-11-03T18:52:57+00:00","twitter_card":"summary_large_image","twitter_misc":{"Gesch\u00e4tzte Lesezeit":"1 Minute"},"schema":{"@context":"https:\/\/schema.org","@graph":[{"@type":"WebPage","@id":"https:\/\/vigilantbiosciences.com\/uk-distributor-event\/","url":"https:\/\/vigilantbiosciences.com\/uk-distributor-event\/","name":"UK Distributor Event - Vigilant Biosciences\u00ae","isPartOf":{"@id":"https:\/\/vigilantbiosciences.com\/#website"},"datePublished":"2025-11-03T18:52:53+00:00","dateModified":"2025-11-03T18:52:57+00:00","breadcrumb":{"@id":"https:\/\/vigilantbiosciences.com\/uk-distributor-event\/#breadcrumb"},"inLanguage":"de-DE","potentialAction":[{"@type":"ReadAction","target":["https:\/\/vigilantbiosciences.com\/uk-distributor-event\/"]}]},{"@type":"BreadcrumbList","@id":"https:\/\/vigilantbiosciences.com\/uk-distributor-event\/#breadcrumb","itemListElement":[{"@type":"ListItem","position":1,"name":"Home","item":"https:\/\/vigilantbiosciences.com\/"},{"@type":"ListItem","position":2,"name":"UK Distributor Event"}]},{"@type":"WebSite","@id":"https:\/\/vigilantbiosciences.com\/#website","url":"https:\/\/vigilantbiosciences.com\/","name":"Vigilant Biosciences\u00ae","description":"","publisher":{"@id":"https:\/\/vigilantbiosciences.com\/#organization"},"potentialAction":[{"@type":"SearchAction","target":{"@type":"EntryPoint","urlTemplate":"https:\/\/vigilantbiosciences.com\/?s={search_term_string}"},"query-input":"required name=search_term_string"}],"inLanguage":"de-DE"},{"@type":"Organization","@id":"https:\/\/vigilantbiosciences.com\/#organization","name":"Vigilant Biosciences\u00ae","url":"https:\/\/vigilantbiosciences.com\/","logo":{"@type":"ImageObject","inLanguage":"de-DE","@id":"https:\/\/vigilantbiosciences.com\/#\/schema\/logo\/image\/","url":"https:\/\/vigilantbiosciences.com\/wp-content\/uploads\/vigilant-logo-horizontal.svg","contentUrl":"https:\/\/vigilantbiosciences.com\/wp-content\/uploads\/vigilant-logo-horizontal.svg","width":"1024","height":"1024","caption":"Vigilant Biosciences\u00ae"},"image":{"@id":"https:\/\/vigilantbiosciences.com\/#\/schema\/logo\/image\/"},"sameAs":["https:\/\/www.facebook.com\/VigilantBiosciences1","https:\/\/www.linkedin.com\/company\/vigilant-biosciences\/"]}]}},"_links":{"self":[{"href":"https:\/\/vigilantbiosciences.com\/de\/wp-json\/wp\/v2\/pages\/815","targetHints":{"allow":["GET"]}}],"collection":[{"href":"https:\/\/vigilantbiosciences.com\/de\/wp-json\/wp\/v2\/pages"}],"about":[{"href":"https:\/\/vigilantbiosciences.com\/de\/wp-json\/wp\/v2\/types\/page"}],"author":[{"embeddable":true,"href":"https:\/\/vigilantbiosciences.com\/de\/wp-json\/wp\/v2\/users\/9"}],"replies":[{"embeddable":true,"href":"https:\/\/vigilantbiosciences.com\/de\/wp-json\/wp\/v2\/comments?post=815"}],"version-history":[{"count":0,"href":"https:\/\/vigilantbiosciences.com\/de\/wp-json\/wp\/v2\/pages\/815\/revisions"}],"wp:attachment":[{"href":"https:\/\/vigilantbiosciences.com\/de\/wp-json\/wp\/v2\/media?parent=815"}],"curies":[{"name":"wp","href":"https:\/\/api.w.org\/{rel}","templated":true}]}}