{"id":78,"date":"2023-02-28T15:12:03","date_gmt":"2023-02-28T15:12:03","guid":{"rendered":"https:\/\/vigilantbio.wpengine.com\/?page_id=78"},"modified":"2024-08-13T20:55:48","modified_gmt":"2024-08-13T20:55:48","slug":"about","status":"publish","type":"page","link":"https:\/\/vigilantbiosciences.com\/de\/uber-uns\/","title":{"rendered":"\u00dcber uns"},"content":{"rendered":"<p>[et_pb_section fb_built=\u201d1\u2033 custom_padding_last_edited=\u201don|phone\u201d _builder_version=\u201d4.24.0\u2033 _module_preset=\u201ddefault\u201d use_background_color_gradient=\u201don\u201d background_color_gradient_stops=\u201drgba(0,142,168,0.5) 0%|rgba(0,142,168,0.5) 100%\u201d background_image=\u201dhttps:\/\/vigilantbiosciences.com\/wp-content\/uploads\/test-1.png\u201d custom_padding=\u201d100px||100px||true|false\u201d custom_padding_tablet=\u201d80px||80px||true|false\u201d custom_padding_phone=\u201d50px||50px||true|false\u201d global_colors_info=\u201d{}\u201d][et_pb_row _builder_version=\u201d4.20.0\u2033 _module_preset=\u201ddefault\u201d width=\u201d90%\u201d global_colors_info=\u201d{}\u201d][et_pb_column type=\u201d4_4\u2033 _builder_version=\u201d4.20.0\u2033 _module_preset=\u201ddefault\u201d global_colors_info=\u201d{}\u201d][et_pb_text _builder_version=\u201d4.20.4\u2033 _module_preset=\u201ddefault\u201d header_font=\u201d|600|||||||\u201d header_letter_spacing=\u201d-3px\u201d text_orientation=\u201dcenter\u201d background_layout=\u201ddark\u201d global_colors_info=\u201d{}\u201d]<\/p>\n<h1>\u00dcber uns<\/h1>\n<p>[\/et_pb_text][\/et_pb_column][\/et_pb_row][\/et_pb_section][et_pb_section fb_built=\u201c1\u2033 custom_padding_last_edited=\u201con|tablet\u201c _builder_version=\u201c4.20.0\u201c _module_preset=\u201cdefault\u201c custom_margin=\u201c||||false |false\u201c custom_padding=\u201c80px||80px||true|false\u201c custom_padding_tablet=\u201c50px||50px||true|false\u201c custom_padding_phone=\u201c50px||50px||true|false\u201c global_colors_info=\u201c{}\u201c][ et_pb_row _builder_version=\u201c4.20.0\u201c _module_preset=\u201cdefault\u201c width=\u201c90%\u201c global_colors_info=\u201c{}\u201c][et_pb_column type=\u201c4_4\u201c _builder_version=\u201c4.20.0\u201c _module_preset=\u201cdefault\u201c global_colors_info=\u201c{}\u201c ][et_pb_text _builder_version=\u201c4.20.4\u2033 _module_preset=\u201cdefault\u201c text_orientation=\u201ccenter\u201c global_colors_info=\u201c{}\u201c]<\/p>\n<h2 class=\" translation-block\">Fr\u00fcherkennung revolutionieren. Leben verbessern.\u2122<\/h2>\n<p>[\/et_pb_text][\/et_pb_column][\/et_pb_row][\/et_pb_section][et_pb_section fb_built=\u201c1\u2033 admin_label=\u201cSection\u201c _builder_version=\u201c4.20.4\u201c _module_preset=\u201cdefault\u201c width=\u201c100%\u201c max_width=\u201c100%\u201c custom_margin=\u201c0px||0px||false|false\u201c custom_padding=\u201c0px||0px||false|false\u201c Locked=\u201coff\u201c global_colors_info=\u201c{}\u201c][et_pb_row columns_structure=\u201c1_2,1_2\u2033 use_custom_gutter=\u201c on\u201c gutter_width=\u201c1\u2033 make_equal=\u201con\u201c custom_padding_last_edited=\u201con|tablet\u201c module_class=\u201creverse\u201c _builder_version=\u201c4.20.0\u201c _module_preset=\u201cdefault\u201c width=\u201c100%\u201c max_width=\u201c100%\u201c min_height=\u201c400px \u201ecustom_padding=\u201c0px||0px||false|false\u201c custom_padding_tablet=\u201c0px||0px||false|false\u201c custom_padding_phone=\u201c0px||0px||false|false\u201c global_colors_info=\u201c{}\u201c custom_css_main_element_last_edited=\u201con |phone\u201c custom_css_main_element_tablet=\u201cdisplay: flex;\u201c custom_css_main_element_phone=\u201cdisplay: block;\u201c][et_pb_column type=\u201c1_2\u2033 admin_label=\u201cColumn\u201c _builder_version=\u201c4.20.0\u201c _module_preset=\u201cdefault\u201c background_image=\u201chttps:\/\/vigilantbiosciences.com\/wp-content\/uploads\/ iStock-1266812277-sized.jpg\u201c custom_padding=\u201c0px|0px|0px|0px|true|true\u201c custom_padding_tablet=\u201c105px|80px|105px|80px|true|true\u201c custom_padding_phone=\u201c80px|80px|80px|80px|true |true\u201c custom_padding_last_edited=\u201con|tablet\u201c global_colors_info=\u201c{}\u201c][\/et_pb_column][et_pb_column type=\u201c1_2\u2033 _builder_version=\u201c4.20.0\u201c _module_preset=\u201cdefault\u201c custom_padding=\u201c80px|80px|80px|80px |true|true\u201c custom_padding_tablet=\u201c50px|50px|50px|50px|true|true\u201c custom_padding_phone=\u201c30px|30px|30px|30px|true|true\u201c custom_padding_last_edited=\u201con|phone\u201c custom_css_main_element=\u201cdisplay: flex;| |flex-direction: Column;||justify-content: center;\u201c global_colors_info=\u201c{}\u201c][et_pb_text _builder_version=\u201c4.20.4\u2033 _module_preset=\u201cdefault\u201c custom_margin=\u201c||10px||false|false\u201c custom_padding=\u201c||0px||false|false\u201c global_colors_info=\u201c{} \u201d]<\/p>\n<h3 class=\" translation-block\">F\u00fcr eine Welt, die Mundkrebs nicht die geringste Chance l\u00e4sst.\u2122<\/h3>\n<p>[\/et_pb_text][et_pb_text _builder_version=\u201c4.20.4\u2033 _module_preset=\u201cdefault\u201c custom_margin=\u201c||30px||false|false\u201c custom_padding=\u201c||0px||false|true\u201c global_colors_info=\u201c{}\u201c]<\/p>\n<p>Vigilant Biosciences\u00ae ist f\u00fchrend bei der Entwicklung innovativer L\u00f6sungen zur schnelleren Erkennung von Mundkrebs. Unsere Point-of-Care-L\u00f6sung ist einfach, pr\u00e4zise und kosteng\u00fcnstig. Wir unterst\u00fctzen Kliniker dabei, die Behandlungsergebnisse ihrer Patienten durch fr\u00fchere Eingriffe zu verbessern.<\/p>\n<p>Das innovative BeVigilant OraFusion-System nutzt eine patentierte Technologie zur Erkennung spezifischer Proteinmarker, die klinisch nachweislich mit Mundkrebs im Fr\u00fchstadium in Zusammenhang stehen.<\/p>\n<p>Erfahren Sie mehr \u00fcber unsere Technologie:<\/p>\n<p>[\/et_pb_text][et_pb_button button_url=\u201c@ET-DC@eyJkeW5hbWljIjp0cnVlLCJjb250ZW50IjoicG9zdF9saW5rX3VybF9wYWdlIiwic2V0dGluZ3MiOnsicG9zdF9pZCI6IjEzMCJ9fQ==@\u201c button_text= \u201eDiscover\u201c _builder_version=\u201c4.20.0\u201c _dynamic_attributes=\u201cbutton_url\u201c _module_preset=\u201cdefault\u201c custom_button=\u201con\u201c button_text_size=\u201c16px \u201d button_text_color=\u201c#008EA8\u2033 button_border_width=\u201c2px\u201c button_border_color=\u201c#008EA8\u201c button_border_radius=\u201c50px\u201c button_letter_spacing=\u201c1px\u201c button_use_icon=\u201coff\u201c custom_margin=\u201c0px||0px||false|false\u201c custom_padding=\u201c8px|30px |8px|30px|true|true\u201c global_colors_info=\u201c{}\u201c button_text_color__hover_enabled=\u201con|hover\u201c button_text_color__hover=\u201c#FFFFFF\u201c button_bg_color__hover_enabled=\u201con|hover\u201c button_bg_color__hover=\u201c#008EA8\u2033 button_bg_enable_color__hover=\u201con\u201c] [\/et_pb_button][ \/et_pb_column][\/et_pb_row][\/et_pb_section][et_pb_section fb_built=\u201c1\u2033 custom_padding_last_edited=\u201con|phone\u201c _builder_version=\u201c4.20.4\u201c _module_preset=\u201cdefault\u201c background_enable_image=\u201coff\u201c width=\u201c100%\u201c max_width=\u201c 100%\u201c custom_padding=\u201c70px||70px||true|false\u201c custom_padding_tablet=\u201c80px||80px||true|false\u201c custom_padding_phone=\u201c50px||50px||true|false\u201c global_colors_info=\u201c{}\u201c][et_pb_row _builder_version=\u201c4.20.0\u201c _module_preset=\u201cdefault\u201c width=\u201c90%\u201c global_colors_info=\u201c{}\u201c][et_pb_column type=\u201c4_4\u201c _builder_version=\u201c4.20.0\u201c _module_preset=\u201cdefault\u201c global_colors_info=\u201c{}\u201c] [et_pb_text module_class=\u201ccta\u201c _builder_version=\u201c4.20.4\u201c _module_preset=\u201cdefault\u201c text_text_color=\u201c#FFFFFF\u201c header_2_text_color=\u201c#707272\u201c header_2_font_size=\u201c60px\u201c text_orientation=\u201ccenter\u201c background_layout=\u201cdark\u201c header_2_font_ size_tablet=\u201c48px\u201c header_2_font_size_phone =\u201c40px\u201c header_2_font_size_last_edited=\u201con|phone\u201c global_colors_info=\u201c{}\u201c]<\/p>\n<h2 class=\" translation-block\">Gemeinsam f\u00fcr die Verbesserung der Fr\u00fcherkennung von Mundkrebs.<\/h2>\n<p>[\/et_pb_text][\/et_pb_column][\/et_pb_row][\/et_pb_section][et_pb_section fb_built=\u201c1\u2033 _builder_version=\u201c4.20.4\u201c _module_preset=\u201cdefault\u201c custom_margin=\u201c0px||0px||true|false\u201c custom_padding= \u201e0px||0px||true|false\u201c global_colors_info=\u201c{}\u201c][et_pb_row columns_structure=\u201c1_2,1_2\u2033 use_custom_gutter=\u201con\u201c gutter_width=\u201c1\u201c make_equal=\u201con\u201c _builder_version=\u201c4.20.4\u201c _module_preset =\u201cdefault\u201c z_index=\u201c1\u2033 width=\u201c100%\u201c max_width=\u201c100%\u201c custom_padding=\u201c0px||0px||true|false\u201c global_colors_info=\u201c{}\u201c custom_css_main_element_last_edited=\u201con|phone\u201c custom_css_main_element_tablet=\u201cdisplay: biegen;&quot; custom_css_main_element_phone=\u201cdisplay: block;\u201c][et_pb_column type=\u201c1_2\u2033 _builder_version=\u201c4.20.4\u201c _module_preset=\u201cdefault\u201c background_color=\u201crgba(0,142,168,0.1)\u201c positionierung=\u201cnone\u201c custom_padding=\u201c80px|30px| 80px|80px|true|false\u201c custom_padding_tablet=\u201c50px|30px|50px|30px|true|true\u201c custom_padding_phone=\u201c|||20px|true|false\u201c custom_padding_last_edited=\u201con|tablet\u201c global_colors_info=\u201c{}\u201c custom_css_main_element_last_edited= \u201eon|phone\u201c][et_pb_text module_class=\u201cbdr-right\u201c _builder_version=\u201c4.20.4\u2033 _module_preset=\u201cdefault\u201c custom_margin=\u201c||||false|false\u201c custom_padding=\u201c||||false|false\u201c global_colors_info =\u201c{}\u201c]<\/p>\n<h2>Unsere Mission<\/h2>\n<p>[\/et_pb_text][et_pb_text _builder_version=\u201c4.20.4\u201c _module_preset=\u201cdefault\u201c text_text_color=\u201c#707272\u201c text_font_size=\u201c30px\u201c custom_margin=\u201c||50px||false|false\u201c custom_padding=\u201c||||false|false \u201ecustom_css_main_element=\u201cline-height: 1.2em;\u201c global_colors_info=\u201c{}\u201c]<\/p>\n<p class=\" translation-block\"><em><span style=\"text-decoration: underline\">Leben retten<\/span><\/em>, indem wir erstklassige L\u00f6sungen zur <em><span style=\"text-decoration: underline\">Fr\u00fcherkennung<\/span><\/em> von Krebs anbieten.<\/p>\n<p>[\/et_pb_text][et_pb_text _builder_version=\u201c4.20.4\u201c _module_preset=\u201cdefault\u201c global_colors_info=\u201c{}\u201c]<\/p>\n<h3>Unser erstes Produkt zur Fr\u00fcherkennung von Krebs:<\/h3>\n<p>[\/et_pb_text][et_pb_text _builder_version=\u201d4.23.1\u2033 _module_preset=\u201ddefault\u201d text_text_color=\u201d#707272\u2033 text_font_size=\u201d20px\u201d global_colors_info=\u201d{}\u201d]<\/p>\n<p>Der <strong>BeVigilant OraFusion System<\/strong>\u00a0hilft \u00c4rzten bei der Identifizierung von Patienten mit einem Risiko f\u00fcr Mundkrebs.<\/p>\n<p>[\/et_pb_text][et_pb_image src=\u201chttps:\/\/vigilantbiosciences.com\/wp-content\/uploads\/vigilant-logo-horizontal.svg\u201c alt=\u201cVigilant Biosciences\u00ae Logo\u201c title_text=\u201cvigilant-logo-horizontal\u201c align_tablet= \u201eleft\u201c align_phone=\u201ccenter\u201c align_last_edited=\u201con|tablet\u201c _builder_version=\u201c4.20.4\u2033 _module_preset=\u201cdefault\u201c width=\u201c250px\u201c width_tablet=\u201c250px\u201c width_phone=\u201c300px\u201c width_last_edited=\u201con|phone\u201c height =\u201c57px\u201c height_tablet=\u201c57px\u201c height_phone=\u201c28px\u201c height_last_edited=\u201con|phone\u201c custom_margin=\u201c||||false|false\u201c custom_margin_tablet=\u201c-10px||0px||false|false\u201c custom_margin_phone=\u201c0px ||0px||false|false\u201c custom_margin_last_edited=\u201con|phone\u201c custom_padding=\u201c50px||0px||false|false\u201c global_colors_info=\u201c{}\u201c][\/et_pb_image][\/et_pb_column][et_pb_column type=\u201c1_2 \u2033 _builder_version=\u201c4.20.4\u2033 _module_preset=\u201cdefault\u201c background_image=\u201chttps:\/\/vigilantbiosciences.com\/wp-content\/uploads\/VigilantNewSiteImages.jpg\u201c positionierung=\u201cnone\u201c z_index=\u201c1\u2033 global_colors_info=\u201c{}\u201c custom_css_main_element_last_edited=\u201con|phone\u201c][et_pb_divider show_divider=\u201coff\u201c invalid_on=\u201coff|on|on\u201c _builder_version=\u201c4.20.4\u201c _module_preset=\u201cdefault\u201c custom_padding=\u201c100px||100px||true|false\u201c global_colors_info =\u201c{}\u201c][\/et_pb_divider][\/et_pb_column][\/et_pb_row][\/et_pb_section][et_pb_section fb_built=\u201c1\u2033 custom_padding_last_edited=\u201con|tablet\u201c module_id=\u201cleadership\u201c _builder_version=\u201c4.20.4\u201c _module_preset= \u201edefault\u201c background_enable_color=\u201coff\u201c custom_padding=\u201c80px||60px||false|false\u201c custom_padding_tablet=\u201c70px||40px||false|false\u201c custom_padding_phone=\u201c50px||30px||false|false\u201c Locked=\u201c off\u201c global_colors_info=\u201c{}\u201c][et_pb_row _builder_version=\u201c4.20.4\u2033 _module_preset=\u201cdefault\u201c width_tablet=\u201c90%\u201c width_phone=\u201c90%\u201c width_last_edited=\u201con|tablet\u201c custom_margin=\u201c||||false|false \u201ecustom_padding=\u201c0px||0px||true|false\u201c global_colors_info=\u201c{}\u201c width__hover_enabled=\u201coff|desktop\u201c][et_pb_column type=\u201c4_4\u201c _builder_version=\u201c4.20.0\u201c _module_preset=\u201cdefault\u201c global_colors_info=\u201c {}\u201c][et_pb_text _builder_version=\u201c4.20.4\u2033 _module_preset=\u201cdefault\u201c header_2_text_color=\u201c#F05323\u2033 text_orientation=\u201ccenter\u201c global_colors_info=\u201c{}\u201c]<\/p>\n<h2>F\u00fchrungsteam<\/h2>\n<p>[\/et_pb_text][et_pb_text _builder_version=\u201c4.20.0\u201c _module_preset=\u201cdefault\u201c header_2_text_color=\u201c#008EA8\u2033 text_orientation=\u201ccenter\u201c global_colors_info=\u201c{}\u201c]<\/p>\n<p>Das F\u00fchrungsteam von Vigilant Biosciences\u00ae verf\u00fcgt \u00fcber tief verwurzelte klinische Fachkenntnisse und jahrzehntelange F\u00fchrungserfahrung in der Gesundheitsdiagnostik und im Bereich Onkologie und setzt sich daf\u00fcr ein, die Fr\u00fcherkennung von Mundkrebs zu revolutionieren und die Behandlungsergebnisse f\u00fcr Patienten zu verbessern.<\/p>\n<p>[\/et_pb_text][dipl_team_grid post_order=\u201cASC\u201c include_categories=\u201c5\u2033 grid_bg_color=\u201c#EBEBEB\u201c show_short_desc=\u201coff\u201c show_social_icon=\u201coff\u201c image_size=\u201clarge\u201c onclick_trigger=\u201copen_popup\u201c display_in_popup=\u201con|on|off| on|off\u201c select_layout=\u201clayout4\u2033 number_of_columns=\u201c3\u2033 columns_spacing=\u201c30px\u201c number_of_columns_tablet=\u201c2\u2033 number_of_columns_phone=\u201c1\u2033 number_of_columns_last_edited=\u201con|phone\u201c _builder_version=\u201c4.20.4\u201c _module_preset=\u201cdefault\u201c name_level= \u201eh3\u201c name_text_align=\u201ccenter\u201c name_font_size=\u201c22px\u201c popup_name_level=\u201ch3\u2033 popup_name_text_color=\u201c#F05323\u2033 popup_name_font_size=\u201c21px\u201c designation_text_align=\u201ccenter\u201c designation_font_size=\u201c15px\u201c popup_designation_text_color=\u201c#707272 \u2033 popup_designation_font_size=\u201c16px\u201c popup_description_font_size= \u201e15px\u201c popup_description_line_height=\u201c1.5em\u201c custom_margin=\u201c70px||0px||false|false\u201c global_colors_info=\u201c{}\u201c][\/dipl_team_grid][\/et_pb_column][\/et_pb_row][et_pb_row _builder_version=\u201c4.20.2\u201c _module_preset=\u201cdefault\u201c custom_margin=\u201c||0px||false|false\u201c custom_padding=\u201c20px||0px||false|false\u201c Locked=\u201coff\u201c global_colors_info=\u201c{}\u201c][et_pb_column type=\u201c4_4\u201c _builder_version =\u201c4.20.2\u2033 _module_preset=\u201cdefault\u201c global_colors_info=\u201c{}\u201c][et_pb_text _builder_version=\u201c4.20.2\u201c _module_preset=\u201cdefault\u201c text_font_size=\u201c15px\u201c text_orientation=\u201ccenter\u201c global_colors_info=\u201c{}\u201c]<\/p>\n<p>*Klinische Daten in Datei<\/p>\n<p>[\/et_pb_text][\/et_pb_column][\/et_pb_row][\/et_pb_section]<\/p>","protected":false},"excerpt":{"rendered":"<p>\u00dcber die Transformation der Erkennung. Verbesserung des Lebens.\u2122Eine Welt schaffen, in der Mundkrebs keine Chance hat.\u2122Vigilant Biosciences\u00ae ist f\u00fchrend bei der Entwicklung innovativer L\u00f6sungen, die die Erkennung von Mundkrebs beschleunigen. Unsere Point-of-Care-L\u00f6sung ist einfach, pr\u00e4zise und kosteng\u00fcnstig. Wir unterst\u00fctzen Kliniker dabei, die Ergebnisse ihrer Patienten durch fr\u00fchere Eingriffe zu verbessern. Das innovative BeVigilant OraFusion-System verwendet patentierte Technologie [\u2026]<\/p>","protected":false},"author":1,"featured_media":0,"parent":0,"menu_order":5,"comment_status":"closed","ping_status":"closed","template":"","meta":{"_et_pb_use_builder":"on","_et_pb_old_content":"","_et_gb_content_width":"","inline_featured_image":false,"footnotes":""},"class_list":["post-78","page","type-page","status-publish","hentry"],"yoast_head":"<!-- This site is optimized with the Yoast SEO plugin v22.1 - https:\/\/yoast.com\/wordpress\/plugins\/seo\/ -->\n<title>About - Vigilant Biosciences\u00ae<\/title>\n<meta name=\"description\" content=\"Visit us to learn about Vigilant Biosciences\u00ae, our mission, and the oral cancer screening technologies we provide.\" \/>\n<meta name=\"robots\" content=\"index, follow, max-snippet:-1, max-image-preview:large, max-video-preview:-1\" \/>\n<link rel=\"canonical\" href=\"https:\/\/vigilantbiosciences.com\/de\/uber-uns\/\" \/>\n<meta property=\"og:locale\" content=\"de_DE\" \/>\n<meta property=\"og:type\" content=\"article\" \/>\n<meta property=\"og:title\" content=\"About - Vigilant Biosciences\u00ae\" \/>\n<meta property=\"og:description\" content=\"Visit us to learn about Vigilant Biosciences\u00ae, our mission, and the oral cancer screening technologies we provide.\" \/>\n<meta property=\"og:url\" content=\"https:\/\/vigilantbiosciences.com\/de\/uber-uns\/\" \/>\n<meta property=\"og:site_name\" content=\"Vigilant Biosciences\u00ae\" \/>\n<meta property=\"article:publisher\" content=\"https:\/\/www.facebook.com\/VigilantBiosciences1\" \/>\n<meta property=\"article:modified_time\" content=\"2024-08-13T20:55:48+00:00\" \/>\n<meta name=\"twitter:card\" content=\"summary_large_image\" \/>\n<meta name=\"twitter:label1\" content=\"Gesch\u00e4tzte Lesezeit\" \/>\n\t<meta name=\"twitter:data1\" content=\"3 Minuten\" \/>\n<script type=\"application\/ld+json\" class=\"yoast-schema-graph\">{\"@context\":\"https:\/\/schema.org\",\"@graph\":[{\"@type\":\"WebPage\",\"@id\":\"https:\/\/vigilantbiosciences.com\/about\/\",\"url\":\"https:\/\/vigilantbiosciences.com\/about\/\",\"name\":\"About - Vigilant Biosciences\u00ae\",\"isPartOf\":{\"@id\":\"https:\/\/vigilantbiosciences.com\/#website\"},\"datePublished\":\"2023-02-28T15:12:03+00:00\",\"dateModified\":\"2024-08-13T20:55:48+00:00\",\"description\":\"Visit us to learn about Vigilant Biosciences\u00ae, our mission, and the oral cancer screening technologies we provide.\",\"breadcrumb\":{\"@id\":\"https:\/\/vigilantbiosciences.com\/about\/#breadcrumb\"},\"inLanguage\":\"de-DE\",\"potentialAction\":[{\"@type\":\"ReadAction\",\"target\":[\"https:\/\/vigilantbiosciences.com\/about\/\"]}]},{\"@type\":\"BreadcrumbList\",\"@id\":\"https:\/\/vigilantbiosciences.com\/about\/#breadcrumb\",\"itemListElement\":[{\"@type\":\"ListItem\",\"position\":1,\"name\":\"Home\",\"item\":\"https:\/\/vigilantbiosciences.com\/\"},{\"@type\":\"ListItem\",\"position\":2,\"name\":\"About\"}]},{\"@type\":\"WebSite\",\"@id\":\"https:\/\/vigilantbiosciences.com\/#website\",\"url\":\"https:\/\/vigilantbiosciences.com\/\",\"name\":\"Vigilant Biosciences\u00ae\",\"description\":\"\",\"publisher\":{\"@id\":\"https:\/\/vigilantbiosciences.com\/#organization\"},\"potentialAction\":[{\"@type\":\"SearchAction\",\"target\":{\"@type\":\"EntryPoint\",\"urlTemplate\":\"https:\/\/vigilantbiosciences.com\/?s={search_term_string}\"},\"query-input\":\"required name=search_term_string\"}],\"inLanguage\":\"de-DE\"},{\"@type\":\"Organization\",\"@id\":\"https:\/\/vigilantbiosciences.com\/#organization\",\"name\":\"Vigilant Biosciences\u00ae\",\"url\":\"https:\/\/vigilantbiosciences.com\/\",\"logo\":{\"@type\":\"ImageObject\",\"inLanguage\":\"de-DE\",\"@id\":\"https:\/\/vigilantbiosciences.com\/#\/schema\/logo\/image\/\",\"url\":\"https:\/\/vigilantbiosciences.com\/wp-content\/uploads\/vigilant-logo-horizontal.svg\",\"contentUrl\":\"https:\/\/vigilantbiosciences.com\/wp-content\/uploads\/vigilant-logo-horizontal.svg\",\"width\":\"1024\",\"height\":\"1024\",\"caption\":\"Vigilant Biosciences\u00ae\"},\"image\":{\"@id\":\"https:\/\/vigilantbiosciences.com\/#\/schema\/logo\/image\/\"},\"sameAs\":[\"https:\/\/www.facebook.com\/VigilantBiosciences1\",\"https:\/\/www.linkedin.com\/company\/vigilant-biosciences\/\"]}]}<\/script>\n<!-- \/ Yoast SEO plugin. -->","yoast_head_json":{"title":"About - Vigilant Biosciences\u00ae","description":"Visit us to learn about Vigilant Biosciences\u00ae, our mission, and the oral cancer screening technologies we provide.","robots":{"index":"index","follow":"follow","max-snippet":"max-snippet:-1","max-image-preview":"max-image-preview:large","max-video-preview":"max-video-preview:-1"},"canonical":"https:\/\/vigilantbiosciences.com\/de\/uber-uns\/","og_locale":"de_DE","og_type":"article","og_title":"About - Vigilant Biosciences\u00ae","og_description":"Visit us to learn about Vigilant Biosciences\u00ae, our mission, and the oral cancer screening technologies we provide.","og_url":"https:\/\/vigilantbiosciences.com\/de\/uber-uns\/","og_site_name":"Vigilant Biosciences\u00ae","article_publisher":"https:\/\/www.facebook.com\/VigilantBiosciences1","article_modified_time":"2024-08-13T20:55:48+00:00","twitter_card":"summary_large_image","twitter_misc":{"Gesch\u00e4tzte Lesezeit":"3 Minuten"},"schema":{"@context":"https:\/\/schema.org","@graph":[{"@type":"WebPage","@id":"https:\/\/vigilantbiosciences.com\/about\/","url":"https:\/\/vigilantbiosciences.com\/about\/","name":"About - Vigilant Biosciences\u00ae","isPartOf":{"@id":"https:\/\/vigilantbiosciences.com\/#website"},"datePublished":"2023-02-28T15:12:03+00:00","dateModified":"2024-08-13T20:55:48+00:00","description":"Visit us to learn about Vigilant Biosciences\u00ae, our mission, and the oral cancer screening technologies we provide.","breadcrumb":{"@id":"https:\/\/vigilantbiosciences.com\/about\/#breadcrumb"},"inLanguage":"de-DE","potentialAction":[{"@type":"ReadAction","target":["https:\/\/vigilantbiosciences.com\/about\/"]}]},{"@type":"BreadcrumbList","@id":"https:\/\/vigilantbiosciences.com\/about\/#breadcrumb","itemListElement":[{"@type":"ListItem","position":1,"name":"Home","item":"https:\/\/vigilantbiosciences.com\/"},{"@type":"ListItem","position":2,"name":"About"}]},{"@type":"WebSite","@id":"https:\/\/vigilantbiosciences.com\/#website","url":"https:\/\/vigilantbiosciences.com\/","name":"Vigilant Biosciences\u00ae","description":"","publisher":{"@id":"https:\/\/vigilantbiosciences.com\/#organization"},"potentialAction":[{"@type":"SearchAction","target":{"@type":"EntryPoint","urlTemplate":"https:\/\/vigilantbiosciences.com\/?s={search_term_string}"},"query-input":"required name=search_term_string"}],"inLanguage":"de-DE"},{"@type":"Organization","@id":"https:\/\/vigilantbiosciences.com\/#organization","name":"Vigilant Biosciences\u00ae","url":"https:\/\/vigilantbiosciences.com\/","logo":{"@type":"ImageObject","inLanguage":"de-DE","@id":"https:\/\/vigilantbiosciences.com\/#\/schema\/logo\/image\/","url":"https:\/\/vigilantbiosciences.com\/wp-content\/uploads\/vigilant-logo-horizontal.svg","contentUrl":"https:\/\/vigilantbiosciences.com\/wp-content\/uploads\/vigilant-logo-horizontal.svg","width":"1024","height":"1024","caption":"Vigilant Biosciences\u00ae"},"image":{"@id":"https:\/\/vigilantbiosciences.com\/#\/schema\/logo\/image\/"},"sameAs":["https:\/\/www.facebook.com\/VigilantBiosciences1","https:\/\/www.linkedin.com\/company\/vigilant-biosciences\/"]}]}},"_links":{"self":[{"href":"https:\/\/vigilantbiosciences.com\/de\/wp-json\/wp\/v2\/pages\/78","targetHints":{"allow":["GET"]}}],"collection":[{"href":"https:\/\/vigilantbiosciences.com\/de\/wp-json\/wp\/v2\/pages"}],"about":[{"href":"https:\/\/vigilantbiosciences.com\/de\/wp-json\/wp\/v2\/types\/page"}],"author":[{"embeddable":true,"href":"https:\/\/vigilantbiosciences.com\/de\/wp-json\/wp\/v2\/users\/1"}],"replies":[{"embeddable":true,"href":"https:\/\/vigilantbiosciences.com\/de\/wp-json\/wp\/v2\/comments?post=78"}],"version-history":[{"count":0,"href":"https:\/\/vigilantbiosciences.com\/de\/wp-json\/wp\/v2\/pages\/78\/revisions"}],"wp:attachment":[{"href":"https:\/\/vigilantbiosciences.com\/de\/wp-json\/wp\/v2\/media?parent=78"}],"curies":[{"name":"wp","href":"https:\/\/api.w.org\/{rel}","templated":true}]}}