{"id":731,"date":"2024-08-06T20:43:40","date_gmt":"2024-08-06T20:43:40","guid":{"rendered":"https:\/\/vigilantbiosciences.com\/?page_id=731"},"modified":"2024-08-07T18:48:57","modified_gmt":"2024-08-07T18:48:57","slug":"distributor-updates","status":"publish","type":"page","link":"https:\/\/vigilantbiosciences.com\/de\/distributor-updates\/","title":{"rendered":"Distributor-Updates"},"content":{"rendered":"<p>[et_pb_section fb_built=\u201d1\u2033 custom_padding_last_edited=\u201don|phone\u201d _builder_version=\u201d4.24.0\u2033 _module_preset=\u201ddefault\u201d use_background_color_gradient=\u201don\u201d background_color_gradient_stops=\u201drgba(0,142,168,0.5) 0%|rgba(0,142,168,0.5) 100%\u201d background_image=\u201dhttps:\/\/vigilantbiosciences.com\/wp-content\/uploads\/test-1.png\u201d custom_padding=\u201d100px||100px||true|false\u201d custom_padding_tablet=\u201d80px||80px||true|false\u201d custom_padding_phone=\u201d50px||50px||true|false\u201d gesperrt=\u201daus\u201d reduziert=\u201dan\u201d global_colors_info=\u201d{}\u201d][et_pb_row _builder_version=\u201d4.20.0\u2033 _module_preset=\u201ddefault\u201d global_colors_info=\u201d{}\u201d][et_pb_column type=\u201d4_4\u2033 _builder_version=\u201d4.20.0\u2033 _module_preset=\u201ddefault\u201d global_colors_info=\u201d{}\u201d][et_pb_text _builder_version=\u201d4.23.1\u2033 _module_preset=\u201ddefault\u201d text_font_size=\u201d30px\u201d header_font=\u201d|600|||||||\u201d header_letter_spacing=\u201d-3px\u201d text_orientation=\u201dcenter\u201d background_layout=\u201ddark\u201d global_colors_info=\u201d{}\u201d]<\/p>\n<h1>Vertriebsressourcen<\/h1>\n<p>[\/et_pb_text][\/et_pb_column][\/et_pb_row][\/et_pb_section][et_pb_section fb_built=\u201d1\u2033 custom_padding_last_edited=\u201don|tablet\u201d _builder_version=\u201d4.20.4\u2033 _module_preset=\u201ddefault\u201d background_enable_color=\u201doff\u201d custom_margin=\u201d||||false|false\u201d custom_padding=\u201d80px||80px||true|false\u201d custom_padding_tablet=\u201d50px||50px||true|false\u201d custom_padding_phone=\u201d50px||50px||true|false\u201d locked=\u201doff\u201d collapsed=\u201don\u201d global_colors_info=\u201d{}\u201d][et_pb_row _builder_version=\u201d4.20.4\u2033 _module_preset=\u201ddefault\u201d width_tablet=\u201d90%\u201d width_phone=\u201d90%\u201d width_last_edited=\u201don|tablet\u201d custom_margin=\u201d||||false|false\u201d custom_padding=\u201d0px||0px||false|false\u201d global_colors_info=\u201d{}\u201d][et_pb_column type=\u201d4_4\u2033 _builder_version=\u201d4.20.0\u2033 _module_preset=\u201ddefault\u201d global_colors_info=\u201d{}\u201d][et_pb_text module_class=\u201dunderstanding\u201d _builder_version=\u201d4.23.1\u2033 _module_preset=\u201ddefault\u201d header_2_text_color=\u201d#F05323\u2033 text_orientation=\u201dzentriert\u201d benutzerdefinierter_rand=\u201d0px||20px||falsch|falsch\u201d benutzerdefinierte_polsterung=\u201d||||falsch|falsch\u201d global_colors_info=\u201d{}\u201d]<\/p>\n<h2>F\u00fchren Sie die F\u00fchrung bei der Weiterentwicklung der Erkennung von Mundkrebs<\/h2>\n<p>[\/et_pb_text][et_pb_text _builder_version=\u201d4.23.1\u2033 _module_preset=\u201ddefault\u201d text_font_size=\u201d20px\u201d text_orientation=\u201dcenter\u201d custom_margin=\u201d||0px||false|false\u201d custom_padding=\u201d||0px||false|false\u201d global_colors_info=\u201d{}\u201d]<\/p>\n<p>Vigilant Biosciences\u00ae engagiert sich stark gegen\u00fcber seinen Vertriebspartnern. Wir arbeiten Seite an Seite mit Dentalh\u00e4ndlern, um Praxen auf der ganzen Welt modernste L\u00f6sungen zu liefern und unseren Partnern die Tools zur Verf\u00fcgung zu stellen, die sie ben\u00f6tigen, um Kundenbeziehungen zu verbessern und neue Gesch\u00e4fte zu gewinnen. Als Vertriebspartner ist diese Seite Ihr zentraler Knotenpunkt f\u00fcr Ressourcen und Informationen w\u00e4hrend unserer gesamten Partnerschaft. F\u00fcr spezifische Kommunikations- und Vertriebsanforderungen melden Sie sich bitte unten bei Ihrem H\u00e4ndlerportal-Konto an.<\/p>\n<p>[\/et_pb_text][\/et_pb_column][\/et_pb_row][\/et_pb_section][et_pb_section fb_built=\u201d1\u2033 custom_padding_last_edited=\u201don|tablet\u201d _builder_version=\u201d4.20.4\u2033 _module_preset=\u201ddefault\u201d background_color=\u201drgba(0,142,168,0.1)\u201d width=\u201d100%\u201d max_width=\u201d100%\u201d custom_margin=\u201d||||false|false\u201d custom_padding=\u201d80px||80px||true|false\u201d custom_padding_tablet=\u201d50px||||false|false\u201d custom_padding_phone=\u201d50px||0px||false|false\u201d locked=\u201doff\u201d collapsed=\u201don\u201d global_colors_info=\u201d{}\u201d][et_pb_row custom_padding_last_edited=\u201don|tablet\u201d _builder_version=\u201d4.20.4\u2033 _module_preset=\u201ddefault\u201d width_tablet=\u201d90%\u201d width_phone=\u201d90%\u201d width_last_edited=\u201don|tablet\u201d max_width_tablet=\u201d\u201d max_width_phone=\u201d\u201d max_width_last_edited=\u201don|tablet\u201d custom_padding=\u201d||50px||false|false\u201d custom_padding_tablet=\u201d0px||20px||false|false\u201d custom_padding_phone=\u201d0px||20px||false|false\u201d global_colors_info=\u201d{}\u201d][et_pb_column type=\u201d4_4\u2033 _builder_version=\u201d4.20.0\u2033 _module_preset=\u201ddefault\u201d global_colors_info=\u201d{}\u201d][et_pb_text _builder_version=\u201d4.23.1\u2033 _module_preset=\u201ddefault\u201d text_text_color=\u201d#008EA8\u2033 text_font_size=\u201d24px\u201d header_2_text_color=\u201d#008EA8\u2033 text_orientation=\u201dcenter\u201d custom_margin=\u201d||0px||false|false\u201d global_colors_info=\u201d{}\u201d]<\/p>\n<h2>Vorteile einer Vigilant Biosciences\u00ae-Partnerschaft<\/h2>\n<p>[\/et_pb_text][\/et_pb_column][\/et_pb_row][et_pb_row column_structure=\u201d1_3,1_3,1_3\u2033 _builder_version=\u201d4.23.1\u2033 _module_preset=\u201ddefault\u201d width_tablet=\u201d90%\u201d width_phone=\u201d90%\u201d width_last_edited=\u201don|tablet\u201d global_colors_info=\u201d{}\u201d][et_pb_column type=\u201d1_3\u2033 _builder_version=\u201d4.23.1\u2033 _module_preset=\u201ddefault\u201d global_colors_info=\u201d{}\u201d][et_pb_blurb title=\u201dInnovative L\u00f6sungen\u201d image=\u201dhttps:\/\/vigilantbiosciences.com\/wp-content\/uploads\/vigilant-biosciences-icon.svg\u201d alt=\u201dVigilant Biosciences\u00ae Logo-Symbol\u201d image_icon_width=\u201d72px\u201d _builder_version=\u201d4.23.1\u2033 _module_preset=\u201ddefault\u201d header_level=\u201dh3\u2033 header_text_align=\u201dcenter\u201d header_text_color=\u201d#008EA8\u2033 body_text_align=\u201dcenter\u201d animation=\u201doff\u201d global_colors_info=\u201d{}\u201d]<\/p>\n<p>Als von der FDA als bahnbrechendes Ger\u00e4t eingestuftes Ger\u00e4t steht das BeVigilant OraFusion-System f\u00fcr unsere Mission, an der Spitze der Innovationen im Bereich Mundkrebs zu bleiben. Durch die Partnerschaft mit Vigilant Biosciences\u00ae erh\u00e4lt Ihr Unternehmen exklusiven Zugang zu Spitzenl\u00f6sungen im Bereich der Krebserkennung und positioniert Ihre Marke als Top-Distributor bahnbrechender Technologie.<\/p>\n<p>[\/et_pb_blurb][\/et_pb_column][et_pb_column type=\u201d1_3\u2033 _builder_version=\u201d4.23.1\u2033 _module_preset=\u201ddefault\u201d global_colors_info=\u201d{}\u201d][et_pb_blurb title=\u201dKundenorientierte Innovation\u201d image=\u201dhttps:\/\/vigilantbiosciences.com\/wp-content\/uploads\/vigilant-biosciences-icon.svg\u201d alt=\u201dVigilant Biosciences\u00ae Logo Icon\u201d image_icon_width=\u201d72px\u201d _builder_version=\u201d4.23.1\u2033 _module_preset=\u201ddefault\u201d header_level=\u201dh3\u2033 header_text_align=\u201dcenter\u201d header_text_color=\u201d#008EA8\u2033 body_text_align=\u201dcenter\u201d animation=\u201doff\u201d global_colors_info=\u201d{}\u201d]<\/p>\n<p>Das Team von Vigilant Biosciences\u00ae legt gro\u00dfen Wert auf das Feedback unserer Kunden. Unsere Hauptaufgabe besteht darin, Innovationen zu schaffen, um den Kundenanforderungen gerecht zu werden und unsere Angebote zu verbessern. Vigilant Biosciences\u00ae stellt sicher, dass H\u00e4ndler die Kundenzufriedenheit aufrechterhalten, indem sie schnell und effektiv auf die Kundenbed\u00fcrfnisse eingehen.<\/p>\n<p>[\/et_pb_blurb][\/et_pb_column][et_pb_column type=\u201d1_3\u2033 _builder_version=\u201d4.23.1\u2033 _module_preset=\u201ddefault\u201d global_colors_info=\u201d{}\u201d][et_pb_blurb title=\u201dErweiterte Produktlinie\u201d image=\u201dhttps:\/\/vigilantbiosciences.com\/wp-content\/uploads\/vigilant-biosciences-icon.svg\u201d alt=\u201dVigilant Biosciences\u00ae Logo Icon\u201d image_icon_width=\u201d72px\u201d _builder_version=\u201d4.23.1\u2033 _module_preset=\u201ddefault\u201d header_level=\u201dh3\u2033 header_text_align=\u201dcenter\u201d header_text_color=\u201d#008EA8\u2033 body_text_align=\u201dcenter\u201d animation=\u201doff\u201d global_colors_info=\u201d{}\u201d]<\/p>\n<p>Als unser Flaggschiffprodukt ist das BeVigilant OraFusion System nur die erste L\u00f6sung, die unser Team aus Branchenf\u00fchrern in den Bereichen Zahnmedizin, Onkologie und Gesundheitsdiagnostik entwickelt hat. Indem Vigilant Biosciences\u00ae auf dem neuesten Stand der Fr\u00fcherkennungsl\u00f6sungen f\u00fcr Krebs und andere Krankheiten bleibt, kann es Ihrem Unternehmen helfen, neue Kundenst\u00e4mme zu erschlie\u00dfen und sich mit bahnbrechenden Produktangeboten abzuheben.<\/p>\n<p>[\/et_pb_blurb][\/et_pb_column][\/et_pb_row][\/et_pb_section][et_pb_section fb_built=\u201d1\u2033 custom_padding_last_edited=\u201don|tablet\u201d _builder_version=\u201d4.23.1\u2033 _module_preset=\u201ddefault\u201d background_enable_color=\u201doff\u201d width=\u201d100%\u201d max_width=\u201d100%\u201d custom_margin=\u201d||||false|false\u201d custom_padding=\u201d80px||80px||true|false\u201d custom_padding_tablet=\u201d50px||||false|false\u201d custom_padding_phone=\u201d50px||0px||false|false\u201d locked=\u201doff\u201d collapsed=\u201don\u201d global_colors_info=\u201d{}\u201d][et_pb_row custom_padding_last_edited=\u201dauf|Tablet\u201d _builder_version=\u201d4.23.1\u2033 _module_preset=\u201ddefault\u201d width_tablet=\u201d90%\u201d width_phone=\u201d90%\u201d width_last_edited=\u201dauf|Tablet\u201d max_width_tablet=\u201d\u201d max_width_phone=\u201d\u201d max_width_last_edited=\u201dauf|Tablet\u201d custom_padding=\u201d||0px||false|false\u201d custom_padding_tablet=\u201d0px||20px||false|false\u201d custom_padding_phone=\u201d0px||20px||false|false\u201d global_colors_info=\u201d{}\u201d][et_pb_column type=\u201d4_4\u2033 _builder_version=\u201d4.20.0\u2033 _module_preset=\u201ddefault\u201d global_colors_info=\u201d{}\u201d][et_pb_text _builder_version=\u201d4.23.1\u2033 _module_preset=\u201ddefault\u201d text_text_color=\u201d#008EA8\u2033 text_font_size=\u201d24px\u201d header_2_text_color=\u201d#F05323\u2033 text_orientation=\u201dcenter\u201d custom_margin=\u201d||20px||false|false\u201d global_colors_info=\u201d{}\u201d]<\/p>\n<h2>Sichere Verbindung \u00fcber unser Vertriebsportal<\/h2>\n<p>[\/et_pb_text][et_pb_text _builder_version=\u201d4.23.1\u2033 _module_preset=\u201ddefault\u201d text_font_size=\u201d20px\u201d text_orientation=\u201dcenter\u201d custom_margin=\u201d||0px||false|false\u201d custom_padding=\u201d||0px||false|false\u201d global_colors_info=\u201d{}\u201d]<\/p>\n<p>Vigilant Biosciences\u00ae nutzt ein hochsicheres, passwortgesch\u00fctztes Portal als prim\u00e4ren Kontaktpunkt f\u00fcr potenzielle und zugelassene Vertriebspartner. Ihr Konto verf\u00fcgt \u00fcber einen eindeutigen Benutzernamen und ein Passwort, wodurch ein sicherer und kontrollierter Zugriff auf alle Vertriebsinformationen und Logistik gew\u00e4hrleistet ist.<\/p>\n<p>Wenn Sie ein neuer Vertriebspartner sind und Zugang zum Portal anfordern m\u00fcssen, senden Sie bitte eine E-Mail <a href=\"mailto:customerservice@vigilantbiosciences.com\">customerservice@vigilantbiosciences.com<\/a> mit Ihrem vollst\u00e4ndigen Namen, Firmendaten und Kontaktinformationen. Alternativ k\u00f6nnen Sie f\u00fcr die \u00dcbermittlung Ihrer Anfrage auch das untenstehende Formular nutzen.<\/p>\n<p>[\/et_pb_text][et_pb_text _builder_version=\u201d4.23.1\u2033 _module_preset=\u201ddefault\u201d header_4_text_align=\u201dcenter\u201d custom_margin=\u201d30px||||false|false\u201d global_colors_info=\u201d{}\u201d]<\/p>\n<h4>Klicken Sie unten, um auf das H\u00e4ndlerportal zuzugreifen.<\/h4>\n<p>[\/et_pb_text][et_pb_button button_url=\u201dhttps:\/\/vigilantbiosciencescom.sharepoint.com\/sites\/Distributor-Portal\u201d url_new_window=\u201don\u201d button_text=\u201dZugriffsportal\u201d button_alignment=\u201dcenter\u201d _builder_version=\u201d4.23.1\u2033 _module_preset=\u201ddefault\u201d custom_button=\u201don\u201d button_text_size=\u201d16px\u201d button_text_color=\u201d#008EA8\u2033 button_border_width=\u201d2px\u201d button_border_color=\u201d#008EA8\u2033 button_border_radius=\u201d50px\u201d button_letter_spacing=\u201d1px\u201d button_use_icon=\u201doff\u201d custom_margin=\u201d|||30px|false|false\u201d custom_margin_tablet=\u201d||10px|0px|false|false\u201d custom_margin_phone=\u201d|||0px|false|false\u201d custom_margin_last_edited=\u201dauf|Tablet\u201d custom_padding=\u201d8px|30px|8px|30px|true|true\u201d global_colors_info=\u201d{}\u201d button_text_color__hover=\u201d#FFFFFF\u201d button_text_color__hover_enabled=\u201dauf|Hover\u201d button_bg_color__hover=\u201d#008EA8\u2033 button_bg_color__hover_enabled=\u201dauf|Hover\u201d][\/et_pb_button][\/et_pb_column][\/et_pb_row][\/et_pb_section][et_pb_section fb_built=\u201d1\u2033 custom_padding_last_edited=\u201dauf|Telefon\u201d _builder_version=\u201d4.20.4\u2033 _module_preset=\u201dStandard\u201d Hintergrundfarbe=\u201drgba(0,142,168,0.1)\u201d custom_padding=\u201d70px||70px||true|false\u201d custom_padding_tablet=\u201d70px||70px||true|false\u201d custom_padding_phone=\u201d50px||50px||true|false\u201d collapsed=\u201dauf\u201d global_colors_info=\u201d{}\u201d][et_pb_row custom_padding_last_edited=\u201dauf|Telefon\u201d _builder_version=\u201d4.20.4\u2033 _module_preset=\u201dStandard\u201d width_tablet=\u201d90%\u201d width_phone=\u201d90%\u201d width_last_edited=\u201don|phone\u201d custom_padding_tablet=\u201d0px||0px||true|false\u201d custom_padding_phone=\u201d0px||0px||true|false\u201d global_colors_info=\u201d{}\u201d][et_pb_column type=\u201d4_4\u2033 _builder_version=\u201d4.20.4\u2033 _module_preset=\u201ddefault\u201d global_colors_info=\u201d{}\u201d][et_pb_text _builder_version=\u201d4.23.1\u2033 _module_preset=\u201ddefault\u201d text_text_color=\u201d#008EA8\u2033 text_font_size=\u201d24px\u201d header_2_text_color=\u201d#008EA8\u2033 text_orientation=\u201dcenter\u201d custom_margin=\u201d||20px||false|false\u201d global_colors_info=\u201d{}\u201d]<\/p>\n<h2>\u00a0Werden Sie Vigilant Biosciences\u00ae-Partner<\/h2>\n<p>[\/et_pb_text][et_pb_text _builder_version=\u201d4.23.1\u2033 _module_preset=\u201ddefault\u201d text_font_size=\u201d20px\u201d text_orientation=\u201dcenter\u201d custom_margin=\u201d||50px||false|false\u201d custom_padding=\u201d||0px||false|false\u201d global_colors_info=\u201d{}\u201d]<\/p>\n<p>Erfahren Sie mehr \u00fcber die Partnerschaft mit Vigilant Biosciences\u00ae.<\/p>\n<p>[\/et_pb_text][\/et_pb_column][\/et_pb_row][et_pb_row _builder_version=\u201d4.20.0\u2033 _module_preset=\u201ddefault\u201d width_tablet=\u201d90%\u201d width_phone=\u201d90%\u201d width_last_edited=\u201don|tablet\u201d max_width=\u201d700px\u201d max_width_tablet=\u201d700px\u201d max_width_phone=\u201d700px\u201d max_width_last_edited=\u201don|tablet\u201d locked=\u201doff\u201d global_colors_info=\u201d{}\u201d][et_pb_column type=\u201d4_4\u2033 _builder_version=\u201d4.20.0\u2033 _module_preset=\u201ddefault\u201d global_colors_info=\u201d{}\u201d][et_pb_code _builder_version=\u201d4.23.1\u2033 _module_preset=\u201ddefault\u201d global_colors_info=\u201d{}\u201d]<script charset=\"utf-8\" type=\"text\/javascript\" src=\"\/\/js.hsforms.net\/forms\/embed\/v2.js\"><\/script><!-- [et_pb_line_break_holder] --><script><!-- [et_pb_line_break_holder] -->  hbspt.forms.create({<!-- [et_pb_line_break_holder] -->    region: \"na1\",<!-- [et_pb_line_break_holder] -->    portalId: \"23572199\",<!-- [et_pb_line_break_holder] -->    formId: \"87e99d07-5a71-467c-b9ea-86ee3a08ae35\"<!-- [et_pb_line_break_holder] -->  });<!-- [et_pb_line_break_holder] --><\/script>[\/et_pb_code][\/et_pb_column][\/et_pb_row][\/et_pb_section]<\/p>","protected":false},"excerpt":{"rendered":"<p>Ressourcen f\u00fcr Vertriebspartner F\u00fchrend bei der Weiterentwicklung der Erkennung von MundkrebsVigilant Biosciences\u00ae engagiert sich stark gegen\u00fcber seinen Vertriebspartnern. Wir arbeiten Seite an Seite mit Dentalh\u00e4ndlern, um Praxen auf der ganzen Welt modernste L\u00f6sungen zu liefern und unseren Partnern die Tools zur Verf\u00fcgung zu stellen, die sie ben\u00f6tigen, um Kundenbeziehungen zu verbessern und neue Gesch\u00e4fte zu gewinnen. Als Distributor ist diese Seite Ihre zentrale [\u2026]<\/p>","protected":false},"author":9,"featured_media":0,"parent":0,"menu_order":0,"comment_status":"closed","ping_status":"closed","template":"","meta":{"_et_pb_use_builder":"on","_et_pb_old_content":"","_et_gb_content_width":"","inline_featured_image":false,"footnotes":""},"class_list":["post-731","page","type-page","status-publish","hentry"],"yoast_head":"<!-- This site is optimized with the Yoast SEO plugin v22.1 - https:\/\/yoast.com\/wordpress\/plugins\/seo\/ -->\n<title>Distributor Updates - Vigilant Biosciences\u00ae<\/title>\n<meta name=\"robots\" content=\"index, follow, max-snippet:-1, max-image-preview:large, max-video-preview:-1\" \/>\n<link rel=\"canonical\" href=\"https:\/\/vigilantbiosciences.com\/de\/distributor-updates\/\" \/>\n<meta property=\"og:locale\" content=\"de_DE\" \/>\n<meta property=\"og:type\" content=\"article\" \/>\n<meta property=\"og:title\" content=\"Distributor Updates - Vigilant Biosciences\u00ae\" \/>\n<meta property=\"og:description\" content=\"Patient Resources Understanding the Risk of Oral CancerThe Impact of Oral Cancer In the US alone, oral cancer kills an average one person per hour, 24 hours per day.1Oral cancer is a global challenge with more than 657,000 cases and nearly 330,000 deaths each year1Worldwide 5-year survival rate is only 50% due to delayed intervention [&hellip;]\" \/>\n<meta property=\"og:url\" content=\"https:\/\/vigilantbiosciences.com\/de\/distributor-updates\/\" \/>\n<meta property=\"og:site_name\" content=\"Vigilant Biosciences\u00ae\" \/>\n<meta property=\"article:publisher\" content=\"https:\/\/www.facebook.com\/VigilantBiosciences1\" \/>\n<meta property=\"article:modified_time\" content=\"2024-08-07T18:48:57+00:00\" \/>\n<meta name=\"twitter:card\" content=\"summary_large_image\" \/>\n<script type=\"application\/ld+json\" class=\"yoast-schema-graph\">{\"@context\":\"https:\/\/schema.org\",\"@graph\":[{\"@type\":\"WebPage\",\"@id\":\"https:\/\/vigilantbiosciences.com\/distributor-updates\/\",\"url\":\"https:\/\/vigilantbiosciences.com\/distributor-updates\/\",\"name\":\"Distributor Updates - Vigilant Biosciences\u00ae\",\"isPartOf\":{\"@id\":\"https:\/\/vigilantbiosciences.com\/#website\"},\"datePublished\":\"2024-08-06T20:43:40+00:00\",\"dateModified\":\"2024-08-07T18:48:57+00:00\",\"breadcrumb\":{\"@id\":\"https:\/\/vigilantbiosciences.com\/distributor-updates\/#breadcrumb\"},\"inLanguage\":\"de-DE\",\"potentialAction\":[{\"@type\":\"ReadAction\",\"target\":[\"https:\/\/vigilantbiosciences.com\/distributor-updates\/\"]}]},{\"@type\":\"BreadcrumbList\",\"@id\":\"https:\/\/vigilantbiosciences.com\/distributor-updates\/#breadcrumb\",\"itemListElement\":[{\"@type\":\"ListItem\",\"position\":1,\"name\":\"Home\",\"item\":\"https:\/\/vigilantbiosciences.com\/\"},{\"@type\":\"ListItem\",\"position\":2,\"name\":\"Distributor Updates\"}]},{\"@type\":\"WebSite\",\"@id\":\"https:\/\/vigilantbiosciences.com\/#website\",\"url\":\"https:\/\/vigilantbiosciences.com\/\",\"name\":\"Vigilant Biosciences\u00ae\",\"description\":\"\",\"publisher\":{\"@id\":\"https:\/\/vigilantbiosciences.com\/#organization\"},\"potentialAction\":[{\"@type\":\"SearchAction\",\"target\":{\"@type\":\"EntryPoint\",\"urlTemplate\":\"https:\/\/vigilantbiosciences.com\/?s={search_term_string}\"},\"query-input\":\"required name=search_term_string\"}],\"inLanguage\":\"de-DE\"},{\"@type\":\"Organization\",\"@id\":\"https:\/\/vigilantbiosciences.com\/#organization\",\"name\":\"Vigilant Biosciences\u00ae\",\"url\":\"https:\/\/vigilantbiosciences.com\/\",\"logo\":{\"@type\":\"ImageObject\",\"inLanguage\":\"de-DE\",\"@id\":\"https:\/\/vigilantbiosciences.com\/#\/schema\/logo\/image\/\",\"url\":\"https:\/\/vigilantbiosciences.com\/wp-content\/uploads\/vigilant-logo-horizontal.svg\",\"contentUrl\":\"https:\/\/vigilantbiosciences.com\/wp-content\/uploads\/vigilant-logo-horizontal.svg\",\"width\":\"1024\",\"height\":\"1024\",\"caption\":\"Vigilant Biosciences\u00ae\"},\"image\":{\"@id\":\"https:\/\/vigilantbiosciences.com\/#\/schema\/logo\/image\/\"},\"sameAs\":[\"https:\/\/www.facebook.com\/VigilantBiosciences1\",\"https:\/\/www.linkedin.com\/company\/vigilant-biosciences\/\"]}]}<\/script>\n<!-- \/ Yoast SEO plugin. -->","yoast_head_json":{"title":"Distributor Updates - Vigilant Biosciences\u00ae","robots":{"index":"index","follow":"follow","max-snippet":"max-snippet:-1","max-image-preview":"max-image-preview:large","max-video-preview":"max-video-preview:-1"},"canonical":"https:\/\/vigilantbiosciences.com\/de\/distributor-updates\/","og_locale":"de_DE","og_type":"article","og_title":"Distributor Updates - Vigilant Biosciences\u00ae","og_description":"Patient Resources Understanding the Risk of Oral CancerThe Impact of Oral Cancer In the US alone, oral cancer kills an average one person per hour, 24 hours per day.1Oral cancer is a global challenge with more than 657,000 cases and nearly 330,000 deaths each year1Worldwide 5-year survival rate is only 50% due to delayed intervention [&hellip;]","og_url":"https:\/\/vigilantbiosciences.com\/de\/distributor-updates\/","og_site_name":"Vigilant Biosciences\u00ae","article_publisher":"https:\/\/www.facebook.com\/VigilantBiosciences1","article_modified_time":"2024-08-07T18:48:57+00:00","twitter_card":"summary_large_image","schema":{"@context":"https:\/\/schema.org","@graph":[{"@type":"WebPage","@id":"https:\/\/vigilantbiosciences.com\/distributor-updates\/","url":"https:\/\/vigilantbiosciences.com\/distributor-updates\/","name":"Distributor Updates - Vigilant Biosciences\u00ae","isPartOf":{"@id":"https:\/\/vigilantbiosciences.com\/#website"},"datePublished":"2024-08-06T20:43:40+00:00","dateModified":"2024-08-07T18:48:57+00:00","breadcrumb":{"@id":"https:\/\/vigilantbiosciences.com\/distributor-updates\/#breadcrumb"},"inLanguage":"de-DE","potentialAction":[{"@type":"ReadAction","target":["https:\/\/vigilantbiosciences.com\/distributor-updates\/"]}]},{"@type":"BreadcrumbList","@id":"https:\/\/vigilantbiosciences.com\/distributor-updates\/#breadcrumb","itemListElement":[{"@type":"ListItem","position":1,"name":"Home","item":"https:\/\/vigilantbiosciences.com\/"},{"@type":"ListItem","position":2,"name":"Distributor Updates"}]},{"@type":"WebSite","@id":"https:\/\/vigilantbiosciences.com\/#website","url":"https:\/\/vigilantbiosciences.com\/","name":"Vigilant Biosciences\u00ae","description":"","publisher":{"@id":"https:\/\/vigilantbiosciences.com\/#organization"},"potentialAction":[{"@type":"SearchAction","target":{"@type":"EntryPoint","urlTemplate":"https:\/\/vigilantbiosciences.com\/?s={search_term_string}"},"query-input":"required name=search_term_string"}],"inLanguage":"de-DE"},{"@type":"Organization","@id":"https:\/\/vigilantbiosciences.com\/#organization","name":"Vigilant Biosciences\u00ae","url":"https:\/\/vigilantbiosciences.com\/","logo":{"@type":"ImageObject","inLanguage":"de-DE","@id":"https:\/\/vigilantbiosciences.com\/#\/schema\/logo\/image\/","url":"https:\/\/vigilantbiosciences.com\/wp-content\/uploads\/vigilant-logo-horizontal.svg","contentUrl":"https:\/\/vigilantbiosciences.com\/wp-content\/uploads\/vigilant-logo-horizontal.svg","width":"1024","height":"1024","caption":"Vigilant Biosciences\u00ae"},"image":{"@id":"https:\/\/vigilantbiosciences.com\/#\/schema\/logo\/image\/"},"sameAs":["https:\/\/www.facebook.com\/VigilantBiosciences1","https:\/\/www.linkedin.com\/company\/vigilant-biosciences\/"]}]}},"_links":{"self":[{"href":"https:\/\/vigilantbiosciences.com\/de\/wp-json\/wp\/v2\/pages\/731","targetHints":{"allow":["GET"]}}],"collection":[{"href":"https:\/\/vigilantbiosciences.com\/de\/wp-json\/wp\/v2\/pages"}],"about":[{"href":"https:\/\/vigilantbiosciences.com\/de\/wp-json\/wp\/v2\/types\/page"}],"author":[{"embeddable":true,"href":"https:\/\/vigilantbiosciences.com\/de\/wp-json\/wp\/v2\/users\/9"}],"replies":[{"embeddable":true,"href":"https:\/\/vigilantbiosciences.com\/de\/wp-json\/wp\/v2\/comments?post=731"}],"version-history":[{"count":0,"href":"https:\/\/vigilantbiosciences.com\/de\/wp-json\/wp\/v2\/pages\/731\/revisions"}],"wp:attachment":[{"href":"https:\/\/vigilantbiosciences.com\/de\/wp-json\/wp\/v2\/media?parent=731"}],"curies":[{"name":"wp","href":"https:\/\/api.w.org\/{rel}","templated":true}]}}