{"id":721,"date":"2024-08-06T20:30:32","date_gmt":"2024-08-06T20:30:32","guid":{"rendered":"https:\/\/vigilantbiosciences.com\/?page_id=721"},"modified":"2024-08-07T18:41:14","modified_gmt":"2024-08-07T18:41:14","slug":"provider-resources-updates","status":"publish","type":"page","link":"https:\/\/vigilantbiosciences.com\/de\/aktualisierungen-der-anbieterressourcen\/","title":{"rendered":"Updates zu Anbieterressourcen"},"content":{"rendered":"<p>[et_pb_section fb_built=\u201d1\u2033 custom_padding_last_edited=\u201dan|Telefon\u201d _builder_version=\u201d4.24.0\u2033 _module_preset=\u201ddefault\u201d use_background_color_gradient=\u201dan\u201d background_color_gradient_stops=\u201drgba(0,142,168,0.59) 0%|rgba(0,142,168,0.5) 100%\u201d background_image=\u201dhttps:\/\/vigilantbiosciences.com\/wp-content\/uploads\/test-1.png\u201d custom_padding=\u201d100px||100px||true|false\u201d custom_padding_tablet=\u201d80px||80px||true|false\u201d custom_padding_phone=\u201d50px||50px||true|false\u201d locked=\u201daus\u201d global_colors_info=\u201d{}\u201d][et_pb_row _builder_version=\u201d4.20.0\u2033 _module_preset=\u201ddefault\u201d global_colors_info=\u201d{}\u201d][et_pb_column type=\u201d4_4\u2033 _builder_version=\u201d4.20.0\u2033 _module_preset=\u201ddefault\u201d global_colors_info=\u201d{}\u201d][et_pb_text _builder_version=\u201d4.20.4\u2033 _module_preset=\u201ddefault\u201d text_font_size=\u201d30px\u201d header_font=\u201d|600|||||||\u201d header_letter_spacing=\u201d-3px\u201d text_orientation=\u201dcenter\u201d background_layout=\u201ddark\u201d global_colors_info=\u201d{}\u201d]<\/p>\n<h1>Ressourcen f\u00fcr Dienstleister<\/h1>\n<p>[\/et_pb_text][\/et_pb_column][\/et_pb_row][\/et_pb_section][et_pb_section fb_built=\u201c1\u2033 _builder_version=\u201c4.20.2\u201c _module_preset=\u201cdefault\u201c background_color=\u201c#EBEBEB\u201c custom_padding=\u201c30px||30px||true |false\u201c lock=\u201coff\u201c global_colors_info=\u201c{}\u201c][et_pb_row _builder_version=\u201c4.20.2\u2033 _module_preset=\u201cdefault\u201c global_colors_info=\u201c{}\u201c][et_pb_column type=\u201c4_4\u2033 _builder_version=\u201c4.20.2\u201c _module_preset=\u201cdefault\u201c global_colors_info=\u201c{}\u201c][et_pb_text _builder_version=\u201c4.20.4\u2033 _module_preset=\u201cdefault\u201c text_text_color=\u201c#707272\u2033 text_orientation=\u201ccenter\u201c global_colors_info=\u201c{}\u201c]<\/p>\n<p><span style=\"color: #f05323;\">FDA-Zulassung f\u00fcr Breakthrough Device Designation erhalten<\/span><\/p>\n<p>Das BeVigilant\u2122 OraFusion\u2122 System** ist in den USA nicht zum Verkauf verf\u00fcgbar<\/p>\n<p>[\/et_pb_text][\/et_pb_column][\/et_pb_row][\/et_pb_section][et_pb_section fb_built=\u201c1\u2033 custom_padding_last_edited=\u201con|phone\u201c _builder_version=\u201c4.20.4\u201c _module_preset=\u201cdefault\u201c custom_padding=\u201c70px||70px| |true|false\u201c custom_padding_tablet=\u201c70px||70px||true|false\u201c custom_padding_phone=\u201c50px||50px||true|false\u201c global_colors_info=\u201c{}\u201c][et_pb_row _builder_version=\u201c4.20.4\u2033 _module_preset=\u201c default\u201c width_tablet=\u201c90%\u201c width_phone=\u201c90%\u201c width_last_edited=\u201con|tablet\u201c custom_padding=\u201c0px||0px||true|false\u201c global_colors_info=\u201c{}\u201c][et_pb_column type=\u201c4_4\u2033 _builder_version=\u201c4.20 .4\u2033 _module_preset=\u201cdefault\u201c global_colors_info=\u201c{}\u201c][et_pb_text _builder_version=\u201c4.23.1\u2033 _module_preset=\u201cdefault\u201c text_orientation=\u201ccenter\u201c global_colors_info=\u201c{}\u201c]<\/p>\n<h2>Gebrauchsanweisung f\u00fcr das BeVigilant OraFusion-System<\/h2>\n<p>[\/et_pb_text][et_pb_blurb alt=\u201dOra-3D IFU\u201d icon_placement=\u201dleft\u201d image_icon_width=\u201d200%\u201d content_max_width=\u201d600px\u201d module_class=\u201difu\u201d _builder_version=\u201d4.24.2\u2033 _module_preset=\u201ddefault\u201d header_level=\u201dh3\u2033 custom_margin=\u201d||60px||false|false\u201d animation=\u201doff\u201d global_colors_info=\u201d{}\u201d]<\/p>\n<h3 style=\"text-align: center;\">Laden Sie die Gebrauchsanweisung f\u00fcr Ora-3D\u2122 herunter<\/h3>\n<p style=\"text-align: center;\">Lesen Sie die Gebrauchsanweisung (IFU), um mehr \u00fcber die BeVigilant Ora-3D-Technologie und die Bedienung des Systems zu erfahren.<\/p>\n<p style=\"text-align: center;\"><span><a href=\"https:\/\/vigilantbiosciences.com\/wp-content\/uploads\/3600006-Rev-H-IFU-Ora-3D_nocrops.pdf\" class=\"pa-blurb-button\" target=\"_blank\" rel=\"noopener\">Herunterladen<\/a><\/span><\/p>\n<p>[\/et_pb_blurb][et_pb_blurb alt=\u201dReader-Gebrauchsanweisung\u201d icon_placement=\u201dleft\u201d image_icon_width=\u201d200%\u201d content_max_width=\u201d600px\u201d module_class=\u201difu\u201d _builder_version=\u201d4.24.2\u2033 _module_preset=\u201ddefault\u201d header_level=\u201dh3\u2033 animation=\u201doff\u201d global_colors_info=\u201d{}\u201d]<\/p>\n<h3 style=\"text-align: center;\">Laden Sie die Gebrauchsanweisung f\u00fcr den BeVigilant Reader herunter<\/h3>\n<p style=\"text-align: center;\">Lesen Sie die Gebrauchsanweisung, um mehr \u00fcber die BeVigilant Reader-Technologie zu erfahren und die genauesten Ergebnisse zu erhalten.<\/p>\n<p style=\"text-align: center;\"><span><a href=\"https:\/\/vigilantbiosciences.com\/wp-content\/uploads\/3600002-Rev-K-IFU-BeVigilant-Reader_nocrops.pdf\" class=\"pa-blurb-button\" target=\"_blank\" rel=\"noopener\">Herunterladen<\/a><\/span><\/p>\n<p>[\/et_pb_blurb][et_pb_text _builder_version=\u201d4.24.2\u2033 _module_preset=\u201ddefault\u201d text_orientation=\u201dcenter\u201d custom_margin=\u201d100px||||false|false\u201d hover_enabled=\u201d0\u2033 global_colors_info=\u201d{}\u201d sticky_enabled=\u201d0\u2033]<\/p>\n<h2>BeVigilant OraFusion System Schulung &amp; Zertifizierung<\/h2>\n<p>[\/et_pb_text][et_pb_image src=\u201dhttps:\/\/vigilantbiosciences.com\/wp-content\/uploads\/Orafusion-System.png\u201d title_text=\u201dOrafusion-System\u201d align=\u201dcenter\u201d _builder_version=\u201d4.24.0\u2033 _module_preset=\u201ddefault\u201d width=\u201d25%\u201d max_width=\u201d25%\u201d global_colors_info=\u201d{}\u201d][\/et_pb_image][et_pb_button button_url=\u201d@ET-DC@eyJkeW5hbWljIjp0cnVlLCJjb250ZW50IjoicG9zdF9saW5rX3VybF9wYWdlIiwic2V0dGluZ3MiOnsicG9zdF9pZCI6IjI1MyJ9fQ==@\u201d button_text=\u201dTraining beginnen\u201d button_alignment=\u201dcenter\u201d _builder_version=\u201d4.21.2\u2033 _dynamic_attributes=\u201dbutton_url\u201d _module_preset=\u201ddefault\u201d custom_button=\u201don\u201d button_text_size=\u201d16px\u201d button_text_color=\u201d#008EA8\u2033 button_border_width=\u201d2px\u201d button_border_color=\u201d#008EA8\u2033 button_border_radius=\u201d50px\u201d button_letter_spacing=\u201d1px\u201d button_use_icon=\u201doff\u201d custom_margin=\u201d0px||0px||false|false\u201d custom_padding=\u201d8px|30px|8px|30px|true|true\u201d global_colors_info=\u201d{}\u201d button_text_color__hover=\u201d#FFFFFF\u201d button_text_color__hover_enabled=\u201dan|hover\u201d button_bg_color__hover=\u201d#008EA8\u2033 button_bg_color__hover_enabled=\u201dan|hover\u201d][\/et_pb_button][\/et_pb_column][\/et_pb_row][\/et_pb_section][et_pb_section fb_built=\u201d1\u2033 custom_padding_last_edited=\u201dan|desktop\u201d _builder_version=\u201d4.20.4\u2033 _module_preset=\u201ddefault\u201d background_color=\u201drgba(0,142,168,0.1)\u201d custom_margin=\u201d||||false|false\u201d custom_padding=\u201d150px||150px||true|false\u201d custom_padding_tablet=\u201d150px||150px||true|false\u201d custom_padding_phone=\u201d100px||100px||true|false\u201d gesperrt=\u201daus\u201d global_colors_info=\u201d{}\u201d][et_pb_row _builder_version=\u201d4.20.0\u2033 _module_preset=\u201ddefault\u201d width=\u201d90%\u201d custom_padding=\u201d0px||0px||true|false\u201d global_colors_info=\u201d{}\u201d][et_pb_column type=\u201d4_4\u2033 _builder_version=\u201d4.20.0\u2033 _module_preset=\u201ddefault\u201d global_colors_info=\u201d{}\u201d][et_pb_text module_class=\u201ddemn\u00e4chst verf\u00fcgbar\u201d _builder_version=\u201d4.22.1\u2033 _module_preset=\u201dStandard\u201d header_2_text_color=\u201d#008EA8\u2033 header_2_font_size=\u201d50px\u201d text_orientation=\u201dzentriert\u201d global_colors_info=\u201d{}\u201d]<\/p>\n<h2>Laden Sie unsere White Papers herunter<\/h2>\n<p>[\/et_pb_text][\/et_pb_column][\/et_pb_row][et_pb_row _builder_version=\u201c4.20.0\u201c _module_preset=\u201cdefault\u201c width_tablet=\u201c90%\u201c width_phone=\u201c90%\u201c width_last_edited=\u201con|tablet\u201c max_width=\u201c700px\u201c max_width_table t= \u201e700px\u201c max_width_phone=\u201c700px\u201c max_width_last_edited=\u201con|tablet\u201c Locked=\u201coff\u201c global_colors_info=\u201c{}\u201c][et_pb_column type=\u201c4_4\u201c _builder_version=\u201c4.20.0\u201c _module_preset=\u201cdefault\u201c global_colors_info=\u201c{ }\u201c][et_pb_code _builder_version=\u201c4.21.0\u201c _module_preset=\u201cdefault\u201c global_colors_info=\u201c{}\u201c]<!-- [et_pb_line_break_holder] -->    <iframe<!--___noise___ 1012--&gt; id=\u201cJotFormIFrame-230595135701149\u201c<!-- [et_pb_line_break_holder] -->      title=\u201cWachsam \u2013 Whitepaper herunterladen\u201c<!-- [et_pb_line_break_holder] -->      Allowtransparency=\u201ctrue\u201c<!-- [et_pb_line_break_holder] -->      allowfullscreen=\u201ctrue\u201c<!-- [et_pb_line_break_holder] -->      erlauben=\u201cgeolocation; Mikrofon; Kamera&quot;<!-- [et_pb_line_break_holder] -->      src=\u201chttps:\/\/form.jotform.com\/230595135701149\u2033<!-- [et_pb_line_break_holder] -->      Frameborder = \u201e0\u201c<!-- [et_pb_line_break_holder] -->      style=\u201cmin-width:100%;max-width:100%;height:539px;border:none;\u201c<!-- [et_pb_line_break_holder] -->      scrollen=\u201cnein\u201c<!-- [et_pb_line_break_holder] -->    ><!-- [et_pb_line_break_holder] -->    <\/iframe><!-- [et_pb_line_break_holder] -->    <script type=\"text\/javascript\"><!-- [et_pb_line_break_holder] -->    var ifr = document.getElementById(\"JotFormIFrame-230595135701149\");<!-- [et_pb_line_break_holder] -->    if (ifr) {<!-- [et_pb_line_break_holder] -->      var src = ifr.src;<!-- [et_pb_line_break_holder] -->      var iframeParams = [];<!-- [et_pb_line_break_holder] -->      if (window.location.href && window.location.href.indexOf(\"?\") > -1) {<!-- [et_pb_line_break_holder] -->        iframeParams = iframeParams.concat(window.location.href.substr(window.location.href.indexOf(\"?\") + 1).split('&'));<!-- [et_pb_line_break_holder] -->      }<!-- [et_pb_line_break_holder] -->      if (src && src.indexOf(\"?\") > -1) {<!-- [et_pb_line_break_holder] -->        iframeParams = iframeParams.concat(src.substr(src.indexOf(\"?\") + 1).split(\"&\"));<!-- [et_pb_line_break_holder] -->        src = src.substr(0, src.indexOf(\"?\"))<!-- [et_pb_line_break_holder] -->      }<!-- [et_pb_line_break_holder] -->      iframeParams.push(\"isIframeEmbed=1\");<!-- [et_pb_line_break_holder] -->      ifr.src = src + \"?\" + iframeParams.join('&');<!-- [et_pb_line_break_holder] -->    }<!-- [et_pb_line_break_holder] -->    window.handleIFrameMessage = function(e) {<!-- [et_pb_line_break_holder] -->      if (typeof e.data === 'object') { return; }<!-- [et_pb_line_break_holder] -->      var args = e.data.split(\":\");<!-- [et_pb_line_break_holder] -->      if (args.length > 2) { iframe = document.getElementById(\"JotFormIFrame-\" + args[(args.length - 1)]); } else { iframe = document.getElementById(\"JotFormIFrame\"); }<!-- [et_pb_line_break_holder] -->      if (!iframe) { return; }<!-- [et_pb_line_break_holder] -->      switch (args[0]) {<!-- [et_pb_line_break_holder] -->        case \"scrollIntoView\":<!-- [et_pb_line_break_holder] -->          iframe.scrollIntoView();<!-- [et_pb_line_break_holder] -->          break;<!-- [et_pb_line_break_holder] -->        case \"setHeight\":<!-- [et_pb_line_break_holder] -->          iframe.style.height = args[1] + \"px\";<!-- [et_pb_line_break_holder] -->          if (!isNaN(args[1]) && parseInt(iframe.style.minHeight) > parseInt(args[1])) {<!-- [et_pb_line_break_holder] -->            iframe.style.minHeight = args[1] + \"px\";<!-- [et_pb_line_break_holder] -->          }<!-- [et_pb_line_break_holder] -->          break;<!-- [et_pb_line_break_holder] -->        case \"collapseErrorPage\":<!-- [et_pb_line_break_holder] -->          if (iframe.clientHeight > window.innerHeight) {<!-- [et_pb_line_break_holder] -->            iframe.style.height = window.innerHeight + \"px\";<!-- [et_pb_line_break_holder] -->          }<!-- [et_pb_line_break_holder] -->          break;<!-- [et_pb_line_break_holder] -->        case \"reloadPage\":<!-- [et_pb_line_break_holder] -->          window.location.reload();<!-- [et_pb_line_break_holder] -->          break;<!-- [et_pb_line_break_holder] -->        case \"loadScript\":<!-- [et_pb_line_break_holder] -->          if( !window.isPermitted(e.origin, ['jotform.com', 'jotform.pro']) ) { break; }<!-- [et_pb_line_break_holder] -->          var src = args[1];<!-- [et_pb_line_break_holder] -->          if (args.length > 3) {<!-- [et_pb_line_break_holder] -->              src = args[1] + ':' + args[2];<!-- [et_pb_line_break_holder] -->          }<!-- [et_pb_line_break_holder] -->          var script = document.createElement('script');<!-- [et_pb_line_break_holder] -->          script.src = src;<!-- [et_pb_line_break_holder] -->          script.type = 'text\/javascript';<!-- [et_pb_line_break_holder] -->          document.body.appendChild(script);<!-- [et_pb_line_break_holder] -->          break;<!-- [et_pb_line_break_holder] -->        case \"exitFullscreen\":<!-- [et_pb_line_break_holder] -->          if      (window.document.exitFullscreen)        window.document.exitFullscreen();<!-- [et_pb_line_break_holder] -->          else if (window.document.mozCancelFullScreen)   window.document.mozCancelFullScreen();<!-- [et_pb_line_break_holder] -->          else if (window.document.mozCancelFullscreen)   window.document.mozCancelFullScreen();<!-- [et_pb_line_break_holder] -->          else if (window.document.webkitExitFullscreen)  window.document.webkitExitFullscreen();<!-- [et_pb_line_break_holder] -->          else if (window.document.msExitFullscreen)      window.document.msExitFullscreen();<!-- [et_pb_line_break_holder] -->          break;<!-- [et_pb_line_break_holder] -->      }<!-- [et_pb_line_break_holder] -->      var isJotForm = (e.origin.indexOf(\"jotform\") > -1) ? true : false;<!-- [et_pb_line_break_holder] -->      if(isJotForm && \"contentWindow\" in iframe && \"postMessage\" in iframe.contentWindow) {<!-- [et_pb_line_break_holder] -->        var urls = {\"docurl\":encodeURIComponent(document.URL),\"referrer\":encodeURIComponent(document.referrer)};<!-- [et_pb_line_break_holder] -->        iframe.contentWindow.postMessage(JSON.stringify({\"type\":\"urls\",\"value\":urls}), \"*\");<!-- [et_pb_line_break_holder] -->      }<!-- [et_pb_line_break_holder] -->    };<!-- [et_pb_line_break_holder] -->    window.isPermitted = function(originUrl, whitelisted_domains) {<!-- [et_pb_line_break_holder] -->      var url = document.createElement('a');<!-- [et_pb_line_break_holder] -->      url.href = originUrl;<!-- [et_pb_line_break_holder] -->      var hostname = url.hostname;<!-- [et_pb_line_break_holder] -->      var result = false;<!-- [et_pb_line_break_holder] -->      if( typeof hostname !== 'undefined' ) {<!-- [et_pb_line_break_holder] -->        whitelisted_domains.forEach(function(element) {<!-- [et_pb_line_break_holder] -->            if( hostname.slice((-1 * element.length - 1)) === '.'.concat(element) ||  hostname === element ) {<!-- [et_pb_line_break_holder] -->                result = true;<!-- [et_pb_line_break_holder] -->            }<!-- [et_pb_line_break_holder] -->        });<!-- [et_pb_line_break_holder] -->        return result;<!-- [et_pb_line_break_holder] -->      }<!-- [et_pb_line_break_holder] -->    };<!-- [et_pb_line_break_holder] -->    if (window.addEventListener) {<!-- [et_pb_line_break_holder] -->      window.addEventListener(\"message\", handleIFrameMessage, false);<!-- [et_pb_line_break_holder] -->    } else if (window.attachEvent) {<!-- [et_pb_line_break_holder] -->      window.attachEvent(\"onmessage\", handleIFrameMessage);<!-- [et_pb_line_break_holder] -->    }<!-- [et_pb_line_break_holder] -->    <\/script>[\/et_pb_code][\/et_pb_column][\/et_pb_row][\/et_pb_section]<\/p>","protected":false},"excerpt":{"rendered":"<p>Ressourcen des AnbietersErteilte FDA-Auszeichnung als bahnbrechendes Ger\u00e4t Das BeVigilant\u2122 OraFusion\u2122-System** ist nicht \u00fcber USB erh\u00e4ltlichGebrauchsanweisung f\u00fcr das BeVigilant OraFusion-SystemDownload Ora-3D\u2122 IFU Lesen Sie die Gebrauchsanweisung (IFU), um mehr \u00fcber die BeVigilant Ora-3D-Technologie und die Bedienung des Systems zu erfahren. DownloadDownload BeVigilant Reader IFU Lesen Sie die IFU, um mehr \u00fcber die [\u2026] zu erfahren.<\/p>","protected":false},"author":9,"featured_media":0,"parent":0,"menu_order":0,"comment_status":"closed","ping_status":"closed","template":"","meta":{"_et_pb_use_builder":"on","_et_pb_old_content":"","_et_gb_content_width":"","inline_featured_image":false,"footnotes":""},"class_list":["post-721","page","type-page","status-publish","hentry"],"yoast_head":"<!-- This site is optimized with the Yoast SEO plugin v22.1 - https:\/\/yoast.com\/wordpress\/plugins\/seo\/ -->\n<title>Provider Resources Updates - Vigilant Biosciences\u00ae<\/title>\n<meta name=\"robots\" content=\"index, follow, max-snippet:-1, max-image-preview:large, max-video-preview:-1\" \/>\n<link rel=\"canonical\" href=\"https:\/\/vigilantbiosciences.com\/de\/aktualisierungen-der-anbieterressourcen\/\" \/>\n<meta property=\"og:locale\" content=\"de_DE\" \/>\n<meta property=\"og:type\" content=\"article\" \/>\n<meta property=\"og:title\" content=\"Provider Resources Updates - Vigilant Biosciences\u00ae\" \/>\n<meta property=\"og:description\" content=\"Patient Resources Understanding the Risk of Oral CancerThe Impact of Oral Cancer In the US alone, oral cancer kills an average one person per hour, 24 hours per day.1Oral cancer is a global challenge with more than 657,000 cases and nearly 330,000 deaths each year1Worldwide 5-year survival rate is only 50% due to delayed intervention [&hellip;]\" \/>\n<meta property=\"og:url\" content=\"https:\/\/vigilantbiosciences.com\/de\/aktualisierungen-der-anbieterressourcen\/\" \/>\n<meta property=\"og:site_name\" content=\"Vigilant Biosciences\u00ae\" \/>\n<meta property=\"article:publisher\" content=\"https:\/\/www.facebook.com\/VigilantBiosciences1\" \/>\n<meta property=\"article:modified_time\" content=\"2024-08-07T18:41:14+00:00\" \/>\n<meta name=\"twitter:card\" content=\"summary_large_image\" \/>\n<script type=\"application\/ld+json\" class=\"yoast-schema-graph\">{\"@context\":\"https:\/\/schema.org\",\"@graph\":[{\"@type\":\"WebPage\",\"@id\":\"https:\/\/vigilantbiosciences.com\/provider-resources-updates\/\",\"url\":\"https:\/\/vigilantbiosciences.com\/provider-resources-updates\/\",\"name\":\"Provider Resources Updates - Vigilant Biosciences\u00ae\",\"isPartOf\":{\"@id\":\"https:\/\/vigilantbiosciences.com\/#website\"},\"datePublished\":\"2024-08-06T20:30:32+00:00\",\"dateModified\":\"2024-08-07T18:41:14+00:00\",\"breadcrumb\":{\"@id\":\"https:\/\/vigilantbiosciences.com\/provider-resources-updates\/#breadcrumb\"},\"inLanguage\":\"de-DE\",\"potentialAction\":[{\"@type\":\"ReadAction\",\"target\":[\"https:\/\/vigilantbiosciences.com\/provider-resources-updates\/\"]}]},{\"@type\":\"BreadcrumbList\",\"@id\":\"https:\/\/vigilantbiosciences.com\/provider-resources-updates\/#breadcrumb\",\"itemListElement\":[{\"@type\":\"ListItem\",\"position\":1,\"name\":\"Home\",\"item\":\"https:\/\/vigilantbiosciences.com\/\"},{\"@type\":\"ListItem\",\"position\":2,\"name\":\"Provider Resources Updates\"}]},{\"@type\":\"WebSite\",\"@id\":\"https:\/\/vigilantbiosciences.com\/#website\",\"url\":\"https:\/\/vigilantbiosciences.com\/\",\"name\":\"Vigilant Biosciences\u00ae\",\"description\":\"\",\"publisher\":{\"@id\":\"https:\/\/vigilantbiosciences.com\/#organization\"},\"potentialAction\":[{\"@type\":\"SearchAction\",\"target\":{\"@type\":\"EntryPoint\",\"urlTemplate\":\"https:\/\/vigilantbiosciences.com\/?s={search_term_string}\"},\"query-input\":\"required name=search_term_string\"}],\"inLanguage\":\"de-DE\"},{\"@type\":\"Organization\",\"@id\":\"https:\/\/vigilantbiosciences.com\/#organization\",\"name\":\"Vigilant Biosciences\u00ae\",\"url\":\"https:\/\/vigilantbiosciences.com\/\",\"logo\":{\"@type\":\"ImageObject\",\"inLanguage\":\"de-DE\",\"@id\":\"https:\/\/vigilantbiosciences.com\/#\/schema\/logo\/image\/\",\"url\":\"https:\/\/vigilantbiosciences.com\/wp-content\/uploads\/vigilant-logo-horizontal.svg\",\"contentUrl\":\"https:\/\/vigilantbiosciences.com\/wp-content\/uploads\/vigilant-logo-horizontal.svg\",\"width\":\"1024\",\"height\":\"1024\",\"caption\":\"Vigilant Biosciences\u00ae\"},\"image\":{\"@id\":\"https:\/\/vigilantbiosciences.com\/#\/schema\/logo\/image\/\"},\"sameAs\":[\"https:\/\/www.facebook.com\/VigilantBiosciences1\",\"https:\/\/www.linkedin.com\/company\/vigilant-biosciences\/\"]}]}<\/script>\n<!-- \/ Yoast SEO plugin. -->","yoast_head_json":{"title":"Provider Resources Updates - Vigilant Biosciences\u00ae","robots":{"index":"index","follow":"follow","max-snippet":"max-snippet:-1","max-image-preview":"max-image-preview:large","max-video-preview":"max-video-preview:-1"},"canonical":"https:\/\/vigilantbiosciences.com\/de\/aktualisierungen-der-anbieterressourcen\/","og_locale":"de_DE","og_type":"article","og_title":"Provider Resources Updates - Vigilant Biosciences\u00ae","og_description":"Patient Resources Understanding the Risk of Oral CancerThe Impact of Oral Cancer In the US alone, oral cancer kills an average one person per hour, 24 hours per day.1Oral cancer is a global challenge with more than 657,000 cases and nearly 330,000 deaths each year1Worldwide 5-year survival rate is only 50% due to delayed intervention [&hellip;]","og_url":"https:\/\/vigilantbiosciences.com\/de\/aktualisierungen-der-anbieterressourcen\/","og_site_name":"Vigilant Biosciences\u00ae","article_publisher":"https:\/\/www.facebook.com\/VigilantBiosciences1","article_modified_time":"2024-08-07T18:41:14+00:00","twitter_card":"summary_large_image","schema":{"@context":"https:\/\/schema.org","@graph":[{"@type":"WebPage","@id":"https:\/\/vigilantbiosciences.com\/provider-resources-updates\/","url":"https:\/\/vigilantbiosciences.com\/provider-resources-updates\/","name":"Provider Resources Updates - Vigilant Biosciences\u00ae","isPartOf":{"@id":"https:\/\/vigilantbiosciences.com\/#website"},"datePublished":"2024-08-06T20:30:32+00:00","dateModified":"2024-08-07T18:41:14+00:00","breadcrumb":{"@id":"https:\/\/vigilantbiosciences.com\/provider-resources-updates\/#breadcrumb"},"inLanguage":"de-DE","potentialAction":[{"@type":"ReadAction","target":["https:\/\/vigilantbiosciences.com\/provider-resources-updates\/"]}]},{"@type":"BreadcrumbList","@id":"https:\/\/vigilantbiosciences.com\/provider-resources-updates\/#breadcrumb","itemListElement":[{"@type":"ListItem","position":1,"name":"Home","item":"https:\/\/vigilantbiosciences.com\/"},{"@type":"ListItem","position":2,"name":"Provider Resources Updates"}]},{"@type":"WebSite","@id":"https:\/\/vigilantbiosciences.com\/#website","url":"https:\/\/vigilantbiosciences.com\/","name":"Vigilant Biosciences\u00ae","description":"","publisher":{"@id":"https:\/\/vigilantbiosciences.com\/#organization"},"potentialAction":[{"@type":"SearchAction","target":{"@type":"EntryPoint","urlTemplate":"https:\/\/vigilantbiosciences.com\/?s={search_term_string}"},"query-input":"required name=search_term_string"}],"inLanguage":"de-DE"},{"@type":"Organization","@id":"https:\/\/vigilantbiosciences.com\/#organization","name":"Vigilant Biosciences\u00ae","url":"https:\/\/vigilantbiosciences.com\/","logo":{"@type":"ImageObject","inLanguage":"de-DE","@id":"https:\/\/vigilantbiosciences.com\/#\/schema\/logo\/image\/","url":"https:\/\/vigilantbiosciences.com\/wp-content\/uploads\/vigilant-logo-horizontal.svg","contentUrl":"https:\/\/vigilantbiosciences.com\/wp-content\/uploads\/vigilant-logo-horizontal.svg","width":"1024","height":"1024","caption":"Vigilant Biosciences\u00ae"},"image":{"@id":"https:\/\/vigilantbiosciences.com\/#\/schema\/logo\/image\/"},"sameAs":["https:\/\/www.facebook.com\/VigilantBiosciences1","https:\/\/www.linkedin.com\/company\/vigilant-biosciences\/"]}]}},"_links":{"self":[{"href":"https:\/\/vigilantbiosciences.com\/de\/wp-json\/wp\/v2\/pages\/721","targetHints":{"allow":["GET"]}}],"collection":[{"href":"https:\/\/vigilantbiosciences.com\/de\/wp-json\/wp\/v2\/pages"}],"about":[{"href":"https:\/\/vigilantbiosciences.com\/de\/wp-json\/wp\/v2\/types\/page"}],"author":[{"embeddable":true,"href":"https:\/\/vigilantbiosciences.com\/de\/wp-json\/wp\/v2\/users\/9"}],"replies":[{"embeddable":true,"href":"https:\/\/vigilantbiosciences.com\/de\/wp-json\/wp\/v2\/comments?post=721"}],"version-history":[{"count":0,"href":"https:\/\/vigilantbiosciences.com\/de\/wp-json\/wp\/v2\/pages\/721\/revisions"}],"wp:attachment":[{"href":"https:\/\/vigilantbiosciences.com\/de\/wp-json\/wp\/v2\/media?parent=721"}],"curies":[{"name":"wp","href":"https:\/\/api.w.org\/{rel}","templated":true}]}}