{"id":156,"date":"2023-03-01T15:35:03","date_gmt":"2023-03-01T15:35:03","guid":{"rendered":"https:\/\/vigilantbio.wpengine.com\/?page_id=156"},"modified":"2023-04-21T20:09:21","modified_gmt":"2023-04-21T20:09:21","slug":"demo-form-thank-you","status":"publish","type":"page","link":"https:\/\/vigilantbiosciences.com\/de\/demo-formular-vielen-dank\/","title":{"rendered":"Demo-Formular Vielen Dank"},"content":{"rendered":"<p>[et_pb_section fb_built=\u201d1\u2033 custom_padding_last_edited=\u201don|phone\u201d _builder_version=\u201d4.20.4\u2033 _module_preset=\u201ddefault\u201d use_background_color_gradient=\u201don\u201d background_color_gradient_stops=\u201drgba(0,142,168,0.5) 0%|rgba(0,142,168,0.5) 100%\u201d background_color_gradient_overlays_image=\u201don\u201d background_image=\u201dhttps:\/\/vigilantbiosciences.com\/wp-content\/uploads\/thank-you-hero.jpg\u201d custom_padding=\u201d100px||100px||true|false\u201d custom_padding_tablet=\u201d80px||80px||true|false\u201d custom_padding_phone=\u201d50px||50px||true|false\u201d global_colors_info=\u201d{}\u201d][et_pb_row _builder_version=\u201d4.20.0\u2033 _module_preset=\u201ddefault\u201d global_colors_info=\u201d{}\u201d][et_pb_column type=\u201d4_4\u2033 _builder_version=\u201d4.20.0\u2033 _module_preset=\u201ddefault\u201d global_colors_info=\u201d{}\u201d][et_pb_text _builder_version=\u201d4.20.4\u2033 _module_preset=\u201ddefault\u201d header_font=\u201d|600|||||||\u201d header_letter_spacing=\u201d-3px\u201d text_orientation=\u201dcenter\u201d background_layout=\u201ddark\u201d global_colors_info=\u201d{}\u201d]<\/p>\n<h1>Danke<\/h1>\n<p>[\/et_pb_text][\/et_pb_column][\/et_pb_row][\/et_pb_section][et_pb_section fb_built=\u201d1\u2033 custom_padding_last_edited=\u201don|phone\u201d _builder_version=\u201d4.20.0\u2033 _module_preset=\u201ddefault\u201d background_enable_color=\u201doff\u201d custom_margin=\u201d||||false|false\u201d custom_padding=\u201d80px||80px||true|false\u201d custom_padding_tablet=\u201d50px||10px||false|false\u201d custom_padding_phone=\u201d30px||0px||false|false\u201d locked=\u201doff\u201d global_colors_info=\u201d{}\u201d][et_pb_row _builder_version=\u201d4.20.0\u2033 _module_preset=\u201ddefault\u201d width=\u201d90%\u201d global_colors_info=\u201d{}\u201d][et_pb_column type=\u201d4_4\u2033 _builder_version=\u201d4.20.0\u2033 _module_preset=\u201ddefault\u201d global_colors_info=\u201d{}\u201d][et_pb_text _builder_version=\u201d4.20.0\u2033 _module_preset=\u201ddefault\u201d header_2_text_color=\u201d#F05323\u2033 text_orientation=\u201dcenter\u201d global_colors_info=\u201d{}\u201d]<\/p>\n<h2>Ein Mitglied unseres Teams wird sich in K\u00fcrze mit Ihnen in Verbindung setzen. In der Zwischenzeit k\u00f6nnen Sie gerne die unten aufgef\u00fchrten Ressourcen erkunden.<\/h2>\n<p>[\/et_pb_text][\/et_pb_column][\/et_pb_row][\/et_pb_section][et_pb_section fb_built=\u201d1\u2033 _builder_version=\u201d4.20.0\u2033 _module_preset=\u201ddefault\u201d width=\u201d100%\u201d max_width=\u201d100%\u201d custom_margin=\u201d0px||0px||true|false\u201d custom_padding=\u201d0px||0px||false|false\u201d locked=\u201doff\u201d global_colors_info=\u201d{}\u201d][et_pb_row column_structure=\u201d1_2,1_2\u2033 use_custom_gutter=\u201don\u201d gutter_width=\u201d1\u2033 make_equal=\u201don\u201d module_class=\u201dreverse\u201d _builder_version=\u201d4.20.2\u2033 _module_preset=\u201dStandard\u201d width_tablet=\u201d90%\u201d width_phone=\u201d90%\u201d width_last_edited=\u201dauf|Telefon\u201d custom_padding=\u201d0px||0px||false|false\u201d global_colors_info=\u201d{}\u201d custom_css_main_element_last_edited=\u201dauf|Telefon\u201d custom_css_main_element_tablet=\u201dAnzeige: flex;\u201d custom_css_main_element_phone=\u201ddisplay: block;\u201d][et_pb_column type=\u201d1_2\u2033 admin_label=\u201dColumn\u201d _builder_version=\u201d4.20.2\u2033 _module_preset=\u201ddefault\u201d background_image=\u201dhttps:\/\/vigilantbiosciences.com\/wp-content\/uploads\/cancer-cells-illustration.jpg\u201d custom_padding=\u201d0px|0px|0px|0px|true|true\u201d custom_padding_tablet=\u201d105px|80px|105px|80px|true|true\u201d custom_padding_phone=\u201d80px|80px|80px|80px|true|true\u201d custom_padding_last_edited=\u201don|tablet\u201d global_colors_info=\u201d{}\u201d][\/et_pb_column][et_pb_column type=\u201d1_2\u2033 _builder_version=\u201d4.20.0\u2033 _module_preset=\u201ddefault\u201d custom_padding=\u201d80px|80px|80px|80px|true|true\u201d custom_padding_tablet=\u201d50px|50px|50px|50px|true|true\u201d custom_padding_phone=\u201d30px|30px|30px|30px|true|true\u201d custom_padding_last_edited=\u201don|phone\u201d custom_css_main_element=\u201ddisplay: flex;||flex-direction: column;||justify-content: center;\u201d global_colors_info=\u201d{}\u201d][et_pb_text _builder_version=\u201d4.20.2\u2033 _module_preset=\u201ddefault\u201d custom_margin=\u201d||10px||false|false\u201d custom_padding=\u201d||0px||false|false\u201d text_orientation_tablet=\u201d\u201d text_orientation_phone=\u201dcenter\u201d text_orientation_last_edited=\u201don|phone\u201d global_colors_info=\u201d{}\u201d]<\/p>\n<h3>Erkennung transformieren, Leben verbessern<\/h3>\n<p>[\/et_pb_text][et_pb_text _builder_version=\u201d4.20.2\u2033 _module_preset=\u201ddefault\u201d custom_margin=\u201d||30px||false|false\u201d custom_padding=\u201d||0px||false|false\u201d text_orientation_tablet=\u201d\u201d text_orientation_phone=\u201dcenter\u201d text_orientation_last_edited=\u201don|phone\u201d global_colors_info=\u201d{}\u201d]<\/p>\n<p>Die Geschichte hinter Vigilant: Erfahren Sie, warum uns unsere Mission so wichtig ist.<\/p>\n<p>[\/et_pb_text][et_pb_button button_url=\u201d@ET-DC@eyJkeW5hbWljIjp0cnVlLCJjb250ZW50IjoicG9zdF9saW5rX3VybF9wYWdlIiwic2V0dGluZ3MiOnsicG9zdF9pZCI6Ijc4In19@\u201d button_text=\u201dEntdecken\u201d button_alignment_tablet=\u201d\u201d button_alignment_phone=\u201dcenter\u201d button_alignment_last_edited=\u201don|phone\u201d _builder_version=\u201d4.20.2\u2033 _dynamic_attributes=\u201dbutton_url\u201d _module_preset=\u201ddefault\u201d custom_button=\u201don\u201d button_text_size=\u201d16px\u201d button_text_color=\u201d#008EA8\u2033 button_border_width=\u201d2px\u201d button_border_color=\u201d#008EA8\u2033 button_border_radius=\u201d50px\u201d button_letter_spacing=\u201d1px\u201d button_use_icon=\u201doff\u201d custom_margin=\u201d0px||0px||false|false\u201d custom_padding=\u201d8px|30px|8px|30px|true|true\u201d global_colors_info=\u201d{}\u201d button_text_color__hover_enabled=\u201don|hover\u201d button_text_color__hover=\u201d#FFFFFF\u201d button_bg_color__hover_enabled=\u201don|hover\u201d button_bg_color__hover=\u201d#008EA8\u2033 button_bg_enable_color__hover=\u201dan\u201d][\/et_pb_button][\/et_pb_column][\/et_pb_row][\/et_pb_section][et_pb_section fb_built=\u201d1\u2033 _builder_version=\u201d4.20.0\u2033 _module_preset=\u201ddefault\u201d width=\u201d100%\u201d max_width=\u201d100%\u201d custom_margin=\u201d0px||0px||true|false\u201d custom_padding=\u201d0px||0px||false|false\u201d locked=\u201doff\u201d global_colors_info=\u201d{}\u201d][et_pb_row column_structure=\u201d1_2,1_2\u2033 use_custom_gutter=\u201dan\u201d gutter_width=\u201d1\u2033 make_equal=\u201dan\u201d custom_padding_last_edited=\u201dauf|Telefon\u201d module_class=\u201dreverse\u201d _builder_version=\u201d4.20.4\u2033 _module_preset=\u201ddefault\u201d width_tablet=\u201d90%\u201d width_phone=\u201d90%\u201d width_last_edited=\u201dauf|Tablet\u201d custom_padding=\u201d0px||70px||false|false\u201d custom_padding_tablet=\u201d0px||50px||false|false\u201d custom_padding_phone=\u201d0px||||false|false\u201d global_colors_info=\u201d{}\u201d custom_css_main_element_last_edited=\u201dauf|Telefon\u201d custom_css_main_element_tablet=\u201ddisplay: flex;\u201d custom_css_main_element_phone=\u201dAnzeige: Block;\u201d][et_pb_column Typ=\u201d1_2\u2033 _Builder_Version=\u201d4.20.0\u2033 _Modul_Voreinstellung=\u201dStandard\u201d custom_padding=\u201d80px|80px|80px|80px|true|true\u201d custom_padding_tablet=\u201d50px|50px|50px|50px|true|true\u201d custom_padding_phone=\u201d30px|30px|30px|30px|true|true\u201d custom_padding_last_edited=\u201dauf|Telefon\u201d custom_css_main_element=\u201dAnzeige: Flex;||Flex-Richtung: Spalte;||Inhalt ausrichten: Mitte;\u201d global_colors_info=\u201d{}\u201d][et_pb_text _builder_version=\u201d4.20.2\u2033 _module_preset=\u201ddefault\u201d text_orientation=\u201dright\u201d custom_margin=\u201d||10px||false|false\u201d custom_padding=\u201d||0px||false|false\u201d text_orientation_tablet=\u201dright\u201d text_orientation_phone=\u201dcenter\u201d text_orientation_last_edited=\u201don|phone\u201d global_colors_info=\u201d{}\u201d]<\/p>\n<h3>Die Wissenschaft von fr\u00fcher verstehen<\/h3>\n<p>[\/et_pb_text][et_pb_text _builder_version=\u201d4.20.2\u2033 _module_preset=\u201ddefault\u201d text_orientation=\u201dright\u201d custom_margin=\u201d||30px||false|false\u201d custom_padding=\u201d||0px||false|false\u201d text_orientation_tablet=\u201dright\u201d text_orientation_phone=\u201dcenter\u201d text_orientation_last_edited=\u201don|phone\u201d global_colors_info=\u201d{}\u201d]<\/p>\n<p>Entdecken Sie Ressourcen und die Technologie hinter dem BeVigilant\u2122 OraFusion\u2122 System.<\/p>\n<p>[\/et_pb_text][et_pb_button button_url=\u201d@ET-DC@eyJkeW5hbWljIjp0cnVlLCJjb250ZW50IjoicG9zdF9saW5rX3VybF9wYWdlIiwic2V0dGluZ3MiOnsicG9zdF9pZCI6IjEzMCJ9fQ==@\u201d button_text=\u201dMehr erfahren\u201d button_alignment=\u201drechts\u201d button_alignment_tablet=\u201drechts\u201d button_alignment_phone=\u201dzentriert\u201d button_alignment_last_edited=\u201don|phone\u201d _builder_version=\u201d4.20.2\u2033 _dynamic_attributes=\u201dbutton_url\u201d _module_preset=\u201ddefault\u201d custom_button=\u201don\u201d button_text_size=\u201d16px\u201d button_text_color=\u201d#008EA8\u2033 button_border_width=\u201d2px\u201d button_border_color=\u201d#008EA8\u2033 button_border_radius=\u201d50px\u201d button_letter_spacing=\u201d1px\u201d button_use_icon=\u201doff\u201d custom_margin=\u201d0px||0px||false|false\u201d custom_padding=\u201d8px|30px|8px|30px|true|true\u201d global_colors_info=\u201d{}\u201d button_text_color__hover_enabled=\u201don|hover\u201d button_text_color__hover=\u201d#FFFFFF\u201d button_bg_color__hover_enabled=\u201don|hover\u201d button_bg_color__hover=\u201d#008EA8\u2033 button_bg_enable_color__hover=\u201dan\u201d][\/et_pb_button][\/et_pb_column][et_pb_column type=\u201d1_2\u2033 admin_label=\u201dSpalte\u201d _builder_version=\u201d4.20.4\u2033 _module_preset=\u201dStandard\u201d background_enable_image=\u201daus\u201d custom_padding=\u201d0px|0px|0px|0px|true|true\u201d custom_padding_tablet=\u201d80px|80px|80px|80px|true|true\u201d custom_padding_phone=\u201d80px|80px|80px|80px|true|true\u201d custom_padding_last_edited=\u201dan|tablet\u201d global_colors_info=\u201d{}\u201d][et_pb_image src=\u201dhttps:\/\/vigilantbiosciences.com\/wp-content\/uploads\/Reader_5.jpg\u201d alt=\u201dBeVigilant\u2122 OraFusion\u2122 System mit ge\u00f6ffneter Kassette\u201d title_text=\u201dBeVigilant\u2122 OraFusion\u2122 System mit ge\u00f6ffneter Kassette\u201d _builder_version=\u201d4.20.4\u2033 _module_preset=\u201ddefault\u201d global_colors_info=\u201d{}\u201d][\/et_pb_image][\/et_pb_column][\/et_pb_row][\/et_pb_section]<\/p>","protected":false},"excerpt":{"rendered":"<p>Vielen Dank! Ein Mitglied unseres Teams wird sich in K\u00fcrze bei Ihnen melden. In der Zwischenzeit k\u00f6nnen Sie sich gerne die unten aufgef\u00fchrten Ressourcen ansehen. Neue Erkennungsmethoden, bessere Leben. Die Geschichte hinter Vigilant: Erfahren Sie, warum uns unsere Mission so wichtig ist. Die Wissenschaft von fr\u00fcher verstehen. Entdecken Sie die Ressourcen und die Technologie hinter dem BeVigilant\u2122 OraFusion\u2122-System.<\/p>","protected":false},"author":1,"featured_media":0,"parent":0,"menu_order":12,"comment_status":"closed","ping_status":"closed","template":"","meta":{"_et_pb_use_builder":"on","_et_pb_old_content":"","_et_gb_content_width":"","inline_featured_image":false,"footnotes":""},"class_list":["post-156","page","type-page","status-publish","hentry"],"yoast_head":"<!-- This site is optimized with the Yoast SEO plugin v22.1 - https:\/\/yoast.com\/wordpress\/plugins\/seo\/ -->\n<title>Demo Form Thank You - Vigilant Biosciences\u00ae<\/title>\n<meta name=\"robots\" content=\"index, follow, max-snippet:-1, max-image-preview:large, max-video-preview:-1\" \/>\n<link rel=\"canonical\" href=\"https:\/\/vigilantbiosciences.com\/de\/demo-formular-vielen-dank\/\" \/>\n<meta property=\"og:locale\" content=\"de_DE\" \/>\n<meta property=\"og:type\" content=\"article\" \/>\n<meta property=\"og:title\" content=\"Demo Form Thank You - Vigilant Biosciences\u00ae\" \/>\n<meta property=\"og:description\" content=\"Patient Resources Understanding the Risk of Oral CancerThe Impact of Oral Cancer In the US alone, oral cancer kills an average one person per hour, 24 hours per day.1Oral cancer is a global challenge with more than 657,000 cases and nearly 330,000 deaths each year1Worldwide 5-year survival rate is only 50% due to delayed intervention [&hellip;]\" \/>\n<meta property=\"og:url\" content=\"https:\/\/vigilantbiosciences.com\/de\/demo-formular-vielen-dank\/\" \/>\n<meta property=\"og:site_name\" content=\"Vigilant Biosciences\u00ae\" \/>\n<meta property=\"article:publisher\" content=\"https:\/\/www.facebook.com\/VigilantBiosciences1\" \/>\n<meta property=\"article:modified_time\" content=\"2023-04-21T20:09:21+00:00\" \/>\n<meta name=\"twitter:card\" content=\"summary_large_image\" \/>\n<meta name=\"twitter:label1\" content=\"Gesch\u00e4tzte Lesezeit\" \/>\n\t<meta name=\"twitter:data1\" content=\"2 Minuten\" \/>\n<script type=\"application\/ld+json\" class=\"yoast-schema-graph\">{\"@context\":\"https:\/\/schema.org\",\"@graph\":[{\"@type\":\"WebPage\",\"@id\":\"https:\/\/vigilantbiosciences.com\/demo-form-thank-you\/\",\"url\":\"https:\/\/vigilantbiosciences.com\/demo-form-thank-you\/\",\"name\":\"Demo Form Thank You - Vigilant Biosciences\u00ae\",\"isPartOf\":{\"@id\":\"https:\/\/vigilantbiosciences.com\/#website\"},\"datePublished\":\"2023-03-01T15:35:03+00:00\",\"dateModified\":\"2023-04-21T20:09:21+00:00\",\"breadcrumb\":{\"@id\":\"https:\/\/vigilantbiosciences.com\/demo-form-thank-you\/#breadcrumb\"},\"inLanguage\":\"de-DE\",\"potentialAction\":[{\"@type\":\"ReadAction\",\"target\":[\"https:\/\/vigilantbiosciences.com\/demo-form-thank-you\/\"]}]},{\"@type\":\"BreadcrumbList\",\"@id\":\"https:\/\/vigilantbiosciences.com\/demo-form-thank-you\/#breadcrumb\",\"itemListElement\":[{\"@type\":\"ListItem\",\"position\":1,\"name\":\"Home\",\"item\":\"https:\/\/vigilantbiosciences.com\/\"},{\"@type\":\"ListItem\",\"position\":2,\"name\":\"Demo Form Thank You\"}]},{\"@type\":\"WebSite\",\"@id\":\"https:\/\/vigilantbiosciences.com\/#website\",\"url\":\"https:\/\/vigilantbiosciences.com\/\",\"name\":\"Vigilant Biosciences\u00ae\",\"description\":\"\",\"publisher\":{\"@id\":\"https:\/\/vigilantbiosciences.com\/#organization\"},\"potentialAction\":[{\"@type\":\"SearchAction\",\"target\":{\"@type\":\"EntryPoint\",\"urlTemplate\":\"https:\/\/vigilantbiosciences.com\/?s={search_term_string}\"},\"query-input\":\"required name=search_term_string\"}],\"inLanguage\":\"de-DE\"},{\"@type\":\"Organization\",\"@id\":\"https:\/\/vigilantbiosciences.com\/#organization\",\"name\":\"Vigilant Biosciences\u00ae\",\"url\":\"https:\/\/vigilantbiosciences.com\/\",\"logo\":{\"@type\":\"ImageObject\",\"inLanguage\":\"de-DE\",\"@id\":\"https:\/\/vigilantbiosciences.com\/#\/schema\/logo\/image\/\",\"url\":\"https:\/\/vigilantbiosciences.com\/wp-content\/uploads\/vigilant-logo-horizontal.svg\",\"contentUrl\":\"https:\/\/vigilantbiosciences.com\/wp-content\/uploads\/vigilant-logo-horizontal.svg\",\"width\":\"1024\",\"height\":\"1024\",\"caption\":\"Vigilant Biosciences\u00ae\"},\"image\":{\"@id\":\"https:\/\/vigilantbiosciences.com\/#\/schema\/logo\/image\/\"},\"sameAs\":[\"https:\/\/www.facebook.com\/VigilantBiosciences1\",\"https:\/\/www.linkedin.com\/company\/vigilant-biosciences\/\"]}]}<\/script>\n<!-- \/ Yoast SEO plugin. -->","yoast_head_json":{"title":"Demo Form Thank You - Vigilant Biosciences\u00ae","robots":{"index":"index","follow":"follow","max-snippet":"max-snippet:-1","max-image-preview":"max-image-preview:large","max-video-preview":"max-video-preview:-1"},"canonical":"https:\/\/vigilantbiosciences.com\/de\/demo-formular-vielen-dank\/","og_locale":"de_DE","og_type":"article","og_title":"Demo Form Thank You - Vigilant Biosciences\u00ae","og_description":"Patient Resources Understanding the Risk of Oral CancerThe Impact of Oral Cancer In the US alone, oral cancer kills an average one person per hour, 24 hours per day.1Oral cancer is a global challenge with more than 657,000 cases and nearly 330,000 deaths each year1Worldwide 5-year survival rate is only 50% due to delayed intervention [&hellip;]","og_url":"https:\/\/vigilantbiosciences.com\/de\/demo-formular-vielen-dank\/","og_site_name":"Vigilant Biosciences\u00ae","article_publisher":"https:\/\/www.facebook.com\/VigilantBiosciences1","article_modified_time":"2023-04-21T20:09:21+00:00","twitter_card":"summary_large_image","twitter_misc":{"Gesch\u00e4tzte Lesezeit":"2 Minuten"},"schema":{"@context":"https:\/\/schema.org","@graph":[{"@type":"WebPage","@id":"https:\/\/vigilantbiosciences.com\/demo-form-thank-you\/","url":"https:\/\/vigilantbiosciences.com\/demo-form-thank-you\/","name":"Demo Form Thank You - Vigilant Biosciences\u00ae","isPartOf":{"@id":"https:\/\/vigilantbiosciences.com\/#website"},"datePublished":"2023-03-01T15:35:03+00:00","dateModified":"2023-04-21T20:09:21+00:00","breadcrumb":{"@id":"https:\/\/vigilantbiosciences.com\/demo-form-thank-you\/#breadcrumb"},"inLanguage":"de-DE","potentialAction":[{"@type":"ReadAction","target":["https:\/\/vigilantbiosciences.com\/demo-form-thank-you\/"]}]},{"@type":"BreadcrumbList","@id":"https:\/\/vigilantbiosciences.com\/demo-form-thank-you\/#breadcrumb","itemListElement":[{"@type":"ListItem","position":1,"name":"Home","item":"https:\/\/vigilantbiosciences.com\/"},{"@type":"ListItem","position":2,"name":"Demo Form Thank You"}]},{"@type":"WebSite","@id":"https:\/\/vigilantbiosciences.com\/#website","url":"https:\/\/vigilantbiosciences.com\/","name":"Vigilant Biosciences\u00ae","description":"","publisher":{"@id":"https:\/\/vigilantbiosciences.com\/#organization"},"potentialAction":[{"@type":"SearchAction","target":{"@type":"EntryPoint","urlTemplate":"https:\/\/vigilantbiosciences.com\/?s={search_term_string}"},"query-input":"required name=search_term_string"}],"inLanguage":"de-DE"},{"@type":"Organization","@id":"https:\/\/vigilantbiosciences.com\/#organization","name":"Vigilant Biosciences\u00ae","url":"https:\/\/vigilantbiosciences.com\/","logo":{"@type":"ImageObject","inLanguage":"de-DE","@id":"https:\/\/vigilantbiosciences.com\/#\/schema\/logo\/image\/","url":"https:\/\/vigilantbiosciences.com\/wp-content\/uploads\/vigilant-logo-horizontal.svg","contentUrl":"https:\/\/vigilantbiosciences.com\/wp-content\/uploads\/vigilant-logo-horizontal.svg","width":"1024","height":"1024","caption":"Vigilant Biosciences\u00ae"},"image":{"@id":"https:\/\/vigilantbiosciences.com\/#\/schema\/logo\/image\/"},"sameAs":["https:\/\/www.facebook.com\/VigilantBiosciences1","https:\/\/www.linkedin.com\/company\/vigilant-biosciences\/"]}]}},"_links":{"self":[{"href":"https:\/\/vigilantbiosciences.com\/de\/wp-json\/wp\/v2\/pages\/156","targetHints":{"allow":["GET"]}}],"collection":[{"href":"https:\/\/vigilantbiosciences.com\/de\/wp-json\/wp\/v2\/pages"}],"about":[{"href":"https:\/\/vigilantbiosciences.com\/de\/wp-json\/wp\/v2\/types\/page"}],"author":[{"embeddable":true,"href":"https:\/\/vigilantbiosciences.com\/de\/wp-json\/wp\/v2\/users\/1"}],"replies":[{"embeddable":true,"href":"https:\/\/vigilantbiosciences.com\/de\/wp-json\/wp\/v2\/comments?post=156"}],"version-history":[{"count":0,"href":"https:\/\/vigilantbiosciences.com\/de\/wp-json\/wp\/v2\/pages\/156\/revisions"}],"wp:attachment":[{"href":"https:\/\/vigilantbiosciences.com\/de\/wp-json\/wp\/v2\/media?parent=156"}],"curies":[{"name":"wp","href":"https:\/\/api.w.org\/{rel}","templated":true}]}}